{"id":918,"date":"2023-08-08T08:04:51","date_gmt":"2023-08-08T08:04:51","guid":{"rendered":"https:\/\/edm.ch\/?page_id=918"},"modified":"2024-06-20T11:32:58","modified_gmt":"2024-06-20T11:32:58","slug":"materiel-pedagogique","status":"publish","type":"page","link":"https:\/\/edm.ch\/fr\/materiel-pedagogique\/","title":{"rendered":"Mat\u00e9riel p\u00e9dagogique"},"content":{"rendered":"<section class=\"subpageBanner\" style=\"display:\">\n    <div class=\"subpageBannerBlock figure_block\">\n        <img decoding=\"async\" data-src=\"https:\/\/edm.ch\/wp-content\/uploads\/2023\/08\/Materiel-pedagogique_Banner.png\" src=\"data:image\/svg+xml;base64,PHN2ZyB3aWR0aD0iMSIgaGVpZ2h0PSIxIiB4bWxucz0iaHR0cDovL3d3dy53My5vcmcvMjAwMC9zdmciPjwvc3ZnPg==\" class=\"lazyload\" style=\"--smush-placeholder-width: 2500px; --smush-placeholder-aspect-ratio: 2500\/1080;\" data-srcset=\"https:\/\/edm.ch\/wp-content\/uploads\/2023\/08\/Materiel-pedagogique_Banner.png 2500w, https:\/\/edm.ch\/wp-content\/uploads\/2023\/08\/Materiel-pedagogique_Banner-300x130.png 300w, https:\/\/edm.ch\/wp-content\/uploads\/2023\/08\/Materiel-pedagogique_Banner-1024x442.png 1024w, https:\/\/edm.ch\/wp-content\/uploads\/2023\/08\/Materiel-pedagogique_Banner-768x332.png 768w, https:\/\/edm.ch\/wp-content\/uploads\/2023\/08\/Materiel-pedagogique_Banner-1536x664.png 1536w, https:\/\/edm.ch\/wp-content\/uploads\/2023\/08\/Materiel-pedagogique_Banner-2048x885.png 2048w\" data-sizes=\"auto\" data-original-sizes=\"(max-width: 2500px) 100vw, 2500px\" \/>\n        <div class=\"subpageBannerWrap\">\n            <div class=\"container\">\n                <div class=\"content\">\n                    <div>\n                        <span class=\"bannerHead\"><\/span>\n                        <h1>Mat\u00e9riel p\u00e9dagogique<\/h1>\n                    <\/div>\n                                            <div class=\"subpageBannerDocumentBtn\" style=\"display:none;\">\n                            <a href=\"javascript:void(0);\"\n                                class=\"documentAccordion documentListNew\">Documents li\u00e9s<\/a>\n                        <\/div>\n                                    <\/div>\n            <\/div>\n        <\/div>\n            <\/div>\n<\/section>\n    <section class=\"documentAccordionList\" id=\"subpage-banner-section\">\n        <div class=\"container\">\n            <h2>\n                Documents li\u00e9s            <\/h2>\n            <ul>\n                                    <li>\n                                                    <a href=\"https:\/\/edm.ch\/wp-content\/uploads\/2024\/06\/GuideEnseignant_Cycle2_2024.pdf\" class=\"pdf-link\"><span><img decoding=\"async\" class=\"icon-before-hover lazyload\"\n                                        data-src=\"https:\/\/edm.ch\/wp-content\/themes\/edm\/assets\/images\/pdf-icon.svg\" src=\"data:image\/svg+xml;base64,PHN2ZyB3aWR0aD0iMSIgaGVpZ2h0PSIxIiB4bWxucz0iaHR0cDovL3d3dy53My5vcmcvMjAwMC9zdmciPjwvc3ZnPg==\"><img decoding=\"async\"\n                                        class=\"icon-after-hover lazyload\"\n                                        data-src=\"https:\/\/edm.ch\/wp-content\/themes\/edm\/assets\/images\/pdf-icon-white.svg\" src=\"data:image\/svg+xml;base64,PHN2ZyB3aWR0aD0iMSIgaGVpZ2h0PSIxIiB4bWxucz0iaHR0cDovL3d3dy53My5vcmcvMjAwMC9zdmciPjwvc3ZnPg==\"><\/span><i>Guide pour enseignant\u00b7es Cycle 2<\/i><\/a>\n                                            <\/li>\n                                        <li>\n                                                    <a href=\"https:\/\/edm.ch\/wp-content\/uploads\/2023\/08\/Ressources_supplmentaires_sur_les_droits_de_lenfant_2019.pdf\" class=\"pdf-link\"><span><img decoding=\"async\" class=\"icon-before-hover lazyload\"\n                                        data-src=\"https:\/\/edm.ch\/wp-content\/themes\/edm\/assets\/images\/pdf-icon.svg\" src=\"data:image\/svg+xml;base64,PHN2ZyB3aWR0aD0iMSIgaGVpZ2h0PSIxIiB4bWxucz0iaHR0cDovL3d3dy53My5vcmcvMjAwMC9zdmciPjwvc3ZnPg==\"><img decoding=\"async\"\n                                        class=\"icon-after-hover lazyload\"\n                                        data-src=\"https:\/\/edm.ch\/wp-content\/themes\/edm\/assets\/images\/pdf-icon-white.svg\" src=\"data:image\/svg+xml;base64,PHN2ZyB3aWR0aD0iMSIgaGVpZ2h0PSIxIiB4bWxucz0iaHR0cDovL3d3dy53My5vcmcvMjAwMC9zdmciPjwvc3ZnPg==\"><\/span><i>Ressources sur les droits de l&rsquo;enfant<\/i><\/a>\n                                            <\/li>\n                                <\/ul>\n        <\/div>\n    <\/section>\n<script type=\"text\/javascript\">\n    jQuery(document).ready(function ($) {\n        \/\/ Check if the block exists\n        var bannerSection = $('#subpage-banner-section');\n\n        if (bannerSection.length > 0) {\n            \/\/ Move the block to the end of <main> just before the footer\n            $('main').append(bannerSection); \/\/ This will append it inside the <main> tag\n        }\n\n        $('.documentAccordion').on('click', function (e) {\n            e.preventDefault();  \/\/ Prevent default link action\n\n            \/\/ Target the section with the given ID\n            $('html, body').animate({\n                scrollTop: $('#subpage-banner-section').offset().top - 200\n            }, 1000);\n        });\n    });\n<\/script>\n\n        <section class=\"contentSec\" style=\"display:\">\n        <div class=\"container\">\n            <div class=\"contentBlock\">\n                <h5>Des ressources pour promouvoir les droits de l\u2019enfant en classe<\/h5>\n                <p>Enfants du Monde collabore avec de nombreuses \u00e9coles en Suisse et dans le monde pour enseigner les droits de l\u2019enfant dans les classes et sensibiliser le grand public sur leur importance.<\/p>\n<p>Nous avons \u00e9labor\u00e9 une s\u00e9rie d\u2019outils p\u00e9dagogiques \u2013 dossiers, fiches, guides, ressources \u2013 fermement ancr\u00e9s dans notre approche d\u2019\u00e9ducation, afin de permettre aux \u00e9quipes enseignantes et d\u2019animation d\u2019int\u00e9grer la th\u00e9matique des droits de l\u2019enfant et l\u2019\u00e9ducation en vue du d\u00e9veloppement durable dans leur cours et activit\u00e9s.<\/p>\n<p>Le mat\u00e9riel p\u00e9dagogique s\u2019adresse aux enfants \u00e2g\u00e9s de 6 \u00e0 12 ans et il est d\u00e9velopp\u00e9 en lien avec nos diff\u00e9rents projets en Suisse et dans le monde.<\/p>\n                            <\/div>\n        <\/div>\n    <\/section>\n\n\n    \n    <section class=\"quoteImage rightTextLeftImg \" style=\"display:\">\n        <div class=\"container\">\n            <div class=\"rightTextLeftImgRow\">\n                                    <div class=\"left\">\n                                                    <div class=\"imgBlock\">\n                                <a class=\"figure_block\" href=\"https:\/\/edm.ch\/wp-content\/uploads\/2023\/08\/RS6959_temoignage-UMPJ-dietrich.jpg\" data-fancybox data-caption=\"\">\n                                    <img decoding=\"async\" data-src=\"https:\/\/edm.ch\/wp-content\/uploads\/2023\/08\/RS6959_temoignage-UMPJ-dietrich.jpg\" src=\"data:image\/svg+xml;base64,PHN2ZyB3aWR0aD0iMSIgaGVpZ2h0PSIxIiB4bWxucz0iaHR0cDovL3d3dy53My5vcmcvMjAwMC9zdmciPjwvc3ZnPg==\" class=\"lazyload\" style=\"--smush-placeholder-width: 2500px; --smush-placeholder-aspect-ratio: 2500\/1400;\" data-srcset=\"https:\/\/edm.ch\/wp-content\/uploads\/2023\/08\/RS6959_temoignage-UMPJ-dietrich.jpg 2500w, https:\/\/edm.ch\/wp-content\/uploads\/2023\/08\/RS6959_temoignage-UMPJ-dietrich-300x168.jpg 300w, https:\/\/edm.ch\/wp-content\/uploads\/2023\/08\/RS6959_temoignage-UMPJ-dietrich-1024x573.jpg 1024w, https:\/\/edm.ch\/wp-content\/uploads\/2023\/08\/RS6959_temoignage-UMPJ-dietrich-768x430.jpg 768w, https:\/\/edm.ch\/wp-content\/uploads\/2023\/08\/RS6959_temoignage-UMPJ-dietrich-1536x860.jpg 1536w, https:\/\/edm.ch\/wp-content\/uploads\/2023\/08\/RS6959_temoignage-UMPJ-dietrich-2048x1147.jpg 2048w\" data-sizes=\"auto\" data-original-sizes=\"(max-width: 2500px) 100vw, 2500px\" \/>\n                                                                    <\/a>\n                                <figcaption><\/figcaption>\n                            <\/div>\n                                            <\/div>\n                                                    <div class=\"right\">\n                        <div class=\"content\">\n                            <h2>                                In\u00e8s Dietrich <small>Enseignante, Suisse<\/small>\n                            <\/h2>                            <div class=\"quote\">                                <p>Enfants du Monde met \u00e0 disposition des enseignants des outils p\u00e9dagogiques cl\u00e9 en main qui nous permettent vraiment d&rsquo;accompagner les \u00e9l\u00e8ves dans la d\u00e9couverte des droits de l&rsquo;enfant.<\/p>\n                            <\/div>                                                                                <\/div>\n                    <\/div>\n                            <\/div>\n        <\/div>\n    <\/section>\n\n\n    <section class=\"donation_count\" style=\"display:\">\n        <div class=\"inner_row\">\n            <div class=\"right_img_block\">\n                <div class=\"img_block figure_block\">\n                    <img decoding=\"async\" data-src=\"https:\/\/edm.ch\/wp-content\/uploads\/2023\/08\/RS5765_IMG_6730.jpg\" alt=\"\" src=\"data:image\/svg+xml;base64,PHN2ZyB3aWR0aD0iMSIgaGVpZ2h0PSIxIiB4bWxucz0iaHR0cDovL3d3dy53My5vcmcvMjAwMC9zdmciPjwvc3ZnPg==\" class=\"lazyload\" style=\"--smush-placeholder-width: 2500px; --smush-placeholder-aspect-ratio: 2500\/1667;\" data-srcset=\"https:\/\/edm.ch\/wp-content\/uploads\/2023\/08\/RS5765_IMG_6730.jpg 2500w, https:\/\/edm.ch\/wp-content\/uploads\/2023\/08\/RS5765_IMG_6730-300x200.jpg 300w, https:\/\/edm.ch\/wp-content\/uploads\/2023\/08\/RS5765_IMG_6730-1024x683.jpg 1024w, https:\/\/edm.ch\/wp-content\/uploads\/2023\/08\/RS5765_IMG_6730-768x512.jpg 768w, https:\/\/edm.ch\/wp-content\/uploads\/2023\/08\/RS5765_IMG_6730-1536x1024.jpg 1536w, https:\/\/edm.ch\/wp-content\/uploads\/2023\/08\/RS5765_IMG_6730-2048x1366.jpg 2048w\" data-sizes=\"auto\" data-original-sizes=\"(max-width: 2500px) 100vw, 2500px\">\n                                            <div class=\"picture-caption\">\n                            <div class=\"caption-content\"><span>\u00a9Enfants du monde<\/span><\/div>\n                        <\/div>\n                                    <\/div>\n            <\/div>\n            <div class=\"left_txt_block\">\n                <div class=\"txt_contents\">\n                    <h3>Mon don fait la diff\u00e9rence<\/h3>\n                    <div class=\"block_txts\">\n                                                    <div class=\"item\">\n                                <span class=\"title\">Avec 100 francs <\/span>\n                                <p>Je contribue \u00e0 d\u00e9velopper du mat\u00e9riel p\u00e9dagogique de qualit\u00e9 sur les droits de l\u2019enfant pour les \u00e9l\u00e8ves en Suisse.<\/p>\n                            <\/div>\n                                                                            <a href=\"https:\/\/don.edm.ch\/fr\" class=\"btnWhite buttonDonation\">\n                                Je fais un don                            <\/a>\n                                            <\/div>\n                <\/div>\n            <\/div>\n        <\/div>\n    <\/section>","protected":false},"excerpt":{"rendered":"","protected":false},"author":1,"featured_media":0,"parent":0,"menu_order":0,"comment_status":"closed","ping_status":"closed","template":"templates\/yellow-line-2.php","meta":{"_acf_changed":false,"inline_featured_image":false,"footnotes":""},"class_list":["post-918","page","type-page","status-publish","hentry"],"acf":[],"yoast_head":"<!-- This site is optimized with the Yoast SEO plugin v26.9 - https:\/\/yoast.com\/product\/yoast-seo-wordpress\/ -->\n<title>Sensibiliser aux droits de l&#039;enfant - Enfants du Monde<\/title>\n<meta name=\"description\" content=\"Pour sensibiliser aux droits de l&#039;enfant, nous cr\u00e9ons du mat\u00e9riel p\u00e9dagogique de qualit\u00e9 qui s&#039;ancre vraiment dans la vie des enfants.\" \/>\n<meta name=\"robots\" content=\"index, follow, max-snippet:-1, max-image-preview:large, max-video-preview:-1\" \/>\n<link rel=\"canonical\" href=\"https:\/\/edm.ch\/fr\/materiel-pedagogique\/\" \/>\n<meta property=\"og:locale\" content=\"fr_FR\" \/>\n<meta property=\"og:type\" content=\"article\" \/>\n<meta property=\"og:title\" content=\"Sensibiliser aux droits de l&#039;enfant - Enfants du Monde\" \/>\n<meta property=\"og:description\" content=\"Pour sensibiliser aux droits de l&#039;enfant, nous cr\u00e9ons du mat\u00e9riel p\u00e9dagogique de qualit\u00e9 qui s&#039;ancre vraiment dans la vie des enfants.\" \/>\n<meta property=\"og:url\" content=\"https:\/\/edm.ch\/fr\/materiel-pedagogique\/\" \/>\n<meta property=\"og:site_name\" content=\"Enfants du monde\" \/>\n<meta property=\"article:modified_time\" content=\"2024-06-20T11:32:58+00:00\" \/>\n<meta name=\"twitter:card\" content=\"summary_large_image\" \/>\n<script type=\"application\/ld+json\" class=\"yoast-schema-graph\">{\"@context\":\"https:\/\/schema.org\",\"@graph\":[{\"@type\":\"WebPage\",\"@id\":\"https:\/\/edm.ch\/fr\/materiel-pedagogique\/\",\"url\":\"https:\/\/edm.ch\/fr\/materiel-pedagogique\/\",\"name\":\"Sensibiliser aux droits de l'enfant - Enfants du Monde\",\"isPartOf\":{\"@id\":\"https:\/\/edm.ch\/en\/#website\"},\"datePublished\":\"2023-08-08T08:04:51+00:00\",\"dateModified\":\"2024-06-20T11:32:58+00:00\",\"description\":\"Pour sensibiliser aux droits de l'enfant, nous cr\u00e9ons du mat\u00e9riel p\u00e9dagogique de qualit\u00e9 qui s'ancre vraiment dans la vie des enfants.\",\"inLanguage\":\"fr-FR\",\"potentialAction\":[{\"@type\":\"ReadAction\",\"target\":[\"https:\/\/edm.ch\/fr\/materiel-pedagogique\/\"]}]},{\"@type\":\"WebSite\",\"@id\":\"https:\/\/edm.ch\/en\/#website\",\"url\":\"https:\/\/edm.ch\/en\/\",\"name\":\"Enfants du monde\",\"description\":\"Association suisse\",\"potentialAction\":[{\"@type\":\"SearchAction\",\"target\":{\"@type\":\"EntryPoint\",\"urlTemplate\":\"https:\/\/edm.ch\/en\/?s={search_term_string}\"},\"query-input\":{\"@type\":\"PropertyValueSpecification\",\"valueRequired\":true,\"valueName\":\"search_term_string\"}}],\"inLanguage\":\"fr-FR\"}]}<\/script>\n<!-- \/ Yoast SEO plugin. -->","yoast_head_json":{"title":"Sensibiliser aux droits de l'enfant - Enfants du Monde","description":"Pour sensibiliser aux droits de l'enfant, nous cr\u00e9ons du mat\u00e9riel p\u00e9dagogique de qualit\u00e9 qui s'ancre vraiment dans la vie des enfants.","robots":{"index":"index","follow":"follow","max-snippet":"max-snippet:-1","max-image-preview":"max-image-preview:large","max-video-preview":"max-video-preview:-1"},"canonical":"https:\/\/edm.ch\/fr\/materiel-pedagogique\/","og_locale":"fr_FR","og_type":"article","og_title":"Sensibiliser aux droits de l'enfant - Enfants du Monde","og_description":"Pour sensibiliser aux droits de l'enfant, nous cr\u00e9ons du mat\u00e9riel p\u00e9dagogique de qualit\u00e9 qui s'ancre vraiment dans la vie des enfants.","og_url":"https:\/\/edm.ch\/fr\/materiel-pedagogique\/","og_site_name":"Enfants du monde","article_modified_time":"2024-06-20T11:32:58+00:00","twitter_card":"summary_large_image","schema":{"@context":"https:\/\/schema.org","@graph":[{"@type":"WebPage","@id":"https:\/\/edm.ch\/fr\/materiel-pedagogique\/","url":"https:\/\/edm.ch\/fr\/materiel-pedagogique\/","name":"Sensibiliser aux droits de l'enfant - Enfants du Monde","isPartOf":{"@id":"https:\/\/edm.ch\/en\/#website"},"datePublished":"2023-08-08T08:04:51+00:00","dateModified":"2024-06-20T11:32:58+00:00","description":"Pour sensibiliser aux droits de l'enfant, nous cr\u00e9ons du mat\u00e9riel p\u00e9dagogique de qualit\u00e9 qui s'ancre vraiment dans la vie des enfants.","inLanguage":"fr-FR","potentialAction":[{"@type":"ReadAction","target":["https:\/\/edm.ch\/fr\/materiel-pedagogique\/"]}]},{"@type":"WebSite","@id":"https:\/\/edm.ch\/en\/#website","url":"https:\/\/edm.ch\/en\/","name":"Enfants du monde","description":"Association suisse","potentialAction":[{"@type":"SearchAction","target":{"@type":"EntryPoint","urlTemplate":"https:\/\/edm.ch\/en\/?s={search_term_string}"},"query-input":{"@type":"PropertyValueSpecification","valueRequired":true,"valueName":"search_term_string"}}],"inLanguage":"fr-FR"}]}},"_links":{"self":[{"href":"https:\/\/edm.ch\/fr\/wp-json\/wp\/v2\/pages\/918","targetHints":{"allow":["GET"]}}],"collection":[{"href":"https:\/\/edm.ch\/fr\/wp-json\/wp\/v2\/pages"}],"about":[{"href":"https:\/\/edm.ch\/fr\/wp-json\/wp\/v2\/types\/page"}],"author":[{"embeddable":true,"href":"https:\/\/edm.ch\/fr\/wp-json\/wp\/v2\/users\/1"}],"replies":[{"embeddable":true,"href":"https:\/\/edm.ch\/fr\/wp-json\/wp\/v2\/comments?post=918"}],"version-history":[{"count":49,"href":"https:\/\/edm.ch\/fr\/wp-json\/wp\/v2\/pages\/918\/revisions"}],"predecessor-version":[{"id":31213,"href":"https:\/\/edm.ch\/fr\/wp-json\/wp\/v2\/pages\/918\/revisions\/31213"}],"wp:attachment":[{"href":"https:\/\/edm.ch\/fr\/wp-json\/wp\/v2\/media?parent=918"}],"curies":[{"name":"wp","href":"https:\/\/api.w.org\/{rel}","templated":true}]}}