{"id":814,"date":"2023-08-07T09:32:12","date_gmt":"2023-08-07T09:32:12","guid":{"rendered":"https:\/\/edm.ch\/?page_id=814"},"modified":"2024-01-18T16:36:10","modified_gmt":"2024-01-18T16:36:10","slug":"emploi","status":"publish","type":"page","link":"https:\/\/edm.ch\/fr\/emploi\/","title":{"rendered":"Emploi"},"content":{"rendered":"<section class=\"subpageBanner\" style=\"display:\">\n    <div class=\"subpageBannerBlock figure_block\">\n        <img decoding=\"async\" data-src=\"https:\/\/edm.ch\/wp-content\/uploads\/2023\/08\/enfants_du_monde_website_.png\" src=\"data:image\/svg+xml;base64,PHN2ZyB3aWR0aD0iMSIgaGVpZ2h0PSIxIiB4bWxucz0iaHR0cDovL3d3dy53My5vcmcvMjAwMC9zdmciPjwvc3ZnPg==\" class=\"lazyload\" style=\"--smush-placeholder-width: 2500px; --smush-placeholder-aspect-ratio: 2500\/800;\" data-srcset=\"https:\/\/edm.ch\/wp-content\/uploads\/2023\/08\/enfants_du_monde_website_.png 2500w, https:\/\/edm.ch\/wp-content\/uploads\/2023\/08\/enfants_du_monde_website_-300x96.png 300w, https:\/\/edm.ch\/wp-content\/uploads\/2023\/08\/enfants_du_monde_website_-1024x328.png 1024w, https:\/\/edm.ch\/wp-content\/uploads\/2023\/08\/enfants_du_monde_website_-768x246.png 768w, https:\/\/edm.ch\/wp-content\/uploads\/2023\/08\/enfants_du_monde_website_-1536x492.png 1536w, https:\/\/edm.ch\/wp-content\/uploads\/2023\/08\/enfants_du_monde_website_-2048x655.png 2048w\" data-sizes=\"auto\" data-original-sizes=\"(max-width: 2500px) 100vw, 2500px\" \/>\n        <div class=\"subpageBannerWrap\">\n            <div class=\"container\">\n                <div class=\"content\">\n                    <div>\n                        <span class=\"bannerHead\"><\/span>\n                        <h1>Offres d\u2019emploi, de stage, de b\u00e9n\u00e9volat<\/h1>\n                    <\/div>\n                                    <\/div>\n            <\/div>\n        <\/div>\n            <\/div>\n<\/section>\n<script type=\"text\/javascript\">\n    jQuery(document).ready(function ($) {\n        \/\/ Check if the block exists\n        var bannerSection = $('#subpage-banner-section');\n\n        if (bannerSection.length > 0) {\n            \/\/ Move the block to the end of <main> just before the footer\n            $('main').append(bannerSection); \/\/ This will append it inside the <main> tag\n        }\n\n        $('.documentAccordion').on('click', function (e) {\n            e.preventDefault();  \/\/ Prevent default link action\n\n            \/\/ Target the section with the given ID\n            $('html, body').animate({\n                scrollTop: $('#subpage-banner-section').offset().top - 200\n            }, 1000);\n        });\n    });\n<\/script>\n\n        <section class=\"contentSec\" style=\"display:\">\n        <div class=\"container\">\n            <div class=\"contentBlock\">\n                <h5>Travailler pour Enfants du Monde<\/h5>\n                <p>Envie de rejoindre notre \u00e9quipe pour contribuer \u00e0 am\u00e9liorer la sant\u00e9 et l\u2019\u00e9ducation des plus d\u00e9munis\u00a0?<\/p>\n<p>Les postes ouverts actuellement sont les suivants\u00a0:<\/p>\n                            <\/div>\n        <\/div>\n    <\/section>\n\n        <section class=\" tableContentSec\" style=\"display:\">\n      <div class=\"container\">\n        <div class=\"sectionTable\">\n          <table>\n            <tbody>\n                                                                <tr>\n                <td class=\"heading\">\n                  <h5>Stagiaire en communication<\/h5>\n                  <p>Nous recherchons un-e stagiaire en communication pour une dur\u00e9e de 4 \u00e0 6 mois.<\/p>\n                <\/td>\n                <td>\n                  <table>\n                    <tbody>\n                      <tr>\n                        <td class=\"work\">\n                                                    <p><img decoding=\"async\" data-src=\"https:\/\/edm.ch\/wp-content\/themes\/edm\/assets\/images\/work-icon.svg\" src=\"data:image\/svg+xml;base64,PHN2ZyB3aWR0aD0iMSIgaGVpZ2h0PSIxIiB4bWxucz0iaHR0cDovL3d3dy53My5vcmcvMjAwMC9zdmciPjwvc3ZnPg==\" class=\"lazyload\"><span>\n                            Stage                          <\/span><\/p>\n                        <\/td>\n                        <td class=\"time\">\n                          <p><img decoding=\"async\" data-src=\"https:\/\/edm.ch\/wp-content\/themes\/edm\/assets\/images\/clock-icon.svg\" src=\"data:image\/svg+xml;base64,PHN2ZyB3aWR0aD0iMSIgaGVpZ2h0PSIxIiB4bWxucz0iaHR0cDovL3d3dy53My5vcmcvMjAwMC9zdmciPjwvc3ZnPg==\" class=\"lazyload\"><span>\n                                                        Temps Plein                          <\/span><\/p>\n                        <\/td>\n                      <\/tr>\n                      <tr>\n                        <td class=\"place\">\n                          <p><img decoding=\"async\" data-src=\"https:\/\/edm.ch\/wp-content\/themes\/edm\/assets\/images\/map-icon.svg\" src=\"data:image\/svg+xml;base64,PHN2ZyB3aWR0aD0iMSIgaGVpZ2h0PSIxIiB4bWxucz0iaHR0cDovL3d3dy53My5vcmcvMjAwMC9zdmciPjwvc3ZnPg==\" class=\"lazyload\"><span>Gen\u00e8ve<\/span><\/p>\n                        <\/td>\n                        <td class=\"date\">\n                          <p><img decoding=\"async\" data-src=\"https:\/\/edm.ch\/wp-content\/themes\/edm\/assets\/images\/calender-icon.svg\" src=\"data:image\/svg+xml;base64,PHN2ZyB3aWR0aD0iMSIgaGVpZ2h0PSIxIiB4bWxucz0iaHR0cDovL3d3dy53My5vcmcvMjAwMC9zdmciPjwvc3ZnPg==\" class=\"lazyload\"><span>Post\u00e9 il y a 1 mois<\/span><\/p>\n                        <\/td>\n                      <\/tr>\n                    <\/tbody>\n                  <\/table>\n                <\/td>\n                <td class=\"button\">\n                                    <a href=\"https:\/\/edm.ch\/wp-content\/uploads\/2026\/03\/Annonce-Stagiaire-Comm-RdF.pdf\" class=\"btnBlue\" download>T\u00e9l\u00e9charger la description<\/a>\n                                  <\/td>\n              <\/tr>\n              \n                               <tr>\n                <td class=\"heading\">\n                  <h5>Traducteurs\u00b7trices b\u00e9n\u00e9voles fran\u00e7ais > allemand<\/h5>\n                  <p>Nous recherchons plusieurs traducteurs\u00b7trices b\u00e9n\u00e9voles du fran\u00e7ais vers allemand afin de soutenir notre \u00e9quipe Communication et Recherche de fonds.<\/p>\n                <\/td>\n                <td>\n                  <table>\n                    <tbody>\n                      <tr>\n                        <td class=\"work\">\n                                                    <p><img decoding=\"async\" data-src=\"https:\/\/edm.ch\/wp-content\/themes\/edm\/assets\/images\/work-icon.svg\" src=\"data:image\/svg+xml;base64,PHN2ZyB3aWR0aD0iMSIgaGVpZ2h0PSIxIiB4bWxucz0iaHR0cDovL3d3dy53My5vcmcvMjAwMC9zdmciPjwvc3ZnPg==\" class=\"lazyload\"><span>\n                            B\u00e9n\u00e9volat                          <\/span><\/p>\n                        <\/td>\n                        <td class=\"time\">\n                          <p><img decoding=\"async\" data-src=\"https:\/\/edm.ch\/wp-content\/themes\/edm\/assets\/images\/clock-icon.svg\" src=\"data:image\/svg+xml;base64,PHN2ZyB3aWR0aD0iMSIgaGVpZ2h0PSIxIiB4bWxucz0iaHR0cDovL3d3dy53My5vcmcvMjAwMC9zdmciPjwvc3ZnPg==\" class=\"lazyload\"><span>\n                                                        Temps Partiel                          <\/span><\/p>\n                        <\/td>\n                      <\/tr>\n                      <tr>\n                        <td class=\"place\">\n                          <p><img decoding=\"async\" data-src=\"https:\/\/edm.ch\/wp-content\/themes\/edm\/assets\/images\/map-icon.svg\" src=\"data:image\/svg+xml;base64,PHN2ZyB3aWR0aD0iMSIgaGVpZ2h0PSIxIiB4bWxucz0iaHR0cDovL3d3dy53My5vcmcvMjAwMC9zdmciPjwvc3ZnPg==\" class=\"lazyload\"><span>T\u00e9l\u00e9travail<\/span><\/p>\n                        <\/td>\n                        <td class=\"date\">\n                          <p><img decoding=\"async\" data-src=\"https:\/\/edm.ch\/wp-content\/themes\/edm\/assets\/images\/calender-icon.svg\" src=\"data:image\/svg+xml;base64,PHN2ZyB3aWR0aD0iMSIgaGVpZ2h0PSIxIiB4bWxucz0iaHR0cDovL3d3dy53My5vcmcvMjAwMC9zdmciPjwvc3ZnPg==\" class=\"lazyload\"><span>Post\u00e9 il y a 1 an<\/span><\/p>\n                        <\/td>\n                      <\/tr>\n                    <\/tbody>\n                  <\/table>\n                <\/td>\n                <td class=\"button\">\n                                    <a href=\"https:\/\/edm.ch\/wp-content\/uploads\/2025\/01\/EnfantsDuMonde_Appel_TraductionBenevole_DE_FR_janvier_2025.pdf\" class=\"btnBlue\" download>T\u00e9l\u00e9charger la description<\/a>\n                                  <\/td>\n              <\/tr>\n              \n                               <tr>\n                <td class=\"heading\">\n                  <h5>Un\u00b7e Vid\u00e9aste b\u00e9n\u00e9vole<\/h5>\n                  <p>Nous recherchons un\u00b7e vid\u00e9aste b\u00e9n\u00e9vole pour nous aider ponctuellement avec l\u2019\u00e9dition et\/ou le montage basique de vid\u00e9os.<\/p>\n                <\/td>\n                <td>\n                  <table>\n                    <tbody>\n                      <tr>\n                        <td class=\"work\">\n                                                    <p><img decoding=\"async\" data-src=\"https:\/\/edm.ch\/wp-content\/themes\/edm\/assets\/images\/work-icon.svg\" src=\"data:image\/svg+xml;base64,PHN2ZyB3aWR0aD0iMSIgaGVpZ2h0PSIxIiB4bWxucz0iaHR0cDovL3d3dy53My5vcmcvMjAwMC9zdmciPjwvc3ZnPg==\" class=\"lazyload\"><span>\n                            B\u00e9n\u00e9volat                          <\/span><\/p>\n                        <\/td>\n                        <td class=\"time\">\n                          <p><img decoding=\"async\" data-src=\"https:\/\/edm.ch\/wp-content\/themes\/edm\/assets\/images\/clock-icon.svg\" src=\"data:image\/svg+xml;base64,PHN2ZyB3aWR0aD0iMSIgaGVpZ2h0PSIxIiB4bWxucz0iaHR0cDovL3d3dy53My5vcmcvMjAwMC9zdmciPjwvc3ZnPg==\" class=\"lazyload\"><span>\n                                                        Temps Partiel                          <\/span><\/p>\n                        <\/td>\n                      <\/tr>\n                      <tr>\n                        <td class=\"place\">\n                          <p><img decoding=\"async\" data-src=\"https:\/\/edm.ch\/wp-content\/themes\/edm\/assets\/images\/map-icon.svg\" src=\"data:image\/svg+xml;base64,PHN2ZyB3aWR0aD0iMSIgaGVpZ2h0PSIxIiB4bWxucz0iaHR0cDovL3d3dy53My5vcmcvMjAwMC9zdmciPjwvc3ZnPg==\" class=\"lazyload\"><span>Gen\u00e8ve<\/span><\/p>\n                        <\/td>\n                        <td class=\"date\">\n                          <p><img decoding=\"async\" data-src=\"https:\/\/edm.ch\/wp-content\/themes\/edm\/assets\/images\/calender-icon.svg\" src=\"data:image\/svg+xml;base64,PHN2ZyB3aWR0aD0iMSIgaGVpZ2h0PSIxIiB4bWxucz0iaHR0cDovL3d3dy53My5vcmcvMjAwMC9zdmciPjwvc3ZnPg==\" class=\"lazyload\"><span>Post\u00e9 il y a 3 ans<\/span><\/p>\n                        <\/td>\n                      <\/tr>\n                    <\/tbody>\n                  <\/table>\n                <\/td>\n                <td class=\"button\">\n                                    <a href=\"https:\/\/edm.ch\/wp-content\/uploads\/2023\/10\/Appel_Benevole_video_01.2024.pdf\" class=\"btnBlue\" download>T\u00e9l\u00e9charger la description<\/a>\n                                  <\/td>\n              <\/tr>\n              \n                               <tr>\n                <td class=\"heading\">\n                  <h5>Un\u00b7e Photographe b\u00e9n\u00e9vole<\/h5>\n                  <p>Nous recherchons un\u00b7e photographe b\u00e9n\u00e9vole pour couvrir nos \u00e9v\u00e9nements \u00e0 Gen\u00e8ve (ex: Journ\u00e9e internationale des droits de l\u2019enfant).<\/p>\n                <\/td>\n                <td>\n                  <table>\n                    <tbody>\n                      <tr>\n                        <td class=\"work\">\n                                                    <p><img decoding=\"async\" data-src=\"https:\/\/edm.ch\/wp-content\/themes\/edm\/assets\/images\/work-icon.svg\" src=\"data:image\/svg+xml;base64,PHN2ZyB3aWR0aD0iMSIgaGVpZ2h0PSIxIiB4bWxucz0iaHR0cDovL3d3dy53My5vcmcvMjAwMC9zdmciPjwvc3ZnPg==\" class=\"lazyload\"><span>\n                            B\u00e9n\u00e9volat                          <\/span><\/p>\n                        <\/td>\n                        <td class=\"time\">\n                          <p><img decoding=\"async\" data-src=\"https:\/\/edm.ch\/wp-content\/themes\/edm\/assets\/images\/clock-icon.svg\" src=\"data:image\/svg+xml;base64,PHN2ZyB3aWR0aD0iMSIgaGVpZ2h0PSIxIiB4bWxucz0iaHR0cDovL3d3dy53My5vcmcvMjAwMC9zdmciPjwvc3ZnPg==\" class=\"lazyload\"><span>\n                                                        Temps Partiel                          <\/span><\/p>\n                        <\/td>\n                      <\/tr>\n                      <tr>\n                        <td class=\"place\">\n                          <p><img decoding=\"async\" data-src=\"https:\/\/edm.ch\/wp-content\/themes\/edm\/assets\/images\/map-icon.svg\" src=\"data:image\/svg+xml;base64,PHN2ZyB3aWR0aD0iMSIgaGVpZ2h0PSIxIiB4bWxucz0iaHR0cDovL3d3dy53My5vcmcvMjAwMC9zdmciPjwvc3ZnPg==\" class=\"lazyload\"><span>Gen\u00e8ve<\/span><\/p>\n                        <\/td>\n                        <td class=\"date\">\n                          <p><img decoding=\"async\" data-src=\"https:\/\/edm.ch\/wp-content\/themes\/edm\/assets\/images\/calender-icon.svg\" src=\"data:image\/svg+xml;base64,PHN2ZyB3aWR0aD0iMSIgaGVpZ2h0PSIxIiB4bWxucz0iaHR0cDovL3d3dy53My5vcmcvMjAwMC9zdmciPjwvc3ZnPg==\" class=\"lazyload\"><span>Post\u00e9 il y a 3 ans<\/span><\/p>\n                        <\/td>\n                      <\/tr>\n                    <\/tbody>\n                  <\/table>\n                <\/td>\n                <td class=\"button\">\n                                    <a href=\"https:\/\/edm.ch\/wp-content\/uploads\/2023\/09\/Appel_Benevole_photo_02_2024.pdf\" class=\"btnBlue\" download>T\u00e9l\u00e9charger la description<\/a>\n                                  <\/td>\n              <\/tr>\n              \n                                        <\/tbody>\n          <\/table>\n        <\/div>\n      <\/div>\n    <\/section>\n\n        <section class=\"contentSec\" style=\"display:\">\n        <div class=\"container\">\n            <div class=\"contentBlock\">\n                <h5><\/h5>\n                <h2>Informations importantes<\/h2>\n<p><strong>Enfants du Monde ne mandate jamais d\u2019agences externes pour ses recrutements et publie toujours ses offres d\u2019emploi sur cette page.<\/strong><\/p>\n<p>Enfants du Monde n\u2019emploie pas de personnel de terrain sauf dans le cadre de ses Bureaux de Coordination. Ces postes sont \u00e9galement publi\u00e9s sur notre site.<\/p>\n<p>Enfants du Monde ne demandera jamais de taxes, frais ou \u00e9moluments dans le cadre de ses recrutements. Par ailleurs, aucune information bancaire ou financi\u00e8re ne sera demand\u00e9e aux candidats.<\/p>\n<p>Ces r\u00e8gles sont strictes et correspondent \u00e0 une \u00e9thique sur laquelle l\u2019organisation ne d\u00e9rogera pas.<\/p>\n                            <\/div>\n        <\/div>\n    <\/section>","protected":false},"excerpt":{"rendered":"","protected":false},"author":1,"featured_media":0,"parent":0,"menu_order":0,"comment_status":"closed","ping_status":"closed","template":"templates\/yellow-line-6.php","meta":{"_acf_changed":false,"inline_featured_image":false,"footnotes":""},"class_list":["post-814","page","type-page","status-publish","hentry"],"acf":[],"yoast_head":"<!-- This site is optimized with the Yoast SEO plugin v26.9 - https:\/\/yoast.com\/product\/yoast-seo-wordpress\/ -->\n<title>Offres d&#039;emploi - Enfants du Monde<\/title>\n<meta name=\"description\" content=\"Explorez les offres d&#039;emploi, de stage et de b\u00e9n\u00e9volat chez Enfants du Monde. Consultez nos postes ouverts et postulez d\u00e8s aujourd&#039;hui.\" \/>\n<meta name=\"robots\" content=\"index, follow, max-snippet:-1, max-image-preview:large, max-video-preview:-1\" \/>\n<link rel=\"canonical\" href=\"https:\/\/edm.ch\/fr\/emploi\/\" \/>\n<meta property=\"og:locale\" content=\"fr_FR\" \/>\n<meta property=\"og:type\" content=\"article\" \/>\n<meta property=\"og:title\" content=\"Offres d&#039;emploi - Enfants du Monde\" \/>\n<meta property=\"og:description\" content=\"Explorez les offres d&#039;emploi, de stage et de b\u00e9n\u00e9volat chez Enfants du Monde. Consultez nos postes ouverts et postulez d\u00e8s aujourd&#039;hui.\" \/>\n<meta property=\"og:url\" content=\"https:\/\/edm.ch\/fr\/emploi\/\" \/>\n<meta property=\"og:site_name\" content=\"Enfants du monde\" \/>\n<meta property=\"article:modified_time\" content=\"2024-01-18T16:36:10+00:00\" \/>\n<meta name=\"twitter:card\" content=\"summary_large_image\" \/>\n<script type=\"application\/ld+json\" class=\"yoast-schema-graph\">{\"@context\":\"https:\/\/schema.org\",\"@graph\":[{\"@type\":\"WebPage\",\"@id\":\"https:\/\/edm.ch\/fr\/emploi\/\",\"url\":\"https:\/\/edm.ch\/fr\/emploi\/\",\"name\":\"Offres d'emploi - Enfants du Monde\",\"isPartOf\":{\"@id\":\"https:\/\/edm.ch\/en\/#website\"},\"datePublished\":\"2023-08-07T09:32:12+00:00\",\"dateModified\":\"2024-01-18T16:36:10+00:00\",\"description\":\"Explorez les offres d'emploi, de stage et de b\u00e9n\u00e9volat chez Enfants du Monde. Consultez nos postes ouverts et postulez d\u00e8s aujourd'hui.\",\"inLanguage\":\"fr-FR\",\"potentialAction\":[{\"@type\":\"ReadAction\",\"target\":[\"https:\/\/edm.ch\/fr\/emploi\/\"]}]},{\"@type\":\"WebSite\",\"@id\":\"https:\/\/edm.ch\/en\/#website\",\"url\":\"https:\/\/edm.ch\/en\/\",\"name\":\"Enfants du monde\",\"description\":\"Association suisse\",\"potentialAction\":[{\"@type\":\"SearchAction\",\"target\":{\"@type\":\"EntryPoint\",\"urlTemplate\":\"https:\/\/edm.ch\/en\/?s={search_term_string}\"},\"query-input\":{\"@type\":\"PropertyValueSpecification\",\"valueRequired\":true,\"valueName\":\"search_term_string\"}}],\"inLanguage\":\"fr-FR\"}]}<\/script>\n<!-- \/ Yoast SEO plugin. -->","yoast_head_json":{"title":"Offres d'emploi - Enfants du Monde","description":"Explorez les offres d'emploi, de stage et de b\u00e9n\u00e9volat chez Enfants du Monde. Consultez nos postes ouverts et postulez d\u00e8s aujourd'hui.","robots":{"index":"index","follow":"follow","max-snippet":"max-snippet:-1","max-image-preview":"max-image-preview:large","max-video-preview":"max-video-preview:-1"},"canonical":"https:\/\/edm.ch\/fr\/emploi\/","og_locale":"fr_FR","og_type":"article","og_title":"Offres d'emploi - Enfants du Monde","og_description":"Explorez les offres d'emploi, de stage et de b\u00e9n\u00e9volat chez Enfants du Monde. Consultez nos postes ouverts et postulez d\u00e8s aujourd'hui.","og_url":"https:\/\/edm.ch\/fr\/emploi\/","og_site_name":"Enfants du monde","article_modified_time":"2024-01-18T16:36:10+00:00","twitter_card":"summary_large_image","schema":{"@context":"https:\/\/schema.org","@graph":[{"@type":"WebPage","@id":"https:\/\/edm.ch\/fr\/emploi\/","url":"https:\/\/edm.ch\/fr\/emploi\/","name":"Offres d'emploi - Enfants du Monde","isPartOf":{"@id":"https:\/\/edm.ch\/en\/#website"},"datePublished":"2023-08-07T09:32:12+00:00","dateModified":"2024-01-18T16:36:10+00:00","description":"Explorez les offres d'emploi, de stage et de b\u00e9n\u00e9volat chez Enfants du Monde. Consultez nos postes ouverts et postulez d\u00e8s aujourd'hui.","inLanguage":"fr-FR","potentialAction":[{"@type":"ReadAction","target":["https:\/\/edm.ch\/fr\/emploi\/"]}]},{"@type":"WebSite","@id":"https:\/\/edm.ch\/en\/#website","url":"https:\/\/edm.ch\/en\/","name":"Enfants du monde","description":"Association suisse","potentialAction":[{"@type":"SearchAction","target":{"@type":"EntryPoint","urlTemplate":"https:\/\/edm.ch\/en\/?s={search_term_string}"},"query-input":{"@type":"PropertyValueSpecification","valueRequired":true,"valueName":"search_term_string"}}],"inLanguage":"fr-FR"}]}},"_links":{"self":[{"href":"https:\/\/edm.ch\/fr\/wp-json\/wp\/v2\/pages\/814","targetHints":{"allow":["GET"]}}],"collection":[{"href":"https:\/\/edm.ch\/fr\/wp-json\/wp\/v2\/pages"}],"about":[{"href":"https:\/\/edm.ch\/fr\/wp-json\/wp\/v2\/types\/page"}],"author":[{"embeddable":true,"href":"https:\/\/edm.ch\/fr\/wp-json\/wp\/v2\/users\/1"}],"replies":[{"embeddable":true,"href":"https:\/\/edm.ch\/fr\/wp-json\/wp\/v2\/comments?post=814"}],"version-history":[{"count":56,"href":"https:\/\/edm.ch\/fr\/wp-json\/wp\/v2\/pages\/814\/revisions"}],"predecessor-version":[{"id":29741,"href":"https:\/\/edm.ch\/fr\/wp-json\/wp\/v2\/pages\/814\/revisions\/29741"}],"wp:attachment":[{"href":"https:\/\/edm.ch\/fr\/wp-json\/wp\/v2\/media?parent=814"}],"curies":[{"name":"wp","href":"https:\/\/api.w.org\/{rel}","templated":true}]}}