{"id":8096,"date":"2023-08-18T14:57:40","date_gmt":"2023-08-18T14:57:40","guid":{"rendered":"https:\/\/edm.ch\/?page_id=8096"},"modified":"2024-04-26T08:10:19","modified_gmt":"2024-04-26T08:10:19","slug":"contact","status":"publish","type":"page","link":"https:\/\/edm.ch\/fr\/contact\/","title":{"rendered":"Contact"},"content":{"rendered":"<section class=\"subpageBanner\" style=\"display:\">\n    <div class=\"subpageBannerBlock figure_block\">\n        <img decoding=\"async\" data-src=\"https:\/\/edm.ch\/wp-content\/uploads\/2023\/08\/Guatemala_enfant-coucou-scaled.jpg\" src=\"data:image\/svg+xml;base64,PHN2ZyB3aWR0aD0iMSIgaGVpZ2h0PSIxIiB4bWxucz0iaHR0cDovL3d3dy53My5vcmcvMjAwMC9zdmciPjwvc3ZnPg==\" class=\"lazyload\" style=\"--smush-placeholder-width: 2560px; --smush-placeholder-aspect-ratio: 2560\/1709;\" data-srcset=\"https:\/\/edm.ch\/wp-content\/uploads\/2023\/08\/Guatemala_enfant-coucou-scaled.jpg 2560w, https:\/\/edm.ch\/wp-content\/uploads\/2023\/08\/Guatemala_enfant-coucou-300x200.jpg 300w, https:\/\/edm.ch\/wp-content\/uploads\/2023\/08\/Guatemala_enfant-coucou-1024x683.jpg 1024w, https:\/\/edm.ch\/wp-content\/uploads\/2023\/08\/Guatemala_enfant-coucou-768x513.jpg 768w, https:\/\/edm.ch\/wp-content\/uploads\/2023\/08\/Guatemala_enfant-coucou-1536x1025.jpg 1536w, https:\/\/edm.ch\/wp-content\/uploads\/2023\/08\/Guatemala_enfant-coucou-2048x1367.jpg 2048w\" data-sizes=\"auto\" data-original-sizes=\"(max-width: 2560px) 100vw, 2560px\" \/>\n        <div class=\"subpageBannerWrap\">\n            <div class=\"container\">\n                <div class=\"content\">\n                    <div>\n                        <span class=\"bannerHead\"><\/span>\n                        <h1>Nous contacter<\/h1>\n                    <\/div>\n                                    <\/div>\n            <\/div>\n        <\/div>\n            <\/div>\n<\/section>\n<script type=\"text\/javascript\">\n    jQuery(document).ready(function ($) {\n        \/\/ Check if the block exists\n        var bannerSection = $('#subpage-banner-section');\n\n        if (bannerSection.length > 0) {\n            \/\/ Move the block to the end of <main> just before the footer\n            $('main').append(bannerSection); \/\/ This will append it inside the <main> tag\n        }\n\n        $('.documentAccordion').on('click', function (e) {\n            e.preventDefault();  \/\/ Prevent default link action\n\n            \/\/ Target the section with the given ID\n            $('html, body').animate({\n                scrollTop: $('#subpage-banner-section').offset().top - 200\n            }, 1000);\n        });\n    });\n<\/script>\n\n        <section class=\"contentSec\" style=\"display:\">\n        <div class=\"container\">\n            <div class=\"contentBlock\">\n                <h5><\/h5>\n                <h3>Nous avons r\u00e9uni <a href=\"https:\/\/edm.ch\/fr\/questions-frequentes\/\">les questions les plus fr\u00e9quentes<\/a> directement dans notre foire aux questions.<\/h3>\n<p>&nbsp;<\/p>\n<p>Vous ne trouvez pas la r\u00e9ponse \u00e0 votre question ou vous pr\u00e9f\u00e9rez nous contacter directement, dans ce cas utilisez notre formulaire de contact. Nous nous ferons un plaisir de r\u00e9pondre \u00e0 votre demande.<\/p>\n                            <\/div>\n        <\/div>\n    <\/section>\n\n\n    <section class=\"contactPage\" style=\"display:\">\n        <div class=\"container\">\n            <h2>Formulaire de contact<\/h2>\n            \n<div class=\"wpcf7 no-js\" id=\"wpcf7-f256-o1\" lang=\"en-US\" dir=\"ltr\" data-wpcf7-id=\"256\">\n<div class=\"screen-reader-response\"><p role=\"status\" aria-live=\"polite\" aria-atomic=\"true\"><\/p> <ul><\/ul><\/div>\n<form action=\"\/fr\/wp-json\/wp\/v2\/pages\/8096#wpcf7-f256-o1\" method=\"post\" class=\"wpcf7-form init\" aria-label=\"Contact form\" enctype=\"multipart\/form-data\" novalidate=\"novalidate\" data-status=\"init\">\n<fieldset class=\"hidden-fields-container\"><input type=\"hidden\" name=\"_wpcf7\" value=\"256\" \/><input type=\"hidden\" name=\"_wpcf7_version\" value=\"6.1.4\" \/><input type=\"hidden\" name=\"_wpcf7_locale\" value=\"en_US\" \/><input type=\"hidden\" name=\"_wpcf7_unit_tag\" value=\"wpcf7-f256-o1\" \/><input type=\"hidden\" name=\"_wpcf7_container_post\" value=\"0\" \/><input type=\"hidden\" name=\"_wpcf7_posted_data_hash\" value=\"\" \/><input type=\"hidden\" name=\"_wpcf7cf_hidden_group_fields\" value=\"[]\" \/><input type=\"hidden\" name=\"_wpcf7cf_hidden_groups\" value=\"[]\" \/><input type=\"hidden\" name=\"_wpcf7cf_visible_groups\" value=\"[]\" \/><input type=\"hidden\" name=\"_wpcf7cf_repeaters\" value=\"[]\" \/><input type=\"hidden\" name=\"_wpcf7cf_steps\" value=\"{}\" \/><input type=\"hidden\" name=\"_wpcf7cf_options\" value=\"{&quot;form_id&quot;:256,&quot;conditions&quot;:[],&quot;settings&quot;:{&quot;animation&quot;:&quot;yes&quot;,&quot;animation_intime&quot;:200,&quot;animation_outtime&quot;:200,&quot;conditions_ui&quot;:&quot;normal&quot;,&quot;notice_dismissed&quot;:false,&quot;notice_dismissed_update-cf7-5.8.2&quot;:true}}\" \/><input type=\"hidden\" name=\"_wpcf7_recaptcha_response\" value=\"\" \/>\n<\/fieldset>\n<div class=\"row\">\n\t<div class=\"col-md-4\">\n\t\t<div class=\"formGroup formGroupLabel\">\n\t\t\t<p><label>Civilit\u00e9<\/label><span class=\"wpcf7-form-control-wrap\" data-name=\"civilite\"><select class=\"wpcf7-form-control wpcf7-select form-control\" aria-invalid=\"false\" name=\"civilite\"><option value=\"\"><\/option><option value=\"Madame\">Madame<\/option><option value=\"Monsieur\">Monsieur<\/option><option value=\"Autres\">Autres<\/option><\/select><\/span>\n\t\t\t<\/p>\n\t\t<\/div>\n\t<\/div>\n\t<div class=\"col-md-4\">\n\t\t<div class=\"formGroup formGroupLabel\">\n\t\t\t<p><label>Nom<\/label><span class=\"wpcf7-form-control-wrap\" data-name=\"nom\"><input size=\"40\" maxlength=\"400\" class=\"wpcf7-form-control wpcf7-text wpcf7-validates-as-required form-control\" aria-required=\"true\" aria-invalid=\"false\" value=\"\" type=\"text\" name=\"nom\" \/><\/span>\n\t\t\t<\/p>\n\t\t<\/div>\n\t<\/div>\n\t<div class=\"col-md-4\">\n\t\t<div class=\"formGroup formGroupLabel\">\n\t\t\t<p><label>Pr\u00e9nom<\/label><span class=\"wpcf7-form-control-wrap\" data-name=\"lastnom\"><input size=\"40\" maxlength=\"400\" class=\"wpcf7-form-control wpcf7-text wpcf7-validates-as-required form-control\" aria-required=\"true\" aria-invalid=\"false\" value=\"\" type=\"text\" name=\"lastnom\" \/><\/span>\n\t\t\t<\/p>\n\t\t<\/div>\n\t<\/div>\n\t<div class=\"col-md-12\">\n\t\t<div class=\"formGroup formGroupLabel\">\n\t\t\t<p><label>Email<\/label><span class=\"wpcf7-form-control-wrap\" data-name=\"email\"><input size=\"40\" maxlength=\"400\" class=\"wpcf7-form-control wpcf7-email wpcf7-validates-as-required wpcf7-text wpcf7-validates-as-email form-control\" aria-required=\"true\" aria-invalid=\"false\" value=\"\" type=\"email\" name=\"email\" \/><\/span>\n\t\t\t<\/p>\n\t\t<\/div>\n\t<\/div>\n\t<div class=\"col-md-12\">\n\t\t<div class=\"formGroup formGroupLabel\">\n\t\t\t<p><label>Sujet<\/label><span class=\"wpcf7-form-control-wrap\" data-name=\"menu\"><select class=\"wpcf7-form-control wpcf7-select form-control\" aria-invalid=\"false\" name=\"menu\"><option value=\"\"><\/option><option value=\"Demande concernant mes dons (changement d\u2019adresse, attestation de dons, etc.)\">Demande concernant mes dons (changement d\u2019adresse, attestation de dons, etc.)<\/option><option value=\"Legs et H\u00e9ritage\">Legs et H\u00e9ritage<\/option><option value=\"Collecte de fonds en faveur d\u2019Enfants du Monde\">Collecte de fonds en faveur d\u2019Enfants du Monde<\/option><option value=\"B\u00e9n\u00e9volat\">B\u00e9n\u00e9volat<\/option><option value=\"Demande de financement\">Demande de financement<\/option><option value=\"Demande de partenariat\">Demande de partenariat<\/option><option value=\"Autres\">Autres<\/option><\/select><\/span>\n\t\t\t<\/p>\n\t\t<\/div>\n\t<\/div>\n\t<div class=\"col-md-12\">\n\t\t<div class=\"formGroup formGroupLabel\">\n\t\t\t<p><label>Message<\/label><span class=\"wpcf7-form-control-wrap\" data-name=\"msg\"><textarea cols=\"40\" rows=\"10\" maxlength=\"2000\" class=\"wpcf7-form-control wpcf7-textarea form-control\" aria-invalid=\"false\" name=\"msg\"><\/textarea><\/span>\n\t\t\t<\/p>\n\t\t<\/div>\n\t<\/div>\n\t<div class=\"col-md-12\">\n\t\t<div class=\"formGroup formGroupFile\">\n\t\t\t<p><label>Ajouter une pi\u00e8ce jointe: <\/label><span class=\"wpcf7-form-control-wrap\" data-name=\"upload-document\"><input size=\"40\" class=\"wpcf7-form-control wpcf7-file form-control\" id=\"chooseFile\" accept=\".pdf,.png,.jpeg,.jpg\" aria-invalid=\"false\" type=\"file\" name=\"upload-document\" \/><\/span>\n\t\t\t<\/p>\n\t\t\t<div class=\"form-control input-file\">\n\t\t\t\t<p><span class=\"choose-file\">Choisir un fichier<\/span><span class=\"file-chosen\">Aucun fichier choisi<\/span>\n\t\t\t\t<\/p>\n\t\t\t<\/div>\n\t\t<\/div>\n\t<\/div>\n\t<div class=\"col-md-12\">\n\t\t<div class=\"formGroup formGroupCheckbox\">\n\t\t\t<p><span class=\"wpcf7-form-control-wrap\" data-name=\"acceptance-186\"><span class=\"wpcf7-form-control wpcf7-acceptance\"><span class=\"wpcf7-list-item\"><label><input type=\"checkbox\" name=\"acceptance-186\" value=\"1\" aria-invalid=\"false\" \/><span class=\"wpcf7-list-item-label\">Je consens \u00e0 ce que Enfants du Monde collecte mes donn\u00e9es via ce formulaire. <a href=\"https:\/\/edm.ch\/fr\/protection-des-donnees\/\" target=\"_blank\">Voir la politique de protection des donn\u00e9es<\/a><\/span><\/label><\/span><\/span><\/span>\n\t\t\t<\/p>\n\t\t<\/div>\n\t<\/div>\n<span class=\"wpcf7-form-control-wrap recaptcha\" data-name=\"recaptcha\"><span data-sitekey=\"6Le65CopAAAAABSkhaUNN-L6xwM-TZndyY9f7om1\" class=\"wpcf7-form-control wpcf7-recaptcha g-recaptcha\"><\/span>\r\n<noscript>\r\n\t<div class=\"grecaptcha-noscript\">\r\n\t\t<iframe src=\"https:\/\/www.google.com\/recaptcha\/api\/fallback?k=6Le65CopAAAAABSkhaUNN-L6xwM-TZndyY9f7om1\" frameborder=\"0\" scrolling=\"no\" width=\"310\" height=\"430\">\r\n\t\t<\/iframe>\r\n\t\t<textarea name=\"g-recaptcha-response\" rows=\"3\" cols=\"40\" placeholder=\"reCaptcha Response Here\">\r\n\t\t<\/textarea>\r\n\t<\/div>\r\n<\/noscript>\r\n<\/span>\n\t<div class=\"col-md-12\">\n\t\t<div class=\"contactSubmit\">\n\t\t\t<p><input class=\"wpcf7-form-control wpcf7-submit has-spinner btnBlue\" type=\"submit\" value=\"Envoyer\" \/>\n\t\t\t<\/p>\n\t\t<\/div>\n\t<\/div>\n<\/div><input type='hidden' class='wpcf7-pum' value='{\"closepopup\":false,\"closedelay\":0,\"openpopup\":false,\"openpopup_id\":0}' \/><div class=\"wpcf7-response-output\" aria-hidden=\"true\"><\/div>\n<\/form>\n<\/div>\n        <\/div>\n    <\/section>\n\n\n    <section class=\"mapBlock contactMapBlock\" style=\"display:\">\n        <div class=\"container\">\n            <div class=\"mapRow\">\n                <div class=\"left\">\n                    <div class=\"mapContainer\">\n                        <iframe data-src=\"https:\/\/www.google.com\/maps\/embed?pb=!1m14!1m8!1m3!1d11040.090052076004!2d6.128065!3d46.229897!3m2!1i1024!2i768!4f13.1!3m3!1m2!1s0x478c64f240532ec1%3A0x26166d8c286ab914!2sEnfants%20du%20Monde!5e0!3m2!1sfr!2sch!4v1692427165996!5m2!1sfr!2sch\" width=\"100%\" height=\"700\" style=\"border:0;\" allowfullscreen=\"\" referrerpolicy=\"no-referrer-when-downgrade\" src=\"data:image\/svg+xml;base64,PHN2ZyB3aWR0aD0iMSIgaGVpZ2h0PSIxIiB4bWxucz0iaHR0cDovL3d3dy53My5vcmcvMjAwMC9zdmciPjwvc3ZnPg==\" class=\"lazyload\" data-load-mode=\"1\"><\/iframe>\n                    <\/div>\n                <\/div>\n                <div class=\"right\">\n                    <div class=\"addrsBlock\">\n                        <h6>O\u00f9 nous trouver ?<\/h6>\n                        <p><p>Pour se rendre dans nos bureaux, indiquez l&rsquo;adresse Rue de Varemb\u00e9 1, 1202 Gen\u00e8ve.<\/p>\n<\/p>\n                        <p><a href=\"tel:T\u00e9l\u00e9phone: +41 22 798 88 81\">T\u00e9l\u00e9phone: +41 22 798 88 81<\/a><\/p>\n                        <p><a href=\"mailto:\"><\/a><\/p>\n                    <\/div>\n                <\/div>\n            <\/div>\n        <\/div>\n    <\/section>\n\n\n    <section class=\"donation_count\" style=\"display:\">\n        <div class=\"inner_row\">\n            <div class=\"right_img_block\">\n                <div class=\"img_block figure_block\">\n                    <img decoding=\"async\" data-src=\"https:\/\/edm.ch\/wp-content\/uploads\/2023\/08\/Enfants-du-Monde_website_1920x1920_1423.png\" alt=\"\" src=\"data:image\/svg+xml;base64,PHN2ZyB3aWR0aD0iMSIgaGVpZ2h0PSIxIiB4bWxucz0iaHR0cDovL3d3dy53My5vcmcvMjAwMC9zdmciPjwvc3ZnPg==\" class=\"lazyload\" style=\"--smush-placeholder-width: 1920px; --smush-placeholder-aspect-ratio: 1920\/1920;\" data-srcset=\"https:\/\/edm.ch\/wp-content\/uploads\/2023\/08\/Enfants-du-Monde_website_1920x1920_1423.png 1920w, https:\/\/edm.ch\/wp-content\/uploads\/2023\/08\/Enfants-du-Monde_website_1920x1920_1423-300x300.png 300w, https:\/\/edm.ch\/wp-content\/uploads\/2023\/08\/Enfants-du-Monde_website_1920x1920_1423-1024x1024.png 1024w, https:\/\/edm.ch\/wp-content\/uploads\/2023\/08\/Enfants-du-Monde_website_1920x1920_1423-150x150.png 150w, https:\/\/edm.ch\/wp-content\/uploads\/2023\/08\/Enfants-du-Monde_website_1920x1920_1423-768x768.png 768w, https:\/\/edm.ch\/wp-content\/uploads\/2023\/08\/Enfants-du-Monde_website_1920x1920_1423-1536x1536.png 1536w\" data-sizes=\"auto\" data-original-sizes=\"(max-width: 1920px) 100vw, 1920px\">\n                                    <\/div>\n            <\/div>\n            <div class=\"left_txt_block\">\n                <div class=\"txt_contents\">\n                    <h3>Mon don fait la diff\u00e9rence<\/h3>\n                    <div class=\"block_txts\">\n                                                    <div class=\"item\">\n                                <span class=\"title\">Par exemple :<\/span>\n                                <p><\/p>\n                            <\/div>\n                                                    <div class=\"item\">\n                                <span class=\"title\">Avec 70 francs :<\/span>\n                                <p>J\u2019offre un manuel scolaire bilingue fran\u00e7ais et moor\u00e9 (langue locale) \u00e0 8 enfants au Burkina Faso pour leur permettre de mieux progresser \u00e0 l\u2019\u00e9cole.<\/p>\n                            <\/div>\n                                                    <div class=\"item\">\n                                <span class=\"title\">Avec 140 francs :<\/span>\n                                <p>Je permets \u00e0 250 femmes enceintes au Bangladesh d\u2019\u00eatre pr\u00e9par\u00e9es \u00e0 la naissance de leur b\u00e9b\u00e9 et aux risques li\u00e9s \u00e0 leur accouchement.<\/p>\n                            <\/div>\n                                                    <div class=\"item\">\n                                <span class=\"title\">Avec 200 francs :<\/span>\n                                <p>Je finance une formation continue en \u00e9ducation bilingue \u00e0 10 enseignant\u00b7es au Guatemala pour am\u00e9liorer la qualit\u00e9 de leurs le\u00e7ons.<\/p>\n                            <\/div>\n                                                                            <a href=\"https:\/\/don.edm.ch\/fr\" class=\"btnWhite buttonDonation\">\n                                JE FAIS UN DON                            <\/a>\n                                            <\/div>\n                <\/div>\n            <\/div>\n        <\/div>\n    <\/section>","protected":false},"excerpt":{"rendered":"","protected":false},"author":1,"featured_media":0,"parent":0,"menu_order":0,"comment_status":"closed","ping_status":"closed","template":"templates\/yellow-line-1.php","meta":{"_acf_changed":false,"inline_featured_image":false,"footnotes":""},"class_list":["post-8096","page","type-page","status-publish","hentry"],"acf":[],"yoast_head":"<!-- This site is optimized with the Yoast SEO plugin v26.9 - https:\/\/yoast.com\/product\/yoast-seo-wordpress\/ -->\n<title>Contact - Enfants du monde<\/title>\n<meta name=\"description\" content=\"Contactez l&#039;\u00e9quipe d&#039;Enfants du monde pour des questions sur notre organisation ou nos missions d&#039;aide humanitaire.\" \/>\n<meta name=\"robots\" content=\"index, follow, max-snippet:-1, max-image-preview:large, max-video-preview:-1\" \/>\n<link rel=\"canonical\" href=\"https:\/\/edm.ch\/fr\/contact\/\" \/>\n<meta property=\"og:locale\" content=\"fr_FR\" \/>\n<meta property=\"og:type\" content=\"article\" \/>\n<meta property=\"og:title\" content=\"Contact - Enfants du monde\" \/>\n<meta property=\"og:description\" content=\"Contactez l&#039;\u00e9quipe d&#039;Enfants du monde pour des questions sur notre organisation ou nos missions d&#039;aide humanitaire.\" \/>\n<meta property=\"og:url\" content=\"https:\/\/edm.ch\/fr\/contact\/\" \/>\n<meta property=\"og:site_name\" content=\"Enfants du monde\" \/>\n<meta property=\"article:modified_time\" content=\"2024-04-26T08:10:19+00:00\" \/>\n<meta name=\"twitter:card\" content=\"summary_large_image\" \/>\n<script type=\"application\/ld+json\" class=\"yoast-schema-graph\">{\"@context\":\"https:\/\/schema.org\",\"@graph\":[{\"@type\":\"WebPage\",\"@id\":\"https:\/\/edm.ch\/fr\/contact\/\",\"url\":\"https:\/\/edm.ch\/fr\/contact\/\",\"name\":\"Contact - Enfants du monde\",\"isPartOf\":{\"@id\":\"https:\/\/edm.ch\/en\/#website\"},\"datePublished\":\"2023-08-18T14:57:40+00:00\",\"dateModified\":\"2024-04-26T08:10:19+00:00\",\"description\":\"Contactez l'\u00e9quipe d'Enfants du monde pour des questions sur notre organisation ou nos missions d'aide humanitaire.\",\"inLanguage\":\"fr-FR\",\"potentialAction\":[{\"@type\":\"ReadAction\",\"target\":[\"https:\/\/edm.ch\/fr\/contact\/\"]}]},{\"@type\":\"WebSite\",\"@id\":\"https:\/\/edm.ch\/en\/#website\",\"url\":\"https:\/\/edm.ch\/en\/\",\"name\":\"Enfants du monde\",\"description\":\"Association suisse\",\"potentialAction\":[{\"@type\":\"SearchAction\",\"target\":{\"@type\":\"EntryPoint\",\"urlTemplate\":\"https:\/\/edm.ch\/en\/?s={search_term_string}\"},\"query-input\":{\"@type\":\"PropertyValueSpecification\",\"valueRequired\":true,\"valueName\":\"search_term_string\"}}],\"inLanguage\":\"fr-FR\"}]}<\/script>\n<!-- \/ Yoast SEO plugin. -->","yoast_head_json":{"title":"Contact - Enfants du monde","description":"Contactez l'\u00e9quipe d'Enfants du monde pour des questions sur notre organisation ou nos missions d'aide humanitaire.","robots":{"index":"index","follow":"follow","max-snippet":"max-snippet:-1","max-image-preview":"max-image-preview:large","max-video-preview":"max-video-preview:-1"},"canonical":"https:\/\/edm.ch\/fr\/contact\/","og_locale":"fr_FR","og_type":"article","og_title":"Contact - Enfants du monde","og_description":"Contactez l'\u00e9quipe d'Enfants du monde pour des questions sur notre organisation ou nos missions d'aide humanitaire.","og_url":"https:\/\/edm.ch\/fr\/contact\/","og_site_name":"Enfants du monde","article_modified_time":"2024-04-26T08:10:19+00:00","twitter_card":"summary_large_image","schema":{"@context":"https:\/\/schema.org","@graph":[{"@type":"WebPage","@id":"https:\/\/edm.ch\/fr\/contact\/","url":"https:\/\/edm.ch\/fr\/contact\/","name":"Contact - Enfants du monde","isPartOf":{"@id":"https:\/\/edm.ch\/en\/#website"},"datePublished":"2023-08-18T14:57:40+00:00","dateModified":"2024-04-26T08:10:19+00:00","description":"Contactez l'\u00e9quipe d'Enfants du monde pour des questions sur notre organisation ou nos missions d'aide humanitaire.","inLanguage":"fr-FR","potentialAction":[{"@type":"ReadAction","target":["https:\/\/edm.ch\/fr\/contact\/"]}]},{"@type":"WebSite","@id":"https:\/\/edm.ch\/en\/#website","url":"https:\/\/edm.ch\/en\/","name":"Enfants du monde","description":"Association suisse","potentialAction":[{"@type":"SearchAction","target":{"@type":"EntryPoint","urlTemplate":"https:\/\/edm.ch\/en\/?s={search_term_string}"},"query-input":{"@type":"PropertyValueSpecification","valueRequired":true,"valueName":"search_term_string"}}],"inLanguage":"fr-FR"}]}},"_links":{"self":[{"href":"https:\/\/edm.ch\/fr\/wp-json\/wp\/v2\/pages\/8096","targetHints":{"allow":["GET"]}}],"collection":[{"href":"https:\/\/edm.ch\/fr\/wp-json\/wp\/v2\/pages"}],"about":[{"href":"https:\/\/edm.ch\/fr\/wp-json\/wp\/v2\/types\/page"}],"author":[{"embeddable":true,"href":"https:\/\/edm.ch\/fr\/wp-json\/wp\/v2\/users\/1"}],"replies":[{"embeddable":true,"href":"https:\/\/edm.ch\/fr\/wp-json\/wp\/v2\/comments?post=8096"}],"version-history":[{"count":82,"href":"https:\/\/edm.ch\/fr\/wp-json\/wp\/v2\/pages\/8096\/revisions"}],"predecessor-version":[{"id":30646,"href":"https:\/\/edm.ch\/fr\/wp-json\/wp\/v2\/pages\/8096\/revisions\/30646"}],"wp:attachment":[{"href":"https:\/\/edm.ch\/fr\/wp-json\/wp\/v2\/media?parent=8096"}],"curies":[{"name":"wp","href":"https:\/\/api.w.org\/{rel}","templated":true}]}}