{"id":5976,"date":"2023-08-17T12:36:35","date_gmt":"2023-08-17T12:36:35","guid":{"rendered":"https:\/\/edm.ch\/?page_id=5976"},"modified":"2024-07-12T11:46:23","modified_gmt":"2024-07-12T11:46:23","slug":"participation-des-populations-locales","status":"publish","type":"page","link":"https:\/\/edm.ch\/fr\/participation-des-populations-locales\/","title":{"rendered":"Participation des populations locales"},"content":{"rendered":"<section class=\"subpageBanner\" style=\"display:\">\n    <div class=\"subpageBannerBlock figure_block\">\n        <img decoding=\"async\" data-src=\"https:\/\/edm.ch\/wp-content\/uploads\/2023\/08\/banners_WP_2500_800-1.png\" src=\"data:image\/svg+xml;base64,PHN2ZyB3aWR0aD0iMSIgaGVpZ2h0PSIxIiB4bWxucz0iaHR0cDovL3d3dy53My5vcmcvMjAwMC9zdmciPjwvc3ZnPg==\" class=\"lazyload\" style=\"--smush-placeholder-width: 2500px; --smush-placeholder-aspect-ratio: 2500\/800;\" data-srcset=\"https:\/\/edm.ch\/wp-content\/uploads\/2023\/08\/banners_WP_2500_800-1.png 2500w, https:\/\/edm.ch\/wp-content\/uploads\/2023\/08\/banners_WP_2500_800-1-300x96.png 300w, https:\/\/edm.ch\/wp-content\/uploads\/2023\/08\/banners_WP_2500_800-1-1024x328.png 1024w, https:\/\/edm.ch\/wp-content\/uploads\/2023\/08\/banners_WP_2500_800-1-768x246.png 768w, https:\/\/edm.ch\/wp-content\/uploads\/2023\/08\/banners_WP_2500_800-1-1536x492.png 1536w, https:\/\/edm.ch\/wp-content\/uploads\/2023\/08\/banners_WP_2500_800-1-2048x655.png 2048w\" data-sizes=\"auto\" data-original-sizes=\"(max-width: 2500px) 100vw, 2500px\" \/>\n        <div class=\"subpageBannerWrap\">\n            <div class=\"container\">\n                <div class=\"content\">\n                    <div>\n                        <span class=\"bannerHead\"><\/span>\n                        <h1>Participation des populations locales<\/h1>\n                    <\/div>\n                                    <\/div>\n            <\/div>\n        <\/div>\n                    <div class=\"picture-caption\">\n                <div class=\"caption-content\"><span>Enfants du Monde<\/span><\/div>\n            <\/div>\n            <\/div>\n<\/section>\n<script type=\"text\/javascript\">\n    jQuery(document).ready(function ($) {\n        \/\/ Check if the block exists\n        var bannerSection = $('#subpage-banner-section');\n\n        if (bannerSection.length > 0) {\n            \/\/ Move the block to the end of <main> just before the footer\n            $('main').append(bannerSection); \/\/ This will append it inside the <main> tag\n        }\n\n        $('.documentAccordion').on('click', function (e) {\n            e.preventDefault();  \/\/ Prevent default link action\n\n            \/\/ Target the section with the given ID\n            $('html, body').animate({\n                scrollTop: $('#subpage-banner-section').offset().top - 200\n            }, 1000);\n        });\n    });\n<\/script>\n\n\n    \n    <section class=\"leftTextRightImg \" style=\"display:\">\n        <div class=\"container\">\n            <div class=\"leftTextRightImgRow\">\n                                    <div class=\"right\">\n                                                    <div class=\"imgBlock\">\n                                <a class=\"figure_block\" href=\"https:\/\/edm.ch\/wp-content\/uploads\/2023\/08\/131.png\" data-fancybox data-caption=\"\">\n                                    <img decoding=\"async\" data-src=\"https:\/\/edm.ch\/wp-content\/uploads\/2023\/08\/131.png\" src=\"data:image\/svg+xml;base64,PHN2ZyB3aWR0aD0iMSIgaGVpZ2h0PSIxIiB4bWxucz0iaHR0cDovL3d3dy53My5vcmcvMjAwMC9zdmciPjwvc3ZnPg==\" class=\"lazyload\" style=\"--smush-placeholder-width: 1920px; --smush-placeholder-aspect-ratio: 1920\/1920;\" data-srcset=\"https:\/\/edm.ch\/wp-content\/uploads\/2023\/08\/131.png 1920w, https:\/\/edm.ch\/wp-content\/uploads\/2023\/08\/131-300x300.png 300w, https:\/\/edm.ch\/wp-content\/uploads\/2023\/08\/131-1024x1024.png 1024w, https:\/\/edm.ch\/wp-content\/uploads\/2023\/08\/131-150x150.png 150w, https:\/\/edm.ch\/wp-content\/uploads\/2023\/08\/131-768x768.png 768w, https:\/\/edm.ch\/wp-content\/uploads\/2023\/08\/131-1536x1536.png 1536w\" data-sizes=\"auto\" data-original-sizes=\"(max-width: 1920px) 100vw, 1920px\" \/>\n                                                                    <\/a>\n                                <figcaption><\/figcaption>\n                            <\/div>\n                                            <\/div>\n                                                    <div class=\"left\">\n                        <div class=\"content\">\n                            <h2>                                Comprendre les besoins locaux de sant\u00e9  <small><\/small>\n                            <\/h2>                                                            <p>Pour identifier les besoins en mati\u00e8re de sant\u00e9 dans nos pays d\u2019action, nous <strong>consultons les populations locales ainsi que les professionnel\u00b7les<\/strong> du domaine de la sant\u00e9.<\/p>\n<p>Cette approche permet de mettre en place des <strong>solutions plus pertinentes<\/strong> pour la population qui peut elle-m\u00eame \u00eatre impliqu\u00e9e dans le processus et peut donner son opinion.<\/p>\n                                                                                                            <\/div>\n                    <\/div>\n                            <\/div>\n        <\/div>\n    <\/section>\n\n        <section class=\"contentSec\" style=\"display:\">\n        <div class=\"container\">\n            <div class=\"contentBlock\">\n                <h5>Ce qui nous diff\u00e9rencie <\/h5>\n                <ul>\n<li>Les communaut\u00e9s locales\u00a0participent aux <strong>assembl\u00e9es g\u00e9n\u00e9rales<\/strong> <strong>des \u00e9tablissements de sant\u00e9<\/strong> afin de suivre les \u00e9volutions et ainsi d\u2019am\u00e9liorer la qualit\u00e9 des soins.<\/li>\n<li>Les <strong>tables rondes<\/strong> que nous organisons avec la population et les professionnelles de la sant\u00e9 permettent d\u2019identifier les obstacles \u00e0 la sant\u00e9, de <strong>trouver des solutions<\/strong> adapt\u00e9es qui sont ensuite int\u00e9gr\u00e9es dans les plans d\u2019action des centres de sant\u00e9.<\/li>\n<li>Les femmes, \u00e9poux, professionnel\u00b7les de la m\u00e9decine traditionnelle et leaders de communaut\u00e9s <strong>s\u2019engagent eux-m\u00eames \u00e0 mener certaines actions pour am\u00e9liorer l\u2019acc\u00e8s aux soins<\/strong> : par exemple, construction d\u2019une maison d\u2019attente pr\u00e8s des centres de sant\u00e9 pour permettre aux femmes enceintes vivant loin d\u2019y loger avant la naissance.<\/li>\n<\/ul>\n                            <\/div>\n        <\/div>\n    <\/section>\n\n\n    <section class=\"donation_count\" style=\"display:\">\n        <div class=\"inner_row\">\n            <div class=\"right_img_block\">\n                <div class=\"img_block figure_block\">\n                    <img decoding=\"async\" data-src=\"https:\/\/edm.ch\/wp-content\/uploads\/2023\/08\/121-1.png\" alt=\"\" src=\"data:image\/svg+xml;base64,PHN2ZyB3aWR0aD0iMSIgaGVpZ2h0PSIxIiB4bWxucz0iaHR0cDovL3d3dy53My5vcmcvMjAwMC9zdmciPjwvc3ZnPg==\" class=\"lazyload\" style=\"--smush-placeholder-width: 1920px; --smush-placeholder-aspect-ratio: 1920\/1920;\" data-srcset=\"https:\/\/edm.ch\/wp-content\/uploads\/2023\/08\/121-1.png 1920w, https:\/\/edm.ch\/wp-content\/uploads\/2023\/08\/121-1-300x300.png 300w, https:\/\/edm.ch\/wp-content\/uploads\/2023\/08\/121-1-1024x1024.png 1024w, https:\/\/edm.ch\/wp-content\/uploads\/2023\/08\/121-1-150x150.png 150w, https:\/\/edm.ch\/wp-content\/uploads\/2023\/08\/121-1-768x768.png 768w, https:\/\/edm.ch\/wp-content\/uploads\/2023\/08\/121-1-1536x1536.png 1536w\" data-sizes=\"auto\" data-original-sizes=\"(max-width: 1920px) 100vw, 1920px\">\n                                            <div class=\"picture-caption\">\n                            <div class=\"caption-content\"><span>Rakib Ahsan\/Enfants du Monde<\/span><\/div>\n                        <\/div>\n                                    <\/div>\n            <\/div>\n            <div class=\"left_txt_block\">\n                <div class=\"txt_contents\">\n                    <h3>Mon don fait la diff\u00e9rence<\/h3>\n                    <div class=\"block_txts\">\n                                                    <div class=\"item\">\n                                <span class=\"title\">Par exemple :<\/span>\n                                <p><\/p>\n                            <\/div>\n                                                    <div class=\"item\">\n                                <span class=\"title\">Avec 60 francs :<\/span>\n                                <p>J&rsquo;offre une formation sur la pr\u00e9paration \u00e0 la naissance \u00e0 11 femmes enceintes \u00e0 Madagascar.<\/p>\n                            <\/div>\n                                                    <div class=\"item\">\n                                <span class=\"title\">Avec 100 francs :<\/span>\n                                <p>Je pr\u00e9pares 500 femmes enceintes et leur mari au Bangladesh \u00e0 l&rsquo;accouchement et aux urgences.<\/p>\n                            <\/div>\n                                                    <div class=\"item\">\n                                <span class=\"title\">Avec 150 francs :<\/span>\n                                <p>J\u2019offre la formation continue de 2 infirmi\u00e8res au N\u00e9pal pour leur permettre de r\u00e9aliser des soins respectueux aux femmes enceintes et \u00e0 leurs nouveau-n\u00e9s.<\/p>\n                            <\/div>\n                                                                            <a href=\"https:\/\/don.edm.ch\/fr\" class=\"btnWhite buttonDonation\">\n                                JE FAIS UN DON                            <\/a>\n                                            <\/div>\n                <\/div>\n            <\/div>\n        <\/div>\n    <\/section>","protected":false},"excerpt":{"rendered":"","protected":false},"author":3,"featured_media":0,"parent":0,"menu_order":0,"comment_status":"closed","ping_status":"closed","template":"templates\/yellow-line-1.php","meta":{"_acf_changed":false,"inline_featured_image":false,"footnotes":""},"class_list":["post-5976","page","type-page","status-publish","hentry"],"acf":[],"yoast_head":"<!-- This site is optimized with the Yoast SEO plugin v26.9 - https:\/\/yoast.com\/product\/yoast-seo-wordpress\/ -->\n<title>Participation des populations locales - Enfants du monde<\/title>\n<meta name=\"description\" content=\"Pour identifier les besoins en mati\u00e8re de sant\u00e9 dans nos pays d&#039;action, nous consultons les populations locales dans nos projets.\" \/>\n<meta name=\"robots\" content=\"index, follow, max-snippet:-1, max-image-preview:large, max-video-preview:-1\" \/>\n<link rel=\"canonical\" href=\"https:\/\/edm.ch\/fr\/participation-des-populations-locales\/\" \/>\n<meta property=\"og:locale\" content=\"fr_FR\" \/>\n<meta property=\"og:type\" content=\"article\" \/>\n<meta property=\"og:title\" content=\"Participation des populations locales - Enfants du monde\" \/>\n<meta property=\"og:description\" content=\"Pour identifier les besoins en mati\u00e8re de sant\u00e9 dans nos pays d&#039;action, nous consultons les populations locales dans nos projets.\" \/>\n<meta property=\"og:url\" content=\"https:\/\/edm.ch\/fr\/participation-des-populations-locales\/\" \/>\n<meta property=\"og:site_name\" content=\"Enfants du monde\" \/>\n<meta property=\"article:modified_time\" content=\"2024-07-12T11:46:23+00:00\" \/>\n<meta name=\"twitter:card\" content=\"summary_large_image\" \/>\n<script type=\"application\/ld+json\" class=\"yoast-schema-graph\">{\"@context\":\"https:\/\/schema.org\",\"@graph\":[{\"@type\":\"WebPage\",\"@id\":\"https:\/\/edm.ch\/fr\/participation-des-populations-locales\/\",\"url\":\"https:\/\/edm.ch\/fr\/participation-des-populations-locales\/\",\"name\":\"Participation des populations locales - Enfants du monde\",\"isPartOf\":{\"@id\":\"https:\/\/edm.ch\/en\/#website\"},\"datePublished\":\"2023-08-17T12:36:35+00:00\",\"dateModified\":\"2024-07-12T11:46:23+00:00\",\"description\":\"Pour identifier les besoins en mati\u00e8re de sant\u00e9 dans nos pays d'action, nous consultons les populations locales dans nos projets.\",\"inLanguage\":\"fr-FR\",\"potentialAction\":[{\"@type\":\"ReadAction\",\"target\":[\"https:\/\/edm.ch\/fr\/participation-des-populations-locales\/\"]}]},{\"@type\":\"WebSite\",\"@id\":\"https:\/\/edm.ch\/en\/#website\",\"url\":\"https:\/\/edm.ch\/en\/\",\"name\":\"Enfants du monde\",\"description\":\"Association suisse\",\"potentialAction\":[{\"@type\":\"SearchAction\",\"target\":{\"@type\":\"EntryPoint\",\"urlTemplate\":\"https:\/\/edm.ch\/en\/?s={search_term_string}\"},\"query-input\":{\"@type\":\"PropertyValueSpecification\",\"valueRequired\":true,\"valueName\":\"search_term_string\"}}],\"inLanguage\":\"fr-FR\"}]}<\/script>\n<!-- \/ Yoast SEO plugin. -->","yoast_head_json":{"title":"Participation des populations locales - Enfants du monde","description":"Pour identifier les besoins en mati\u00e8re de sant\u00e9 dans nos pays d'action, nous consultons les populations locales dans nos projets.","robots":{"index":"index","follow":"follow","max-snippet":"max-snippet:-1","max-image-preview":"max-image-preview:large","max-video-preview":"max-video-preview:-1"},"canonical":"https:\/\/edm.ch\/fr\/participation-des-populations-locales\/","og_locale":"fr_FR","og_type":"article","og_title":"Participation des populations locales - Enfants du monde","og_description":"Pour identifier les besoins en mati\u00e8re de sant\u00e9 dans nos pays d'action, nous consultons les populations locales dans nos projets.","og_url":"https:\/\/edm.ch\/fr\/participation-des-populations-locales\/","og_site_name":"Enfants du monde","article_modified_time":"2024-07-12T11:46:23+00:00","twitter_card":"summary_large_image","schema":{"@context":"https:\/\/schema.org","@graph":[{"@type":"WebPage","@id":"https:\/\/edm.ch\/fr\/participation-des-populations-locales\/","url":"https:\/\/edm.ch\/fr\/participation-des-populations-locales\/","name":"Participation des populations locales - Enfants du monde","isPartOf":{"@id":"https:\/\/edm.ch\/en\/#website"},"datePublished":"2023-08-17T12:36:35+00:00","dateModified":"2024-07-12T11:46:23+00:00","description":"Pour identifier les besoins en mati\u00e8re de sant\u00e9 dans nos pays d'action, nous consultons les populations locales dans nos projets.","inLanguage":"fr-FR","potentialAction":[{"@type":"ReadAction","target":["https:\/\/edm.ch\/fr\/participation-des-populations-locales\/"]}]},{"@type":"WebSite","@id":"https:\/\/edm.ch\/en\/#website","url":"https:\/\/edm.ch\/en\/","name":"Enfants du monde","description":"Association suisse","potentialAction":[{"@type":"SearchAction","target":{"@type":"EntryPoint","urlTemplate":"https:\/\/edm.ch\/en\/?s={search_term_string}"},"query-input":{"@type":"PropertyValueSpecification","valueRequired":true,"valueName":"search_term_string"}}],"inLanguage":"fr-FR"}]}},"_links":{"self":[{"href":"https:\/\/edm.ch\/fr\/wp-json\/wp\/v2\/pages\/5976","targetHints":{"allow":["GET"]}}],"collection":[{"href":"https:\/\/edm.ch\/fr\/wp-json\/wp\/v2\/pages"}],"about":[{"href":"https:\/\/edm.ch\/fr\/wp-json\/wp\/v2\/types\/page"}],"author":[{"embeddable":true,"href":"https:\/\/edm.ch\/fr\/wp-json\/wp\/v2\/users\/3"}],"replies":[{"embeddable":true,"href":"https:\/\/edm.ch\/fr\/wp-json\/wp\/v2\/comments?post=5976"}],"version-history":[{"count":21,"href":"https:\/\/edm.ch\/fr\/wp-json\/wp\/v2\/pages\/5976\/revisions"}],"predecessor-version":[{"id":31510,"href":"https:\/\/edm.ch\/fr\/wp-json\/wp\/v2\/pages\/5976\/revisions\/31510"}],"wp:attachment":[{"href":"https:\/\/edm.ch\/fr\/wp-json\/wp\/v2\/media?parent=5976"}],"curies":[{"name":"wp","href":"https:\/\/api.w.org\/{rel}","templated":true}]}}