{"id":5664,"date":"2023-08-17T11:40:26","date_gmt":"2023-08-17T11:40:26","guid":{"rendered":"https:\/\/edm.ch\/?page_id=5664"},"modified":"2024-07-12T11:34:00","modified_gmt":"2024-07-12T11:34:00","slug":"developpement-cognitif-de-lenfant","status":"publish","type":"page","link":"https:\/\/edm.ch\/fr\/developpement-cognitif-de-lenfant\/","title":{"rendered":"D\u00e9veloppement cognitif de l&rsquo;enfant"},"content":{"rendered":"<section class=\"subpageBanner\" style=\"display:\">\n    <div class=\"subpageBannerBlock figure_block\">\n        <img decoding=\"async\" data-src=\"https:\/\/edm.ch\/wp-content\/uploads\/2023\/08\/Dev-cognitif-banner.png\" src=\"data:image\/svg+xml;base64,PHN2ZyB3aWR0aD0iMSIgaGVpZ2h0PSIxIiB4bWxucz0iaHR0cDovL3d3dy53My5vcmcvMjAwMC9zdmciPjwvc3ZnPg==\" class=\"lazyload\" style=\"--smush-placeholder-width: 2500px; --smush-placeholder-aspect-ratio: 2500\/800;\" data-srcset=\"https:\/\/edm.ch\/wp-content\/uploads\/2023\/08\/Dev-cognitif-banner.png 2500w, https:\/\/edm.ch\/wp-content\/uploads\/2023\/08\/Dev-cognitif-banner-300x96.png 300w, https:\/\/edm.ch\/wp-content\/uploads\/2023\/08\/Dev-cognitif-banner-1024x328.png 1024w, https:\/\/edm.ch\/wp-content\/uploads\/2023\/08\/Dev-cognitif-banner-768x246.png 768w, https:\/\/edm.ch\/wp-content\/uploads\/2023\/08\/Dev-cognitif-banner-1536x492.png 1536w, https:\/\/edm.ch\/wp-content\/uploads\/2023\/08\/Dev-cognitif-banner-2048x655.png 2048w\" data-sizes=\"auto\" data-original-sizes=\"(max-width: 2500px) 100vw, 2500px\" \/>\n        <div class=\"subpageBannerWrap\">\n            <div class=\"container\">\n                <div class=\"content\">\n                    <div>\n                        <span class=\"bannerHead\"><\/span>\n                        <h1>D\u00e9veloppement cognitif de l&rsquo;enfant<\/h1>\n                    <\/div>\n                                    <\/div>\n            <\/div>\n        <\/div>\n            <\/div>\n<\/section>\n<script type=\"text\/javascript\">\n    jQuery(document).ready(function ($) {\n        \/\/ Check if the block exists\n        var bannerSection = $('#subpage-banner-section');\n\n        if (bannerSection.length > 0) {\n            \/\/ Move the block to the end of <main> just before the footer\n            $('main').append(bannerSection); \/\/ This will append it inside the <main> tag\n        }\n\n        $('.documentAccordion').on('click', function (e) {\n            e.preventDefault();  \/\/ Prevent default link action\n\n            \/\/ Target the section with the given ID\n            $('html, body').animate({\n                scrollTop: $('#subpage-banner-section').offset().top - 200\n            }, 1000);\n        });\n    });\n<\/script>\n\n\n    \n    <section class=\"leftTextRightImg \" style=\"display:\">\n        <div class=\"container\">\n            <div class=\"leftTextRightImgRow\">\n                                    <div class=\"right\">\n                                                    <div class=\"imgBlock\">\n                                <a class=\"figure_block\" href=\"https:\/\/edm.ch\/wp-content\/uploads\/2023\/08\/RS4585_IMG_2947-scaled.jpg\" data-fancybox data-caption=\"\">\n                                    <img decoding=\"async\" data-src=\"https:\/\/edm.ch\/wp-content\/uploads\/2023\/08\/RS4585_IMG_2947-scaled.jpg\" src=\"data:image\/svg+xml;base64,PHN2ZyB3aWR0aD0iMSIgaGVpZ2h0PSIxIiB4bWxucz0iaHR0cDovL3d3dy53My5vcmcvMjAwMC9zdmciPjwvc3ZnPg==\" class=\"lazyload\" style=\"--smush-placeholder-width: 2560px; --smush-placeholder-aspect-ratio: 2560\/1707;\" data-srcset=\"https:\/\/edm.ch\/wp-content\/uploads\/2023\/08\/RS4585_IMG_2947-scaled.jpg 2560w, https:\/\/edm.ch\/wp-content\/uploads\/2023\/08\/RS4585_IMG_2947-300x200.jpg 300w, https:\/\/edm.ch\/wp-content\/uploads\/2023\/08\/RS4585_IMG_2947-1024x683.jpg 1024w, https:\/\/edm.ch\/wp-content\/uploads\/2023\/08\/RS4585_IMG_2947-768x512.jpg 768w, https:\/\/edm.ch\/wp-content\/uploads\/2023\/08\/RS4585_IMG_2947-1536x1024.jpg 1536w, https:\/\/edm.ch\/wp-content\/uploads\/2023\/08\/RS4585_IMG_2947-2048x1365.jpg 2048w\" data-sizes=\"auto\" data-original-sizes=\"(max-width: 2560px) 100vw, 2560px\" \/>\n                                                                    <\/a>\n                                <figcaption><\/figcaption>\n                            <\/div>\n                                            <\/div>\n                                                    <div class=\"left\">\n                        <div class=\"content\">\n                            <h2>                                Favoriser un d\u00e9veloppement sain de l\u2019enfant <small><\/small>\n                            <\/h2>                                                            <p>C\u2019est au sein de sa famille que l\u2019enfant va tout d\u2019abord apprendre \u00e0 parler, \u00e0 d\u00e9velopper sa m\u00e9moire, \u00e0 trouver des solutions par lui-m\u00eame, \u00e0 contr\u00f4ler ses pens\u00e9es et ses actions. Nous sensibilisons les parents aux comportements qui favorisent la capacit\u00e9 \u00e0 apprendre et l&rsquo;\u00e9volution des fonctions intellectuelles des enfants de 0 \u00e0 5 ans.<\/p>\n                                                                                                            <\/div>\n                    <\/div>\n                            <\/div>\n        <\/div>\n    <\/section>\n\n        <section class=\"contentSec\" style=\"display:\">\n        <div class=\"container\">\n            <div class=\"contentBlock\">\n                <h5>\u00catre bien inform\u00e9\u00b7e&#8230;<\/h5>\n                <p>&#8230;sur les soins \u00e0 apporter \u00e0 un enfant, ses m\u00e9canismes d\u2019apprentissage, les gestes de s\u00e9curit\u00e9, la nutrition, les soins de sant\u00e9 n\u00e9cessaires et l\u2019importance du jeu sont des aspects essentiels pour son bien-\u00eatre. Nous formons des agent\u00b7es de sant\u00e9 communautaire qui sensibiliseront ensuite les jeunes parents \u00e0 l\u2019importance <strong>de la communication et du jeu<\/strong> dans le d\u00e9veloppement cognitif de leur enfant.<\/p>\n<p>Nous d\u00e9veloppons des outils pour que les parents et adultes dans nos pays d\u2019action puissent s\u2019informer sur les besoins des enfants en bas-\u00e2ge et favoriser leur meilleur d\u00e9veloppement. <strong>Notre application mobile \u201cMon enfant grandit\u201d<\/strong> propos\u00e9e en langues locales et abondamment illustr\u00e9e, permet de savoir quels soins prodiguer \u00e0 son enfant en fonction de son \u00e2ge, dans des contextes ou les familles n\u2019ont pas toujours acc\u00e8s aux informations essentielles n\u00e9cessaires aux bons soins d\u2019un enfant.<\/p>\n                            <\/div>\n        <\/div>\n    <\/section>\n\n\n    <section class=\"donation_count\" style=\"display:\">\n        <div class=\"inner_row\">\n            <div class=\"right_img_block\">\n                <div class=\"img_block figure_block\">\n                    <img decoding=\"async\" data-src=\"https:\/\/edm.ch\/wp-content\/uploads\/2023\/08\/Enfants_du_monde_website_image_RS6526_Bangladesh_femme.png\" alt=\"\" src=\"data:image\/svg+xml;base64,PHN2ZyB3aWR0aD0iMSIgaGVpZ2h0PSIxIiB4bWxucz0iaHR0cDovL3d3dy53My5vcmcvMjAwMC9zdmciPjwvc3ZnPg==\" class=\"lazyload\" style=\"--smush-placeholder-width: 560px; --smush-placeholder-aspect-ratio: 560\/553;\" data-srcset=\"https:\/\/edm.ch\/wp-content\/uploads\/2023\/08\/Enfants_du_monde_website_image_RS6526_Bangladesh_femme.png 560w, https:\/\/edm.ch\/wp-content\/uploads\/2023\/08\/Enfants_du_monde_website_image_RS6526_Bangladesh_femme-300x296.png 300w\" data-sizes=\"auto\" data-original-sizes=\"(max-width: 560px) 100vw, 560px\">\n                                            <div class=\"picture-caption\">\n                            <div class=\"caption-content\"><span>Maman du Bangladesh et son b\u00e9b\u00e9<\/span><\/div>\n                        <\/div>\n                                    <\/div>\n            <\/div>\n            <div class=\"left_txt_block\">\n                <div class=\"txt_contents\">\n                    <h3>Mon don fait la diff\u00e9rence<\/h3>\n                    <div class=\"block_txts\">\n                                                    <div class=\"item\">\n                                <span class=\"title\">Avec 60 francs : <\/span>\n                                <p>J&rsquo;offre une formation sur la pr\u00e9paration \u00e0 la naissance \u00e0 11 femmes enceintes \u00e0 Madagascar.<\/p>\n                            <\/div>\n                                                    <div class=\"item\">\n                                <span class=\"title\">Avec 100 francs :  <\/span>\n                                <p>J&rsquo;informe 500 femmes enceintes et leur mari au Bangladesh sur les dangers chez le nouveau-n\u00e9.<\/p>\n                            <\/div>\n                                                    <div class=\"item\">\n                                <span class=\"title\">Avec 150 francs :  <\/span>\n                                <p>J\u2019offre la formation continue de 2 infirmi\u00e8res au N\u00e9pal pour leur permettre de r\u00e9aliser des soins aux femmes enceintes et \u00e0 leurs nouveau-n\u00e9s dans le respect de leurs droits.<\/p>\n                            <\/div>\n                                                                            <a href=\"https:\/\/don.edm.ch\/fr\" class=\"btnWhite buttonDonation\">\n                                Je fais un don                            <\/a>\n                                            <\/div>\n                <\/div>\n            <\/div>\n        <\/div>\n    <\/section>","protected":false},"excerpt":{"rendered":"","protected":false},"author":3,"featured_media":0,"parent":0,"menu_order":0,"comment_status":"closed","ping_status":"closed","template":"templates\/yellow-line-5.php","meta":{"_acf_changed":false,"inline_featured_image":false,"footnotes":""},"class_list":["post-5664","page","type-page","status-publish","hentry"],"acf":[],"yoast_head":"<!-- This site is optimized with the Yoast SEO plugin v26.9 - https:\/\/yoast.com\/product\/yoast-seo-wordpress\/ -->\n<title>ONG enfance - D\u00e9veloppement de l&#039;enfant - Enfants du Monde<\/title>\n<meta name=\"description\" content=\"Nous sensibilisons les parents pour qu&#039;ils et elles connaissent les bons soins \u00e0 apporter \u00e0 leur enfant pour son bon d\u00e9veloppement.\" \/>\n<meta name=\"robots\" content=\"index, follow, max-snippet:-1, max-image-preview:large, max-video-preview:-1\" \/>\n<link rel=\"canonical\" href=\"https:\/\/edm.ch\/fr\/developpement-cognitif-de-lenfant\/\" \/>\n<meta property=\"og:locale\" content=\"fr_FR\" \/>\n<meta property=\"og:type\" content=\"article\" \/>\n<meta property=\"og:title\" content=\"ONG enfance - D\u00e9veloppement de l&#039;enfant - Enfants du Monde\" \/>\n<meta property=\"og:description\" content=\"Nous sensibilisons les parents pour qu&#039;ils et elles connaissent les bons soins \u00e0 apporter \u00e0 leur enfant pour son bon d\u00e9veloppement.\" \/>\n<meta property=\"og:url\" content=\"https:\/\/edm.ch\/fr\/developpement-cognitif-de-lenfant\/\" \/>\n<meta property=\"og:site_name\" content=\"Enfants du monde\" \/>\n<meta property=\"article:modified_time\" content=\"2024-07-12T11:34:00+00:00\" \/>\n<meta name=\"twitter:card\" content=\"summary_large_image\" \/>\n<script type=\"application\/ld+json\" class=\"yoast-schema-graph\">{\"@context\":\"https:\/\/schema.org\",\"@graph\":[{\"@type\":\"WebPage\",\"@id\":\"https:\/\/edm.ch\/fr\/developpement-cognitif-de-lenfant\/\",\"url\":\"https:\/\/edm.ch\/fr\/developpement-cognitif-de-lenfant\/\",\"name\":\"ONG enfance - D\u00e9veloppement de l'enfant - Enfants du Monde\",\"isPartOf\":{\"@id\":\"https:\/\/edm.ch\/en\/#website\"},\"datePublished\":\"2023-08-17T11:40:26+00:00\",\"dateModified\":\"2024-07-12T11:34:00+00:00\",\"description\":\"Nous sensibilisons les parents pour qu'ils et elles connaissent les bons soins \u00e0 apporter \u00e0 leur enfant pour son bon d\u00e9veloppement.\",\"inLanguage\":\"fr-FR\",\"potentialAction\":[{\"@type\":\"ReadAction\",\"target\":[\"https:\/\/edm.ch\/fr\/developpement-cognitif-de-lenfant\/\"]}]},{\"@type\":\"WebSite\",\"@id\":\"https:\/\/edm.ch\/en\/#website\",\"url\":\"https:\/\/edm.ch\/en\/\",\"name\":\"Enfants du monde\",\"description\":\"Association suisse\",\"potentialAction\":[{\"@type\":\"SearchAction\",\"target\":{\"@type\":\"EntryPoint\",\"urlTemplate\":\"https:\/\/edm.ch\/en\/?s={search_term_string}\"},\"query-input\":{\"@type\":\"PropertyValueSpecification\",\"valueRequired\":true,\"valueName\":\"search_term_string\"}}],\"inLanguage\":\"fr-FR\"}]}<\/script>\n<!-- \/ Yoast SEO plugin. -->","yoast_head_json":{"title":"ONG enfance - D\u00e9veloppement de l'enfant - Enfants du Monde","description":"Nous sensibilisons les parents pour qu'ils et elles connaissent les bons soins \u00e0 apporter \u00e0 leur enfant pour son bon d\u00e9veloppement.","robots":{"index":"index","follow":"follow","max-snippet":"max-snippet:-1","max-image-preview":"max-image-preview:large","max-video-preview":"max-video-preview:-1"},"canonical":"https:\/\/edm.ch\/fr\/developpement-cognitif-de-lenfant\/","og_locale":"fr_FR","og_type":"article","og_title":"ONG enfance - D\u00e9veloppement de l'enfant - Enfants du Monde","og_description":"Nous sensibilisons les parents pour qu'ils et elles connaissent les bons soins \u00e0 apporter \u00e0 leur enfant pour son bon d\u00e9veloppement.","og_url":"https:\/\/edm.ch\/fr\/developpement-cognitif-de-lenfant\/","og_site_name":"Enfants du monde","article_modified_time":"2024-07-12T11:34:00+00:00","twitter_card":"summary_large_image","schema":{"@context":"https:\/\/schema.org","@graph":[{"@type":"WebPage","@id":"https:\/\/edm.ch\/fr\/developpement-cognitif-de-lenfant\/","url":"https:\/\/edm.ch\/fr\/developpement-cognitif-de-lenfant\/","name":"ONG enfance - D\u00e9veloppement de l'enfant - Enfants du Monde","isPartOf":{"@id":"https:\/\/edm.ch\/en\/#website"},"datePublished":"2023-08-17T11:40:26+00:00","dateModified":"2024-07-12T11:34:00+00:00","description":"Nous sensibilisons les parents pour qu'ils et elles connaissent les bons soins \u00e0 apporter \u00e0 leur enfant pour son bon d\u00e9veloppement.","inLanguage":"fr-FR","potentialAction":[{"@type":"ReadAction","target":["https:\/\/edm.ch\/fr\/developpement-cognitif-de-lenfant\/"]}]},{"@type":"WebSite","@id":"https:\/\/edm.ch\/en\/#website","url":"https:\/\/edm.ch\/en\/","name":"Enfants du monde","description":"Association suisse","potentialAction":[{"@type":"SearchAction","target":{"@type":"EntryPoint","urlTemplate":"https:\/\/edm.ch\/en\/?s={search_term_string}"},"query-input":{"@type":"PropertyValueSpecification","valueRequired":true,"valueName":"search_term_string"}}],"inLanguage":"fr-FR"}]}},"_links":{"self":[{"href":"https:\/\/edm.ch\/fr\/wp-json\/wp\/v2\/pages\/5664","targetHints":{"allow":["GET"]}}],"collection":[{"href":"https:\/\/edm.ch\/fr\/wp-json\/wp\/v2\/pages"}],"about":[{"href":"https:\/\/edm.ch\/fr\/wp-json\/wp\/v2\/types\/page"}],"author":[{"embeddable":true,"href":"https:\/\/edm.ch\/fr\/wp-json\/wp\/v2\/users\/3"}],"replies":[{"embeddable":true,"href":"https:\/\/edm.ch\/fr\/wp-json\/wp\/v2\/comments?post=5664"}],"version-history":[{"count":13,"href":"https:\/\/edm.ch\/fr\/wp-json\/wp\/v2\/pages\/5664\/revisions"}],"predecessor-version":[{"id":31500,"href":"https:\/\/edm.ch\/fr\/wp-json\/wp\/v2\/pages\/5664\/revisions\/31500"}],"wp:attachment":[{"href":"https:\/\/edm.ch\/fr\/wp-json\/wp\/v2\/media?parent=5664"}],"curies":[{"name":"wp","href":"https:\/\/api.w.org\/{rel}","templated":true}]}}