{"id":4867,"date":"2023-08-16T13:51:51","date_gmt":"2023-08-16T13:51:51","guid":{"rendered":"https:\/\/edm.ch\/?page_id=4867"},"modified":"2023-08-28T17:12:11","modified_gmt":"2023-08-28T17:12:11","slug":"prevention-malnutrition","status":"publish","type":"page","link":"https:\/\/edm.ch\/fr\/prevention-malnutrition\/","title":{"rendered":"Pr\u00e9vention de la malnutrition"},"content":{"rendered":"<section class=\"subpageBanner\" style=\"display:\">\n    <div class=\"subpageBannerBlock figure_block\">\n        <img decoding=\"async\" data-src=\"https:\/\/edm.ch\/wp-content\/uploads\/2023\/08\/Enfants-du-monde_website_image-1430_banner-2500x800_.png\" src=\"data:image\/svg+xml;base64,PHN2ZyB3aWR0aD0iMSIgaGVpZ2h0PSIxIiB4bWxucz0iaHR0cDovL3d3dy53My5vcmcvMjAwMC9zdmciPjwvc3ZnPg==\" class=\"lazyload\" style=\"--smush-placeholder-width: 2500px; --smush-placeholder-aspect-ratio: 2500\/800;\" data-srcset=\"https:\/\/edm.ch\/wp-content\/uploads\/2023\/08\/Enfants-du-monde_website_image-1430_banner-2500x800_.png 2500w, https:\/\/edm.ch\/wp-content\/uploads\/2023\/08\/Enfants-du-monde_website_image-1430_banner-2500x800_-300x96.png 300w, https:\/\/edm.ch\/wp-content\/uploads\/2023\/08\/Enfants-du-monde_website_image-1430_banner-2500x800_-1024x328.png 1024w, https:\/\/edm.ch\/wp-content\/uploads\/2023\/08\/Enfants-du-monde_website_image-1430_banner-2500x800_-768x246.png 768w, https:\/\/edm.ch\/wp-content\/uploads\/2023\/08\/Enfants-du-monde_website_image-1430_banner-2500x800_-1536x492.png 1536w, https:\/\/edm.ch\/wp-content\/uploads\/2023\/08\/Enfants-du-monde_website_image-1430_banner-2500x800_-2048x655.png 2048w\" data-sizes=\"auto\" data-original-sizes=\"(max-width: 2500px) 100vw, 2500px\" \/>\n        <div class=\"subpageBannerWrap\">\n            <div class=\"container\">\n                <div class=\"content\">\n                    <div>\n                        <span class=\"bannerHead\"><\/span>\n                        <h1>Pr\u00e9vention de la malnutrition<\/h1>\n                    <\/div>\n                                    <\/div>\n            <\/div>\n        <\/div>\n            <\/div>\n<\/section>\n<script type=\"text\/javascript\">\n    jQuery(document).ready(function ($) {\n        \/\/ Check if the block exists\n        var bannerSection = $('#subpage-banner-section');\n\n        if (bannerSection.length > 0) {\n            \/\/ Move the block to the end of <main> just before the footer\n            $('main').append(bannerSection); \/\/ This will append it inside the <main> tag\n        }\n\n        $('.documentAccordion').on('click', function (e) {\n            e.preventDefault();  \/\/ Prevent default link action\n\n            \/\/ Target the section with the given ID\n            $('html, body').animate({\n                scrollTop: $('#subpage-banner-section').offset().top - 200\n            }, 1000);\n        });\n    });\n<\/script>\n\n\n        <section class=\" countSec\" style=\"display:\">\n        <div class=\"container\">\n            <div class=\"countHolder\">\n                <h2>En 2022<\/h2>\n                <div class=\"countBlock\">\n                    <div class=\"countRow\">\n\n                        \n                            <div class=\"countCol\">\n                                <div class=\"countColInner\">\n                                    <div class=\"imgBlock\">\n                                    <img decoding=\"async\" data-src=\"https:\/\/edm.ch\/wp-content\/uploads\/2023\/08\/Picto-enfant.png\" src=\"data:image\/svg+xml;base64,PHN2ZyB3aWR0aD0iMSIgaGVpZ2h0PSIxIiB4bWxucz0iaHR0cDovL3d3dy53My5vcmcvMjAwMC9zdmciPjwvc3ZnPg==\" class=\"lazyload\" style=\"--smush-placeholder-width: 160px; --smush-placeholder-aspect-ratio: 160\/160;\" data-srcset=\"https:\/\/edm.ch\/wp-content\/uploads\/2023\/08\/Picto-enfant.png 160w, https:\/\/edm.ch\/wp-content\/uploads\/2023\/08\/Picto-enfant-150x150.png 150w\" data-sizes=\"auto\" data-original-sizes=\"(max-width: 160px) 100vw, 160px\" \/>\n                                    <\/div>\n                                    <div class=\"content\">\n                                    <h2>810<\/h2>\n                                    <p>\u00e9l\u00e8ves ont b\u00e9n\u00e9fici\u00e9 d\u2019\u00e9ducation \u00e0 la nutrition<\/p>\n                                    <\/div>\n                                <\/div>\n                            <\/div>\n\n                        \n                            <div class=\"countCol\">\n                                <div class=\"countColInner\">\n                                    <div class=\"imgBlock\">\n                                    <img decoding=\"async\" data-src=\"https:\/\/edm.ch\/wp-content\/uploads\/2023\/08\/Picto-medecin.png\" src=\"data:image\/svg+xml;base64,PHN2ZyB3aWR0aD0iMSIgaGVpZ2h0PSIxIiB4bWxucz0iaHR0cDovL3d3dy53My5vcmcvMjAwMC9zdmciPjwvc3ZnPg==\" class=\"lazyload\" style=\"--smush-placeholder-width: 160px; --smush-placeholder-aspect-ratio: 160\/160;\" data-srcset=\"https:\/\/edm.ch\/wp-content\/uploads\/2023\/08\/Picto-medecin.png 160w, https:\/\/edm.ch\/wp-content\/uploads\/2023\/08\/Picto-medecin-150x150.png 150w\" data-sizes=\"auto\" data-original-sizes=\"(max-width: 160px) 100vw, 160px\" \/>\n                                    <\/div>\n                                    <div class=\"content\">\n                                    <h2>37<\/h2>\n                                    <p>parents d\u2019\u00e9l\u00e8ves ont \u00e9t\u00e9 sensibilis\u00e9s<\/p>\n                                    <\/div>\n                                <\/div>\n                            <\/div>\n\n                        \n                            <div class=\"countCol\">\n                                <div class=\"countColInner\">\n                                    <div class=\"imgBlock\">\n                                    <img decoding=\"async\" data-src=\"https:\/\/edm.ch\/wp-content\/uploads\/2023\/08\/Picto-enseignant-2.png\" src=\"data:image\/svg+xml;base64,PHN2ZyB3aWR0aD0iMSIgaGVpZ2h0PSIxIiB4bWxucz0iaHR0cDovL3d3dy53My5vcmcvMjAwMC9zdmciPjwvc3ZnPg==\" class=\"lazyload\" style=\"--smush-placeholder-width: 160px; --smush-placeholder-aspect-ratio: 160\/160;\" data-srcset=\"https:\/\/edm.ch\/wp-content\/uploads\/2023\/08\/Picto-enseignant-2.png 160w, https:\/\/edm.ch\/wp-content\/uploads\/2023\/08\/Picto-enseignant-2-150x150.png 150w\" data-sizes=\"auto\" data-original-sizes=\"(max-width: 160px) 100vw, 160px\" \/>\n                                    <\/div>\n                                    <div class=\"content\">\n                                    <h2>19<\/h2>\n                                    <p>membres du corps enseignants ont \u00e9t\u00e9 form\u00e9s<\/p>\n                                    <\/div>\n                                <\/div>\n                            <\/div>\n\n                        \n                    <\/div>\n                <\/div>\n                <div class=\"countBlockText\"><p><\/p><\/div>\n            <\/div>\n        <\/div>\n    <\/section>\n\n        <section class=\"contentSec\" style=\"display:\">\n        <div class=\"container\">\n            <div class=\"contentBlock\">\n                <h5>Enfants du Monde pr\u00e9vient la malnutrition dans les \u00e9coles<\/h5>\n                <p>Dans les \u00e9coles, nous formons des enseignant\u00b7es et d\u00e9veloppons des activit\u00e9s ludiques et \u00e9ducatives pour transmettre aux enfants et \u00e0 leurs parents les principes d\u2019une alimentation saine et nutritive bas\u00e9e sur les produits locaux, afin de pr\u00e9venir la malnutrition et favoriser la r\u00e9silience.<\/p>\n                            <\/div>\n        <\/div>\n    <\/section>\n\n\n    \n    <section class=\"leftTextRightImg \" style=\"display:\">\n        <div class=\"container\">\n            <div class=\"leftTextRightImgRow\">\n                                    <div class=\"right\">\n                                                    <div class=\"imgBlock\">\n                                <a class=\"figure_block\" href=\"https:\/\/edm.ch\/wp-content\/uploads\/2023\/08\/6598.png\" data-fancybox data-caption=\"\">\n                                    <img decoding=\"async\" data-src=\"https:\/\/edm.ch\/wp-content\/uploads\/2023\/08\/6598.png\" src=\"data:image\/svg+xml;base64,PHN2ZyB3aWR0aD0iMSIgaGVpZ2h0PSIxIiB4bWxucz0iaHR0cDovL3d3dy53My5vcmcvMjAwMC9zdmciPjwvc3ZnPg==\" class=\"lazyload\" style=\"--smush-placeholder-width: 1920px; --smush-placeholder-aspect-ratio: 1920\/1920;\" data-srcset=\"https:\/\/edm.ch\/wp-content\/uploads\/2023\/08\/6598.png 1920w, https:\/\/edm.ch\/wp-content\/uploads\/2023\/08\/6598-300x300.png 300w, https:\/\/edm.ch\/wp-content\/uploads\/2023\/08\/6598-1024x1024.png 1024w, https:\/\/edm.ch\/wp-content\/uploads\/2023\/08\/6598-150x150.png 150w, https:\/\/edm.ch\/wp-content\/uploads\/2023\/08\/6598-768x768.png 768w, https:\/\/edm.ch\/wp-content\/uploads\/2023\/08\/6598-1536x1536.png 1536w\" data-sizes=\"auto\" data-original-sizes=\"(max-width: 1920px) 100vw, 1920px\" \/>\n                                                                    <\/a>\n                                <figcaption><\/figcaption>\n                            <\/div>\n                                            <\/div>\n                                                    <div class=\"left\">\n                        <div class=\"content\">\n                            <h3>                                Transmettre les principes d&rsquo;une alimentation saine et nutritive aux enfants d&rsquo;Ambanja <small><\/small>\n                            <\/h3>                                                            <p>Afin de combattre la malnutrition, notre \u00e9quipe a d\u00e9velopp\u00e9 diff\u00e9rents manuels et jeux pour que les enseignant\u00b7es puissent transmettre aux \u00e9l\u00e8ves les principes d\u2019une alimentation \u00e0 la fois saine et nutritive.<\/p>\n<ul>\n<li><strong>Un guide pour les enseignant\u00b7es<\/strong>, alliant th\u00e9orie et pratique. Le guide contient des informations de base sur les principes nutritionnels, l\u2019hygi\u00e8ne, la malnutrition, ainsi que des activit\u00e9s ludiques \u00e0 r\u00e9aliser en classe. L\u2019objectif est de faire changer les habitudes alimentaires des \u00e9l\u00e8ves et de leur famille\u00a0;<\/li>\n<li><strong>Un livret sous forme de bande dessin\u00e9e pour les enfants<\/strong>, dont l\u2019histoire se base sur trois personnages malgaches auxquels les \u00e9l\u00e8ves peuvent facilement s\u2019identifier. Ils\/elles d\u00e9couvrent les principes d\u2019une alimentation saine, nutritive, vari\u00e9e et adapt\u00e9e aux habitudes alimentaires locales.<\/li>\n<\/ul>\n                                                                                                            <\/div>\n                    <\/div>\n                            <\/div>\n        <\/div>\n    <\/section>\n\n\n    <section class=\"activitySec\" style=\"display:\">\n      <div class=\"container\">\n        <div class=\"secTitle\">\n            <h2>Dans les pays en pratique<\/h2>\n        <\/div>\n        <div class=\"activityRow\">\n\n            \n                <div class=\"activityCol\">\n                    <div class=\"activityColInner\">\n                        <div class=\"imgBlock\">\n                            <a href=\"http:\/\/edm.ch\/projects\/madagascar-education-a-la-nutrition\/\">                                <img decoding=\"async\" data-src=\"https:\/\/edm.ch\/wp-content\/uploads\/2023\/08\/RS1429_Madagascar.png\" alt=\"EMD-img\" src=\"data:image\/svg+xml;base64,PHN2ZyB3aWR0aD0iMSIgaGVpZ2h0PSIxIiB4bWxucz0iaHR0cDovL3d3dy53My5vcmcvMjAwMC9zdmciPjwvc3ZnPg==\" class=\"lazyload\" style=\"--smush-placeholder-width: 1920px; --smush-placeholder-aspect-ratio: 1920\/1920;\" data-srcset=\"https:\/\/edm.ch\/wp-content\/uploads\/2023\/08\/RS1429_Madagascar.png 1920w, https:\/\/edm.ch\/wp-content\/uploads\/2023\/08\/RS1429_Madagascar-300x300.png 300w, https:\/\/edm.ch\/wp-content\/uploads\/2023\/08\/RS1429_Madagascar-1024x1024.png 1024w, https:\/\/edm.ch\/wp-content\/uploads\/2023\/08\/RS1429_Madagascar-150x150.png 150w, https:\/\/edm.ch\/wp-content\/uploads\/2023\/08\/RS1429_Madagascar-768x768.png 768w, https:\/\/edm.ch\/wp-content\/uploads\/2023\/08\/RS1429_Madagascar-1536x1536.png 1536w\" data-sizes=\"auto\" data-original-sizes=\"(max-width: 1920px) 100vw, 1920px\" \/>\n                            <\/a>                        <\/div>\n                        <div class=\"contentBlock\">\n                            <h3>Madagascar<\/h3>\n                            <p>Depuis janvier 2021, Enfants du Monde, en collaboration avec l\u2019ONG Partenaire CO.P.E., soutient un projet pilote d\u2019\u00e9ducation nutritionnelle dans trois \u00e9coles primaires d\u2019Ambanja, dans le nord du pays.<\/p>\n                                                            <a href=\"http:\/\/edm.ch\/projects\/madagascar-education-a-la-nutrition\/\" class=\"btnWhite\">En savoir plus<\/a>\n                                                    <\/div>\n                    <\/div>\n                <\/div>\n\n                        \n        <\/div>\n      <\/div>\n    <\/section>\n\n\n    \n    <section class=\"quoteImage rightTextLeftImg \" style=\"display:\">\n        <div class=\"container\">\n            <div class=\"rightTextLeftImgRow\">\n                                    <div class=\"left\">\n                                                    <div class=\"imgBlock\">\n                                <a class=\"figure_block\" href=\"https:\/\/edm.ch\/wp-content\/uploads\/2023\/08\/7045.png\" data-fancybox data-caption=\"\">\n                                    <img decoding=\"async\" data-src=\"https:\/\/edm.ch\/wp-content\/uploads\/2023\/08\/7045.png\" src=\"data:image\/svg+xml;base64,PHN2ZyB3aWR0aD0iMSIgaGVpZ2h0PSIxIiB4bWxucz0iaHR0cDovL3d3dy53My5vcmcvMjAwMC9zdmciPjwvc3ZnPg==\" class=\"lazyload\" style=\"--smush-placeholder-width: 1920px; --smush-placeholder-aspect-ratio: 1920\/1920;\" data-srcset=\"https:\/\/edm.ch\/wp-content\/uploads\/2023\/08\/7045.png 1920w, https:\/\/edm.ch\/wp-content\/uploads\/2023\/08\/7045-300x300.png 300w, https:\/\/edm.ch\/wp-content\/uploads\/2023\/08\/7045-1024x1024.png 1024w, https:\/\/edm.ch\/wp-content\/uploads\/2023\/08\/7045-150x150.png 150w, https:\/\/edm.ch\/wp-content\/uploads\/2023\/08\/7045-768x768.png 768w, https:\/\/edm.ch\/wp-content\/uploads\/2023\/08\/7045-1536x1536.png 1536w\" data-sizes=\"auto\" data-original-sizes=\"(max-width: 1920px) 100vw, 1920px\" \/>\n                                                                    <\/a>\n                                <figcaption><\/figcaption>\n                            <\/div>\n                                            <\/div>\n                                                    <div class=\"right\">\n                        <div class=\"content\">\n                            <h4>                                Sylvia Newkeze <small>Directrice de l&rsquo;\u00e9cole maternelle priv\u00e9e Mangafally<\/small>\n                            <\/h4>                            <div class=\"quote\">                                <p>Ce projet est important pour nous et pour les enfants car nous apprenons \u00e0 mieux cuisiner les aliments locaux. Les manuels p\u00e9dagogiques nous permettent d\u2019approfondir nos connaissances sur la bonne alimentation et nous rendent autonome dans la transmission de ces connaissances \u00e0 nos \u00e9l\u00e8ves.<\/p>\n                            <\/div>                                                                                <\/div>\n                    <\/div>\n                            <\/div>\n        <\/div>\n    <\/section>\n\n\n    <section class=\"donation_count\" style=\"display:\">\n        <div class=\"inner_row\">\n            <div class=\"right_img_block\">\n                <div class=\"img_block figure_block\">\n                    <img decoding=\"async\" data-src=\"https:\/\/edm.ch\/wp-content\/uploads\/2023\/08\/6586.png\" alt=\"\" src=\"data:image\/svg+xml;base64,PHN2ZyB3aWR0aD0iMSIgaGVpZ2h0PSIxIiB4bWxucz0iaHR0cDovL3d3dy53My5vcmcvMjAwMC9zdmciPjwvc3ZnPg==\" class=\"lazyload\" style=\"--smush-placeholder-width: 1920px; --smush-placeholder-aspect-ratio: 1920\/1920;\" data-srcset=\"https:\/\/edm.ch\/wp-content\/uploads\/2023\/08\/6586.png 1920w, https:\/\/edm.ch\/wp-content\/uploads\/2023\/08\/6586-300x300.png 300w, https:\/\/edm.ch\/wp-content\/uploads\/2023\/08\/6586-1024x1024.png 1024w, https:\/\/edm.ch\/wp-content\/uploads\/2023\/08\/6586-150x150.png 150w, https:\/\/edm.ch\/wp-content\/uploads\/2023\/08\/6586-768x768.png 768w, https:\/\/edm.ch\/wp-content\/uploads\/2023\/08\/6586-1536x1536.png 1536w\" data-sizes=\"auto\" data-original-sizes=\"(max-width: 1920px) 100vw, 1920px\">\n                                    <\/div>\n            <\/div>\n            <div class=\"left_txt_block\">\n                <div class=\"txt_contents\">\n                    <h3>Mon don fait la diff\u00e9rence<\/h3>\n                    <div class=\"block_txts\">\n                                                    <div class=\"item\">\n                                <span class=\"title\">Par exemple :<\/span>\n                                <p><\/p>\n                            <\/div>\n                                                    <div class=\"item\">\n                                <span class=\"title\">Avec 75 francs<\/span>\n                                <p>J\u2019offre un livret sur les principes nutritionnels \u00e0 30 \u00e9l\u00e8ves \u00e0 Madagascar.  <\/p>\n                            <\/div>\n                                                    <div class=\"item\">\n                                <span class=\"title\">Avec 100 francs<\/span>\n                                <p>J\u2019offre \u00e0 11 enseignant.es \u00e0 Madagascar un kit de mat\u00e9riel pour mettre en place des activit\u00e9s ludiques autour de la nutrition avec ses \u00e9l\u00e8ves. <\/p>\n                            <\/div>\n                                                    <div class=\"item\">\n                                <span class=\"title\">Avec 150 francs<\/span>\n                                <p>J\u2019offre une formation \u00e0 6 enseignant.es sur la pr\u00e9vention de la malnutrition dans son \u00e9cole. <\/p>\n                            <\/div>\n                                                                            <a href=\"https:\/\/don.edm.ch\/fr\" class=\"btnWhite buttonDonation\">\n                                Je fais un don                            <\/a>\n                                            <\/div>\n                <\/div>\n            <\/div>\n        <\/div>\n    <\/section>","protected":false},"excerpt":{"rendered":"","protected":false},"author":3,"featured_media":0,"parent":0,"menu_order":0,"comment_status":"closed","ping_status":"closed","template":"templates\/yellow-line-1.php","meta":{"_acf_changed":false,"inline_featured_image":false,"footnotes":""},"class_list":["post-4867","page","type-page","status-publish","hentry"],"acf":[],"yoast_head":"<!-- This site is optimized with the Yoast SEO plugin v26.9 - https:\/\/yoast.com\/product\/yoast-seo-wordpress\/ -->\n<title>Pr\u00e9vention de la malnutrition - Madagascar - Enfants du Monde<\/title>\n<meta name=\"description\" content=\"Enfants du Monde forme des enseignant\u00b7es et d\u00e9veloppe des activit\u00e9s \u00e9ducatives afin de pr\u00e9venir la malnutrition et favoriser la r\u00e9silience.\" \/>\n<meta name=\"robots\" content=\"index, follow, max-snippet:-1, max-image-preview:large, max-video-preview:-1\" \/>\n<link rel=\"canonical\" href=\"https:\/\/edm.ch\/fr\/prevention-malnutrition\/\" \/>\n<meta property=\"og:locale\" content=\"fr_FR\" \/>\n<meta property=\"og:type\" content=\"article\" \/>\n<meta property=\"og:title\" content=\"Pr\u00e9vention de la malnutrition - Madagascar - Enfants du Monde\" \/>\n<meta property=\"og:description\" content=\"Enfants du Monde forme des enseignant\u00b7es et d\u00e9veloppe des activit\u00e9s \u00e9ducatives afin de pr\u00e9venir la malnutrition et favoriser la r\u00e9silience.\" \/>\n<meta property=\"og:url\" content=\"https:\/\/edm.ch\/fr\/prevention-malnutrition\/\" \/>\n<meta property=\"og:site_name\" content=\"Enfants du monde\" \/>\n<meta property=\"article:modified_time\" content=\"2023-08-28T17:12:11+00:00\" \/>\n<meta name=\"twitter:card\" content=\"summary_large_image\" \/>\n<script type=\"application\/ld+json\" class=\"yoast-schema-graph\">{\"@context\":\"https:\/\/schema.org\",\"@graph\":[{\"@type\":\"WebPage\",\"@id\":\"https:\/\/edm.ch\/fr\/prevention-malnutrition\/\",\"url\":\"https:\/\/edm.ch\/fr\/prevention-malnutrition\/\",\"name\":\"Pr\u00e9vention de la malnutrition - Madagascar - Enfants du Monde\",\"isPartOf\":{\"@id\":\"https:\/\/edm.ch\/en\/#website\"},\"datePublished\":\"2023-08-16T13:51:51+00:00\",\"dateModified\":\"2023-08-28T17:12:11+00:00\",\"description\":\"Enfants du Monde forme des enseignant\u00b7es et d\u00e9veloppe des activit\u00e9s \u00e9ducatives afin de pr\u00e9venir la malnutrition et favoriser la r\u00e9silience.\",\"inLanguage\":\"fr-FR\",\"potentialAction\":[{\"@type\":\"ReadAction\",\"target\":[\"https:\/\/edm.ch\/fr\/prevention-malnutrition\/\"]}]},{\"@type\":\"WebSite\",\"@id\":\"https:\/\/edm.ch\/en\/#website\",\"url\":\"https:\/\/edm.ch\/en\/\",\"name\":\"Enfants du monde\",\"description\":\"Association suisse\",\"potentialAction\":[{\"@type\":\"SearchAction\",\"target\":{\"@type\":\"EntryPoint\",\"urlTemplate\":\"https:\/\/edm.ch\/en\/?s={search_term_string}\"},\"query-input\":{\"@type\":\"PropertyValueSpecification\",\"valueRequired\":true,\"valueName\":\"search_term_string\"}}],\"inLanguage\":\"fr-FR\"}]}<\/script>\n<!-- \/ Yoast SEO plugin. -->","yoast_head_json":{"title":"Pr\u00e9vention de la malnutrition - Madagascar - Enfants du Monde","description":"Enfants du Monde forme des enseignant\u00b7es et d\u00e9veloppe des activit\u00e9s \u00e9ducatives afin de pr\u00e9venir la malnutrition et favoriser la r\u00e9silience.","robots":{"index":"index","follow":"follow","max-snippet":"max-snippet:-1","max-image-preview":"max-image-preview:large","max-video-preview":"max-video-preview:-1"},"canonical":"https:\/\/edm.ch\/fr\/prevention-malnutrition\/","og_locale":"fr_FR","og_type":"article","og_title":"Pr\u00e9vention de la malnutrition - Madagascar - Enfants du Monde","og_description":"Enfants du Monde forme des enseignant\u00b7es et d\u00e9veloppe des activit\u00e9s \u00e9ducatives afin de pr\u00e9venir la malnutrition et favoriser la r\u00e9silience.","og_url":"https:\/\/edm.ch\/fr\/prevention-malnutrition\/","og_site_name":"Enfants du monde","article_modified_time":"2023-08-28T17:12:11+00:00","twitter_card":"summary_large_image","schema":{"@context":"https:\/\/schema.org","@graph":[{"@type":"WebPage","@id":"https:\/\/edm.ch\/fr\/prevention-malnutrition\/","url":"https:\/\/edm.ch\/fr\/prevention-malnutrition\/","name":"Pr\u00e9vention de la malnutrition - Madagascar - Enfants du Monde","isPartOf":{"@id":"https:\/\/edm.ch\/en\/#website"},"datePublished":"2023-08-16T13:51:51+00:00","dateModified":"2023-08-28T17:12:11+00:00","description":"Enfants du Monde forme des enseignant\u00b7es et d\u00e9veloppe des activit\u00e9s \u00e9ducatives afin de pr\u00e9venir la malnutrition et favoriser la r\u00e9silience.","inLanguage":"fr-FR","potentialAction":[{"@type":"ReadAction","target":["https:\/\/edm.ch\/fr\/prevention-malnutrition\/"]}]},{"@type":"WebSite","@id":"https:\/\/edm.ch\/en\/#website","url":"https:\/\/edm.ch\/en\/","name":"Enfants du monde","description":"Association suisse","potentialAction":[{"@type":"SearchAction","target":{"@type":"EntryPoint","urlTemplate":"https:\/\/edm.ch\/en\/?s={search_term_string}"},"query-input":{"@type":"PropertyValueSpecification","valueRequired":true,"valueName":"search_term_string"}}],"inLanguage":"fr-FR"}]}},"_links":{"self":[{"href":"https:\/\/edm.ch\/fr\/wp-json\/wp\/v2\/pages\/4867","targetHints":{"allow":["GET"]}}],"collection":[{"href":"https:\/\/edm.ch\/fr\/wp-json\/wp\/v2\/pages"}],"about":[{"href":"https:\/\/edm.ch\/fr\/wp-json\/wp\/v2\/types\/page"}],"author":[{"embeddable":true,"href":"https:\/\/edm.ch\/fr\/wp-json\/wp\/v2\/users\/3"}],"replies":[{"embeddable":true,"href":"https:\/\/edm.ch\/fr\/wp-json\/wp\/v2\/comments?post=4867"}],"version-history":[{"count":19,"href":"https:\/\/edm.ch\/fr\/wp-json\/wp\/v2\/pages\/4867\/revisions"}],"predecessor-version":[{"id":12513,"href":"https:\/\/edm.ch\/fr\/wp-json\/wp\/v2\/pages\/4867\/revisions\/12513"}],"wp:attachment":[{"href":"https:\/\/edm.ch\/fr\/wp-json\/wp\/v2\/media?parent=4867"}],"curies":[{"name":"wp","href":"https:\/\/api.w.org\/{rel}","templated":true}]}}