{"id":4501,"date":"2023-08-16T07:53:56","date_gmt":"2023-08-16T07:53:56","guid":{"rendered":"https:\/\/edm.ch\/?page_id=4501"},"modified":"2025-11-07T16:08:41","modified_gmt":"2025-11-07T16:08:41","slug":"equipes","status":"publish","type":"page","link":"https:\/\/edm.ch\/fr\/equipes\/","title":{"rendered":"\u00c9quipe en Suisse et dans le monde"},"content":{"rendered":"<section class=\"subpageBanner\" style=\"display:\">\n    <div class=\"subpageBannerBlock figure_block\">\n        <img decoding=\"async\" data-src=\"https:\/\/edm.ch\/wp-content\/uploads\/2023\/08\/enfants_du_monde_website_image_-photo_de_groupe.png\" src=\"data:image\/svg+xml;base64,PHN2ZyB3aWR0aD0iMSIgaGVpZ2h0PSIxIiB4bWxucz0iaHR0cDovL3d3dy53My5vcmcvMjAwMC9zdmciPjwvc3ZnPg==\" class=\"lazyload\" style=\"--smush-placeholder-width: 2500px; --smush-placeholder-aspect-ratio: 2500\/800;\" data-srcset=\"https:\/\/edm.ch\/wp-content\/uploads\/2023\/08\/enfants_du_monde_website_image_-photo_de_groupe.png 2500w, https:\/\/edm.ch\/wp-content\/uploads\/2023\/08\/enfants_du_monde_website_image_-photo_de_groupe-300x96.png 300w, https:\/\/edm.ch\/wp-content\/uploads\/2023\/08\/enfants_du_monde_website_image_-photo_de_groupe-1024x328.png 1024w, https:\/\/edm.ch\/wp-content\/uploads\/2023\/08\/enfants_du_monde_website_image_-photo_de_groupe-768x246.png 768w, https:\/\/edm.ch\/wp-content\/uploads\/2023\/08\/enfants_du_monde_website_image_-photo_de_groupe-1536x492.png 1536w, https:\/\/edm.ch\/wp-content\/uploads\/2023\/08\/enfants_du_monde_website_image_-photo_de_groupe-2048x655.png 2048w\" data-sizes=\"auto\" data-original-sizes=\"(max-width: 2500px) 100vw, 2500px\" \/>\n        <div class=\"subpageBannerWrap\">\n            <div class=\"container\">\n                <div class=\"content\">\n                    <div>\n                        <span class=\"bannerHead\"><\/span>\n                        <h1>\u00c9quipes d&rsquo;Enfants du Monde<\/h1>\n                    <\/div>\n                                    <\/div>\n            <\/div>\n        <\/div>\n            <\/div>\n<\/section>\n<script type=\"text\/javascript\">\n    jQuery(document).ready(function ($) {\n        \/\/ Check if the block exists\n        var bannerSection = $('#subpage-banner-section');\n\n        if (bannerSection.length > 0) {\n            \/\/ Move the block to the end of <main> just before the footer\n            $('main').append(bannerSection); \/\/ This will append it inside the <main> tag\n        }\n\n        $('.documentAccordion').on('click', function (e) {\n            e.preventDefault();  \/\/ Prevent default link action\n\n            \/\/ Target the section with the given ID\n            $('html, body').animate({\n                scrollTop: $('#subpage-banner-section').offset().top - 200\n            }, 1000);\n        });\n    });\n<\/script>\n\n        <section class=\"contentSec\" style=\"display:\">\n        <div class=\"container\">\n            <div class=\"contentBlock\">\n                <h5><\/h5>\n                <h2>Des sp\u00e9cialistes aux comp\u00e9tences et expertises vari\u00e9es<\/h2>\n<p>Notre ONG Enfants du Monde accueille <strong>une \u00e9quipe compos\u00e9e d&rsquo;une centaine de personnes dans le monde<\/strong>. Le secr\u00e9tariat du si\u00e8ge \u00e0 Gen\u00e8ve, supervis\u00e9 par le Comit\u00e9, collabore \u00e9troitement avec nos bureaux r\u00e9gionaux et nos <a href=\"https:\/\/edm.ch\/fr\/partenaires-et-reseaux\/\">partenaires<\/a> locaux.<\/p>\n<p>Pour mener \u00e0 bien ses projets, notre ONG suisse peut compter sur <strong>l&rsquo;expertise de ses collaborateur\u00b7trices<\/strong> qui sont des sp\u00e9cialistes de haut niveau dans les domaines de l&rsquo;\u00e9ducation et de la sant\u00e9, ainsi que dans la gestion de programmes. Ils et ell mettent leurs exp\u00e9riences et connaissances techniques au service des \u00c9tats et des partenaires locaux afin de <strong>contribuer au d\u00e9veloppement durable de nos pays d\u2019intervention.<\/strong><\/p>\n<p>Les comp\u00e9tences d\u2019autres coll\u00e8gues en gestion, r\u00e9colte de fonds, communication et informatique de notre \u00e9quipe sont \u00e9galement pr\u00e9cieuses. Elles sont indispensables au bon fonctionnement et \u00e0 la promotion de notre ONG, de sa <a href=\"https:\/\/edm.ch\/fr\/notre-ong\/\">mission humanitaire<\/a> et de ses valeurs.<\/p>\n                                    <a href=\"https:\/\/edm.ch\/fr\/emploi\/\" class=\"btnBlue small\">\n                        <span>Consultez les offres d&#039;emploi<\/span>\n                    <\/a>\n                            <\/div>\n        <\/div>\n    <\/section>\n\n\n\n<section class=\"team-listing-block\">\n      <div class=\"team-filter-sec\">\n      <div class=\"container\">\n        <ul class=\"filter-list-teams\">\n          <input type=\"hidden\" class=\"allCatName\" value='[&quot;secretariat&quot;,&quot;comite&quot;,&quot;direction&quot;,&quot;sante-et-education&quot;,&quot;sante&quot;,&quot;bangladesh&quot;,&quot;burkina-faso&quot;,&quot;guatemala&quot;,&quot;equipe-suisse&quot;,&quot;tchad&quot;]'>              <li class=\"active\"                data-attr=\"secretariat\">Secr\u00e9tariat<\/li>\n                            <li                 data-attr=\"comite\">Comit\u00e9<\/li>\n                            <li                 data-attr=\"direction\">Direction<\/li>\n                            <li                 data-attr=\"sante-et-education\">\u00c9ducation<\/li>\n                            <li                 data-attr=\"sante\">Sant\u00e9<\/li>\n                            <li                 data-attr=\"bangladesh\">Bangladesh<\/li>\n                            <li                 data-attr=\"burkina-faso\">Burkina Faso<\/li>\n                            <li                 data-attr=\"guatemala\">Guatemala<\/li>\n                            <li                 data-attr=\"equipe-suisse\">Suisse<\/li>\n                            <li                 data-attr=\"tchad\">Tchad<\/li>\n                      <\/ul>\n      <\/div>\n    <\/div>\n    <!-- team filter sec end -->\n\n    <input type=\"hidden\" class=\"orderType\" value=\"\">\n  <input type=\"hidden\" class=\"showcatName\" value=\"\">\n  <div class=\"teamSec\">\n\n    <div class=\"container teamBlockResult\">\n\n    <\/div>\n\n  <\/div>\n<\/section>\n\n        <section class=\"contentSec\" style=\"display:\">\n        <div class=\"container\">\n            <div class=\"contentBlock\">\n                <h5><\/h5>\n                <h2><a name=\"benevoles\"><\/a>B\u00e9n\u00e9voles<\/h2>\n<p>Enfants du Monde a la chance de pouvoir compter sur <strong>l&rsquo;engagement de g\u00e9n\u00e9reuses personnes<\/strong> <strong>en tant que b\u00e9n\u00e9voles de notre association<\/strong>. Gr\u00e2ce \u00e0 leur pr\u00e9cieux soutien, nous menons \u00e0 bien de nombreuses activit\u00e9s<strong> essentielles au bon fonctionnement<\/strong> de notre association, tout en maintenant nos frais administratifs bas.<\/p>\n<p>&nbsp;<\/p>\n<h5><a href=\"https:\/\/www.edm.ch\/fr\/contact-fr\">Contactez-nous pour devenir b\u00e9n\u00e9voles<\/a><\/h5>\n                            <\/div>\n        <\/div>\n    <\/section>\n\n\n    \n    <section class=\"quoteImage rightTextLeftImg \" style=\"display:\">\n        <div class=\"container\">\n            <div class=\"rightTextLeftImgRow\">\n                                    <div class=\"left\">\n                                                    <div class=\"imgBlock\">\n                                <a class=\"figure_block\" href=\"https:\/\/edm.ch\/wp-content\/uploads\/2023\/08\/5.png\" data-fancybox data-caption=\"\">\n                                    <img decoding=\"async\" data-src=\"https:\/\/edm.ch\/wp-content\/uploads\/2023\/08\/5.png\" src=\"data:image\/svg+xml;base64,PHN2ZyB3aWR0aD0iMSIgaGVpZ2h0PSIxIiB4bWxucz0iaHR0cDovL3d3dy53My5vcmcvMjAwMC9zdmciPjwvc3ZnPg==\" class=\"lazyload\" style=\"--smush-placeholder-width: 560px; --smush-placeholder-aspect-ratio: 560\/560;\" data-srcset=\"https:\/\/edm.ch\/wp-content\/uploads\/2023\/08\/5.png 560w, https:\/\/edm.ch\/wp-content\/uploads\/2023\/08\/5-300x300.png 300w, https:\/\/edm.ch\/wp-content\/uploads\/2023\/08\/5-150x150.png 150w\" data-sizes=\"auto\" data-original-sizes=\"(max-width: 560px) 100vw, 560px\" \/>\n                                                                    <\/a>\n                                <figcaption><\/figcaption>\n                            <\/div>\n                                            <\/div>\n                                                    <div class=\"right\">\n                        <div class=\"content\">\n                            <h2>                                Helene Kubasky <small>traductrice b\u00e9n\u00e9vole, Suisse<\/small>\n                            <\/h2>                            <div class=\"quote\">                                <p>J&rsquo;effectue des traductions vers l\u2019allemand selon les besoins du bureau \u00e0 Gen\u00e8ve. Je m\u2019investis en tant que b\u00e9n\u00e9vole parce que je trouve les projets d&rsquo;Enfants du Monde tr\u00e8s bien con\u00e7us.<\/p>\n                            <\/div>                                                            <a href=\"https:\/\/www.edm.ch\/images\/stories\/docs\/francais\/2022.01_Enfants_du_Monde_CharteDesBenevoles.pdf\" class=\"btnBlue\">Charte des b\u00e9n\u00e9voles<\/a>\n                                                                                <\/div>\n                    <\/div>\n                            <\/div>\n        <\/div>\n    <\/section>","protected":false},"excerpt":{"rendered":"","protected":false},"author":1,"featured_media":2645,"parent":0,"menu_order":0,"comment_status":"closed","ping_status":"closed","template":"templates\/yellow-line-1.php","meta":{"_acf_changed":false,"inline_featured_image":false,"footnotes":""},"class_list":["post-4501","page","type-page","status-publish","has-post-thumbnail","hentry"],"acf":[],"yoast_head":"<!-- This site is optimized with the Yoast SEO plugin v26.9 - https:\/\/yoast.com\/product\/yoast-seo-wordpress\/ -->\n<title>\u00c9quipe au si\u00e8ge en Suisse - Enfants du monde<\/title>\n<meta name=\"description\" content=\"Rencontrez l&#039;\u00e9quipe de notre ONG Enfants du Monde Suisse. Bas\u00e9e \u00e0 Gen\u00e8ve elle collabore avec les bureaux r\u00e9gionaux et les partenaires locaux\" \/>\n<meta name=\"robots\" content=\"index, follow, max-snippet:-1, max-image-preview:large, max-video-preview:-1\" \/>\n<link rel=\"canonical\" href=\"https:\/\/edm.ch\/fr\/equipes\/\" \/>\n<meta property=\"og:locale\" content=\"fr_FR\" \/>\n<meta property=\"og:type\" content=\"article\" \/>\n<meta property=\"og:title\" content=\"\u00c9quipe au si\u00e8ge en Suisse - Enfants du monde\" \/>\n<meta property=\"og:description\" content=\"Rencontrez l&#039;\u00e9quipe de notre ONG Enfants du Monde Suisse. Bas\u00e9e \u00e0 Gen\u00e8ve elle collabore avec les bureaux r\u00e9gionaux et les partenaires locaux\" \/>\n<meta property=\"og:url\" content=\"https:\/\/edm.ch\/fr\/equipes\/\" \/>\n<meta property=\"og:site_name\" content=\"Enfants du monde\" \/>\n<meta property=\"article:modified_time\" content=\"2025-11-07T16:08:41+00:00\" \/>\n<meta property=\"og:image\" content=\"https:\/\/edm.ch\/wp-content\/uploads\/2023\/08\/Equipe_1920_RS6943-1024x1024.png\" \/>\n\t<meta property=\"og:image:width\" content=\"1024\" \/>\n\t<meta property=\"og:image:height\" content=\"1024\" \/>\n\t<meta property=\"og:image:type\" content=\"image\/png\" \/>\n<meta name=\"twitter:card\" content=\"summary_large_image\" \/>\n<meta name=\"twitter:label1\" content=\"Est. reading time\" \/>\n\t<meta name=\"twitter:data1\" content=\"1 minute\" \/>\n<script type=\"application\/ld+json\" class=\"yoast-schema-graph\">{\"@context\":\"https:\/\/schema.org\",\"@graph\":[{\"@type\":\"WebPage\",\"@id\":\"https:\/\/edm.ch\/fr\/equipes\/\",\"url\":\"https:\/\/edm.ch\/fr\/equipes\/\",\"name\":\"\u00c9quipe au si\u00e8ge en Suisse - Enfants du monde\",\"isPartOf\":{\"@id\":\"https:\/\/edm.ch\/en\/#website\"},\"primaryImageOfPage\":{\"@id\":\"https:\/\/edm.ch\/fr\/equipes\/#primaryimage\"},\"image\":{\"@id\":\"https:\/\/edm.ch\/fr\/equipes\/#primaryimage\"},\"thumbnailUrl\":\"https:\/\/edm.ch\/wp-content\/uploads\/2023\/08\/Equipe_1920_RS6943.png\",\"datePublished\":\"2023-08-16T07:53:56+00:00\",\"dateModified\":\"2025-11-07T16:08:41+00:00\",\"description\":\"Rencontrez l'\u00e9quipe de notre ONG Enfants du Monde Suisse. Bas\u00e9e \u00e0 Gen\u00e8ve elle collabore avec les bureaux r\u00e9gionaux et les partenaires locaux\",\"inLanguage\":\"fr-FR\",\"potentialAction\":[{\"@type\":\"ReadAction\",\"target\":[\"https:\/\/edm.ch\/fr\/equipes\/\"]}]},{\"@type\":\"ImageObject\",\"inLanguage\":\"fr-FR\",\"@id\":\"https:\/\/edm.ch\/fr\/equipes\/#primaryimage\",\"url\":\"https:\/\/edm.ch\/wp-content\/uploads\/2023\/08\/Equipe_1920_RS6943.png\",\"contentUrl\":\"https:\/\/edm.ch\/wp-content\/uploads\/2023\/08\/Equipe_1920_RS6943.png\",\"width\":1920,\"height\":1920,\"caption\":\"\u00a9 Enfants du Monde\"},{\"@type\":\"WebSite\",\"@id\":\"https:\/\/edm.ch\/en\/#website\",\"url\":\"https:\/\/edm.ch\/en\/\",\"name\":\"Enfants du monde\",\"description\":\"Association suisse\",\"potentialAction\":[{\"@type\":\"SearchAction\",\"target\":{\"@type\":\"EntryPoint\",\"urlTemplate\":\"https:\/\/edm.ch\/en\/?s={search_term_string}\"},\"query-input\":{\"@type\":\"PropertyValueSpecification\",\"valueRequired\":true,\"valueName\":\"search_term_string\"}}],\"inLanguage\":\"fr-FR\"}]}<\/script>\n<!-- \/ Yoast SEO plugin. -->","yoast_head_json":{"title":"\u00c9quipe au si\u00e8ge en Suisse - Enfants du monde","description":"Rencontrez l'\u00e9quipe de notre ONG Enfants du Monde Suisse. Bas\u00e9e \u00e0 Gen\u00e8ve elle collabore avec les bureaux r\u00e9gionaux et les partenaires locaux","robots":{"index":"index","follow":"follow","max-snippet":"max-snippet:-1","max-image-preview":"max-image-preview:large","max-video-preview":"max-video-preview:-1"},"canonical":"https:\/\/edm.ch\/fr\/equipes\/","og_locale":"fr_FR","og_type":"article","og_title":"\u00c9quipe au si\u00e8ge en Suisse - Enfants du monde","og_description":"Rencontrez l'\u00e9quipe de notre ONG Enfants du Monde Suisse. Bas\u00e9e \u00e0 Gen\u00e8ve elle collabore avec les bureaux r\u00e9gionaux et les partenaires locaux","og_url":"https:\/\/edm.ch\/fr\/equipes\/","og_site_name":"Enfants du monde","article_modified_time":"2025-11-07T16:08:41+00:00","og_image":[{"width":1024,"height":1024,"url":"https:\/\/edm.ch\/wp-content\/uploads\/2023\/08\/Equipe_1920_RS6943-1024x1024.png","type":"image\/png"}],"twitter_card":"summary_large_image","twitter_misc":{"Est. reading time":"1 minute"},"schema":{"@context":"https:\/\/schema.org","@graph":[{"@type":"WebPage","@id":"https:\/\/edm.ch\/fr\/equipes\/","url":"https:\/\/edm.ch\/fr\/equipes\/","name":"\u00c9quipe au si\u00e8ge en Suisse - Enfants du monde","isPartOf":{"@id":"https:\/\/edm.ch\/en\/#website"},"primaryImageOfPage":{"@id":"https:\/\/edm.ch\/fr\/equipes\/#primaryimage"},"image":{"@id":"https:\/\/edm.ch\/fr\/equipes\/#primaryimage"},"thumbnailUrl":"https:\/\/edm.ch\/wp-content\/uploads\/2023\/08\/Equipe_1920_RS6943.png","datePublished":"2023-08-16T07:53:56+00:00","dateModified":"2025-11-07T16:08:41+00:00","description":"Rencontrez l'\u00e9quipe de notre ONG Enfants du Monde Suisse. Bas\u00e9e \u00e0 Gen\u00e8ve elle collabore avec les bureaux r\u00e9gionaux et les partenaires locaux","inLanguage":"fr-FR","potentialAction":[{"@type":"ReadAction","target":["https:\/\/edm.ch\/fr\/equipes\/"]}]},{"@type":"ImageObject","inLanguage":"fr-FR","@id":"https:\/\/edm.ch\/fr\/equipes\/#primaryimage","url":"https:\/\/edm.ch\/wp-content\/uploads\/2023\/08\/Equipe_1920_RS6943.png","contentUrl":"https:\/\/edm.ch\/wp-content\/uploads\/2023\/08\/Equipe_1920_RS6943.png","width":1920,"height":1920,"caption":"\u00a9 Enfants du Monde"},{"@type":"WebSite","@id":"https:\/\/edm.ch\/en\/#website","url":"https:\/\/edm.ch\/en\/","name":"Enfants du monde","description":"Association suisse","potentialAction":[{"@type":"SearchAction","target":{"@type":"EntryPoint","urlTemplate":"https:\/\/edm.ch\/en\/?s={search_term_string}"},"query-input":{"@type":"PropertyValueSpecification","valueRequired":true,"valueName":"search_term_string"}}],"inLanguage":"fr-FR"}]}},"_links":{"self":[{"href":"https:\/\/edm.ch\/fr\/wp-json\/wp\/v2\/pages\/4501","targetHints":{"allow":["GET"]}}],"collection":[{"href":"https:\/\/edm.ch\/fr\/wp-json\/wp\/v2\/pages"}],"about":[{"href":"https:\/\/edm.ch\/fr\/wp-json\/wp\/v2\/types\/page"}],"author":[{"embeddable":true,"href":"https:\/\/edm.ch\/fr\/wp-json\/wp\/v2\/users\/1"}],"replies":[{"embeddable":true,"href":"https:\/\/edm.ch\/fr\/wp-json\/wp\/v2\/comments?post=4501"}],"version-history":[{"count":73,"href":"https:\/\/edm.ch\/fr\/wp-json\/wp\/v2\/pages\/4501\/revisions"}],"predecessor-version":[{"id":37910,"href":"https:\/\/edm.ch\/fr\/wp-json\/wp\/v2\/pages\/4501\/revisions\/37910"}],"wp:featuredmedia":[{"embeddable":true,"href":"https:\/\/edm.ch\/fr\/wp-json\/wp\/v2\/media\/2645"}],"wp:attachment":[{"href":"https:\/\/edm.ch\/fr\/wp-json\/wp\/v2\/media?parent=4501"}],"curies":[{"name":"wp","href":"https:\/\/api.w.org\/{rel}","templated":true}]}}