{"id":35978,"date":"2025-05-20T14:06:22","date_gmt":"2025-05-20T14:06:22","guid":{"rendered":"https:\/\/edm.ch\/?page_id=35978"},"modified":"2025-05-27T15:29:11","modified_gmt":"2025-05-27T15:29:11","slug":"integrite","status":"publish","type":"page","link":"https:\/\/edm.ch\/fr\/integrite\/","title":{"rendered":"Int\u00e9grit\u00e9 chez Enfants du Monde"},"content":{"rendered":"<section class=\"subpageBanner\" style=\"display:\">\n    <div class=\"subpageBannerBlock figure_block\">\n        <img decoding=\"async\" data-src=\"https:\/\/edm.ch\/wp-content\/uploads\/2025\/05\/Enfants_du_Monde_banner_integrite.png\" src=\"data:image\/svg+xml;base64,PHN2ZyB3aWR0aD0iMSIgaGVpZ2h0PSIxIiB4bWxucz0iaHR0cDovL3d3dy53My5vcmcvMjAwMC9zdmciPjwvc3ZnPg==\" class=\"lazyload\" style=\"--smush-placeholder-width: 2500px; --smush-placeholder-aspect-ratio: 2500\/1080;\" data-srcset=\"https:\/\/edm.ch\/wp-content\/uploads\/2025\/05\/Enfants_du_Monde_banner_integrite.png 2500w, https:\/\/edm.ch\/wp-content\/uploads\/2025\/05\/Enfants_du_Monde_banner_integrite-300x130.png 300w, https:\/\/edm.ch\/wp-content\/uploads\/2025\/05\/Enfants_du_Monde_banner_integrite-1024x442.png 1024w, https:\/\/edm.ch\/wp-content\/uploads\/2025\/05\/Enfants_du_Monde_banner_integrite-768x332.png 768w, https:\/\/edm.ch\/wp-content\/uploads\/2025\/05\/Enfants_du_Monde_banner_integrite-1536x664.png 1536w, https:\/\/edm.ch\/wp-content\/uploads\/2025\/05\/Enfants_du_Monde_banner_integrite-2048x885.png 2048w\" data-sizes=\"auto\" data-original-sizes=\"(max-width: 2500px) 100vw, 2500px\" \/>\n        <div class=\"subpageBannerWrap\">\n            <div class=\"container\">\n                <div class=\"content\">\n                    <div>\n                        <span class=\"bannerHead\"><\/span>\n                        <h1>Int\u00e9grit\u00e9 chez Enfants du Monde<\/h1>\n                    <\/div>\n                                    <\/div>\n            <\/div>\n        <\/div>\n                    <div class=\"picture-caption\">\n                <div class=\"caption-content\"><span>Direction du D\u00e9veloppement et la Coop\u00e9ration Suisse<\/span><\/div>\n            <\/div>\n            <\/div>\n<\/section>\n<script type=\"text\/javascript\">\n    jQuery(document).ready(function ($) {\n        \/\/ Check if the block exists\n        var bannerSection = $('#subpage-banner-section');\n\n        if (bannerSection.length > 0) {\n            \/\/ Move the block to the end of <main> just before the footer\n            $('main').append(bannerSection); \/\/ This will append it inside the <main> tag\n        }\n\n        $('.documentAccordion').on('click', function (e) {\n            e.preventDefault();  \/\/ Prevent default link action\n\n            \/\/ Target the section with the given ID\n            $('html, body').animate({\n                scrollTop: $('#subpage-banner-section').offset().top - 200\n            }, 1000);\n        });\n    });\n<\/script>\n\n        <section class=\"contentSec\" style=\"display:\">\n        <div class=\"container\">\n            <div class=\"contentBlock\">\n                <h5>Notre engagement contre les abus <\/h5>\n                <p><strong>L\u2019int\u00e9grit\u00e9 est un pilier fondamental de notre action en coop\u00e9ration internationale.<\/strong> Dans tous nos projets \u00e9ducatifs et de sant\u00e9, nous agissons avec \u00e9thique, transparence et respect envers chaque personne impliqu\u00e9e \u2013 b\u00e9n\u00e9ficiaires, formateur\u00b7trices, prestataires de soins et collaborateur\u00b7trices.<\/p>\n<p>Enfants du Monde a une<strong> tol\u00e9rance z\u00e9ro<\/strong> envers toutes forme d\u2019abus, d\u2019exploitation, de harc\u00e8lement, de discrimination, de fraude ou de corruption. Nos politiques d\u2019int\u00e9grit\u00e9 s\u2019appliquent \u00e0 toutes nos activit\u00e9s, en Suisse comme sur le terrain, et couvrent notamment :<\/p>\n<ul>\n<li>La protection contre l\u2019exploitation, les abus et le harc\u00e8lement sexuels<\/li>\n<li>La protection et la sauvegarde de l\u2019enfance<\/li>\n<li>L\u2019\u00e9galit\u00e9 de genre et la lutte contre toutes formes de discrimination<\/li>\n<li>La pr\u00e9vention de la fraude, de la corruption et des abus de pouvoir<\/li>\n<\/ul>\n<p>Nous attendons de toutes les personnes qui travaillent avec nous qu\u2019elles respectent pleinement ces principes.<\/p>\n<h4>Notre m\u00e9canisme de sauvegarde<\/h4>\n<p>Afin de garantir la s\u00e9curit\u00e9 et la dignit\u00e9 de chacun\u00b7e, nous avons mis en place un m\u00e9canisme de sauvegarde clair et confidentiel. Toute pr\u00e9occupation ou suspicion de violation de nos standards peut \u00eatre signal\u00e9e et sera trait\u00e9e de mani\u00e8re impartiale et s\u00e9curis\u00e9e, dans le respect de la confidentialit\u00e9 et des droits des personnes concern\u00e9es.<\/p>\n<h4>Comment signaler un probl\u00e8me de conduite<\/h4>\n<p>Si vous \u00eates t\u00e9moin ou victime d\u2019un comportement contraire \u00e0 nos politiques d\u2019int\u00e9grit\u00e9, trois moyens de signalement sont disponibles :<\/p>\n<ol>\n<li>Canal interne (pas d\u2019anonymat) : Signaler directement \u00e0 un sup\u00e9rieur hi\u00e9rarchique ou \u00e0 l\u2019adresse e-mail d\u00e9di\u00e9e : <a href=\"mailto:abus@edm.ch\">abus@edm.ch<\/a><\/li>\n<li>Canal externe s\u00e9curis\u00e9 : Faire appel \u00e0 <a href=\"http:\/\/www.safecall.co.uk\" target=\"_blank\" rel=\"noopener\">Safecall<\/a>, garantissant confidentialit\u00e9 et anonymat<br \/>\nT\u00e9l\u00e9phone : +44 800 915 15 71<br \/>\n<a href=\"http:\/\/www.safecall.co.uk\/report\" target=\"_blank\" rel=\"noopener\">Formulaire en ligne<\/a><\/li>\n<li>Formulaire de plainte en ligne (pas d\u2019anonymat) : Accessible ci-dessous, transmis directement \u00e0 la bo\u00eete mail <a href=\"mailto:abus@edm.ch\">abus@edm.ch<\/a><br \/>\nCe formulaire permet d\u2019alerter l\u2019\u00e9quipe protection d\u2019Enfants du Monde au si\u00e8ge \u00e0 Gen\u00e8ve, qui vous contactera d\u00e8s sa r\u00e9ception.<\/li>\n<\/ol>\n<p><strong>Merci de remplir le formulaire ci-dessous en \u00e9tant aussi pr\u00e9cis\u00b7e que possible.<\/strong> Si vous ne souhaitez pas donner certaines informations, l\u2019\u00e9quipe protection en discutera directement avec vous.<\/p>\n                            <\/div>\n        <\/div>\n    <\/section>\n\n\n    <section class=\"contactPage\" style=\"display:\">\n        <div class=\"container\">\n            <h2><\/h2>\n            \n<div class=\"wpcf7 no-js\" id=\"wpcf7-f36053-o1\" lang=\"fr-FR\" dir=\"ltr\" data-wpcf7-id=\"36053\">\n<div class=\"screen-reader-response\"><p role=\"status\" aria-live=\"polite\" aria-atomic=\"true\"><\/p> <ul><\/ul><\/div>\n<form action=\"\/fr\/wp-json\/wp\/v2\/pages\/35978#wpcf7-f36053-o1\" method=\"post\" class=\"wpcf7-form init\" aria-label=\"Contact form\" novalidate=\"novalidate\" data-status=\"init\">\n<fieldset class=\"hidden-fields-container\"><input type=\"hidden\" name=\"_wpcf7\" value=\"36053\" \/><input type=\"hidden\" name=\"_wpcf7_version\" value=\"6.1.4\" \/><input type=\"hidden\" name=\"_wpcf7_locale\" value=\"fr_FR\" \/><input type=\"hidden\" name=\"_wpcf7_unit_tag\" value=\"wpcf7-f36053-o1\" \/><input type=\"hidden\" name=\"_wpcf7_container_post\" value=\"0\" \/><input type=\"hidden\" name=\"_wpcf7_posted_data_hash\" value=\"\" \/><input type=\"hidden\" name=\"_wpcf7cf_hidden_group_fields\" value=\"[]\" \/><input type=\"hidden\" name=\"_wpcf7cf_hidden_groups\" value=\"[]\" \/><input type=\"hidden\" name=\"_wpcf7cf_visible_groups\" value=\"[]\" \/><input type=\"hidden\" name=\"_wpcf7cf_repeaters\" value=\"[]\" \/><input type=\"hidden\" name=\"_wpcf7cf_steps\" value=\"{}\" \/><input type=\"hidden\" name=\"_wpcf7cf_options\" value=\"{&quot;form_id&quot;:36053,&quot;conditions&quot;:[{&quot;then_field&quot;:&quot;group-582&quot;,&quot;and_rules&quot;:[{&quot;if_field&quot;:&quot;radio-191&quot;,&quot;operator&quot;:&quot;equals&quot;,&quot;if_value&quot;:&quot;J\\u2019ai \\u00e9t\\u00e9 t\\u00e9moin d\\u2019un abus&quot;}]}],&quot;settings&quot;:{&quot;animation&quot;:&quot;yes&quot;,&quot;animation_intime&quot;:200,&quot;animation_outtime&quot;:200,&quot;conditions_ui&quot;:&quot;normal&quot;,&quot;notice_dismissed&quot;:false,&quot;notice_dismissed_update-cf7-5.8.2&quot;:true}}\" \/><input type=\"hidden\" name=\"_wpcf7_recaptcha_response\" value=\"\" \/>\n<\/fieldset>\n<div class=\"row\">\n\t<div class=\"col-md-12\">\n\t\t<div class=\"formGroup formGroupLabel\">\n\t\t\t<h3>Motif de la plainte\n\t\t\t<\/h3>\n\t\t<\/div>\n\t<\/div>\n\t<div class=\"col-md-12\">\n\t\t<div class=\"formGroup formGroupLabel\">\n\t\t\t<p><label>Je d\u00e9pose une plainte car<\/label><br \/>\n<span class=\"wpcf7-form-control-wrap\" data-name=\"radio-191\"><span class=\"wpcf7-form-control wpcf7-radio form-control\"><span class=\"wpcf7-list-item first\"><input type=\"radio\" name=\"radio-191\" value=\"Je suis la victime d\u2019un abus\" \/><span class=\"wpcf7-list-item-label\">Je suis la victime d\u2019un abus<\/span><\/span><span class=\"wpcf7-list-item last\"><input type=\"radio\" name=\"radio-191\" value=\"J\u2019ai \u00e9t\u00e9 t\u00e9moin d\u2019un abus\" \/><span class=\"wpcf7-list-item-label\">J\u2019ai \u00e9t\u00e9 t\u00e9moin d\u2019un abus<\/span><\/span><\/span><\/span>\n\t\t\t<\/p>\n\t\t<\/div>\n\t<\/div>\n<input class=\"wpcf7-form-control wpcf7-hidden\" id=\"confirmation_email\" value=\"\" type=\"hidden\" name=\"confirmation_email\" \/>\n\t<div class=\"col-md-12\">\n\t\t<div class=\"formGroup formGroupLabel\">\n\t\t\t<h3>Informations sur la victime\n\t\t\t<\/h3>\n\t\t<\/div>\n\t<\/div>\n\t<div class=\"col-md-12\">\n\t\t<div class=\"formGroup formGroupLabel\">\n\t\t\t<p><label>Nom<\/label><br \/>\n<span class=\"wpcf7-form-control-wrap\" data-name=\"text-450\"><input size=\"40\" maxlength=\"400\" class=\"wpcf7-form-control wpcf7-text form-control\" aria-invalid=\"false\" value=\"\" type=\"text\" name=\"text-450\" \/><\/span>\n\t\t\t<\/p>\n\t\t<\/div>\n\t<\/div>\n\t<div class=\"col-md-12\">\n\t\t<div class=\"formGroup formGroupLabel\">\n\t\t\t<p><label>Pr\u00e9nom(s)<\/label><br \/>\n<span class=\"wpcf7-form-control-wrap\" data-name=\"text-144\"><input size=\"40\" maxlength=\"400\" class=\"wpcf7-form-control wpcf7-text form-control\" aria-invalid=\"false\" value=\"\" type=\"text\" name=\"text-144\" \/><\/span>\n\t\t\t<\/p>\n\t\t<\/div>\n\t<\/div>\n\t<div class=\"col-md-12\">\n\t\t<div class=\"formGroup formGroupLabel\">\n\t\t\t<p><label>Date de naissance<\/label><br \/>\n<span class=\"wpcf7-form-control-wrap\" data-name=\"text-452\"><input size=\"40\" maxlength=\"400\" class=\"wpcf7-form-control wpcf7-text form-control\" aria-invalid=\"false\" value=\"\" type=\"text\" name=\"text-452\" \/><\/span>\n\t\t\t<\/p>\n\t\t<\/div>\n\t<\/div>\n\t<div class=\"col-md-12\">\n\t\t<div class=\"formGroup formGroupLabel\">\n\t\t\t<p><label>Employ\u00e9 d\u2019EdM<\/label><br \/>\n<span class=\"wpcf7-form-control-wrap\" data-name=\"radio-457\"><span class=\"wpcf7-form-control wpcf7-radio form-control\"><span class=\"wpcf7-list-item first\"><input type=\"radio\" name=\"radio-457\" value=\"OUI\" \/><span class=\"wpcf7-list-item-label\">OUI<\/span><\/span><span class=\"wpcf7-list-item last\"><input type=\"radio\" name=\"radio-457\" value=\"NON\" \/><span class=\"wpcf7-list-item-label\">NON<\/span><\/span><\/span><\/span>\n\t\t\t<\/p>\n\t\t<\/div>\n\t<\/div>\n\t<div class=\"col-md-12\">\n\t\t<div class=\"formGroup formGroupLabel\">\n\t\t\t<p><label>E-mail<\/label><br \/>\n<span class=\"wpcf7-form-control-wrap\" data-name=\"email-114\"><input size=\"40\" maxlength=\"400\" class=\"wpcf7-form-control wpcf7-email wpcf7-text wpcf7-validates-as-email form-control\" aria-invalid=\"false\" value=\"\" type=\"email\" name=\"email-114\" \/><\/span>\n\t\t\t<\/p>\n\t\t<\/div>\n\t<\/div>\n\t<div class=\"col-md-12\">\n\t\t<div class=\"formGroup formGroupLabel\">\n\t\t\t<p><label>Num\u00e9ro de t\u00e9l\u00e9phone<\/label><br \/>\n<span class=\"wpcf7-form-control-wrap\" data-name=\"tel-869\"><input size=\"40\" maxlength=\"400\" class=\"wpcf7-form-control wpcf7-text form-control\" aria-invalid=\"false\" value=\"\" type=\"text\" name=\"tel-869\" \/><\/span>\n\t\t\t<\/p>\n\t\t<\/div>\n\t<\/div>\n\t<div data-id=\"group-582\" data-orig_data_id=\"group-582\" data-clear_on_hide class=\"\" data-class=\"wpcf7cf_group\">\n\t\t<div class=\"col-md-12\">\n\t\t\t<div class=\"formGroup formGroupLabel\">\n\t\t\t\t<h3>Informations de la personne t\u00e9moin d\u2019un abus\n\t\t\t\t<\/h3>\n\t\t\t<\/div>\n\t\t<\/div>\n\t\t<div class=\"col-md-12\">\n\t\t\t<div class=\"formGroup formGroupLabel\">\n\t\t\t\t<p><label>Nom<\/label><br \/>\n<span class=\"wpcf7-form-control-wrap\" data-name=\"text-251\"><input size=\"40\" maxlength=\"400\" class=\"wpcf7-form-control wpcf7-text form-control\" aria-invalid=\"false\" value=\"\" type=\"text\" name=\"text-251\" \/><\/span>\n\t\t\t\t<\/p>\n\t\t\t<\/div>\n\t\t<\/div>\n\t\t<div class=\"col-md-12\">\n\t\t\t<div class=\"formGroup formGroupLabel\">\n\t\t\t\t<p><label>Pr\u00e9nom<\/label><br \/>\n<span class=\"wpcf7-form-control-wrap\" data-name=\"text-431\"><input size=\"40\" maxlength=\"400\" class=\"wpcf7-form-control wpcf7-text form-control\" aria-invalid=\"false\" value=\"\" type=\"text\" name=\"text-431\" \/><\/span>\n\t\t\t\t<\/p>\n\t\t\t<\/div>\n\t\t<\/div>\n\t\t<div class=\"col-md-12\">\n\t\t\t<div class=\"formGroup formGroupLabel\">\n\t\t\t\t<p><label>Date de naissance<\/label><br \/>\n<span class=\"wpcf7-form-control-wrap\" data-name=\"text-343\"><input size=\"40\" maxlength=\"400\" class=\"wpcf7-form-control wpcf7-text form-control\" aria-invalid=\"false\" value=\"\" type=\"text\" name=\"text-343\" \/><\/span>\n\t\t\t\t<\/p>\n\t\t\t<\/div>\n\t\t<\/div>\n\t\t<div class=\"col-md-12\">\n\t\t\t<div class=\"formGroup formGroupLabel\">\n\t\t\t\t<p><label>Employ\u00e9 d\u2019EdM<\/label><br \/>\n<span class=\"wpcf7-form-control-wrap\" data-name=\"radio-841\"><span class=\"wpcf7-form-control wpcf7-radio form-control\"><span class=\"wpcf7-list-item first\"><input type=\"radio\" name=\"radio-841\" value=\"OUI\" \/><span class=\"wpcf7-list-item-label\">OUI<\/span><\/span><span class=\"wpcf7-list-item last\"><input type=\"radio\" name=\"radio-841\" value=\"NON\" \/><span class=\"wpcf7-list-item-label\">NON<\/span><\/span><\/span><\/span>\n\t\t\t\t<\/p>\n\t\t\t<\/div>\n\t\t<\/div>\n\t\t<div class=\"col-md-12\">\n\t\t\t<div class=\"formGroup formGroupLabel\">\n\t\t\t\t<p><label>Relation avec la victime<\/label><br \/>\n<span class=\"wpcf7-form-control-wrap\" data-name=\"text-577\"><input size=\"40\" maxlength=\"400\" class=\"wpcf7-form-control wpcf7-text form-control\" aria-invalid=\"false\" value=\"\" type=\"text\" name=\"text-577\" \/><\/span>\n\t\t\t\t<\/p>\n\t\t\t<\/div>\n\t\t<\/div>\n\t\t<div class=\"col-md-12\">\n\t\t\t<div class=\"formGroup formGroupLabel\">\n\t\t\t\t<p><label>E-Mail<\/label><br \/>\n<span class=\"wpcf7-form-control-wrap\" data-name=\"email-298\"><input size=\"40\" maxlength=\"400\" class=\"wpcf7-form-control wpcf7-email wpcf7-text wpcf7-validates-as-email form-control\" aria-invalid=\"false\" value=\"\" type=\"email\" name=\"email-298\" \/><\/span>\n\t\t\t\t<\/p>\n\t\t\t<\/div>\n\t\t<\/div>\n\t\t<div class=\"col-md-12\">\n\t\t\t<div class=\"formGroup formGroupLabel\">\n\t\t\t\t<p><label>Num\u00e9ro de t\u00e9l\u00e9phone<\/label><br \/>\n<span class=\"wpcf7-form-control-wrap\" data-name=\"tel-424\"><input size=\"40\" maxlength=\"400\" class=\"wpcf7-form-control wpcf7-text form-control\" aria-invalid=\"false\" value=\"\" type=\"text\" name=\"tel-424\" \/><\/span>\n\t\t\t\t<\/p>\n\t\t\t<\/div>\n\t\t<\/div>\n\t<\/div>\n\t<div class=\"col-md-12\">\n\t\t<div class=\"formGroup formGroupLabel\">\n\t\t\t<h3>D\u00e9tails du cas\n\t\t\t<\/h3>\n\t\t<\/div>\n\t<\/div>\n\t<div class=\"col-md-12\">\n\t\t<div class=\"formGroup formGroupLabel\">\n\t\t\t<p><label>Pays<\/label><br \/>\n<span class=\"wpcf7-form-control-wrap\" data-name=\"select-478\"><select class=\"wpcf7-form-control wpcf7-select form-control\" aria-invalid=\"false\" name=\"select-478\"><option value=\"Bangladesh\">Bangladesh<\/option><option value=\"Burkina Faso\">Burkina Faso<\/option><option value=\"Guatemala\">Guatemala<\/option><option value=\"Madagascar\">Madagascar<\/option><option value=\"Suisse\">Suisse<\/option><option value=\"Tanzanie\">Tanzanie<\/option><option value=\"Tchad\">Tchad<\/option><option value=\"N\u00e9pal\">N\u00e9pal<\/option><\/select><\/span>\n\t\t\t<\/p>\n\t\t<\/div>\n\t<\/div>\n\t<div class=\"col-md-12\">\n\t\t<div class=\"formGroup formGroupLabel\">\n\t\t\t<h3>Description des faits\n\t\t\t<\/h3>\n\t\t<\/div>\n\t<\/div>\n\t<div class=\"col-md-12\">\n\t\t<div class=\"formGroup formGroupLabel\">\n\t\t\t<p><label>Cette section sera abord\u00e9e plus tard par l\u2019\u00e9quipe de protection.<\/label><br \/>\n<span class=\"wpcf7-form-control-wrap\" data-name=\"textarea-573\"><textarea cols=\"40\" rows=\"10\" maxlength=\"2000\" class=\"wpcf7-form-control wpcf7-textarea form-control\" aria-invalid=\"false\" name=\"textarea-573\"><\/textarea><\/span>\n\t\t\t<\/p>\n\t\t<\/div>\n\t<\/div>\n<span class=\"wpcf7-form-control-wrap recaptcha\" data-name=\"recaptcha\"><span data-sitekey=\"6Le65CopAAAAABSkhaUNN-L6xwM-TZndyY9f7om1\" class=\"wpcf7-form-control wpcf7-recaptcha g-recaptcha\"><\/span>\r\n<noscript>\r\n\t<div class=\"grecaptcha-noscript\">\r\n\t\t<iframe src=\"https:\/\/www.google.com\/recaptcha\/api\/fallback?k=6Le65CopAAAAABSkhaUNN-L6xwM-TZndyY9f7om1\" frameborder=\"0\" scrolling=\"no\" width=\"310\" height=\"430\">\r\n\t\t<\/iframe>\r\n\t\t<textarea name=\"g-recaptcha-response\" rows=\"3\" cols=\"40\" placeholder=\"reCaptcha Response Here\">\r\n\t\t<\/textarea>\r\n\t<\/div>\r\n<\/noscript>\r\n<\/span>\n\t<div class=\"col-md-12\">\n\t\t<div class=\"contactSubmit\">\n\t\t\t<p><input class=\"wpcf7-form-control wpcf7-submit has-spinner btnBlue\" type=\"submit\" value=\"Envoyer\" \/>\n\t\t\t<\/p>\n\t\t<\/div>\n\t<\/div>\n<\/div><input type='hidden' class='wpcf7-pum' value='{\"closepopup\":false,\"closedelay\":0,\"openpopup\":false,\"openpopup_id\":0}' \/><div class=\"wpcf7-response-output\" aria-hidden=\"true\"><\/div>\n<\/form>\n<\/div>\n        <\/div>\n    <\/section>\n\n\n    \n    <section class=\"rightTextLeftImg \" style=\"display:\">\n        <div class=\"container\">\n            <div class=\"rightTextLeftImgRow\">\n                                    <div class=\"left\">\n                                            <\/div>\n                                                    <div class=\"right\">\n                        <div class=\"content\">\n                            <h4>                                Documents-cl\u00e9s sur l&rsquo;int\u00e9grit\u00e9 <small><\/small>\n                            <\/h4>                                                            <ul>\n<li><a href=\"https:\/\/edm.ch\/wp-content\/uploads\/2025\/05\/EdM_Politique_de_prevention.pdf\" target=\"_blank\" rel=\"noopener\">Politique de pr\u00e9vention, sensibilisation et traitement des cas d\u2019abus de comportement (PSEAH)<\/a><\/li>\n<li><a href=\"https:\/\/edm.ch\/wp-content\/uploads\/2025\/05\/EdM_Politique_Genre.pdf\" target=\"_blank\" rel=\"noopener\">Politique de promotion du genre\u00a0<\/a><\/li>\n<li><a href=\"https:\/\/edm.ch\/wp-content\/uploads\/2025\/05\/EdM_Politique_de_protection_de_lenfant.pdf\" target=\"_blank\" rel=\"noopener\">Politique de protection et sauvegarde de l\u2019enfant<\/a><\/li>\n<li><a href=\"https:\/\/edm.ch\/wp-content\/uploads\/2025\/05\/EdM_Politique_de_lutte_contre_la_corruption.pdf\" target=\"_blank\" rel=\"noopener\">Politique de lutte contre la corruption, la fraude et le conflit d\u2019int\u00e9r\u00eat<\/a><\/li>\n<\/ul>\n                                                                                                            <\/div>\n                    <\/div>\n                            <\/div>\n        <\/div>\n    <\/section>","protected":false},"excerpt":{"rendered":"","protected":false},"author":3,"featured_media":0,"parent":0,"menu_order":0,"comment_status":"closed","ping_status":"closed","template":"","meta":{"_acf_changed":false,"inline_featured_image":false,"footnotes":""},"class_list":["post-35978","page","type-page","status-publish","hentry"],"acf":[],"yoast_head":"<!-- This site is optimized with the Yoast SEO plugin v26.9 - https:\/\/yoast.com\/product\/yoast-seo-wordpress\/ -->\n<title>Int\u00e9grit\u00e9 chez Enfants du Monde - Enfants du monde<\/title>\n<meta name=\"robots\" content=\"index, follow, max-snippet:-1, max-image-preview:large, max-video-preview:-1\" \/>\n<link rel=\"canonical\" href=\"https:\/\/edm.ch\/fr\/integrite\/\" \/>\n<meta property=\"og:locale\" content=\"fr_FR\" \/>\n<meta property=\"og:type\" content=\"article\" \/>\n<meta property=\"og:title\" content=\"Int\u00e9grit\u00e9 chez Enfants du Monde - Enfants du monde\" \/>\n<meta property=\"og:url\" content=\"https:\/\/edm.ch\/fr\/integrite\/\" \/>\n<meta property=\"og:site_name\" content=\"Enfants du monde\" \/>\n<meta property=\"article:modified_time\" content=\"2025-05-27T15:29:11+00:00\" \/>\n<meta name=\"twitter:card\" content=\"summary_large_image\" \/>\n<script type=\"application\/ld+json\" class=\"yoast-schema-graph\">{\"@context\":\"https:\/\/schema.org\",\"@graph\":[{\"@type\":\"WebPage\",\"@id\":\"https:\/\/edm.ch\/fr\/integrite\/\",\"url\":\"https:\/\/edm.ch\/fr\/integrite\/\",\"name\":\"Int\u00e9grit\u00e9 chez Enfants du Monde - Enfants du monde\",\"isPartOf\":{\"@id\":\"https:\/\/edm.ch\/en\/#website\"},\"datePublished\":\"2025-05-20T14:06:22+00:00\",\"dateModified\":\"2025-05-27T15:29:11+00:00\",\"inLanguage\":\"fr-FR\",\"potentialAction\":[{\"@type\":\"ReadAction\",\"target\":[\"https:\/\/edm.ch\/fr\/integrite\/\"]}]},{\"@type\":\"WebSite\",\"@id\":\"https:\/\/edm.ch\/en\/#website\",\"url\":\"https:\/\/edm.ch\/en\/\",\"name\":\"Enfants du monde\",\"description\":\"Association suisse\",\"potentialAction\":[{\"@type\":\"SearchAction\",\"target\":{\"@type\":\"EntryPoint\",\"urlTemplate\":\"https:\/\/edm.ch\/en\/?s={search_term_string}\"},\"query-input\":{\"@type\":\"PropertyValueSpecification\",\"valueRequired\":true,\"valueName\":\"search_term_string\"}}],\"inLanguage\":\"fr-FR\"}]}<\/script>\n<!-- \/ Yoast SEO plugin. -->","yoast_head_json":{"title":"Int\u00e9grit\u00e9 chez Enfants du Monde - Enfants du monde","robots":{"index":"index","follow":"follow","max-snippet":"max-snippet:-1","max-image-preview":"max-image-preview:large","max-video-preview":"max-video-preview:-1"},"canonical":"https:\/\/edm.ch\/fr\/integrite\/","og_locale":"fr_FR","og_type":"article","og_title":"Int\u00e9grit\u00e9 chez Enfants du Monde - Enfants du monde","og_url":"https:\/\/edm.ch\/fr\/integrite\/","og_site_name":"Enfants du monde","article_modified_time":"2025-05-27T15:29:11+00:00","twitter_card":"summary_large_image","schema":{"@context":"https:\/\/schema.org","@graph":[{"@type":"WebPage","@id":"https:\/\/edm.ch\/fr\/integrite\/","url":"https:\/\/edm.ch\/fr\/integrite\/","name":"Int\u00e9grit\u00e9 chez Enfants du Monde - Enfants du monde","isPartOf":{"@id":"https:\/\/edm.ch\/en\/#website"},"datePublished":"2025-05-20T14:06:22+00:00","dateModified":"2025-05-27T15:29:11+00:00","inLanguage":"fr-FR","potentialAction":[{"@type":"ReadAction","target":["https:\/\/edm.ch\/fr\/integrite\/"]}]},{"@type":"WebSite","@id":"https:\/\/edm.ch\/en\/#website","url":"https:\/\/edm.ch\/en\/","name":"Enfants du monde","description":"Association suisse","potentialAction":[{"@type":"SearchAction","target":{"@type":"EntryPoint","urlTemplate":"https:\/\/edm.ch\/en\/?s={search_term_string}"},"query-input":{"@type":"PropertyValueSpecification","valueRequired":true,"valueName":"search_term_string"}}],"inLanguage":"fr-FR"}]}},"_links":{"self":[{"href":"https:\/\/edm.ch\/fr\/wp-json\/wp\/v2\/pages\/35978","targetHints":{"allow":["GET"]}}],"collection":[{"href":"https:\/\/edm.ch\/fr\/wp-json\/wp\/v2\/pages"}],"about":[{"href":"https:\/\/edm.ch\/fr\/wp-json\/wp\/v2\/types\/page"}],"author":[{"embeddable":true,"href":"https:\/\/edm.ch\/fr\/wp-json\/wp\/v2\/users\/3"}],"replies":[{"embeddable":true,"href":"https:\/\/edm.ch\/fr\/wp-json\/wp\/v2\/comments?post=35978"}],"version-history":[{"count":20,"href":"https:\/\/edm.ch\/fr\/wp-json\/wp\/v2\/pages\/35978\/revisions"}],"predecessor-version":[{"id":36054,"href":"https:\/\/edm.ch\/fr\/wp-json\/wp\/v2\/pages\/35978\/revisions\/36054"}],"wp:attachment":[{"href":"https:\/\/edm.ch\/fr\/wp-json\/wp\/v2\/media?parent=35978"}],"curies":[{"name":"wp","href":"https:\/\/api.w.org\/{rel}","templated":true}]}}