{"id":309,"date":"2023-07-25T08:10:10","date_gmt":"2023-07-25T08:10:10","guid":{"rendered":"https:\/\/edm.chweb\/?page_id=309"},"modified":"2024-02-08T13:35:39","modified_gmt":"2024-02-08T13:35:39","slug":"journaux-trimestriels","status":"publish","type":"page","link":"https:\/\/edm.ch\/fr\/journaux-trimestriels\/","title":{"rendered":"Journaux trimestriels"},"content":{"rendered":"\n    <section class=\" publicationSec pb-0\" style=\"display:\">\n              <div class=\"container\">\n                  <h2>Journal Mond&#039;info<\/h2>\n                <div class=\"publicationWrap\">\n                  \n                      <div class=\"publicationBlock\">\n              <div class=\"publicationBox\">\n                \n                <figure><img decoding=\"async\" data-src=\"https:\/\/edm.ch\/wp-content\/uploads\/2025\/02\/1.png\" src=\"data:image\/svg+xml;base64,PHN2ZyB3aWR0aD0iMSIgaGVpZ2h0PSIxIiB4bWxucz0iaHR0cDovL3d3dy53My5vcmcvMjAwMC9zdmciPjwvc3ZnPg==\" class=\"lazyload\" style=\"--smush-placeholder-width: 1000px; --smush-placeholder-aspect-ratio: 1000\/560;\" data-srcset=\"https:\/\/edm.ch\/wp-content\/uploads\/2025\/02\/1.png 1000w, https:\/\/edm.ch\/wp-content\/uploads\/2025\/02\/1-300x168.png 300w, https:\/\/edm.ch\/wp-content\/uploads\/2025\/02\/1-768x430.png 768w\" data-sizes=\"auto\" data-original-sizes=\"(max-width: 1000px) 100vw, 1000px\"><\/figure>\n\n                <div class=\"publicationLink\">\n                                      <a href=\"https:\/\/edm.ch\/wp-content\/uploads\/2025\/02\/Mondinfo-FEV-25_DEF.pdf\" class=\"btnBlue\">Journal Mond&rsquo;info &#8211; F\u00e9vrier 2025<\/a>\n                                  <\/div>\n\n              <\/div>\n            <\/div>\n                      <div class=\"publicationBlock\">\n              <div class=\"publicationBox\">\n                \n                <figure><img decoding=\"async\" data-src=\"https:\/\/edm.ch\/wp-content\/uploads\/2024\/11\/Enfants_du_Monde_Mondinfo_nov_2024_FR.png\" src=\"data:image\/svg+xml;base64,PHN2ZyB3aWR0aD0iMSIgaGVpZ2h0PSIxIiB4bWxucz0iaHR0cDovL3d3dy53My5vcmcvMjAwMC9zdmciPjwvc3ZnPg==\" class=\"lazyload\" style=\"--smush-placeholder-width: 1000px; --smush-placeholder-aspect-ratio: 1000\/560;\" data-srcset=\"https:\/\/edm.ch\/wp-content\/uploads\/2024\/11\/Enfants_du_Monde_Mondinfo_nov_2024_FR.png 1000w, https:\/\/edm.ch\/wp-content\/uploads\/2024\/11\/Enfants_du_Monde_Mondinfo_nov_2024_FR-300x168.png 300w, https:\/\/edm.ch\/wp-content\/uploads\/2024\/11\/Enfants_du_Monde_Mondinfo_nov_2024_FR-768x430.png 768w\" data-sizes=\"auto\" data-original-sizes=\"(max-width: 1000px) 100vw, 1000px\"><\/figure>\n\n                <div class=\"publicationLink\">\n                                      <a href=\"https:\/\/edm.ch\/wp-content\/uploads\/2024\/11\/Mondinfo-NOV-24_FR_DEF.pdf\" class=\"btnBlue\">Journal Mond&rsquo;info &#8211; Novembre 2024<\/a>\n                                  <\/div>\n\n              <\/div>\n            <\/div>\n                      <div class=\"publicationBlock\">\n              <div class=\"publicationBox\">\n                \n                <figure><img decoding=\"async\" data-src=\"https:\/\/edm.ch\/wp-content\/uploads\/2024\/08\/Mondinfo_FR_aout_2024_apercu.png\" src=\"data:image\/svg+xml;base64,PHN2ZyB3aWR0aD0iMSIgaGVpZ2h0PSIxIiB4bWxucz0iaHR0cDovL3d3dy53My5vcmcvMjAwMC9zdmciPjwvc3ZnPg==\" class=\"lazyload\" style=\"--smush-placeholder-width: 1000px; --smush-placeholder-aspect-ratio: 1000\/560;\" data-srcset=\"https:\/\/edm.ch\/wp-content\/uploads\/2024\/08\/Mondinfo_FR_aout_2024_apercu.png 1000w, https:\/\/edm.ch\/wp-content\/uploads\/2024\/08\/Mondinfo_FR_aout_2024_apercu-300x168.png 300w, https:\/\/edm.ch\/wp-content\/uploads\/2024\/08\/Mondinfo_FR_aout_2024_apercu-768x430.png 768w\" data-sizes=\"auto\" data-original-sizes=\"(max-width: 1000px) 100vw, 1000px\"><\/figure>\n\n                <div class=\"publicationLink\">\n                                      <a href=\"https:\/\/edm.ch\/wp-content\/uploads\/2024\/08\/Mondinfo-AUG-24_DEF_FR.pdf\" class=\"btnBlue\">Journal Mond\u2019Info \u2013 Ao\u00fbt 2024<\/a>\n                                  <\/div>\n\n              <\/div>\n            <\/div>\n                      <div class=\"publicationBlock\">\n              <div class=\"publicationBox\">\n                \n                <figure><img decoding=\"async\" data-src=\"https:\/\/edm.ch\/wp-content\/uploads\/2024\/10\/mondinfo_mai_2024_FR.png\" src=\"data:image\/svg+xml;base64,PHN2ZyB3aWR0aD0iMSIgaGVpZ2h0PSIxIiB4bWxucz0iaHR0cDovL3d3dy53My5vcmcvMjAwMC9zdmciPjwvc3ZnPg==\" class=\"lazyload\" style=\"--smush-placeholder-width: 1000px; --smush-placeholder-aspect-ratio: 1000\/560;\" data-srcset=\"https:\/\/edm.ch\/wp-content\/uploads\/2024\/10\/mondinfo_mai_2024_FR.png 1000w, https:\/\/edm.ch\/wp-content\/uploads\/2024\/10\/mondinfo_mai_2024_FR-300x168.png 300w, https:\/\/edm.ch\/wp-content\/uploads\/2024\/10\/mondinfo_mai_2024_FR-768x430.png 768w\" data-sizes=\"auto\" data-original-sizes=\"(max-width: 1000px) 100vw, 1000px\"><\/figure>\n\n                <div class=\"publicationLink\">\n                                      <a href=\"https:\/\/edm.ch\/wp-content\/uploads\/2024\/07\/Rapport_annuel_2023_Enfants_du_Monde-1.pdf\" class=\"btnBlue\">Journal Mond\u2019Info \u2013 Mai 2024<\/a>\n                                  <\/div>\n\n              <\/div>\n            <\/div>\n                      <div class=\"publicationBlock\">\n              <div class=\"publicationBox\">\n                \n                <figure><img decoding=\"async\" data-src=\"https:\/\/edm.ch\/wp-content\/uploads\/2024\/02\/Enfants_du_Monde_couverture_mondinfo_janvier_2024_V3.png\" src=\"data:image\/svg+xml;base64,PHN2ZyB3aWR0aD0iMSIgaGVpZ2h0PSIxIiB4bWxucz0iaHR0cDovL3d3dy53My5vcmcvMjAwMC9zdmciPjwvc3ZnPg==\" class=\"lazyload\" style=\"--smush-placeholder-width: 1000px; --smush-placeholder-aspect-ratio: 1000\/560;\" data-srcset=\"https:\/\/edm.ch\/wp-content\/uploads\/2024\/02\/Enfants_du_Monde_couverture_mondinfo_janvier_2024_V3.png 1000w, https:\/\/edm.ch\/wp-content\/uploads\/2024\/02\/Enfants_du_Monde_couverture_mondinfo_janvier_2024_V3-300x168.png 300w, https:\/\/edm.ch\/wp-content\/uploads\/2024\/02\/Enfants_du_Monde_couverture_mondinfo_janvier_2024_V3-768x430.png 768w\" data-sizes=\"auto\" data-original-sizes=\"(max-width: 1000px) 100vw, 1000px\"><\/figure>\n\n                <div class=\"publicationLink\">\n                                      <a href=\"https:\/\/edm.ch\/wp-content\/uploads\/2024\/02\/Mondinfo2024_01_FR.pdf\" class=\"btnBlue\">Journal Mond&rsquo;info \u2013 F\u00e9vrier 2024<\/a>\n                                  <\/div>\n\n              <\/div>\n            <\/div>\n                      <div class=\"publicationBlock\">\n              <div class=\"publicationBox\">\n                \n                <figure><img decoding=\"async\" data-src=\"https:\/\/edm.ch\/wp-content\/uploads\/2023\/11\/Enfants_du_Monde_apercu_Mondinfo_nov23-1.png\" src=\"data:image\/svg+xml;base64,PHN2ZyB3aWR0aD0iMSIgaGVpZ2h0PSIxIiB4bWxucz0iaHR0cDovL3d3dy53My5vcmcvMjAwMC9zdmciPjwvc3ZnPg==\" class=\"lazyload\" style=\"--smush-placeholder-width: 1000px; --smush-placeholder-aspect-ratio: 1000\/560;\" data-srcset=\"https:\/\/edm.ch\/wp-content\/uploads\/2023\/11\/Enfants_du_Monde_apercu_Mondinfo_nov23-1.png 1000w, https:\/\/edm.ch\/wp-content\/uploads\/2023\/11\/Enfants_du_Monde_apercu_Mondinfo_nov23-1-300x168.png 300w, https:\/\/edm.ch\/wp-content\/uploads\/2023\/11\/Enfants_du_Monde_apercu_Mondinfo_nov23-1-768x430.png 768w\" data-sizes=\"auto\" data-original-sizes=\"(max-width: 1000px) 100vw, 1000px\"><\/figure>\n\n                <div class=\"publicationLink\">\n                                      <a href=\"https:\/\/edm.ch\/wp-content\/uploads\/2023\/11\/Mondinfo-NOV-2023_FR_DEF.pdf\" class=\"btnBlue\">Journal Mond&rsquo;Info \u2013 Novembre 2023<\/a>\n                                  <\/div>\n\n              <\/div>\n            <\/div>\n                      <div class=\"publicationBlock\">\n              <div class=\"publicationBox\">\n                \n                <figure><img decoding=\"async\" data-src=\"https:\/\/edm.ch\/wp-content\/uploads\/2023\/08\/Aout-2023-2.png\" src=\"data:image\/svg+xml;base64,PHN2ZyB3aWR0aD0iMSIgaGVpZ2h0PSIxIiB4bWxucz0iaHR0cDovL3d3dy53My5vcmcvMjAwMC9zdmciPjwvc3ZnPg==\" class=\"lazyload\" style=\"--smush-placeholder-width: 900px; --smush-placeholder-aspect-ratio: 900\/600;\" data-srcset=\"https:\/\/edm.ch\/wp-content\/uploads\/2023\/08\/Aout-2023-2.png 900w, https:\/\/edm.ch\/wp-content\/uploads\/2023\/08\/Aout-2023-2-300x200.png 300w, https:\/\/edm.ch\/wp-content\/uploads\/2023\/08\/Aout-2023-2-768x512.png 768w\" data-sizes=\"auto\" data-original-sizes=\"(max-width: 900px) 100vw, 900px\"><\/figure>\n\n                <div class=\"publicationLink\">\n                                      <a href=\"https:\/\/edm.ch\/wp-content\/uploads\/2023\/08\/Mondinfo_Aout2023-1.pdf\" class=\"btnBlue\">Journal Mond&rsquo;Info \u2013 Ao\u00fbt 2023<\/a>\n                                  <\/div>\n\n              <\/div>\n            <\/div>\n                      <div class=\"publicationBlock\">\n              <div class=\"publicationBox\">\n                \n                <figure><img decoding=\"async\" data-src=\"https:\/\/edm.ch\/wp-content\/uploads\/2023\/08\/JournalMondinfo_mai23.jpg\" src=\"data:image\/svg+xml;base64,PHN2ZyB3aWR0aD0iMSIgaGVpZ2h0PSIxIiB4bWxucz0iaHR0cDovL3d3dy53My5vcmcvMjAwMC9zdmciPjwvc3ZnPg==\" class=\"lazyload\" style=\"--smush-placeholder-width: 700px; --smush-placeholder-aspect-ratio: 700\/544;\" data-srcset=\"https:\/\/edm.ch\/wp-content\/uploads\/2023\/08\/JournalMondinfo_mai23.jpg 700w, https:\/\/edm.ch\/wp-content\/uploads\/2023\/08\/JournalMondinfo_mai23-300x233.jpg 300w\" data-sizes=\"auto\" data-original-sizes=\"(max-width: 700px) 100vw, 700px\"><\/figure>\n\n                <div class=\"publicationLink\">\n                                      <a href=\"https:\/\/edm.ch\/wp-content\/uploads\/2023\/08\/Mondinfo_Mai2023.pdf\" class=\"btnBlue\">Journal Mond&rsquo;Info \u2013 Mai 2023<\/a>\n                                  <\/div>\n\n              <\/div>\n            <\/div>\n                      <div class=\"publicationBlock\">\n              <div class=\"publicationBox\">\n                \n                <figure><img decoding=\"async\" data-src=\"https:\/\/edm.ch\/wp-content\/uploads\/2023\/08\/JournalMondinfo_fev2023.jpg\" src=\"data:image\/svg+xml;base64,PHN2ZyB3aWR0aD0iMSIgaGVpZ2h0PSIxIiB4bWxucz0iaHR0cDovL3d3dy53My5vcmcvMjAwMC9zdmciPjwvc3ZnPg==\" class=\"lazyload\" style=\"--smush-placeholder-width: 700px; --smush-placeholder-aspect-ratio: 700\/507;\" data-srcset=\"https:\/\/edm.ch\/wp-content\/uploads\/2023\/08\/JournalMondinfo_fev2023.jpg 700w, https:\/\/edm.ch\/wp-content\/uploads\/2023\/08\/JournalMondinfo_fev2023-300x217.jpg 300w\" data-sizes=\"auto\" data-original-sizes=\"(max-width: 700px) 100vw, 700px\"><\/figure>\n\n                <div class=\"publicationLink\">\n                                      <a href=\"https:\/\/edm.ch\/wp-content\/uploads\/2023\/08\/Mondinfo_Fevrier2023-1.pdf\" class=\"btnBlue\">Journal Mond&rsquo;Info \u2013 F\u00e9v. 2023<\/a>\n                                  <\/div>\n\n              <\/div>\n            <\/div>\n                      <div class=\"publicationBlock\">\n              <div class=\"publicationBox\">\n                \n                <figure><img decoding=\"async\" data-src=\"https:\/\/edm.ch\/wp-content\/uploads\/2023\/08\/Nov.-2022-3.png\" src=\"data:image\/svg+xml;base64,PHN2ZyB3aWR0aD0iMSIgaGVpZ2h0PSIxIiB4bWxucz0iaHR0cDovL3d3dy53My5vcmcvMjAwMC9zdmciPjwvc3ZnPg==\" class=\"lazyload\" style=\"--smush-placeholder-width: 900px; --smush-placeholder-aspect-ratio: 900\/600;\" data-srcset=\"https:\/\/edm.ch\/wp-content\/uploads\/2023\/08\/Nov.-2022-3.png 900w, https:\/\/edm.ch\/wp-content\/uploads\/2023\/08\/Nov.-2022-3-300x200.png 300w, https:\/\/edm.ch\/wp-content\/uploads\/2023\/08\/Nov.-2022-3-768x512.png 768w\" data-sizes=\"auto\" data-original-sizes=\"(max-width: 900px) 100vw, 900px\"><\/figure>\n\n                <div class=\"publicationLink\">\n                                      <a href=\"https:\/\/edm.ch\/wp-content\/uploads\/2023\/08\/Mondinfo_Novembre2022.pdf\" class=\"btnBlue\">Journal Mond&rsquo;info \u2013 Nov. 2022<\/a>\n                                  <\/div>\n\n              <\/div>\n            <\/div>\n                      <div class=\"publicationBlock\">\n              <div class=\"publicationBox\">\n                \n                <figure><img decoding=\"async\" data-src=\"https:\/\/edm.ch\/wp-content\/uploads\/2023\/08\/Aout-2022-1.png\" src=\"data:image\/svg+xml;base64,PHN2ZyB3aWR0aD0iMSIgaGVpZ2h0PSIxIiB4bWxucz0iaHR0cDovL3d3dy53My5vcmcvMjAwMC9zdmciPjwvc3ZnPg==\" class=\"lazyload\" style=\"--smush-placeholder-width: 900px; --smush-placeholder-aspect-ratio: 900\/600;\" data-srcset=\"https:\/\/edm.ch\/wp-content\/uploads\/2023\/08\/Aout-2022-1.png 900w, https:\/\/edm.ch\/wp-content\/uploads\/2023\/08\/Aout-2022-1-300x200.png 300w, https:\/\/edm.ch\/wp-content\/uploads\/2023\/08\/Aout-2022-1-768x512.png 768w\" data-sizes=\"auto\" data-original-sizes=\"(max-width: 900px) 100vw, 900px\"><\/figure>\n\n                <div class=\"publicationLink\">\n                                      <a href=\"https:\/\/edm.ch\/wp-content\/uploads\/2023\/08\/Mondinfo_Aout2022-1.pdf\" class=\"btnBlue\">Journal Mond&rsquo;Info \u2013 Ao\u00fbt 2022<\/a>\n                                  <\/div>\n\n              <\/div>\n            <\/div>\n                      <div class=\"publicationBlock\">\n              <div class=\"publicationBox\">\n                \n                <figure><img decoding=\"async\" data-src=\"https:\/\/edm.ch\/wp-content\/uploads\/2023\/08\/Mai-2022-1.png\" src=\"data:image\/svg+xml;base64,PHN2ZyB3aWR0aD0iMSIgaGVpZ2h0PSIxIiB4bWxucz0iaHR0cDovL3d3dy53My5vcmcvMjAwMC9zdmciPjwvc3ZnPg==\" class=\"lazyload\" style=\"--smush-placeholder-width: 900px; --smush-placeholder-aspect-ratio: 900\/600;\" data-srcset=\"https:\/\/edm.ch\/wp-content\/uploads\/2023\/08\/Mai-2022-1.png 900w, https:\/\/edm.ch\/wp-content\/uploads\/2023\/08\/Mai-2022-1-300x200.png 300w, https:\/\/edm.ch\/wp-content\/uploads\/2023\/08\/Mai-2022-1-768x512.png 768w\" data-sizes=\"auto\" data-original-sizes=\"(max-width: 900px) 100vw, 900px\"><\/figure>\n\n                <div class=\"publicationLink\">\n                                      <a href=\"https:\/\/edm.ch\/wp-content\/uploads\/2023\/08\/Mondinfo_Mai2022.pdf\" class=\"btnBlue\">Journal Mond&rsquo;Info \u2013 Mai 2022<\/a>\n                                  <\/div>\n\n              <\/div>\n            <\/div>\n                      <div class=\"publicationBlock\">\n              <div class=\"publicationBox\">\n                \n                <figure><img decoding=\"async\" data-src=\"https:\/\/edm.ch\/wp-content\/uploads\/2023\/08\/Fev.-2022-1.png\" src=\"data:image\/svg+xml;base64,PHN2ZyB3aWR0aD0iMSIgaGVpZ2h0PSIxIiB4bWxucz0iaHR0cDovL3d3dy53My5vcmcvMjAwMC9zdmciPjwvc3ZnPg==\" class=\"lazyload\" style=\"--smush-placeholder-width: 900px; --smush-placeholder-aspect-ratio: 900\/600;\" data-srcset=\"https:\/\/edm.ch\/wp-content\/uploads\/2023\/08\/Fev.-2022-1.png 900w, https:\/\/edm.ch\/wp-content\/uploads\/2023\/08\/Fev.-2022-1-300x200.png 300w, https:\/\/edm.ch\/wp-content\/uploads\/2023\/08\/Fev.-2022-1-768x512.png 768w\" data-sizes=\"auto\" data-original-sizes=\"(max-width: 900px) 100vw, 900px\"><\/figure>\n\n                <div class=\"publicationLink\">\n                                      <a href=\"https:\/\/edm.ch\/wp-content\/uploads\/2023\/08\/Mondinfo_Fevrier2022.pdf\" class=\"btnBlue\">Journal Mond&rsquo;Info \u2013 F\u00e9v. 2022<\/a>\n                                  <\/div>\n\n              <\/div>\n            <\/div>\n                      <div class=\"publicationBlock\">\n              <div class=\"publicationBox\">\n                \n                <figure><img decoding=\"async\" data-src=\"https:\/\/edm.ch\/wp-content\/uploads\/2023\/08\/JournalMondinfo_fev2021.png\" src=\"data:image\/svg+xml;base64,PHN2ZyB3aWR0aD0iMSIgaGVpZ2h0PSIxIiB4bWxucz0iaHR0cDovL3d3dy53My5vcmcvMjAwMC9zdmciPjwvc3ZnPg==\" class=\"lazyload\" style=\"--smush-placeholder-width: 1406px; --smush-placeholder-aspect-ratio: 1406\/1058;\" data-srcset=\"https:\/\/edm.ch\/wp-content\/uploads\/2023\/08\/JournalMondinfo_fev2021.png 1406w, https:\/\/edm.ch\/wp-content\/uploads\/2023\/08\/JournalMondinfo_fev2021-300x226.png 300w, https:\/\/edm.ch\/wp-content\/uploads\/2023\/08\/JournalMondinfo_fev2021-1024x771.png 1024w, https:\/\/edm.ch\/wp-content\/uploads\/2023\/08\/JournalMondinfo_fev2021-768x578.png 768w\" data-sizes=\"auto\" data-original-sizes=\"(max-width: 1406px) 100vw, 1406px\"><\/figure>\n\n                <div class=\"publicationLink\">\n                                      <a href=\"https:\/\/edm.ch\/wp-content\/uploads\/2021\/11\/Mondinfo-nov-2021_FR-1.pdf\" class=\"btnBlue\">Journal Mond&rsquo;Info \u2013 Nov. 2021<\/a>\n                                  <\/div>\n\n              <\/div>\n            <\/div>\n                  <\/div>\n      <\/div>\n      <\/section>","protected":false},"excerpt":{"rendered":"","protected":false},"author":1,"featured_media":0,"parent":0,"menu_order":0,"comment_status":"closed","ping_status":"closed","template":"","meta":{"_acf_changed":false,"inline_featured_image":false,"footnotes":""},"class_list":["post-309","page","type-page","status-publish","hentry"],"acf":[],"yoast_head":"<!-- This site is optimized with the Yoast SEO plugin v26.9 - https:\/\/yoast.com\/product\/yoast-seo-wordpress\/ -->\n<title>Journaux trimestriel - Mond&#039;info - Enfants du Monde<\/title>\n<meta name=\"description\" content=\"D\u00e9couvrez les projets d&#039;\u00e9ducation et de sant\u00e9 que nous menons partout dans le monde en lisant notre magazine Mond&#039;info !\" \/>\n<meta name=\"robots\" content=\"index, follow, max-snippet:-1, max-image-preview:large, max-video-preview:-1\" \/>\n<link rel=\"canonical\" href=\"https:\/\/edm.ch\/fr\/journaux-trimestriels\/\" \/>\n<meta property=\"og:locale\" content=\"fr_FR\" \/>\n<meta property=\"og:type\" content=\"article\" \/>\n<meta property=\"og:title\" content=\"Journaux trimestriel - Mond&#039;info - Enfants du Monde\" \/>\n<meta property=\"og:description\" content=\"D\u00e9couvrez les projets d&#039;\u00e9ducation et de sant\u00e9 que nous menons partout dans le monde en lisant notre magazine Mond&#039;info !\" \/>\n<meta property=\"og:url\" content=\"https:\/\/edm.ch\/fr\/journaux-trimestriels\/\" \/>\n<meta property=\"og:site_name\" content=\"Enfants du monde\" \/>\n<meta property=\"article:modified_time\" content=\"2024-02-08T13:35:39+00:00\" \/>\n<meta name=\"twitter:card\" content=\"summary_large_image\" \/>\n<script type=\"application\/ld+json\" class=\"yoast-schema-graph\">{\"@context\":\"https:\/\/schema.org\",\"@graph\":[{\"@type\":\"WebPage\",\"@id\":\"https:\/\/edm.ch\/fr\/journaux-trimestriels\/\",\"url\":\"https:\/\/edm.ch\/fr\/journaux-trimestriels\/\",\"name\":\"Journaux trimestriel - Mond'info - Enfants du Monde\",\"isPartOf\":{\"@id\":\"https:\/\/edm.ch\/en\/#website\"},\"datePublished\":\"2023-07-25T08:10:10+00:00\",\"dateModified\":\"2024-02-08T13:35:39+00:00\",\"description\":\"D\u00e9couvrez les projets d'\u00e9ducation et de sant\u00e9 que nous menons partout dans le monde en lisant notre magazine Mond'info !\",\"inLanguage\":\"fr-FR\",\"potentialAction\":[{\"@type\":\"ReadAction\",\"target\":[\"https:\/\/edm.ch\/fr\/journaux-trimestriels\/\"]}]},{\"@type\":\"WebSite\",\"@id\":\"https:\/\/edm.ch\/en\/#website\",\"url\":\"https:\/\/edm.ch\/en\/\",\"name\":\"Enfants du monde\",\"description\":\"Association suisse\",\"potentialAction\":[{\"@type\":\"SearchAction\",\"target\":{\"@type\":\"EntryPoint\",\"urlTemplate\":\"https:\/\/edm.ch\/en\/?s={search_term_string}\"},\"query-input\":{\"@type\":\"PropertyValueSpecification\",\"valueRequired\":true,\"valueName\":\"search_term_string\"}}],\"inLanguage\":\"fr-FR\"}]}<\/script>\n<!-- \/ Yoast SEO plugin. -->","yoast_head_json":{"title":"Journaux trimestriel - Mond'info - Enfants du Monde","description":"D\u00e9couvrez les projets d'\u00e9ducation et de sant\u00e9 que nous menons partout dans le monde en lisant notre magazine Mond'info !","robots":{"index":"index","follow":"follow","max-snippet":"max-snippet:-1","max-image-preview":"max-image-preview:large","max-video-preview":"max-video-preview:-1"},"canonical":"https:\/\/edm.ch\/fr\/journaux-trimestriels\/","og_locale":"fr_FR","og_type":"article","og_title":"Journaux trimestriel - Mond'info - Enfants du Monde","og_description":"D\u00e9couvrez les projets d'\u00e9ducation et de sant\u00e9 que nous menons partout dans le monde en lisant notre magazine Mond'info !","og_url":"https:\/\/edm.ch\/fr\/journaux-trimestriels\/","og_site_name":"Enfants du monde","article_modified_time":"2024-02-08T13:35:39+00:00","twitter_card":"summary_large_image","schema":{"@context":"https:\/\/schema.org","@graph":[{"@type":"WebPage","@id":"https:\/\/edm.ch\/fr\/journaux-trimestriels\/","url":"https:\/\/edm.ch\/fr\/journaux-trimestriels\/","name":"Journaux trimestriel - Mond'info - Enfants du Monde","isPartOf":{"@id":"https:\/\/edm.ch\/en\/#website"},"datePublished":"2023-07-25T08:10:10+00:00","dateModified":"2024-02-08T13:35:39+00:00","description":"D\u00e9couvrez les projets d'\u00e9ducation et de sant\u00e9 que nous menons partout dans le monde en lisant notre magazine Mond'info !","inLanguage":"fr-FR","potentialAction":[{"@type":"ReadAction","target":["https:\/\/edm.ch\/fr\/journaux-trimestriels\/"]}]},{"@type":"WebSite","@id":"https:\/\/edm.ch\/en\/#website","url":"https:\/\/edm.ch\/en\/","name":"Enfants du monde","description":"Association suisse","potentialAction":[{"@type":"SearchAction","target":{"@type":"EntryPoint","urlTemplate":"https:\/\/edm.ch\/en\/?s={search_term_string}"},"query-input":{"@type":"PropertyValueSpecification","valueRequired":true,"valueName":"search_term_string"}}],"inLanguage":"fr-FR"}]}},"_links":{"self":[{"href":"https:\/\/edm.ch\/fr\/wp-json\/wp\/v2\/pages\/309","targetHints":{"allow":["GET"]}}],"collection":[{"href":"https:\/\/edm.ch\/fr\/wp-json\/wp\/v2\/pages"}],"about":[{"href":"https:\/\/edm.ch\/fr\/wp-json\/wp\/v2\/types\/page"}],"author":[{"embeddable":true,"href":"https:\/\/edm.ch\/fr\/wp-json\/wp\/v2\/users\/1"}],"replies":[{"embeddable":true,"href":"https:\/\/edm.ch\/fr\/wp-json\/wp\/v2\/comments?post=309"}],"version-history":[{"count":9,"href":"https:\/\/edm.ch\/fr\/wp-json\/wp\/v2\/pages\/309\/revisions"}],"predecessor-version":[{"id":13712,"href":"https:\/\/edm.ch\/fr\/wp-json\/wp\/v2\/pages\/309\/revisions\/13712"}],"wp:attachment":[{"href":"https:\/\/edm.ch\/fr\/wp-json\/wp\/v2\/media?parent=309"}],"curies":[{"name":"wp","href":"https:\/\/api.w.org\/{rel}","templated":true}]}}