{"id":2670,"date":"2023-08-15T09:26:22","date_gmt":"2023-08-15T09:26:22","guid":{"rendered":"https:\/\/edm.ch\/?page_id=2670"},"modified":"2024-02-08T15:05:56","modified_gmt":"2024-02-08T15:05:56","slug":"une-chanson-pour-leducation","status":"publish","type":"page","link":"https:\/\/edm.ch\/fr\/une-chanson-pour-leducation\/","title":{"rendered":"Une chanson pour l\u2019\u00e9ducation"},"content":{"rendered":"<section class=\"subpageBanner\" style=\"display:\">\n    <div class=\"subpageBannerBlock figure_block\">\n        <img decoding=\"async\" data-src=\"https:\/\/edm.ch\/wp-content\/uploads\/2023\/08\/Enfants_du_monde_website_image_banner_chanson_education.png\" src=\"data:image\/svg+xml;base64,PHN2ZyB3aWR0aD0iMSIgaGVpZ2h0PSIxIiB4bWxucz0iaHR0cDovL3d3dy53My5vcmcvMjAwMC9zdmciPjwvc3ZnPg==\" class=\"lazyload\" style=\"--smush-placeholder-width: 2500px; --smush-placeholder-aspect-ratio: 2500\/800;\" data-srcset=\"https:\/\/edm.ch\/wp-content\/uploads\/2023\/08\/Enfants_du_monde_website_image_banner_chanson_education.png 2500w, https:\/\/edm.ch\/wp-content\/uploads\/2023\/08\/Enfants_du_monde_website_image_banner_chanson_education-300x96.png 300w, https:\/\/edm.ch\/wp-content\/uploads\/2023\/08\/Enfants_du_monde_website_image_banner_chanson_education-1024x328.png 1024w, https:\/\/edm.ch\/wp-content\/uploads\/2023\/08\/Enfants_du_monde_website_image_banner_chanson_education-768x246.png 768w, https:\/\/edm.ch\/wp-content\/uploads\/2023\/08\/Enfants_du_monde_website_image_banner_chanson_education-1536x492.png 1536w, https:\/\/edm.ch\/wp-content\/uploads\/2023\/08\/Enfants_du_monde_website_image_banner_chanson_education-2048x655.png 2048w\" data-sizes=\"auto\" data-original-sizes=\"(max-width: 2500px) 100vw, 2500px\" \/>\n        <div class=\"subpageBannerWrap\">\n            <div class=\"container\">\n                <div class=\"content\">\n                    <div>\n                        <span class=\"bannerHead\"><\/span>\n                        <h1>Une chanson pour l\u2019\u00e9ducation<\/h1>\n                    <\/div>\n                                    <\/div>\n            <\/div>\n        <\/div>\n            <\/div>\n<\/section>\n<script type=\"text\/javascript\">\n    jQuery(document).ready(function ($) {\n        \/\/ Check if the block exists\n        var bannerSection = $('#subpage-banner-section');\n\n        if (bannerSection.length > 0) {\n            \/\/ Move the block to the end of <main> just before the footer\n            $('main').append(bannerSection); \/\/ This will append it inside the <main> tag\n        }\n\n        $('.documentAccordion').on('click', function (e) {\n            e.preventDefault();  \/\/ Prevent default link action\n\n            \/\/ Target the section with the given ID\n            $('html, body').animate({\n                scrollTop: $('#subpage-banner-section').offset().top - 200\n            }, 1000);\n        });\n    });\n<\/script>\n\n        <section class=\"contentSec\" style=\"display:\">\n        <div class=\"container\">\n            <div class=\"contentBlock\">\n                <h5><\/h5>\n                <p><em>Ce projet n\u2019est actuellement plus propos\u00e9 dans les \u00e9coles.<\/em><\/p>\n                            <\/div>\n        <\/div>\n    <\/section>\n\n\n    \n    <section class=\"rightTextLeftImg \" style=\"display:\">\n        <div class=\"container\">\n            <div class=\"rightTextLeftImgRow\">\n                                    <div class=\"left\">\n                                                    <div class=\"imgBlock\">\n                                <a class=\"figure_block\" href=\"https:\/\/edm.ch\/wp-content\/uploads\/2023\/08\/Enfants_du_monde_website_image_apercu_chanson_education.png\" data-fancybox data-caption=\"\u00a9 Laurent Pasche\">\n                                    <img decoding=\"async\" data-src=\"https:\/\/edm.ch\/wp-content\/uploads\/2023\/08\/Enfants_du_monde_website_image_apercu_chanson_education.png\" src=\"data:image\/svg+xml;base64,PHN2ZyB3aWR0aD0iMSIgaGVpZ2h0PSIxIiB4bWxucz0iaHR0cDovL3d3dy53My5vcmcvMjAwMC9zdmciPjwvc3ZnPg==\" class=\"lazyload\" style=\"--smush-placeholder-width: 1920px; --smush-placeholder-aspect-ratio: 1920\/1920;\" data-srcset=\"https:\/\/edm.ch\/wp-content\/uploads\/2023\/08\/Enfants_du_monde_website_image_apercu_chanson_education.png 1920w, https:\/\/edm.ch\/wp-content\/uploads\/2023\/08\/Enfants_du_monde_website_image_apercu_chanson_education-300x300.png 300w, https:\/\/edm.ch\/wp-content\/uploads\/2023\/08\/Enfants_du_monde_website_image_apercu_chanson_education-1024x1024.png 1024w, https:\/\/edm.ch\/wp-content\/uploads\/2023\/08\/Enfants_du_monde_website_image_apercu_chanson_education-150x150.png 150w, https:\/\/edm.ch\/wp-content\/uploads\/2023\/08\/Enfants_du_monde_website_image_apercu_chanson_education-768x768.png 768w, https:\/\/edm.ch\/wp-content\/uploads\/2023\/08\/Enfants_du_monde_website_image_apercu_chanson_education-1536x1536.png 1536w\" data-sizes=\"auto\" data-original-sizes=\"(max-width: 1920px) 100vw, 1920px\" \/>\n                                                                    <\/a>\n                                <figcaption>\u00a9 Laurent Pasche<\/figcaption>\n                            <\/div>\n                                            <\/div>\n                                                    <div class=\"right\">\n                        <div class=\"content\">\n                            <h2>                                Des voix unies en faveur du droit \u00e0 l\u2019\u00e9ducation <small><\/small>\n                            <\/h2>                                                            <p>Le projet Une Chanson pour l\u2019\u00c9ducation, mise en \u0153uvre avec le soutien de la Compagnie Zappar, invite les enfants \u00e0 s\u2019engager en musique pour le droit \u00e0 l\u2019\u00e9ducation qui est le leur. Encadr\u00e9s par des artistes confirm\u00e9es et professionnels, les enfants participent \u00e0 la production de chansons, CDs et clips vid\u00e9o en faveur d\u2019un acc\u00e8s \u00e0 une \u00e9ducation pour tous les enfants, au-del\u00e0 des fronti\u00e8res.<\/p>\n<p><iframe title=\"Une Chanson pour l&#039;Education  - Clip r\u00e9trospectif\" width=\"500\" height=\"281\" data-src=\"https:\/\/www.youtube.com\/embed\/yqU2xH3z8JQ?feature=oembed\" frameborder=\"0\" allow=\"accelerometer; autoplay; clipboard-write; encrypted-media; gyroscope; picture-in-picture; web-share\" referrerpolicy=\"strict-origin-when-cross-origin\" allowfullscreen src=\"data:image\/svg+xml;base64,PHN2ZyB3aWR0aD0iMSIgaGVpZ2h0PSIxIiB4bWxucz0iaHR0cDovL3d3dy53My5vcmcvMjAwMC9zdmciPjwvc3ZnPg==\" class=\"lazyload\" data-load-mode=\"1\"><\/iframe><\/p>\n                                                                                                            <\/div>\n                    <\/div>\n                            <\/div>\n        <\/div>\n    <\/section>\n\n        <section class=\"contentSec\" style=\"display:\">\n        <div class=\"container\">\n            <div class=\"contentBlock\">\n                <h5>Une chanson au-del\u00e0 des fronti\u00e8res<\/h5>\n                <p>Lanc\u00e9 en 2011 \u00e0 l\u2019initiative du R\u00e9seau Suisse \u00c9ducation et Coop\u00e9ration Internationale dont Enfants du Monde est membre, Une Chanson pour l\u2019\u00c9ducation a rapidement franchi les fronti\u00e8res. Des \u00e9l\u00e8ves et artistes du Burkina Faso, d\u2019Ha\u00efti et du Qu\u00e9bec se sont joints \u00e0 la Suisse pour d\u00e9fendre le droit \u00e0 l\u2019\u00e9ducation pour tous les enfants dans le monde en produisant un CD et en interpr\u00e9tant leurs chansons sur sc\u00e8ne.<\/p>\n<p>Au total, pr\u00e8s de 3\u2019800 \u00e9l\u00e8ves dans 5 pays diff\u00e9rents ont particip\u00e9 \u00e0 Une Chanson pour l\u2019\u00c9ducation. Des artistes confirm\u00e9s tels que les chanteurs suisses Marc Aymon, Fraissinet et K ainsi que le Gangb\u00e9 Brass Band du B\u00e9nin et le chanteur burkinab\u00e9 Dicko Fils ont \u00e9galement pr\u00eat\u00e9 leurs voix \u00e0 ce projet.<\/p>\n<p><a href=\"https:\/\/www.youtube.com\/playlist?list=PLO7Z6YUNQu3G2XA6rFBEfaCfhzq8DsHb7\" target=\"_blank\" rel=\"noopener\">Voir tous les clips vid\u00e9os<\/a><\/p>\n                            <\/div>\n        <\/div>\n    <\/section>\n\n\n    <section class=\"donation_count\" style=\"display:\">\n        <div class=\"inner_row\">\n            <div class=\"right_img_block\">\n                <div class=\"img_block figure_block\">\n                    <img decoding=\"async\" data-src=\"https:\/\/edm.ch\/wp-content\/uploads\/2023\/08\/Enfants_du_monde_website_image_don_chanson_education.png\" alt=\"\" src=\"data:image\/svg+xml;base64,PHN2ZyB3aWR0aD0iMSIgaGVpZ2h0PSIxIiB4bWxucz0iaHR0cDovL3d3dy53My5vcmcvMjAwMC9zdmciPjwvc3ZnPg==\" class=\"lazyload\" style=\"--smush-placeholder-width: 1920px; --smush-placeholder-aspect-ratio: 1920\/1920;\" data-srcset=\"https:\/\/edm.ch\/wp-content\/uploads\/2023\/08\/Enfants_du_monde_website_image_don_chanson_education.png 1920w, https:\/\/edm.ch\/wp-content\/uploads\/2023\/08\/Enfants_du_monde_website_image_don_chanson_education-300x300.png 300w, https:\/\/edm.ch\/wp-content\/uploads\/2023\/08\/Enfants_du_monde_website_image_don_chanson_education-1024x1024.png 1024w, https:\/\/edm.ch\/wp-content\/uploads\/2023\/08\/Enfants_du_monde_website_image_don_chanson_education-150x150.png 150w, https:\/\/edm.ch\/wp-content\/uploads\/2023\/08\/Enfants_du_monde_website_image_don_chanson_education-768x768.png 768w, https:\/\/edm.ch\/wp-content\/uploads\/2023\/08\/Enfants_du_monde_website_image_don_chanson_education-1536x1536.png 1536w\" data-sizes=\"auto\" data-original-sizes=\"(max-width: 1920px) 100vw, 1920px\">\n                                    <\/div>\n            <\/div>\n            <div class=\"left_txt_block\">\n                <div class=\"txt_contents\">\n                    <h3>Mon don fait la diff\u00e9rence<\/h3>\n                    <div class=\"block_txts\">\n                                                    <div class=\"item\">\n                                <span class=\"title\">Par exemple :<\/span>\n                                <p><\/p>\n                            <\/div>\n                                                    <div class=\"item\">\n                                <span class=\"title\">Avec 100 francs :<\/span>\n                                <p>Je contribue \u00e0 d\u00e9velopper du mat\u00e9riel p\u00e9dagogique de qualit\u00e9 sur les droits de l\u2019enfant pour les \u00e9l\u00e8ves en Suisse.<\/p>\n                            <\/div>\n                                                                            <a href=\"https:\/\/don.edm.ch\/\" class=\"btnWhite buttonDonation\">\n                                JE FAIS UN DON                            <\/a>\n                                            <\/div>\n                <\/div>\n            <\/div>\n        <\/div>\n    <\/section>","protected":false},"excerpt":{"rendered":"","protected":false},"author":3,"featured_media":0,"parent":0,"menu_order":0,"comment_status":"closed","ping_status":"closed","template":"templates\/yellow-line-1.php","meta":{"_acf_changed":false,"inline_featured_image":false,"footnotes":""},"class_list":["post-2670","page","type-page","status-publish","hentry"],"acf":[],"yoast_head":"<!-- This site is optimized with the Yoast SEO plugin v26.9 - https:\/\/yoast.com\/product\/yoast-seo-wordpress\/ -->\n<title>Droits de l&#039;enfant - Enfants du Monde<\/title>\n<meta name=\"description\" content=\"Une chanson pour l&#039;\u00e9ducation et les droits de l&#039;enfant : 3800 enfants et plusieurs artistes ont particip\u00e9 au projet.\" \/>\n<meta name=\"robots\" content=\"index, follow, max-snippet:-1, max-image-preview:large, max-video-preview:-1\" \/>\n<link rel=\"canonical\" href=\"https:\/\/edm.ch\/fr\/une-chanson-pour-leducation\/\" \/>\n<meta property=\"og:locale\" content=\"fr_FR\" \/>\n<meta property=\"og:type\" content=\"article\" \/>\n<meta property=\"og:title\" content=\"Droits de l&#039;enfant - Enfants du Monde\" \/>\n<meta property=\"og:description\" content=\"Une chanson pour l&#039;\u00e9ducation et les droits de l&#039;enfant : 3800 enfants et plusieurs artistes ont particip\u00e9 au projet.\" \/>\n<meta property=\"og:url\" content=\"https:\/\/edm.ch\/fr\/une-chanson-pour-leducation\/\" \/>\n<meta property=\"og:site_name\" content=\"Enfants du monde\" \/>\n<meta property=\"article:modified_time\" content=\"2024-02-08T15:05:56+00:00\" \/>\n<meta name=\"twitter:card\" content=\"summary_large_image\" \/>\n<script type=\"application\/ld+json\" class=\"yoast-schema-graph\">{\"@context\":\"https:\/\/schema.org\",\"@graph\":[{\"@type\":\"WebPage\",\"@id\":\"https:\/\/edm.ch\/fr\/une-chanson-pour-leducation\/\",\"url\":\"https:\/\/edm.ch\/fr\/une-chanson-pour-leducation\/\",\"name\":\"Droits de l'enfant - Enfants du Monde\",\"isPartOf\":{\"@id\":\"https:\/\/edm.ch\/en\/#website\"},\"datePublished\":\"2023-08-15T09:26:22+00:00\",\"dateModified\":\"2024-02-08T15:05:56+00:00\",\"description\":\"Une chanson pour l'\u00e9ducation et les droits de l'enfant : 3800 enfants et plusieurs artistes ont particip\u00e9 au projet.\",\"inLanguage\":\"fr-FR\",\"potentialAction\":[{\"@type\":\"ReadAction\",\"target\":[\"https:\/\/edm.ch\/fr\/une-chanson-pour-leducation\/\"]}]},{\"@type\":\"WebSite\",\"@id\":\"https:\/\/edm.ch\/en\/#website\",\"url\":\"https:\/\/edm.ch\/en\/\",\"name\":\"Enfants du monde\",\"description\":\"Association suisse\",\"potentialAction\":[{\"@type\":\"SearchAction\",\"target\":{\"@type\":\"EntryPoint\",\"urlTemplate\":\"https:\/\/edm.ch\/en\/?s={search_term_string}\"},\"query-input\":{\"@type\":\"PropertyValueSpecification\",\"valueRequired\":true,\"valueName\":\"search_term_string\"}}],\"inLanguage\":\"fr-FR\"}]}<\/script>\n<!-- \/ Yoast SEO plugin. -->","yoast_head_json":{"title":"Droits de l'enfant - Enfants du Monde","description":"Une chanson pour l'\u00e9ducation et les droits de l'enfant : 3800 enfants et plusieurs artistes ont particip\u00e9 au projet.","robots":{"index":"index","follow":"follow","max-snippet":"max-snippet:-1","max-image-preview":"max-image-preview:large","max-video-preview":"max-video-preview:-1"},"canonical":"https:\/\/edm.ch\/fr\/une-chanson-pour-leducation\/","og_locale":"fr_FR","og_type":"article","og_title":"Droits de l'enfant - Enfants du Monde","og_description":"Une chanson pour l'\u00e9ducation et les droits de l'enfant : 3800 enfants et plusieurs artistes ont particip\u00e9 au projet.","og_url":"https:\/\/edm.ch\/fr\/une-chanson-pour-leducation\/","og_site_name":"Enfants du monde","article_modified_time":"2024-02-08T15:05:56+00:00","twitter_card":"summary_large_image","schema":{"@context":"https:\/\/schema.org","@graph":[{"@type":"WebPage","@id":"https:\/\/edm.ch\/fr\/une-chanson-pour-leducation\/","url":"https:\/\/edm.ch\/fr\/une-chanson-pour-leducation\/","name":"Droits de l'enfant - Enfants du Monde","isPartOf":{"@id":"https:\/\/edm.ch\/en\/#website"},"datePublished":"2023-08-15T09:26:22+00:00","dateModified":"2024-02-08T15:05:56+00:00","description":"Une chanson pour l'\u00e9ducation et les droits de l'enfant : 3800 enfants et plusieurs artistes ont particip\u00e9 au projet.","inLanguage":"fr-FR","potentialAction":[{"@type":"ReadAction","target":["https:\/\/edm.ch\/fr\/une-chanson-pour-leducation\/"]}]},{"@type":"WebSite","@id":"https:\/\/edm.ch\/en\/#website","url":"https:\/\/edm.ch\/en\/","name":"Enfants du monde","description":"Association suisse","potentialAction":[{"@type":"SearchAction","target":{"@type":"EntryPoint","urlTemplate":"https:\/\/edm.ch\/en\/?s={search_term_string}"},"query-input":{"@type":"PropertyValueSpecification","valueRequired":true,"valueName":"search_term_string"}}],"inLanguage":"fr-FR"}]}},"_links":{"self":[{"href":"https:\/\/edm.ch\/fr\/wp-json\/wp\/v2\/pages\/2670","targetHints":{"allow":["GET"]}}],"collection":[{"href":"https:\/\/edm.ch\/fr\/wp-json\/wp\/v2\/pages"}],"about":[{"href":"https:\/\/edm.ch\/fr\/wp-json\/wp\/v2\/types\/page"}],"author":[{"embeddable":true,"href":"https:\/\/edm.ch\/fr\/wp-json\/wp\/v2\/users\/3"}],"replies":[{"embeddable":true,"href":"https:\/\/edm.ch\/fr\/wp-json\/wp\/v2\/comments?post=2670"}],"version-history":[{"count":15,"href":"https:\/\/edm.ch\/fr\/wp-json\/wp\/v2\/pages\/2670\/revisions"}],"predecessor-version":[{"id":29868,"href":"https:\/\/edm.ch\/fr\/wp-json\/wp\/v2\/pages\/2670\/revisions\/29868"}],"wp:attachment":[{"href":"https:\/\/edm.ch\/fr\/wp-json\/wp\/v2\/media?parent=2670"}],"curies":[{"name":"wp","href":"https:\/\/api.w.org\/{rel}","templated":true}]}}