{"id":2517,"date":"2023-08-14T15:53:44","date_gmt":"2023-08-14T15:53:44","guid":{"rendered":"https:\/\/edm.ch\/?page_id=2517"},"modified":"2024-07-12T11:43:32","modified_gmt":"2024-07-12T11:43:32","slug":"application-mobile-sante-panda-ong","status":"publish","type":"page","link":"https:\/\/edm.ch\/fr\/application-mobile-sante-panda-ong\/","title":{"rendered":"PANDA"},"content":{"rendered":"<section class=\"subpageBanner\" style=\"display:\">\n    <div class=\"subpageBannerBlock figure_block\">\n        <img decoding=\"async\" data-src=\"https:\/\/edm.ch\/wp-content\/uploads\/2023\/08\/Enfants_du_monde_website_image_banner_panda.png\" src=\"data:image\/svg+xml;base64,PHN2ZyB3aWR0aD0iMSIgaGVpZ2h0PSIxIiB4bWxucz0iaHR0cDovL3d3dy53My5vcmcvMjAwMC9zdmciPjwvc3ZnPg==\" class=\"lazyload\" style=\"--smush-placeholder-width: 2500px; --smush-placeholder-aspect-ratio: 2500\/800;\" data-srcset=\"https:\/\/edm.ch\/wp-content\/uploads\/2023\/08\/Enfants_du_monde_website_image_banner_panda.png 2500w, https:\/\/edm.ch\/wp-content\/uploads\/2023\/08\/Enfants_du_monde_website_image_banner_panda-300x96.png 300w, https:\/\/edm.ch\/wp-content\/uploads\/2023\/08\/Enfants_du_monde_website_image_banner_panda-1024x328.png 1024w, https:\/\/edm.ch\/wp-content\/uploads\/2023\/08\/Enfants_du_monde_website_image_banner_panda-768x246.png 768w, https:\/\/edm.ch\/wp-content\/uploads\/2023\/08\/Enfants_du_monde_website_image_banner_panda-1536x492.png 1536w, https:\/\/edm.ch\/wp-content\/uploads\/2023\/08\/Enfants_du_monde_website_image_banner_panda-2048x655.png 2048w\" data-sizes=\"auto\" data-original-sizes=\"(max-width: 2500px) 100vw, 2500px\" \/>\n        <div class=\"subpageBannerWrap\">\n            <div class=\"container\">\n                <div class=\"content\">\n                    <div>\n                        <span class=\"bannerHead\"><\/span>\n                        <h1>PANDA<\/h1>\n                    <\/div>\n                                            <div class=\"subpageBannerDocumentBtn\" style=\"display:none;\">\n                            <a href=\"javascript:void(0);\"\n                                class=\"documentAccordion documentListNew\">Documents li\u00e9s<\/a>\n                        <\/div>\n                                    <\/div>\n            <\/div>\n        <\/div>\n            <\/div>\n<\/section>\n    <section class=\"documentAccordionList\" id=\"subpage-banner-section\">\n        <div class=\"container\">\n            <h2>\n                Documents li\u00e9s            <\/h2>\n            <ul>\n                                    <li>\n                                                    <a href=\"https:\/\/edm.ch\/wp-content\/uploads\/2023\/08\/Apercu-du-projet-PANDA.pdf\" class=\"pdf-link\"><span><img decoding=\"async\" class=\"icon-before-hover lazyload\"\n                                        data-src=\"https:\/\/edm.ch\/wp-content\/themes\/edm\/assets\/images\/pdf-icon.svg\" src=\"data:image\/svg+xml;base64,PHN2ZyB3aWR0aD0iMSIgaGVpZ2h0PSIxIiB4bWxucz0iaHR0cDovL3d3dy53My5vcmcvMjAwMC9zdmciPjwvc3ZnPg==\"><img decoding=\"async\"\n                                        class=\"icon-after-hover lazyload\"\n                                        data-src=\"https:\/\/edm.ch\/wp-content\/themes\/edm\/assets\/images\/pdf-icon-white.svg\" src=\"data:image\/svg+xml;base64,PHN2ZyB3aWR0aD0iMSIgaGVpZ2h0PSIxIiB4bWxucz0iaHR0cDovL3d3dy53My5vcmcvMjAwMC9zdmciPjwvc3ZnPg==\"><\/span><i>Aper\u00e7u du projet PANDA<\/i><\/a>\n                                            <\/li>\n                                <\/ul>\n        <\/div>\n    <\/section>\n<script type=\"text\/javascript\">\n    jQuery(document).ready(function ($) {\n        \/\/ Check if the block exists\n        var bannerSection = $('#subpage-banner-section');\n\n        if (bannerSection.length > 0) {\n            \/\/ Move the block to the end of <main> just before the footer\n            $('main').append(bannerSection); \/\/ This will append it inside the <main> tag\n        }\n\n        $('.documentAccordion').on('click', function (e) {\n            e.preventDefault();  \/\/ Prevent default link action\n\n            \/\/ Target the section with the given ID\n            $('html, body').animate({\n                scrollTop: $('#subpage-banner-section').offset().top - 200\n            }, 1000);\n        });\n    });\n<\/script>\n\n        <section class=\"contentSec\" style=\"display:\">\n        <div class=\"container\">\n            <div class=\"contentBlock\">\n                <h5><\/h5>\n                <p>Dans nos pays d\u2019intervention, il est souvent difficile d\u2019acc\u00e9der \u00e0 des soins de sant\u00e9 de qualit\u00e9, et les femmes enceintes ne b\u00e9n\u00e9ficient toujours pas d\u2019un suivi ad\u00e9quat de leur grossesse. Cela est d\u00fb entre autres \u00e0 un<strong> manque de formation et d\u2019encadrement des sage-femmes, infirmi\u00e8res et accoucheuses auxiliaires<\/strong> exer\u00e7ant dans les r\u00e9gions rurales. Ainsi, si des complications ne sont pas d\u00e9cel\u00e9es \u00e0 temps, la vie des m\u00e8res ainsi que celle de leur b\u00e9b\u00e9 peuvent \u00eatre mis en danger.<\/p>\n<p>Pour tenter de rem\u00e9dier \u00e0 ce probl\u00e8me, nous avons mis en place un syst\u00e8me de t\u00e9l\u00e9m\u00e9decine avec nos partenaires.<\/p>\n                            <\/div>\n        <\/div>\n    <\/section>\n\n        <section class=\"contentSec\" style=\"display:\">\n        <div class=\"container\">\n            <div class=\"contentBlock\">\n                <h5><\/h5>\n                <h2>Les nouvelles technologies au service des futures m\u00e8res<\/h2>\n<p>Le syst\u00e8me PANDA (Pregnancy and Newborn Diagnostic Assessment) est compos\u00e9 d\u2019une application pour tablettes et smartphones et d\u2019une base de donn\u00e9es.<\/p>\n<p>Utilis\u00e9 par le personnel de sant\u00e9 lors des consultations des femmes enceintes, il recense toutes les \u00e9tapes d\u2019une visite pr\u00e9natale et permet de recueillir des informations m\u00e9dicales, d\u2019effectuer des tests de d\u00e9pistage et sensibiliser les futures mamans. Les visites sont standardis\u00e9es et ainsi la qualit\u00e9 des soins s\u2019am\u00e9liore.<\/p>\n<p><iframe title=\"Enfants du Monde - Sant\u00e9 maternelle et n\u00e9onatale - Syst\u00e8me de t\u00e9l\u00e9m\u00e9decine P.A.N.D.A.\" width=\"500\" height=\"281\" data-src=\"https:\/\/www.youtube.com\/embed\/34YZGsSql_o?feature=oembed\" frameborder=\"0\" allow=\"accelerometer; autoplay; clipboard-write; encrypted-media; gyroscope; picture-in-picture; web-share\" referrerpolicy=\"strict-origin-when-cross-origin\" allowfullscreen src=\"data:image\/svg+xml;base64,PHN2ZyB3aWR0aD0iMSIgaGVpZ2h0PSIxIiB4bWxucz0iaHR0cDovL3d3dy53My5vcmcvMjAwMC9zdmciPjwvc3ZnPg==\" class=\"lazyload\" data-load-mode=\"1\"><\/iframe><\/p>\n                            <\/div>\n        <\/div>\n    <\/section>\n\n\n    \n    <section class=\"rightTextLeftImg \" style=\"display:\">\n        <div class=\"container\">\n            <div class=\"rightTextLeftImgRow\">\n                                    <div class=\"left\">\n                                                    <div class=\"imgBlock\">\n                                <a class=\"figure_block\" href=\"https:\/\/edm.ch\/wp-content\/uploads\/2023\/08\/Enfants_du_monde_website_image_apercu_panda.png\" data-fancybox data-caption=\"\">\n                                    <img decoding=\"async\" data-src=\"https:\/\/edm.ch\/wp-content\/uploads\/2023\/08\/Enfants_du_monde_website_image_apercu_panda.png\" src=\"data:image\/svg+xml;base64,PHN2ZyB3aWR0aD0iMSIgaGVpZ2h0PSIxIiB4bWxucz0iaHR0cDovL3d3dy53My5vcmcvMjAwMC9zdmciPjwvc3ZnPg==\" class=\"lazyload\" style=\"--smush-placeholder-width: 1920px; --smush-placeholder-aspect-ratio: 1920\/1920;\" data-srcset=\"https:\/\/edm.ch\/wp-content\/uploads\/2023\/08\/Enfants_du_monde_website_image_apercu_panda.png 1920w, https:\/\/edm.ch\/wp-content\/uploads\/2023\/08\/Enfants_du_monde_website_image_apercu_panda-300x300.png 300w, https:\/\/edm.ch\/wp-content\/uploads\/2023\/08\/Enfants_du_monde_website_image_apercu_panda-1024x1024.png 1024w, https:\/\/edm.ch\/wp-content\/uploads\/2023\/08\/Enfants_du_monde_website_image_apercu_panda-150x150.png 150w, https:\/\/edm.ch\/wp-content\/uploads\/2023\/08\/Enfants_du_monde_website_image_apercu_panda-768x768.png 768w, https:\/\/edm.ch\/wp-content\/uploads\/2023\/08\/Enfants_du_monde_website_image_apercu_panda-1536x1536.png 1536w\" data-sizes=\"auto\" data-original-sizes=\"(max-width: 1920px) 100vw, 1920px\" \/>\n                                                                    <\/a>\n                                <figcaption><\/figcaption>\n                            <\/div>\n                                            <\/div>\n                                                    <div class=\"right\">\n                        <div class=\"content\">\n                            <h2>                                Identifier les femmes sujettes \u00e0 complications <small><\/small>\n                            <\/h2>                                                            <p>Lors de la visite pr\u00e9natale au centre de sant\u00e9, le personnel de sant\u00e9 saisit sur la tablette\u202fles donn\u00e9es relatives \u00e0 :<\/p>\n<ul>\n<li>Ant\u00e9c\u00e9dents m\u00e9dicaux, chirurgicaux et obst\u00e9tricaux<\/li>\n<li>Taille, Poids, Temp\u00e9rature,<\/li>\n<li>Tension art\u00e9rielle, Hauteur Ut\u00e9rine<\/li>\n<li>Syphilis, Malaria, VIH, Hb, Glucose<\/li>\n<\/ul>\n<p>Il utilise \u00e9galement la tablette pour sensibiliser la femme enceinte sur les comportements importants pour sa sant\u00e9 pendant sa grossesse.<\/p>\n<p>Les donn\u00e9es sont ensuite transmises \u00e0 l\u2019unit\u00e9 m\u00e9dicale de l\u2019H\u00f4pital du district, ce qui permet une surveillance de toutes les femmes enceintes et particuli\u00e8rement celles avec des risques de complication.<\/p>\n                                                                                                            <\/div>\n                    <\/div>\n                            <\/div>\n        <\/div>\n    <\/section>\n\n\n<div class=\"container text-center loadMoreSection\">\n    <button onclick=\"loadMoreSection()\" class=\"btnBlue open_button loadmorebtn\"><\/button>\n    <button onclick=\"loadMoreSection()\" class=\"btnBlue close_button loadmorebtn\"><\/button>\n<\/div>\n\n\n        <section class=\"show_on_loadmore contentSec\" style=\"display:none \">\n        <div class=\"container\">\n            <div class=\"contentBlock\">\n                <h5>Informations techniques et pr\u00e9-requis pour utiliser PANDA<\/h5>\n                <p>Le syst\u00e8me PANDA est bas\u00e9 sur une application andro\u00efde et un syst\u00e8me de stockage d\u2019informations \u00e0 distance.<\/p>\n<ul>\n<li>Application appPANDA : t\u00e9l\u00e9chargeable sur un smartphone ou une tablette \u00e0 partir de Play Store version minimale requise Android 4.0<\/li>\n<li>Base des donn\u00e9es Unit\u00e9 M\u00e9dicale : langage Java &#8211; donn\u00e9es crypt\u00e9es et accessibles uniquement avec acc\u00e8s s\u00e9curis\u00e9 (mot de passe et nom d\u2019utilisateur) ; diff\u00e9rents niveaux d\u2019acc\u00e8s s\u00e9curis\u00e9s<\/li>\n<li>Serveur : Microsoft Azure h\u00e9berg\u00e9 en Europe<\/li>\n<\/ul>\n<p>&nbsp;<\/p>\n<h4>Publications<\/h4>\n<p>\u2022 Pilot study in Madagascar : <a href=\"https:\/\/doi.org\/10.1177\/1357633X16653540\">https:\/\/doi.org\/10.1177\/1357633X16653540<\/a><\/p>\n<p>\u2022 A Feasibility Study in an Italian Hosting Center for Asylum Seekers : <a href=\"https:\/\/doi.org\/10.1007\/s10903-017-0669-2\">https:\/\/doi.org\/10.1007\/s10903-017-0669-2<\/a><\/p>\n<p>\u2022 Cross-sectional survey of knowledge of obstetric danger signs among women in rural Madagascar : <a href=\"https:\/\/doi: 10.1186\/s12884-018-1664-x\">https:\/\/doi: 10.1186\/s12884-018-1664-x<\/a><\/p>\n                            <\/div>\n        <\/div>\n    <\/section>\n\n        <section class=\"contentSec\" style=\"display:\">\n        <div class=\"container\">\n            <div class=\"contentBlock\">\n                <h5>Ce qui nous diff\u00e9rencie<\/h5>\n                <ul>\n<li>Le risque d\u2019erreurs par le personnel de sant\u00e9 est r\u00e9duit gr\u00e2ce \u00e0 la standardisation des \u00e9tapes des soins pr\u00e9nataux<\/li>\n<li>Les complications et urgences li\u00e9es \u00e0 la grossesse sont identifi\u00e9es \u00e0 temps<\/li>\n<li>Une meilleure communication s\u2019\u00e9tablit entre l\u2019agent\u00b7e de sant\u00e9, la femme enceinte et ses accompagnant\u00b7e\u00b7s<\/li>\n<li>Les prestataires de sant\u00e9 sont supervis\u00e9\u00b7es et coach\u00e9\u00b7es \u00e0 distance<\/li>\n<li>Un dossier-patient informatis\u00e9 est automatiquement cr\u00e9\u00e9 pour chaque femme enceinte<\/li>\n<li>La gestion du mat\u00e9riel et des intrants pour les soins pr\u00e9natals est assur\u00e9e<\/li>\n<li>R\u00e9alisation de cartographies des femmes enceintes en fonction de leur localisation g\u00e9ographique, le stade de la grossesse et les risques<\/li>\n<li>R\u00e9alisation d\u2019analyses \u00e9pid\u00e9miologiques<\/li>\n<\/ul>\n                            <\/div>\n        <\/div>\n    <\/section>\n\n\n    <section class=\" imageSec\" style=\"display:\">\n      <div class=\"container\">\n        <figure>\n          <img decoding=\"async\" data-src=\"https:\/\/edm.ch\/wp-content\/uploads\/2023\/08\/PANDA-scaled.jpg\" src=\"data:image\/svg+xml;base64,PHN2ZyB3aWR0aD0iMSIgaGVpZ2h0PSIxIiB4bWxucz0iaHR0cDovL3d3dy53My5vcmcvMjAwMC9zdmciPjwvc3ZnPg==\" class=\"lazyload\" style=\"--smush-placeholder-width: 2560px; --smush-placeholder-aspect-ratio: 2560\/1703;\" data-srcset=\"https:\/\/edm.ch\/wp-content\/uploads\/2023\/08\/PANDA-scaled.jpg 2560w, https:\/\/edm.ch\/wp-content\/uploads\/2023\/08\/PANDA-300x200.jpg 300w, https:\/\/edm.ch\/wp-content\/uploads\/2023\/08\/PANDA-1024x681.jpg 1024w, https:\/\/edm.ch\/wp-content\/uploads\/2023\/08\/PANDA-768x511.jpg 768w, https:\/\/edm.ch\/wp-content\/uploads\/2023\/08\/PANDA-1536x1022.jpg 1536w, https:\/\/edm.ch\/wp-content\/uploads\/2023\/08\/PANDA-2048x1362.jpg 2048w\" data-sizes=\"auto\" data-original-sizes=\"(max-width: 2560px) 100vw, 2560px\">\n        <\/figure>\n      <\/div>\n    <\/section>\n\n\n    \n    <section class=\"quoteImage rightTextLeftImg \" style=\"display:\">\n        <div class=\"container\">\n            <div class=\"rightTextLeftImgRow\">\n                                    <div class=\"left\">\n                                                    <div class=\"imgBlock\">\n                                <a class=\"figure_block\" href=\"https:\/\/edm.ch\/wp-content\/uploads\/2023\/08\/Enfants_du_monde_website_image_apercu_panda_Giovanna-Stancanelli.jpg\" data-fancybox data-caption=\"\">\n                                    <img decoding=\"async\" data-src=\"https:\/\/edm.ch\/wp-content\/uploads\/2023\/08\/Enfants_du_monde_website_image_apercu_panda_Giovanna-Stancanelli.jpg\" src=\"data:image\/svg+xml;base64,PHN2ZyB3aWR0aD0iMSIgaGVpZ2h0PSIxIiB4bWxucz0iaHR0cDovL3d3dy53My5vcmcvMjAwMC9zdmciPjwvc3ZnPg==\" class=\"lazyload\" style=\"--smush-placeholder-width: 500px; --smush-placeholder-aspect-ratio: 500\/281;\" data-srcset=\"https:\/\/edm.ch\/wp-content\/uploads\/2023\/08\/Enfants_du_monde_website_image_apercu_panda_Giovanna-Stancanelli.jpg 500w, https:\/\/edm.ch\/wp-content\/uploads\/2023\/08\/Enfants_du_monde_website_image_apercu_panda_Giovanna-Stancanelli-300x169.jpg 300w\" data-sizes=\"auto\" data-original-sizes=\"(max-width: 500px) 100vw, 500px\" \/>\n                                                                    <\/a>\n                                <figcaption><\/figcaption>\n                            <\/div>\n                                            <\/div>\n                                                    <div class=\"right\">\n                        <div class=\"content\">\n                            <h2>                                Giovanna Stancanelli, <small>Conceptrice du PANDA :<\/small>\n                            <\/h2>                            <div class=\"quote\">                                <p>Le PANDA contribue \u00e0 la standardisation des soins pr\u00e9natals selon les directives de l\u2019OMS. C\u2019est la condition sine qua non pour assurer une haute qualit\u00e9 des visites.<\/p>\n                            <\/div>                                                                                <\/div>\n                    <\/div>\n                            <\/div>\n        <\/div>\n    <\/section>\n\n\n    <section class=\"donation_count\" style=\"display:\">\n        <div class=\"inner_row\">\n            <div class=\"right_img_block\">\n                <div class=\"img_block figure_block\">\n                    <img decoding=\"async\" data-src=\"https:\/\/edm.ch\/wp-content\/uploads\/2023\/08\/Enfants_du_monde_website_image_RS6526_Bangladesh_femme_1920.png\" alt=\"\" src=\"data:image\/svg+xml;base64,PHN2ZyB3aWR0aD0iMSIgaGVpZ2h0PSIxIiB4bWxucz0iaHR0cDovL3d3dy53My5vcmcvMjAwMC9zdmciPjwvc3ZnPg==\" class=\"lazyload\" style=\"--smush-placeholder-width: 1920px; --smush-placeholder-aspect-ratio: 1920\/1920;\" data-srcset=\"https:\/\/edm.ch\/wp-content\/uploads\/2023\/08\/Enfants_du_monde_website_image_RS6526_Bangladesh_femme_1920.png 1920w, https:\/\/edm.ch\/wp-content\/uploads\/2023\/08\/Enfants_du_monde_website_image_RS6526_Bangladesh_femme_1920-300x300.png 300w, https:\/\/edm.ch\/wp-content\/uploads\/2023\/08\/Enfants_du_monde_website_image_RS6526_Bangladesh_femme_1920-1024x1024.png 1024w, https:\/\/edm.ch\/wp-content\/uploads\/2023\/08\/Enfants_du_monde_website_image_RS6526_Bangladesh_femme_1920-150x150.png 150w, https:\/\/edm.ch\/wp-content\/uploads\/2023\/08\/Enfants_du_monde_website_image_RS6526_Bangladesh_femme_1920-768x768.png 768w, https:\/\/edm.ch\/wp-content\/uploads\/2023\/08\/Enfants_du_monde_website_image_RS6526_Bangladesh_femme_1920-1536x1536.png 1536w\" data-sizes=\"auto\" data-original-sizes=\"(max-width: 1920px) 100vw, 1920px\">\n                                            <div class=\"picture-caption\">\n                            <div class=\"caption-content\"><span>Enfants du Monde<\/span><\/div>\n                        <\/div>\n                                    <\/div>\n            <\/div>\n            <div class=\"left_txt_block\">\n                <div class=\"txt_contents\">\n                    <h3>Mon don fait la diff\u00e9rence<\/h3>\n                    <div class=\"block_txts\">\n                                                    <div class=\"item\">\n                                <span class=\"title\">Par exemple : <\/span>\n                                <p><\/p>\n                            <\/div>\n                                                    <div class=\"item\">\n                                <span class=\"title\">Avec 60 francs\u202f :<\/span>\n                                <p>J&rsquo;offre une formation sur la pr\u00e9paration \u00e0 la naissance \u00e0 11 femmes enceintes \u00e0 Madagascar.<\/p>\n                            <\/div>\n                                                    <div class=\"item\">\n                                <span class=\"title\">Avec 100 francs\u202f :<\/span>\n                                <p>J&rsquo;informe 500 femmes enceintes et leurs maris au Bangladesh sur les dangers chez le nouveau-n\u00e9.<\/p>\n                            <\/div>\n                                                    <div class=\"item\">\n                                <span class=\"title\">Avec 150 francs\u202f :<\/span>\n                                <p>J\u2019offre la formation continue de 2 infirmi\u00e8res au N\u00e9pal pour leur permettre de r\u00e9aliser des soins respectueux aux femmes enceintes et \u00e0 leurs nouveau-n\u00e9s.<\/p>\n                            <\/div>\n                                                                            <a href=\"https:\/\/don.edm.ch\/\" class=\"btnWhite buttonDonation\">\n                                Je fais un don                            <\/a>\n                                            <\/div>\n                <\/div>\n            <\/div>\n        <\/div>\n    <\/section>","protected":false},"excerpt":{"rendered":"","protected":false},"author":3,"featured_media":0,"parent":0,"menu_order":0,"comment_status":"closed","ping_status":"closed","template":"templates\/yellow-line-1.php","meta":{"_acf_changed":false,"inline_featured_image":false,"footnotes":""},"class_list":["post-2517","page","type-page","status-publish","hentry"],"acf":[],"yoast_head":"<!-- This site is optimized with the Yoast SEO plugin v26.9 - https:\/\/yoast.com\/product\/yoast-seo-wordpress\/ -->\n<title>Application mobile sant\u00e9 - Panda - Enfants du Monde<\/title>\n<meta name=\"description\" content=\"PANDA est une application pour rem\u00e9dier \u00e0 un manque de formation et d\u2019encadrement des sage-femmes, infirmi\u00e8res et accoucheuses auxiliaires.\" \/>\n<meta name=\"robots\" content=\"index, follow, max-snippet:-1, max-image-preview:large, max-video-preview:-1\" \/>\n<link rel=\"canonical\" href=\"https:\/\/edm.ch\/fr\/application-mobile-sante-panda-ong\/\" \/>\n<meta property=\"og:locale\" content=\"fr_FR\" \/>\n<meta property=\"og:type\" content=\"article\" \/>\n<meta property=\"og:title\" content=\"Application mobile sant\u00e9 - Panda - Enfants du Monde\" \/>\n<meta property=\"og:description\" content=\"PANDA est une application pour rem\u00e9dier \u00e0 un manque de formation et d\u2019encadrement des sage-femmes, infirmi\u00e8res et accoucheuses auxiliaires.\" \/>\n<meta property=\"og:url\" content=\"https:\/\/edm.ch\/fr\/application-mobile-sante-panda-ong\/\" \/>\n<meta property=\"og:site_name\" content=\"Enfants du monde\" \/>\n<meta property=\"article:modified_time\" content=\"2024-07-12T11:43:32+00:00\" \/>\n<meta name=\"twitter:card\" content=\"summary_large_image\" \/>\n<script type=\"application\/ld+json\" class=\"yoast-schema-graph\">{\"@context\":\"https:\/\/schema.org\",\"@graph\":[{\"@type\":\"WebPage\",\"@id\":\"https:\/\/edm.ch\/fr\/application-mobile-sante-panda-ong\/\",\"url\":\"https:\/\/edm.ch\/fr\/application-mobile-sante-panda-ong\/\",\"name\":\"Application mobile sant\u00e9 - Panda - Enfants du Monde\",\"isPartOf\":{\"@id\":\"https:\/\/edm.ch\/en\/#website\"},\"datePublished\":\"2023-08-14T15:53:44+00:00\",\"dateModified\":\"2024-07-12T11:43:32+00:00\",\"description\":\"PANDA est une application pour rem\u00e9dier \u00e0 un manque de formation et d\u2019encadrement des sage-femmes, infirmi\u00e8res et accoucheuses auxiliaires.\",\"inLanguage\":\"fr-FR\",\"potentialAction\":[{\"@type\":\"ReadAction\",\"target\":[\"https:\/\/edm.ch\/fr\/application-mobile-sante-panda-ong\/\"]}]},{\"@type\":\"WebSite\",\"@id\":\"https:\/\/edm.ch\/en\/#website\",\"url\":\"https:\/\/edm.ch\/en\/\",\"name\":\"Enfants du monde\",\"description\":\"Association suisse\",\"potentialAction\":[{\"@type\":\"SearchAction\",\"target\":{\"@type\":\"EntryPoint\",\"urlTemplate\":\"https:\/\/edm.ch\/en\/?s={search_term_string}\"},\"query-input\":{\"@type\":\"PropertyValueSpecification\",\"valueRequired\":true,\"valueName\":\"search_term_string\"}}],\"inLanguage\":\"fr-FR\"}]}<\/script>\n<!-- \/ Yoast SEO plugin. -->","yoast_head_json":{"title":"Application mobile sant\u00e9 - Panda - Enfants du Monde","description":"PANDA est une application pour rem\u00e9dier \u00e0 un manque de formation et d\u2019encadrement des sage-femmes, infirmi\u00e8res et accoucheuses auxiliaires.","robots":{"index":"index","follow":"follow","max-snippet":"max-snippet:-1","max-image-preview":"max-image-preview:large","max-video-preview":"max-video-preview:-1"},"canonical":"https:\/\/edm.ch\/fr\/application-mobile-sante-panda-ong\/","og_locale":"fr_FR","og_type":"article","og_title":"Application mobile sant\u00e9 - Panda - Enfants du Monde","og_description":"PANDA est une application pour rem\u00e9dier \u00e0 un manque de formation et d\u2019encadrement des sage-femmes, infirmi\u00e8res et accoucheuses auxiliaires.","og_url":"https:\/\/edm.ch\/fr\/application-mobile-sante-panda-ong\/","og_site_name":"Enfants du monde","article_modified_time":"2024-07-12T11:43:32+00:00","twitter_card":"summary_large_image","schema":{"@context":"https:\/\/schema.org","@graph":[{"@type":"WebPage","@id":"https:\/\/edm.ch\/fr\/application-mobile-sante-panda-ong\/","url":"https:\/\/edm.ch\/fr\/application-mobile-sante-panda-ong\/","name":"Application mobile sant\u00e9 - Panda - Enfants du Monde","isPartOf":{"@id":"https:\/\/edm.ch\/en\/#website"},"datePublished":"2023-08-14T15:53:44+00:00","dateModified":"2024-07-12T11:43:32+00:00","description":"PANDA est une application pour rem\u00e9dier \u00e0 un manque de formation et d\u2019encadrement des sage-femmes, infirmi\u00e8res et accoucheuses auxiliaires.","inLanguage":"fr-FR","potentialAction":[{"@type":"ReadAction","target":["https:\/\/edm.ch\/fr\/application-mobile-sante-panda-ong\/"]}]},{"@type":"WebSite","@id":"https:\/\/edm.ch\/en\/#website","url":"https:\/\/edm.ch\/en\/","name":"Enfants du monde","description":"Association suisse","potentialAction":[{"@type":"SearchAction","target":{"@type":"EntryPoint","urlTemplate":"https:\/\/edm.ch\/en\/?s={search_term_string}"},"query-input":{"@type":"PropertyValueSpecification","valueRequired":true,"valueName":"search_term_string"}}],"inLanguage":"fr-FR"}]}},"_links":{"self":[{"href":"https:\/\/edm.ch\/fr\/wp-json\/wp\/v2\/pages\/2517","targetHints":{"allow":["GET"]}}],"collection":[{"href":"https:\/\/edm.ch\/fr\/wp-json\/wp\/v2\/pages"}],"about":[{"href":"https:\/\/edm.ch\/fr\/wp-json\/wp\/v2\/types\/page"}],"author":[{"embeddable":true,"href":"https:\/\/edm.ch\/fr\/wp-json\/wp\/v2\/users\/3"}],"replies":[{"embeddable":true,"href":"https:\/\/edm.ch\/fr\/wp-json\/wp\/v2\/comments?post=2517"}],"version-history":[{"count":32,"href":"https:\/\/edm.ch\/fr\/wp-json\/wp\/v2\/pages\/2517\/revisions"}],"predecessor-version":[{"id":31508,"href":"https:\/\/edm.ch\/fr\/wp-json\/wp\/v2\/pages\/2517\/revisions\/31508"}],"wp:attachment":[{"href":"https:\/\/edm.ch\/fr\/wp-json\/wp\/v2\/media?parent=2517"}],"curies":[{"name":"wp","href":"https:\/\/api.w.org\/{rel}","templated":true}]}}