{"id":2447,"date":"2023-08-14T14:44:40","date_gmt":"2023-08-14T14:44:40","guid":{"rendered":"https:\/\/edm.ch\/?page_id=2447"},"modified":"2024-11-19T12:17:36","modified_gmt":"2024-11-19T12:17:36","slug":"sante-maternelle-et-infantile","status":"publish","type":"page","link":"https:\/\/edm.ch\/fr\/sante-maternelle-et-infantile\/","title":{"rendered":"\u00c9ducation \u00e0 la sant\u00e9 maternelle et infantile"},"content":{"rendered":"<section class=\"subpageBanner\" style=\"display:\">\n    <div class=\"subpageBannerBlock figure_block\">\n        <img decoding=\"async\" data-src=\"https:\/\/edm.ch\/wp-content\/uploads\/2023\/08\/Enfants_du_monde_website_image_banner_sante_mat_inf.png\" src=\"data:image\/svg+xml;base64,PHN2ZyB3aWR0aD0iMSIgaGVpZ2h0PSIxIiB4bWxucz0iaHR0cDovL3d3dy53My5vcmcvMjAwMC9zdmciPjwvc3ZnPg==\" class=\"lazyload\" style=\"--smush-placeholder-width: 2500px; --smush-placeholder-aspect-ratio: 2500\/800;\" data-srcset=\"https:\/\/edm.ch\/wp-content\/uploads\/2023\/08\/Enfants_du_monde_website_image_banner_sante_mat_inf.png 2500w, https:\/\/edm.ch\/wp-content\/uploads\/2023\/08\/Enfants_du_monde_website_image_banner_sante_mat_inf-300x96.png 300w, https:\/\/edm.ch\/wp-content\/uploads\/2023\/08\/Enfants_du_monde_website_image_banner_sante_mat_inf-1024x328.png 1024w, https:\/\/edm.ch\/wp-content\/uploads\/2023\/08\/Enfants_du_monde_website_image_banner_sante_mat_inf-768x246.png 768w, https:\/\/edm.ch\/wp-content\/uploads\/2023\/08\/Enfants_du_monde_website_image_banner_sante_mat_inf-1536x492.png 1536w, https:\/\/edm.ch\/wp-content\/uploads\/2023\/08\/Enfants_du_monde_website_image_banner_sante_mat_inf-2048x655.png 2048w\" data-sizes=\"auto\" data-original-sizes=\"(max-width: 2500px) 100vw, 2500px\" \/>\n        <div class=\"subpageBannerWrap\">\n            <div class=\"container\">\n                <div class=\"content\">\n                    <div>\n                        <span class=\"bannerHead\"><\/span>\n                        <h1>\u00c9ducation \u00e0 la sant\u00e9 maternelle et infantile<\/h1>\n                    <\/div>\n                                    <\/div>\n            <\/div>\n        <\/div>\n                    <div class=\"picture-caption\">\n                <div class=\"caption-content\"><span>Slawomir Plata<\/span><\/div>\n            <\/div>\n            <\/div>\n<\/section>\n<script type=\"text\/javascript\">\n    jQuery(document).ready(function ($) {\n        \/\/ Check if the block exists\n        var bannerSection = $('#subpage-banner-section');\n\n        if (bannerSection.length > 0) {\n            \/\/ Move the block to the end of <main> just before the footer\n            $('main').append(bannerSection); \/\/ This will append it inside the <main> tag\n        }\n\n        $('.documentAccordion').on('click', function (e) {\n            e.preventDefault();  \/\/ Prevent default link action\n\n            \/\/ Target the section with the given ID\n            $('html, body').animate({\n                scrollTop: $('#subpage-banner-section').offset().top - 200\n            }, 1000);\n        });\n    });\n<\/script>\n\n\n        <section class=\" countSec\" style=\"display:\">\n        <div class=\"container\">\n            <div class=\"countHolder\">\n                <h2>En 2022<\/h2>\n                <div class=\"countBlock\">\n                    <div class=\"countRow\">\n\n                        \n                            <div class=\"countCol\">\n                                <div class=\"countColInner\">\n                                    <div class=\"imgBlock\">\n                                    <img decoding=\"async\" data-src=\"https:\/\/edm.ch\/wp-content\/uploads\/2023\/08\/Picto-sante-4.png\" src=\"data:image\/svg+xml;base64,PHN2ZyB3aWR0aD0iMSIgaGVpZ2h0PSIxIiB4bWxucz0iaHR0cDovL3d3dy53My5vcmcvMjAwMC9zdmciPjwvc3ZnPg==\" class=\"lazyload\" style=\"--smush-placeholder-width: 160px; --smush-placeholder-aspect-ratio: 160\/160;\" data-srcset=\"https:\/\/edm.ch\/wp-content\/uploads\/2023\/08\/Picto-sante-4.png 160w, https:\/\/edm.ch\/wp-content\/uploads\/2023\/08\/Picto-sante-4-150x150.png 150w\" data-sizes=\"auto\" data-original-sizes=\"(max-width: 160px) 100vw, 160px\" \/>\n                                    <\/div>\n                                    <div class=\"content\">\n                                    <h2>98 903<\/h2>\n                                    <p>femmes ont re\u00e7u la carte de pr\u00e9paration \u00e0 l\u2019accouchement et aux urgences au Burkina Faso<\/p>\n                                    <\/div>\n                                <\/div>\n                            <\/div>\n\n                        \n                            <div class=\"countCol\">\n                                <div class=\"countColInner\">\n                                    <div class=\"imgBlock\">\n                                    <img decoding=\"async\" data-src=\"https:\/\/edm.ch\/wp-content\/uploads\/2023\/08\/Picto-femme-enceinte.png\" src=\"data:image\/svg+xml;base64,PHN2ZyB3aWR0aD0iMSIgaGVpZ2h0PSIxIiB4bWxucz0iaHR0cDovL3d3dy53My5vcmcvMjAwMC9zdmciPjwvc3ZnPg==\" class=\"lazyload\" style=\"--smush-placeholder-width: 160px; --smush-placeholder-aspect-ratio: 160\/160;\" data-srcset=\"https:\/\/edm.ch\/wp-content\/uploads\/2023\/08\/Picto-femme-enceinte.png 160w, https:\/\/edm.ch\/wp-content\/uploads\/2023\/08\/Picto-femme-enceinte-150x150.png 150w\" data-sizes=\"auto\" data-original-sizes=\"(max-width: 160px) 100vw, 160px\" \/>\n                                    <\/div>\n                                    <div class=\"content\">\n                                    <h2>28 727<\/h2>\n                                    <p>femmes enceintes ont particip\u00e9 \u00e0 des s\u00e9ances d\u2019\u00e9ducation \u00e0 la sant\u00e9 au Bangladesh<\/p>\n                                    <\/div>\n                                <\/div>\n                            <\/div>\n\n                        \n                            <div class=\"countCol\">\n                                <div class=\"countColInner\">\n                                    <div class=\"imgBlock\">\n                                    <img decoding=\"async\" data-src=\"https:\/\/edm.ch\/wp-content\/uploads\/2023\/08\/Picto-medecin.png\" src=\"data:image\/svg+xml;base64,PHN2ZyB3aWR0aD0iMSIgaGVpZ2h0PSIxIiB4bWxucz0iaHR0cDovL3d3dy53My5vcmcvMjAwMC9zdmciPjwvc3ZnPg==\" class=\"lazyload\" style=\"--smush-placeholder-width: 160px; --smush-placeholder-aspect-ratio: 160\/160;\" data-srcset=\"https:\/\/edm.ch\/wp-content\/uploads\/2023\/08\/Picto-medecin.png 160w, https:\/\/edm.ch\/wp-content\/uploads\/2023\/08\/Picto-medecin-150x150.png 150w\" data-sizes=\"auto\" data-original-sizes=\"(max-width: 160px) 100vw, 160px\" \/>\n                                    <\/div>\n                                    <div class=\"content\">\n                                    <h2>4 000<\/h2>\n                                    <p>agent\u00b7es de sant\u00e9 ont \u00e9t\u00e9 form\u00e9\u00b7es au Burkina Faso<\/p>\n                                    <\/div>\n                                <\/div>\n                            <\/div>\n\n                        \n                    <\/div>\n                <\/div>\n                <div class=\"countBlockText\"><p><\/p><\/div>\n            <\/div>\n        <\/div>\n    <\/section>\n\n\n    \n    <section class=\"rightTextLeftImg \" style=\"display:\">\n        <div class=\"container\">\n            <div class=\"rightTextLeftImgRow\">\n                                    <div class=\"left\">\n                                            <\/div>\n                                                    <div class=\"right\">\n                        <div class=\"content\">\n                            <h2>                                \u00c9duquer \u00e0 la sant\u00e9 pour r\u00e9duire les risques de mortalit\u00e9 <small><\/small>\n                            <\/h2>                                                            <p>Nous formons les agent\u00b7es de sant\u00e9 pour dispenser des<strong> s\u00e9ances d\u2019\u00e9ducation \u00e0 la sant<\/strong>\u00e9 aux femmes, \u00e0 leur famille et leur entourage dans les villages. Ils distribuent par exemple aux futures m\u00e8res une brochure de pr\u00e9paration \u00e0 l\u2019accouchement et aux urgences obst\u00e9tricales et n\u00e9onatales et mettent \u00e0 leur disposition l\u2019application mobile <a href=\"https:\/\/edm.ch\/fr\/applications-mobiles\/\" target=\"_blank\" rel=\"noopener\">Mon B\u00e9b\u00e9 et moi<\/a>.<\/p>\n<p>Ainsi, les femmes, leurs proches et les communaut\u00e9s peuvent prendre des d\u00e9cisions \u00e9clair\u00e9es et rester en bonne sant\u00e9.<\/p>\n                                                                                                            <\/div>\n                    <\/div>\n                            <\/div>\n        <\/div>\n    <\/section>\n\n        <section class=\"contentSec\" style=\"display:\">\n        <div class=\"container\">\n            <div class=\"contentBlock\">\n                <h5>Ce qui nous diff\u00e9rencie<\/h5>\n                <ul>\n<li>Les sages-femmes et le personnel de sant\u00e9 re\u00e7oivent des<strong> cours de formation en conseil et communication<\/strong>\u202f;<\/li>\n<li>Lors de r\u00e9unions d\u2019information, les femmes enceintes et leur famille apprennent \u00e0 pr\u00e9parer la naissance et \u00e0 <strong>mieux pr\u00e9venir les \u00e9ventuelles complications\u202f<\/strong>;<\/li>\n<li>Nous d\u00e9veloppons des <strong>outils innovants pour \u00e9duquer \u00e0 la sant\u00e9<\/strong>, comme les applications mobiles gratuites \u201cMon b\u00e9b\u00e9 et moi\u201d et \u201cMon enfant grandit\u202f\u00bb\u202f;<\/li>\n<li>Nos documents d\u2019information comportent de nombreuses illustrations pour \u00eatre accessible \u00e0 toutes les personnes, m\u00eame analphab\u00e8tes, et sont<strong> r\u00e9alis\u00e9s en langues locales<\/strong>, comme notre brochure de pr\u00e9paration \u00e0 l\u2019accouchement et aux urgences\u202f;<\/li>\n<li>Les <strong>populations sont impliqu\u00e9es<\/strong> pour identifier leurs propres besoins en sant\u00e9 et proposent des solutions, via des m\u00e9thodes de participation citoyenne.<\/li>\n<\/ul>\n                            <\/div>\n        <\/div>\n    <\/section>\n\n\n    \n    <section class=\"quoteImage rightTextLeftImg \" style=\"display:\">\n        <div class=\"container\">\n            <div class=\"rightTextLeftImgRow\">\n                                    <div class=\"left\">\n                                                    <div class=\"imgBlock\">\n                                <a class=\"figure_block\" href=\"https:\/\/edm.ch\/wp-content\/uploads\/2023\/08\/Temoignage-Sheik-Akhtaruzzaman-Rajib.png\" data-fancybox data-caption=\"\">\n                                    <img decoding=\"async\" data-src=\"https:\/\/edm.ch\/wp-content\/uploads\/2023\/08\/Temoignage-Sheik-Akhtaruzzaman-Rajib.png\" src=\"data:image\/svg+xml;base64,PHN2ZyB3aWR0aD0iMSIgaGVpZ2h0PSIxIiB4bWxucz0iaHR0cDovL3d3dy53My5vcmcvMjAwMC9zdmciPjwvc3ZnPg==\" class=\"lazyload\" style=\"--smush-placeholder-width: 1920px; --smush-placeholder-aspect-ratio: 1920\/1920;\" data-srcset=\"https:\/\/edm.ch\/wp-content\/uploads\/2023\/08\/Temoignage-Sheik-Akhtaruzzaman-Rajib.png 1920w, https:\/\/edm.ch\/wp-content\/uploads\/2023\/08\/Temoignage-Sheik-Akhtaruzzaman-Rajib-300x300.png 300w, https:\/\/edm.ch\/wp-content\/uploads\/2023\/08\/Temoignage-Sheik-Akhtaruzzaman-Rajib-1024x1024.png 1024w, https:\/\/edm.ch\/wp-content\/uploads\/2023\/08\/Temoignage-Sheik-Akhtaruzzaman-Rajib-150x150.png 150w, https:\/\/edm.ch\/wp-content\/uploads\/2023\/08\/Temoignage-Sheik-Akhtaruzzaman-Rajib-768x768.png 768w, https:\/\/edm.ch\/wp-content\/uploads\/2023\/08\/Temoignage-Sheik-Akhtaruzzaman-Rajib-1536x1536.png 1536w\" data-sizes=\"auto\" data-original-sizes=\"(max-width: 1920px) 100vw, 1920px\" \/>\n                                                                    <\/a>\n                                <figcaption><\/figcaption>\n                            <\/div>\n                                            <\/div>\n                                                    <div class=\"right\">\n                        <div class=\"content\">\n                            <h2>                                Sheik Akhtaruzzaman Rajib, <small>agent de sant\u00e9, Bangladesh<\/small>\n                            <\/h2>                            <div class=\"quote\">                                <p>Depuis que j&rsquo;ai fait cette formation en conseil, mes consultations avec les femmes enceintes se passent diff\u00e9remment. D\u00e9sormais, j&rsquo;\u00e9coute l&rsquo;histoire de leur grossesse avec beaucoup d&rsquo;attention et prend en consid\u00e9ration les probl\u00e8mes familiaux qui peuvent les emp\u00eacher de bien se faire suivre.<\/p>\n                            <\/div>                                                                                <\/div>\n                    <\/div>\n                            <\/div>\n        <\/div>\n    <\/section>\n\n\n    <section class=\"activitySec\" style=\"display:\">\n      <div class=\"container\">\n        <div class=\"secTitle\">\n            <h2><\/h2>\n        <\/div>\n        <div class=\"activityRow\">\n\n            \n                <div class=\"activityCol\">\n                    <div class=\"activityColInner\">\n                        <div class=\"imgBlock\">\n                            <a href=\"http:\/\/edm.ch\/projects\/bangladesh-sante\/\">                                <img decoding=\"async\" data-src=\"https:\/\/edm.ch\/wp-content\/uploads\/2023\/08\/Bangladesh_education-a-la-sante-scaled.jpg\" alt=\"EMD-img\" src=\"data:image\/svg+xml;base64,PHN2ZyB3aWR0aD0iMSIgaGVpZ2h0PSIxIiB4bWxucz0iaHR0cDovL3d3dy53My5vcmcvMjAwMC9zdmciPjwvc3ZnPg==\" class=\"lazyload\" style=\"--smush-placeholder-width: 2560px; --smush-placeholder-aspect-ratio: 2560\/1706;\" data-srcset=\"https:\/\/edm.ch\/wp-content\/uploads\/2023\/08\/Bangladesh_education-a-la-sante-scaled.jpg 2560w, https:\/\/edm.ch\/wp-content\/uploads\/2023\/08\/Bangladesh_education-a-la-sante-300x200.jpg 300w, https:\/\/edm.ch\/wp-content\/uploads\/2023\/08\/Bangladesh_education-a-la-sante-1024x683.jpg 1024w, https:\/\/edm.ch\/wp-content\/uploads\/2023\/08\/Bangladesh_education-a-la-sante-768x512.jpg 768w, https:\/\/edm.ch\/wp-content\/uploads\/2023\/08\/Bangladesh_education-a-la-sante-1536x1024.jpg 1536w, https:\/\/edm.ch\/wp-content\/uploads\/2023\/08\/Bangladesh_education-a-la-sante-2048x1365.jpg 2048w\" data-sizes=\"auto\" data-original-sizes=\"(max-width: 2560px) 100vw, 2560px\" \/>\n                            <\/a>                        <\/div>\n                        <div class=\"contentBlock\">\n                            <h3>Bangladesh<\/h3>\n                            <p>Nous organisons des s\u00e9ances d\u2019\u00e9ducation \u00e0 la sant\u00e9 maternelle et n\u00e9onatale dans les villages et \u00e0 domicile et proposons des formations en conseil aux personnels de sant\u00e9.<\/p>\n                                                            <a href=\"http:\/\/edm.ch\/projects\/bangladesh-sante\/\" class=\"btnWhite\">En savoir plus<\/a>\n                                                    <\/div>\n                    <\/div>\n                <\/div>\n\n            \n                <div class=\"activityCol\">\n                    <div class=\"activityColInner\">\n                        <div class=\"imgBlock\">\n                            <a href=\"http:\/\/edm.ch\/projects\/burkina-faso-sante\/\">                                <img decoding=\"async\" data-src=\"https:\/\/edm.ch\/wp-content\/uploads\/2023\/08\/Burkina-Faso_education-a-la-sante-scaled.jpg\" alt=\"EMD-img\" src=\"data:image\/svg+xml;base64,PHN2ZyB3aWR0aD0iMSIgaGVpZ2h0PSIxIiB4bWxucz0iaHR0cDovL3d3dy53My5vcmcvMjAwMC9zdmciPjwvc3ZnPg==\" class=\"lazyload\" style=\"--smush-placeholder-width: 2560px; --smush-placeholder-aspect-ratio: 2560\/1700;\" data-srcset=\"https:\/\/edm.ch\/wp-content\/uploads\/2023\/08\/Burkina-Faso_education-a-la-sante-scaled.jpg 2560w, https:\/\/edm.ch\/wp-content\/uploads\/2023\/08\/Burkina-Faso_education-a-la-sante-300x199.jpg 300w, https:\/\/edm.ch\/wp-content\/uploads\/2023\/08\/Burkina-Faso_education-a-la-sante-1024x680.jpg 1024w, https:\/\/edm.ch\/wp-content\/uploads\/2023\/08\/Burkina-Faso_education-a-la-sante-768x510.jpg 768w, https:\/\/edm.ch\/wp-content\/uploads\/2023\/08\/Burkina-Faso_education-a-la-sante-1536x1020.jpg 1536w, https:\/\/edm.ch\/wp-content\/uploads\/2023\/08\/Burkina-Faso_education-a-la-sante-2048x1360.jpg 2048w\" data-sizes=\"auto\" data-original-sizes=\"(max-width: 2560px) 100vw, 2560px\" \/>\n                            <\/a>                        <\/div>\n                        <div class=\"contentBlock\">\n                            <h3>Burkina Faso<\/h3>\n                            <p>Nous menons avec notre partenaire local IPC des actions d\u2019\u00e9ducation \u00e0 la sant\u00e9 pour la population locale et proposons des formations pour le personnel de sant\u00e9.<\/p>\n                                                            <a href=\"http:\/\/edm.ch\/projects\/burkina-faso-sante\/\" class=\"btnWhite\">En savoir plus<\/a>\n                                                    <\/div>\n                    <\/div>\n                <\/div>\n\n                        \n        <\/div>\n      <\/div>\n    <\/section>\n\n\n    <section class=\"donation_count\" style=\"display:\">\n        <div class=\"inner_row\">\n            <div class=\"right_img_block\">\n                <div class=\"img_block figure_block\">\n                    <img decoding=\"async\" data-src=\"https:\/\/edm.ch\/wp-content\/uploads\/2023\/08\/Enfants_du_monde_website_image_don_sante_mat_inf.png\" alt=\"\" src=\"data:image\/svg+xml;base64,PHN2ZyB3aWR0aD0iMSIgaGVpZ2h0PSIxIiB4bWxucz0iaHR0cDovL3d3dy53My5vcmcvMjAwMC9zdmciPjwvc3ZnPg==\" class=\"lazyload\" style=\"--smush-placeholder-width: 1920px; --smush-placeholder-aspect-ratio: 1920\/1920;\" data-srcset=\"https:\/\/edm.ch\/wp-content\/uploads\/2023\/08\/Enfants_du_monde_website_image_don_sante_mat_inf.png 1920w, https:\/\/edm.ch\/wp-content\/uploads\/2023\/08\/Enfants_du_monde_website_image_don_sante_mat_inf-300x300.png 300w, https:\/\/edm.ch\/wp-content\/uploads\/2023\/08\/Enfants_du_monde_website_image_don_sante_mat_inf-1024x1024.png 1024w, https:\/\/edm.ch\/wp-content\/uploads\/2023\/08\/Enfants_du_monde_website_image_don_sante_mat_inf-150x150.png 150w, https:\/\/edm.ch\/wp-content\/uploads\/2023\/08\/Enfants_du_monde_website_image_don_sante_mat_inf-768x768.png 768w, https:\/\/edm.ch\/wp-content\/uploads\/2023\/08\/Enfants_du_monde_website_image_don_sante_mat_inf-1536x1536.png 1536w\" data-sizes=\"auto\" data-original-sizes=\"(max-width: 1920px) 100vw, 1920px\">\n                                    <\/div>\n            <\/div>\n            <div class=\"left_txt_block\">\n                <div class=\"txt_contents\">\n                    <h3>Mon don fait la diff\u00e9rence<\/h3>\n                    <div class=\"block_txts\">\n                                                    <div class=\"item\">\n                                <span class=\"title\">Par exemple : <\/span>\n                                <p><\/p>\n                            <\/div>\n                                                    <div class=\"item\">\n                                <span class=\"title\">Avec 60 francs\u202f :<\/span>\n                                <p>J&rsquo;offre une formation sur la pr\u00e9paration \u00e0 la naissance \u00e0 11 femmes enceintes \u00e0 Madagascar.<\/p>\n                            <\/div>\n                                                    <div class=\"item\">\n                                <span class=\"title\">Avec 100 francs : <\/span>\n                                <p>J&rsquo;informe 500 femmes enceintes et leur mari au Bangladesh sur les dangers pour le nouveau-n\u00e9.<\/p>\n                            <\/div>\n                                                    <div class=\"item\">\n                                <span class=\"title\">Avec 150 francs :<\/span>\n                                <p>J\u2019offre la formation continue de 2 infirmi\u00e8res au N\u00e9pal pour leur permettre de r\u00e9aliser des soins aux femmes enceintes et \u00e0 leurs nouveau-n\u00e9s dans le respect de leurs droits.<\/p>\n                            <\/div>\n                                                                            <a href=\"https:\/\/don.edm.ch\/\" class=\"btnWhite buttonDonation\">\n                                Je fais un don                            <\/a>\n                                            <\/div>\n                <\/div>\n            <\/div>\n        <\/div>\n    <\/section>","protected":false},"excerpt":{"rendered":"","protected":false},"author":3,"featured_media":0,"parent":0,"menu_order":0,"comment_status":"closed","ping_status":"closed","template":"","meta":{"_acf_changed":false,"inline_featured_image":false,"footnotes":""},"class_list":["post-2447","page","type-page","status-publish","hentry"],"acf":[],"yoast_head":"<!-- This site is optimized with the Yoast SEO plugin v26.9 - https:\/\/yoast.com\/product\/yoast-seo-wordpress\/ -->\n<title>Sant\u00e9 maternelle et infantile - Enfants du Monde<\/title>\n<meta name=\"description\" content=\"Enfants du Monde propose des s\u00e9ances d\u2019\u00e9ducation \u00e0 la sant\u00e9 maternelle et infantile pour r\u00e9duire les risques de mortalit\u00e9.\" \/>\n<meta name=\"robots\" content=\"index, follow, max-snippet:-1, max-image-preview:large, max-video-preview:-1\" \/>\n<link rel=\"canonical\" href=\"https:\/\/edm.ch\/fr\/sante-maternelle-et-infantile\/\" \/>\n<meta property=\"og:locale\" content=\"fr_FR\" \/>\n<meta property=\"og:type\" content=\"article\" \/>\n<meta property=\"og:title\" content=\"Sant\u00e9 maternelle et infantile - Enfants du Monde\" \/>\n<meta property=\"og:description\" content=\"Enfants du Monde propose des s\u00e9ances d\u2019\u00e9ducation \u00e0 la sant\u00e9 maternelle et infantile pour r\u00e9duire les risques de mortalit\u00e9.\" \/>\n<meta property=\"og:url\" content=\"https:\/\/edm.ch\/fr\/sante-maternelle-et-infantile\/\" \/>\n<meta property=\"og:site_name\" content=\"Enfants du monde\" \/>\n<meta property=\"article:modified_time\" content=\"2024-11-19T12:17:36+00:00\" \/>\n<meta name=\"twitter:card\" content=\"summary_large_image\" \/>\n<script type=\"application\/ld+json\" class=\"yoast-schema-graph\">{\"@context\":\"https:\/\/schema.org\",\"@graph\":[{\"@type\":\"WebPage\",\"@id\":\"https:\/\/edm.ch\/fr\/sante-maternelle-et-infantile\/\",\"url\":\"https:\/\/edm.ch\/fr\/sante-maternelle-et-infantile\/\",\"name\":\"Sant\u00e9 maternelle et infantile - Enfants du Monde\",\"isPartOf\":{\"@id\":\"https:\/\/edm.ch\/en\/#website\"},\"datePublished\":\"2023-08-14T14:44:40+00:00\",\"dateModified\":\"2024-11-19T12:17:36+00:00\",\"description\":\"Enfants du Monde propose des s\u00e9ances d\u2019\u00e9ducation \u00e0 la sant\u00e9 maternelle et infantile pour r\u00e9duire les risques de mortalit\u00e9.\",\"inLanguage\":\"fr-FR\",\"potentialAction\":[{\"@type\":\"ReadAction\",\"target\":[\"https:\/\/edm.ch\/fr\/sante-maternelle-et-infantile\/\"]}]},{\"@type\":\"WebSite\",\"@id\":\"https:\/\/edm.ch\/en\/#website\",\"url\":\"https:\/\/edm.ch\/en\/\",\"name\":\"Enfants du monde\",\"description\":\"Association suisse\",\"potentialAction\":[{\"@type\":\"SearchAction\",\"target\":{\"@type\":\"EntryPoint\",\"urlTemplate\":\"https:\/\/edm.ch\/en\/?s={search_term_string}\"},\"query-input\":{\"@type\":\"PropertyValueSpecification\",\"valueRequired\":true,\"valueName\":\"search_term_string\"}}],\"inLanguage\":\"fr-FR\"}]}<\/script>\n<!-- \/ Yoast SEO plugin. -->","yoast_head_json":{"title":"Sant\u00e9 maternelle et infantile - Enfants du Monde","description":"Enfants du Monde propose des s\u00e9ances d\u2019\u00e9ducation \u00e0 la sant\u00e9 maternelle et infantile pour r\u00e9duire les risques de mortalit\u00e9.","robots":{"index":"index","follow":"follow","max-snippet":"max-snippet:-1","max-image-preview":"max-image-preview:large","max-video-preview":"max-video-preview:-1"},"canonical":"https:\/\/edm.ch\/fr\/sante-maternelle-et-infantile\/","og_locale":"fr_FR","og_type":"article","og_title":"Sant\u00e9 maternelle et infantile - Enfants du Monde","og_description":"Enfants du Monde propose des s\u00e9ances d\u2019\u00e9ducation \u00e0 la sant\u00e9 maternelle et infantile pour r\u00e9duire les risques de mortalit\u00e9.","og_url":"https:\/\/edm.ch\/fr\/sante-maternelle-et-infantile\/","og_site_name":"Enfants du monde","article_modified_time":"2024-11-19T12:17:36+00:00","twitter_card":"summary_large_image","schema":{"@context":"https:\/\/schema.org","@graph":[{"@type":"WebPage","@id":"https:\/\/edm.ch\/fr\/sante-maternelle-et-infantile\/","url":"https:\/\/edm.ch\/fr\/sante-maternelle-et-infantile\/","name":"Sant\u00e9 maternelle et infantile - Enfants du Monde","isPartOf":{"@id":"https:\/\/edm.ch\/en\/#website"},"datePublished":"2023-08-14T14:44:40+00:00","dateModified":"2024-11-19T12:17:36+00:00","description":"Enfants du Monde propose des s\u00e9ances d\u2019\u00e9ducation \u00e0 la sant\u00e9 maternelle et infantile pour r\u00e9duire les risques de mortalit\u00e9.","inLanguage":"fr-FR","potentialAction":[{"@type":"ReadAction","target":["https:\/\/edm.ch\/fr\/sante-maternelle-et-infantile\/"]}]},{"@type":"WebSite","@id":"https:\/\/edm.ch\/en\/#website","url":"https:\/\/edm.ch\/en\/","name":"Enfants du monde","description":"Association suisse","potentialAction":[{"@type":"SearchAction","target":{"@type":"EntryPoint","urlTemplate":"https:\/\/edm.ch\/en\/?s={search_term_string}"},"query-input":{"@type":"PropertyValueSpecification","valueRequired":true,"valueName":"search_term_string"}}],"inLanguage":"fr-FR"}]}},"_links":{"self":[{"href":"https:\/\/edm.ch\/fr\/wp-json\/wp\/v2\/pages\/2447","targetHints":{"allow":["GET"]}}],"collection":[{"href":"https:\/\/edm.ch\/fr\/wp-json\/wp\/v2\/pages"}],"about":[{"href":"https:\/\/edm.ch\/fr\/wp-json\/wp\/v2\/types\/page"}],"author":[{"embeddable":true,"href":"https:\/\/edm.ch\/fr\/wp-json\/wp\/v2\/users\/3"}],"replies":[{"embeddable":true,"href":"https:\/\/edm.ch\/fr\/wp-json\/wp\/v2\/comments?post=2447"}],"version-history":[{"count":38,"href":"https:\/\/edm.ch\/fr\/wp-json\/wp\/v2\/pages\/2447\/revisions"}],"predecessor-version":[{"id":32997,"href":"https:\/\/edm.ch\/fr\/wp-json\/wp\/v2\/pages\/2447\/revisions\/32997"}],"wp:attachment":[{"href":"https:\/\/edm.ch\/fr\/wp-json\/wp\/v2\/media?parent=2447"}],"curies":[{"name":"wp","href":"https:\/\/api.w.org\/{rel}","templated":true}]}}