{"id":2314,"date":"2023-08-14T12:18:52","date_gmt":"2023-08-14T12:18:52","guid":{"rendered":"https:\/\/edm.ch\/?page_id=2314"},"modified":"2025-10-06T09:23:18","modified_gmt":"2025-10-06T09:23:18","slug":"promotion-de-la-sante","status":"publish","type":"page","link":"https:\/\/edm.ch\/fr\/promotion-de-la-sante\/","title":{"rendered":"Promotion de la sant\u00e9"},"content":{"rendered":"<section class=\"subpageBanner\" style=\"display:\">\n    <div class=\"subpageBannerBlock figure_block\">\n        <img decoding=\"async\" data-src=\"https:\/\/edm.ch\/wp-content\/uploads\/2023\/08\/Enfants_du_monde_website_image_banner_promotion_sante.png\" src=\"data:image\/svg+xml;base64,PHN2ZyB3aWR0aD0iMSIgaGVpZ2h0PSIxIiB4bWxucz0iaHR0cDovL3d3dy53My5vcmcvMjAwMC9zdmciPjwvc3ZnPg==\" class=\"lazyload\" style=\"--smush-placeholder-width: 2500px; --smush-placeholder-aspect-ratio: 2500\/800;\" data-srcset=\"https:\/\/edm.ch\/wp-content\/uploads\/2023\/08\/Enfants_du_monde_website_image_banner_promotion_sante.png 2500w, https:\/\/edm.ch\/wp-content\/uploads\/2023\/08\/Enfants_du_monde_website_image_banner_promotion_sante-300x96.png 300w, https:\/\/edm.ch\/wp-content\/uploads\/2023\/08\/Enfants_du_monde_website_image_banner_promotion_sante-1024x328.png 1024w, https:\/\/edm.ch\/wp-content\/uploads\/2023\/08\/Enfants_du_monde_website_image_banner_promotion_sante-768x246.png 768w, https:\/\/edm.ch\/wp-content\/uploads\/2023\/08\/Enfants_du_monde_website_image_banner_promotion_sante-1536x492.png 1536w, https:\/\/edm.ch\/wp-content\/uploads\/2023\/08\/Enfants_du_monde_website_image_banner_promotion_sante-2048x655.png 2048w\" data-sizes=\"auto\" data-original-sizes=\"(max-width: 2500px) 100vw, 2500px\" \/>\n        <div class=\"subpageBannerWrap\">\n            <div class=\"container\">\n                <div class=\"content\">\n                    <div>\n                        <span class=\"bannerHead\">Colombie<\/span>\n                        <h1>Promotion de la sant\u00e9<\/h1>\n                    <\/div>\n                                            <div class=\"subpageBannerDocumentBtn\" style=\"display:none;\">\n                            <a href=\"javascript:void(0);\"\n                                class=\"documentAccordion documentListNew\">Documents li\u00e9s<\/a>\n                        <\/div>\n                                    <\/div>\n            <\/div>\n        <\/div>\n            <\/div>\n<\/section>\n    <section class=\"documentAccordionList\" id=\"subpage-banner-section\">\n        <div class=\"container\">\n            <h2>\n                Documents li\u00e9s            <\/h2>\n            <ul>\n                                    <li>\n                                                    <a href=\"https:\/\/edm.ch\/wp-content\/uploads\/2023\/08\/Cadre-strategique-IFC-de-lOMS.pdf\" class=\"pdf-link\"><span><img decoding=\"async\" class=\"icon-before-hover lazyload\"\n                                        data-src=\"https:\/\/edm.ch\/wp-content\/themes\/edm\/assets\/images\/pdf-icon.svg\" src=\"data:image\/svg+xml;base64,PHN2ZyB3aWR0aD0iMSIgaGVpZ2h0PSIxIiB4bWxucz0iaHR0cDovL3d3dy53My5vcmcvMjAwMC9zdmciPjwvc3ZnPg==\"><img decoding=\"async\"\n                                        class=\"icon-after-hover lazyload\"\n                                        data-src=\"https:\/\/edm.ch\/wp-content\/themes\/edm\/assets\/images\/pdf-icon-white.svg\" src=\"data:image\/svg+xml;base64,PHN2ZyB3aWR0aD0iMSIgaGVpZ2h0PSIxIiB4bWxucz0iaHR0cDovL3d3dy53My5vcmcvMjAwMC9zdmciPjwvc3ZnPg==\"><\/span><i>Cadre IFC de l&rsquo;OMS<\/i><\/a>\n                                            <\/li>\n                                        <li>\n                                                    <a href=\"https:\/\/edm.ch\/wp-content\/uploads\/2023\/08\/Approche-de-sante-IFC.pdf\" class=\"pdf-link\"><span><img decoding=\"async\" class=\"icon-before-hover lazyload\"\n                                        data-src=\"https:\/\/edm.ch\/wp-content\/themes\/edm\/assets\/images\/pdf-icon.svg\" src=\"data:image\/svg+xml;base64,PHN2ZyB3aWR0aD0iMSIgaGVpZ2h0PSIxIiB4bWxucz0iaHR0cDovL3d3dy53My5vcmcvMjAwMC9zdmciPjwvc3ZnPg==\"><img decoding=\"async\"\n                                        class=\"icon-after-hover lazyload\"\n                                        data-src=\"https:\/\/edm.ch\/wp-content\/themes\/edm\/assets\/images\/pdf-icon-white.svg\" src=\"data:image\/svg+xml;base64,PHN2ZyB3aWR0aD0iMSIgaGVpZ2h0PSIxIiB4bWxucz0iaHR0cDovL3d3dy53My5vcmcvMjAwMC9zdmciPjwvc3ZnPg==\"><\/span><i>Notre approche de la sant\u00e9<\/i><\/a>\n                                            <\/li>\n                                <\/ul>\n        <\/div>\n    <\/section>\n<script type=\"text\/javascript\">\n    jQuery(document).ready(function ($) {\n        \/\/ Check if the block exists\n        var bannerSection = $('#subpage-banner-section');\n\n        if (bannerSection.length > 0) {\n            \/\/ Move the block to the end of <main> just before the footer\n            $('main').append(bannerSection); \/\/ This will append it inside the <main> tag\n        }\n\n        $('.documentAccordion').on('click', function (e) {\n            e.preventDefault();  \/\/ Prevent default link action\n\n            \/\/ Target the section with the given ID\n            $('html, body').animate({\n                scrollTop: $('#subpage-banner-section').offset().top - 200\n            }, 1000);\n        });\n    });\n<\/script>\n\n<div class=\"different-dwn-btn-sec btn-dir-right\">\n    <div class=\"container\">\n        <a href=\"javascript:void(0);\" class=\"yellow_btn-rgt documentAccordionTarget\">Documents li\u00e9s<\/a>\n    <\/div>\n<\/div>\n\n    <script type=\"text\/javascript\">\n    jQuery(document).ready(function($) {\n\n          $('.documentAccordionTarget').on('click', function(e) {\n            e.preventDefault();  \n\n            \/\/ Target the section with the given ID\n            $('html, body').animate({\n                scrollTop: $('#subpage-banner-section').offset().top - 200\n            }, 1000); \n        });\n    });\n<\/script>\n\n        <section class=\"contentSec\" style=\"display:\">\n        <div class=\"container\">\n            <div class=\"contentBlock\">\n                <h5><\/h5>\n                <p>La promotion de la sant\u00e9 est un domaine d&rsquo;int\u00e9r\u00eat majeur pour de nombreux pays en Am\u00e9rique latine. L&rsquo;objectif principal est d&rsquo;am\u00e9liorer la sant\u00e9 et le bien-\u00eatre des populations en agissant sur les facteurs et les conditions qui influencent la sant\u00e9 et en encourageant des modes de vie sains.<\/p>\n                            <\/div>\n        <\/div>\n    <\/section>\n\n\n    \n    <section class=\"rightTextLeftImg \" style=\"display:\">\n        <div class=\"container\">\n            <div class=\"rightTextLeftImgRow\">\n                                    <div class=\"left\">\n                                            <\/div>\n                                                    <div class=\"right\">\n                        <div class=\"content\">\n                            <h3>                                R\u00e9duire la mortalit\u00e9 maternelle et n\u00e9onatale <small><\/small>\n                            <\/h3>                                                            <p>Nous avons lanc\u00e9 en <strong>Colombie<\/strong>, en collaboration avec le Centre Latinoam\u00e9ricain de P\u00e9rinatologie de l\u2019Organisation Panam\u00e9ricaine de la Sant\u00e9, l\u2019OMS et l\u2019Universit\u00e9 d\u2019Antioquia en Colombie <strong>une formation dipl\u00f4mante destin\u00e9e aux cadres des minist\u00e8res de la sant\u00e9 d\u2019Am\u00e9rique Latine.<\/strong><\/p>\n<p>Son objectif\u202f: former les participant\u00b7es \u00e0 l\u2019approche communautaire de promotion de la sant\u00e9 afin qu\u2019ils puissent <strong>\u00e9laborer des projets visant \u00e0 r\u00e9duire la mortalit\u00e9 maternelle et n\u00e9onatale<\/strong> dans leur pays respectifs.<\/p>\n                                                                                                            <\/div>\n                    <\/div>\n                            <\/div>\n        <\/div>\n    <\/section>\n\n        <section class=\"contentSec\" style=\"display:\">\n        <div class=\"container\">\n            <div class=\"contentBlock\">\n                <h5>Ce qui nous diff\u00e9rencie<\/h5>\n                <ul>\n<li>La formation s\u2019articule autour des politiques nationales et r\u00e9gionales de sant\u00e9 maternelle et n\u00e9onatale et des axes tels que <strong>la participation communautaire, la recherche de fonds, la r\u00e9flexion op\u00e9rationnelle, les besoins d\u2019appui d\u2019expert\u00b7es, le renforcement de la qualit\u00e9, l\u2019appui au monitoring.<\/strong><\/li>\n<li>Les participant\u00b7es sont des cadres des minist\u00e8res de la sant\u00e9 ce qui permet de <strong>renforcer les capacit\u00e9s locales.<\/strong><\/li>\n<li>41 personnes ont particip\u00e9 \u00e0 cette formation en 2022 : 10 cadres du P\u00e9rou, 9 du Guatemala et 22 de la Colombie.<\/li>\n<\/ul>\n                            <\/div>\n        <\/div>\n    <\/section>\n\n\n    <section class=\" imageSec\" style=\"display:\">\n      <div class=\"container\">\n        <figure>\n          <img decoding=\"async\" data-src=\"https:\/\/edm.ch\/wp-content\/uploads\/2023\/08\/Enfants_du_monde_website_image_participants_diplomado.jpg\" src=\"data:image\/svg+xml;base64,PHN2ZyB3aWR0aD0iMSIgaGVpZ2h0PSIxIiB4bWxucz0iaHR0cDovL3d3dy53My5vcmcvMjAwMC9zdmciPjwvc3ZnPg==\" class=\"lazyload\" style=\"--smush-placeholder-width: 1600px; --smush-placeholder-aspect-ratio: 1600\/698;\" data-srcset=\"https:\/\/edm.ch\/wp-content\/uploads\/2023\/08\/Enfants_du_monde_website_image_participants_diplomado.jpg 1600w, https:\/\/edm.ch\/wp-content\/uploads\/2023\/08\/Enfants_du_monde_website_image_participants_diplomado-300x131.jpg 300w, https:\/\/edm.ch\/wp-content\/uploads\/2023\/08\/Enfants_du_monde_website_image_participants_diplomado-1024x447.jpg 1024w, https:\/\/edm.ch\/wp-content\/uploads\/2023\/08\/Enfants_du_monde_website_image_participants_diplomado-768x335.jpg 768w, https:\/\/edm.ch\/wp-content\/uploads\/2023\/08\/Enfants_du_monde_website_image_participants_diplomado-1536x670.jpg 1536w\" data-sizes=\"auto\" data-original-sizes=\"(max-width: 1600px) 100vw, 1600px\">\n        <\/figure>\n      <\/div>\n    <\/section>\n\n        <section class=\"contentSec\" style=\"display:\">\n        <div class=\"container\">\n            <div class=\"contentBlock\">\n                <h5>Une \u00e9quipe pr\u00eate \u00e0 agir<\/h5>\n                <p>Au terme de cette formation, les participant\u00b7es sont \u00e0 m\u00eame de d\u00e9finir les mesures \u00e0 prendre dans leur pays pour assurer la mise en \u0153uvre de projets de promotion de sant\u00e9 et identifier l&rsquo;assistance technique n\u00e9cessaire. Ils\/Elles auront identifi\u00e9 des strat\u00e9gies pour institutionnaliser ces projets dans leur syst\u00e8me sanitaire, en garantissant une partie du financement et leur int\u00e9gration dans les politiques et plans publics de sant\u00e9.<\/p>\n<p>Une dynamique d\u2019alumni est aussi favoris\u00e9e afin que des synergies persistent entre anciens \u00e9l\u00e8ves au-del\u00e0 du programme. L\u2019objectif est de constituer une \u00e9quipe de personnes ressources dans la r\u00e9gion qui puisse appuyer les actions de promotion de la sant\u00e9.<\/p>\n<p>Lors de cette formation, les responsables de programmes de sant\u00e9 apprennent \u00e0 :<\/p>\n<ul>\n<li>Am\u00e9liorer l\u2019acc\u00e8s et la qualit\u00e9 des soins de sant\u00e9 maternelle et infantile de leur pays<\/li>\n<li>Mieux prendre en compte les avis de la population locale, l&rsquo;aider \u00e0 \u00e9valuer les probl\u00e8mes de sant\u00e9 et \u00e0 l&rsquo;impliquer dans la recherche de solution<\/li>\n<li>Etablir un programme de sant\u00e9 adapt\u00e9 aux besoins de la population en impliquant cette derni\u00e8re<\/li>\n<li>Analyser le programme de r\u00e9duction de la mortalit\u00e9 maternelle et infantile de leur pays, en le mettant en lien avec des programmes internationaux et les strat\u00e9gies r\u00e9gionales en la mati\u00e8re<\/li>\n<\/ul>\n                            <\/div>\n        <\/div>\n    <\/section>\n\n        <section class=\"contentSec\" style=\"display:\">\n        <div class=\"container\">\n            <div class=\"contentBlock\">\n                <h5>En collaboration avec :<\/h5>\n                <ul>\n<li><a href=\"https:\/\/www.paho.org\/fr\" target=\"_blank\" rel=\"noopener\">Centre Latinoam\u00e9ricain de P\u00e9rinatologie de l\u2019Organisation Panam\u00e9ricaine de la Sant\u00e9<\/a><\/li>\n<li><a href=\"https:\/\/www.who.int\/fr\" target=\"_blank\" rel=\"noopener\">Organisation Mondiale de la Sant\u00e9<\/a><\/li>\n<li><a href=\"https:\/\/www.udea.edu.co\/\" target=\"_blank\" rel=\"noopener\">Universit\u00e9 d\u2019Antioquia en Colombie<\/a><\/li>\n<\/ul>\n                            <\/div>\n        <\/div>\n    <\/section>\n\n\n    <section class=\"donation_count\" style=\"display:\">\n        <div class=\"inner_row\">\n            <div class=\"right_img_block\">\n                <div class=\"img_block figure_block\">\n                    <img decoding=\"async\" data-src=\"https:\/\/edm.ch\/wp-content\/uploads\/2023\/08\/Guatemala_Education_6357_1920_1920.png\" alt=\"\" src=\"data:image\/svg+xml;base64,PHN2ZyB3aWR0aD0iMSIgaGVpZ2h0PSIxIiB4bWxucz0iaHR0cDovL3d3dy53My5vcmcvMjAwMC9zdmciPjwvc3ZnPg==\" class=\"lazyload\" style=\"--smush-placeholder-width: 1920px; --smush-placeholder-aspect-ratio: 1920\/1920;\" data-srcset=\"https:\/\/edm.ch\/wp-content\/uploads\/2023\/08\/Guatemala_Education_6357_1920_1920.png 1920w, https:\/\/edm.ch\/wp-content\/uploads\/2023\/08\/Guatemala_Education_6357_1920_1920-300x300.png 300w, https:\/\/edm.ch\/wp-content\/uploads\/2023\/08\/Guatemala_Education_6357_1920_1920-1024x1024.png 1024w, https:\/\/edm.ch\/wp-content\/uploads\/2023\/08\/Guatemala_Education_6357_1920_1920-150x150.png 150w, https:\/\/edm.ch\/wp-content\/uploads\/2023\/08\/Guatemala_Education_6357_1920_1920-768x768.png 768w, https:\/\/edm.ch\/wp-content\/uploads\/2023\/08\/Guatemala_Education_6357_1920_1920-1536x1536.png 1536w\" data-sizes=\"auto\" data-original-sizes=\"(max-width: 1920px) 100vw, 1920px\">\n                                            <div class=\"picture-caption\">\n                            <div class=\"caption-content\"><span>Enfants du Monde<\/span><\/div>\n                        <\/div>\n                                    <\/div>\n            <\/div>\n            <div class=\"left_txt_block\">\n                <div class=\"txt_contents\">\n                    <h3>Mon don fait la diff\u00e9rence<\/h3>\n                    <div class=\"block_txts\">\n                                                    <div class=\"item\">\n                                <span class=\"title\">Par exemple :<\/span>\n                                <p><\/p>\n                            <\/div>\n                                                    <div class=\"item\">\n                                <span class=\"title\">Avec 74 francs\u202f : <\/span>\n                                <p>Je finance une formation de 2 jours sur la pr\u00e9paration \u00e0 la naissance pour un agent de sant\u00e9 au Burkina Faso.<\/p>\n                            <\/div>\n                                                    <div class=\"item\">\n                                <span class=\"title\">Avec 100 francs \u202f: <\/span>\n                                <p>Je permets \u00e0 500 femmes enceintes et leur mari de participer \u00e0 une s\u00e9ance d&rsquo;\u00e9ducation \u00e0 la sant\u00e9 maternelle et la pr\u00e9paration \u00e0 l&rsquo;accouchement au Bangladesh.<\/p>\n                            <\/div>\n                                                    <div class=\"item\">\n                                <span class=\"title\">Avec 150 francs :<\/span>\n                                <p>J\u2019offre la formation continue de 2 infirmi\u00e8res au N\u00e9pal pour lui permettre de r\u00e9aliser des soins respectueux aux femmes enceintes et \u00e0 leurs nouveau-n\u00e9s.<\/p>\n                            <\/div>\n                                                                            <a href=\"https:\/\/don.edm.ch\/\" class=\"btnWhite buttonDonation\">\n                                JE FAIS UN DON                            <\/a>\n                                            <\/div>\n                <\/div>\n            <\/div>\n        <\/div>\n    <\/section>","protected":false},"excerpt":{"rendered":"","protected":false},"author":3,"featured_media":0,"parent":0,"menu_order":0,"comment_status":"closed","ping_status":"closed","template":"templates\/yellow-line-1.php","meta":{"_acf_changed":false,"inline_featured_image":false,"footnotes":""},"class_list":["post-2314","page","type-page","status-publish","hentry"],"acf":[],"yoast_head":"<!-- This site is optimized with the Yoast SEO plugin v26.9 - https:\/\/yoast.com\/product\/yoast-seo-wordpress\/ -->\n<title>Sant\u00e9 en Colombie - Promotion de la sant\u00e9 - Enfants du Monde<\/title>\n<meta name=\"description\" content=\"Pour am\u00e9liorer la sant\u00e9 en Colombie, nous avons \u00e9labor\u00e9 une formation pour les professionnels et ainsi am\u00e9liorer la sant\u00e9 dans leur pays.\" \/>\n<meta name=\"robots\" content=\"index, follow, max-snippet:-1, max-image-preview:large, max-video-preview:-1\" \/>\n<link rel=\"canonical\" href=\"https:\/\/edm.ch\/fr\/promotion-de-la-sante\/\" \/>\n<meta property=\"og:locale\" content=\"fr_FR\" \/>\n<meta property=\"og:type\" content=\"article\" \/>\n<meta property=\"og:title\" content=\"Sant\u00e9 en Colombie - Promotion de la sant\u00e9 - Enfants du Monde\" \/>\n<meta property=\"og:description\" content=\"Pour am\u00e9liorer la sant\u00e9 en Colombie, nous avons \u00e9labor\u00e9 une formation pour les professionnels et ainsi am\u00e9liorer la sant\u00e9 dans leur pays.\" \/>\n<meta property=\"og:url\" content=\"https:\/\/edm.ch\/fr\/promotion-de-la-sante\/\" \/>\n<meta property=\"og:site_name\" content=\"Enfants du monde\" \/>\n<meta property=\"article:modified_time\" content=\"2025-10-06T09:23:18+00:00\" \/>\n<meta name=\"twitter:card\" content=\"summary_large_image\" \/>\n<script type=\"application\/ld+json\" class=\"yoast-schema-graph\">{\"@context\":\"https:\/\/schema.org\",\"@graph\":[{\"@type\":\"WebPage\",\"@id\":\"https:\/\/edm.ch\/fr\/promotion-de-la-sante\/\",\"url\":\"https:\/\/edm.ch\/fr\/promotion-de-la-sante\/\",\"name\":\"Sant\u00e9 en Colombie - Promotion de la sant\u00e9 - Enfants du Monde\",\"isPartOf\":{\"@id\":\"https:\/\/edm.ch\/en\/#website\"},\"datePublished\":\"2023-08-14T12:18:52+00:00\",\"dateModified\":\"2025-10-06T09:23:18+00:00\",\"description\":\"Pour am\u00e9liorer la sant\u00e9 en Colombie, nous avons \u00e9labor\u00e9 une formation pour les professionnels et ainsi am\u00e9liorer la sant\u00e9 dans leur pays.\",\"inLanguage\":\"fr-FR\",\"potentialAction\":[{\"@type\":\"ReadAction\",\"target\":[\"https:\/\/edm.ch\/fr\/promotion-de-la-sante\/\"]}]},{\"@type\":\"WebSite\",\"@id\":\"https:\/\/edm.ch\/en\/#website\",\"url\":\"https:\/\/edm.ch\/en\/\",\"name\":\"Enfants du monde\",\"description\":\"Association suisse\",\"potentialAction\":[{\"@type\":\"SearchAction\",\"target\":{\"@type\":\"EntryPoint\",\"urlTemplate\":\"https:\/\/edm.ch\/en\/?s={search_term_string}\"},\"query-input\":{\"@type\":\"PropertyValueSpecification\",\"valueRequired\":true,\"valueName\":\"search_term_string\"}}],\"inLanguage\":\"fr-FR\"}]}<\/script>\n<!-- \/ Yoast SEO plugin. -->","yoast_head_json":{"title":"Sant\u00e9 en Colombie - Promotion de la sant\u00e9 - Enfants du Monde","description":"Pour am\u00e9liorer la sant\u00e9 en Colombie, nous avons \u00e9labor\u00e9 une formation pour les professionnels et ainsi am\u00e9liorer la sant\u00e9 dans leur pays.","robots":{"index":"index","follow":"follow","max-snippet":"max-snippet:-1","max-image-preview":"max-image-preview:large","max-video-preview":"max-video-preview:-1"},"canonical":"https:\/\/edm.ch\/fr\/promotion-de-la-sante\/","og_locale":"fr_FR","og_type":"article","og_title":"Sant\u00e9 en Colombie - Promotion de la sant\u00e9 - Enfants du Monde","og_description":"Pour am\u00e9liorer la sant\u00e9 en Colombie, nous avons \u00e9labor\u00e9 une formation pour les professionnels et ainsi am\u00e9liorer la sant\u00e9 dans leur pays.","og_url":"https:\/\/edm.ch\/fr\/promotion-de-la-sante\/","og_site_name":"Enfants du monde","article_modified_time":"2025-10-06T09:23:18+00:00","twitter_card":"summary_large_image","schema":{"@context":"https:\/\/schema.org","@graph":[{"@type":"WebPage","@id":"https:\/\/edm.ch\/fr\/promotion-de-la-sante\/","url":"https:\/\/edm.ch\/fr\/promotion-de-la-sante\/","name":"Sant\u00e9 en Colombie - Promotion de la sant\u00e9 - Enfants du Monde","isPartOf":{"@id":"https:\/\/edm.ch\/en\/#website"},"datePublished":"2023-08-14T12:18:52+00:00","dateModified":"2025-10-06T09:23:18+00:00","description":"Pour am\u00e9liorer la sant\u00e9 en Colombie, nous avons \u00e9labor\u00e9 une formation pour les professionnels et ainsi am\u00e9liorer la sant\u00e9 dans leur pays.","inLanguage":"fr-FR","potentialAction":[{"@type":"ReadAction","target":["https:\/\/edm.ch\/fr\/promotion-de-la-sante\/"]}]},{"@type":"WebSite","@id":"https:\/\/edm.ch\/en\/#website","url":"https:\/\/edm.ch\/en\/","name":"Enfants du monde","description":"Association suisse","potentialAction":[{"@type":"SearchAction","target":{"@type":"EntryPoint","urlTemplate":"https:\/\/edm.ch\/en\/?s={search_term_string}"},"query-input":{"@type":"PropertyValueSpecification","valueRequired":true,"valueName":"search_term_string"}}],"inLanguage":"fr-FR"}]}},"_links":{"self":[{"href":"https:\/\/edm.ch\/fr\/wp-json\/wp\/v2\/pages\/2314","targetHints":{"allow":["GET"]}}],"collection":[{"href":"https:\/\/edm.ch\/fr\/wp-json\/wp\/v2\/pages"}],"about":[{"href":"https:\/\/edm.ch\/fr\/wp-json\/wp\/v2\/types\/page"}],"author":[{"embeddable":true,"href":"https:\/\/edm.ch\/fr\/wp-json\/wp\/v2\/users\/3"}],"replies":[{"embeddable":true,"href":"https:\/\/edm.ch\/fr\/wp-json\/wp\/v2\/comments?post=2314"}],"version-history":[{"count":47,"href":"https:\/\/edm.ch\/fr\/wp-json\/wp\/v2\/pages\/2314\/revisions"}],"predecessor-version":[{"id":37765,"href":"https:\/\/edm.ch\/fr\/wp-json\/wp\/v2\/pages\/2314\/revisions\/37765"}],"wp:attachment":[{"href":"https:\/\/edm.ch\/fr\/wp-json\/wp\/v2\/media?parent=2314"}],"curies":[{"name":"wp","href":"https:\/\/api.w.org\/{rel}","templated":true}]}}