{"id":2090,"date":"2023-08-11T15:27:43","date_gmt":"2023-08-11T15:27:43","guid":{"rendered":"https:\/\/edm.ch\/?page_id=2090"},"modified":"2024-02-22T16:27:25","modified_gmt":"2024-02-22T16:27:25","slug":"education-au-developpement-durable","status":"publish","type":"page","link":"https:\/\/edm.ch\/fr\/education-au-developpement-durable\/","title":{"rendered":"\u00c9ducation au d\u00e9veloppement durable"},"content":{"rendered":"<section class=\"subpageBanner\" style=\"display:\">\n    <div class=\"subpageBannerBlock figure_block\">\n        <img decoding=\"async\" data-src=\"https:\/\/edm.ch\/wp-content\/uploads\/2023\/08\/Enfants-du-monde_website_image-6431_banners_WP_2500_800.png\" src=\"data:image\/svg+xml;base64,PHN2ZyB3aWR0aD0iMSIgaGVpZ2h0PSIxIiB4bWxucz0iaHR0cDovL3d3dy53My5vcmcvMjAwMC9zdmciPjwvc3ZnPg==\" class=\"lazyload\" style=\"--smush-placeholder-width: 2500px; --smush-placeholder-aspect-ratio: 2500\/800;\" data-srcset=\"https:\/\/edm.ch\/wp-content\/uploads\/2023\/08\/Enfants-du-monde_website_image-6431_banners_WP_2500_800.png 2500w, https:\/\/edm.ch\/wp-content\/uploads\/2023\/08\/Enfants-du-monde_website_image-6431_banners_WP_2500_800-300x96.png 300w, https:\/\/edm.ch\/wp-content\/uploads\/2023\/08\/Enfants-du-monde_website_image-6431_banners_WP_2500_800-1024x328.png 1024w, https:\/\/edm.ch\/wp-content\/uploads\/2023\/08\/Enfants-du-monde_website_image-6431_banners_WP_2500_800-768x246.png 768w, https:\/\/edm.ch\/wp-content\/uploads\/2023\/08\/Enfants-du-monde_website_image-6431_banners_WP_2500_800-1536x492.png 1536w, https:\/\/edm.ch\/wp-content\/uploads\/2023\/08\/Enfants-du-monde_website_image-6431_banners_WP_2500_800-2048x655.png 2048w\" data-sizes=\"auto\" data-original-sizes=\"(max-width: 2500px) 100vw, 2500px\" \/>\n        <div class=\"subpageBannerWrap\">\n            <div class=\"container\">\n                <div class=\"content\">\n                    <div>\n                        <span class=\"bannerHead\"><\/span>\n                        <h1>Education au d\u00e9veloppement durable<\/h1>\n                    <\/div>\n                                    <\/div>\n            <\/div>\n        <\/div>\n                    <div class=\"picture-caption\">\n                <div class=\"caption-content\"><span>Enfants du Monde\n\n<\/span><\/div>\n            <\/div>\n            <\/div>\n<\/section>\n<script type=\"text\/javascript\">\n    jQuery(document).ready(function ($) {\n        \/\/ Check if the block exists\n        var bannerSection = $('#subpage-banner-section');\n\n        if (bannerSection.length > 0) {\n            \/\/ Move the block to the end of <main> just before the footer\n            $('main').append(bannerSection); \/\/ This will append it inside the <main> tag\n        }\n\n        $('.documentAccordion').on('click', function (e) {\n            e.preventDefault();  \/\/ Prevent default link action\n\n            \/\/ Target the section with the given ID\n            $('html, body').animate({\n                scrollTop: $('#subpage-banner-section').offset().top - 200\n            }, 1000);\n        });\n    });\n<\/script>\n\n\n    \n    <section class=\"leftTextRightImg \" style=\"display:\">\n        <div class=\"container\">\n            <div class=\"leftTextRightImgRow\">\n                                    <div class=\"right\">\n                                                    <div class=\"imgBlock\">\n                                <a class=\"figure_block\" href=\"https:\/\/edm.ch\/wp-content\/uploads\/2023\/08\/RS2989_1920_Benin.png\" data-fancybox data-caption=\"\">\n                                    <img decoding=\"async\" data-src=\"https:\/\/edm.ch\/wp-content\/uploads\/2023\/08\/RS2989_1920_Benin.png\" src=\"data:image\/svg+xml;base64,PHN2ZyB3aWR0aD0iMSIgaGVpZ2h0PSIxIiB4bWxucz0iaHR0cDovL3d3dy53My5vcmcvMjAwMC9zdmciPjwvc3ZnPg==\" class=\"lazyload\" style=\"--smush-placeholder-width: 1920px; --smush-placeholder-aspect-ratio: 1920\/1920;\" data-srcset=\"https:\/\/edm.ch\/wp-content\/uploads\/2023\/08\/RS2989_1920_Benin.png 1920w, https:\/\/edm.ch\/wp-content\/uploads\/2023\/08\/RS2989_1920_Benin-300x300.png 300w, https:\/\/edm.ch\/wp-content\/uploads\/2023\/08\/RS2989_1920_Benin-1024x1024.png 1024w, https:\/\/edm.ch\/wp-content\/uploads\/2023\/08\/RS2989_1920_Benin-150x150.png 150w, https:\/\/edm.ch\/wp-content\/uploads\/2023\/08\/RS2989_1920_Benin-768x768.png 768w, https:\/\/edm.ch\/wp-content\/uploads\/2023\/08\/RS2989_1920_Benin-1536x1536.png 1536w\" data-sizes=\"auto\" data-original-sizes=\"(max-width: 1920px) 100vw, 1920px\" \/>\n                                                                    <\/a>\n                                <figcaption><\/figcaption>\n                            <\/div>\n                                            <\/div>\n                                                    <div class=\"left\">\n                        <div class=\"content\">\n                            <h2>                                Notre m\u00e9thodologie <small><\/small>\n                            <\/h2>                                                            <p>Afin de permettre aux enfants de participer au d\u00e9veloppement durable de leur communaut\u00e9 et de leur pays, Enfants du Monde promeut l\u2019\u00e9ducation au d\u00e9veloppement durable de mani\u00e8re syst\u00e9matique dans le cadre de ses interventions\u00a0:<\/p>\n<ul>\n<li>Des s\u00e9quences didactiques interdisplinaires et bilingues abordent les <strong>probl\u00e9matiques de durabilit\u00e9<\/strong> les plus pressantes dans chaque contexte : \u00ab L\u2019eau, c\u2019est la vie \u00bb, \u00ab Mieux vivre avec les changements climatiques \u00bb, \u00ab Bien manger, mieux vivre \u00bb, \u00ab Vivons en paix \u00bb<\/li>\n<li>Des <strong>r\u00e9flexions \u00e9thiques<\/strong> confrontent les apprenant\u00b7es \u00e0 leur propre syst\u00e8me de valeurs et repr\u00e9sentations afin de faire \u00e9voluer certaines pratiques (mariage ou travail d\u2019enfants, d\u00e9scolarisation des filles, excision, \u2026)<\/li>\n<li>Des <strong>projets de classe<\/strong> apportent des solutions concr\u00e8tes aux probl\u00e8mes identifi\u00e9s au niveau local, favorisant ainsi la <strong>participation citoyenne des enfants<\/strong>.<\/li>\n<\/ul>\n                                                                                                            <\/div>\n                    <\/div>\n                            <\/div>\n        <\/div>\n    <\/section>\n\n        <section class=\"contentSec\" style=\"display:\">\n        <div class=\"container\">\n            <div class=\"contentBlock\">\n                <h5>Probl\u00e9matiques abord\u00e9es<\/h5>\n                <ul>\n<li><strong>Droits de l\u2019enfant :<\/strong> mariage et travail d\u2019enfants, excision, faible participation citoyenne des enfants\u00a0;<\/li>\n<li><strong>Protection de l\u2019environnement<\/strong> : vuln\u00e9rabilit\u00e9 des populations aux effets du changement climatique, coupe abusive du bois, gestion de l\u2019eau\u00a0;<\/li>\n<li><strong>Sant\u00e9 et bien-\u00eatre :<\/strong> d\u00e9scolarisation des filles r\u00e9gl\u00e9es, grossesses pr\u00e9coces, taux \u00e9lev\u00e9s de contagion du paludisme, malnutrition, consommation d\u2019eau non potable\u00a0;<\/li>\n<li><strong>Culture de la paix :<\/strong> conflits interethniques et interreligieux.<\/li>\n<\/ul>\n                            <\/div>\n        <\/div>\n    <\/section>\n\n\n    <section class=\"activitySec\" style=\"display:\">\n      <div class=\"container\">\n        <div class=\"secTitle\">\n            <h2>Dans les pays en pratique<\/h2>\n        <\/div>\n        <div class=\"activityRow\">\n\n            \n                <div class=\"activityCol\">\n                    <div class=\"activityColInner\">\n                        <div class=\"imgBlock\">\n                            <a href=\"https:\/\/edm.ch\/fr\/nos-programmes-de-sensibilisation\/\">                                <img decoding=\"async\" data-src=\"https:\/\/edm.ch\/wp-content\/uploads\/2023\/08\/RS1841_IMG_8185-scaled.jpg\" alt=\"EMD-img\" src=\"data:image\/svg+xml;base64,PHN2ZyB3aWR0aD0iMSIgaGVpZ2h0PSIxIiB4bWxucz0iaHR0cDovL3d3dy53My5vcmcvMjAwMC9zdmciPjwvc3ZnPg==\" class=\"lazyload\" style=\"--smush-placeholder-width: 2560px; --smush-placeholder-aspect-ratio: 2560\/1707;\" data-srcset=\"https:\/\/edm.ch\/wp-content\/uploads\/2023\/08\/RS1841_IMG_8185-scaled.jpg 2560w, https:\/\/edm.ch\/wp-content\/uploads\/2023\/08\/RS1841_IMG_8185-300x200.jpg 300w, https:\/\/edm.ch\/wp-content\/uploads\/2023\/08\/RS1841_IMG_8185-1024x683.jpg 1024w, https:\/\/edm.ch\/wp-content\/uploads\/2023\/08\/RS1841_IMG_8185-768x512.jpg 768w, https:\/\/edm.ch\/wp-content\/uploads\/2023\/08\/RS1841_IMG_8185-1536x1024.jpg 1536w, https:\/\/edm.ch\/wp-content\/uploads\/2023\/08\/RS1841_IMG_8185-2048x1365.jpg 2048w\" data-sizes=\"auto\" data-original-sizes=\"(max-width: 2560px) 100vw, 2560px\" \/>\n                            <\/a>                        <\/div>\n                        <div class=\"contentBlock\">\n                            <h3>Droits de l&rsquo;enfant<\/h3>\n                            <p>Enfants du Monde met en \u0153uvre deux projets d\u2019\u00e9ducation aux droits de l\u2019enfant et au d\u00e9veloppement durable, en Suisse, au Guatemala et au Burkina Faso. Le projet <em>Un Monde plus Juste<\/em> offre la possibilit\u00e9 \u00e0 des \u00e9coliers de s\u2019engager en faveur des droits de l\u2019enfant d\u2019une fa\u00e7on ludique.<\/p>\n                                                            <a href=\"https:\/\/edm.ch\/fr\/nos-programmes-de-sensibilisation\/\" class=\"btnWhite\">En savoir plus<\/a>\n                                                    <\/div>\n                    <\/div>\n                <\/div>\n\n                        \n        <\/div>\n      <\/div>\n    <\/section>\n\n\n    <section class=\"donation_count\" style=\"display:\">\n        <div class=\"inner_row\">\n            <div class=\"right_img_block\">\n                <div class=\"img_block figure_block\">\n                    <img decoding=\"async\" data-src=\"https:\/\/edm.ch\/wp-content\/uploads\/2023\/08\/RS5772_Droits_enfants.png\" alt=\"\" src=\"data:image\/svg+xml;base64,PHN2ZyB3aWR0aD0iMSIgaGVpZ2h0PSIxIiB4bWxucz0iaHR0cDovL3d3dy53My5vcmcvMjAwMC9zdmciPjwvc3ZnPg==\" class=\"lazyload\" style=\"--smush-placeholder-width: 1920px; --smush-placeholder-aspect-ratio: 1920\/1920;\" data-srcset=\"https:\/\/edm.ch\/wp-content\/uploads\/2023\/08\/RS5772_Droits_enfants.png 1920w, https:\/\/edm.ch\/wp-content\/uploads\/2023\/08\/RS5772_Droits_enfants-300x300.png 300w, https:\/\/edm.ch\/wp-content\/uploads\/2023\/08\/RS5772_Droits_enfants-1024x1024.png 1024w, https:\/\/edm.ch\/wp-content\/uploads\/2023\/08\/RS5772_Droits_enfants-150x150.png 150w, https:\/\/edm.ch\/wp-content\/uploads\/2023\/08\/RS5772_Droits_enfants-768x768.png 768w, https:\/\/edm.ch\/wp-content\/uploads\/2023\/08\/RS5772_Droits_enfants-1536x1536.png 1536w\" data-sizes=\"auto\" data-original-sizes=\"(max-width: 1920px) 100vw, 1920px\">\n                                            <div class=\"picture-caption\">\n                            <div class=\"caption-content\"><span>\u00a9 Enfants du Monde <\/span><\/div>\n                        <\/div>\n                                    <\/div>\n            <\/div>\n            <div class=\"left_txt_block\">\n                <div class=\"txt_contents\">\n                    <h3>Mon don fait la diff\u00e9rence<\/h3>\n                    <div class=\"block_txts\">\n                                                    <div class=\"item\">\n                                <span class=\"title\">Par exemple :<\/span>\n                                <p><\/p>\n                            <\/div>\n                                                    <div class=\"item\">\n                                <span class=\"title\">Avec 80 francs :<\/span>\n                                <p>Je contribue \u00e0 d\u00e9velopper du mat\u00e9riel p\u00e9dagogique de qualit\u00e9 sur les droits de l\u2019enfant pour les \u00e9l\u00e8ves en Suisse.<\/p>\n                            <\/div>\n                                                                            <a href=\"https:\/\/don.edm.ch\/fr\" class=\"btnWhite buttonDonation\">\n                                JE FAIS UN DON                            <\/a>\n                                            <\/div>\n                <\/div>\n            <\/div>\n        <\/div>\n    <\/section>","protected":false},"excerpt":{"rendered":"","protected":false},"author":3,"featured_media":0,"parent":0,"menu_order":0,"comment_status":"closed","ping_status":"closed","template":"templates\/yellow-line-3.php","meta":{"_acf_changed":false,"inline_featured_image":false,"footnotes":""},"class_list":["post-2090","page","type-page","status-publish","hentry"],"acf":[],"yoast_head":"<!-- This site is optimized with the Yoast SEO plugin v26.9 - https:\/\/yoast.com\/product\/yoast-seo-wordpress\/ -->\n<title>\u00c9ducation d\u00e9veloppement durable - Enfants du Monde<\/title>\n<meta name=\"description\" content=\"Enfants du Monde contribue \u00e0 la mise en \u0153uvre des droits de l\u2019enfant en Suisse et dans le monde, dans une perspective de d\u00e9veloppement durable.\" \/>\n<meta name=\"robots\" content=\"index, follow, max-snippet:-1, max-image-preview:large, max-video-preview:-1\" \/>\n<link rel=\"canonical\" href=\"https:\/\/edm.ch\/fr\/education-au-developpement-durable\/\" \/>\n<meta property=\"og:locale\" content=\"fr_FR\" \/>\n<meta property=\"og:type\" content=\"article\" \/>\n<meta property=\"og:title\" content=\"\u00c9ducation d\u00e9veloppement durable - Enfants du Monde\" \/>\n<meta property=\"og:description\" content=\"Enfants du Monde contribue \u00e0 la mise en \u0153uvre des droits de l\u2019enfant en Suisse et dans le monde, dans une perspective de d\u00e9veloppement durable.\" \/>\n<meta property=\"og:url\" content=\"https:\/\/edm.ch\/fr\/education-au-developpement-durable\/\" \/>\n<meta property=\"og:site_name\" content=\"Enfants du monde\" \/>\n<meta property=\"article:modified_time\" content=\"2024-02-22T16:27:25+00:00\" \/>\n<meta name=\"twitter:card\" content=\"summary_large_image\" \/>\n<script type=\"application\/ld+json\" class=\"yoast-schema-graph\">{\"@context\":\"https:\/\/schema.org\",\"@graph\":[{\"@type\":\"WebPage\",\"@id\":\"https:\/\/edm.ch\/fr\/education-au-developpement-durable\/\",\"url\":\"https:\/\/edm.ch\/fr\/education-au-developpement-durable\/\",\"name\":\"\u00c9ducation d\u00e9veloppement durable - Enfants du Monde\",\"isPartOf\":{\"@id\":\"https:\/\/edm.ch\/en\/#website\"},\"datePublished\":\"2023-08-11T15:27:43+00:00\",\"dateModified\":\"2024-02-22T16:27:25+00:00\",\"description\":\"Enfants du Monde contribue \u00e0 la mise en \u0153uvre des droits de l\u2019enfant en Suisse et dans le monde, dans une perspective de d\u00e9veloppement durable.\",\"inLanguage\":\"fr-FR\",\"potentialAction\":[{\"@type\":\"ReadAction\",\"target\":[\"https:\/\/edm.ch\/fr\/education-au-developpement-durable\/\"]}]},{\"@type\":\"WebSite\",\"@id\":\"https:\/\/edm.ch\/en\/#website\",\"url\":\"https:\/\/edm.ch\/en\/\",\"name\":\"Enfants du monde\",\"description\":\"Association suisse\",\"potentialAction\":[{\"@type\":\"SearchAction\",\"target\":{\"@type\":\"EntryPoint\",\"urlTemplate\":\"https:\/\/edm.ch\/en\/?s={search_term_string}\"},\"query-input\":{\"@type\":\"PropertyValueSpecification\",\"valueRequired\":true,\"valueName\":\"search_term_string\"}}],\"inLanguage\":\"fr-FR\"}]}<\/script>\n<!-- \/ Yoast SEO plugin. -->","yoast_head_json":{"title":"\u00c9ducation d\u00e9veloppement durable - Enfants du Monde","description":"Enfants du Monde contribue \u00e0 la mise en \u0153uvre des droits de l\u2019enfant en Suisse et dans le monde, dans une perspective de d\u00e9veloppement durable.","robots":{"index":"index","follow":"follow","max-snippet":"max-snippet:-1","max-image-preview":"max-image-preview:large","max-video-preview":"max-video-preview:-1"},"canonical":"https:\/\/edm.ch\/fr\/education-au-developpement-durable\/","og_locale":"fr_FR","og_type":"article","og_title":"\u00c9ducation d\u00e9veloppement durable - Enfants du Monde","og_description":"Enfants du Monde contribue \u00e0 la mise en \u0153uvre des droits de l\u2019enfant en Suisse et dans le monde, dans une perspective de d\u00e9veloppement durable.","og_url":"https:\/\/edm.ch\/fr\/education-au-developpement-durable\/","og_site_name":"Enfants du monde","article_modified_time":"2024-02-22T16:27:25+00:00","twitter_card":"summary_large_image","schema":{"@context":"https:\/\/schema.org","@graph":[{"@type":"WebPage","@id":"https:\/\/edm.ch\/fr\/education-au-developpement-durable\/","url":"https:\/\/edm.ch\/fr\/education-au-developpement-durable\/","name":"\u00c9ducation d\u00e9veloppement durable - Enfants du Monde","isPartOf":{"@id":"https:\/\/edm.ch\/en\/#website"},"datePublished":"2023-08-11T15:27:43+00:00","dateModified":"2024-02-22T16:27:25+00:00","description":"Enfants du Monde contribue \u00e0 la mise en \u0153uvre des droits de l\u2019enfant en Suisse et dans le monde, dans une perspective de d\u00e9veloppement durable.","inLanguage":"fr-FR","potentialAction":[{"@type":"ReadAction","target":["https:\/\/edm.ch\/fr\/education-au-developpement-durable\/"]}]},{"@type":"WebSite","@id":"https:\/\/edm.ch\/en\/#website","url":"https:\/\/edm.ch\/en\/","name":"Enfants du monde","description":"Association suisse","potentialAction":[{"@type":"SearchAction","target":{"@type":"EntryPoint","urlTemplate":"https:\/\/edm.ch\/en\/?s={search_term_string}"},"query-input":{"@type":"PropertyValueSpecification","valueRequired":true,"valueName":"search_term_string"}}],"inLanguage":"fr-FR"}]}},"_links":{"self":[{"href":"https:\/\/edm.ch\/fr\/wp-json\/wp\/v2\/pages\/2090","targetHints":{"allow":["GET"]}}],"collection":[{"href":"https:\/\/edm.ch\/fr\/wp-json\/wp\/v2\/pages"}],"about":[{"href":"https:\/\/edm.ch\/fr\/wp-json\/wp\/v2\/types\/page"}],"author":[{"embeddable":true,"href":"https:\/\/edm.ch\/fr\/wp-json\/wp\/v2\/users\/3"}],"replies":[{"embeddable":true,"href":"https:\/\/edm.ch\/fr\/wp-json\/wp\/v2\/comments?post=2090"}],"version-history":[{"count":46,"href":"https:\/\/edm.ch\/fr\/wp-json\/wp\/v2\/pages\/2090\/revisions"}],"predecessor-version":[{"id":30163,"href":"https:\/\/edm.ch\/fr\/wp-json\/wp\/v2\/pages\/2090\/revisions\/30163"}],"wp:attachment":[{"href":"https:\/\/edm.ch\/fr\/wp-json\/wp\/v2\/media?parent=2090"}],"curies":[{"name":"wp","href":"https:\/\/api.w.org\/{rel}","templated":true}]}}