{"id":1933,"date":"2023-08-11T14:02:34","date_gmt":"2023-08-11T14:02:34","guid":{"rendered":"https:\/\/edm.ch\/?page_id=1933"},"modified":"2026-04-10T10:21:58","modified_gmt":"2026-04-10T09:21:58","slug":"devenir-membre","status":"publish","type":"page","link":"https:\/\/edm.ch\/fr\/devenir-membre\/","title":{"rendered":"Devenir membre"},"content":{"rendered":"<section class=\"subpageBanner\" style=\"display:\">\n    <div class=\"subpageBannerBlock figure_block\">\n        <img decoding=\"async\" data-src=\"https:\/\/edm.ch\/wp-content\/uploads\/2023\/08\/Enfants_du_monde_website_image_banner_membre_3.png\" src=\"data:image\/svg+xml;base64,PHN2ZyB3aWR0aD0iMSIgaGVpZ2h0PSIxIiB4bWxucz0iaHR0cDovL3d3dy53My5vcmcvMjAwMC9zdmciPjwvc3ZnPg==\" class=\"lazyload\" style=\"--smush-placeholder-width: 2500px; --smush-placeholder-aspect-ratio: 2500\/1080;\" data-srcset=\"https:\/\/edm.ch\/wp-content\/uploads\/2023\/08\/Enfants_du_monde_website_image_banner_membre_3.png 2500w, https:\/\/edm.ch\/wp-content\/uploads\/2023\/08\/Enfants_du_monde_website_image_banner_membre_3-300x130.png 300w, https:\/\/edm.ch\/wp-content\/uploads\/2023\/08\/Enfants_du_monde_website_image_banner_membre_3-1024x442.png 1024w, https:\/\/edm.ch\/wp-content\/uploads\/2023\/08\/Enfants_du_monde_website_image_banner_membre_3-768x332.png 768w, https:\/\/edm.ch\/wp-content\/uploads\/2023\/08\/Enfants_du_monde_website_image_banner_membre_3-1536x664.png 1536w, https:\/\/edm.ch\/wp-content\/uploads\/2023\/08\/Enfants_du_monde_website_image_banner_membre_3-2048x885.png 2048w\" data-sizes=\"auto\" data-original-sizes=\"(max-width: 2500px) 100vw, 2500px\" \/>\n        <div class=\"subpageBannerWrap\">\n            <div class=\"container\">\n                <div class=\"content\">\n                    <div>\n                        <span class=\"bannerHead\"><\/span>\n                        <h1>Devenir membre<\/h1>\n                    <\/div>\n                                    <\/div>\n            <\/div>\n        <\/div>\n            <\/div>\n<\/section>\n<script type=\"text\/javascript\">\n    jQuery(document).ready(function ($) {\n        \/\/ Check if the block exists\n        var bannerSection = $('#subpage-banner-section');\n\n        if (bannerSection.length > 0) {\n            \/\/ Move the block to the end of <main> just before the footer\n            $('main').append(bannerSection); \/\/ This will append it inside the <main> tag\n        }\n\n        $('.documentAccordion').on('click', function (e) {\n            e.preventDefault();  \/\/ Prevent default link action\n\n            \/\/ Target the section with the given ID\n            $('html, body').animate({\n                scrollTop: $('#subpage-banner-section').offset().top - 200\n            }, 1000);\n        });\n    });\n<\/script>\n\n\n    \n    <section class=\"rightTextLeftImg \" style=\"display:\">\n        <div class=\"container\">\n            <div class=\"rightTextLeftImgRow\">\n                                    <div class=\"left\">\n                                                    <div class=\"imgBlock\">\n                                <a class=\"figure_block\" href=\"https:\/\/edm.ch\/wp-content\/uploads\/2023\/08\/Enfants_du_monde_website_image_apercu_membre.png\" data-fancybox data-caption=\"\">\n                                    <img decoding=\"async\" data-src=\"https:\/\/edm.ch\/wp-content\/uploads\/2023\/08\/Enfants_du_monde_website_image_apercu_membre.png\" src=\"data:image\/svg+xml;base64,PHN2ZyB3aWR0aD0iMSIgaGVpZ2h0PSIxIiB4bWxucz0iaHR0cDovL3d3dy53My5vcmcvMjAwMC9zdmciPjwvc3ZnPg==\" class=\"lazyload\" style=\"--smush-placeholder-width: 1920px; --smush-placeholder-aspect-ratio: 1920\/1920;\" data-srcset=\"https:\/\/edm.ch\/wp-content\/uploads\/2023\/08\/Enfants_du_monde_website_image_apercu_membre.png 1920w, https:\/\/edm.ch\/wp-content\/uploads\/2023\/08\/Enfants_du_monde_website_image_apercu_membre-300x300.png 300w, https:\/\/edm.ch\/wp-content\/uploads\/2023\/08\/Enfants_du_monde_website_image_apercu_membre-1024x1024.png 1024w, https:\/\/edm.ch\/wp-content\/uploads\/2023\/08\/Enfants_du_monde_website_image_apercu_membre-150x150.png 150w, https:\/\/edm.ch\/wp-content\/uploads\/2023\/08\/Enfants_du_monde_website_image_apercu_membre-768x768.png 768w, https:\/\/edm.ch\/wp-content\/uploads\/2023\/08\/Enfants_du_monde_website_image_apercu_membre-1536x1536.png 1536w\" data-sizes=\"auto\" data-original-sizes=\"(max-width: 1920px) 100vw, 1920px\" \/>\n                                                                    <\/a>\n                                <figcaption><\/figcaption>\n                            <\/div>\n                                            <\/div>\n                                                    <div class=\"right\">\n                        <div class=\"content\">\n                            <h2>                                Ensemble autour d&rsquo;un m\u00eame id\u00e9al <small><\/small>\n                            <\/h2>                                                            <p>Depuis plus de 50 ans, notre ONG suisse Enfants du Monde s&rsquo;engage en faveur de l&rsquo;\u00e9ducation et la sant\u00e9 de milliers d&rsquo;enfants, femmes enceintes, m\u00e8res et b\u00e9b\u00e9s dans certains des pays les plus pauvres du monde.<br \/>\nNotre mission humanitaire et de d\u00e9veloppement est d&rsquo;offrir un acc\u00e8s \u00e0 une \u00e9ducation de qualit\u00e9 et des soins de sant\u00e9 maternelle et infantile aux populations vuln\u00e9rables dans des pays d\u00e9favoris\u00e9s tels que le Burkina Faso, Guatemala, Bangladesh, Niger, Tchad, Madagascar ou encore la Tanzanie, en \u00e9troite collaboration avec les gouvernements et acteurs locaux afin de contribuer \u00e0 des effets sur le long terme.<\/p>\n                                                                                                            <\/div>\n                    <\/div>\n                            <\/div>\n        <\/div>\n    <\/section>\n\n        <section class=\"contentSec\" style=\"display:\">\n        <div class=\"container\">\n            <div class=\"contentBlock\">\n                <h5>Nous consid\u00e9rons que :<\/h5>\n                <ul>\n<li>Tous les enfants ont droit \u00e0 une \u00e9ducation de qualit\u00e9, o\u00f9 qu&rsquo;ils\/elles vivent, d&rsquo;o\u00f9 qu&rsquo;ils\/elles viennent.<\/li>\n<li>La sant\u00e9 maternelle et infantile est la responsabilit\u00e9 de tous.<\/li>\n<\/ul>\n<p>Partagez-vous notre vision et souhaitez-vous contribuer \u00e0 notre mission ? Engagez-vous \u00e0 nos c\u00f4t\u00e9s et soutenez notre travail humanitaire en devenant membre de notre association !<\/p>\n                            <\/div>\n        <\/div>\n    <\/section>\n\n\n    \n    <section class=\"quoteImage rightTextLeftImg \" style=\"display:\">\n        <div class=\"container\">\n            <div class=\"rightTextLeftImgRow\">\n                                    <div class=\"left\">\n                                                    <div class=\"imgBlock\">\n                                <a class=\"figure_block\" href=\"https:\/\/edm.ch\/wp-content\/uploads\/2023\/08\/Enfants_du_monde_website_image_temoignage_membre.jpg\" data-fancybox data-caption=\"\">\n                                    <img decoding=\"async\" data-src=\"https:\/\/edm.ch\/wp-content\/uploads\/2023\/08\/Enfants_du_monde_website_image_temoignage_membre.jpg\" src=\"data:image\/svg+xml;base64,PHN2ZyB3aWR0aD0iMSIgaGVpZ2h0PSIxIiB4bWxucz0iaHR0cDovL3d3dy53My5vcmcvMjAwMC9zdmciPjwvc3ZnPg==\" class=\"lazyload\" style=\"--smush-placeholder-width: 499px; --smush-placeholder-aspect-ratio: 499\/326;\" data-srcset=\"https:\/\/edm.ch\/wp-content\/uploads\/2023\/08\/Enfants_du_monde_website_image_temoignage_membre.jpg 499w, https:\/\/edm.ch\/wp-content\/uploads\/2023\/08\/Enfants_du_monde_website_image_temoignage_membre-300x196.jpg 300w\" data-sizes=\"auto\" data-original-sizes=\"(max-width: 499px) 100vw, 499px\" \/>\n                                                                    <\/a>\n                                <figcaption><\/figcaption>\n                            <\/div>\n                                            <\/div>\n                                                    <div class=\"right\">\n                        <div class=\"content\">\n                            <h2>                                Daniel Benz, <small>Membre, Suisse<\/small>\n                            <\/h2>                            <div class=\"quote\">                                <p style=\"text-align: center;\">Si nous \u00e9tions magiciens, nous aiderions toutes les personnes d\u00e9favoris\u00e9es d\u2019un coup de baguette magique. Une belle id\u00e9e \u2013 mais en fin de compte une illusion. C\u2019est pourquoi j\u2019appr\u00e9cie qu\u2019Enfants du Monde n\u2019ait pas la tentation de vouloir tout faire, mais qu\u2019elle se concentre sur certaines activit\u00e9s dans un domaine pr\u00e9cis et veille au bon d\u00e9roulement des projets. En tant que membre, j\u2019ai ainsi le sentiment que ma contribution \u00e0 petite \u00e9chelle a un impact bien r\u00e9el et qu\u2019il ne s\u2019agit pas de magie !<\/p>\n                            <\/div>                                                                                <\/div>\n                    <\/div>\n                            <\/div>\n        <\/div>\n    <\/section>\n\n        <section class=\"contentSec\" style=\"display:\">\n        <div class=\"container\">\n            <div class=\"contentBlock\">\n                <h5>Pourquoi devenir membre d&rsquo;Enfants du Monde ?<\/h5>\n                <ul>\n<li>Vous \u00eates invit\u00e9\u00b7e \u00e0 tous nos \u00e9v\u00e9nements<\/li>\n<li>Vous recevez notre rapport annuel et si vous le souhaitez, notre newsletter mensuelle<\/li>\n<li>Vous participez \u00e0 notre assembl\u00e9e g\u00e9n\u00e9rale avec droit de vote<\/li>\n<li>Vous \u00eates invit\u00e9\u00b7e \u00e0 une r\u00e9union conviviale d\u2019information sur Enfants du Monde<\/li>\n<li>Vous \u00eates invit\u00e9\u00b7e \u00e0 une rencontre par ann\u00e9e pour d\u00e9couvrir nos projets avec la pr\u00e9sence d\u2019un membre du Comit\u00e9 ou de la Direction<\/li>\n<li>Nous valorisons votre engagement sur nos r\u00e9seaux sociaux (avec votre accord)<\/li>\n<\/ul>\n<p><strong>Un grand merci pour votre pr\u00e9cieux soutien !<\/strong><\/p>\n                            <\/div>\n        <\/div>\n    <\/section>\n\n\n    <section class=\"donation_count\" style=\"display:\">\n        <div class=\"inner_row\">\n            <div class=\"right_img_block\">\n                <div class=\"img_block figure_block\">\n                    <img decoding=\"async\" data-src=\"https:\/\/edm.ch\/wp-content\/uploads\/2023\/08\/Enfants_du_monde_website_image_don_membre.png\" alt=\"\" src=\"data:image\/svg+xml;base64,PHN2ZyB3aWR0aD0iMSIgaGVpZ2h0PSIxIiB4bWxucz0iaHR0cDovL3d3dy53My5vcmcvMjAwMC9zdmciPjwvc3ZnPg==\" class=\"lazyload\" style=\"--smush-placeholder-width: 1920px; --smush-placeholder-aspect-ratio: 1920\/1920;\" data-srcset=\"https:\/\/edm.ch\/wp-content\/uploads\/2023\/08\/Enfants_du_monde_website_image_don_membre.png 1920w, https:\/\/edm.ch\/wp-content\/uploads\/2023\/08\/Enfants_du_monde_website_image_don_membre-300x300.png 300w, https:\/\/edm.ch\/wp-content\/uploads\/2023\/08\/Enfants_du_monde_website_image_don_membre-1024x1024.png 1024w, https:\/\/edm.ch\/wp-content\/uploads\/2023\/08\/Enfants_du_monde_website_image_don_membre-150x150.png 150w, https:\/\/edm.ch\/wp-content\/uploads\/2023\/08\/Enfants_du_monde_website_image_don_membre-768x768.png 768w, https:\/\/edm.ch\/wp-content\/uploads\/2023\/08\/Enfants_du_monde_website_image_don_membre-1536x1536.png 1536w\" data-sizes=\"auto\" data-original-sizes=\"(max-width: 1920px) 100vw, 1920px\">\n                                    <\/div>\n            <\/div>\n            <div class=\"left_txt_block\">\n                <div class=\"txt_contents\">\n                    <h3>Je deviens membre <\/h3>\n                    <div class=\"block_txts\">\n                                                    <div class=\"item\">\n                                <span class=\"title\">Par ann\u00e9e,<\/span>\n                                <p><\/p>\n                            <\/div>\n                                                    <div class=\"item\">\n                                <span class=\"title\">50 francs pour les adultes <\/span>\n                                <p><\/p>\n                            <\/div>\n                                                    <div class=\"item\">\n                                <span class=\"title\">20 francs pour les moins de 25 ans<\/span>\n                                <p><\/p>\n                            <\/div>\n                                                                            <a href=\"https:\/\/don.edm.ch\/devenir-membre-edm\" class=\"btnWhite buttonDonation\">\n                                Je deviens membre                            <\/a>\n                                            <\/div>\n                <\/div>\n            <\/div>\n        <\/div>\n    <\/section>","protected":false},"excerpt":{"rendered":"","protected":false},"author":3,"featured_media":0,"parent":0,"menu_order":0,"comment_status":"closed","ping_status":"closed","template":"templates\/yellow-line-4.php","meta":{"_acf_changed":false,"inline_featured_image":false,"footnotes":""},"class_list":["post-1933","page","type-page","status-publish","hentry"],"acf":[],"yoast_head":"<!-- This site is optimized with the Yoast SEO plugin v26.9 - https:\/\/yoast.com\/product\/yoast-seo-wordpress\/ -->\n<title>Aider une association, ong - Devenir b\u00e9n\u00e9vole - Enfants du Monde<\/title>\n<meta name=\"description\" content=\"Vous voulez aider une association et les enfants dans le monde ? En devenant membre, vous soutenez leur droit \u00e0 l&#039;\u00e9ducation et \u00e0 la sant\u00e9.\" \/>\n<meta name=\"robots\" content=\"index, follow, max-snippet:-1, max-image-preview:large, max-video-preview:-1\" \/>\n<link rel=\"canonical\" href=\"https:\/\/edm.ch\/fr\/devenir-membre\/\" \/>\n<meta property=\"og:locale\" content=\"fr_FR\" \/>\n<meta property=\"og:type\" content=\"article\" \/>\n<meta property=\"og:title\" content=\"Aider une association, ong - Devenir b\u00e9n\u00e9vole - Enfants du Monde\" \/>\n<meta property=\"og:description\" content=\"Vous voulez aider une association et les enfants dans le monde ? En devenant membre, vous soutenez leur droit \u00e0 l&#039;\u00e9ducation et \u00e0 la sant\u00e9.\" \/>\n<meta property=\"og:url\" content=\"https:\/\/edm.ch\/fr\/devenir-membre\/\" \/>\n<meta property=\"og:site_name\" content=\"Enfants du monde\" \/>\n<meta property=\"article:modified_time\" content=\"2026-04-10T09:21:58+00:00\" \/>\n<meta name=\"twitter:card\" content=\"summary_large_image\" \/>\n<script type=\"application\/ld+json\" class=\"yoast-schema-graph\">{\"@context\":\"https:\/\/schema.org\",\"@graph\":[{\"@type\":\"WebPage\",\"@id\":\"https:\/\/edm.ch\/fr\/devenir-membre\/\",\"url\":\"https:\/\/edm.ch\/fr\/devenir-membre\/\",\"name\":\"Aider une association, ong - Devenir b\u00e9n\u00e9vole - Enfants du Monde\",\"isPartOf\":{\"@id\":\"https:\/\/edm.ch\/en\/#website\"},\"datePublished\":\"2023-08-11T14:02:34+00:00\",\"dateModified\":\"2026-04-10T09:21:58+00:00\",\"description\":\"Vous voulez aider une association et les enfants dans le monde ? En devenant membre, vous soutenez leur droit \u00e0 l'\u00e9ducation et \u00e0 la sant\u00e9.\",\"inLanguage\":\"fr-FR\",\"potentialAction\":[{\"@type\":\"ReadAction\",\"target\":[\"https:\/\/edm.ch\/fr\/devenir-membre\/\"]}]},{\"@type\":\"WebSite\",\"@id\":\"https:\/\/edm.ch\/en\/#website\",\"url\":\"https:\/\/edm.ch\/en\/\",\"name\":\"Enfants du monde\",\"description\":\"Association suisse\",\"potentialAction\":[{\"@type\":\"SearchAction\",\"target\":{\"@type\":\"EntryPoint\",\"urlTemplate\":\"https:\/\/edm.ch\/en\/?s={search_term_string}\"},\"query-input\":{\"@type\":\"PropertyValueSpecification\",\"valueRequired\":true,\"valueName\":\"search_term_string\"}}],\"inLanguage\":\"fr-FR\"}]}<\/script>\n<!-- \/ Yoast SEO plugin. -->","yoast_head_json":{"title":"Aider une association, ong - Devenir b\u00e9n\u00e9vole - Enfants du Monde","description":"Vous voulez aider une association et les enfants dans le monde ? En devenant membre, vous soutenez leur droit \u00e0 l'\u00e9ducation et \u00e0 la sant\u00e9.","robots":{"index":"index","follow":"follow","max-snippet":"max-snippet:-1","max-image-preview":"max-image-preview:large","max-video-preview":"max-video-preview:-1"},"canonical":"https:\/\/edm.ch\/fr\/devenir-membre\/","og_locale":"fr_FR","og_type":"article","og_title":"Aider une association, ong - Devenir b\u00e9n\u00e9vole - Enfants du Monde","og_description":"Vous voulez aider une association et les enfants dans le monde ? En devenant membre, vous soutenez leur droit \u00e0 l'\u00e9ducation et \u00e0 la sant\u00e9.","og_url":"https:\/\/edm.ch\/fr\/devenir-membre\/","og_site_name":"Enfants du monde","article_modified_time":"2026-04-10T09:21:58+00:00","twitter_card":"summary_large_image","schema":{"@context":"https:\/\/schema.org","@graph":[{"@type":"WebPage","@id":"https:\/\/edm.ch\/fr\/devenir-membre\/","url":"https:\/\/edm.ch\/fr\/devenir-membre\/","name":"Aider une association, ong - Devenir b\u00e9n\u00e9vole - Enfants du Monde","isPartOf":{"@id":"https:\/\/edm.ch\/en\/#website"},"datePublished":"2023-08-11T14:02:34+00:00","dateModified":"2026-04-10T09:21:58+00:00","description":"Vous voulez aider une association et les enfants dans le monde ? En devenant membre, vous soutenez leur droit \u00e0 l'\u00e9ducation et \u00e0 la sant\u00e9.","inLanguage":"fr-FR","potentialAction":[{"@type":"ReadAction","target":["https:\/\/edm.ch\/fr\/devenir-membre\/"]}]},{"@type":"WebSite","@id":"https:\/\/edm.ch\/en\/#website","url":"https:\/\/edm.ch\/en\/","name":"Enfants du monde","description":"Association suisse","potentialAction":[{"@type":"SearchAction","target":{"@type":"EntryPoint","urlTemplate":"https:\/\/edm.ch\/en\/?s={search_term_string}"},"query-input":{"@type":"PropertyValueSpecification","valueRequired":true,"valueName":"search_term_string"}}],"inLanguage":"fr-FR"}]}},"_links":{"self":[{"href":"https:\/\/edm.ch\/fr\/wp-json\/wp\/v2\/pages\/1933","targetHints":{"allow":["GET"]}}],"collection":[{"href":"https:\/\/edm.ch\/fr\/wp-json\/wp\/v2\/pages"}],"about":[{"href":"https:\/\/edm.ch\/fr\/wp-json\/wp\/v2\/types\/page"}],"author":[{"embeddable":true,"href":"https:\/\/edm.ch\/fr\/wp-json\/wp\/v2\/users\/3"}],"replies":[{"embeddable":true,"href":"https:\/\/edm.ch\/fr\/wp-json\/wp\/v2\/comments?post=1933"}],"version-history":[{"count":49,"href":"https:\/\/edm.ch\/fr\/wp-json\/wp\/v2\/pages\/1933\/revisions"}],"predecessor-version":[{"id":38534,"href":"https:\/\/edm.ch\/fr\/wp-json\/wp\/v2\/pages\/1933\/revisions\/38534"}],"wp:attachment":[{"href":"https:\/\/edm.ch\/fr\/wp-json\/wp\/v2\/media?parent=1933"}],"curies":[{"name":"wp","href":"https:\/\/api.w.org\/{rel}","templated":true}]}}