{"id":189,"date":"2023-07-20T13:27:42","date_gmt":"2023-07-20T13:27:42","guid":{"rendered":"https:\/\/edm.ch\/edmweb\/?page_id=189"},"modified":"2024-02-08T13:52:49","modified_gmt":"2024-02-08T13:52:49","slug":"ambassadeurs-ambassadrices","status":"publish","type":"page","link":"https:\/\/edm.ch\/fr\/ambassadeurs-ambassadrices\/","title":{"rendered":"Ambassadeur et ambassadrices de bonne volont\u00e9"},"content":{"rendered":"<section class=\"subpageBanner\" style=\"display:\">\n    <div class=\"subpageBannerBlock figure_block\">\n        <img decoding=\"async\" data-src=\"https:\/\/edm.ch\/wp-content\/uploads\/2023\/08\/enfants_du_monde_website_image_madagascar_motherhood_healthcare-1.png\" src=\"data:image\/svg+xml;base64,PHN2ZyB3aWR0aD0iMSIgaGVpZ2h0PSIxIiB4bWxucz0iaHR0cDovL3d3dy53My5vcmcvMjAwMC9zdmciPjwvc3ZnPg==\" class=\"lazyload\" style=\"--smush-placeholder-width: 2500px; --smush-placeholder-aspect-ratio: 2500\/800;\" data-srcset=\"https:\/\/edm.ch\/wp-content\/uploads\/2023\/08\/enfants_du_monde_website_image_madagascar_motherhood_healthcare-1.png 2500w, https:\/\/edm.ch\/wp-content\/uploads\/2023\/08\/enfants_du_monde_website_image_madagascar_motherhood_healthcare-1-300x96.png 300w, https:\/\/edm.ch\/wp-content\/uploads\/2023\/08\/enfants_du_monde_website_image_madagascar_motherhood_healthcare-1-1024x328.png 1024w, https:\/\/edm.ch\/wp-content\/uploads\/2023\/08\/enfants_du_monde_website_image_madagascar_motherhood_healthcare-1-768x246.png 768w, https:\/\/edm.ch\/wp-content\/uploads\/2023\/08\/enfants_du_monde_website_image_madagascar_motherhood_healthcare-1-1536x492.png 1536w, https:\/\/edm.ch\/wp-content\/uploads\/2023\/08\/enfants_du_monde_website_image_madagascar_motherhood_healthcare-1-2048x655.png 2048w\" data-sizes=\"auto\" data-original-sizes=\"(max-width: 2500px) 100vw, 2500px\" \/>\n        <div class=\"subpageBannerWrap\">\n            <div class=\"container\">\n                <div class=\"content\">\n                    <div>\n                        <span class=\"bannerHead\"><\/span>\n                        <h1>Ambassadeur et ambassadrices de bonne volont\u00e9<\/h1>\n                    <\/div>\n                                    <\/div>\n            <\/div>\n        <\/div>\n            <\/div>\n<\/section>\n<script type=\"text\/javascript\">\n    jQuery(document).ready(function ($) {\n        \/\/ Check if the block exists\n        var bannerSection = $('#subpage-banner-section');\n\n        if (bannerSection.length > 0) {\n            \/\/ Move the block to the end of <main> just before the footer\n            $('main').append(bannerSection); \/\/ This will append it inside the <main> tag\n        }\n\n        $('.documentAccordion').on('click', function (e) {\n            e.preventDefault();  \/\/ Prevent default link action\n\n            \/\/ Target the section with the given ID\n            $('html, body').animate({\n                scrollTop: $('#subpage-banner-section').offset().top - 200\n            }, 1000);\n        });\n    });\n<\/script>\n\n\n    \n    <section class=\"leftTextRightImg \" style=\"display:\">\n        <div class=\"container\">\n            <div class=\"leftTextRightImgRow\">\n                                    <div class=\"right\">\n                                                    <div class=\"imgBlock\">\n                                <a class=\"figure_block\" href=\"https:\/\/edm.ch\/wp-content\/uploads\/2023\/08\/129.png\" data-fancybox data-caption=\"\">\n                                    <img decoding=\"async\" data-src=\"https:\/\/edm.ch\/wp-content\/uploads\/2023\/08\/129.png\" src=\"data:image\/svg+xml;base64,PHN2ZyB3aWR0aD0iMSIgaGVpZ2h0PSIxIiB4bWxucz0iaHR0cDovL3d3dy53My5vcmcvMjAwMC9zdmciPjwvc3ZnPg==\" class=\"lazyload\" style=\"--smush-placeholder-width: 1920px; --smush-placeholder-aspect-ratio: 1920\/1920;\" data-srcset=\"https:\/\/edm.ch\/wp-content\/uploads\/2023\/08\/129.png 1920w, https:\/\/edm.ch\/wp-content\/uploads\/2023\/08\/129-300x300.png 300w, https:\/\/edm.ch\/wp-content\/uploads\/2023\/08\/129-1024x1024.png 1024w, https:\/\/edm.ch\/wp-content\/uploads\/2023\/08\/129-150x150.png 150w, https:\/\/edm.ch\/wp-content\/uploads\/2023\/08\/129-768x768.png 768w, https:\/\/edm.ch\/wp-content\/uploads\/2023\/08\/129-1536x1536.png 1536w\" data-sizes=\"auto\" data-original-sizes=\"(max-width: 1920px) 100vw, 1920px\" \/>\n                                                                    <\/a>\n                                <figcaption><\/figcaption>\n                            <\/div>\n                                            <\/div>\n                                                    <div class=\"left\">\n                        <div class=\"content\">\n                            <h1>                                Des personnalit\u00e9s engag\u00e9es au service des plus d\u00e9muni\u00b7es <small><\/small>\n                            <\/h1>                                                            <p>Enfants du Monde est entour\u00e9e de personnes convaincues de l&rsquo;utilit\u00e9 de sa mission d&rsquo;aide aux enfants et femmes d\u00e9favoris\u00e9s dans les domaines de la sant\u00e9 et de l\u2019\u00e9ducation. Ce sont les ambassadeur\u00b7drices de bonne volont\u00e9 de notre ONG suisse. Personnalit\u00e9s publiques, ces partenaires de c\u0153ur s&rsquo;engagent b\u00e9n\u00e9volement \u00e0 nos c\u00f4t\u00e9s et contribuent, de par leur exposition m\u00e9diatique ou les fonctions qu&rsquo;ilselles occupent ou ont occup\u00e9es, \u00e0 faire davantage conna\u00eetre les projets de notre association.<\/p>\n                                                                                                            <\/div>\n                    <\/div>\n                            <\/div>\n        <\/div>\n    <\/section>\n\n\n    \n    <section class=\"quoteImage rightTextLeftImg \" style=\"display:\">\n        <div class=\"container\">\n            <div class=\"rightTextLeftImgRow\">\n                                    <div class=\"left\">\n                                                    <div class=\"imgBlock\">\n                                <a class=\"figure_block\" href=\"https:\/\/edm.ch\/wp-content\/uploads\/2023\/08\/Julia-Bauer-scaled.jpg\" data-fancybox data-caption=\"\">\n                                    <img decoding=\"async\" data-src=\"https:\/\/edm.ch\/wp-content\/uploads\/2023\/08\/Julia-Bauer-scaled.jpg\" src=\"data:image\/svg+xml;base64,PHN2ZyB3aWR0aD0iMSIgaGVpZ2h0PSIxIiB4bWxucz0iaHR0cDovL3d3dy53My5vcmcvMjAwMC9zdmciPjwvc3ZnPg==\" class=\"lazyload\" style=\"--smush-placeholder-width: 1933px; --smush-placeholder-aspect-ratio: 1933\/2560;\" data-srcset=\"https:\/\/edm.ch\/wp-content\/uploads\/2023\/08\/Julia-Bauer-scaled.jpg 1933w, https:\/\/edm.ch\/wp-content\/uploads\/2023\/08\/Julia-Bauer-226x300.jpg 226w, https:\/\/edm.ch\/wp-content\/uploads\/2023\/08\/Julia-Bauer-773x1024.jpg 773w, https:\/\/edm.ch\/wp-content\/uploads\/2023\/08\/Julia-Bauer-768x1017.jpg 768w, https:\/\/edm.ch\/wp-content\/uploads\/2023\/08\/Julia-Bauer-1160x1536.jpg 1160w, https:\/\/edm.ch\/wp-content\/uploads\/2023\/08\/Julia-Bauer-1546x2048.jpg 1546w\" data-sizes=\"auto\" data-original-sizes=\"(max-width: 1933px) 100vw, 1933px\" \/>\n                                                                    <\/a>\n                                <figcaption><\/figcaption>\n                            <\/div>\n                                            <\/div>\n                                                    <div class=\"right\">\n                        <div class=\"content\">\n                            <h2>                                Julia Bauer, <small>Journaliste TV et coach en communication<\/small>\n                            <\/h2>                            <div class=\"quote\">                                <p>L&rsquo;une des raisons de la r\u00e9ussite de ma carri\u00e8re, r\u00e9side dans le fait que j&rsquo;ai eu une enfance o\u00f9 l&rsquo;\u00e9ducation \u00e9tait soutenue de toutes les mani\u00e8res possibles. Permettre aux enfants du monde entier de vivre une exp\u00e9rience similaire est une mission qui me tient \u00e0 c\u0153ur et je suis plus que ravie et reconnaissante de m&rsquo;associer \u00e0 Enfants du Monde \u00e0 cet \u00e9gard.<\/p>\n                            <\/div>                                                            <a href=\"https:\/\/www.juliabauer.eu\/\" class=\"btnBlue\">En savoir plus<\/a>\n                                                                                <\/div>\n                    <\/div>\n                            <\/div>\n        <\/div>\n    <\/section>\n\n\n    \n    <section class=\"quoteImage leftTextRightImg \" style=\"display:\">\n        <div class=\"container\">\n            <div class=\"leftTextRightImgRow\">\n                                    <div class=\"right\">\n                                                    <div class=\"imgBlock\">\n                                <a class=\"figure_block\" href=\"https:\/\/edm.ch\/wp-content\/uploads\/2023\/08\/Patrick_Chappatte.jpg\" data-fancybox data-caption=\"\">\n                                    <img decoding=\"async\" data-src=\"https:\/\/edm.ch\/wp-content\/uploads\/2023\/08\/Patrick_Chappatte.jpg\" src=\"data:image\/svg+xml;base64,PHN2ZyB3aWR0aD0iMSIgaGVpZ2h0PSIxIiB4bWxucz0iaHR0cDovL3d3dy53My5vcmcvMjAwMC9zdmciPjwvc3ZnPg==\" class=\"lazyload\" style=\"--smush-placeholder-width: 2000px; --smush-placeholder-aspect-ratio: 2000\/1500;\" data-srcset=\"https:\/\/edm.ch\/wp-content\/uploads\/2023\/08\/Patrick_Chappatte.jpg 2000w, https:\/\/edm.ch\/wp-content\/uploads\/2023\/08\/Patrick_Chappatte-300x225.jpg 300w, https:\/\/edm.ch\/wp-content\/uploads\/2023\/08\/Patrick_Chappatte-1024x768.jpg 1024w, https:\/\/edm.ch\/wp-content\/uploads\/2023\/08\/Patrick_Chappatte-768x576.jpg 768w, https:\/\/edm.ch\/wp-content\/uploads\/2023\/08\/Patrick_Chappatte-1536x1152.jpg 1536w\" data-sizes=\"auto\" data-original-sizes=\"(max-width: 2000px) 100vw, 2000px\" \/>\n                                                                    <\/a>\n                                <figcaption><\/figcaption>\n                            <\/div>\n                                            <\/div>\n                                                    <div class=\"left\">\n                        <div class=\"content\">\n                            <h2>                                Patrick Chappatte, <small>Dessinateur de presse<\/small>\n                            <\/h2>                            <div class=\"quote\">                                <p>Le travail d&rsquo;Enfants du Monde est louable. Alors, si on peut utiliser mon nom pour faire quelque chose de bien, tant mieux. En plus, les projets touchent quelque chose en moi, ayant trois enfants.<\/p>\n                            <\/div>                                                            <a href=\"http:\/\/www.chappatte.com\/\" class=\"btnBlue\">En savoir plus<\/a>\n                                                                                <\/div>\n                    <\/div>\n                            <\/div>\n        <\/div>\n    <\/section>\n\n\n    \n    <section class=\"quoteImage rightTextLeftImg \" style=\"display:\">\n        <div class=\"container\">\n            <div class=\"rightTextLeftImgRow\">\n                                    <div class=\"left\">\n                                                    <div class=\"imgBlock\">\n                                <a class=\"figure_block\" href=\"https:\/\/edm.ch\/wp-content\/uploads\/2023\/08\/Licia_Chery.jpg\" data-fancybox data-caption=\"\">\n                                    <img decoding=\"async\" data-src=\"https:\/\/edm.ch\/wp-content\/uploads\/2023\/08\/Licia_Chery.jpg\" src=\"data:image\/svg+xml;base64,PHN2ZyB3aWR0aD0iMSIgaGVpZ2h0PSIxIiB4bWxucz0iaHR0cDovL3d3dy53My5vcmcvMjAwMC9zdmciPjwvc3ZnPg==\" class=\"lazyload\" style=\"--smush-placeholder-width: 800px; --smush-placeholder-aspect-ratio: 800\/704;\" data-srcset=\"https:\/\/edm.ch\/wp-content\/uploads\/2023\/08\/Licia_Chery.jpg 800w, https:\/\/edm.ch\/wp-content\/uploads\/2023\/08\/Licia_Chery-300x264.jpg 300w, https:\/\/edm.ch\/wp-content\/uploads\/2023\/08\/Licia_Chery-768x676.jpg 768w\" data-sizes=\"auto\" data-original-sizes=\"(max-width: 800px) 100vw, 800px\" \/>\n                                                                    <\/a>\n                                <figcaption><\/figcaption>\n                            <\/div>\n                                            <\/div>\n                                                    <div class=\"right\">\n                        <div class=\"content\">\n                            <h2>                                Licia Chery, <small>Artiste et animatrice TV <\/small>\n                            <\/h2>                            <div class=\"quote\">                                <p>Parce que je ne peux pas promettre \u00e0 mon fils un monde plus juste, parce que je ne peux pas lui promettre un monde o\u00f9 sa couleur de peau ne sera pas un probl\u00e8me, je souhaite au moins lui promettre un monde o\u00f9 ses droits seront respect\u00e9s. En partant de l\u00e0, peut-\u00eatre que lui pourra promettre \u00e0 ses enfants un monde plus juste.<\/p>\n                            <\/div>                                                            <a href=\"https:\/\/www.liciachery.com\/\" class=\"btnBlue\">En savoir plus<\/a>\n                                                                                <\/div>\n                    <\/div>\n                            <\/div>\n        <\/div>\n    <\/section>","protected":false},"excerpt":{"rendered":"","protected":false},"author":1,"featured_media":0,"parent":0,"menu_order":0,"comment_status":"closed","ping_status":"closed","template":"templates\/yellow-line-5.php","meta":{"_acf_changed":false,"inline_featured_image":false,"footnotes":""},"class_list":["post-189","page","type-page","status-publish","hentry"],"acf":[],"yoast_head":"<!-- This site is optimized with the Yoast SEO plugin v26.9 - https:\/\/yoast.com\/product\/yoast-seo-wordpress\/ -->\n<title>Nos ambassadeurs et ambassadrices - Enfants du Monde<\/title>\n<meta name=\"description\" content=\"Rencontrez les ambassadeurs et ambassadrices d&#039;Enfants du Monde, des personnalit\u00e9s publiques s\u2019engageant b\u00e9n\u00e9volement \u00e0 nos c\u00f4t\u00e9s.\" \/>\n<meta name=\"robots\" content=\"index, follow, max-snippet:-1, max-image-preview:large, max-video-preview:-1\" \/>\n<link rel=\"canonical\" href=\"https:\/\/edm.ch\/fr\/ambassadeurs-ambassadrices\/\" \/>\n<meta property=\"og:locale\" content=\"fr_FR\" \/>\n<meta property=\"og:type\" content=\"article\" \/>\n<meta property=\"og:title\" content=\"Nos ambassadeurs et ambassadrices - Enfants du Monde\" \/>\n<meta property=\"og:description\" content=\"Rencontrez les ambassadeurs et ambassadrices d&#039;Enfants du Monde, des personnalit\u00e9s publiques s\u2019engageant b\u00e9n\u00e9volement \u00e0 nos c\u00f4t\u00e9s.\" \/>\n<meta property=\"og:url\" content=\"https:\/\/edm.ch\/fr\/ambassadeurs-ambassadrices\/\" \/>\n<meta property=\"og:site_name\" content=\"Enfants du monde\" \/>\n<meta property=\"article:modified_time\" content=\"2024-02-08T13:52:49+00:00\" \/>\n<meta name=\"twitter:card\" content=\"summary_large_image\" \/>\n<script type=\"application\/ld+json\" class=\"yoast-schema-graph\">{\"@context\":\"https:\/\/schema.org\",\"@graph\":[{\"@type\":\"WebPage\",\"@id\":\"https:\/\/edm.ch\/fr\/ambassadeurs-ambassadrices\/\",\"url\":\"https:\/\/edm.ch\/fr\/ambassadeurs-ambassadrices\/\",\"name\":\"Nos ambassadeurs et ambassadrices - Enfants du Monde\",\"isPartOf\":{\"@id\":\"https:\/\/edm.ch\/en\/#website\"},\"datePublished\":\"2023-07-20T13:27:42+00:00\",\"dateModified\":\"2024-02-08T13:52:49+00:00\",\"description\":\"Rencontrez les ambassadeurs et ambassadrices d'Enfants du Monde, des personnalit\u00e9s publiques s\u2019engageant b\u00e9n\u00e9volement \u00e0 nos c\u00f4t\u00e9s.\",\"inLanguage\":\"fr-FR\",\"potentialAction\":[{\"@type\":\"ReadAction\",\"target\":[\"https:\/\/edm.ch\/fr\/ambassadeurs-ambassadrices\/\"]}]},{\"@type\":\"WebSite\",\"@id\":\"https:\/\/edm.ch\/en\/#website\",\"url\":\"https:\/\/edm.ch\/en\/\",\"name\":\"Enfants du monde\",\"description\":\"Association suisse\",\"potentialAction\":[{\"@type\":\"SearchAction\",\"target\":{\"@type\":\"EntryPoint\",\"urlTemplate\":\"https:\/\/edm.ch\/en\/?s={search_term_string}\"},\"query-input\":{\"@type\":\"PropertyValueSpecification\",\"valueRequired\":true,\"valueName\":\"search_term_string\"}}],\"inLanguage\":\"fr-FR\"}]}<\/script>\n<!-- \/ Yoast SEO plugin. -->","yoast_head_json":{"title":"Nos ambassadeurs et ambassadrices - Enfants du Monde","description":"Rencontrez les ambassadeurs et ambassadrices d'Enfants du Monde, des personnalit\u00e9s publiques s\u2019engageant b\u00e9n\u00e9volement \u00e0 nos c\u00f4t\u00e9s.","robots":{"index":"index","follow":"follow","max-snippet":"max-snippet:-1","max-image-preview":"max-image-preview:large","max-video-preview":"max-video-preview:-1"},"canonical":"https:\/\/edm.ch\/fr\/ambassadeurs-ambassadrices\/","og_locale":"fr_FR","og_type":"article","og_title":"Nos ambassadeurs et ambassadrices - Enfants du Monde","og_description":"Rencontrez les ambassadeurs et ambassadrices d'Enfants du Monde, des personnalit\u00e9s publiques s\u2019engageant b\u00e9n\u00e9volement \u00e0 nos c\u00f4t\u00e9s.","og_url":"https:\/\/edm.ch\/fr\/ambassadeurs-ambassadrices\/","og_site_name":"Enfants du monde","article_modified_time":"2024-02-08T13:52:49+00:00","twitter_card":"summary_large_image","schema":{"@context":"https:\/\/schema.org","@graph":[{"@type":"WebPage","@id":"https:\/\/edm.ch\/fr\/ambassadeurs-ambassadrices\/","url":"https:\/\/edm.ch\/fr\/ambassadeurs-ambassadrices\/","name":"Nos ambassadeurs et ambassadrices - Enfants du Monde","isPartOf":{"@id":"https:\/\/edm.ch\/en\/#website"},"datePublished":"2023-07-20T13:27:42+00:00","dateModified":"2024-02-08T13:52:49+00:00","description":"Rencontrez les ambassadeurs et ambassadrices d'Enfants du Monde, des personnalit\u00e9s publiques s\u2019engageant b\u00e9n\u00e9volement \u00e0 nos c\u00f4t\u00e9s.","inLanguage":"fr-FR","potentialAction":[{"@type":"ReadAction","target":["https:\/\/edm.ch\/fr\/ambassadeurs-ambassadrices\/"]}]},{"@type":"WebSite","@id":"https:\/\/edm.ch\/en\/#website","url":"https:\/\/edm.ch\/en\/","name":"Enfants du monde","description":"Association suisse","potentialAction":[{"@type":"SearchAction","target":{"@type":"EntryPoint","urlTemplate":"https:\/\/edm.ch\/en\/?s={search_term_string}"},"query-input":{"@type":"PropertyValueSpecification","valueRequired":true,"valueName":"search_term_string"}}],"inLanguage":"fr-FR"}]}},"_links":{"self":[{"href":"https:\/\/edm.ch\/fr\/wp-json\/wp\/v2\/pages\/189","targetHints":{"allow":["GET"]}}],"collection":[{"href":"https:\/\/edm.ch\/fr\/wp-json\/wp\/v2\/pages"}],"about":[{"href":"https:\/\/edm.ch\/fr\/wp-json\/wp\/v2\/types\/page"}],"author":[{"embeddable":true,"href":"https:\/\/edm.ch\/fr\/wp-json\/wp\/v2\/users\/1"}],"replies":[{"embeddable":true,"href":"https:\/\/edm.ch\/fr\/wp-json\/wp\/v2\/comments?post=189"}],"version-history":[{"count":71,"href":"https:\/\/edm.ch\/fr\/wp-json\/wp\/v2\/pages\/189\/revisions"}],"predecessor-version":[{"id":29865,"href":"https:\/\/edm.ch\/fr\/wp-json\/wp\/v2\/pages\/189\/revisions\/29865"}],"wp:attachment":[{"href":"https:\/\/edm.ch\/fr\/wp-json\/wp\/v2\/media?parent=189"}],"curies":[{"name":"wp","href":"https:\/\/api.w.org\/{rel}","templated":true}]}}