{"id":1608,"date":"2023-08-11T07:36:43","date_gmt":"2023-08-11T07:36:43","guid":{"rendered":"https:\/\/edm.ch\/?page_id=1608"},"modified":"2025-12-05T09:41:56","modified_gmt":"2025-12-05T09:41:56","slug":"scolarite-situation-durgence","status":"publish","type":"page","link":"https:\/\/edm.ch\/fr\/scolarite-situation-durgence\/","title":{"rendered":"\u00c9ducation en situation d&rsquo;urgence"},"content":{"rendered":"<section class=\"subpageBanner\" style=\"display:\">\n    <div class=\"subpageBannerBlock figure_block\">\n        <img decoding=\"async\" data-src=\"https:\/\/edm.ch\/wp-content\/uploads\/2023\/08\/Enfants_du_monde_website_image_banner_urgence_burkina.png\" src=\"data:image\/svg+xml;base64,PHN2ZyB3aWR0aD0iMSIgaGVpZ2h0PSIxIiB4bWxucz0iaHR0cDovL3d3dy53My5vcmcvMjAwMC9zdmciPjwvc3ZnPg==\" class=\"lazyload\" style=\"--smush-placeholder-width: 2500px; --smush-placeholder-aspect-ratio: 2500\/800;\" data-srcset=\"https:\/\/edm.ch\/wp-content\/uploads\/2023\/08\/Enfants_du_monde_website_image_banner_urgence_burkina.png 2500w, https:\/\/edm.ch\/wp-content\/uploads\/2023\/08\/Enfants_du_monde_website_image_banner_urgence_burkina-300x96.png 300w, https:\/\/edm.ch\/wp-content\/uploads\/2023\/08\/Enfants_du_monde_website_image_banner_urgence_burkina-1024x328.png 1024w, https:\/\/edm.ch\/wp-content\/uploads\/2023\/08\/Enfants_du_monde_website_image_banner_urgence_burkina-768x246.png 768w, https:\/\/edm.ch\/wp-content\/uploads\/2023\/08\/Enfants_du_monde_website_image_banner_urgence_burkina-1536x492.png 1536w, https:\/\/edm.ch\/wp-content\/uploads\/2023\/08\/Enfants_du_monde_website_image_banner_urgence_burkina-2048x655.png 2048w\" data-sizes=\"auto\" data-original-sizes=\"(max-width: 2500px) 100vw, 2500px\" \/>\n        <div class=\"subpageBannerWrap\">\n            <div class=\"container\">\n                <div class=\"content\">\n                    <div>\n                        <span class=\"bannerHead\"><\/span>\n                        <h1>\u00c9ducation en situation d&rsquo;urgence<\/h1>\n                    <\/div>\n                                    <\/div>\n            <\/div>\n        <\/div>\n            <\/div>\n<\/section>\n<script type=\"text\/javascript\">\n    jQuery(document).ready(function ($) {\n        \/\/ Check if the block exists\n        var bannerSection = $('#subpage-banner-section');\n\n        if (bannerSection.length > 0) {\n            \/\/ Move the block to the end of <main> just before the footer\n            $('main').append(bannerSection); \/\/ This will append it inside the <main> tag\n        }\n\n        $('.documentAccordion').on('click', function (e) {\n            e.preventDefault();  \/\/ Prevent default link action\n\n            \/\/ Target the section with the given ID\n            $('html, body').animate({\n                scrollTop: $('#subpage-banner-section').offset().top - 200\n            }, 1000);\n        });\n    });\n<\/script>\n\n\n    \n    <section class=\"rightTextLeftImg \" style=\"display:\">\n        <div class=\"container\">\n            <div class=\"rightTextLeftImgRow\">\n                                    <div class=\"left\">\n                                            <\/div>\n                                                    <div class=\"right\">\n                        <div class=\"content\">\n                            <h3>                                Garantir le droit \u00e0 l\u2019\u00e9ducation malgr\u00e9 les conflits arm\u00e9s <small><\/small>\n                            <\/h3>                                                            <p>Au Burkina Faso, des millions d\u2019enfants sont priv\u00e9s d\u2019\u00e9ducation en raison de la crise s\u00e9curitaire qui a engendr\u00e9 des d\u00e9placements massifs de population et la fermeture de milliers d\u2019\u00e9coles. Or, pour beaucoup d\u2019enfants, l\u2019\u00e9cole n\u2019est pas seulement un lieu d\u2019apprentissage mais aussi un lieu s\u00fbr. Dans les situations de crise, les risques de violences sur les enfants sont encore plus grands.<\/p>\n<p>Depuis 2020, nous menons des projets d\u2019\u00e9ducation en situation d\u2019urgence pour scolariser et prot\u00e9ger les enfants d\u00e9plac\u00e9\u00b7es victimes de la crise s\u00e9curitaire au Burkina Faso.<\/p>\n                                                                                                            <\/div>\n                    <\/div>\n                            <\/div>\n        <\/div>\n    <\/section>\n\n        <section class=\"contentSec\" style=\"display:\">\n        <div class=\"container\">\n            <div class=\"contentBlock\">\n                <h5>Ce qui nous diff\u00e9rencie<\/h5>\n                <ul>\n<li>Afin de s\u2019adapter aux d\u00e9placements de population, nous construisons avec les populations locales des salles de classe temporaires (par exemple en r\u00e9habilitant des espaces d\u00e9saffect\u00e9s) ou m\u00eame d\u00e9pla\u00e7ables (structures l\u00e9g\u00e8res) avec les mat\u00e9riaux \u00e0 disposition<\/li>\n<li>Nous aidons les \u00e9l\u00e8ves \u00e0 recevoir des pi\u00e8ces administratives telles que des actes de naissance ou cartes nationales d\u2019identit\u00e9 pour pouvoir s\u2019inscrire \u00e0 l\u2019\u00e9cole<\/li>\n<li>Nous proposons des cours de rattrapage et des formations acc\u00e9l\u00e9r\u00e9es pour les \u00e9l\u00e8ves arrivant avec un retard d\u2019apprentissage<\/li>\n<li>Nous distribution du mat\u00e9riel aux \u00e9l\u00e8ves les plus vuln\u00e9rables (fournitures scolaires, kits d\u2019hygi\u00e8ne pour les filles, v\u00e9los pour se rendre \u00e0 l\u2019\u00e9cole, lampes solaires pour pouvoir \u00e9tudier le soir\u2026)<\/li>\n<\/ul>\n                            <\/div>\n        <\/div>\n    <\/section>\n\n\n    \n    <section class=\"quoteImage rightTextLeftImg \" style=\"display:\">\n        <div class=\"container\">\n            <div class=\"rightTextLeftImgRow\">\n                                    <div class=\"left\">\n                                                    <div class=\"imgBlock\">\n                                <a class=\"figure_block\" href=\"https:\/\/edm.ch\/wp-content\/uploads\/2023\/08\/Enfants_du_monde_website_image_salfo_burkina_faso.png\" data-fancybox data-caption=\"\">\n                                    <img decoding=\"async\" data-src=\"https:\/\/edm.ch\/wp-content\/uploads\/2023\/08\/Enfants_du_monde_website_image_salfo_burkina_faso.png\" src=\"data:image\/svg+xml;base64,PHN2ZyB3aWR0aD0iMSIgaGVpZ2h0PSIxIiB4bWxucz0iaHR0cDovL3d3dy53My5vcmcvMjAwMC9zdmciPjwvc3ZnPg==\" class=\"lazyload\" style=\"--smush-placeholder-width: 1920px; --smush-placeholder-aspect-ratio: 1920\/1920;\" data-srcset=\"https:\/\/edm.ch\/wp-content\/uploads\/2023\/08\/Enfants_du_monde_website_image_salfo_burkina_faso.png 1920w, https:\/\/edm.ch\/wp-content\/uploads\/2023\/08\/Enfants_du_monde_website_image_salfo_burkina_faso-300x300.png 300w, https:\/\/edm.ch\/wp-content\/uploads\/2023\/08\/Enfants_du_monde_website_image_salfo_burkina_faso-1024x1024.png 1024w, https:\/\/edm.ch\/wp-content\/uploads\/2023\/08\/Enfants_du_monde_website_image_salfo_burkina_faso-150x150.png 150w, https:\/\/edm.ch\/wp-content\/uploads\/2023\/08\/Enfants_du_monde_website_image_salfo_burkina_faso-768x768.png 768w, https:\/\/edm.ch\/wp-content\/uploads\/2023\/08\/Enfants_du_monde_website_image_salfo_burkina_faso-1536x1536.png 1536w\" data-sizes=\"auto\" data-original-sizes=\"(max-width: 1920px) 100vw, 1920px\" \/>\n                                                                    <\/a>\n                                <figcaption><\/figcaption>\n                            <\/div>\n                                            <\/div>\n                                                    <div class=\"right\">\n                        <div class=\"content\">\n                            <h2>                                Salfo, <small>10 ans, d\u00e9plac\u00e9 avec sa famille, Burkina Faso <\/small>\n                            <\/h2>                            <div class=\"quote\">                                <p>L\u2019\u00e9cole a ferm\u00e9 dans mon village \u00e0 cause des attaques. Dans cette \u00e9cole ici je suis heureux d\u2019\u00eatre en classe et je n\u2019ai plus peur.<\/p>\n                            <\/div>                                                                                <\/div>\n                    <\/div>\n                            <\/div>\n        <\/div>\n    <\/section>\n\n\n    <section class=\"activitySec\" style=\"display:\">\n      <div class=\"container\">\n        <div class=\"secTitle\">\n            <h2>Dans les pays en pratique<\/h2>\n        <\/div>\n        <div class=\"activityRow\">\n\n            \n                <div class=\"activityCol\">\n                    <div class=\"activityColInner\">\n                        <div class=\"imgBlock\">\n                            <a href=\"https:\/\/edm.ch\/fr\/burkina-faso-education-en-situation-durgence\/\">                                <img decoding=\"async\" data-src=\"https:\/\/edm.ch\/wp-content\/uploads\/2023\/08\/6437.png\" alt=\"EMD-img\" src=\"data:image\/svg+xml;base64,PHN2ZyB3aWR0aD0iMSIgaGVpZ2h0PSIxIiB4bWxucz0iaHR0cDovL3d3dy53My5vcmcvMjAwMC9zdmciPjwvc3ZnPg==\" class=\"lazyload\" style=\"--smush-placeholder-width: 1920px; --smush-placeholder-aspect-ratio: 1920\/1920;\" data-srcset=\"https:\/\/edm.ch\/wp-content\/uploads\/2023\/08\/6437.png 1920w, https:\/\/edm.ch\/wp-content\/uploads\/2023\/08\/6437-300x300.png 300w, https:\/\/edm.ch\/wp-content\/uploads\/2023\/08\/6437-1024x1024.png 1024w, https:\/\/edm.ch\/wp-content\/uploads\/2023\/08\/6437-150x150.png 150w, https:\/\/edm.ch\/wp-content\/uploads\/2023\/08\/6437-768x768.png 768w, https:\/\/edm.ch\/wp-content\/uploads\/2023\/08\/6437-1536x1536.png 1536w\" data-sizes=\"auto\" data-original-sizes=\"(max-width: 1920px) 100vw, 1920px\" \/>\n                            <\/a>                        <\/div>\n                        <div class=\"contentBlock\">\n                            <h3>Burkina Faso<\/h3>\n                            <p>Nos \u00e9quipes \u0153uvrent pour\u00a0<strong>am\u00e9liorer l\u2019acc\u00e8s, le maintien et la continuit\u00e9 de l\u2019\u00e9ducation, dans un environnement s\u00fbr et protecteur,<\/strong>\u00a0pour les enfants d\u00e9plac\u00e9s, r\u00e9fugi\u00e9s et ceux issus des familles h\u00f4tes vuln\u00e9rables.<\/p>\n                                                            <a href=\"https:\/\/edm.ch\/fr\/burkina-faso-education-en-situation-durgence\/\" class=\"btnWhite\">En savoir plus<\/a>\n                                                    <\/div>\n                    <\/div>\n                <\/div>\n\n            \n                <div class=\"activityCol\">\n                    <div class=\"activityColInner\">\n                        <div class=\"imgBlock\">\n                            <a href=\"https:\/\/edm.ch\/fr\/tchad-education-enfants-refugiees-soudan\/\">                                <img decoding=\"async\" data-src=\"https:\/\/edm.ch\/wp-content\/uploads\/2025\/03\/IMG_0219-1.jpg\" alt=\"EMD-img\" src=\"data:image\/svg+xml;base64,PHN2ZyB3aWR0aD0iMSIgaGVpZ2h0PSIxIiB4bWxucz0iaHR0cDovL3d3dy53My5vcmcvMjAwMC9zdmciPjwvc3ZnPg==\" class=\"lazyload\" style=\"--smush-placeholder-width: 3984px; --smush-placeholder-aspect-ratio: 3984\/2656;\" data-srcset=\"https:\/\/edm.ch\/wp-content\/uploads\/2025\/03\/IMG_0219-1.jpg 3984w, https:\/\/edm.ch\/wp-content\/uploads\/2025\/03\/IMG_0219-1-300x200.jpg 300w, https:\/\/edm.ch\/wp-content\/uploads\/2025\/03\/IMG_0219-1-1024x683.jpg 1024w, https:\/\/edm.ch\/wp-content\/uploads\/2025\/03\/IMG_0219-1-768x512.jpg 768w, https:\/\/edm.ch\/wp-content\/uploads\/2025\/03\/IMG_0219-1-1536x1024.jpg 1536w, https:\/\/edm.ch\/wp-content\/uploads\/2025\/03\/IMG_0219-1-2048x1365.jpg 2048w\" data-sizes=\"auto\" data-original-sizes=\"(max-width: 3984px) 100vw, 3984px\" \/>\n                            <\/a>                        <\/div>\n                        <div class=\"contentBlock\">\n                            <h3>Tchad<\/h3>\n                            <p>Fournir aux jeunes soudanais\u2219es de 12 \u00e0 17 ans du camp d\u2019Aboutengu\u00e9 <strong>un cadre d\u2019apprentissage s\u00e9curis\u00e9 et adapt\u00e9,<\/strong> leur permettant de reprendre ou de poursuivre leur \u00e9ducation.<\/p>\n                                                            <a href=\"https:\/\/edm.ch\/fr\/tchad-education-enfants-refugiees-soudan\/\" class=\"btnWhite\">En savoir plus<\/a>\n                                                    <\/div>\n                    <\/div>\n                <\/div>\n\n                        \n        <\/div>\n      <\/div>\n    <\/section>\n\n\n    <section class=\"donation_count\" style=\"display:\">\n        <div class=\"inner_row\">\n            <div class=\"right_img_block\">\n                <div class=\"img_block figure_block\">\n                    <img decoding=\"async\" data-src=\"https:\/\/edm.ch\/wp-content\/uploads\/2023\/08\/Enfants_du_monde_website_image_don_burkina_faso.png\" alt=\"\" src=\"data:image\/svg+xml;base64,PHN2ZyB3aWR0aD0iMSIgaGVpZ2h0PSIxIiB4bWxucz0iaHR0cDovL3d3dy53My5vcmcvMjAwMC9zdmciPjwvc3ZnPg==\" class=\"lazyload\" style=\"--smush-placeholder-width: 1920px; --smush-placeholder-aspect-ratio: 1920\/1920;\" data-srcset=\"https:\/\/edm.ch\/wp-content\/uploads\/2023\/08\/Enfants_du_monde_website_image_don_burkina_faso.png 1920w, https:\/\/edm.ch\/wp-content\/uploads\/2023\/08\/Enfants_du_monde_website_image_don_burkina_faso-300x300.png 300w, https:\/\/edm.ch\/wp-content\/uploads\/2023\/08\/Enfants_du_monde_website_image_don_burkina_faso-1024x1024.png 1024w, https:\/\/edm.ch\/wp-content\/uploads\/2023\/08\/Enfants_du_monde_website_image_don_burkina_faso-150x150.png 150w, https:\/\/edm.ch\/wp-content\/uploads\/2023\/08\/Enfants_du_monde_website_image_don_burkina_faso-768x768.png 768w, https:\/\/edm.ch\/wp-content\/uploads\/2023\/08\/Enfants_du_monde_website_image_don_burkina_faso-1536x1536.png 1536w\" data-sizes=\"auto\" data-original-sizes=\"(max-width: 1920px) 100vw, 1920px\">\n                                    <\/div>\n            <\/div>\n            <div class=\"left_txt_block\">\n                <div class=\"txt_contents\">\n                    <h3>Mon don fait la diff\u00e9rence<\/h3>\n                    <div class=\"block_txts\">\n                                                    <div class=\"item\">\n                                <span class=\"title\">Par exemple :<\/span>\n                                <p><\/p>\n                            <\/div>\n                                                    <div class=\"item\">\n                                <span class=\"title\">Avec 60 francs :<\/span>\n                                <p>J\u2019offre une journ\u00e9e de formation continue en \u00e9ducation bilingue \u00e0 2 enseignant\u00b7es au Burkina Faso pour am\u00e9liorer la qualit\u00e9 de leurs le\u00e7ons.<\/p>\n                            <\/div>\n                                                    <div class=\"item\">\n                                <span class=\"title\">Avec 100 francs :<\/span>\n                                <p>J\u2019offre un manuel scolaire bilingue \u00e0 14 enfants du Burkina Faso pour leur permettre de progresser.<\/p>\n                            <\/div>\n                                                                            <a href=\"https:\/\/don.edm.ch\/\" class=\"btnWhite buttonDonation\">\n                                JE FAIS UN DON                            <\/a>\n                                            <\/div>\n                <\/div>\n            <\/div>\n        <\/div>\n    <\/section>","protected":false},"excerpt":{"rendered":"","protected":false},"author":3,"featured_media":0,"parent":0,"menu_order":0,"comment_status":"closed","ping_status":"closed","template":"templates\/yellow-line-5.php","meta":{"_acf_changed":false,"inline_featured_image":false,"footnotes":""},"class_list":["post-1608","page","type-page","status-publish","hentry"],"acf":[],"yoast_head":"<!-- This site is optimized with the Yoast SEO plugin v26.9 - https:\/\/yoast.com\/product\/yoast-seo-wordpress\/ -->\n<title>\u00c9ducation en situation d&#039;urgence - Enfants du Monde<\/title>\n<meta name=\"description\" content=\"Depuis 2020, Enfants du Monde m\u00e8ne des projets d&#039;\u00e9ducation en situation d&#039;urgence pour scolariser et prot\u00e9ger les enfants d\u00e9plac\u00e9.es.\" \/>\n<meta name=\"robots\" content=\"index, follow, max-snippet:-1, max-image-preview:large, max-video-preview:-1\" \/>\n<link rel=\"canonical\" href=\"https:\/\/edm.ch\/fr\/scolarite-situation-durgence\/\" \/>\n<meta property=\"og:locale\" content=\"fr_FR\" \/>\n<meta property=\"og:type\" content=\"article\" \/>\n<meta property=\"og:title\" content=\"\u00c9ducation en situation d&#039;urgence - Enfants du Monde\" \/>\n<meta property=\"og:description\" content=\"Depuis 2020, Enfants du Monde m\u00e8ne des projets d&#039;\u00e9ducation en situation d&#039;urgence pour scolariser et prot\u00e9ger les enfants d\u00e9plac\u00e9.es.\" \/>\n<meta property=\"og:url\" content=\"https:\/\/edm.ch\/fr\/scolarite-situation-durgence\/\" \/>\n<meta property=\"og:site_name\" content=\"Enfants du monde\" \/>\n<meta property=\"article:modified_time\" content=\"2025-12-05T09:41:56+00:00\" \/>\n<meta name=\"twitter:card\" content=\"summary_large_image\" \/>\n<script type=\"application\/ld+json\" class=\"yoast-schema-graph\">{\"@context\":\"https:\/\/schema.org\",\"@graph\":[{\"@type\":\"WebPage\",\"@id\":\"https:\/\/edm.ch\/fr\/scolarite-situation-durgence\/\",\"url\":\"https:\/\/edm.ch\/fr\/scolarite-situation-durgence\/\",\"name\":\"\u00c9ducation en situation d'urgence - Enfants du Monde\",\"isPartOf\":{\"@id\":\"https:\/\/edm.ch\/en\/#website\"},\"datePublished\":\"2023-08-11T07:36:43+00:00\",\"dateModified\":\"2025-12-05T09:41:56+00:00\",\"description\":\"Depuis 2020, Enfants du Monde m\u00e8ne des projets d'\u00e9ducation en situation d'urgence pour scolariser et prot\u00e9ger les enfants d\u00e9plac\u00e9.es.\",\"inLanguage\":\"fr-FR\",\"potentialAction\":[{\"@type\":\"ReadAction\",\"target\":[\"https:\/\/edm.ch\/fr\/scolarite-situation-durgence\/\"]}]},{\"@type\":\"WebSite\",\"@id\":\"https:\/\/edm.ch\/en\/#website\",\"url\":\"https:\/\/edm.ch\/en\/\",\"name\":\"Enfants du monde\",\"description\":\"Association suisse\",\"potentialAction\":[{\"@type\":\"SearchAction\",\"target\":{\"@type\":\"EntryPoint\",\"urlTemplate\":\"https:\/\/edm.ch\/en\/?s={search_term_string}\"},\"query-input\":{\"@type\":\"PropertyValueSpecification\",\"valueRequired\":true,\"valueName\":\"search_term_string\"}}],\"inLanguage\":\"fr-FR\"}]}<\/script>\n<!-- \/ Yoast SEO plugin. -->","yoast_head_json":{"title":"\u00c9ducation en situation d'urgence - Enfants du Monde","description":"Depuis 2020, Enfants du Monde m\u00e8ne des projets d'\u00e9ducation en situation d'urgence pour scolariser et prot\u00e9ger les enfants d\u00e9plac\u00e9.es.","robots":{"index":"index","follow":"follow","max-snippet":"max-snippet:-1","max-image-preview":"max-image-preview:large","max-video-preview":"max-video-preview:-1"},"canonical":"https:\/\/edm.ch\/fr\/scolarite-situation-durgence\/","og_locale":"fr_FR","og_type":"article","og_title":"\u00c9ducation en situation d'urgence - Enfants du Monde","og_description":"Depuis 2020, Enfants du Monde m\u00e8ne des projets d'\u00e9ducation en situation d'urgence pour scolariser et prot\u00e9ger les enfants d\u00e9plac\u00e9.es.","og_url":"https:\/\/edm.ch\/fr\/scolarite-situation-durgence\/","og_site_name":"Enfants du monde","article_modified_time":"2025-12-05T09:41:56+00:00","twitter_card":"summary_large_image","schema":{"@context":"https:\/\/schema.org","@graph":[{"@type":"WebPage","@id":"https:\/\/edm.ch\/fr\/scolarite-situation-durgence\/","url":"https:\/\/edm.ch\/fr\/scolarite-situation-durgence\/","name":"\u00c9ducation en situation d'urgence - Enfants du Monde","isPartOf":{"@id":"https:\/\/edm.ch\/en\/#website"},"datePublished":"2023-08-11T07:36:43+00:00","dateModified":"2025-12-05T09:41:56+00:00","description":"Depuis 2020, Enfants du Monde m\u00e8ne des projets d'\u00e9ducation en situation d'urgence pour scolariser et prot\u00e9ger les enfants d\u00e9plac\u00e9.es.","inLanguage":"fr-FR","potentialAction":[{"@type":"ReadAction","target":["https:\/\/edm.ch\/fr\/scolarite-situation-durgence\/"]}]},{"@type":"WebSite","@id":"https:\/\/edm.ch\/en\/#website","url":"https:\/\/edm.ch\/en\/","name":"Enfants du monde","description":"Association suisse","potentialAction":[{"@type":"SearchAction","target":{"@type":"EntryPoint","urlTemplate":"https:\/\/edm.ch\/en\/?s={search_term_string}"},"query-input":{"@type":"PropertyValueSpecification","valueRequired":true,"valueName":"search_term_string"}}],"inLanguage":"fr-FR"}]}},"_links":{"self":[{"href":"https:\/\/edm.ch\/fr\/wp-json\/wp\/v2\/pages\/1608","targetHints":{"allow":["GET"]}}],"collection":[{"href":"https:\/\/edm.ch\/fr\/wp-json\/wp\/v2\/pages"}],"about":[{"href":"https:\/\/edm.ch\/fr\/wp-json\/wp\/v2\/types\/page"}],"author":[{"embeddable":true,"href":"https:\/\/edm.ch\/fr\/wp-json\/wp\/v2\/users\/3"}],"replies":[{"embeddable":true,"href":"https:\/\/edm.ch\/fr\/wp-json\/wp\/v2\/comments?post=1608"}],"version-history":[{"count":70,"href":"https:\/\/edm.ch\/fr\/wp-json\/wp\/v2\/pages\/1608\/revisions"}],"predecessor-version":[{"id":38069,"href":"https:\/\/edm.ch\/fr\/wp-json\/wp\/v2\/pages\/1608\/revisions\/38069"}],"wp:attachment":[{"href":"https:\/\/edm.ch\/fr\/wp-json\/wp\/v2\/media?parent=1608"}],"curies":[{"name":"wp","href":"https:\/\/api.w.org\/{rel}","templated":true}]}}