{"id":1234,"date":"2023-08-09T16:08:59","date_gmt":"2023-08-09T16:08:59","guid":{"rendered":"https:\/\/edm.ch\/?page_id=1234"},"modified":"2024-07-16T08:19:58","modified_gmt":"2024-07-16T08:19:58","slug":"autres-publications","status":"publish","type":"page","link":"https:\/\/edm.ch\/fr\/autres-publications\/","title":{"rendered":"Autres publications"},"content":{"rendered":"\n    <section class=\"otherPublicationSec pb-0\" style=\"display:\">\n        <div class=\"filterSec\" id=\"filterCategory\">\n            <div class=\"container\">\n                <div class=\"filterHolder\">\n                    <div class=\"filterWrap\">\n                        <a href=\"javascript:void(0);\" class=\"filterToggle\">\n                            <i class=\"material-icons\">filter_list<\/i><span>Cacher les filtres<\/span>\n                        <\/a>\n                    <\/div>\n                    <div class=\"filterContent\">\n                        <span>Trier par<\/span>\n                        <div class=\"filterBlock\">\n                            <select name=\"category\" id=\"category\">\n                                <option value=\"\">Cat\u00e9gorie<\/option>\n                                                                    <option value=\"rapports\">Rapports<\/option>\n                                                                    <option value=\"articles\">Articles<\/option>\n                                                                    <option value=\"ouvrages\">Ouvrages<\/option>\n                                                                    <option value=\"materiel-pedagogique\">Mat\u00e9riel p\u00e9dagogique<\/option>\n                                                                    <option value=\"brochures-et-fiches\">Brochures et fiches<\/option>\n                                                                    <option value=\"journal-mondinfo\">Journal Mond&rsquo;info<\/option>\n                                                                    <option value=\"outils-de-formation\">Outils de formation<\/option>\n                                                                    <option value=\"institutionnel\">Institutionnel<\/option>\n                                                            <\/select>\n                        <\/div>\n                        <div class=\"filterBlock\">\n                            <select name=\"theme\" id=\"theme\">\n                                <option value=\"\">Th\u00e8me<\/option>\n                                                                    <option value=\"education\">Education<\/option>\n                                                                    <option value=\"sante\">Sant\u00e9<\/option>\n                                                                    <option value=\"droits-de-lenfant\">Droits de l&rsquo;enfant<\/option>\n                                                            <\/select>\n                        <\/div>\n                        <div class=\"filterBlock\">\n                            <select name=\"region\" id=\"region\">\n                                <option value=\"\">Pays ou r\u00e9gion<\/option>\n                                                                    <option value=\"madagascar-2\">Madagascar<\/option>\n                                                                    <option value=\"bangladesh\">Bangladesh<\/option>\n                                                                    <option value=\"burkina-faso\">Burkina Faso<\/option>\n                                                                    <option value=\"niger\">Niger<\/option>\n                                                                    <option value=\"tchad\">Tchad<\/option>\n                                                                    <option value=\"nepal\">N\u00e9pal<\/option>\n                                                                    <option value=\"el-salvador\">El Salvador<\/option>\n                                                                    <option value=\"tanzanie\">Tanzanie<\/option>\n                                                                    <option value=\"suisse\">Suisse<\/option>\n                                                                    <option value=\"afrique\">Afrique<\/option>\n                                                                    <option value=\"asie\">Asie<\/option>\n                                                                    <option value=\"amerique\">Am\u00e9rique<\/option>\n                                                                    <option value=\"europe\">Europe<\/option>\n                                                                    <option value=\"guatemala\">Guatemala<\/option>\n                                                            <\/select>\n                        <\/div>\n                        <div class=\"filterBlock\">\n                            <select name=\"language\" id=\"language\">\n                                <option value=\"\">Langue<\/option>\n                                                                    <option value=\"francais\">Fran\u00e7ais<\/option>\n                                                                    <option value=\"anglais\">Anglais<\/option>\n                                                                    <option value=\"allemand\">Allemand<\/option>\n                                                                    <option value=\"espagnol\">Espagnol<\/option>\n                                                            <\/select>\n                        <\/div>\n\n                    <\/div>\n                <\/div>\n            <\/div>\n        <\/div>\n        <div class=\"publicationHolder\">\n            <div class=\"container\">\n                <div class=\"publicationContent\">\n                    <!-- function.php -->\n                <\/div>\n                <!-- <div class=\"paginationBlock\">\n                    <input type=\"submit\" class=\"btnBlue\" id=\"showall\" value=\"Voir tout\">\n                <\/div> -->\n            <\/div>\n        <\/div>\n    <\/section>","protected":false},"excerpt":{"rendered":"","protected":false},"author":1,"featured_media":0,"parent":0,"menu_order":0,"comment_status":"closed","ping_status":"closed","template":"","meta":{"_acf_changed":false,"inline_featured_image":false,"footnotes":""},"class_list":["post-1234","page","type-page","status-publish","hentry"],"acf":[],"yoast_head":"<!-- This site is optimized with the Yoast SEO plugin v26.9 - https:\/\/yoast.com\/product\/yoast-seo-wordpress\/ -->\n<title>Information ONG - Nos publications - Enfants du Monde<\/title>\n<meta name=\"description\" content=\"Gr\u00e2ce \u00e0 nos publications (articles, brochures), apprenez en plus sur notre travail en faveur de la sant\u00e9 et de l&#039;\u00e9ducation dans le monde.\" \/>\n<meta name=\"robots\" content=\"index, follow, max-snippet:-1, max-image-preview:large, max-video-preview:-1\" \/>\n<link rel=\"canonical\" href=\"https:\/\/edm.ch\/fr\/autres-publications\/\" \/>\n<meta property=\"og:locale\" content=\"fr_FR\" \/>\n<meta property=\"og:type\" content=\"article\" \/>\n<meta property=\"og:title\" content=\"Information ONG - Nos publications - Enfants du Monde\" \/>\n<meta property=\"og:description\" content=\"Gr\u00e2ce \u00e0 nos publications (articles, brochures), apprenez en plus sur notre travail en faveur de la sant\u00e9 et de l&#039;\u00e9ducation dans le monde.\" \/>\n<meta property=\"og:url\" content=\"https:\/\/edm.ch\/fr\/autres-publications\/\" \/>\n<meta property=\"og:site_name\" content=\"Enfants du monde\" \/>\n<meta property=\"article:modified_time\" content=\"2024-07-16T08:19:58+00:00\" \/>\n<meta name=\"twitter:card\" content=\"summary_large_image\" \/>\n<script type=\"application\/ld+json\" class=\"yoast-schema-graph\">{\"@context\":\"https:\/\/schema.org\",\"@graph\":[{\"@type\":\"WebPage\",\"@id\":\"https:\/\/edm.ch\/fr\/autres-publications\/\",\"url\":\"https:\/\/edm.ch\/fr\/autres-publications\/\",\"name\":\"Information ONG - Nos publications - Enfants du Monde\",\"isPartOf\":{\"@id\":\"https:\/\/edm.ch\/en\/#website\"},\"datePublished\":\"2023-08-09T16:08:59+00:00\",\"dateModified\":\"2024-07-16T08:19:58+00:00\",\"description\":\"Gr\u00e2ce \u00e0 nos publications (articles, brochures), apprenez en plus sur notre travail en faveur de la sant\u00e9 et de l'\u00e9ducation dans le monde.\",\"inLanguage\":\"fr-FR\",\"potentialAction\":[{\"@type\":\"ReadAction\",\"target\":[\"https:\/\/edm.ch\/fr\/autres-publications\/\"]}]},{\"@type\":\"WebSite\",\"@id\":\"https:\/\/edm.ch\/en\/#website\",\"url\":\"https:\/\/edm.ch\/en\/\",\"name\":\"Enfants du monde\",\"description\":\"Association suisse\",\"potentialAction\":[{\"@type\":\"SearchAction\",\"target\":{\"@type\":\"EntryPoint\",\"urlTemplate\":\"https:\/\/edm.ch\/en\/?s={search_term_string}\"},\"query-input\":{\"@type\":\"PropertyValueSpecification\",\"valueRequired\":true,\"valueName\":\"search_term_string\"}}],\"inLanguage\":\"fr-FR\"}]}<\/script>\n<!-- \/ Yoast SEO plugin. -->","yoast_head_json":{"title":"Information ONG - Nos publications - Enfants du Monde","description":"Gr\u00e2ce \u00e0 nos publications (articles, brochures), apprenez en plus sur notre travail en faveur de la sant\u00e9 et de l'\u00e9ducation dans le monde.","robots":{"index":"index","follow":"follow","max-snippet":"max-snippet:-1","max-image-preview":"max-image-preview:large","max-video-preview":"max-video-preview:-1"},"canonical":"https:\/\/edm.ch\/fr\/autres-publications\/","og_locale":"fr_FR","og_type":"article","og_title":"Information ONG - Nos publications - Enfants du Monde","og_description":"Gr\u00e2ce \u00e0 nos publications (articles, brochures), apprenez en plus sur notre travail en faveur de la sant\u00e9 et de l'\u00e9ducation dans le monde.","og_url":"https:\/\/edm.ch\/fr\/autres-publications\/","og_site_name":"Enfants du monde","article_modified_time":"2024-07-16T08:19:58+00:00","twitter_card":"summary_large_image","schema":{"@context":"https:\/\/schema.org","@graph":[{"@type":"WebPage","@id":"https:\/\/edm.ch\/fr\/autres-publications\/","url":"https:\/\/edm.ch\/fr\/autres-publications\/","name":"Information ONG - Nos publications - Enfants du Monde","isPartOf":{"@id":"https:\/\/edm.ch\/en\/#website"},"datePublished":"2023-08-09T16:08:59+00:00","dateModified":"2024-07-16T08:19:58+00:00","description":"Gr\u00e2ce \u00e0 nos publications (articles, brochures), apprenez en plus sur notre travail en faveur de la sant\u00e9 et de l'\u00e9ducation dans le monde.","inLanguage":"fr-FR","potentialAction":[{"@type":"ReadAction","target":["https:\/\/edm.ch\/fr\/autres-publications\/"]}]},{"@type":"WebSite","@id":"https:\/\/edm.ch\/en\/#website","url":"https:\/\/edm.ch\/en\/","name":"Enfants du monde","description":"Association suisse","potentialAction":[{"@type":"SearchAction","target":{"@type":"EntryPoint","urlTemplate":"https:\/\/edm.ch\/en\/?s={search_term_string}"},"query-input":{"@type":"PropertyValueSpecification","valueRequired":true,"valueName":"search_term_string"}}],"inLanguage":"fr-FR"}]}},"_links":{"self":[{"href":"https:\/\/edm.ch\/fr\/wp-json\/wp\/v2\/pages\/1234","targetHints":{"allow":["GET"]}}],"collection":[{"href":"https:\/\/edm.ch\/fr\/wp-json\/wp\/v2\/pages"}],"about":[{"href":"https:\/\/edm.ch\/fr\/wp-json\/wp\/v2\/types\/page"}],"author":[{"embeddable":true,"href":"https:\/\/edm.ch\/fr\/wp-json\/wp\/v2\/users\/1"}],"replies":[{"embeddable":true,"href":"https:\/\/edm.ch\/fr\/wp-json\/wp\/v2\/comments?post=1234"}],"version-history":[{"count":4,"href":"https:\/\/edm.ch\/fr\/wp-json\/wp\/v2\/pages\/1234\/revisions"}],"predecessor-version":[{"id":29956,"href":"https:\/\/edm.ch\/fr\/wp-json\/wp\/v2\/pages\/1234\/revisions\/29956"}],"wp:attachment":[{"href":"https:\/\/edm.ch\/fr\/wp-json\/wp\/v2\/media?parent=1234"}],"curies":[{"name":"wp","href":"https:\/\/api.w.org\/{rel}","templated":true}]}}