{"id":1209,"date":"2023-08-09T15:24:12","date_gmt":"2023-08-09T15:24:12","guid":{"rendered":"https:\/\/edm.ch\/?page_id=1209"},"modified":"2024-07-16T08:20:17","modified_gmt":"2024-07-16T08:20:17","slug":"rapports-annuels","status":"publish","type":"page","link":"https:\/\/edm.ch\/fr\/rapports-annuels\/","title":{"rendered":"Rapports annuels"},"content":{"rendered":"\n    <section class=\" publicationSec pb-0\" style=\"display:\">\n              <div class=\"container\">\n                  <h2>Rapports annuels<\/h2>\n                <div class=\"publicationWrap\">\n                  \n                      <div class=\"publicationBlock\">\n              <div class=\"publicationBox\">\n                \n                <figure><img decoding=\"async\" data-src=\"https:\/\/edm.ch\/wp-content\/uploads\/2025\/11\/rapport_annuel_2024_apercu.png\" src=\"data:image\/svg+xml;base64,PHN2ZyB3aWR0aD0iMSIgaGVpZ2h0PSIxIiB4bWxucz0iaHR0cDovL3d3dy53My5vcmcvMjAwMC9zdmciPjwvc3ZnPg==\" class=\"lazyload\" style=\"--smush-placeholder-width: 600px; --smush-placeholder-aspect-ratio: 600\/400;\" data-srcset=\"https:\/\/edm.ch\/wp-content\/uploads\/2025\/11\/rapport_annuel_2024_apercu.png 600w, https:\/\/edm.ch\/wp-content\/uploads\/2025\/11\/rapport_annuel_2024_apercu-300x200.png 300w\" data-sizes=\"auto\" data-original-sizes=\"(max-width: 600px) 100vw, 600px\"><\/figure>\n\n                <div class=\"publicationLink\">\n                                      <a href=\"https:\/\/edm.ch\/wp-content\/uploads\/2025\/12\/EdM_rapport_annuel_2024_FR.pdf\" class=\"btnBlue\">Rapport annuel 2024<\/a>\n                                  <\/div>\n\n              <\/div>\n            <\/div>\n                      <div class=\"publicationBlock\">\n              <div class=\"publicationBox\">\n                \n                <figure><img decoding=\"async\" data-src=\"https:\/\/edm.ch\/wp-content\/uploads\/2025\/11\/Nouveau-site_Page-de-garde-rapport_rev_24.jpg\" src=\"data:image\/svg+xml;base64,PHN2ZyB3aWR0aD0iMSIgaGVpZ2h0PSIxIiB4bWxucz0iaHR0cDovL3d3dy53My5vcmcvMjAwMC9zdmciPjwvc3ZnPg==\" class=\"lazyload\" style=\"--smush-placeholder-width: 430px; --smush-placeholder-aspect-ratio: 430\/496;\"><\/figure>\n\n                <div class=\"publicationLink\">\n                                      <a href=\"https:\/\/edm.ch\/wp-content\/uploads\/2025\/11\/Enfants_du_Monde_rapport_reviseurs_2024.pdf\" class=\"btnBlue\">Rapport des r\u00e9viseurs 2024<\/a>\n                                  <\/div>\n\n              <\/div>\n            <\/div>\n                      <div class=\"publicationBlock\">\n              <div class=\"publicationBox\">\n                \n                <figure><img decoding=\"async\" data-src=\"https:\/\/edm.ch\/wp-content\/uploads\/2024\/06\/rapport-annuel-2023-3.png\" src=\"data:image\/svg+xml;base64,PHN2ZyB3aWR0aD0iMSIgaGVpZ2h0PSIxIiB4bWxucz0iaHR0cDovL3d3dy53My5vcmcvMjAwMC9zdmciPjwvc3ZnPg==\" class=\"lazyload\" style=\"--smush-placeholder-width: 600px; --smush-placeholder-aspect-ratio: 600\/400;\" data-srcset=\"https:\/\/edm.ch\/wp-content\/uploads\/2024\/06\/rapport-annuel-2023-3.png 600w, https:\/\/edm.ch\/wp-content\/uploads\/2024\/06\/rapport-annuel-2023-3-300x200.png 300w\" data-sizes=\"auto\" data-original-sizes=\"(max-width: 600px) 100vw, 600px\"><\/figure>\n\n                <div class=\"publicationLink\">\n                                      <a href=\"https:\/\/edm.ch\/wp-content\/uploads\/2024\/07\/Rapport_annuel_2023_Enfants_du_Monde-1.pdf\" class=\"btnBlue\">Rapport annuel 2023<\/a>\n                                  <\/div>\n\n              <\/div>\n            <\/div>\n                      <div class=\"publicationBlock\">\n              <div class=\"publicationBox\">\n                \n                <figure><img decoding=\"async\" data-src=\"https:\/\/edm.ch\/wp-content\/uploads\/2024\/06\/Nouveau-site_Page-de-garde-docs-1.png\" src=\"data:image\/svg+xml;base64,PHN2ZyB3aWR0aD0iMSIgaGVpZ2h0PSIxIiB4bWxucz0iaHR0cDovL3d3dy53My5vcmcvMjAwMC9zdmciPjwvc3ZnPg==\" class=\"lazyload\" style=\"--smush-placeholder-width: 430px; --smush-placeholder-aspect-ratio: 430\/496;\" data-srcset=\"https:\/\/edm.ch\/wp-content\/uploads\/2024\/06\/Nouveau-site_Page-de-garde-docs-1.png 430w, https:\/\/edm.ch\/wp-content\/uploads\/2024\/06\/Nouveau-site_Page-de-garde-docs-1-260x300.png 260w\" data-sizes=\"auto\" data-original-sizes=\"(max-width: 430px) 100vw, 430px\"><\/figure>\n\n                <div class=\"publicationLink\">\n                                      <a href=\"https:\/\/edm.ch\/wp-content\/uploads\/2024\/06\/Enfants_du_Monde_rapport_reviseurs_2023.pdf\" class=\"btnBlue\">Rapport des r\u00e9viseurs 2023<\/a>\n                                  <\/div>\n\n              <\/div>\n            <\/div>\n                      <div class=\"publicationBlock\">\n              <div class=\"publicationBox\">\n                \n                <figure><img decoding=\"async\" data-src=\"https:\/\/edm.ch\/wp-content\/uploads\/2023\/08\/Capture-decran-2023-08-19-a-10.35.40.jpg\" src=\"data:image\/svg+xml;base64,PHN2ZyB3aWR0aD0iMSIgaGVpZ2h0PSIxIiB4bWxucz0iaHR0cDovL3d3dy53My5vcmcvMjAwMC9zdmciPjwvc3ZnPg==\" class=\"lazyload\" style=\"--smush-placeholder-width: 700px; --smush-placeholder-aspect-ratio: 700\/528;\" data-srcset=\"https:\/\/edm.ch\/wp-content\/uploads\/2023\/08\/Capture-decran-2023-08-19-a-10.35.40.jpg 700w, https:\/\/edm.ch\/wp-content\/uploads\/2023\/08\/Capture-decran-2023-08-19-a-10.35.40-300x226.jpg 300w\" data-sizes=\"auto\" data-original-sizes=\"(max-width: 700px) 100vw, 700px\"><\/figure>\n\n                <div class=\"publicationLink\">\n                                      <a href=\"https:\/\/edm.ch\/wp-content\/uploads\/2023\/08\/Rapport-annuel-2022.pdf\" class=\"btnBlue\">Rapport annuel 2022<\/a>\n                                  <\/div>\n\n              <\/div>\n            <\/div>\n                      <div class=\"publicationBlock\">\n              <div class=\"publicationBox\">\n                \n                <figure><img decoding=\"async\" data-src=\"https:\/\/edm.ch\/wp-content\/uploads\/2023\/08\/3-1.png\" src=\"data:image\/svg+xml;base64,PHN2ZyB3aWR0aD0iMSIgaGVpZ2h0PSIxIiB4bWxucz0iaHR0cDovL3d3dy53My5vcmcvMjAwMC9zdmciPjwvc3ZnPg==\" class=\"lazyload\" style=\"--smush-placeholder-width: 430px; --smush-placeholder-aspect-ratio: 430\/496;\" data-srcset=\"https:\/\/edm.ch\/wp-content\/uploads\/2023\/08\/3-1.png 430w, https:\/\/edm.ch\/wp-content\/uploads\/2023\/08\/3-1-260x300.png 260w\" data-sizes=\"auto\" data-original-sizes=\"(max-width: 430px) 100vw, 430px\"><\/figure>\n\n                <div class=\"publicationLink\">\n                                      <a href=\"https:\/\/edm.ch\/wp-content\/uploads\/2023\/11\/Rapport_reviseurs_2022.pdf\" class=\"btnBlue\">Rapport des r\u00e9viseurs 2022<\/a>\n                                  <\/div>\n\n              <\/div>\n            <\/div>\n                      <div class=\"publicationBlock\">\n              <div class=\"publicationBox\">\n                \n                <figure><img decoding=\"async\" data-src=\"https:\/\/edm.ch\/wp-content\/uploads\/2023\/08\/Mai-2022-1.png\" src=\"data:image\/svg+xml;base64,PHN2ZyB3aWR0aD0iMSIgaGVpZ2h0PSIxIiB4bWxucz0iaHR0cDovL3d3dy53My5vcmcvMjAwMC9zdmciPjwvc3ZnPg==\" class=\"lazyload\" style=\"--smush-placeholder-width: 900px; --smush-placeholder-aspect-ratio: 900\/600;\" data-srcset=\"https:\/\/edm.ch\/wp-content\/uploads\/2023\/08\/Mai-2022-1.png 900w, https:\/\/edm.ch\/wp-content\/uploads\/2023\/08\/Mai-2022-1-300x200.png 300w, https:\/\/edm.ch\/wp-content\/uploads\/2023\/08\/Mai-2022-1-768x512.png 768w\" data-sizes=\"auto\" data-original-sizes=\"(max-width: 900px) 100vw, 900px\"><\/figure>\n\n                <div class=\"publicationLink\">\n                                      <a href=\"https:\/\/edm.ch\/wp-content\/uploads\/2023\/08\/Rapport-annuel-2021.pdf\" class=\"btnBlue\">Rapport annuel 2021<\/a>\n                                  <\/div>\n\n              <\/div>\n            <\/div>\n                      <div class=\"publicationBlock\">\n              <div class=\"publicationBox\">\n                \n                <figure><img decoding=\"async\" data-src=\"https:\/\/edm.ch\/wp-content\/uploads\/2023\/08\/2-1.png\" src=\"data:image\/svg+xml;base64,PHN2ZyB3aWR0aD0iMSIgaGVpZ2h0PSIxIiB4bWxucz0iaHR0cDovL3d3dy53My5vcmcvMjAwMC9zdmciPjwvc3ZnPg==\" class=\"lazyload\" style=\"--smush-placeholder-width: 430px; --smush-placeholder-aspect-ratio: 430\/496;\" data-srcset=\"https:\/\/edm.ch\/wp-content\/uploads\/2023\/08\/2-1.png 430w, https:\/\/edm.ch\/wp-content\/uploads\/2023\/08\/2-1-260x300.png 260w\" data-sizes=\"auto\" data-original-sizes=\"(max-width: 430px) 100vw, 430px\"><\/figure>\n\n                <div class=\"publicationLink\">\n                                      <a href=\"https:\/\/edm.ch\/wp-content\/uploads\/2023\/11\/EnfantsDuMonde_RapportReviseurs2021_FR.pdf\" class=\"btnBlue\">Rapport des r\u00e9viseurs 2021<\/a>\n                                  <\/div>\n\n              <\/div>\n            <\/div>\n                      <div class=\"publicationBlock\">\n              <div class=\"publicationBox\">\n                \n                <figure><img decoding=\"async\" data-src=\"https:\/\/edm.ch\/wp-content\/uploads\/2023\/08\/Enfants_du_monde_website_image_rapport_annuel_2020.jpg\" src=\"data:image\/svg+xml;base64,PHN2ZyB3aWR0aD0iMSIgaGVpZ2h0PSIxIiB4bWxucz0iaHR0cDovL3d3dy53My5vcmcvMjAwMC9zdmciPjwvc3ZnPg==\" class=\"lazyload\" style=\"--smush-placeholder-width: 700px; --smush-placeholder-aspect-ratio: 700\/521;\" data-srcset=\"https:\/\/edm.ch\/wp-content\/uploads\/2023\/08\/Enfants_du_monde_website_image_rapport_annuel_2020.jpg 700w, https:\/\/edm.ch\/wp-content\/uploads\/2023\/08\/Enfants_du_monde_website_image_rapport_annuel_2020-300x223.jpg 300w\" data-sizes=\"auto\" data-original-sizes=\"(max-width: 700px) 100vw, 700px\"><\/figure>\n\n                <div class=\"publicationLink\">\n                                      <a href=\"https:\/\/edm.ch\/wp-content\/uploads\/2023\/08\/Rapport-annuel-2020.pdf\" class=\"btnBlue\">Rapport annuel 2020<\/a>\n                                  <\/div>\n\n              <\/div>\n            <\/div>\n                      <div class=\"publicationBlock\">\n              <div class=\"publicationBox\">\n                \n                <figure><img decoding=\"async\" data-src=\"https:\/\/edm.ch\/wp-content\/uploads\/2023\/08\/Nouveau-site_Page-de-garde-docs-2.png\" src=\"data:image\/svg+xml;base64,PHN2ZyB3aWR0aD0iMSIgaGVpZ2h0PSIxIiB4bWxucz0iaHR0cDovL3d3dy53My5vcmcvMjAwMC9zdmciPjwvc3ZnPg==\" class=\"lazyload\" style=\"--smush-placeholder-width: 430px; --smush-placeholder-aspect-ratio: 430\/496;\" data-srcset=\"https:\/\/edm.ch\/wp-content\/uploads\/2023\/08\/Nouveau-site_Page-de-garde-docs-2.png 430w, https:\/\/edm.ch\/wp-content\/uploads\/2023\/08\/Nouveau-site_Page-de-garde-docs-2-260x300.png 260w\" data-sizes=\"auto\" data-original-sizes=\"(max-width: 430px) 100vw, 430px\"><\/figure>\n\n                <div class=\"publicationLink\">\n                                      <a href=\"https:\/\/edm.ch\/wp-content\/uploads\/2023\/11\/EnfantsDuMonde_RapportReviseurs2020_FR.pdf\" class=\"btnBlue\">Rapport des r\u00e9viseurs 2020<\/a>\n                                  <\/div>\n\n              <\/div>\n            <\/div>\n                      <div class=\"publicationBlock\">\n              <div class=\"publicationBox\">\n                \n                <figure><img decoding=\"async\" data-src=\"https:\/\/edm.ch\/wp-content\/uploads\/2023\/08\/Enfants_du_monde-wesbite_rapportannuel2019.jpg\" src=\"data:image\/svg+xml;base64,PHN2ZyB3aWR0aD0iMSIgaGVpZ2h0PSIxIiB4bWxucz0iaHR0cDovL3d3dy53My5vcmcvMjAwMC9zdmciPjwvc3ZnPg==\" class=\"lazyload\" style=\"--smush-placeholder-width: 700px; --smush-placeholder-aspect-ratio: 700\/499;\" data-srcset=\"https:\/\/edm.ch\/wp-content\/uploads\/2023\/08\/Enfants_du_monde-wesbite_rapportannuel2019.jpg 700w, https:\/\/edm.ch\/wp-content\/uploads\/2023\/08\/Enfants_du_monde-wesbite_rapportannuel2019-300x214.jpg 300w\" data-sizes=\"auto\" data-original-sizes=\"(max-width: 700px) 100vw, 700px\"><\/figure>\n\n                <div class=\"publicationLink\">\n                                      <a href=\"https:\/\/edm.ch\/wp-content\/uploads\/2023\/08\/Rapport-annuel-2019.pdf\" class=\"btnBlue\">Rapport annuel 2019<\/a>\n                                  <\/div>\n\n              <\/div>\n            <\/div>\n                      <div class=\"publicationBlock\">\n              <div class=\"publicationBox\">\n                \n                <figure><img decoding=\"async\" data-src=\"https:\/\/edm.ch\/wp-content\/uploads\/2023\/08\/2-2.png\" src=\"data:image\/svg+xml;base64,PHN2ZyB3aWR0aD0iMSIgaGVpZ2h0PSIxIiB4bWxucz0iaHR0cDovL3d3dy53My5vcmcvMjAwMC9zdmciPjwvc3ZnPg==\" class=\"lazyload\" style=\"--smush-placeholder-width: 430px; --smush-placeholder-aspect-ratio: 430\/496;\" data-srcset=\"https:\/\/edm.ch\/wp-content\/uploads\/2023\/08\/2-2.png 430w, https:\/\/edm.ch\/wp-content\/uploads\/2023\/08\/2-2-260x300.png 260w\" data-sizes=\"auto\" data-original-sizes=\"(max-width: 430px) 100vw, 430px\"><\/figure>\n\n                <div class=\"publicationLink\">\n                                      <a href=\"https:\/\/edm.ch\/wp-content\/uploads\/2023\/11\/EnfantsDuMonde_RapportReviseurs_2019_FR.pdf\" class=\"btnBlue\">Rapport des r\u00e9viseurs 2019<\/a>\n                                  <\/div>\n\n              <\/div>\n            <\/div>\n                      <div class=\"publicationBlock\">\n              <div class=\"publicationBox\">\n                \n                <figure><img decoding=\"async\" data-src=\"https:\/\/edm.ch\/wp-content\/uploads\/2023\/08\/Capture-decran-2023-08-19-a-09.52.02-1.jpg\" src=\"data:image\/svg+xml;base64,PHN2ZyB3aWR0aD0iMSIgaGVpZ2h0PSIxIiB4bWxucz0iaHR0cDovL3d3dy53My5vcmcvMjAwMC9zdmciPjwvc3ZnPg==\" class=\"lazyload\" style=\"--smush-placeholder-width: 500px; --smush-placeholder-aspect-ratio: 500\/353;\" data-srcset=\"https:\/\/edm.ch\/wp-content\/uploads\/2023\/08\/Capture-decran-2023-08-19-a-09.52.02-1.jpg 500w, https:\/\/edm.ch\/wp-content\/uploads\/2023\/08\/Capture-decran-2023-08-19-a-09.52.02-1-300x212.jpg 300w\" data-sizes=\"auto\" data-original-sizes=\"(max-width: 500px) 100vw, 500px\"><\/figure>\n\n                <div class=\"publicationLink\">\n                                      <a href=\"https:\/\/edm.ch\/wp-content\/uploads\/2023\/08\/Rapport-annuel-2018.pdf\" class=\"btnBlue\">Rapport annuel 2018<\/a>\n                                  <\/div>\n\n              <\/div>\n            <\/div>\n                      <div class=\"publicationBlock\">\n              <div class=\"publicationBox\">\n                \n                <figure><img decoding=\"async\" data-src=\"https:\/\/edm.ch\/wp-content\/uploads\/2023\/08\/1-3.png\" src=\"data:image\/svg+xml;base64,PHN2ZyB3aWR0aD0iMSIgaGVpZ2h0PSIxIiB4bWxucz0iaHR0cDovL3d3dy53My5vcmcvMjAwMC9zdmciPjwvc3ZnPg==\" class=\"lazyload\" style=\"--smush-placeholder-width: 430px; --smush-placeholder-aspect-ratio: 430\/496;\" data-srcset=\"https:\/\/edm.ch\/wp-content\/uploads\/2023\/08\/1-3.png 430w, https:\/\/edm.ch\/wp-content\/uploads\/2023\/08\/1-3-260x300.png 260w\" data-sizes=\"auto\" data-original-sizes=\"(max-width: 430px) 100vw, 430px\"><\/figure>\n\n                <div class=\"publicationLink\">\n                                      <a href=\"https:\/\/edm.ch\/wp-content\/uploads\/2023\/11\/edm-rapport-annuel-comptes-audit-2018.pdf\" class=\"btnBlue\">Rapport des r\u00e9viseurs 2018<\/a>\n                                  <\/div>\n\n              <\/div>\n            <\/div>\n                  <\/div>\n      <\/div>\n      <\/section>","protected":false},"excerpt":{"rendered":"","protected":false},"author":1,"featured_media":0,"parent":0,"menu_order":0,"comment_status":"closed","ping_status":"closed","template":"","meta":{"_acf_changed":false,"inline_featured_image":false,"footnotes":""},"class_list":["post-1209","page","type-page","status-publish","hentry"],"acf":[],"yoast_head":"<!-- This site is optimized with the Yoast SEO plugin v26.9 - https:\/\/yoast.com\/product\/yoast-seo-wordpress\/ -->\n<title>Rapports annuels - Enfants du Monde<\/title>\n<meta name=\"description\" content=\"Chaque ann\u00e9e, d\u00e9couvrez notre rapport annuel et les r\u00e9sultats de nos projets d&#039;\u00e9ducation et de sant\u00e9 dans le monde.\" \/>\n<meta name=\"robots\" content=\"index, follow, max-snippet:-1, max-image-preview:large, max-video-preview:-1\" \/>\n<link rel=\"canonical\" href=\"https:\/\/edm.ch\/fr\/rapports-annuels\/\" \/>\n<meta property=\"og:locale\" content=\"fr_FR\" \/>\n<meta property=\"og:type\" content=\"article\" \/>\n<meta property=\"og:title\" content=\"Rapports annuels - Enfants du Monde\" \/>\n<meta property=\"og:description\" content=\"Chaque ann\u00e9e, d\u00e9couvrez notre rapport annuel et les r\u00e9sultats de nos projets d&#039;\u00e9ducation et de sant\u00e9 dans le monde.\" \/>\n<meta property=\"og:url\" content=\"https:\/\/edm.ch\/fr\/rapports-annuels\/\" \/>\n<meta property=\"og:site_name\" content=\"Enfants du monde\" \/>\n<meta property=\"article:modified_time\" content=\"2024-07-16T08:20:17+00:00\" \/>\n<meta name=\"twitter:card\" content=\"summary_large_image\" \/>\n<script type=\"application\/ld+json\" class=\"yoast-schema-graph\">{\"@context\":\"https:\/\/schema.org\",\"@graph\":[{\"@type\":\"WebPage\",\"@id\":\"https:\/\/edm.ch\/fr\/rapports-annuels\/\",\"url\":\"https:\/\/edm.ch\/fr\/rapports-annuels\/\",\"name\":\"Rapports annuels - Enfants du Monde\",\"isPartOf\":{\"@id\":\"https:\/\/edm.ch\/en\/#website\"},\"datePublished\":\"2023-08-09T15:24:12+00:00\",\"dateModified\":\"2024-07-16T08:20:17+00:00\",\"description\":\"Chaque ann\u00e9e, d\u00e9couvrez notre rapport annuel et les r\u00e9sultats de nos projets d'\u00e9ducation et de sant\u00e9 dans le monde.\",\"inLanguage\":\"fr-FR\",\"potentialAction\":[{\"@type\":\"ReadAction\",\"target\":[\"https:\/\/edm.ch\/fr\/rapports-annuels\/\"]}]},{\"@type\":\"WebSite\",\"@id\":\"https:\/\/edm.ch\/en\/#website\",\"url\":\"https:\/\/edm.ch\/en\/\",\"name\":\"Enfants du monde\",\"description\":\"Association suisse\",\"potentialAction\":[{\"@type\":\"SearchAction\",\"target\":{\"@type\":\"EntryPoint\",\"urlTemplate\":\"https:\/\/edm.ch\/en\/?s={search_term_string}\"},\"query-input\":{\"@type\":\"PropertyValueSpecification\",\"valueRequired\":true,\"valueName\":\"search_term_string\"}}],\"inLanguage\":\"fr-FR\"}]}<\/script>\n<!-- \/ Yoast SEO plugin. -->","yoast_head_json":{"title":"Rapports annuels - Enfants du Monde","description":"Chaque ann\u00e9e, d\u00e9couvrez notre rapport annuel et les r\u00e9sultats de nos projets d'\u00e9ducation et de sant\u00e9 dans le monde.","robots":{"index":"index","follow":"follow","max-snippet":"max-snippet:-1","max-image-preview":"max-image-preview:large","max-video-preview":"max-video-preview:-1"},"canonical":"https:\/\/edm.ch\/fr\/rapports-annuels\/","og_locale":"fr_FR","og_type":"article","og_title":"Rapports annuels - Enfants du Monde","og_description":"Chaque ann\u00e9e, d\u00e9couvrez notre rapport annuel et les r\u00e9sultats de nos projets d'\u00e9ducation et de sant\u00e9 dans le monde.","og_url":"https:\/\/edm.ch\/fr\/rapports-annuels\/","og_site_name":"Enfants du monde","article_modified_time":"2024-07-16T08:20:17+00:00","twitter_card":"summary_large_image","schema":{"@context":"https:\/\/schema.org","@graph":[{"@type":"WebPage","@id":"https:\/\/edm.ch\/fr\/rapports-annuels\/","url":"https:\/\/edm.ch\/fr\/rapports-annuels\/","name":"Rapports annuels - Enfants du Monde","isPartOf":{"@id":"https:\/\/edm.ch\/en\/#website"},"datePublished":"2023-08-09T15:24:12+00:00","dateModified":"2024-07-16T08:20:17+00:00","description":"Chaque ann\u00e9e, d\u00e9couvrez notre rapport annuel et les r\u00e9sultats de nos projets d'\u00e9ducation et de sant\u00e9 dans le monde.","inLanguage":"fr-FR","potentialAction":[{"@type":"ReadAction","target":["https:\/\/edm.ch\/fr\/rapports-annuels\/"]}]},{"@type":"WebSite","@id":"https:\/\/edm.ch\/en\/#website","url":"https:\/\/edm.ch\/en\/","name":"Enfants du monde","description":"Association suisse","potentialAction":[{"@type":"SearchAction","target":{"@type":"EntryPoint","urlTemplate":"https:\/\/edm.ch\/en\/?s={search_term_string}"},"query-input":{"@type":"PropertyValueSpecification","valueRequired":true,"valueName":"search_term_string"}}],"inLanguage":"fr-FR"}]}},"_links":{"self":[{"href":"https:\/\/edm.ch\/fr\/wp-json\/wp\/v2\/pages\/1209","targetHints":{"allow":["GET"]}}],"collection":[{"href":"https:\/\/edm.ch\/fr\/wp-json\/wp\/v2\/pages"}],"about":[{"href":"https:\/\/edm.ch\/fr\/wp-json\/wp\/v2\/types\/page"}],"author":[{"embeddable":true,"href":"https:\/\/edm.ch\/fr\/wp-json\/wp\/v2\/users\/1"}],"replies":[{"embeddable":true,"href":"https:\/\/edm.ch\/fr\/wp-json\/wp\/v2\/comments?post=1209"}],"version-history":[{"count":35,"href":"https:\/\/edm.ch\/fr\/wp-json\/wp\/v2\/pages\/1209\/revisions"}],"predecessor-version":[{"id":29885,"href":"https:\/\/edm.ch\/fr\/wp-json\/wp\/v2\/pages\/1209\/revisions\/29885"}],"wp:attachment":[{"href":"https:\/\/edm.ch\/fr\/wp-json\/wp\/v2\/media?parent=1209"}],"curies":[{"name":"wp","href":"https:\/\/api.w.org\/{rel}","templated":true}]}}