{"id":10855,"date":"2023-08-24T13:02:34","date_gmt":"2023-08-24T13:02:34","guid":{"rendered":"https:\/\/edm.ch\/?page_id=10855"},"modified":"2024-02-08T16:49:48","modified_gmt":"2024-02-08T16:49:48","slug":"conditions-generales-dutilisation","status":"publish","type":"page","link":"https:\/\/edm.ch\/fr\/conditions-generales-dutilisation\/","title":{"rendered":"Conditions g\u00e9n\u00e9rales d&rsquo;utilisation"},"content":{"rendered":"<section class=\"subpageBanner\" style=\"display:\">\n    <div class=\"subpageBannerBlock figure_block\">\n        <img decoding=\"async\" data-src=\"https:\/\/edm.ch\/wp-content\/uploads\/2023\/08\/Enfants-du-Monde_website_1920x1920_1432.png\" src=\"data:image\/svg+xml;base64,PHN2ZyB3aWR0aD0iMSIgaGVpZ2h0PSIxIiB4bWxucz0iaHR0cDovL3d3dy53My5vcmcvMjAwMC9zdmciPjwvc3ZnPg==\" class=\"lazyload\" style=\"--smush-placeholder-width: 1920px; --smush-placeholder-aspect-ratio: 1920\/1920;\" data-srcset=\"https:\/\/edm.ch\/wp-content\/uploads\/2023\/08\/Enfants-du-Monde_website_1920x1920_1432.png 1920w, https:\/\/edm.ch\/wp-content\/uploads\/2023\/08\/Enfants-du-Monde_website_1920x1920_1432-300x300.png 300w, https:\/\/edm.ch\/wp-content\/uploads\/2023\/08\/Enfants-du-Monde_website_1920x1920_1432-1024x1024.png 1024w, https:\/\/edm.ch\/wp-content\/uploads\/2023\/08\/Enfants-du-Monde_website_1920x1920_1432-150x150.png 150w, https:\/\/edm.ch\/wp-content\/uploads\/2023\/08\/Enfants-du-Monde_website_1920x1920_1432-768x768.png 768w, https:\/\/edm.ch\/wp-content\/uploads\/2023\/08\/Enfants-du-Monde_website_1920x1920_1432-1536x1536.png 1536w\" data-sizes=\"auto\" data-original-sizes=\"(max-width: 1920px) 100vw, 1920px\" \/>\n        <div class=\"subpageBannerWrap\">\n            <div class=\"container\">\n                <div class=\"content\">\n                    <div>\n                        <span class=\"bannerHead\"><\/span>\n                        <h1>Conditions g\u00e9n\u00e9rales d&rsquo;utilisation<\/h1>\n                    <\/div>\n                                    <\/div>\n            <\/div>\n        <\/div>\n            <\/div>\n<\/section>\n<script type=\"text\/javascript\">\n    jQuery(document).ready(function ($) {\n        \/\/ Check if the block exists\n        var bannerSection = $('#subpage-banner-section');\n\n        if (bannerSection.length > 0) {\n            \/\/ Move the block to the end of <main> just before the footer\n            $('main').append(bannerSection); \/\/ This will append it inside the <main> tag\n        }\n\n        $('.documentAccordion').on('click', function (e) {\n            e.preventDefault();  \/\/ Prevent default link action\n\n            \/\/ Target the section with the given ID\n            $('html, body').animate({\n                scrollTop: $('#subpage-banner-section').offset().top - 200\n            }, 1000);\n        });\n    });\n<\/script>\n\n        <section class=\"contentSec\" style=\"display:\">\n        <div class=\"container\">\n            <div class=\"contentBlock\">\n                <h5>ARTICLE 1 : OBJET<\/h5>\n                <p>Les pr\u00e9sentes Conditions G\u00e9n\u00e9rales d\u2019Utilisation (les \u00ab\u00a0CGU\u00a0\u00bb) encadrent juridiquement l\u2019utilisation des services du Site www.edm.ch (le \u00ab\u00a0Site\u00a0\u00bb). Ce contrat est conclu entre le g\u00e9rant du Site internet, soit l\u2019association Enfants du Monde (l&rsquo;\u00a0\u00bb\u00c9diteur\u00a0\u00bb), et toute personne physique ou morale souhaitant acc\u00e9der au Site et \u00e0 ses services (l\u2019\u00a0\u00bbUtilisateur\/trice\u00a0\u00bb). Les CGU doivent \u00eatre accept\u00e9es par tout\/e Utilisateur\/trice, dont l&rsquo;acc\u00e8s au Site vaut acceptation des pr\u00e9sentes CGU.<\/p>\n                            <\/div>\n        <\/div>\n    <\/section>\n\n        <section class=\"contentSec\" style=\"display:\">\n        <div class=\"container\">\n            <div class=\"contentBlock\">\n                <h5>ARTICLE 2 : MENTIONS LEGALES<\/h5>\n                <h5>\u00c9dition et r\u00e9daction<\/h5>\n<p><strong>Enfants du Monde<\/strong><br \/>\nEquipe de Communication et Recherche de fonds<br \/>\nRoute de Ferney 150 &#8211; 1218 Le Grand-Saconnex, Suisse<br \/>\nT\u00e9l\u00e9phone :\u00a0<a href=\"tel:+41227988881\">+41 22 798 88 81<\/a><br \/>\nEmail :\u00a0<a href=\"mailto:info@edm.ch\" target=\"_blank\" rel=\"noopener\">info@edm.ch<\/a><br \/>\nN\u00b0 d\u2019identification de l\u2019entreprise au Registre du Commerce suisse : 107.976.084<\/p>\n<h5>H\u00e9bergement<\/h5>\n<p><strong>Infomaniak Network SA<\/strong><br \/>\nRue Eug\u00e8ne-Marziano 25 &#8211; 1227 Gen\u00e8ve, Suisse<br \/>\n<a href=\"https:\/\/www.infomaniak.com\/\" target=\"_blank\" rel=\"noopener\">https:\/\/www.infomaniak.com<\/a><\/p>\n<h5>Cr\u00e9ation et d\u00e9veloppement<\/h5>\n<p><strong>App\u2019n Web S\u00e0rl<\/strong><br \/>\n14, av. du Vieux-Bourg &#8211; 1225 Ch\u00eane-Bourg, Suisse<br \/>\n<a href=\"https:\/\/app-n-web.ch\/\" target=\"_blank\" rel=\"noopener\">https:\/\/app-n-web.ch<\/a><\/p>\n<h5>Concept et graphisme<\/h5>\n<p><strong>8bitstudio S\u00e0rl<\/strong><br \/>\nAvenue de Beaulieu 3 &#8211; Case postale 274 &#8211; 1000 Lausanne 22, Suisse<br \/>\n<a href=\"https:\/\/www.8bitstudio.ch\/\" target=\"_blank\" rel=\"noopener\">https:\/\/www.8bitstudio.ch<\/a><\/p>\n                            <\/div>\n        <\/div>\n    <\/section>\n\n        <section class=\"contentSec\" style=\"display:\">\n        <div class=\"container\">\n            <div class=\"contentBlock\">\n                <h5>ARTICLE 3 : ACCES AU SITE<\/h5>\n                <p>Le Site permet d\u2019acc\u00e9der gratuitement aux services suivants :<\/p>\n<ul>\n<li>Informations sur l\u2019association et ses programmes ;<\/li>\n<li>Informations sur les diff\u00e9rentes mani\u00e8res de soutenir l\u2019association ;<\/li>\n<li>Mat\u00e9riel p\u00e9dagogique pour le corps enseignant ;<\/li>\n<li>Publications de l\u2019association (ex : actualit\u00e9s, rapports annuels, journaux trimestriels) ;<\/li>\n<li>Banque d\u2019images et de vid\u00e9os ;<\/li>\n<li>Offres d\u2019emploi ;<\/li>\n<li>Inscription \u00e0 la newsletter de l\u2019association ;<\/li>\n<li>Formulaire de versement de dons en ligne ;<\/li>\n<li>Formulaire de demande de documentation.<\/li>\n<\/ul>\n<p>Le Site est accessible gratuitement depuis n\u2019importe o\u00f9 par tout\/e Utilisateur\/trice disposant d\u2019un acc\u00e8s \u00e0 Internet. Tous les frais n\u00e9cessaires pour l\u2019acc\u00e8s aux services (mat\u00e9riel informatique, connexion Internet\u2026) sont \u00e0 la charge de l\u2019Utilisateur\/trice.<br \/>\nLe Site et ses diff\u00e9rents services peuvent \u00eatre interrompus ou suspendus par l\u2019\u00c9diteur, notamment \u00e0 l\u2019occasion d\u2019une maintenance, sans obligation de pr\u00e9avis ou de justification.<\/p>\n                            <\/div>\n        <\/div>\n    <\/section>\n\n        <section class=\"contentSec\" style=\"display:\">\n        <div class=\"container\">\n            <div class=\"contentBlock\">\n                <h5>ARTICLE 4 : VERIFICATION DES INFORMATIONS<\/h5>\n                <p>L\u2019\u00c9diteur attache une grande importance \u00e0 la qualit\u00e9 des contenus publi\u00e9s sur le Site. Il s\u2019efforce de v\u00e9rifier que les informations accessibles sur son Site soient exactes au moment de leur publication.<br \/>\nDans la mesure du possible, il indique les sources d\u2019information externes. Bien que les informations publi\u00e9es sur le Site soient r\u00e9put\u00e9es fiables, l\u2019\u00c9diteur ne donne n\u00e9anmoins ni assurance ni garantie concernant leur exactitude et leur exhaustivit\u00e9 et d\u00e9nie toute responsabilit\u00e9<br \/>\nLes contenus du Site peuvent rediriger vers des sites internet tiers par des liens hypertextes. En cliquant sur ces derniers, l\u2019Utilisateur\/trice sortira de la plateforme. L\u2019\u00c9diteur n&rsquo;examine aucun de ces sites internet tiers dont le lien figure sur le Site et ne garantit en aucun cas, que ce soit express\u00e9ment ou implicitement, la qualit\u00e9, la pertinence, l\u2019exactitude, l\u2019exhaustivit\u00e9, l\u2019actualisation, la disponibilit\u00e9 ou la l\u00e9galit\u00e9 du contenu de ces sites, et ne sera aucun cas responsable des produits, services, informations et autres contenus propos\u00e9s par ces sites internet tiers dont le lien figure sur le Site. Il en va de m\u00eame pour les sites internet tiers proposant des liens vers le Site.<\/p>\n                            <\/div>\n        <\/div>\n    <\/section>\n\n        <section class=\"contentSec\" style=\"display:\">\n        <div class=\"container\">\n            <div class=\"contentBlock\">\n                <h5>ARTICLE 5 : MODIFICATION DU SITE<\/h5>\n                <p>L\u2019\u00c9diteur se r\u00e9serve le droit de modifier le Site, y compris les pr\u00e9sentes CGU, la\u00a0<a href=\"https:\/\/www.edm.ch\/fr\/protection-donnees\/\" target=\"_blank\" rel=\"noopener\">Politique de protection des donn\u00e9es<\/a>, les informations et les prestations de services publi\u00e9es sur ce Site, ce en tout temps et sans annonce pr\u00e9alable.<\/p>\n                            <\/div>\n        <\/div>\n    <\/section>\n\n        <section class=\"contentSec\" style=\"display:\">\n        <div class=\"container\">\n            <div class=\"contentBlock\">\n                <h5>ARTICLE 6 : PROPRIETE INTELLECTUELLE<\/h5>\n                <p>Le contenu du Site, y compris, mais non exclusivement, les textes, les marques, les logos, les sch\u00e9mas, les photographies, les vid\u00e9os, les fichiers audios, la musique, la mise en page, les motifs, le savoir-faire, les technologies, les produits et les proc\u00e9d\u00e9s, appartient \u00e0 l\u2019\u00c9diteur ou est utilis\u00e9s avec l\u2019autorisation de ses propri\u00e9taires respectifs, et est par cons\u00e9quent prot\u00e9g\u00e9 par le droit d\u2019auteur, les marques d\u00e9pos\u00e9es, les brevets et tous les autres droits de propri\u00e9t\u00e9 intellectuelle ou industrielle qui existent en vertu de la loi applicable (tous droits r\u00e9serv\u00e9s).<br \/>\nToute autre utilisation, totale ou partielle et par quelque moyen que ce soit, y compris la reproduction, la modification, la distribution, la transmission ou la diffusion du contenu du Site, est strictement interdite, sauf accord \u00e9crit pr\u00e9alable de l\u2019\u00c9diteur.<br \/>\nSont r\u00e9serv\u00e9es, dans les limites des dispositions l\u00e9gales applicables du droit suisse, les exceptions pr\u00e9vues par la loi f\u00e9d\u00e9rale sur le droit d\u2019auteur et les droits voisins.<br \/>\nL\u2019\u00c9diteur ne garantit en aucune fa\u00e7on ni ne d\u00e9clare que l\u2019utilisation du contenu figurant sur le Site par l\u2019Utilisateur\/trice ne portera pas atteinte aux droits de tiers.<\/p>\n                            <\/div>\n        <\/div>\n    <\/section>\n\n        <section class=\"contentSec\" style=\"display:\">\n        <div class=\"container\">\n            <div class=\"contentBlock\">\n                <h5>ARTICLE 7 : RESPONSABILITE<\/h5>\n                <p>L\u2019Utilisateur\/trice reconna\u00eet et accepte que, dans la mesure permise par la r\u00e9glementation applicable, l\u2019\u00c9diteur, ses responsables, employ\u00e9s ou agents, ni aucune autre partie impliqu\u00e9e dans la cr\u00e9ation, la production ou la livraison du Site, ne pourront en aucun cas \u00eatre tenus responsables d\u2019un \u00e9ventuel dommage direct ou indirect (m\u00eame si la survenance d\u2019un tel dommage \u00e9tait connue ou aurait pu \u00eatre connue de l\u2019\u00c9diteur), susceptible de r\u00e9sulter de l\u2019acc\u00e8s au Site ou de l\u2019utilisation de celui-ci.<br \/>\nTous les documents t\u00e9l\u00e9charg\u00e9s ou obtenus par tout autre moyen lors de l&rsquo;utilisation du Site le sont sous l\u2019enti\u00e8re responsabilit\u00e9 de l\u2019Utilisateur\/trice. L\u2019\u00c9diteur ne peut pas \u00eatre tenu responsable des dommages ou virus qui pourraient affecter l\u2019\u00e9quipement informatique ou autre propri\u00e9t\u00e9 de l\u2019Utilisateur\/trice en raison de votre acc\u00e8s, utilisation ou t\u00e9l\u00e9chargement de tout mat\u00e9riel provenant du Site ou pour toute intrusion ou intervention ill\u00e9gale dans les syst\u00e8mes informatiques.<br \/>\nL\u2019\u00c9diteur s&rsquo;engage \u00e0 mettre en \u0153uvre tous les moyens n\u00e9cessaires pour garantir la s\u00e9curit\u00e9 et la confidentialit\u00e9 des donn\u00e9es. Toutefois, il n\u2019apporte pas une garantie de s\u00e9curit\u00e9 totale.<\/p>\n                            <\/div>\n        <\/div>\n    <\/section>\n\n        <section class=\"contentSec\" style=\"display:\">\n        <div class=\"container\">\n            <div class=\"contentBlock\">\n                <h5>ARTICLE 8 : COLLECTE DES DONNEES PERSONNELLES<\/h5>\n                <p>En acc\u00e9dant au Site, l\u2019Utilisateur\/trice du Site est amen\u00e9\/e \u00e0 transmettre des informations personnelles \u00e0 l\u2019\u00c9diteur. Certaines donn\u00e9es sont collect\u00e9es automatiquement du fait de la navigation de l\u2019Utilisateur\/trice sur le Site (cf. Utilisation de cookies ci-dessous), d\u2019autres sont renseign\u00e9es manuellement par l\u2019Utilisateur\/trice lors des actions suivantes :<\/p>\n<ul>\n<li>En s\u2019abonnant \u00e0 la newsletter ;<\/li>\n<li>En remplissant l\u2019un des formulaires pr\u00e9sents sur le Site ;<\/li>\n<li>En faisant une demande de documentation ;<\/li>\n<li>En devenant membre ;<\/li>\n<li>En faisant un don.<\/li>\n<\/ul>\n<p>Pour en savoir plus sur le traitement des donn\u00e9es personnelles de l\u2019Utilisateur\/trice, se r\u00e9f\u00e9rer \u00e0 la\u00a0<a href=\"https:\/\/www.edm.ch\/fr\/protection-donnees\/\" target=\"_blank\" rel=\"noopener\">Politique de protection des donn\u00e9es<\/a>.<\/p>\n                            <\/div>\n        <\/div>\n    <\/section>\n\n        <section class=\"contentSec\" style=\"display:\">\n        <div class=\"container\">\n            <div class=\"contentBlock\">\n                <h5>ARTICLE 9 : UTILISATION DE COOKIES<\/h5>\n                <p>Afin d\u2019am\u00e9liorer l\u2019exp\u00e9rience de l\u2019Utilisateur\/trice, l\u2019installation automatique d\u2019un cookie sur le logiciel de navigation de l\u2019Utilisateur\/trice peut survenir.<br \/>\nLes cookies correspondent \u00e0 de petits fichiers d\u00e9pos\u00e9s temporairement sur le disque dur de l\u2019ordinateur de l\u2019Utilisateur\/trice. Ces cookies sont n\u00e9cessaires pour assurer l\u2019accessibilit\u00e9 et la navigation sur le Site. Ces fichiers ne comportent pas d\u2019informations personnelles et ne peuvent pas \u00eatre utilis\u00e9s pour l\u2019identification d\u2019une personne.<\/p>\n                            <\/div>\n        <\/div>\n    <\/section>\n\n        <section class=\"contentSec\" style=\"display:\">\n        <div class=\"container\">\n            <div class=\"contentBlock\">\n                <h5>ARTICLE 10 : PAIEMENT EN LIGNE<\/h5>\n                <p>L\u2019Utilisateur\/trice peut faire un don \u00e0 l\u2019association Enfants du Monde via le formulaire de don accessible sur le Site :\u00a0<a href=\"https:\/\/don.edm.ch\/fr.\" target=\"_blank\" rel=\"noopener\">https:\/\/don.edm.ch\/fr<\/a><br \/>\nLes dons en ligne sont trait\u00e9s via le module de paiement Postfinance E-Payment. Avec Postfinance E-Payment, la s\u00e9curit\u00e9 des donn\u00e9es est garantie par un syst\u00e8me constitu\u00e9 de plusieurs barri\u00e8res de s\u00e9curit\u00e9 ainsi que de processus de cryptage complexes.<br \/>\nL\u2019\u00c9diteur ne conserve aucune information de paiement (ex : num\u00e9ro de carte de cr\u00e9dit). Les donn\u00e9es de paiement sont trait\u00e9es avec soin, transmises de fa\u00e7on crypt\u00e9e et non stock\u00e9es chez l\u2019\u00c9diteur.<br \/>\nMerci de tenir compte aussi de la Politique de protection des donn\u00e9es du prestataire de service Postfinance.<br \/>\nEnfants du Monde accepte les paiements par cartes de cr\u00e9dit MasterCard ou Visa et par la PostFinance Card. Les conditions de r\u00e9tractation sont r\u00e9gies par le fournisseur de carte de cr\u00e9dit. En outre, pour les dons pay\u00e9s par Visa ou MasterCard, une commission comprise entre 2.3% et 3% du montant du don sera d\u00e9duite par l&rsquo;\u00e9tablissement bancaire pour les frais de traitement, avec un minimum de 0.22 CHF.<br \/>\nSi une erreur est survenue lors du choix du montant du don, l\u2019Utilisateur\/trice peut contacter l\u2019\u00c9diteur par email \u00e0\u00a0<a href=\"mailto:info@edm.ch\" target=\"_blank\" rel=\"noopener\">info@edm.ch<\/a>\u00a0ou par t\u00e9l\u00e9phone au\u00a0<a href=\"tel:+41227988881\">+41 (0)22 798 88 81<\/a>\u00a0pour se faire rembourser, en partie ou en totalit\u00e9, le montant de son don, dans un d\u00e9lai de 7 jours \u00e0 compter de la date du versement.<\/p>\n<h5>Comment est utilis\u00e9 votre don?<\/h5>\n<p>Pour 100 CHF vers\u00e9s, voici comment est utilis\u00e9 votre don:<\/p>\n                            <\/div>\n        <\/div>\n    <\/section>\n\n\n    <section class=\" imageSec\" style=\"display:\">\n      <div class=\"container\">\n        <figure>\n          <img decoding=\"async\" data-src=\"https:\/\/edm.ch\/wp-content\/uploads\/2023\/08\/2022_UtilisationDons_FR.png\" src=\"data:image\/svg+xml;base64,PHN2ZyB3aWR0aD0iMSIgaGVpZ2h0PSIxIiB4bWxucz0iaHR0cDovL3d3dy53My5vcmcvMjAwMC9zdmciPjwvc3ZnPg==\" class=\"lazyload\" style=\"--smush-placeholder-width: 700px; --smush-placeholder-aspect-ratio: 700\/300;\" data-srcset=\"https:\/\/edm.ch\/wp-content\/uploads\/2023\/08\/2022_UtilisationDons_FR.png 700w, https:\/\/edm.ch\/wp-content\/uploads\/2023\/08\/2022_UtilisationDons_FR-300x129.png 300w\" data-sizes=\"auto\" data-original-sizes=\"(max-width: 700px) 100vw, 700px\">\n        <\/figure>\n      <\/div>\n    <\/section>\n\n        <section class=\"contentSec\" style=\"display:\">\n        <div class=\"container\">\n            <div class=\"contentBlock\">\n                <h5>ARTICLE 11 : DUREE ET DROIT APPLICABLE<\/h5>\n                <p>La dur\u00e9e du pr\u00e9sent contrat est ind\u00e9termin\u00e9e. Le contrat produit ses effets \u00e0 l&rsquo;\u00e9gard de l&rsquo;Utilisateur\/trice \u00e0 compter du d\u00e9but de l\u2019utilisation du service.<br \/>\nLes pr\u00e9sentes CGU, l&rsquo;acc\u00e8s au Site et son utilisation sont soumis exclusivement au droit suisse<br \/>\nTout litige en d\u00e9coulant sera de la comp\u00e9tence exclusive des tribunaux de la r\u00e9publique et canton de Gen\u00e8ve, sous r\u00e9serve d&rsquo;un \u00e9ventuel recours au Tribunal f\u00e9d\u00e9ral.<\/p>\n                            <\/div>\n        <\/div>\n    <\/section>\n\n        <section class=\"contentSec\" style=\"display:\">\n        <div class=\"container\">\n            <div class=\"contentBlock\">\n                <h5>ARTICLE 12: CONTACT<\/h5>\n                <p>Si vous avez des questions concernant les pr\u00e9sentes Conditions g\u00e9n\u00e9rales d&rsquo;utilisation, veuillez prendre contact avec nous:<\/p>\n<p><strong>Enfants du Monde<\/strong><br \/>\nRoute de Ferney 150 &#8211; 1218 Le Grand-Saconnex, Suisse<br \/>\nT\u00e9l\u00e9phone :\u00a0<a href=\"tel:+41227988881\">+41 22 798 88 81<\/a><br \/>\nEmail :\u00a0<a href=\"mailto:info@edm.ch\" target=\"_blank\" rel=\"noopener\">info@edm.ch<\/a><\/p>\n                            <\/div>\n        <\/div>\n    <\/section>","protected":false},"excerpt":{"rendered":"","protected":false},"author":3,"featured_media":0,"parent":0,"menu_order":0,"comment_status":"closed","ping_status":"closed","template":"templates\/yellow-line-1.php","meta":{"_acf_changed":false,"inline_featured_image":false,"footnotes":""},"class_list":["post-10855","page","type-page","status-publish","hentry"],"acf":[],"yoast_head":"<!-- This site is optimized with the Yoast SEO plugin v26.9 - https:\/\/yoast.com\/product\/yoast-seo-wordpress\/ -->\n<title>Conditions g\u00e9n\u00e9rales d&#039;utilisation - Enfants du Monde<\/title>\n<meta name=\"description\" content=\"Retrouvez nos conditions g\u00e9n\u00e9rales d&#039;utilisation, pour une navigation optimale sur notre site web www.edm.ch\" \/>\n<meta name=\"robots\" content=\"index, follow, max-snippet:-1, max-image-preview:large, max-video-preview:-1\" \/>\n<link rel=\"canonical\" href=\"https:\/\/edm.ch\/fr\/conditions-generales-dutilisation\/\" \/>\n<meta property=\"og:locale\" content=\"fr_FR\" \/>\n<meta property=\"og:type\" content=\"article\" \/>\n<meta property=\"og:title\" content=\"Conditions g\u00e9n\u00e9rales d&#039;utilisation - Enfants du Monde\" \/>\n<meta property=\"og:description\" content=\"Retrouvez nos conditions g\u00e9n\u00e9rales d&#039;utilisation, pour une navigation optimale sur notre site web www.edm.ch\" \/>\n<meta property=\"og:url\" content=\"https:\/\/edm.ch\/fr\/conditions-generales-dutilisation\/\" \/>\n<meta property=\"og:site_name\" content=\"Enfants du monde\" \/>\n<meta property=\"article:modified_time\" content=\"2024-02-08T16:49:48+00:00\" \/>\n<meta name=\"twitter:card\" content=\"summary_large_image\" \/>\n<script type=\"application\/ld+json\" class=\"yoast-schema-graph\">{\"@context\":\"https:\/\/schema.org\",\"@graph\":[{\"@type\":\"WebPage\",\"@id\":\"https:\/\/edm.ch\/fr\/conditions-generales-dutilisation\/\",\"url\":\"https:\/\/edm.ch\/fr\/conditions-generales-dutilisation\/\",\"name\":\"Conditions g\u00e9n\u00e9rales d'utilisation - Enfants du Monde\",\"isPartOf\":{\"@id\":\"https:\/\/edm.ch\/en\/#website\"},\"datePublished\":\"2023-08-24T13:02:34+00:00\",\"dateModified\":\"2024-02-08T16:49:48+00:00\",\"description\":\"Retrouvez nos conditions g\u00e9n\u00e9rales d'utilisation, pour une navigation optimale sur notre site web www.edm.ch\",\"inLanguage\":\"fr-FR\",\"potentialAction\":[{\"@type\":\"ReadAction\",\"target\":[\"https:\/\/edm.ch\/fr\/conditions-generales-dutilisation\/\"]}]},{\"@type\":\"WebSite\",\"@id\":\"https:\/\/edm.ch\/en\/#website\",\"url\":\"https:\/\/edm.ch\/en\/\",\"name\":\"Enfants du monde\",\"description\":\"Association suisse\",\"potentialAction\":[{\"@type\":\"SearchAction\",\"target\":{\"@type\":\"EntryPoint\",\"urlTemplate\":\"https:\/\/edm.ch\/en\/?s={search_term_string}\"},\"query-input\":{\"@type\":\"PropertyValueSpecification\",\"valueRequired\":true,\"valueName\":\"search_term_string\"}}],\"inLanguage\":\"fr-FR\"}]}<\/script>\n<!-- \/ Yoast SEO plugin. -->","yoast_head_json":{"title":"Conditions g\u00e9n\u00e9rales d'utilisation - Enfants du Monde","description":"Retrouvez nos conditions g\u00e9n\u00e9rales d'utilisation, pour une navigation optimale sur notre site web www.edm.ch","robots":{"index":"index","follow":"follow","max-snippet":"max-snippet:-1","max-image-preview":"max-image-preview:large","max-video-preview":"max-video-preview:-1"},"canonical":"https:\/\/edm.ch\/fr\/conditions-generales-dutilisation\/","og_locale":"fr_FR","og_type":"article","og_title":"Conditions g\u00e9n\u00e9rales d'utilisation - Enfants du Monde","og_description":"Retrouvez nos conditions g\u00e9n\u00e9rales d'utilisation, pour une navigation optimale sur notre site web www.edm.ch","og_url":"https:\/\/edm.ch\/fr\/conditions-generales-dutilisation\/","og_site_name":"Enfants du monde","article_modified_time":"2024-02-08T16:49:48+00:00","twitter_card":"summary_large_image","schema":{"@context":"https:\/\/schema.org","@graph":[{"@type":"WebPage","@id":"https:\/\/edm.ch\/fr\/conditions-generales-dutilisation\/","url":"https:\/\/edm.ch\/fr\/conditions-generales-dutilisation\/","name":"Conditions g\u00e9n\u00e9rales d'utilisation - Enfants du Monde","isPartOf":{"@id":"https:\/\/edm.ch\/en\/#website"},"datePublished":"2023-08-24T13:02:34+00:00","dateModified":"2024-02-08T16:49:48+00:00","description":"Retrouvez nos conditions g\u00e9n\u00e9rales d'utilisation, pour une navigation optimale sur notre site web www.edm.ch","inLanguage":"fr-FR","potentialAction":[{"@type":"ReadAction","target":["https:\/\/edm.ch\/fr\/conditions-generales-dutilisation\/"]}]},{"@type":"WebSite","@id":"https:\/\/edm.ch\/en\/#website","url":"https:\/\/edm.ch\/en\/","name":"Enfants du monde","description":"Association suisse","potentialAction":[{"@type":"SearchAction","target":{"@type":"EntryPoint","urlTemplate":"https:\/\/edm.ch\/en\/?s={search_term_string}"},"query-input":{"@type":"PropertyValueSpecification","valueRequired":true,"valueName":"search_term_string"}}],"inLanguage":"fr-FR"}]}},"_links":{"self":[{"href":"https:\/\/edm.ch\/fr\/wp-json\/wp\/v2\/pages\/10855","targetHints":{"allow":["GET"]}}],"collection":[{"href":"https:\/\/edm.ch\/fr\/wp-json\/wp\/v2\/pages"}],"about":[{"href":"https:\/\/edm.ch\/fr\/wp-json\/wp\/v2\/types\/page"}],"author":[{"embeddable":true,"href":"https:\/\/edm.ch\/fr\/wp-json\/wp\/v2\/users\/3"}],"replies":[{"embeddable":true,"href":"https:\/\/edm.ch\/fr\/wp-json\/wp\/v2\/comments?post=10855"}],"version-history":[{"count":18,"href":"https:\/\/edm.ch\/fr\/wp-json\/wp\/v2\/pages\/10855\/revisions"}],"predecessor-version":[{"id":29886,"href":"https:\/\/edm.ch\/fr\/wp-json\/wp\/v2\/pages\/10855\/revisions\/29886"}],"wp:attachment":[{"href":"https:\/\/edm.ch\/fr\/wp-json\/wp\/v2\/media?parent=10855"}],"curies":[{"name":"wp","href":"https:\/\/api.w.org\/{rel}","templated":true}]}}