{"id":1011,"date":"2023-08-08T10:15:35","date_gmt":"2023-08-08T10:15:35","guid":{"rendered":"https:\/\/edm.ch\/?page_id=1011"},"modified":"2024-07-24T11:52:30","modified_gmt":"2024-07-24T11:52:30","slug":"creation-de-materiel-pedagogique","status":"publish","type":"page","link":"https:\/\/edm.ch\/fr\/creation-de-materiel-pedagogique\/","title":{"rendered":"Cr\u00e9ation de mat\u00e9riel p\u00e9dagogique"},"content":{"rendered":"<section class=\"subpageBanner\" style=\"display:\">\n    <div class=\"subpageBannerBlock figure_block\">\n        <img decoding=\"async\" data-src=\"https:\/\/edm.ch\/wp-content\/uploads\/2023\/08\/RS7091_IMG_5559.jpg\" src=\"data:image\/svg+xml;base64,PHN2ZyB3aWR0aD0iMSIgaGVpZ2h0PSIxIiB4bWxucz0iaHR0cDovL3d3dy53My5vcmcvMjAwMC9zdmciPjwvc3ZnPg==\" class=\"lazyload\" style=\"--smush-placeholder-width: 2500px; --smush-placeholder-aspect-ratio: 2500\/1147;\" data-srcset=\"https:\/\/edm.ch\/wp-content\/uploads\/2023\/08\/RS7091_IMG_5559.jpg 2500w, https:\/\/edm.ch\/wp-content\/uploads\/2023\/08\/RS7091_IMG_5559-300x138.jpg 300w, https:\/\/edm.ch\/wp-content\/uploads\/2023\/08\/RS7091_IMG_5559-1024x470.jpg 1024w, https:\/\/edm.ch\/wp-content\/uploads\/2023\/08\/RS7091_IMG_5559-768x352.jpg 768w, https:\/\/edm.ch\/wp-content\/uploads\/2023\/08\/RS7091_IMG_5559-1536x705.jpg 1536w, https:\/\/edm.ch\/wp-content\/uploads\/2023\/08\/RS7091_IMG_5559-2048x940.jpg 2048w\" data-sizes=\"auto\" data-original-sizes=\"(max-width: 2500px) 100vw, 2500px\" \/>\n        <div class=\"subpageBannerWrap\">\n            <div class=\"container\">\n                <div class=\"content\">\n                    <div>\n                        <span class=\"bannerHead\"><\/span>\n                        <h1>Cr\u00e9ation de mat\u00e9riel p\u00e9dagogique<\/h1>\n                    <\/div>\n                                    <\/div>\n            <\/div>\n        <\/div>\n            <\/div>\n<\/section>\n<script type=\"text\/javascript\">\n    jQuery(document).ready(function ($) {\n        \/\/ Check if the block exists\n        var bannerSection = $('#subpage-banner-section');\n\n        if (bannerSection.length > 0) {\n            \/\/ Move the block to the end of <main> just before the footer\n            $('main').append(bannerSection); \/\/ This will append it inside the <main> tag\n        }\n\n        $('.documentAccordion').on('click', function (e) {\n            e.preventDefault();  \/\/ Prevent default link action\n\n            \/\/ Target the section with the given ID\n            $('html, body').animate({\n                scrollTop: $('#subpage-banner-section').offset().top - 200\n            }, 1000);\n        });\n    });\n<\/script>\n\n\n    \n    <section class=\"leftTextRightImg \" style=\"display:\">\n        <div class=\"container\">\n            <div class=\"leftTextRightImgRow\">\n                                    <div class=\"right\">\n                                                    <div class=\"imgBlock\">\n                                <a class=\"figure_block\" href=\"https:\/\/edm.ch\/wp-content\/uploads\/2023\/08\/RS6418_ILL_E3104.jpg\" data-fancybox data-caption=\"\">\n                                    <img decoding=\"async\" data-src=\"https:\/\/edm.ch\/wp-content\/uploads\/2023\/08\/RS6418_ILL_E3104.jpg\" src=\"data:image\/svg+xml;base64,PHN2ZyB3aWR0aD0iMSIgaGVpZ2h0PSIxIiB4bWxucz0iaHR0cDovL3d3dy53My5vcmcvMjAwMC9zdmciPjwvc3ZnPg==\" class=\"lazyload\" style=\"--smush-placeholder-width: 1920px; --smush-placeholder-aspect-ratio: 1920\/1440;\" data-srcset=\"https:\/\/edm.ch\/wp-content\/uploads\/2023\/08\/RS6418_ILL_E3104.jpg 1920w, https:\/\/edm.ch\/wp-content\/uploads\/2023\/08\/RS6418_ILL_E3104-300x225.jpg 300w, https:\/\/edm.ch\/wp-content\/uploads\/2023\/08\/RS6418_ILL_E3104-1024x768.jpg 1024w, https:\/\/edm.ch\/wp-content\/uploads\/2023\/08\/RS6418_ILL_E3104-768x576.jpg 768w, https:\/\/edm.ch\/wp-content\/uploads\/2023\/08\/RS6418_ILL_E3104-1536x1152.jpg 1536w\" data-sizes=\"auto\" data-original-sizes=\"(max-width: 1920px) 100vw, 1920px\" \/>\n                                                                    <\/a>\n                                <figcaption><\/figcaption>\n                            <\/div>\n                                            <\/div>\n                                                    <div class=\"left\">\n                        <div class=\"content\">\n                            <h2>                                Apprendre plus facilement&#8230; <small><\/small>\n                            <\/h2>                                                            <p><strong> &#8230; gr\u00e2ce \u00e0 un mat\u00e9riel adapt\u00e9 aux cultures et langues locales<\/strong><\/p>\n<p>Enfants du Monde <strong>accompagne les \u00e9quipes de formation nationales<\/strong> dans la conception de mat\u00e9riel p\u00e9dagogique adapt\u00e9 aux besoins et r\u00e9alit\u00e9s des populations, en accord avec le programme scolaire et en compl\u00e9ment du mat\u00e9riel existant \u00a0:<\/p>\n<ul>\n<li><strong>Modules de formation<\/strong> pour formateur\u00b7trices et enseignant\u00b7es<\/li>\n<li><strong>S\u00e9quences didactiques<\/strong> plurilingues et <strong>guides<\/strong> pour enseignant\u00b7es<\/li>\n<li><strong>Manuels scolaires et livres de contes<\/strong> plurilingues pour \u00e9l\u00e8ves<\/li>\n<\/ul>\n                                                                                                            <\/div>\n                    <\/div>\n                            <\/div>\n        <\/div>\n    <\/section>\n\n        <section class=\"contentSec\" style=\"display:\">\n        <div class=\"container\">\n            <div class=\"contentBlock\">\n                <h5>Ce qui nous diff\u00e9rencie<\/h5>\n                <ul>\n<li><strong>Expertise tr\u00e8s fine<\/strong> de nos sp\u00e9cialistes ;<\/li>\n<li>Mat\u00e9riel p\u00e9dagogique plurilingue <strong>co-\u00e9labor\u00e9 par Enfants du Monde et nos partenaires locaux ;<\/strong><\/li>\n<li>Contenu \u00e9ducatif <strong>ancr\u00e9 dans la culture et les r\u00e9alit\u00e9s locales<\/strong> pour favoriser la participation des \u00e9l\u00e8ves, par exemple avec des le\u00e7ons de sciences naturelles traitant du paludisme;<\/li>\n<li><strong>Valorisation des langues maternelles<\/strong> parl\u00e9es par les enfants pour faciliter leurs apprentissages, par exemple\u00a0en recueillant des contes locaux pour cr\u00e9er des livres de lecture plurilingues moor\u00e9-fran\u00e7ais ou q\u2019eqchi\u2019-espagnol-anglais;<\/li>\n<\/ul>\n                            <\/div>\n        <\/div>\n    <\/section>\n\n\n    \n    <section class=\"quoteImage rightTextLeftImg \" style=\"display:\">\n        <div class=\"container\">\n            <div class=\"rightTextLeftImgRow\">\n                                    <div class=\"left\">\n                                                    <div class=\"imgBlock\">\n                                <a class=\"figure_block\" href=\"https:\/\/edm.ch\/wp-content\/uploads\/2023\/08\/RS7047_Madame_Belengar.jpg\" data-fancybox data-caption=\"\">\n                                    <img decoding=\"async\" data-src=\"https:\/\/edm.ch\/wp-content\/uploads\/2023\/08\/RS7047_Madame_Belengar.jpg\" src=\"data:image\/svg+xml;base64,PHN2ZyB3aWR0aD0iMSIgaGVpZ2h0PSIxIiB4bWxucz0iaHR0cDovL3d3dy53My5vcmcvMjAwMC9zdmciPjwvc3ZnPg==\" class=\"lazyload\" style=\"--smush-placeholder-width: 1386px; --smush-placeholder-aspect-ratio: 1386\/780;\" data-srcset=\"https:\/\/edm.ch\/wp-content\/uploads\/2023\/08\/RS7047_Madame_Belengar.jpg 1386w, https:\/\/edm.ch\/wp-content\/uploads\/2023\/08\/RS7047_Madame_Belengar-300x169.jpg 300w, https:\/\/edm.ch\/wp-content\/uploads\/2023\/08\/RS7047_Madame_Belengar-1024x576.jpg 1024w, https:\/\/edm.ch\/wp-content\/uploads\/2023\/08\/RS7047_Madame_Belengar-768x432.jpg 768w\" data-sizes=\"auto\" data-original-sizes=\"(max-width: 1386px) 100vw, 1386px\" \/>\n                                                                    <\/a>\n                                <figcaption><\/figcaption>\n                            <\/div>\n                                            <\/div>\n                                                    <div class=\"right\">\n                        <div class=\"content\">\n                            <h2>                                Lucie Belengar <small>Direction de l\u2019Alphab\u00e9tisation et de la promotion des langues nationales au Minist\u00e8re de l\u2019\u00e9ducation nationale et de la promotion civique du Tchad<\/small>\n                            <\/h2>                            <div class=\"quote\">                                <p>Avec l\u2019approche qualit\u00e9 d\u2019Enfants du Monde, l\u2019\u00e9l\u00e8ve se sent familiaris\u00e9 avec son manuel, car les objets repr\u00e9sent\u00e9s et les images sont issus de son milieu et de son pays.<\/p>\n                            <\/div>                                                                                <\/div>\n                    <\/div>\n                            <\/div>\n        <\/div>\n    <\/section>\n\n\n    <section class=\"activitySec\" style=\"display:\">\n      <div class=\"container\">\n        <div class=\"secTitle\">\n            <h2>Dans les pays en pratique<\/h2>\n        <\/div>\n        <div class=\"activityRow\">\n\n            \n                <div class=\"activityCol\">\n                    <div class=\"activityColInner\">\n                        <div class=\"imgBlock\">\n                            <a href=\"https:\/\/edm.ch\/fr\/projects\/burkina-faso-education-bilingue\/\">                                <img decoding=\"async\" data-src=\"https:\/\/edm.ch\/wp-content\/uploads\/2023\/08\/RS4118_148A0368.jpg\" alt=\"EMD-img\" src=\"data:image\/svg+xml;base64,PHN2ZyB3aWR0aD0iMSIgaGVpZ2h0PSIxIiB4bWxucz0iaHR0cDovL3d3dy53My5vcmcvMjAwMC9zdmciPjwvc3ZnPg==\" class=\"lazyload\" style=\"--smush-placeholder-width: 2500px; --smush-placeholder-aspect-ratio: 2500\/1667;\" data-srcset=\"https:\/\/edm.ch\/wp-content\/uploads\/2023\/08\/RS4118_148A0368.jpg 2500w, https:\/\/edm.ch\/wp-content\/uploads\/2023\/08\/RS4118_148A0368-300x200.jpg 300w, https:\/\/edm.ch\/wp-content\/uploads\/2023\/08\/RS4118_148A0368-1024x683.jpg 1024w, https:\/\/edm.ch\/wp-content\/uploads\/2023\/08\/RS4118_148A0368-768x512.jpg 768w, https:\/\/edm.ch\/wp-content\/uploads\/2023\/08\/RS4118_148A0368-1536x1024.jpg 1536w, https:\/\/edm.ch\/wp-content\/uploads\/2023\/08\/RS4118_148A0368-2048x1366.jpg 2048w\" data-sizes=\"auto\" data-original-sizes=\"(max-width: 2500px) 100vw, 2500px\" \/>\n                            <\/a>                        <\/div>\n                        <div class=\"contentBlock\">\n                            <h3>Burkina Faso<\/h3>\n                            <p>Notre ONG assure et met \u00e0 disposition des manuels pour les \u00e9l\u00e8ves et guides pour les enseignant\u00b7es int\u00e9grant des aspects de promotion du d\u00e9veloppement durable et des droits de l\u2019enfant, d\u2019une culture de la paix et de l\u2019\u00e9galit\u00e9 de genre.<\/p>\n                                                            <a href=\"https:\/\/edm.ch\/fr\/projects\/burkina-faso-education-bilingue\/\" class=\"btnWhite\">En savoir plus<\/a>\n                                                    <\/div>\n                    <\/div>\n                <\/div>\n\n            \n                <div class=\"activityCol\">\n                    <div class=\"activityColInner\">\n                        <div class=\"imgBlock\">\n                            <a href=\"https:\/\/edm.ch\/fr\/country\/guatemala\/\">                                <img decoding=\"async\" data-src=\"https:\/\/edm.ch\/wp-content\/uploads\/2023\/08\/RS5139_389_Guatemala_Fairpicture_148.jpg\" alt=\"EMD-img\" src=\"data:image\/svg+xml;base64,PHN2ZyB3aWR0aD0iMSIgaGVpZ2h0PSIxIiB4bWxucz0iaHR0cDovL3d3dy53My5vcmcvMjAwMC9zdmciPjwvc3ZnPg==\" class=\"lazyload\" style=\"--smush-placeholder-width: 2500px; --smush-placeholder-aspect-ratio: 2500\/1667;\" data-srcset=\"https:\/\/edm.ch\/wp-content\/uploads\/2023\/08\/RS5139_389_Guatemala_Fairpicture_148.jpg 2500w, https:\/\/edm.ch\/wp-content\/uploads\/2023\/08\/RS5139_389_Guatemala_Fairpicture_148-300x200.jpg 300w, https:\/\/edm.ch\/wp-content\/uploads\/2023\/08\/RS5139_389_Guatemala_Fairpicture_148-1024x683.jpg 1024w, https:\/\/edm.ch\/wp-content\/uploads\/2023\/08\/RS5139_389_Guatemala_Fairpicture_148-768x512.jpg 768w, https:\/\/edm.ch\/wp-content\/uploads\/2023\/08\/RS5139_389_Guatemala_Fairpicture_148-1536x1024.jpg 1536w, https:\/\/edm.ch\/wp-content\/uploads\/2023\/08\/RS5139_389_Guatemala_Fairpicture_148-2048x1366.jpg 2048w\" data-sizes=\"auto\" data-original-sizes=\"(max-width: 2500px) 100vw, 2500px\" \/>\n                            <\/a>                        <\/div>\n                        <div class=\"contentBlock\">\n                            <h3>Guatemala<\/h3>\n                            <p>Nous \u00e9laborons des manuels pour les \u00e9l\u00e8ves, des livres de contes, des guides pour les enseignants avec notre partenaire local Ciprevica et le minist\u00e8re de l\u2019\u00e9ducation du Guatemala<\/p>\n                                                            <a href=\"https:\/\/edm.ch\/fr\/country\/guatemala\/\" class=\"btnWhite\">En savoir plus<\/a>\n                                                    <\/div>\n                    <\/div>\n                <\/div>\n\n            \n                <div class=\"activityCol\">\n                    <div class=\"activityColInner\">\n                        <div class=\"imgBlock\">\n                            <a href=\"https:\/\/edm.ch\/fr\/country\/tchad\/\">                                <img decoding=\"async\" data-src=\"https:\/\/edm.ch\/wp-content\/uploads\/2023\/08\/RS4057_DSC_0883.jpg\" alt=\"EMD-img\" src=\"data:image\/svg+xml;base64,PHN2ZyB3aWR0aD0iMSIgaGVpZ2h0PSIxIiB4bWxucz0iaHR0cDovL3d3dy53My5vcmcvMjAwMC9zdmciPjwvc3ZnPg==\" class=\"lazyload\" style=\"--smush-placeholder-width: 2500px; --smush-placeholder-aspect-ratio: 2500\/1667;\" data-srcset=\"https:\/\/edm.ch\/wp-content\/uploads\/2023\/08\/RS4057_DSC_0883.jpg 2500w, https:\/\/edm.ch\/wp-content\/uploads\/2023\/08\/RS4057_DSC_0883-300x200.jpg 300w, https:\/\/edm.ch\/wp-content\/uploads\/2023\/08\/RS4057_DSC_0883-1024x683.jpg 1024w, https:\/\/edm.ch\/wp-content\/uploads\/2023\/08\/RS4057_DSC_0883-768x512.jpg 768w, https:\/\/edm.ch\/wp-content\/uploads\/2023\/08\/RS4057_DSC_0883-1536x1024.jpg 1536w, https:\/\/edm.ch\/wp-content\/uploads\/2023\/08\/RS4057_DSC_0883-2048x1366.jpg 2048w\" data-sizes=\"auto\" data-original-sizes=\"(max-width: 2500px) 100vw, 2500px\" \/>\n                            <\/a>                        <\/div>\n                        <div class=\"contentBlock\">\n                            <h3>Tchad<\/h3>\n                            <p>Un des apports majeurs d\u2019Enfants du Monde est d\u2019accompagner les \u00e9quipes de formation nationales dans la conception de mat\u00e9riel p\u00e9dagogique adapt\u00e9 aux besoins et r\u00e9alit\u00e9s des populations en utilisant des th\u00e9matiques de la vie quotidienne\u202f: paludisme, excision, acc\u00e8s \u00e0 l\u2019eau potable, production agricole, \u00e9levage, etc \u2026.<\/p>\n                                                            <a href=\"https:\/\/edm.ch\/fr\/country\/tchad\/\" class=\"btnWhite\">En savoir plus<\/a>\n                                                    <\/div>\n                    <\/div>\n                <\/div>\n\n            \n                <div class=\"activityCol\">\n                    <div class=\"activityColInner\">\n                        <div class=\"imgBlock\">\n                            <a href=\"https:\/\/edm.ch\/fr\/materiel-pedagogique\/\">                                <img decoding=\"async\" data-src=\"https:\/\/edm.ch\/wp-content\/uploads\/2023\/08\/RS5772_Droits_enfants.png\" alt=\"EMD-img\" src=\"data:image\/svg+xml;base64,PHN2ZyB3aWR0aD0iMSIgaGVpZ2h0PSIxIiB4bWxucz0iaHR0cDovL3d3dy53My5vcmcvMjAwMC9zdmciPjwvc3ZnPg==\" class=\"lazyload\" style=\"--smush-placeholder-width: 1920px; --smush-placeholder-aspect-ratio: 1920\/1920;\" data-srcset=\"https:\/\/edm.ch\/wp-content\/uploads\/2023\/08\/RS5772_Droits_enfants.png 1920w, https:\/\/edm.ch\/wp-content\/uploads\/2023\/08\/RS5772_Droits_enfants-300x300.png 300w, https:\/\/edm.ch\/wp-content\/uploads\/2023\/08\/RS5772_Droits_enfants-1024x1024.png 1024w, https:\/\/edm.ch\/wp-content\/uploads\/2023\/08\/RS5772_Droits_enfants-150x150.png 150w, https:\/\/edm.ch\/wp-content\/uploads\/2023\/08\/RS5772_Droits_enfants-768x768.png 768w, https:\/\/edm.ch\/wp-content\/uploads\/2023\/08\/RS5772_Droits_enfants-1536x1536.png 1536w\" data-sizes=\"auto\" data-original-sizes=\"(max-width: 1920px) 100vw, 1920px\" \/>\n                            <\/a>                        <\/div>\n                        <div class=\"contentBlock\">\n                            <h3>Suisse<\/h3>\n                            <p>En Suisse, nous d\u00e9veloppons des guides pour les enseignants sur les droits de l&rsquo;enfant.<\/p>\n                                                            <a href=\"https:\/\/edm.ch\/fr\/materiel-pedagogique\/\" class=\"btnWhite\">En savoir plus<\/a>\n                                                    <\/div>\n                    <\/div>\n                <\/div>\n\n                        \n        <\/div>\n      <\/div>\n    <\/section>\n\n\n    <section class=\"donation_count\" style=\"display:\">\n        <div class=\"inner_row\">\n            <div class=\"right_img_block\">\n                <div class=\"img_block figure_block\">\n                    <img decoding=\"async\" data-src=\"https:\/\/edm.ch\/wp-content\/uploads\/2023\/08\/RS1460_IMG_7005.jpg\" alt=\"\" src=\"data:image\/svg+xml;base64,PHN2ZyB3aWR0aD0iMSIgaGVpZ2h0PSIxIiB4bWxucz0iaHR0cDovL3d3dy53My5vcmcvMjAwMC9zdmciPjwvc3ZnPg==\" class=\"lazyload\" style=\"--smush-placeholder-width: 2500px; --smush-placeholder-aspect-ratio: 2500\/1667;\" data-srcset=\"https:\/\/edm.ch\/wp-content\/uploads\/2023\/08\/RS1460_IMG_7005.jpg 2500w, https:\/\/edm.ch\/wp-content\/uploads\/2023\/08\/RS1460_IMG_7005-300x200.jpg 300w, https:\/\/edm.ch\/wp-content\/uploads\/2023\/08\/RS1460_IMG_7005-1024x683.jpg 1024w, https:\/\/edm.ch\/wp-content\/uploads\/2023\/08\/RS1460_IMG_7005-768x512.jpg 768w, https:\/\/edm.ch\/wp-content\/uploads\/2023\/08\/RS1460_IMG_7005-1536x1024.jpg 1536w, https:\/\/edm.ch\/wp-content\/uploads\/2023\/08\/RS1460_IMG_7005-2048x1366.jpg 2048w\" data-sizes=\"auto\" data-original-sizes=\"(max-width: 2500px) 100vw, 2500px\">\n                                    <\/div>\n            <\/div>\n            <div class=\"left_txt_block\">\n                <div class=\"txt_contents\">\n                    <h3>Mon don fait la diff\u00e9rence<\/h3>\n                    <div class=\"block_txts\">\n                                                    <div class=\"item\">\n                                <span class=\"title\">Par exemple :<\/span>\n                                <p><\/p>\n                            <\/div>\n                                                    <div class=\"item\">\n                                <span class=\"title\">Avec 100 francs :<\/span>\n                                <p>J\u2019offre un manuel scolaire bilingue en fran\u00e7ais et en moor\u00e9 \u00e0 14 enfants du Burkina Faso pour leur permettre de progresser.<\/p>\n                            <\/div>\n                                                    <div class=\"item\">\n                                <span class=\"title\">Avec 130 francs :<\/span>\n                                <p>Je finance un manuel scolaire bilingue en espagnol et en langue maya \u00e0 433 \u00e9l\u00e8ves au Guatemala.<\/p>\n                            <\/div>\n                                                                            <a href=\"https:\/\/don.edm.ch\/fr\" class=\"btnWhite buttonDonation\">\n                                JE FAIS UN DON                            <\/a>\n                                            <\/div>\n                <\/div>\n            <\/div>\n        <\/div>\n    <\/section>","protected":false},"excerpt":{"rendered":"","protected":false},"author":1,"featured_media":0,"parent":0,"menu_order":0,"comment_status":"closed","ping_status":"closed","template":"templates\/yellow-line-1.php","meta":{"_acf_changed":false,"inline_featured_image":false,"footnotes":""},"class_list":["post-1011","page","type-page","status-publish","hentry"],"acf":[],"yoast_head":"<!-- This site is optimized with the Yoast SEO plugin v26.9 - https:\/\/yoast.com\/product\/yoast-seo-wordpress\/ -->\n<title>Mat\u00e9riel p\u00e9dagogique - Enfants du Monde<\/title>\n<meta name=\"description\" content=\"Nous cr\u00e9ons du mat\u00e9riel p\u00e9dagogique pour une \u00e9ducation de qualit\u00e9, en Suisse et dans le Monde. D\u00e9couvrez notre travail !\" \/>\n<meta name=\"robots\" content=\"index, follow, max-snippet:-1, max-image-preview:large, max-video-preview:-1\" \/>\n<link rel=\"canonical\" href=\"https:\/\/edm.ch\/fr\/creation-de-materiel-pedagogique\/\" \/>\n<meta property=\"og:locale\" content=\"fr_FR\" \/>\n<meta property=\"og:type\" content=\"article\" \/>\n<meta property=\"og:title\" content=\"Mat\u00e9riel p\u00e9dagogique - Enfants du Monde\" \/>\n<meta property=\"og:description\" content=\"Nous cr\u00e9ons du mat\u00e9riel p\u00e9dagogique pour une \u00e9ducation de qualit\u00e9, en Suisse et dans le Monde. D\u00e9couvrez notre travail !\" \/>\n<meta property=\"og:url\" content=\"https:\/\/edm.ch\/fr\/creation-de-materiel-pedagogique\/\" \/>\n<meta property=\"og:site_name\" content=\"Enfants du monde\" \/>\n<meta property=\"article:modified_time\" content=\"2024-07-24T11:52:30+00:00\" \/>\n<meta name=\"twitter:card\" content=\"summary_large_image\" \/>\n<script type=\"application\/ld+json\" class=\"yoast-schema-graph\">{\"@context\":\"https:\/\/schema.org\",\"@graph\":[{\"@type\":\"WebPage\",\"@id\":\"https:\/\/edm.ch\/fr\/creation-de-materiel-pedagogique\/\",\"url\":\"https:\/\/edm.ch\/fr\/creation-de-materiel-pedagogique\/\",\"name\":\"Mat\u00e9riel p\u00e9dagogique - Enfants du Monde\",\"isPartOf\":{\"@id\":\"https:\/\/edm.ch\/en\/#website\"},\"datePublished\":\"2023-08-08T10:15:35+00:00\",\"dateModified\":\"2024-07-24T11:52:30+00:00\",\"description\":\"Nous cr\u00e9ons du mat\u00e9riel p\u00e9dagogique pour une \u00e9ducation de qualit\u00e9, en Suisse et dans le Monde. D\u00e9couvrez notre travail !\",\"inLanguage\":\"fr-FR\",\"potentialAction\":[{\"@type\":\"ReadAction\",\"target\":[\"https:\/\/edm.ch\/fr\/creation-de-materiel-pedagogique\/\"]}]},{\"@type\":\"WebSite\",\"@id\":\"https:\/\/edm.ch\/en\/#website\",\"url\":\"https:\/\/edm.ch\/en\/\",\"name\":\"Enfants du monde\",\"description\":\"Association suisse\",\"potentialAction\":[{\"@type\":\"SearchAction\",\"target\":{\"@type\":\"EntryPoint\",\"urlTemplate\":\"https:\/\/edm.ch\/en\/?s={search_term_string}\"},\"query-input\":{\"@type\":\"PropertyValueSpecification\",\"valueRequired\":true,\"valueName\":\"search_term_string\"}}],\"inLanguage\":\"fr-FR\"}]}<\/script>\n<!-- \/ Yoast SEO plugin. -->","yoast_head_json":{"title":"Mat\u00e9riel p\u00e9dagogique - Enfants du Monde","description":"Nous cr\u00e9ons du mat\u00e9riel p\u00e9dagogique pour une \u00e9ducation de qualit\u00e9, en Suisse et dans le Monde. D\u00e9couvrez notre travail !","robots":{"index":"index","follow":"follow","max-snippet":"max-snippet:-1","max-image-preview":"max-image-preview:large","max-video-preview":"max-video-preview:-1"},"canonical":"https:\/\/edm.ch\/fr\/creation-de-materiel-pedagogique\/","og_locale":"fr_FR","og_type":"article","og_title":"Mat\u00e9riel p\u00e9dagogique - Enfants du Monde","og_description":"Nous cr\u00e9ons du mat\u00e9riel p\u00e9dagogique pour une \u00e9ducation de qualit\u00e9, en Suisse et dans le Monde. D\u00e9couvrez notre travail !","og_url":"https:\/\/edm.ch\/fr\/creation-de-materiel-pedagogique\/","og_site_name":"Enfants du monde","article_modified_time":"2024-07-24T11:52:30+00:00","twitter_card":"summary_large_image","schema":{"@context":"https:\/\/schema.org","@graph":[{"@type":"WebPage","@id":"https:\/\/edm.ch\/fr\/creation-de-materiel-pedagogique\/","url":"https:\/\/edm.ch\/fr\/creation-de-materiel-pedagogique\/","name":"Mat\u00e9riel p\u00e9dagogique - Enfants du Monde","isPartOf":{"@id":"https:\/\/edm.ch\/en\/#website"},"datePublished":"2023-08-08T10:15:35+00:00","dateModified":"2024-07-24T11:52:30+00:00","description":"Nous cr\u00e9ons du mat\u00e9riel p\u00e9dagogique pour une \u00e9ducation de qualit\u00e9, en Suisse et dans le Monde. D\u00e9couvrez notre travail !","inLanguage":"fr-FR","potentialAction":[{"@type":"ReadAction","target":["https:\/\/edm.ch\/fr\/creation-de-materiel-pedagogique\/"]}]},{"@type":"WebSite","@id":"https:\/\/edm.ch\/en\/#website","url":"https:\/\/edm.ch\/en\/","name":"Enfants du monde","description":"Association suisse","potentialAction":[{"@type":"SearchAction","target":{"@type":"EntryPoint","urlTemplate":"https:\/\/edm.ch\/en\/?s={search_term_string}"},"query-input":{"@type":"PropertyValueSpecification","valueRequired":true,"valueName":"search_term_string"}}],"inLanguage":"fr-FR"}]}},"_links":{"self":[{"href":"https:\/\/edm.ch\/fr\/wp-json\/wp\/v2\/pages\/1011","targetHints":{"allow":["GET"]}}],"collection":[{"href":"https:\/\/edm.ch\/fr\/wp-json\/wp\/v2\/pages"}],"about":[{"href":"https:\/\/edm.ch\/fr\/wp-json\/wp\/v2\/types\/page"}],"author":[{"embeddable":true,"href":"https:\/\/edm.ch\/fr\/wp-json\/wp\/v2\/users\/1"}],"replies":[{"embeddable":true,"href":"https:\/\/edm.ch\/fr\/wp-json\/wp\/v2\/comments?post=1011"}],"version-history":[{"count":43,"href":"https:\/\/edm.ch\/fr\/wp-json\/wp\/v2\/pages\/1011\/revisions"}],"predecessor-version":[{"id":31790,"href":"https:\/\/edm.ch\/fr\/wp-json\/wp\/v2\/pages\/1011\/revisions\/31790"}],"wp:attachment":[{"href":"https:\/\/edm.ch\/fr\/wp-json\/wp\/v2\/media?parent=1011"}],"curies":[{"name":"wp","href":"https:\/\/api.w.org\/{rel}","templated":true}]}}