{"id":9248,"date":"2023-08-20T09:32:55","date_gmt":"2023-08-20T09:32:55","guid":{"rendered":"https:\/\/edm.ch\/?page_id=9248"},"modified":"2025-07-10T08:26:00","modified_gmt":"2025-07-10T08:26:00","slug":"el-comite","status":"publish","type":"page","link":"https:\/\/edm.ch\/es\/el-comite\/","title":{"rendered":"Comit\u00e9"},"content":{"rendered":"<section class=\"subpageBanner\" style=\"display:\">\n    <div class=\"subpageBannerBlock figure_block\">\n        <img decoding=\"async\" data-src=\"https:\/\/edm.ch\/wp-content\/uploads\/2023\/12\/Enfants_du_Monde_comite_banner_2.png\" src=\"data:image\/svg+xml;base64,PHN2ZyB3aWR0aD0iMSIgaGVpZ2h0PSIxIiB4bWxucz0iaHR0cDovL3d3dy53My5vcmcvMjAwMC9zdmciPjwvc3ZnPg==\" class=\"lazyload\" style=\"--smush-placeholder-width: 2500px; --smush-placeholder-aspect-ratio: 2500\/1080;\" data-srcset=\"https:\/\/edm.ch\/wp-content\/uploads\/2023\/12\/Enfants_du_Monde_comite_banner_2.png 2500w, https:\/\/edm.ch\/wp-content\/uploads\/2023\/12\/Enfants_du_Monde_comite_banner_2-300x130.png 300w, https:\/\/edm.ch\/wp-content\/uploads\/2023\/12\/Enfants_du_Monde_comite_banner_2-1024x442.png 1024w, https:\/\/edm.ch\/wp-content\/uploads\/2023\/12\/Enfants_du_Monde_comite_banner_2-768x332.png 768w, https:\/\/edm.ch\/wp-content\/uploads\/2023\/12\/Enfants_du_Monde_comite_banner_2-1536x664.png 1536w, https:\/\/edm.ch\/wp-content\/uploads\/2023\/12\/Enfants_du_Monde_comite_banner_2-2048x885.png 2048w\" data-sizes=\"auto\" data-original-sizes=\"(max-width: 2500px) 100vw, 2500px\" \/>\n        <div class=\"subpageBannerWrap\">\n            <div class=\"container\">\n                <div class=\"content\">\n                    <div>\n                        <span class=\"bannerHead\"><\/span>\n                        <h1>Comit\u00e9<\/h1>\n                    <\/div>\n                                            <div class=\"subpageBannerDocumentBtn\" style=\"display:none;\">\n                            <a href=\"javascript:void(0);\"\n                                class=\"documentAccordion documentListNew\">Documentos relacionados<\/a>\n                        <\/div>\n                                    <\/div>\n            <\/div>\n        <\/div>\n            <\/div>\n<\/section>\n    <section class=\"documentAccordionList\" id=\"subpage-banner-section\">\n        <div class=\"container\">\n            <h2>\n                Documentos relacionados            <\/h2>\n            <ul>\n                                    <li>\n                                                    <a href=\"https:\/\/edm.ch\/wp-content\/uploads\/2023\/08\/Manera_de_trabajar.pdf\" class=\"pdf-link\"><span><img decoding=\"async\" class=\"icon-before-hover lazyload\"\n                                        data-src=\"https:\/\/edm.ch\/wp-content\/themes\/edm\/assets\/images\/pdf-icon.svg\" src=\"data:image\/svg+xml;base64,PHN2ZyB3aWR0aD0iMSIgaGVpZ2h0PSIxIiB4bWxucz0iaHR0cDovL3d3dy53My5vcmcvMjAwMC9zdmciPjwvc3ZnPg==\"><img decoding=\"async\"\n                                        class=\"icon-after-hover lazyload\"\n                                        data-src=\"https:\/\/edm.ch\/wp-content\/themes\/edm\/assets\/images\/pdf-icon-white.svg\" src=\"data:image\/svg+xml;base64,PHN2ZyB3aWR0aD0iMSIgaGVpZ2h0PSIxIiB4bWxucz0iaHR0cDovL3d3dy53My5vcmcvMjAwMC9zdmciPjwvc3ZnPg==\"><\/span><i>Estatutos <\/i><\/a>\n                                            <\/li>\n                                        <li>\n                                                    <a href=\"https:\/\/edm.ch\/wp-content\/uploads\/2023\/08\/estatutos_enfants_du_monde.pdf\" class=\"pdf-link\"><span><img decoding=\"async\" class=\"icon-before-hover lazyload\"\n                                        data-src=\"https:\/\/edm.ch\/wp-content\/themes\/edm\/assets\/images\/pdf-icon.svg\" src=\"data:image\/svg+xml;base64,PHN2ZyB3aWR0aD0iMSIgaGVpZ2h0PSIxIiB4bWxucz0iaHR0cDovL3d3dy53My5vcmcvMjAwMC9zdmciPjwvc3ZnPg==\"><img decoding=\"async\"\n                                        class=\"icon-after-hover lazyload\"\n                                        data-src=\"https:\/\/edm.ch\/wp-content\/themes\/edm\/assets\/images\/pdf-icon-white.svg\" src=\"data:image\/svg+xml;base64,PHN2ZyB3aWR0aD0iMSIgaGVpZ2h0PSIxIiB4bWxucz0iaHR0cDovL3d3dy53My5vcmcvMjAwMC9zdmciPjwvc3ZnPg==\"><\/span><i>Manera de trabajar<\/i><\/a>\n                                            <\/li>\n                                        <li>\n                                                    <a href=\"https:\/\/edm.ch\/wp-content\/uploads\/2023\/08\/politica_de_proteccion.pdf\" class=\"pdf-link\"><span><img decoding=\"async\" class=\"icon-before-hover lazyload\"\n                                        data-src=\"https:\/\/edm.ch\/wp-content\/themes\/edm\/assets\/images\/pdf-icon.svg\" src=\"data:image\/svg+xml;base64,PHN2ZyB3aWR0aD0iMSIgaGVpZ2h0PSIxIiB4bWxucz0iaHR0cDovL3d3dy53My5vcmcvMjAwMC9zdmciPjwvc3ZnPg==\"><img decoding=\"async\"\n                                        class=\"icon-after-hover lazyload\"\n                                        data-src=\"https:\/\/edm.ch\/wp-content\/themes\/edm\/assets\/images\/pdf-icon-white.svg\" src=\"data:image\/svg+xml;base64,PHN2ZyB3aWR0aD0iMSIgaGVpZ2h0PSIxIiB4bWxucz0iaHR0cDovL3d3dy53My5vcmcvMjAwMC9zdmciPjwvc3ZnPg==\"><\/span><i>Pol\u00edtica de protecci\u00f3n y salvaguardia de la ni\u00f1ez<\/i><\/a>\n                                            <\/li>\n                                        <li>\n                                            <\/li>\n                                <\/ul>\n        <\/div>\n    <\/section>\n<script type=\"text\/javascript\">\n    jQuery(document).ready(function ($) {\n        \/\/ Check if the block exists\n        var bannerSection = $('#subpage-banner-section');\n\n        if (bannerSection.length > 0) {\n            \/\/ Move the block to the end of <main> just before the footer\n            $('main').append(bannerSection); \/\/ This will append it inside the <main> tag\n        }\n\n        $('.documentAccordion').on('click', function (e) {\n            e.preventDefault();  \/\/ Prevent default link action\n\n            \/\/ Target the section with the given ID\n            $('html, body').animate({\n                scrollTop: $('#subpage-banner-section').offset().top - 200\n            }, 1000);\n        });\n    });\n<\/script>\n\n        <section class=\"contentSec\" style=\"display:\">\n        <div class=\"container\">\n            <div class=\"contentBlock\">\n                <h5><\/h5>\n                <p>Elegido por la Asamblea General, el Comit\u00e9 es el \u00f3rgano directivo de la asociaci\u00f3n. Est\u00e1 compuesto por personalidades de diferentes \u00e1mbitos que representan <strong>la diversidad pol\u00edtica, cultural y ling\u00fc\u00edstica de Suiza<\/strong>. El Comit\u00e9 gestiona la asociaci\u00f3n conforme a su objetivo. Sus miembros colaboran de manera voluntaria.<\/p>\n                            <\/div>\n        <\/div>\n    <\/section>\n\n  <section class=\"teamSec \" style=\"display:\">\n  \n\n        <div class=\"container\">\n          <h2><\/h2>\n          <div class=\"teamWrap\">\n                                        <div class=\"teamBlock\">\n            <div class=\"teamBox\">\n              <figure>\n                <img decoding=\"async\" data-src=\"https:\/\/edm.ch\/wp-content\/uploads\/2024\/07\/Nouveau-site_Carre7.png\" src=\"data:image\/svg+xml;base64,PHN2ZyB3aWR0aD0iMSIgaGVpZ2h0PSIxIiB4bWxucz0iaHR0cDovL3d3dy53My5vcmcvMjAwMC9zdmciPjwvc3ZnPg==\" class=\"lazyload\" style=\"--smush-placeholder-width: 1920px; --smush-placeholder-aspect-ratio: 1920\/1920;\" data-srcset=\"https:\/\/edm.ch\/wp-content\/uploads\/2024\/07\/Nouveau-site_Carre7.png 1920w, https:\/\/edm.ch\/wp-content\/uploads\/2024\/07\/Nouveau-site_Carre7-300x300.png 300w, https:\/\/edm.ch\/wp-content\/uploads\/2024\/07\/Nouveau-site_Carre7-1024x1024.png 1024w, https:\/\/edm.ch\/wp-content\/uploads\/2024\/07\/Nouveau-site_Carre7-150x150.png 150w, https:\/\/edm.ch\/wp-content\/uploads\/2024\/07\/Nouveau-site_Carre7-768x768.png 768w, https:\/\/edm.ch\/wp-content\/uploads\/2024\/07\/Nouveau-site_Carre7-1536x1536.png 1536w\" data-sizes=\"auto\" data-original-sizes=\"(max-width: 1920px) 100vw, 1920px\">\n              <\/figure>\n              <div class=\"content\">\n                <h3>Robert Thomson, Presidente<\/h3>\n                <p><p>Especialista cient\u00edfico, antiguo asesor sanitario de instituciones como la Organizaci\u00f3n Mundial de la Salud (OMS) y la Agencia Suiza para el Desarrollo y la Cooperaci\u00f3n (COSUDE).<\/p>\n <\/p>\n                <h3><\/h3>\n                <p> <\/p>\n                              <\/div>\n\n            <\/div>\n          <\/div>\n                    <div class=\"teamBlock\">\n            <div class=\"teamBox\">\n              <figure>\n                <img decoding=\"async\" data-src=\"https:\/\/edm.ch\/wp-content\/uploads\/2024\/10\/Nouveau-site_Carre9.png\" src=\"data:image\/svg+xml;base64,PHN2ZyB3aWR0aD0iMSIgaGVpZ2h0PSIxIiB4bWxucz0iaHR0cDovL3d3dy53My5vcmcvMjAwMC9zdmciPjwvc3ZnPg==\" class=\"lazyload\" style=\"--smush-placeholder-width: 1920px; --smush-placeholder-aspect-ratio: 1920\/1920;\" data-srcset=\"https:\/\/edm.ch\/wp-content\/uploads\/2024\/10\/Nouveau-site_Carre9.png 1920w, https:\/\/edm.ch\/wp-content\/uploads\/2024\/10\/Nouveau-site_Carre9-300x300.png 300w, https:\/\/edm.ch\/wp-content\/uploads\/2024\/10\/Nouveau-site_Carre9-1024x1024.png 1024w, https:\/\/edm.ch\/wp-content\/uploads\/2024\/10\/Nouveau-site_Carre9-150x150.png 150w, https:\/\/edm.ch\/wp-content\/uploads\/2024\/10\/Nouveau-site_Carre9-768x768.png 768w, https:\/\/edm.ch\/wp-content\/uploads\/2024\/10\/Nouveau-site_Carre9-1536x1536.png 1536w\" data-sizes=\"auto\" data-original-sizes=\"(max-width: 1920px) 100vw, 1920px\">\n              <\/figure>\n              <div class=\"content\">\n                <h3>Jean-Fran\u00e7ois Cu\u00e9nod, Vicepresidente<\/h3>\n                <p><p>Antiguo empleado de la Agencia Suiza para el Desarrollo y la Cooperaci\u00f3n (COSUDE).<\/p>\n <\/p>\n                <h3><\/h3>\n                <p> <\/p>\n                              <\/div>\n\n            <\/div>\n          <\/div>\n                    <div class=\"teamBlock\">\n            <div class=\"teamBox\">\n              <figure>\n                <img decoding=\"async\" data-src=\"https:\/\/edm.ch\/wp-content\/uploads\/2023\/08\/51.png\" src=\"data:image\/svg+xml;base64,PHN2ZyB3aWR0aD0iMSIgaGVpZ2h0PSIxIiB4bWxucz0iaHR0cDovL3d3dy53My5vcmcvMjAwMC9zdmciPjwvc3ZnPg==\" class=\"lazyload\" style=\"--smush-placeholder-width: 560px; --smush-placeholder-aspect-ratio: 560\/560;\" data-srcset=\"https:\/\/edm.ch\/wp-content\/uploads\/2023\/08\/51.png 560w, https:\/\/edm.ch\/wp-content\/uploads\/2023\/08\/51-300x300.png 300w, https:\/\/edm.ch\/wp-content\/uploads\/2023\/08\/51-150x150.png 150w\" data-sizes=\"auto\" data-original-sizes=\"(max-width: 560px) 100vw, 560px\">\n              <\/figure>\n              <div class=\"content\">\n                <h3>Rosemarie Lausselet, Vicepresidenta<\/h3>\n                <p><p>Formadora y antigua consultora en educaci\u00f3n y gesti\u00f3n de proyectos de desarrollo para la cooperaci\u00f3n suiza.<\/p>\n <\/p>\n                <h3><\/h3>\n                <p> <\/p>\n                              <\/div>\n\n            <\/div>\n          <\/div>\n                    <div class=\"teamBlock\">\n            <div class=\"teamBox\">\n              <figure>\n                <img decoding=\"async\" data-src=\"https:\/\/edm.ch\/wp-content\/uploads\/2023\/08\/47.png\" src=\"data:image\/svg+xml;base64,PHN2ZyB3aWR0aD0iMSIgaGVpZ2h0PSIxIiB4bWxucz0iaHR0cDovL3d3dy53My5vcmcvMjAwMC9zdmciPjwvc3ZnPg==\" class=\"lazyload\" style=\"--smush-placeholder-width: 560px; --smush-placeholder-aspect-ratio: 560\/560;\" data-srcset=\"https:\/\/edm.ch\/wp-content\/uploads\/2023\/08\/47.png 560w, https:\/\/edm.ch\/wp-content\/uploads\/2023\/08\/47-300x300.png 300w, https:\/\/edm.ch\/wp-content\/uploads\/2023\/08\/47-150x150.png 150w\" data-sizes=\"auto\" data-original-sizes=\"(max-width: 560px) 100vw, 560px\">\n              <\/figure>\n              <div class=\"content\">\n                <h3>Jean-Paul Nussbaumer, Tesorero<\/h3>\n                <p><p>Doctor en Ciencias T\u00e9cnicas, ingeniero de la EPFL en inform\u00e1tica, actualmente Director de Ventas de una multinacional tecnol\u00f3gica.<\/p>\n<p>Vicepresidente y Director General de Dell Technologies.<\/p>\n <\/p>\n                <h3><\/h3>\n                <p> <\/p>\n                              <\/div>\n\n            <\/div>\n          <\/div>\n                    <div class=\"teamBlock\">\n            <div class=\"teamBox\">\n              <figure>\n                <img decoding=\"async\" data-src=\"https:\/\/edm.ch\/wp-content\/uploads\/2023\/08\/49.png\" src=\"data:image\/svg+xml;base64,PHN2ZyB3aWR0aD0iMSIgaGVpZ2h0PSIxIiB4bWxucz0iaHR0cDovL3d3dy53My5vcmcvMjAwMC9zdmciPjwvc3ZnPg==\" class=\"lazyload\" style=\"--smush-placeholder-width: 560px; --smush-placeholder-aspect-ratio: 560\/560;\" data-srcset=\"https:\/\/edm.ch\/wp-content\/uploads\/2023\/08\/49.png 560w, https:\/\/edm.ch\/wp-content\/uploads\/2023\/08\/49-300x300.png 300w, https:\/\/edm.ch\/wp-content\/uploads\/2023\/08\/49-150x150.png 150w\" data-sizes=\"auto\" data-original-sizes=\"(max-width: 560px) 100vw, 560px\">\n              <\/figure>\n              <div class=\"content\">\n                <h3>Laurent Guye<\/h3>\n                <p><p>Antiguo embajador de Suiza en Kirguist\u00e1n.<\/p>\n <\/p>\n                <h3><\/h3>\n                <p> <\/p>\n                              <\/div>\n\n            <\/div>\n          <\/div>\n                    <div class=\"teamBlock\">\n            <div class=\"teamBox\">\n              <figure>\n                <img decoding=\"async\" data-src=\"https:\/\/edm.ch\/wp-content\/uploads\/2023\/08\/46.png\" src=\"data:image\/svg+xml;base64,PHN2ZyB3aWR0aD0iMSIgaGVpZ2h0PSIxIiB4bWxucz0iaHR0cDovL3d3dy53My5vcmcvMjAwMC9zdmciPjwvc3ZnPg==\" class=\"lazyload\" style=\"--smush-placeholder-width: 560px; --smush-placeholder-aspect-ratio: 560\/560;\" data-srcset=\"https:\/\/edm.ch\/wp-content\/uploads\/2023\/08\/46.png 560w, https:\/\/edm.ch\/wp-content\/uploads\/2023\/08\/46-300x300.png 300w, https:\/\/edm.ch\/wp-content\/uploads\/2023\/08\/46-150x150.png 150w\" data-sizes=\"auto\" data-original-sizes=\"(max-width: 560px) 100vw, 560px\">\n              <\/figure>\n              <div class=\"content\">\n                <h3>Louis Loutan<\/h3>\n                <p><p>M\u00e9dico especializado en medicina interna, medicina tropical y salud p\u00fablica, y fundador del servicio de medicina tropical y humanitaria de los Hospitales Universitarios de Ginebra.<\/p>\n <\/p>\n                <h3><\/h3>\n                <p> <\/p>\n                              <\/div>\n\n            <\/div>\n          <\/div>\n                    <div class=\"teamBlock\">\n            <div class=\"teamBox\">\n              <figure>\n                <img decoding=\"async\" data-src=\"https:\/\/edm.ch\/wp-content\/uploads\/2023\/08\/52.png\" src=\"data:image\/svg+xml;base64,PHN2ZyB3aWR0aD0iMSIgaGVpZ2h0PSIxIiB4bWxucz0iaHR0cDovL3d3dy53My5vcmcvMjAwMC9zdmciPjwvc3ZnPg==\" class=\"lazyload\" style=\"--smush-placeholder-width: 560px; --smush-placeholder-aspect-ratio: 560\/560;\" data-srcset=\"https:\/\/edm.ch\/wp-content\/uploads\/2023\/08\/52.png 560w, https:\/\/edm.ch\/wp-content\/uploads\/2023\/08\/52-300x300.png 300w, https:\/\/edm.ch\/wp-content\/uploads\/2023\/08\/52-150x150.png 150w\" data-sizes=\"auto\" data-original-sizes=\"(max-width: 560px) 100vw, 560px\">\n              <\/figure>\n              <div class=\"content\">\n                <h3>Jacques Mader<\/h3>\n                <p><p>Profesional de la salud que ha ocupado diversos cargos en Suiza y en el extranjero, y antiguo codirector del programa global de salud de la Agencia Suiza para el Desarrollo y la Cooperaci\u00f3n.<\/p>\n <\/p>\n                <h3><\/h3>\n                <p> <\/p>\n                              <\/div>\n\n            <\/div>\n          <\/div>\n                    <div class=\"teamBlock\">\n            <div class=\"teamBox\">\n              <figure>\n                <img decoding=\"async\" data-src=\"https:\/\/edm.ch\/wp-content\/uploads\/2023\/08\/50.png\" src=\"data:image\/svg+xml;base64,PHN2ZyB3aWR0aD0iMSIgaGVpZ2h0PSIxIiB4bWxucz0iaHR0cDovL3d3dy53My5vcmcvMjAwMC9zdmciPjwvc3ZnPg==\" class=\"lazyload\" style=\"--smush-placeholder-width: 560px; --smush-placeholder-aspect-ratio: 560\/560;\" data-srcset=\"https:\/\/edm.ch\/wp-content\/uploads\/2023\/08\/50.png 560w, https:\/\/edm.ch\/wp-content\/uploads\/2023\/08\/50-300x300.png 300w, https:\/\/edm.ch\/wp-content\/uploads\/2023\/08\/50-150x150.png 150w\" data-sizes=\"auto\" data-original-sizes=\"(max-width: 560px) 100vw, 560px\">\n              <\/figure>\n              <div class=\"content\">\n                <h3>Verena Szabo<\/h3>\n                <p><p>Periodista y productora de la Radio T\u00e9l\u00e9vision Suisse (organismo de radiodifusi\u00f3n)<\/p>\n <\/p>\n                <h3><\/h3>\n                <p> <\/p>\n                              <\/div>\n\n            <\/div>\n          <\/div>\n                    <div class=\"teamBlock\">\n            <div class=\"teamBox\">\n              <figure>\n                <img decoding=\"async\" data-src=\"https:\/\/edm.ch\/wp-content\/uploads\/2023\/08\/48.png\" src=\"data:image\/svg+xml;base64,PHN2ZyB3aWR0aD0iMSIgaGVpZ2h0PSIxIiB4bWxucz0iaHR0cDovL3d3dy53My5vcmcvMjAwMC9zdmciPjwvc3ZnPg==\" class=\"lazyload\" style=\"--smush-placeholder-width: 560px; --smush-placeholder-aspect-ratio: 560\/560;\" data-srcset=\"https:\/\/edm.ch\/wp-content\/uploads\/2023\/08\/48.png 560w, https:\/\/edm.ch\/wp-content\/uploads\/2023\/08\/48-300x300.png 300w, https:\/\/edm.ch\/wp-content\/uploads\/2023\/08\/48-150x150.png 150w\" data-sizes=\"auto\" data-original-sizes=\"(max-width: 560px) 100vw, 560px\">\n              <\/figure>\n              <div class=\"content\">\n                <h3>Anne Zwahlen-Jomini<\/h3>\n                <p><p>Ex jefa adjunta de divisi\u00f3n para \u00c1frica Occidental en la Agencia Suiza para el Desarrollo y la Cooperaci\u00f3n, con especial responsabilidad en educaci\u00f3n y formaci\u00f3n, y ex jefa del programa de g\u00e9nero. Tambi\u00e9n ha trabajado en los \u00e1mbitos de la evaluaci\u00f3n y la gesti\u00f3n estrat\u00e9gica.<\/p>\n <\/p>\n                <h3><\/h3>\n                <p> <\/p>\n                              <\/div>\n\n            <\/div>\n          <\/div>\n                    <div class=\"teamBlock\">\n            <div class=\"teamBox\">\n              <figure>\n                <img decoding=\"async\" data-src=\"https:\/\/edm.ch\/wp-content\/uploads\/2025\/07\/Enfants_du_Monde_Clemence-1.png\" src=\"data:image\/svg+xml;base64,PHN2ZyB3aWR0aD0iMSIgaGVpZ2h0PSIxIiB4bWxucz0iaHR0cDovL3d3dy53My5vcmcvMjAwMC9zdmciPjwvc3ZnPg==\" class=\"lazyload\" style=\"--smush-placeholder-width: 1920px; --smush-placeholder-aspect-ratio: 1920\/1920;\" data-srcset=\"https:\/\/edm.ch\/wp-content\/uploads\/2025\/07\/Enfants_du_Monde_Clemence-1.png 1920w, https:\/\/edm.ch\/wp-content\/uploads\/2025\/07\/Enfants_du_Monde_Clemence-1-300x300.png 300w, https:\/\/edm.ch\/wp-content\/uploads\/2025\/07\/Enfants_du_Monde_Clemence-1-1024x1024.png 1024w, https:\/\/edm.ch\/wp-content\/uploads\/2025\/07\/Enfants_du_Monde_Clemence-1-150x150.png 150w, https:\/\/edm.ch\/wp-content\/uploads\/2025\/07\/Enfants_du_Monde_Clemence-1-768x768.png 768w, https:\/\/edm.ch\/wp-content\/uploads\/2025\/07\/Enfants_du_Monde_Clemence-1-1536x1536.png 1536w\" data-sizes=\"auto\" data-original-sizes=\"(max-width: 1920px) 100vw, 1920px\">\n              <\/figure>\n              <div class=\"content\">\n                <h3>Micka\u00eblle Haution-Pra<\/h3>\n                <p><p>Especialista en gobernanza y recaudaci\u00f3n de fondos, con una s\u00f3lida experiencia en el sector asociativo y humanitario.<\/p>\n<p>&nbsp;<\/p>\n<p>&nbsp;<\/p>\n <\/p>\n                <h3><\/h3>\n                <p> <\/p>\n                              <\/div>\n\n            <\/div>\n          <\/div>\n                                        <\/div>\n         <\/div>\n    \n      <\/section>","protected":false},"excerpt":{"rendered":"","protected":false},"author":1,"featured_media":3087,"parent":0,"menu_order":0,"comment_status":"closed","ping_status":"closed","template":"templates\/yellow-line-1.php","meta":{"_acf_changed":false,"inline_featured_image":false,"footnotes":""},"class_list":["post-9248","page","type-page","status-publish","has-post-thumbnail","hentry"],"acf":[],"yoast_head":"<!-- This site is optimized with the Yoast SEO plugin v26.9 - https:\/\/yoast.com\/product\/yoast-seo-wordpress\/ -->\n<title>Comit\u00e9 - Enfants du monde<\/title>\n<meta name=\"description\" content=\"Elegido por la Asamblea General, el Comit\u00e9 es el \u00f3rgano directivo de la asociaci\u00f3n . Sus miembros colaboran de manera voluntaria.\" \/>\n<meta name=\"robots\" content=\"index, follow, max-snippet:-1, max-image-preview:large, max-video-preview:-1\" \/>\n<link rel=\"canonical\" href=\"https:\/\/edm.ch\/es\/el-comite\/\" \/>\n<meta property=\"og:locale\" content=\"es_ES\" \/>\n<meta property=\"og:type\" content=\"article\" \/>\n<meta property=\"og:title\" content=\"Comit\u00e9 - Enfants du monde\" \/>\n<meta property=\"og:description\" content=\"Elegido por la Asamblea General, el Comit\u00e9 es el \u00f3rgano directivo de la asociaci\u00f3n . Sus miembros colaboran de manera voluntaria.\" \/>\n<meta property=\"og:url\" content=\"https:\/\/edm.ch\/es\/el-comite\/\" \/>\n<meta property=\"og:site_name\" content=\"Enfants du monde\" \/>\n<meta property=\"article:modified_time\" content=\"2025-07-10T08:26:00+00:00\" \/>\n<meta property=\"og:image\" content=\"https:\/\/edm.ch\/wp-content\/uploads\/2023\/08\/enfants_du_monde_website_image_-photo_de_groupe-1024x328.png\" \/>\n\t<meta property=\"og:image:width\" content=\"1024\" \/>\n\t<meta property=\"og:image:height\" content=\"328\" \/>\n\t<meta property=\"og:image:type\" content=\"image\/png\" \/>\n<meta name=\"twitter:card\" content=\"summary_large_image\" \/>\n<meta name=\"twitter:label1\" content=\"Est. reading time\" \/>\n\t<meta name=\"twitter:data1\" content=\"1 minuto\" \/>\n<script type=\"application\/ld+json\" class=\"yoast-schema-graph\">{\"@context\":\"https:\/\/schema.org\",\"@graph\":[{\"@type\":\"WebPage\",\"@id\":\"https:\/\/edm.ch\/es\/el-comite\/\",\"url\":\"https:\/\/edm.ch\/es\/el-comite\/\",\"name\":\"Comit\u00e9 - Enfants du monde\",\"isPartOf\":{\"@id\":\"https:\/\/edm.ch\/en\/#website\"},\"primaryImageOfPage\":{\"@id\":\"https:\/\/edm.ch\/es\/el-comite\/#primaryimage\"},\"image\":{\"@id\":\"https:\/\/edm.ch\/es\/el-comite\/#primaryimage\"},\"thumbnailUrl\":\"https:\/\/edm.ch\/wp-content\/uploads\/2023\/08\/enfants_du_monde_website_image_-photo_de_groupe.png\",\"datePublished\":\"2023-08-20T09:32:55+00:00\",\"dateModified\":\"2025-07-10T08:26:00+00:00\",\"description\":\"Elegido por la Asamblea General, el Comit\u00e9 es el \u00f3rgano directivo de la asociaci\u00f3n . Sus miembros colaboran de manera voluntaria.\",\"inLanguage\":\"es\",\"potentialAction\":[{\"@type\":\"ReadAction\",\"target\":[\"https:\/\/edm.ch\/es\/el-comite\/\"]}]},{\"@type\":\"ImageObject\",\"inLanguage\":\"es\",\"@id\":\"https:\/\/edm.ch\/es\/el-comite\/#primaryimage\",\"url\":\"https:\/\/edm.ch\/wp-content\/uploads\/2023\/08\/enfants_du_monde_website_image_-photo_de_groupe.png\",\"contentUrl\":\"https:\/\/edm.ch\/wp-content\/uploads\/2023\/08\/enfants_du_monde_website_image_-photo_de_groupe.png\",\"width\":2500,\"height\":800},{\"@type\":\"WebSite\",\"@id\":\"https:\/\/edm.ch\/en\/#website\",\"url\":\"https:\/\/edm.ch\/en\/\",\"name\":\"Enfants du monde\",\"description\":\"Association suisse\",\"potentialAction\":[{\"@type\":\"SearchAction\",\"target\":{\"@type\":\"EntryPoint\",\"urlTemplate\":\"https:\/\/edm.ch\/en\/?s={search_term_string}\"},\"query-input\":{\"@type\":\"PropertyValueSpecification\",\"valueRequired\":true,\"valueName\":\"search_term_string\"}}],\"inLanguage\":\"es\"}]}<\/script>\n<!-- \/ Yoast SEO plugin. -->","yoast_head_json":{"title":"Comit\u00e9 - Enfants du monde","description":"Elegido por la Asamblea General, el Comit\u00e9 es el \u00f3rgano directivo de la asociaci\u00f3n . Sus miembros colaboran de manera voluntaria.","robots":{"index":"index","follow":"follow","max-snippet":"max-snippet:-1","max-image-preview":"max-image-preview:large","max-video-preview":"max-video-preview:-1"},"canonical":"https:\/\/edm.ch\/es\/el-comite\/","og_locale":"es_ES","og_type":"article","og_title":"Comit\u00e9 - Enfants du monde","og_description":"Elegido por la Asamblea General, el Comit\u00e9 es el \u00f3rgano directivo de la asociaci\u00f3n . Sus miembros colaboran de manera voluntaria.","og_url":"https:\/\/edm.ch\/es\/el-comite\/","og_site_name":"Enfants du monde","article_modified_time":"2025-07-10T08:26:00+00:00","og_image":[{"width":1024,"height":328,"url":"https:\/\/edm.ch\/wp-content\/uploads\/2023\/08\/enfants_du_monde_website_image_-photo_de_groupe-1024x328.png","type":"image\/png"}],"twitter_card":"summary_large_image","twitter_misc":{"Est. reading time":"1 minuto"},"schema":{"@context":"https:\/\/schema.org","@graph":[{"@type":"WebPage","@id":"https:\/\/edm.ch\/es\/el-comite\/","url":"https:\/\/edm.ch\/es\/el-comite\/","name":"Comit\u00e9 - Enfants du monde","isPartOf":{"@id":"https:\/\/edm.ch\/en\/#website"},"primaryImageOfPage":{"@id":"https:\/\/edm.ch\/es\/el-comite\/#primaryimage"},"image":{"@id":"https:\/\/edm.ch\/es\/el-comite\/#primaryimage"},"thumbnailUrl":"https:\/\/edm.ch\/wp-content\/uploads\/2023\/08\/enfants_du_monde_website_image_-photo_de_groupe.png","datePublished":"2023-08-20T09:32:55+00:00","dateModified":"2025-07-10T08:26:00+00:00","description":"Elegido por la Asamblea General, el Comit\u00e9 es el \u00f3rgano directivo de la asociaci\u00f3n . Sus miembros colaboran de manera voluntaria.","inLanguage":"es","potentialAction":[{"@type":"ReadAction","target":["https:\/\/edm.ch\/es\/el-comite\/"]}]},{"@type":"ImageObject","inLanguage":"es","@id":"https:\/\/edm.ch\/es\/el-comite\/#primaryimage","url":"https:\/\/edm.ch\/wp-content\/uploads\/2023\/08\/enfants_du_monde_website_image_-photo_de_groupe.png","contentUrl":"https:\/\/edm.ch\/wp-content\/uploads\/2023\/08\/enfants_du_monde_website_image_-photo_de_groupe.png","width":2500,"height":800},{"@type":"WebSite","@id":"https:\/\/edm.ch\/en\/#website","url":"https:\/\/edm.ch\/en\/","name":"Enfants du monde","description":"Association suisse","potentialAction":[{"@type":"SearchAction","target":{"@type":"EntryPoint","urlTemplate":"https:\/\/edm.ch\/en\/?s={search_term_string}"},"query-input":{"@type":"PropertyValueSpecification","valueRequired":true,"valueName":"search_term_string"}}],"inLanguage":"es"}]}},"_links":{"self":[{"href":"https:\/\/edm.ch\/es\/wp-json\/wp\/v2\/pages\/9248","targetHints":{"allow":["GET"]}}],"collection":[{"href":"https:\/\/edm.ch\/es\/wp-json\/wp\/v2\/pages"}],"about":[{"href":"https:\/\/edm.ch\/es\/wp-json\/wp\/v2\/types\/page"}],"author":[{"embeddable":true,"href":"https:\/\/edm.ch\/es\/wp-json\/wp\/v2\/users\/1"}],"replies":[{"embeddable":true,"href":"https:\/\/edm.ch\/es\/wp-json\/wp\/v2\/comments?post=9248"}],"version-history":[{"count":17,"href":"https:\/\/edm.ch\/es\/wp-json\/wp\/v2\/pages\/9248\/revisions"}],"predecessor-version":[{"id":36336,"href":"https:\/\/edm.ch\/es\/wp-json\/wp\/v2\/pages\/9248\/revisions\/36336"}],"wp:featuredmedia":[{"embeddable":true,"href":"https:\/\/edm.ch\/es\/wp-json\/wp\/v2\/media\/3087"}],"wp:attachment":[{"href":"https:\/\/edm.ch\/es\/wp-json\/wp\/v2\/media?parent=9248"}],"curies":[{"name":"wp","href":"https:\/\/api.w.org\/{rel}","templated":true}]}}