{"id":8271,"date":"2023-08-15T09:26:22","date_gmt":"2023-08-15T09:26:22","guid":{"rendered":"https:\/\/edm.ch\/?page_id=8271"},"modified":"2024-10-16T13:28:47","modified_gmt":"2024-10-16T13:28:47","slug":"una-cancion-para-la-educacion","status":"publish","type":"page","link":"https:\/\/edm.ch\/es\/una-cancion-para-la-educacion\/","title":{"rendered":"Una canci\u00f3n por la educaci\u00f3n"},"content":{"rendered":"<section class=\"subpageBanner\" style=\"display:\">\n    <div class=\"subpageBannerBlock figure_block\">\n        <img decoding=\"async\" data-src=\"https:\/\/edm.ch\/wp-content\/uploads\/2023\/08\/Enfants_du_monde_website_image_banner_chanson_education.png\" src=\"data:image\/svg+xml;base64,PHN2ZyB3aWR0aD0iMSIgaGVpZ2h0PSIxIiB4bWxucz0iaHR0cDovL3d3dy53My5vcmcvMjAwMC9zdmciPjwvc3ZnPg==\" class=\"lazyload\" style=\"--smush-placeholder-width: 2500px; --smush-placeholder-aspect-ratio: 2500\/800;\" data-srcset=\"https:\/\/edm.ch\/wp-content\/uploads\/2023\/08\/Enfants_du_monde_website_image_banner_chanson_education.png 2500w, https:\/\/edm.ch\/wp-content\/uploads\/2023\/08\/Enfants_du_monde_website_image_banner_chanson_education-300x96.png 300w, https:\/\/edm.ch\/wp-content\/uploads\/2023\/08\/Enfants_du_monde_website_image_banner_chanson_education-1024x328.png 1024w, https:\/\/edm.ch\/wp-content\/uploads\/2023\/08\/Enfants_du_monde_website_image_banner_chanson_education-768x246.png 768w, https:\/\/edm.ch\/wp-content\/uploads\/2023\/08\/Enfants_du_monde_website_image_banner_chanson_education-1536x492.png 1536w, https:\/\/edm.ch\/wp-content\/uploads\/2023\/08\/Enfants_du_monde_website_image_banner_chanson_education-2048x655.png 2048w\" data-sizes=\"auto\" data-original-sizes=\"(max-width: 2500px) 100vw, 2500px\" \/>\n        <div class=\"subpageBannerWrap\">\n            <div class=\"container\">\n                <div class=\"content\">\n                    <div>\n                        <span class=\"bannerHead\"><\/span>\n                        <h1>Una canci\u00f3n por la educaci\u00f3n<\/h1>\n                    <\/div>\n                                    <\/div>\n            <\/div>\n        <\/div>\n            <\/div>\n<\/section>\n<script type=\"text\/javascript\">\n    jQuery(document).ready(function ($) {\n        \/\/ Check if the block exists\n        var bannerSection = $('#subpage-banner-section');\n\n        if (bannerSection.length > 0) {\n            \/\/ Move the block to the end of <main> just before the footer\n            $('main').append(bannerSection); \/\/ This will append it inside the <main> tag\n        }\n\n        $('.documentAccordion').on('click', function (e) {\n            e.preventDefault();  \/\/ Prevent default link action\n\n            \/\/ Target the section with the given ID\n            $('html, body').animate({\n                scrollTop: $('#subpage-banner-section').offset().top - 200\n            }, 1000);\n        });\n    });\n<\/script>\n\n        <section class=\"contentSec\" style=\"display:\">\n        <div class=\"container\">\n            <div class=\"contentBlock\">\n                <h5><\/h5>\n                <p><span style=\"color: #000000;\"><span lang=\"es-ES\"><em>Este proyecto ya no se ofrece en las escuelas.<\/em> <\/span><\/span><\/p>\n                            <\/div>\n        <\/div>\n    <\/section>\n\n\n    \n    <section class=\"rightTextLeftImg \" style=\"display:\">\n        <div class=\"container\">\n            <div class=\"rightTextLeftImgRow\">\n                                    <div class=\"left\">\n                                                    <div class=\"imgBlock\">\n                                <a class=\"figure_block\" href=\"https:\/\/edm.ch\/wp-content\/uploads\/2023\/08\/Enfants_du_monde_website_image_apercu_chanson_education.png\" data-fancybox data-caption=\"\u00a9 Laurent Pasche\">\n                                    <img decoding=\"async\" data-src=\"https:\/\/edm.ch\/wp-content\/uploads\/2023\/08\/Enfants_du_monde_website_image_apercu_chanson_education.png\" src=\"data:image\/svg+xml;base64,PHN2ZyB3aWR0aD0iMSIgaGVpZ2h0PSIxIiB4bWxucz0iaHR0cDovL3d3dy53My5vcmcvMjAwMC9zdmciPjwvc3ZnPg==\" class=\"lazyload\" style=\"--smush-placeholder-width: 1920px; --smush-placeholder-aspect-ratio: 1920\/1920;\" data-srcset=\"https:\/\/edm.ch\/wp-content\/uploads\/2023\/08\/Enfants_du_monde_website_image_apercu_chanson_education.png 1920w, https:\/\/edm.ch\/wp-content\/uploads\/2023\/08\/Enfants_du_monde_website_image_apercu_chanson_education-300x300.png 300w, https:\/\/edm.ch\/wp-content\/uploads\/2023\/08\/Enfants_du_monde_website_image_apercu_chanson_education-1024x1024.png 1024w, https:\/\/edm.ch\/wp-content\/uploads\/2023\/08\/Enfants_du_monde_website_image_apercu_chanson_education-150x150.png 150w, https:\/\/edm.ch\/wp-content\/uploads\/2023\/08\/Enfants_du_monde_website_image_apercu_chanson_education-768x768.png 768w, https:\/\/edm.ch\/wp-content\/uploads\/2023\/08\/Enfants_du_monde_website_image_apercu_chanson_education-1536x1536.png 1536w\" data-sizes=\"auto\" data-original-sizes=\"(max-width: 1920px) 100vw, 1920px\" \/>\n                                                                    <\/a>\n                                <figcaption>\u00a9 Laurent Pasche<\/figcaption>\n                            <\/div>\n                                            <\/div>\n                                                    <div class=\"right\">\n                        <div class=\"content\">\n                            <h2>                                Cantar el derecho a la educaci\u00f3n universal <small><\/small>\n                            <\/h2>                                                            <p align=\"left\"><span lang=\"es-ES\">El proyecto \u201cUna canci\u00f3n para la educaci\u00f3n\u201c (Une Chanson pour l\u2019\u00c9ducation), implementado con el apoyo de Compagnie Zappar, invita a los ni\u00f1os a participar en la m\u00fasica por su derecho a la educaci\u00f3n. <\/span><span lang=\"fr-CH\">Supervisados <\/span><span lang=\"fr-CH\">\u200b\u200b<\/span><span lang=\"fr-CH\">por artistas consagrados y profesionales, los\/as ni\u00f1os\/as participan en la producci\u00f3n de canciones, CD y videoclips a favor del acceso a la educaci\u00f3n para todos los ni\u00f1os, m\u00e1s all\u00e1 de las fronteras.<\/span><\/p>\n                                                                                                            <\/div>\n                    <\/div>\n                            <\/div>\n        <\/div>\n    <\/section>\n\n        <section class=\"contentSec\" style=\"display:\">\n        <div class=\"container\">\n            <div class=\"contentBlock\">\n                <h5>Una canci\u00f3n m\u00e1s all\u00e1 de las fronteras<\/h5>\n                <p><span lang=\"es-ES\">Lanzada en 2011 por iniciativa de la Red Suiza para la Educaci\u00f3n y la Cooperaci\u00f3n Internacional, de la que Enfants du Monde es miembro, \u201cUna canci\u00f3n para la educaci\u00f3n\u201c (Une Chanson pour l\u2019\u00c9ducation), cruz\u00f3 r\u00e1pidamente fronteras. <\/span>Estudiantes y artistas de Burkina Faso, Hait\u00ed y Quebec se unieron a Suiza para defender el derecho a la educaci\u00f3n de todos los ni\u00f1os del mundo produciendo un CD e interpretando sus canciones en el escenario.<\/p>\n<p>En total, cerca de 3.800 estudiantes de 5 pa\u00edses diferentes participaron en \u201cUna canci\u00f3n para la educaci\u00f3n\u201c (Une Chanson pour l\u2019\u00c9ducation). Artistas confirmados como los cantantes suizos Marc Aymon, Fraissinet y K as\u00ed como la Gangb\u00e9 Brass Band de Benin y el cantante burkin\u00e9s Dicko Fils tambi\u00e9n han prestado su voz a este proyecto.<\/p>\n<p>&nbsp;<\/p>\n<p>&nbsp;<\/p>\n<p><a href=\"https:\/\/www.youtube.com\/playlist?list=PLO7Z6YUNQu3G2XA6rFBEfaCfhzq8DsHb7\"><span lang=\"es-ES\">Ver todos los videoclips<\/span><\/a><\/p>\n<p>&nbsp;<\/p>\n                            <\/div>\n        <\/div>\n    <\/section>\n\n\n    <section class=\"donation_count\" style=\"display:\">\n        <div class=\"inner_row\">\n            <div class=\"right_img_block\">\n                <div class=\"img_block figure_block\">\n                    <img decoding=\"async\" data-src=\"https:\/\/edm.ch\/wp-content\/uploads\/2023\/08\/Enfants_du_monde_website_image_don_chanson_education.png\" alt=\"\" src=\"data:image\/svg+xml;base64,PHN2ZyB3aWR0aD0iMSIgaGVpZ2h0PSIxIiB4bWxucz0iaHR0cDovL3d3dy53My5vcmcvMjAwMC9zdmciPjwvc3ZnPg==\" class=\"lazyload\" style=\"--smush-placeholder-width: 1920px; --smush-placeholder-aspect-ratio: 1920\/1920;\" data-srcset=\"https:\/\/edm.ch\/wp-content\/uploads\/2023\/08\/Enfants_du_monde_website_image_don_chanson_education.png 1920w, https:\/\/edm.ch\/wp-content\/uploads\/2023\/08\/Enfants_du_monde_website_image_don_chanson_education-300x300.png 300w, https:\/\/edm.ch\/wp-content\/uploads\/2023\/08\/Enfants_du_monde_website_image_don_chanson_education-1024x1024.png 1024w, https:\/\/edm.ch\/wp-content\/uploads\/2023\/08\/Enfants_du_monde_website_image_don_chanson_education-150x150.png 150w, https:\/\/edm.ch\/wp-content\/uploads\/2023\/08\/Enfants_du_monde_website_image_don_chanson_education-768x768.png 768w, https:\/\/edm.ch\/wp-content\/uploads\/2023\/08\/Enfants_du_monde_website_image_don_chanson_education-1536x1536.png 1536w\" data-sizes=\"auto\" data-original-sizes=\"(max-width: 1920px) 100vw, 1920px\">\n                                    <\/div>\n            <\/div>\n            <div class=\"left_txt_block\">\n                <div class=\"txt_contents\">\n                    <h3>Mi donaci\u00f3n marca la diferencia<\/h3>\n                    <div class=\"block_txts\">\n                                                    <div class=\"item\">\n                                <span class=\"title\">Por ejemplo:<\/span>\n                                <p><\/p>\n                            <\/div>\n                                                    <div class=\"item\">\n                                <span class=\"title\">Con 100 francos:<\/span>\n                                <p>Contribuyo al desarrollo de materiales did\u00e1cticos de calidad sobre los derechos del ni\u00f1o para estudiantes en Suiza.<\/p>\n                            <\/div>\n                                                                            <a href=\"https:\/\/don.edm.ch\/es\" class=\"btnWhite buttonDonation\">\n                                HAGO UNA DONACI\u00d3N                            <\/a>\n                                            <\/div>\n                <\/div>\n            <\/div>\n        <\/div>\n    <\/section>","protected":false},"excerpt":{"rendered":"","protected":false},"author":3,"featured_media":0,"parent":0,"menu_order":0,"comment_status":"closed","ping_status":"closed","template":"templates\/yellow-line-1.php","meta":{"_acf_changed":false,"inline_featured_image":false,"footnotes":""},"class_list":["post-8271","page","type-page","status-publish","hentry"],"acf":[],"yoast_head":"<!-- This site is optimized with the Yoast SEO plugin v26.9 - https:\/\/yoast.com\/product\/yoast-seo-wordpress\/ -->\n<title>Derechos del ni\u00f1o - Una canci\u00f3n para la educaci\u00f3n - Enfants du Monde<\/title>\n<meta name=\"description\" content=\"Una canci\u00f3n por la educaci\u00f3n y los derechos de la infancia: 3800 ni\u00f1os y varios artistas participaron en el proyecto.\" \/>\n<meta name=\"robots\" content=\"index, follow, max-snippet:-1, max-image-preview:large, max-video-preview:-1\" \/>\n<link rel=\"canonical\" href=\"https:\/\/edm.ch\/es\/una-cancion-para-la-educacion\/\" \/>\n<meta property=\"og:locale\" content=\"es_ES\" \/>\n<meta property=\"og:type\" content=\"article\" \/>\n<meta property=\"og:title\" content=\"Derechos del ni\u00f1o - Una canci\u00f3n para la educaci\u00f3n - Enfants du Monde\" \/>\n<meta property=\"og:description\" content=\"Una canci\u00f3n por la educaci\u00f3n y los derechos de la infancia: 3800 ni\u00f1os y varios artistas participaron en el proyecto.\" \/>\n<meta property=\"og:url\" content=\"https:\/\/edm.ch\/es\/una-cancion-para-la-educacion\/\" \/>\n<meta property=\"og:site_name\" content=\"Enfants du monde\" \/>\n<meta property=\"article:modified_time\" content=\"2024-10-16T13:28:47+00:00\" \/>\n<meta name=\"twitter:card\" content=\"summary_large_image\" \/>\n<script type=\"application\/ld+json\" class=\"yoast-schema-graph\">{\"@context\":\"https:\/\/schema.org\",\"@graph\":[{\"@type\":\"WebPage\",\"@id\":\"https:\/\/edm.ch\/es\/una-cancion-para-la-educacion\/\",\"url\":\"https:\/\/edm.ch\/es\/una-cancion-para-la-educacion\/\",\"name\":\"Derechos del ni\u00f1o - Una canci\u00f3n para la educaci\u00f3n - Enfants du Monde\",\"isPartOf\":{\"@id\":\"https:\/\/edm.ch\/en\/#website\"},\"datePublished\":\"2023-08-15T09:26:22+00:00\",\"dateModified\":\"2024-10-16T13:28:47+00:00\",\"description\":\"Una canci\u00f3n por la educaci\u00f3n y los derechos de la infancia: 3800 ni\u00f1os y varios artistas participaron en el proyecto.\",\"inLanguage\":\"es\",\"potentialAction\":[{\"@type\":\"ReadAction\",\"target\":[\"https:\/\/edm.ch\/es\/una-cancion-para-la-educacion\/\"]}]},{\"@type\":\"WebSite\",\"@id\":\"https:\/\/edm.ch\/en\/#website\",\"url\":\"https:\/\/edm.ch\/en\/\",\"name\":\"Enfants du monde\",\"description\":\"Association suisse\",\"potentialAction\":[{\"@type\":\"SearchAction\",\"target\":{\"@type\":\"EntryPoint\",\"urlTemplate\":\"https:\/\/edm.ch\/en\/?s={search_term_string}\"},\"query-input\":{\"@type\":\"PropertyValueSpecification\",\"valueRequired\":true,\"valueName\":\"search_term_string\"}}],\"inLanguage\":\"es\"}]}<\/script>\n<!-- \/ Yoast SEO plugin. -->","yoast_head_json":{"title":"Derechos del ni\u00f1o - Una canci\u00f3n para la educaci\u00f3n - Enfants du Monde","description":"Una canci\u00f3n por la educaci\u00f3n y los derechos de la infancia: 3800 ni\u00f1os y varios artistas participaron en el proyecto.","robots":{"index":"index","follow":"follow","max-snippet":"max-snippet:-1","max-image-preview":"max-image-preview:large","max-video-preview":"max-video-preview:-1"},"canonical":"https:\/\/edm.ch\/es\/una-cancion-para-la-educacion\/","og_locale":"es_ES","og_type":"article","og_title":"Derechos del ni\u00f1o - Una canci\u00f3n para la educaci\u00f3n - Enfants du Monde","og_description":"Una canci\u00f3n por la educaci\u00f3n y los derechos de la infancia: 3800 ni\u00f1os y varios artistas participaron en el proyecto.","og_url":"https:\/\/edm.ch\/es\/una-cancion-para-la-educacion\/","og_site_name":"Enfants du monde","article_modified_time":"2024-10-16T13:28:47+00:00","twitter_card":"summary_large_image","schema":{"@context":"https:\/\/schema.org","@graph":[{"@type":"WebPage","@id":"https:\/\/edm.ch\/es\/una-cancion-para-la-educacion\/","url":"https:\/\/edm.ch\/es\/una-cancion-para-la-educacion\/","name":"Derechos del ni\u00f1o - Una canci\u00f3n para la educaci\u00f3n - Enfants du Monde","isPartOf":{"@id":"https:\/\/edm.ch\/en\/#website"},"datePublished":"2023-08-15T09:26:22+00:00","dateModified":"2024-10-16T13:28:47+00:00","description":"Una canci\u00f3n por la educaci\u00f3n y los derechos de la infancia: 3800 ni\u00f1os y varios artistas participaron en el proyecto.","inLanguage":"es","potentialAction":[{"@type":"ReadAction","target":["https:\/\/edm.ch\/es\/una-cancion-para-la-educacion\/"]}]},{"@type":"WebSite","@id":"https:\/\/edm.ch\/en\/#website","url":"https:\/\/edm.ch\/en\/","name":"Enfants du monde","description":"Association suisse","potentialAction":[{"@type":"SearchAction","target":{"@type":"EntryPoint","urlTemplate":"https:\/\/edm.ch\/en\/?s={search_term_string}"},"query-input":{"@type":"PropertyValueSpecification","valueRequired":true,"valueName":"search_term_string"}}],"inLanguage":"es"}]}},"_links":{"self":[{"href":"https:\/\/edm.ch\/es\/wp-json\/wp\/v2\/pages\/8271","targetHints":{"allow":["GET"]}}],"collection":[{"href":"https:\/\/edm.ch\/es\/wp-json\/wp\/v2\/pages"}],"about":[{"href":"https:\/\/edm.ch\/es\/wp-json\/wp\/v2\/types\/page"}],"author":[{"embeddable":true,"href":"https:\/\/edm.ch\/es\/wp-json\/wp\/v2\/users\/3"}],"replies":[{"embeddable":true,"href":"https:\/\/edm.ch\/es\/wp-json\/wp\/v2\/comments?post=8271"}],"version-history":[{"count":11,"href":"https:\/\/edm.ch\/es\/wp-json\/wp\/v2\/pages\/8271\/revisions"}],"predecessor-version":[{"id":32723,"href":"https:\/\/edm.ch\/es\/wp-json\/wp\/v2\/pages\/8271\/revisions\/32723"}],"wp:attachment":[{"href":"https:\/\/edm.ch\/es\/wp-json\/wp\/v2\/media?parent=8271"}],"curies":[{"name":"wp","href":"https:\/\/api.w.org\/{rel}","templated":true}]}}