{"id":8243,"date":"2023-08-16T13:51:51","date_gmt":"2023-08-16T13:51:51","guid":{"rendered":"https:\/\/edm.ch\/?page_id=8243"},"modified":"2023-08-24T13:16:00","modified_gmt":"2023-08-24T13:16:00","slug":"prevencion-malnutricion","status":"publish","type":"page","link":"https:\/\/edm.ch\/es\/prevencion-malnutricion\/","title":{"rendered":"Prevenci\u00f3n de la desnutrici\u00f3n"},"content":{"rendered":"<section class=\"subpageBanner\" style=\"display:\">\n    <div class=\"subpageBannerBlock figure_block\">\n        <img decoding=\"async\" data-src=\"https:\/\/edm.ch\/wp-content\/uploads\/2023\/08\/Enfants-du-monde_website_image-1430_banner-2500x800_.png\" src=\"data:image\/svg+xml;base64,PHN2ZyB3aWR0aD0iMSIgaGVpZ2h0PSIxIiB4bWxucz0iaHR0cDovL3d3dy53My5vcmcvMjAwMC9zdmciPjwvc3ZnPg==\" class=\"lazyload\" style=\"--smush-placeholder-width: 2500px; --smush-placeholder-aspect-ratio: 2500\/800;\" data-srcset=\"https:\/\/edm.ch\/wp-content\/uploads\/2023\/08\/Enfants-du-monde_website_image-1430_banner-2500x800_.png 2500w, https:\/\/edm.ch\/wp-content\/uploads\/2023\/08\/Enfants-du-monde_website_image-1430_banner-2500x800_-300x96.png 300w, https:\/\/edm.ch\/wp-content\/uploads\/2023\/08\/Enfants-du-monde_website_image-1430_banner-2500x800_-1024x328.png 1024w, https:\/\/edm.ch\/wp-content\/uploads\/2023\/08\/Enfants-du-monde_website_image-1430_banner-2500x800_-768x246.png 768w, https:\/\/edm.ch\/wp-content\/uploads\/2023\/08\/Enfants-du-monde_website_image-1430_banner-2500x800_-1536x492.png 1536w, https:\/\/edm.ch\/wp-content\/uploads\/2023\/08\/Enfants-du-monde_website_image-1430_banner-2500x800_-2048x655.png 2048w\" data-sizes=\"auto\" data-original-sizes=\"(max-width: 2500px) 100vw, 2500px\" \/>\n        <div class=\"subpageBannerWrap\">\n            <div class=\"container\">\n                <div class=\"content\">\n                    <div>\n                        <span class=\"bannerHead\"><\/span>\n                        <h1>Prevenci\u00f3n de la desnutrici\u00f3n<\/h1>\n                    <\/div>\n                                    <\/div>\n            <\/div>\n        <\/div>\n            <\/div>\n<\/section>\n<script type=\"text\/javascript\">\n    jQuery(document).ready(function ($) {\n        \/\/ Check if the block exists\n        var bannerSection = $('#subpage-banner-section');\n\n        if (bannerSection.length > 0) {\n            \/\/ Move the block to the end of <main> just before the footer\n            $('main').append(bannerSection); \/\/ This will append it inside the <main> tag\n        }\n\n        $('.documentAccordion').on('click', function (e) {\n            e.preventDefault();  \/\/ Prevent default link action\n\n            \/\/ Target the section with the given ID\n            $('html, body').animate({\n                scrollTop: $('#subpage-banner-section').offset().top - 200\n            }, 1000);\n        });\n    });\n<\/script>\n\n\n        <section class=\" countSec\" style=\"display:\">\n        <div class=\"container\">\n            <div class=\"countHolder\">\n                <h2>En 2022<\/h2>\n                <div class=\"countBlock\">\n                    <div class=\"countRow\">\n\n                        \n                            <div class=\"countCol\">\n                                <div class=\"countColInner\">\n                                    <div class=\"imgBlock\">\n                                    <img decoding=\"async\" data-src=\"https:\/\/edm.ch\/wp-content\/uploads\/2023\/08\/Picto-enfant.png\" src=\"data:image\/svg+xml;base64,PHN2ZyB3aWR0aD0iMSIgaGVpZ2h0PSIxIiB4bWxucz0iaHR0cDovL3d3dy53My5vcmcvMjAwMC9zdmciPjwvc3ZnPg==\" class=\"lazyload\" style=\"--smush-placeholder-width: 160px; --smush-placeholder-aspect-ratio: 160\/160;\" data-srcset=\"https:\/\/edm.ch\/wp-content\/uploads\/2023\/08\/Picto-enfant.png 160w, https:\/\/edm.ch\/wp-content\/uploads\/2023\/08\/Picto-enfant-150x150.png 150w\" data-sizes=\"auto\" data-original-sizes=\"(max-width: 160px) 100vw, 160px\" \/>\n                                    <\/div>\n                                    <div class=\"content\">\n                                    <h2>810<\/h2>\n                                    <p>estudiantes se han beneficiado de la educaci\u00f3n en nutrici\u00f3n<\/p>\n                                    <\/div>\n                                <\/div>\n                            <\/div>\n\n                        \n                            <div class=\"countCol\">\n                                <div class=\"countColInner\">\n                                    <div class=\"imgBlock\">\n                                    <img decoding=\"async\" data-src=\"https:\/\/edm.ch\/wp-content\/uploads\/2023\/08\/Picto-medecin.png\" src=\"data:image\/svg+xml;base64,PHN2ZyB3aWR0aD0iMSIgaGVpZ2h0PSIxIiB4bWxucz0iaHR0cDovL3d3dy53My5vcmcvMjAwMC9zdmciPjwvc3ZnPg==\" class=\"lazyload\" style=\"--smush-placeholder-width: 160px; --smush-placeholder-aspect-ratio: 160\/160;\" data-srcset=\"https:\/\/edm.ch\/wp-content\/uploads\/2023\/08\/Picto-medecin.png 160w, https:\/\/edm.ch\/wp-content\/uploads\/2023\/08\/Picto-medecin-150x150.png 150w\" data-sizes=\"auto\" data-original-sizes=\"(max-width: 160px) 100vw, 160px\" \/>\n                                    <\/div>\n                                    <div class=\"content\">\n                                    <h2>37<\/h2>\n                                    <p>padres\/madres de estudiantes han sido concienciados\/as<\/p>\n                                    <\/div>\n                                <\/div>\n                            <\/div>\n\n                        \n                            <div class=\"countCol\">\n                                <div class=\"countColInner\">\n                                    <div class=\"imgBlock\">\n                                    <img decoding=\"async\" data-src=\"https:\/\/edm.ch\/wp-content\/uploads\/2023\/08\/Picto-enseignant-2.png\" src=\"data:image\/svg+xml;base64,PHN2ZyB3aWR0aD0iMSIgaGVpZ2h0PSIxIiB4bWxucz0iaHR0cDovL3d3dy53My5vcmcvMjAwMC9zdmciPjwvc3ZnPg==\" class=\"lazyload\" style=\"--smush-placeholder-width: 160px; --smush-placeholder-aspect-ratio: 160\/160;\" data-srcset=\"https:\/\/edm.ch\/wp-content\/uploads\/2023\/08\/Picto-enseignant-2.png 160w, https:\/\/edm.ch\/wp-content\/uploads\/2023\/08\/Picto-enseignant-2-150x150.png 150w\" data-sizes=\"auto\" data-original-sizes=\"(max-width: 160px) 100vw, 160px\" \/>\n                                    <\/div>\n                                    <div class=\"content\">\n                                    <h2>19<\/h2>\n                                    <p>miembros del cuerpo docente han recibido formaci\u00f3n<\/p>\n                                    <\/div>\n                                <\/div>\n                            <\/div>\n\n                        \n                    <\/div>\n                <\/div>\n                <div class=\"countBlockText\"><p><\/p><\/div>\n            <\/div>\n        <\/div>\n    <\/section>\n\n        <section class=\"contentSec\" style=\"display:\">\n        <div class=\"container\">\n            <div class=\"contentBlock\">\n                <h5>Enfants du Monde previene la desnutrici\u00f3n en las escuelas<\/h5>\n                <p><span lang=\"es-ES-u-co-trad\">En las escuelas, formamos a los docentes y desarrollamos actividades l\u00fadicas y educativas para transmitir a los ni\u00f1os\/as y a sus padres\/madres\u00a0los principios de una alimentaci\u00f3n sana y nutritiva basada en productos locales, con el fin de prevenir la desnutrici\u00f3n y favorecer la resiliencia.<\/span><\/p>\n                            <\/div>\n        <\/div>\n    <\/section>\n\n\n    \n    <section class=\"leftTextRightImg \" style=\"display:\">\n        <div class=\"container\">\n            <div class=\"leftTextRightImgRow\">\n                                    <div class=\"right\">\n                                                    <div class=\"imgBlock\">\n                                <a class=\"figure_block\" href=\"https:\/\/edm.ch\/wp-content\/uploads\/2023\/08\/6598.png\" data-fancybox data-caption=\"\">\n                                    <img decoding=\"async\" data-src=\"https:\/\/edm.ch\/wp-content\/uploads\/2023\/08\/6598.png\" src=\"data:image\/svg+xml;base64,PHN2ZyB3aWR0aD0iMSIgaGVpZ2h0PSIxIiB4bWxucz0iaHR0cDovL3d3dy53My5vcmcvMjAwMC9zdmciPjwvc3ZnPg==\" class=\"lazyload\" style=\"--smush-placeholder-width: 1920px; --smush-placeholder-aspect-ratio: 1920\/1920;\" data-srcset=\"https:\/\/edm.ch\/wp-content\/uploads\/2023\/08\/6598.png 1920w, https:\/\/edm.ch\/wp-content\/uploads\/2023\/08\/6598-300x300.png 300w, https:\/\/edm.ch\/wp-content\/uploads\/2023\/08\/6598-1024x1024.png 1024w, https:\/\/edm.ch\/wp-content\/uploads\/2023\/08\/6598-150x150.png 150w, https:\/\/edm.ch\/wp-content\/uploads\/2023\/08\/6598-768x768.png 768w, https:\/\/edm.ch\/wp-content\/uploads\/2023\/08\/6598-1536x1536.png 1536w\" data-sizes=\"auto\" data-original-sizes=\"(max-width: 1920px) 100vw, 1920px\" \/>\n                                                                    <\/a>\n                                <figcaption><\/figcaption>\n                            <\/div>\n                                            <\/div>\n                                                    <div class=\"left\">\n                        <div class=\"content\">\n                            <h3>                                Transmitir los principios de una alimentaci\u00f3n saludable y nutritiva a los ni\u00f1os y ni\u00f1as de Ambanja <small><\/small>\n                            <\/h3>                                                            <p align=\"left\"><span lang=\"es-ES\">Con el objectivo de combatir la desnutrici\u00f3n, nuestro equipo ha desarrollado varios libros de texto y juegos para que los docentes puedan transmitir al alumnado los principios de una alimentaci\u00f3n tanto sana como nutritiva:\u00a0\u00a0<\/span><\/p>\n<ul>\n<li>\n<p align=\"left\"><strong><span lang=\"es-ES\">Una gu\u00eda para profesores<\/span><\/strong><span lang=\"es-ES\">,<\/span><span lang=\"es-ES\"> que combina teor\u00eda y pr\u00e1ctica. La gu\u00eda contiene informaci\u00f3n b\u00e1sica sobre los principios nutricionales, la higiene y la desnutrici\u00f3n, as\u00ed como actividades l\u00fadicas que pueden realizarse en el aula. El objetivo es cambiar los h\u00e1bitos alimentarios de los alumnos y alumnas y sus familias.<\/span><\/p>\n<\/li>\n<li>\n<p align=\"left\"><span lang=\"es-ES\"><strong>Un folleto en forma de c\u00f3mic para ni\u00f1os y ni\u00f1as<\/strong>,<\/span><span lang=\"es-ES\"> cuya historia se basa en tres personajes malgaches con los que los alumnos y alumnas pueden identificarse f\u00e1cilmente. El alumnado aprende los principios de una alimentaci\u00f3n sana, nutritiva, variada y adaptada a los h\u00e1bitos alimentarios locales.<\/span><\/p>\n<\/li>\n<\/ul>\n                                                                                                            <\/div>\n                    <\/div>\n                            <\/div>\n        <\/div>\n    <\/section>\n\n\n    <section class=\"activitySec\" style=\"display:\">\n      <div class=\"container\">\n        <div class=\"secTitle\">\n            <h2>En los pa\u00edses en la pr\u00e1ctica<\/h2>\n        <\/div>\n        <div class=\"activityRow\">\n\n            \n                <div class=\"activityCol\">\n                    <div class=\"activityColInner\">\n                        <div class=\"imgBlock\">\n                                                            <img decoding=\"async\" data-src=\"https:\/\/edm.ch\/wp-content\/uploads\/2023\/08\/RS1429_Madagascar.png\" alt=\"EMD-img\" src=\"data:image\/svg+xml;base64,PHN2ZyB3aWR0aD0iMSIgaGVpZ2h0PSIxIiB4bWxucz0iaHR0cDovL3d3dy53My5vcmcvMjAwMC9zdmciPjwvc3ZnPg==\" class=\"lazyload\" style=\"--smush-placeholder-width: 1920px; --smush-placeholder-aspect-ratio: 1920\/1920;\" data-srcset=\"https:\/\/edm.ch\/wp-content\/uploads\/2023\/08\/RS1429_Madagascar.png 1920w, https:\/\/edm.ch\/wp-content\/uploads\/2023\/08\/RS1429_Madagascar-300x300.png 300w, https:\/\/edm.ch\/wp-content\/uploads\/2023\/08\/RS1429_Madagascar-1024x1024.png 1024w, https:\/\/edm.ch\/wp-content\/uploads\/2023\/08\/RS1429_Madagascar-150x150.png 150w, https:\/\/edm.ch\/wp-content\/uploads\/2023\/08\/RS1429_Madagascar-768x768.png 768w, https:\/\/edm.ch\/wp-content\/uploads\/2023\/08\/RS1429_Madagascar-1536x1536.png 1536w\" data-sizes=\"auto\" data-original-sizes=\"(max-width: 1920px) 100vw, 1920px\" \/>\n                                                    <\/div>\n                        <div class=\"contentBlock\">\n                            <h3>Madagascar<\/h3>\n                            <p align=\"left\"><span lang=\"es-ES\">Desde enero de 2021, Enfants du Monde, en colaboraci\u00f3n con la ONG asociada CO.P.E. ha apoyado un proyecto piloto de educaci\u00f3n nutricional en tres escuelas de <\/span><strong><span lang=\"es-ES\">educaci\u00f3n primaria de Ambanja<\/span><\/strong><span lang=\"es-ES\">, en el norte del pa\u00ed<\/span><\/p>\n                                                    <\/div>\n                    <\/div>\n                <\/div>\n\n                        \n        <\/div>\n      <\/div>\n    <\/section>\n\n\n    \n    <section class=\"quoteImage rightTextLeftImg \" style=\"display:\">\n        <div class=\"container\">\n            <div class=\"rightTextLeftImgRow\">\n                                    <div class=\"left\">\n                                                    <div class=\"imgBlock\">\n                                <a class=\"figure_block\" href=\"https:\/\/edm.ch\/wp-content\/uploads\/2023\/08\/7045.png\" data-fancybox data-caption=\"\">\n                                    <img decoding=\"async\" data-src=\"https:\/\/edm.ch\/wp-content\/uploads\/2023\/08\/7045.png\" src=\"data:image\/svg+xml;base64,PHN2ZyB3aWR0aD0iMSIgaGVpZ2h0PSIxIiB4bWxucz0iaHR0cDovL3d3dy53My5vcmcvMjAwMC9zdmciPjwvc3ZnPg==\" class=\"lazyload\" style=\"--smush-placeholder-width: 1920px; --smush-placeholder-aspect-ratio: 1920\/1920;\" data-srcset=\"https:\/\/edm.ch\/wp-content\/uploads\/2023\/08\/7045.png 1920w, https:\/\/edm.ch\/wp-content\/uploads\/2023\/08\/7045-300x300.png 300w, https:\/\/edm.ch\/wp-content\/uploads\/2023\/08\/7045-1024x1024.png 1024w, https:\/\/edm.ch\/wp-content\/uploads\/2023\/08\/7045-150x150.png 150w, https:\/\/edm.ch\/wp-content\/uploads\/2023\/08\/7045-768x768.png 768w, https:\/\/edm.ch\/wp-content\/uploads\/2023\/08\/7045-1536x1536.png 1536w\" data-sizes=\"auto\" data-original-sizes=\"(max-width: 1920px) 100vw, 1920px\" \/>\n                                                                    <\/a>\n                                <figcaption><\/figcaption>\n                            <\/div>\n                                            <\/div>\n                                                    <div class=\"right\">\n                        <div class=\"content\">\n                            <h4>                                Sylvia Newkeze <small>directora de la escuela infantil privada Mangafally<\/small>\n                            <\/h4>                            <div class=\"quote\">                                <p align=\"left\"><span lang=\"es-ES\">Este proyecto es importante para nosotros y para los ni\u00f1os y las ni\u00f1as, puesto que aprendemos a cocinar los alimentos locales de una mejor manera. Los manuales pedag\u00f3gicos nos permiten profundizar nuestros conocimientos sobre una buena alimentaci\u00f3n y nos dan autonom\u00eda para trasladarlos a nuestros alumnos.<\/span><\/p>\n                            <\/div>                                                                                <\/div>\n                    <\/div>\n                            <\/div>\n        <\/div>\n    <\/section>\n\n\n    <section class=\"donation_count\" style=\"display:\">\n        <div class=\"inner_row\">\n            <div class=\"right_img_block\">\n                <div class=\"img_block figure_block\">\n                    <img decoding=\"async\" data-src=\"https:\/\/edm.ch\/wp-content\/uploads\/2023\/08\/6586.png\" alt=\"\" src=\"data:image\/svg+xml;base64,PHN2ZyB3aWR0aD0iMSIgaGVpZ2h0PSIxIiB4bWxucz0iaHR0cDovL3d3dy53My5vcmcvMjAwMC9zdmciPjwvc3ZnPg==\" class=\"lazyload\" style=\"--smush-placeholder-width: 1920px; --smush-placeholder-aspect-ratio: 1920\/1920;\" data-srcset=\"https:\/\/edm.ch\/wp-content\/uploads\/2023\/08\/6586.png 1920w, https:\/\/edm.ch\/wp-content\/uploads\/2023\/08\/6586-300x300.png 300w, https:\/\/edm.ch\/wp-content\/uploads\/2023\/08\/6586-1024x1024.png 1024w, https:\/\/edm.ch\/wp-content\/uploads\/2023\/08\/6586-150x150.png 150w, https:\/\/edm.ch\/wp-content\/uploads\/2023\/08\/6586-768x768.png 768w, https:\/\/edm.ch\/wp-content\/uploads\/2023\/08\/6586-1536x1536.png 1536w\" data-sizes=\"auto\" data-original-sizes=\"(max-width: 1920px) 100vw, 1920px\">\n                                    <\/div>\n            <\/div>\n            <div class=\"left_txt_block\">\n                <div class=\"txt_contents\">\n                    <h3>Mi donaci\u00f3n marca la diferencia<\/h3>\n                    <div class=\"block_txts\">\n                                                    <div class=\"item\">\n                                <span class=\"title\">Por ejemplo:<\/span>\n                                <p><\/p>\n                            <\/div>\n                                                    <div class=\"item\">\n                                <span class=\"title\">Con 75 francos<\/span>\n                                <p>Financio una libreta sobre los principios nutricionales para 30 estudiantes en Madagascar.  <\/p>\n                            <\/div>\n                                                    <div class=\"item\">\n                                <span class=\"title\">Con 100 francos <\/span>\n                                <p>Permito que 11 docentes en Madagascar tengan un kit con material para poner en pr\u00e1ctica actividades l\u00fadicas sobre la nutrici\u00f3n con sus estudiantes. <\/p>\n                            <\/div>\n                                                    <div class=\"item\">\n                                <span class=\"title\">Con 150 francos <\/span>\n                                <p>Financio la formaci\u00f3n de 6 docentes sobre la prevenci\u00f3n de la desnutrici\u00f3n en su escuela.<\/p>\n                            <\/div>\n                                                                            <a href=\"https:\/\/don.edm.ch\/es\" class=\"btnWhite buttonDonation\">\n                                Dona                            <\/a>\n                                            <\/div>\n                <\/div>\n            <\/div>\n        <\/div>\n    <\/section>","protected":false},"excerpt":{"rendered":"","protected":false},"author":3,"featured_media":0,"parent":0,"menu_order":0,"comment_status":"closed","ping_status":"closed","template":"templates\/yellow-line-1.php","meta":{"_acf_changed":false,"inline_featured_image":false,"footnotes":""},"class_list":["post-8243","page","type-page","status-publish","hentry"],"acf":[],"yoast_head":"<!-- This site is optimized with the Yoast SEO plugin v26.9 - https:\/\/yoast.com\/product\/yoast-seo-wordpress\/ -->\n<title>Prevenci\u00f3n malnutrici\u00f3n - Enfants du Monde<\/title>\n<meta name=\"description\" content=\"Enfants du Monde forma a profesores y desarrolla actividades educativas para prevenir la desnutrici\u00f3n y promover la resiliencia.\" \/>\n<meta name=\"robots\" content=\"index, follow, max-snippet:-1, max-image-preview:large, max-video-preview:-1\" \/>\n<link rel=\"canonical\" href=\"https:\/\/edm.ch\/es\/prevencion-malnutricion\/\" \/>\n<meta property=\"og:locale\" content=\"es_ES\" \/>\n<meta property=\"og:type\" content=\"article\" \/>\n<meta property=\"og:title\" content=\"Prevenci\u00f3n malnutrici\u00f3n - Enfants du Monde\" \/>\n<meta property=\"og:description\" content=\"Enfants du Monde forma a profesores y desarrolla actividades educativas para prevenir la desnutrici\u00f3n y promover la resiliencia.\" \/>\n<meta property=\"og:url\" content=\"https:\/\/edm.ch\/es\/prevencion-malnutricion\/\" \/>\n<meta property=\"og:site_name\" content=\"Enfants du monde\" \/>\n<meta property=\"article:modified_time\" content=\"2023-08-24T13:16:00+00:00\" \/>\n<meta name=\"twitter:card\" content=\"summary_large_image\" \/>\n<script type=\"application\/ld+json\" class=\"yoast-schema-graph\">{\"@context\":\"https:\/\/schema.org\",\"@graph\":[{\"@type\":\"WebPage\",\"@id\":\"https:\/\/edm.ch\/es\/prevencion-malnutricion\/\",\"url\":\"https:\/\/edm.ch\/es\/prevencion-malnutricion\/\",\"name\":\"Prevenci\u00f3n malnutrici\u00f3n - Enfants du Monde\",\"isPartOf\":{\"@id\":\"https:\/\/edm.ch\/en\/#website\"},\"datePublished\":\"2023-08-16T13:51:51+00:00\",\"dateModified\":\"2023-08-24T13:16:00+00:00\",\"description\":\"Enfants du Monde forma a profesores y desarrolla actividades educativas para prevenir la desnutrici\u00f3n y promover la resiliencia.\",\"inLanguage\":\"es\",\"potentialAction\":[{\"@type\":\"ReadAction\",\"target\":[\"https:\/\/edm.ch\/es\/prevencion-malnutricion\/\"]}]},{\"@type\":\"WebSite\",\"@id\":\"https:\/\/edm.ch\/en\/#website\",\"url\":\"https:\/\/edm.ch\/en\/\",\"name\":\"Enfants du monde\",\"description\":\"Association suisse\",\"potentialAction\":[{\"@type\":\"SearchAction\",\"target\":{\"@type\":\"EntryPoint\",\"urlTemplate\":\"https:\/\/edm.ch\/en\/?s={search_term_string}\"},\"query-input\":{\"@type\":\"PropertyValueSpecification\",\"valueRequired\":true,\"valueName\":\"search_term_string\"}}],\"inLanguage\":\"es\"}]}<\/script>\n<!-- \/ Yoast SEO plugin. -->","yoast_head_json":{"title":"Prevenci\u00f3n malnutrici\u00f3n - Enfants du Monde","description":"Enfants du Monde forma a profesores y desarrolla actividades educativas para prevenir la desnutrici\u00f3n y promover la resiliencia.","robots":{"index":"index","follow":"follow","max-snippet":"max-snippet:-1","max-image-preview":"max-image-preview:large","max-video-preview":"max-video-preview:-1"},"canonical":"https:\/\/edm.ch\/es\/prevencion-malnutricion\/","og_locale":"es_ES","og_type":"article","og_title":"Prevenci\u00f3n malnutrici\u00f3n - Enfants du Monde","og_description":"Enfants du Monde forma a profesores y desarrolla actividades educativas para prevenir la desnutrici\u00f3n y promover la resiliencia.","og_url":"https:\/\/edm.ch\/es\/prevencion-malnutricion\/","og_site_name":"Enfants du monde","article_modified_time":"2023-08-24T13:16:00+00:00","twitter_card":"summary_large_image","schema":{"@context":"https:\/\/schema.org","@graph":[{"@type":"WebPage","@id":"https:\/\/edm.ch\/es\/prevencion-malnutricion\/","url":"https:\/\/edm.ch\/es\/prevencion-malnutricion\/","name":"Prevenci\u00f3n malnutrici\u00f3n - Enfants du Monde","isPartOf":{"@id":"https:\/\/edm.ch\/en\/#website"},"datePublished":"2023-08-16T13:51:51+00:00","dateModified":"2023-08-24T13:16:00+00:00","description":"Enfants du Monde forma a profesores y desarrolla actividades educativas para prevenir la desnutrici\u00f3n y promover la resiliencia.","inLanguage":"es","potentialAction":[{"@type":"ReadAction","target":["https:\/\/edm.ch\/es\/prevencion-malnutricion\/"]}]},{"@type":"WebSite","@id":"https:\/\/edm.ch\/en\/#website","url":"https:\/\/edm.ch\/en\/","name":"Enfants du monde","description":"Association suisse","potentialAction":[{"@type":"SearchAction","target":{"@type":"EntryPoint","urlTemplate":"https:\/\/edm.ch\/en\/?s={search_term_string}"},"query-input":{"@type":"PropertyValueSpecification","valueRequired":true,"valueName":"search_term_string"}}],"inLanguage":"es"}]}},"_links":{"self":[{"href":"https:\/\/edm.ch\/es\/wp-json\/wp\/v2\/pages\/8243","targetHints":{"allow":["GET"]}}],"collection":[{"href":"https:\/\/edm.ch\/es\/wp-json\/wp\/v2\/pages"}],"about":[{"href":"https:\/\/edm.ch\/es\/wp-json\/wp\/v2\/types\/page"}],"author":[{"embeddable":true,"href":"https:\/\/edm.ch\/es\/wp-json\/wp\/v2\/users\/3"}],"replies":[{"embeddable":true,"href":"https:\/\/edm.ch\/es\/wp-json\/wp\/v2\/comments?post=8243"}],"version-history":[{"count":6,"href":"https:\/\/edm.ch\/es\/wp-json\/wp\/v2\/pages\/8243\/revisions"}],"predecessor-version":[{"id":10943,"href":"https:\/\/edm.ch\/es\/wp-json\/wp\/v2\/pages\/8243\/revisions\/10943"}],"wp:attachment":[{"href":"https:\/\/edm.ch\/es\/wp-json\/wp\/v2\/media?parent=8243"}],"curies":[{"name":"wp","href":"https:\/\/api.w.org\/{rel}","templated":true}]}}