{"id":8235,"date":"2023-08-11T15:27:43","date_gmt":"2023-08-11T15:27:43","guid":{"rendered":"https:\/\/edm.ch\/?page_id=8235"},"modified":"2024-10-16T13:05:57","modified_gmt":"2024-10-16T13:05:57","slug":"educacion-desarrollo-sostenible","status":"publish","type":"page","link":"https:\/\/edm.ch\/es\/educacion-desarrollo-sostenible\/","title":{"rendered":"Educaci\u00f3n para el desarrollo sostenible"},"content":{"rendered":"<section class=\"subpageBanner\" style=\"display:\">\n    <div class=\"subpageBannerBlock figure_block\">\n        <img decoding=\"async\" data-src=\"https:\/\/edm.ch\/wp-content\/uploads\/2023\/08\/Enfants-du-monde_website_image-6431_banners_WP_2500_800.png\" src=\"data:image\/svg+xml;base64,PHN2ZyB3aWR0aD0iMSIgaGVpZ2h0PSIxIiB4bWxucz0iaHR0cDovL3d3dy53My5vcmcvMjAwMC9zdmciPjwvc3ZnPg==\" class=\"lazyload\" style=\"--smush-placeholder-width: 2500px; --smush-placeholder-aspect-ratio: 2500\/800;\" data-srcset=\"https:\/\/edm.ch\/wp-content\/uploads\/2023\/08\/Enfants-du-monde_website_image-6431_banners_WP_2500_800.png 2500w, https:\/\/edm.ch\/wp-content\/uploads\/2023\/08\/Enfants-du-monde_website_image-6431_banners_WP_2500_800-300x96.png 300w, https:\/\/edm.ch\/wp-content\/uploads\/2023\/08\/Enfants-du-monde_website_image-6431_banners_WP_2500_800-1024x328.png 1024w, https:\/\/edm.ch\/wp-content\/uploads\/2023\/08\/Enfants-du-monde_website_image-6431_banners_WP_2500_800-768x246.png 768w, https:\/\/edm.ch\/wp-content\/uploads\/2023\/08\/Enfants-du-monde_website_image-6431_banners_WP_2500_800-1536x492.png 1536w, https:\/\/edm.ch\/wp-content\/uploads\/2023\/08\/Enfants-du-monde_website_image-6431_banners_WP_2500_800-2048x655.png 2048w\" data-sizes=\"auto\" data-original-sizes=\"(max-width: 2500px) 100vw, 2500px\" \/>\n        <div class=\"subpageBannerWrap\">\n            <div class=\"container\">\n                <div class=\"content\">\n                    <div>\n                        <span class=\"bannerHead\"><\/span>\n                        <h1>Educaci\u00f3n para el desarrollo sostenible  <\/h1>\n                    <\/div>\n                                    <\/div>\n            <\/div>\n        <\/div>\n                    <div class=\"picture-caption\">\n                <div class=\"caption-content\"><span>Enfants du Monde\n\n<\/span><\/div>\n            <\/div>\n            <\/div>\n<\/section>\n<script type=\"text\/javascript\">\n    jQuery(document).ready(function ($) {\n        \/\/ Check if the block exists\n        var bannerSection = $('#subpage-banner-section');\n\n        if (bannerSection.length > 0) {\n            \/\/ Move the block to the end of <main> just before the footer\n            $('main').append(bannerSection); \/\/ This will append it inside the <main> tag\n        }\n\n        $('.documentAccordion').on('click', function (e) {\n            e.preventDefault();  \/\/ Prevent default link action\n\n            \/\/ Target the section with the given ID\n            $('html, body').animate({\n                scrollTop: $('#subpage-banner-section').offset().top - 200\n            }, 1000);\n        });\n    });\n<\/script>\n\n\n    \n    <section class=\"leftTextRightImg \" style=\"display:\">\n        <div class=\"container\">\n            <div class=\"leftTextRightImgRow\">\n                                    <div class=\"right\">\n                                                    <div class=\"imgBlock\">\n                                <a class=\"figure_block\" href=\"https:\/\/edm.ch\/wp-content\/uploads\/2023\/08\/RS2989_1920_Benin.png\" data-fancybox data-caption=\"\">\n                                    <img decoding=\"async\" data-src=\"https:\/\/edm.ch\/wp-content\/uploads\/2023\/08\/RS2989_1920_Benin.png\" src=\"data:image\/svg+xml;base64,PHN2ZyB3aWR0aD0iMSIgaGVpZ2h0PSIxIiB4bWxucz0iaHR0cDovL3d3dy53My5vcmcvMjAwMC9zdmciPjwvc3ZnPg==\" class=\"lazyload\" style=\"--smush-placeholder-width: 1920px; --smush-placeholder-aspect-ratio: 1920\/1920;\" data-srcset=\"https:\/\/edm.ch\/wp-content\/uploads\/2023\/08\/RS2989_1920_Benin.png 1920w, https:\/\/edm.ch\/wp-content\/uploads\/2023\/08\/RS2989_1920_Benin-300x300.png 300w, https:\/\/edm.ch\/wp-content\/uploads\/2023\/08\/RS2989_1920_Benin-1024x1024.png 1024w, https:\/\/edm.ch\/wp-content\/uploads\/2023\/08\/RS2989_1920_Benin-150x150.png 150w, https:\/\/edm.ch\/wp-content\/uploads\/2023\/08\/RS2989_1920_Benin-768x768.png 768w, https:\/\/edm.ch\/wp-content\/uploads\/2023\/08\/RS2989_1920_Benin-1536x1536.png 1536w\" data-sizes=\"auto\" data-original-sizes=\"(max-width: 1920px) 100vw, 1920px\" \/>\n                                                                    <\/a>\n                                <figcaption><\/figcaption>\n                            <\/div>\n                                            <\/div>\n                                                    <div class=\"left\">\n                        <div class=\"content\">\n                            <h2>                                Nuestra metodolog\u00eda <small><\/small>\n                            <\/h2>                                                            <p align=\"left\"><span lang=\"es-ES\">Para que lo\/as ni\u00f1o\/as puedan participar en el desarrollo sostenible de sus comunidades y pa\u00edses, Enfants du Monde promueve sistem\u00e1ticamente la educaci\u00f3n para el desarrollo sostenible en el marco de sus intervenciones:<\/span><\/p>\n<ul>\n<li>\n<p align=\"left\"><span lang=\"es-419\">Secuencias did\u00e1cticas interdisciplinarias y biling\u00fces abordan los <\/span><strong><span lang=\"es-419\">problemas de sostenibilidad<\/span><\/strong><span lang=\"es-419\"> m\u00e1s urgentes en cada contexto: \u00abEl agua es la vida\u00bb, \u00abVivir mejor con el cambio clim\u00e1tico\u00bb, \u00abComer bien, vivir mejor\u00bb, \u00abVivamos en paz\u00bb;<\/span><\/p>\n<\/li>\n<li>\n<p align=\"left\"><strong><span lang=\"es-419\">Reflexiones \u00e9ticas<\/span><\/strong><span lang=\"es-419\"> que confrontan a las alumnas con su propio sistema de valores y representaciones con el fin de hacer evolucionar ciertas pr\u00e1cticas (matrimonio o trabajo infantil, desescolarizaci\u00f3n de las ni\u00f1as, excisi\u00f3n&#8230;);<\/span><\/p>\n<\/li>\n<li>\n<p align=\"left\"><span lang=\"es-419\">Los <\/span><strong><span lang=\"es-419\">proyectos de clase<\/span><\/strong><span lang=\"es-419\"> ofrecen soluciones concretas a los problemas identificados a nivel local, favoreciendo as\u00ed la <\/span><strong><span lang=\"es-419\">participaci\u00f3n ciudadana de lo\/as ni\u00f1o\/as<\/span><\/strong><span lang=\"es-419\">.<\/span><\/p>\n<\/li>\n<\/ul>\n                                                                                                            <\/div>\n                    <\/div>\n                            <\/div>\n        <\/div>\n    <\/section>\n\n        <section class=\"contentSec\" style=\"display:\">\n        <div class=\"container\">\n            <div class=\"contentBlock\">\n                <h5>Problem\u00e1ticas abordadas<\/h5>\n                <ul>\n<li><span lang=\"es-ES\"><b>Derechos del ni\u00f1o:<\/b><\/span><span lang=\"es-ES\"> matrimonio y trabajo infantil, excisi\u00f3n, escasa participaci\u00f3n ciudadana de los\/as ni\u00f1os\/as;<\/span><\/li>\n<li><span lang=\"es-ES\"><b>Protecci\u00f3n del medio ambiente:<\/b><\/span><span lang=\"es-ES\"> vulnerabilidad de las poblaciones a los efectos del cambio clim\u00e1tico, tala abusiva de la madera, gesti\u00f3n del agua;<\/span><\/li>\n<li><span lang=\"es-ES\"><b>Salud y bienestar:<\/b><\/span><span lang=\"es-ES\"> abandono escolar de las ni\u00f1as, embarazos precoces, tasas elevadas de contagio de la malaria, malnutrici\u00f3n, consumo de agua no potable;<\/span><\/li>\n<li><span lang=\"es-419\"><b>Cultura de paz:<\/b><\/span><span lang=\"es-419\"> conflictos inter\u00e9tnicos e interreligiosos.<\/span><\/li>\n<\/ul>\n                            <\/div>\n        <\/div>\n    <\/section>\n\n\n    <section class=\"activitySec\" style=\"display:\">\n      <div class=\"container\">\n        <div class=\"secTitle\">\n            <h2>En los pa\u00edses en la pr\u00e1ctica<\/h2>\n        <\/div>\n        <div class=\"activityRow\">\n\n            \n                <div class=\"activityCol\">\n                    <div class=\"activityColInner\">\n                        <div class=\"imgBlock\">\n                            <a href=\"https:\/\/edm.ch\/es\/un-mundo-mas-justo\/\">                                <img decoding=\"async\" data-src=\"https:\/\/edm.ch\/wp-content\/uploads\/2023\/08\/RS1841_IMG_8185-scaled.jpg\" alt=\"EMD-img\" src=\"data:image\/svg+xml;base64,PHN2ZyB3aWR0aD0iMSIgaGVpZ2h0PSIxIiB4bWxucz0iaHR0cDovL3d3dy53My5vcmcvMjAwMC9zdmciPjwvc3ZnPg==\" class=\"lazyload\" style=\"--smush-placeholder-width: 2560px; --smush-placeholder-aspect-ratio: 2560\/1707;\" data-srcset=\"https:\/\/edm.ch\/wp-content\/uploads\/2023\/08\/RS1841_IMG_8185-scaled.jpg 2560w, https:\/\/edm.ch\/wp-content\/uploads\/2023\/08\/RS1841_IMG_8185-300x200.jpg 300w, https:\/\/edm.ch\/wp-content\/uploads\/2023\/08\/RS1841_IMG_8185-1024x683.jpg 1024w, https:\/\/edm.ch\/wp-content\/uploads\/2023\/08\/RS1841_IMG_8185-768x512.jpg 768w, https:\/\/edm.ch\/wp-content\/uploads\/2023\/08\/RS1841_IMG_8185-1536x1024.jpg 1536w, https:\/\/edm.ch\/wp-content\/uploads\/2023\/08\/RS1841_IMG_8185-2048x1365.jpg 2048w\" data-sizes=\"auto\" data-original-sizes=\"(max-width: 2560px) 100vw, 2560px\" \/>\n                            <\/a>                        <\/div>\n                        <div class=\"contentBlock\">\n                            <h3>Derechos del ni\u00f1o<\/h3>\n                            <p align=\"left\"><span lang=\"es-419\">Enfants du Monde ejecuta dos proyectos de educaci\u00f3n sobre los derechos del ni\u00f1o y el desarrollo sostenible en Suiza, Guatemala y Burkina Faso. El proyecto Un mundo m\u00e1s justo <!-- Lien sur la nouvelle page en es\u00a0: un monde plus juste -->ofrece a los escolares la oportunidad de comprometerse con los derechos del ni\u00f1o de una manera divertida.<\/span><\/p>\n                                                            <a href=\"https:\/\/edm.ch\/es\/un-mundo-mas-justo\/\" class=\"btnWhite\">M\u00e1s informaci\u00f3n<\/a>\n                                                    <\/div>\n                    <\/div>\n                <\/div>\n\n                        \n        <\/div>\n      <\/div>\n    <\/section>\n\n\n    <section class=\"donation_count\" style=\"display:\">\n        <div class=\"inner_row\">\n            <div class=\"right_img_block\">\n                <div class=\"img_block figure_block\">\n                    <img decoding=\"async\" data-src=\"https:\/\/edm.ch\/wp-content\/uploads\/2023\/08\/RS5772_Droits_enfants.png\" alt=\"\" src=\"data:image\/svg+xml;base64,PHN2ZyB3aWR0aD0iMSIgaGVpZ2h0PSIxIiB4bWxucz0iaHR0cDovL3d3dy53My5vcmcvMjAwMC9zdmciPjwvc3ZnPg==\" class=\"lazyload\" style=\"--smush-placeholder-width: 1920px; --smush-placeholder-aspect-ratio: 1920\/1920;\" data-srcset=\"https:\/\/edm.ch\/wp-content\/uploads\/2023\/08\/RS5772_Droits_enfants.png 1920w, https:\/\/edm.ch\/wp-content\/uploads\/2023\/08\/RS5772_Droits_enfants-300x300.png 300w, https:\/\/edm.ch\/wp-content\/uploads\/2023\/08\/RS5772_Droits_enfants-1024x1024.png 1024w, https:\/\/edm.ch\/wp-content\/uploads\/2023\/08\/RS5772_Droits_enfants-150x150.png 150w, https:\/\/edm.ch\/wp-content\/uploads\/2023\/08\/RS5772_Droits_enfants-768x768.png 768w, https:\/\/edm.ch\/wp-content\/uploads\/2023\/08\/RS5772_Droits_enfants-1536x1536.png 1536w\" data-sizes=\"auto\" data-original-sizes=\"(max-width: 1920px) 100vw, 1920px\">\n                                            <div class=\"picture-caption\">\n                            <div class=\"caption-content\"><span>\u00a9 Enfants du Monde <\/span><\/div>\n                        <\/div>\n                                    <\/div>\n            <\/div>\n            <div class=\"left_txt_block\">\n                <div class=\"txt_contents\">\n                    <h3>Mi donaci\u00f3n marca la diferencia <\/h3>\n                    <div class=\"block_txts\">\n                                                    <div class=\"item\">\n                                <span class=\"title\">Por ejemplo:<\/span>\n                                <p><\/p>\n                            <\/div>\n                                                    <div class=\"item\">\n                                <span class=\"title\">Con 80 francos:<\/span>\n                                <p>Ayudo a desarrollar material pedag\u00f3gico de calidad sobre los derechos del ni\u00f1o para los\/as alumnos\/as en Suiza.<\/p>\n                            <\/div>\n                                                                            <a href=\"https:\/\/don.edm.ch\/es\" class=\"btnWhite buttonDonation\">\n                                HAGO UNA DONACI\u00d3N                            <\/a>\n                                            <\/div>\n                <\/div>\n            <\/div>\n        <\/div>\n    <\/section>","protected":false},"excerpt":{"rendered":"","protected":false},"author":3,"featured_media":0,"parent":0,"menu_order":0,"comment_status":"closed","ping_status":"closed","template":"templates\/yellow-line-3.php","meta":{"_acf_changed":false,"inline_featured_image":false,"footnotes":""},"class_list":["post-8235","page","type-page","status-publish","hentry"],"acf":[],"yoast_head":"<!-- This site is optimized with the Yoast SEO plugin v26.9 - https:\/\/yoast.com\/product\/yoast-seo-wordpress\/ -->\n<title>Educaci\u00f3n desarrollo sostenible - Enfants du Monde<\/title>\n<meta name=\"description\" content=\"Enfants du Monde contribuye a la aplicaci\u00f3n de los derechos del ni\u00f1o en Suiza y en todo el mundo, con vistas al desarrollo sostenible.\" \/>\n<meta name=\"robots\" content=\"index, follow, max-snippet:-1, max-image-preview:large, max-video-preview:-1\" \/>\n<link rel=\"canonical\" href=\"https:\/\/edm.ch\/es\/educacion-desarrollo-sostenible\/\" \/>\n<meta property=\"og:locale\" content=\"es_ES\" \/>\n<meta property=\"og:type\" content=\"article\" \/>\n<meta property=\"og:title\" content=\"Educaci\u00f3n desarrollo sostenible - Enfants du Monde\" \/>\n<meta property=\"og:description\" content=\"Enfants du Monde contribuye a la aplicaci\u00f3n de los derechos del ni\u00f1o en Suiza y en todo el mundo, con vistas al desarrollo sostenible.\" \/>\n<meta property=\"og:url\" content=\"https:\/\/edm.ch\/es\/educacion-desarrollo-sostenible\/\" \/>\n<meta property=\"og:site_name\" content=\"Enfants du monde\" \/>\n<meta property=\"article:modified_time\" content=\"2024-10-16T13:05:57+00:00\" \/>\n<meta name=\"twitter:card\" content=\"summary_large_image\" \/>\n<script type=\"application\/ld+json\" class=\"yoast-schema-graph\">{\"@context\":\"https:\/\/schema.org\",\"@graph\":[{\"@type\":\"WebPage\",\"@id\":\"https:\/\/edm.ch\/es\/educacion-desarrollo-sostenible\/\",\"url\":\"https:\/\/edm.ch\/es\/educacion-desarrollo-sostenible\/\",\"name\":\"Educaci\u00f3n desarrollo sostenible - Enfants du Monde\",\"isPartOf\":{\"@id\":\"https:\/\/edm.ch\/en\/#website\"},\"datePublished\":\"2023-08-11T15:27:43+00:00\",\"dateModified\":\"2024-10-16T13:05:57+00:00\",\"description\":\"Enfants du Monde contribuye a la aplicaci\u00f3n de los derechos del ni\u00f1o en Suiza y en todo el mundo, con vistas al desarrollo sostenible.\",\"inLanguage\":\"es\",\"potentialAction\":[{\"@type\":\"ReadAction\",\"target\":[\"https:\/\/edm.ch\/es\/educacion-desarrollo-sostenible\/\"]}]},{\"@type\":\"WebSite\",\"@id\":\"https:\/\/edm.ch\/en\/#website\",\"url\":\"https:\/\/edm.ch\/en\/\",\"name\":\"Enfants du monde\",\"description\":\"Association suisse\",\"potentialAction\":[{\"@type\":\"SearchAction\",\"target\":{\"@type\":\"EntryPoint\",\"urlTemplate\":\"https:\/\/edm.ch\/en\/?s={search_term_string}\"},\"query-input\":{\"@type\":\"PropertyValueSpecification\",\"valueRequired\":true,\"valueName\":\"search_term_string\"}}],\"inLanguage\":\"es\"}]}<\/script>\n<!-- \/ Yoast SEO plugin. -->","yoast_head_json":{"title":"Educaci\u00f3n desarrollo sostenible - Enfants du Monde","description":"Enfants du Monde contribuye a la aplicaci\u00f3n de los derechos del ni\u00f1o en Suiza y en todo el mundo, con vistas al desarrollo sostenible.","robots":{"index":"index","follow":"follow","max-snippet":"max-snippet:-1","max-image-preview":"max-image-preview:large","max-video-preview":"max-video-preview:-1"},"canonical":"https:\/\/edm.ch\/es\/educacion-desarrollo-sostenible\/","og_locale":"es_ES","og_type":"article","og_title":"Educaci\u00f3n desarrollo sostenible - Enfants du Monde","og_description":"Enfants du Monde contribuye a la aplicaci\u00f3n de los derechos del ni\u00f1o en Suiza y en todo el mundo, con vistas al desarrollo sostenible.","og_url":"https:\/\/edm.ch\/es\/educacion-desarrollo-sostenible\/","og_site_name":"Enfants du monde","article_modified_time":"2024-10-16T13:05:57+00:00","twitter_card":"summary_large_image","schema":{"@context":"https:\/\/schema.org","@graph":[{"@type":"WebPage","@id":"https:\/\/edm.ch\/es\/educacion-desarrollo-sostenible\/","url":"https:\/\/edm.ch\/es\/educacion-desarrollo-sostenible\/","name":"Educaci\u00f3n desarrollo sostenible - Enfants du Monde","isPartOf":{"@id":"https:\/\/edm.ch\/en\/#website"},"datePublished":"2023-08-11T15:27:43+00:00","dateModified":"2024-10-16T13:05:57+00:00","description":"Enfants du Monde contribuye a la aplicaci\u00f3n de los derechos del ni\u00f1o en Suiza y en todo el mundo, con vistas al desarrollo sostenible.","inLanguage":"es","potentialAction":[{"@type":"ReadAction","target":["https:\/\/edm.ch\/es\/educacion-desarrollo-sostenible\/"]}]},{"@type":"WebSite","@id":"https:\/\/edm.ch\/en\/#website","url":"https:\/\/edm.ch\/en\/","name":"Enfants du monde","description":"Association suisse","potentialAction":[{"@type":"SearchAction","target":{"@type":"EntryPoint","urlTemplate":"https:\/\/edm.ch\/en\/?s={search_term_string}"},"query-input":{"@type":"PropertyValueSpecification","valueRequired":true,"valueName":"search_term_string"}}],"inLanguage":"es"}]}},"_links":{"self":[{"href":"https:\/\/edm.ch\/es\/wp-json\/wp\/v2\/pages\/8235","targetHints":{"allow":["GET"]}}],"collection":[{"href":"https:\/\/edm.ch\/es\/wp-json\/wp\/v2\/pages"}],"about":[{"href":"https:\/\/edm.ch\/es\/wp-json\/wp\/v2\/types\/page"}],"author":[{"embeddable":true,"href":"https:\/\/edm.ch\/es\/wp-json\/wp\/v2\/users\/3"}],"replies":[{"embeddable":true,"href":"https:\/\/edm.ch\/es\/wp-json\/wp\/v2\/comments?post=8235"}],"version-history":[{"count":13,"href":"https:\/\/edm.ch\/es\/wp-json\/wp\/v2\/pages\/8235\/revisions"}],"predecessor-version":[{"id":32707,"href":"https:\/\/edm.ch\/es\/wp-json\/wp\/v2\/pages\/8235\/revisions\/32707"}],"wp:attachment":[{"href":"https:\/\/edm.ch\/es\/wp-json\/wp\/v2\/media?parent=8235"}],"curies":[{"name":"wp","href":"https:\/\/api.w.org\/{rel}","templated":true}]}}