{"id":8213,"date":"2023-08-11T08:08:21","date_gmt":"2023-08-11T08:08:21","guid":{"rendered":"https:\/\/edm.ch\/?page_id=8213"},"modified":"2024-10-16T13:24:10","modified_gmt":"2024-10-16T13:24:10","slug":"un-mundo-mas-justo","status":"publish","type":"page","link":"https:\/\/edm.ch\/es\/un-mundo-mas-justo\/","title":{"rendered":"Un Mundo m\u00e1s Justo"},"content":{"rendered":"<section class=\"subpageBanner\" style=\"display:\">\n    <div class=\"subpageBannerBlock figure_block\">\n        <img decoding=\"async\" data-src=\"https:\/\/edm.ch\/wp-content\/uploads\/2023\/08\/Enfants_du_monde_website_image_banner_UMJ.png\" src=\"data:image\/svg+xml;base64,PHN2ZyB3aWR0aD0iMSIgaGVpZ2h0PSIxIiB4bWxucz0iaHR0cDovL3d3dy53My5vcmcvMjAwMC9zdmciPjwvc3ZnPg==\" class=\"lazyload\" style=\"--smush-placeholder-width: 2500px; --smush-placeholder-aspect-ratio: 2500\/800;\" data-srcset=\"https:\/\/edm.ch\/wp-content\/uploads\/2023\/08\/Enfants_du_monde_website_image_banner_UMJ.png 2500w, https:\/\/edm.ch\/wp-content\/uploads\/2023\/08\/Enfants_du_monde_website_image_banner_UMJ-300x96.png 300w, https:\/\/edm.ch\/wp-content\/uploads\/2023\/08\/Enfants_du_monde_website_image_banner_UMJ-1024x328.png 1024w, https:\/\/edm.ch\/wp-content\/uploads\/2023\/08\/Enfants_du_monde_website_image_banner_UMJ-768x246.png 768w, https:\/\/edm.ch\/wp-content\/uploads\/2023\/08\/Enfants_du_monde_website_image_banner_UMJ-1536x492.png 1536w, https:\/\/edm.ch\/wp-content\/uploads\/2023\/08\/Enfants_du_monde_website_image_banner_UMJ-2048x655.png 2048w\" data-sizes=\"auto\" data-original-sizes=\"(max-width: 2500px) 100vw, 2500px\" \/>\n        <div class=\"subpageBannerWrap\">\n            <div class=\"container\">\n                <div class=\"content\">\n                    <div>\n                        <span class=\"bannerHead\"><\/span>\n                        <h1>Un Mundo m\u00e1s Justo<\/h1>\n                    <\/div>\n                                    <\/div>\n            <\/div>\n        <\/div>\n            <\/div>\n<\/section>\n<script type=\"text\/javascript\">\n    jQuery(document).ready(function ($) {\n        \/\/ Check if the block exists\n        var bannerSection = $('#subpage-banner-section');\n\n        if (bannerSection.length > 0) {\n            \/\/ Move the block to the end of <main> just before the footer\n            $('main').append(bannerSection); \/\/ This will append it inside the <main> tag\n        }\n\n        $('.documentAccordion').on('click', function (e) {\n            e.preventDefault();  \/\/ Prevent default link action\n\n            \/\/ Target the section with the given ID\n            $('html, body').animate({\n                scrollTop: $('#subpage-banner-section').offset().top - 200\n            }, 1000);\n        });\n    });\n<\/script>\n\n\n    \n    <section class=\"rightTextLeftImg \" style=\"display:\">\n        <div class=\"container\">\n            <div class=\"rightTextLeftImgRow\">\n                                    <div class=\"left\">\n                                                    <div class=\"imgBlock\">\n                                <a class=\"figure_block\" href=\"https:\/\/edm.ch\/wp-content\/uploads\/2023\/08\/Enfants_du_monde_website_image_banner_UMJ_2.png\" data-fancybox data-caption=\"\">\n                                    <img decoding=\"async\" data-src=\"https:\/\/edm.ch\/wp-content\/uploads\/2023\/08\/Enfants_du_monde_website_image_banner_UMJ_2.png\" src=\"data:image\/svg+xml;base64,PHN2ZyB3aWR0aD0iMSIgaGVpZ2h0PSIxIiB4bWxucz0iaHR0cDovL3d3dy53My5vcmcvMjAwMC9zdmciPjwvc3ZnPg==\" class=\"lazyload\" style=\"--smush-placeholder-width: 1920px; --smush-placeholder-aspect-ratio: 1920\/1920;\" data-srcset=\"https:\/\/edm.ch\/wp-content\/uploads\/2023\/08\/Enfants_du_monde_website_image_banner_UMJ_2.png 1920w, https:\/\/edm.ch\/wp-content\/uploads\/2023\/08\/Enfants_du_monde_website_image_banner_UMJ_2-300x300.png 300w, https:\/\/edm.ch\/wp-content\/uploads\/2023\/08\/Enfants_du_monde_website_image_banner_UMJ_2-1024x1024.png 1024w, https:\/\/edm.ch\/wp-content\/uploads\/2023\/08\/Enfants_du_monde_website_image_banner_UMJ_2-150x150.png 150w, https:\/\/edm.ch\/wp-content\/uploads\/2023\/08\/Enfants_du_monde_website_image_banner_UMJ_2-768x768.png 768w, https:\/\/edm.ch\/wp-content\/uploads\/2023\/08\/Enfants_du_monde_website_image_banner_UMJ_2-1536x1536.png 1536w\" data-sizes=\"auto\" data-original-sizes=\"(max-width: 1920px) 100vw, 1920px\" \/>\n                                                                    <\/a>\n                                <figcaption><\/figcaption>\n                            <\/div>\n                                            <\/div>\n                                                    <div class=\"right\">\n                        <div class=\"content\">\n                            <h2>                                Los derechos de la ni\u00f1ez en el centro del proyecto <small><\/small>\n                            <\/h2>                                                            <p>Para contribuir a mejorar la situaci\u00f3n de los derechos del ni\u00f1o en el mundo, nuestra ONG suiza Enfants du Monde colabora con distintas escuelas en Suiza y en el extranjero para invitar a los ni\u00f1os y ni\u00f1as de 6 a 12 a\u00f1os de edad a descubrir sus derechos en relaci\u00f3n con su contexto social y cultural, y a poner en pr\u00e1ctica soluciones concretas para responder a la situaci\u00f3n y para sensibilizar tanto al p\u00fablico general como a la esfera pol\u00edtica. Estas actividades se inscriben adem\u00e1s en una perspectiva de educaci\u00f3n para el desarrollo sostenible, que permite tener en cuenta otros problemas de mayor envergadura y las interacciones entre ellos.<\/p>\n                                                                                                            <\/div>\n                    <\/div>\n                            <\/div>\n        <\/div>\n    <\/section>\n\n        <section class=\"contentSec\" style=\"display:\">\n        <div class=\"container\">\n            <div class=\"contentBlock\">\n                <h5>Los ni\u00f1os est\u00e1n comprometidos por lograr un mundo en el que sus derechos sean respetados.<\/h5>\n                <p>Gracias a su participaci\u00f3n en el proyecto Un mundo m\u00e1s justo, los ni\u00f1os se convierten en portavoces de sus derechos, y expresan de manera creativa lo que representar\u00eda para ellos un mundo en el que se respetaran los derechos de los ni\u00f1os y los principios del desarrollo sostenible.<\/p>\n<h5>Descubrir derechos y crear un Globo Gigante<\/h5>\n<p>Con ayuda del kit pedag\u00f3gico Un mundo m\u00e1s justo, que contiene una gu\u00eda para los docentes, fichas para los estudiantes y una amplia variedad de material pedag\u00f3gico y did\u00e1ctico as\u00ed como diversos recursos, los estudiantes descubren sus derechos y los principales problemas relacionados con su puesta en pr\u00e1ctica en la comunidad a la que pertenecen y en el mundo. A continuaci\u00f3n, toman una fotograf\u00eda de un derecho que les haga ilusi\u00f3n, la cual ser\u00e1 expuesta en un Globo Gigante (de x metros de altura) con otras 5 000 fotograf\u00edas de alumnos de distintos pa\u00edses del mundo.<\/p>\n<p>El Globo Gigante \u00ab es un medio efectivo de atraer la atenci\u00f3n sobre el hecho de que los ni\u00f1os son titulares de derechos y de promover la importancia de poner en pr\u00e1ctica esos derechos \u00bb declar\u00f3 Luis Ernesto Pedernera Reyna, presidente del Comit\u00e9 de los derechos del ni\u00f1o de la ONU, durante la exposici\u00f3n del Globo Gigante en el Palacio de las Naciones con motivo del trig\u00e9simo aniversario de la Convenci\u00f3n sobre los derechos del ni\u00f1o.<\/p>\n<p>Gracias al Globo Virtual, una versi\u00f3n electr\u00f3nica del Globo Gigante, los ni\u00f1os tambi\u00e9n tienen la oportunidad de acceder a \u00e9l de forma remota, en di\u00e1logo con ni\u00f1os de otros pa\u00edses, y as\u00ed seguir promoviendo sus derechos.<\/p>\n                                    <a href=\"https:\/\/globe-virtuel.edm.ch\/\" class=\"btnBlue small\">\n                        <span>Globo Virtual<\/span>\n                    <\/a>\n                            <\/div>\n        <\/div>\n    <\/section>\n\n\n    <section class=\"activitySec\" style=\"display:\">\n      <div class=\"container\">\n        <div class=\"secTitle\">\n            <h2>Para implicar a los ni\u00f1os<\/h2>\n        <\/div>\n        <div class=\"activityRow\">\n\n            \n                <div class=\"activityCol\">\n                    <div class=\"activityColInner\">\n                        <div class=\"imgBlock\">\n                            <a href=\"https:\/\/edm.ch\/es\/festival-de-la-palabra-de-los-ninos\/\">                                <img decoding=\"async\" data-src=\"https:\/\/edm.ch\/wp-content\/uploads\/2023\/08\/Enfants_du_monde_website_image_umj_festival.png\" alt=\"EMD-img\" src=\"data:image\/svg+xml;base64,PHN2ZyB3aWR0aD0iMSIgaGVpZ2h0PSIxIiB4bWxucz0iaHR0cDovL3d3dy53My5vcmcvMjAwMC9zdmciPjwvc3ZnPg==\" class=\"lazyload\" style=\"--smush-placeholder-width: 1920px; --smush-placeholder-aspect-ratio: 1920\/1920;\" data-srcset=\"https:\/\/edm.ch\/wp-content\/uploads\/2023\/08\/Enfants_du_monde_website_image_umj_festival.png 1920w, https:\/\/edm.ch\/wp-content\/uploads\/2023\/08\/Enfants_du_monde_website_image_umj_festival-300x300.png 300w, https:\/\/edm.ch\/wp-content\/uploads\/2023\/08\/Enfants_du_monde_website_image_umj_festival-1024x1024.png 1024w, https:\/\/edm.ch\/wp-content\/uploads\/2023\/08\/Enfants_du_monde_website_image_umj_festival-150x150.png 150w, https:\/\/edm.ch\/wp-content\/uploads\/2023\/08\/Enfants_du_monde_website_image_umj_festival-768x768.png 768w, https:\/\/edm.ch\/wp-content\/uploads\/2023\/08\/Enfants_du_monde_website_image_umj_festival-1536x1536.png 1536w\" data-sizes=\"auto\" data-original-sizes=\"(max-width: 1920px) 100vw, 1920px\" \/>\n                            <\/a>                        <\/div>\n                        <div class=\"contentBlock\">\n                            <h3>Festival \u00ab\u202fLa infancia tiene la palabra\u202f\u00bb<\/h3>\n                            <p>El D\u00eda Internacional de los Derechos de los ni\u00f1os marca el aniversario de la Convenci\u00f3n sobre los Derechos del Ni\u00f1o. En esta ocasi\u00f3n, Enfants du Monde organiza cada a\u00f1o en Ginebra el Festival \u00ab La infancia tiene la palabra \u00bb (La parole aux Enfants), que re\u00fane a un centenar de estudiantes de la Suiza franc\u00f3fona para expresarse sobre sus derechos.<\/p>\n                                                            <a href=\"https:\/\/edm.ch\/es\/festival-de-la-palabra-de-los-ninos\/\" class=\"btnWhite\">M\u00e1s informaci\u00f3n<\/a>\n                                                    <\/div>\n                    <\/div>\n                <\/div>\n\n            \n                <div class=\"activityCol\">\n                    <div class=\"activityColInner\">\n                        <div class=\"imgBlock\">\n                            <a href=\"https:\/\/edm.ch\/es\/globo-virtual\/\">                                <img decoding=\"async\" data-src=\"https:\/\/edm.ch\/wp-content\/uploads\/2023\/08\/Enfants_du_monde_website_image_banner_globe_virtuel.png\" alt=\"EMD-img\" src=\"data:image\/svg+xml;base64,PHN2ZyB3aWR0aD0iMSIgaGVpZ2h0PSIxIiB4bWxucz0iaHR0cDovL3d3dy53My5vcmcvMjAwMC9zdmciPjwvc3ZnPg==\" class=\"lazyload\" style=\"--smush-placeholder-width: 2500px; --smush-placeholder-aspect-ratio: 2500\/1080;\" data-srcset=\"https:\/\/edm.ch\/wp-content\/uploads\/2023\/08\/Enfants_du_monde_website_image_banner_globe_virtuel.png 2500w, https:\/\/edm.ch\/wp-content\/uploads\/2023\/08\/Enfants_du_monde_website_image_banner_globe_virtuel-300x130.png 300w, https:\/\/edm.ch\/wp-content\/uploads\/2023\/08\/Enfants_du_monde_website_image_banner_globe_virtuel-1024x442.png 1024w, https:\/\/edm.ch\/wp-content\/uploads\/2023\/08\/Enfants_du_monde_website_image_banner_globe_virtuel-768x332.png 768w, https:\/\/edm.ch\/wp-content\/uploads\/2023\/08\/Enfants_du_monde_website_image_banner_globe_virtuel-1536x664.png 1536w, https:\/\/edm.ch\/wp-content\/uploads\/2023\/08\/Enfants_du_monde_website_image_banner_globe_virtuel-2048x885.png 2048w\" data-sizes=\"auto\" data-original-sizes=\"(max-width: 2500px) 100vw, 2500px\" \/>\n                            <\/a>                        <\/div>\n                        <div class=\"contentBlock\">\n                            <h3>Globo Virtual<\/h3>\n                            <p>El Globo Virtual est\u00e1 compuesto por m\u00e1s de 5.000 fotograf\u00edas, v\u00eddeos y textos elaborados por alumnos que participaron en el proyecto Un mundo m\u00e1s Justo, destacando uno de los derechos del ni\u00f1o de su elecci\u00f3n. \u00a1Descubra c\u00f3mo los ni\u00f1os de todo el mundo est\u00e1n hablando creativamente sobre sus derechos!<\/p>\n                                                            <a href=\"https:\/\/edm.ch\/es\/globo-virtual\/\" class=\"btnWhite\">M\u00e1s informaci\u00f3n<\/a>\n                                                    <\/div>\n                    <\/div>\n                <\/div>\n\n            \n                <div class=\"activityCol\">\n                    <div class=\"activityColInner\">\n                        <div class=\"imgBlock\">\n                            <a href=\"https:\/\/edm.ch\/es\/material-didactico\/\">                                <img decoding=\"async\" data-src=\"https:\/\/edm.ch\/wp-content\/uploads\/2023\/08\/Enfants_du_monde_website_image_umj_materiel.png\" alt=\"EMD-img\" src=\"data:image\/svg+xml;base64,PHN2ZyB3aWR0aD0iMSIgaGVpZ2h0PSIxIiB4bWxucz0iaHR0cDovL3d3dy53My5vcmcvMjAwMC9zdmciPjwvc3ZnPg==\" class=\"lazyload\" style=\"--smush-placeholder-width: 1920px; --smush-placeholder-aspect-ratio: 1920\/1920;\" data-srcset=\"https:\/\/edm.ch\/wp-content\/uploads\/2023\/08\/Enfants_du_monde_website_image_umj_materiel.png 1920w, https:\/\/edm.ch\/wp-content\/uploads\/2023\/08\/Enfants_du_monde_website_image_umj_materiel-300x300.png 300w, https:\/\/edm.ch\/wp-content\/uploads\/2023\/08\/Enfants_du_monde_website_image_umj_materiel-1024x1024.png 1024w, https:\/\/edm.ch\/wp-content\/uploads\/2023\/08\/Enfants_du_monde_website_image_umj_materiel-150x150.png 150w, https:\/\/edm.ch\/wp-content\/uploads\/2023\/08\/Enfants_du_monde_website_image_umj_materiel-768x768.png 768w, https:\/\/edm.ch\/wp-content\/uploads\/2023\/08\/Enfants_du_monde_website_image_umj_materiel-1536x1536.png 1536w\" data-sizes=\"auto\" data-original-sizes=\"(max-width: 1920px) 100vw, 1920px\" \/>\n                            <\/a>                        <\/div>\n                        <div class=\"contentBlock\">\n                            <h3>Materiales de ense\u00f1anza<\/h3>\n                            <p>Hemos desarrollado una serie de herramientas educativas \u2013 archivos, hojas, gu\u00edas, recursos \u2013 para permitir a los docentes y facilitadores integrar el tema de los derechos de la ni\u00f1ez y la educaci\u00f3n para el desarrollo sostenible en sus cursos y actividades.<\/p>\n                                                            <a href=\"https:\/\/edm.ch\/es\/material-didactico\/\" class=\"btnWhite\">M\u00e1s informaci\u00f3n<\/a>\n                                                    <\/div>\n                    <\/div>\n                <\/div>\n\n                        \n        <\/div>\n      <\/div>\n    <\/section>\n\n\n    <section class=\"donation_count\" style=\"display:\">\n        <div class=\"inner_row\">\n            <div class=\"right_img_block\">\n                <div class=\"img_block figure_block\">\n                    <img decoding=\"async\" data-src=\"https:\/\/edm.ch\/wp-content\/uploads\/2023\/08\/httpsdon.edm_.chfr_2.png\" alt=\"\" src=\"data:image\/svg+xml;base64,PHN2ZyB3aWR0aD0iMSIgaGVpZ2h0PSIxIiB4bWxucz0iaHR0cDovL3d3dy53My5vcmcvMjAwMC9zdmciPjwvc3ZnPg==\" class=\"lazyload\" style=\"--smush-placeholder-width: 1920px; --smush-placeholder-aspect-ratio: 1920\/1920;\" data-srcset=\"https:\/\/edm.ch\/wp-content\/uploads\/2023\/08\/httpsdon.edm_.chfr_2.png 1920w, https:\/\/edm.ch\/wp-content\/uploads\/2023\/08\/httpsdon.edm_.chfr_2-300x300.png 300w, https:\/\/edm.ch\/wp-content\/uploads\/2023\/08\/httpsdon.edm_.chfr_2-1024x1024.png 1024w, https:\/\/edm.ch\/wp-content\/uploads\/2023\/08\/httpsdon.edm_.chfr_2-150x150.png 150w, https:\/\/edm.ch\/wp-content\/uploads\/2023\/08\/httpsdon.edm_.chfr_2-768x768.png 768w, https:\/\/edm.ch\/wp-content\/uploads\/2023\/08\/httpsdon.edm_.chfr_2-1536x1536.png 1536w\" data-sizes=\"auto\" data-original-sizes=\"(max-width: 1920px) 100vw, 1920px\">\n                                    <\/div>\n            <\/div>\n            <div class=\"left_txt_block\">\n                <div class=\"txt_contents\">\n                    <h3>Mi donaci\u00f3n marca la diferencia<\/h3>\n                    <div class=\"block_txts\">\n                                                    <div class=\"item\">\n                                <span class=\"title\">Por ejemplo:<\/span>\n                                <p><\/p>\n                            <\/div>\n                                                    <div class=\"item\">\n                                <span class=\"title\">Con 100 francos:<\/span>\n                                <p>Contribuyo al desarrollo de materiales did\u00e1cticos de calidad sobre los derechos del ni\u00f1o para estudiantes en Suiza.<\/p>\n                            <\/div>\n                                                                            <a href=\"https:\/\/don.edm.ch\/es\" class=\"btnWhite buttonDonation\">\n                                HAGO UNA DONACI\u00d3N                            <\/a>\n                                            <\/div>\n                <\/div>\n            <\/div>\n        <\/div>\n    <\/section>","protected":false},"excerpt":{"rendered":"","protected":false},"author":3,"featured_media":0,"parent":0,"menu_order":0,"comment_status":"closed","ping_status":"closed","template":"templates\/yellow-line-3.php","meta":{"_acf_changed":false,"inline_featured_image":false,"footnotes":""},"class_list":["post-8213","page","type-page","status-publish","hentry"],"acf":[],"yoast_head":"<!-- This site is optimized with the Yoast SEO plugin v26.9 - https:\/\/yoast.com\/product\/yoast-seo-wordpress\/ -->\n<title>Derechos del ni\u00f1o - Un mundo m\u00e1s justo - Enfants du Monde<\/title>\n<meta name=\"description\" content=\"Enfants du Monde trabaja con escuelas de Suiza y otros pa\u00edses, invitando a ni\u00f1os de 6 a 12 a\u00f1os a descubrir sus derechos.\" \/>\n<meta name=\"robots\" content=\"index, follow, max-snippet:-1, max-image-preview:large, max-video-preview:-1\" \/>\n<link rel=\"canonical\" href=\"https:\/\/edm.ch\/es\/un-mundo-mas-justo\/\" \/>\n<meta property=\"og:locale\" content=\"es_ES\" \/>\n<meta property=\"og:type\" content=\"article\" \/>\n<meta property=\"og:title\" content=\"Derechos del ni\u00f1o - Un mundo m\u00e1s justo - Enfants du Monde\" \/>\n<meta property=\"og:description\" content=\"Enfants du Monde trabaja con escuelas de Suiza y otros pa\u00edses, invitando a ni\u00f1os de 6 a 12 a\u00f1os a descubrir sus derechos.\" \/>\n<meta property=\"og:url\" content=\"https:\/\/edm.ch\/es\/un-mundo-mas-justo\/\" \/>\n<meta property=\"og:site_name\" content=\"Enfants du monde\" \/>\n<meta property=\"article:modified_time\" content=\"2024-10-16T13:24:10+00:00\" \/>\n<meta name=\"twitter:card\" content=\"summary_large_image\" \/>\n<script type=\"application\/ld+json\" class=\"yoast-schema-graph\">{\"@context\":\"https:\/\/schema.org\",\"@graph\":[{\"@type\":\"WebPage\",\"@id\":\"https:\/\/edm.ch\/es\/un-mundo-mas-justo\/\",\"url\":\"https:\/\/edm.ch\/es\/un-mundo-mas-justo\/\",\"name\":\"Derechos del ni\u00f1o - Un mundo m\u00e1s justo - Enfants du Monde\",\"isPartOf\":{\"@id\":\"https:\/\/edm.ch\/en\/#website\"},\"datePublished\":\"2023-08-11T08:08:21+00:00\",\"dateModified\":\"2024-10-16T13:24:10+00:00\",\"description\":\"Enfants du Monde trabaja con escuelas de Suiza y otros pa\u00edses, invitando a ni\u00f1os de 6 a 12 a\u00f1os a descubrir sus derechos.\",\"inLanguage\":\"es\",\"potentialAction\":[{\"@type\":\"ReadAction\",\"target\":[\"https:\/\/edm.ch\/es\/un-mundo-mas-justo\/\"]}]},{\"@type\":\"WebSite\",\"@id\":\"https:\/\/edm.ch\/en\/#website\",\"url\":\"https:\/\/edm.ch\/en\/\",\"name\":\"Enfants du monde\",\"description\":\"Association suisse\",\"potentialAction\":[{\"@type\":\"SearchAction\",\"target\":{\"@type\":\"EntryPoint\",\"urlTemplate\":\"https:\/\/edm.ch\/en\/?s={search_term_string}\"},\"query-input\":{\"@type\":\"PropertyValueSpecification\",\"valueRequired\":true,\"valueName\":\"search_term_string\"}}],\"inLanguage\":\"es\"}]}<\/script>\n<!-- \/ Yoast SEO plugin. -->","yoast_head_json":{"title":"Derechos del ni\u00f1o - Un mundo m\u00e1s justo - Enfants du Monde","description":"Enfants du Monde trabaja con escuelas de Suiza y otros pa\u00edses, invitando a ni\u00f1os de 6 a 12 a\u00f1os a descubrir sus derechos.","robots":{"index":"index","follow":"follow","max-snippet":"max-snippet:-1","max-image-preview":"max-image-preview:large","max-video-preview":"max-video-preview:-1"},"canonical":"https:\/\/edm.ch\/es\/un-mundo-mas-justo\/","og_locale":"es_ES","og_type":"article","og_title":"Derechos del ni\u00f1o - Un mundo m\u00e1s justo - Enfants du Monde","og_description":"Enfants du Monde trabaja con escuelas de Suiza y otros pa\u00edses, invitando a ni\u00f1os de 6 a 12 a\u00f1os a descubrir sus derechos.","og_url":"https:\/\/edm.ch\/es\/un-mundo-mas-justo\/","og_site_name":"Enfants du monde","article_modified_time":"2024-10-16T13:24:10+00:00","twitter_card":"summary_large_image","schema":{"@context":"https:\/\/schema.org","@graph":[{"@type":"WebPage","@id":"https:\/\/edm.ch\/es\/un-mundo-mas-justo\/","url":"https:\/\/edm.ch\/es\/un-mundo-mas-justo\/","name":"Derechos del ni\u00f1o - Un mundo m\u00e1s justo - Enfants du Monde","isPartOf":{"@id":"https:\/\/edm.ch\/en\/#website"},"datePublished":"2023-08-11T08:08:21+00:00","dateModified":"2024-10-16T13:24:10+00:00","description":"Enfants du Monde trabaja con escuelas de Suiza y otros pa\u00edses, invitando a ni\u00f1os de 6 a 12 a\u00f1os a descubrir sus derechos.","inLanguage":"es","potentialAction":[{"@type":"ReadAction","target":["https:\/\/edm.ch\/es\/un-mundo-mas-justo\/"]}]},{"@type":"WebSite","@id":"https:\/\/edm.ch\/en\/#website","url":"https:\/\/edm.ch\/en\/","name":"Enfants du monde","description":"Association suisse","potentialAction":[{"@type":"SearchAction","target":{"@type":"EntryPoint","urlTemplate":"https:\/\/edm.ch\/en\/?s={search_term_string}"},"query-input":{"@type":"PropertyValueSpecification","valueRequired":true,"valueName":"search_term_string"}}],"inLanguage":"es"}]}},"_links":{"self":[{"href":"https:\/\/edm.ch\/es\/wp-json\/wp\/v2\/pages\/8213","targetHints":{"allow":["GET"]}}],"collection":[{"href":"https:\/\/edm.ch\/es\/wp-json\/wp\/v2\/pages"}],"about":[{"href":"https:\/\/edm.ch\/es\/wp-json\/wp\/v2\/types\/page"}],"author":[{"embeddable":true,"href":"https:\/\/edm.ch\/es\/wp-json\/wp\/v2\/users\/3"}],"replies":[{"embeddable":true,"href":"https:\/\/edm.ch\/es\/wp-json\/wp\/v2\/comments?post=8213"}],"version-history":[{"count":21,"href":"https:\/\/edm.ch\/es\/wp-json\/wp\/v2\/pages\/8213\/revisions"}],"predecessor-version":[{"id":32720,"href":"https:\/\/edm.ch\/es\/wp-json\/wp\/v2\/pages\/8213\/revisions\/32720"}],"wp:attachment":[{"href":"https:\/\/edm.ch\/es\/wp-json\/wp\/v2\/media?parent=8213"}],"curies":[{"name":"wp","href":"https:\/\/api.w.org\/{rel}","templated":true}]}}