{"id":7556,"date":"2023-08-17T16:19:22","date_gmt":"2023-08-17T16:19:22","guid":{"rendered":"https:\/\/edm.ch\/?page_id=7556"},"modified":"2025-07-04T09:03:35","modified_gmt":"2025-07-04T09:03:35","slug":"proteccion-de-datos","status":"publish","type":"page","link":"https:\/\/edm.ch\/es\/proteccion-de-datos\/","title":{"rendered":"PROTECCI\u00d3N DE DATOS"},"content":{"rendered":"<section class=\"subpageBanner\" style=\"display:\">\n    <div class=\"subpageBannerBlock figure_block\">\n        <img decoding=\"async\" data-src=\"https:\/\/edm.ch\/wp-content\/uploads\/2023\/08\/Enfants-du-Monde_website_1920x1920_1432.png\" src=\"data:image\/svg+xml;base64,PHN2ZyB3aWR0aD0iMSIgaGVpZ2h0PSIxIiB4bWxucz0iaHR0cDovL3d3dy53My5vcmcvMjAwMC9zdmciPjwvc3ZnPg==\" class=\"lazyload\" style=\"--smush-placeholder-width: 1920px; --smush-placeholder-aspect-ratio: 1920\/1920;\" data-srcset=\"https:\/\/edm.ch\/wp-content\/uploads\/2023\/08\/Enfants-du-Monde_website_1920x1920_1432.png 1920w, https:\/\/edm.ch\/wp-content\/uploads\/2023\/08\/Enfants-du-Monde_website_1920x1920_1432-300x300.png 300w, https:\/\/edm.ch\/wp-content\/uploads\/2023\/08\/Enfants-du-Monde_website_1920x1920_1432-1024x1024.png 1024w, https:\/\/edm.ch\/wp-content\/uploads\/2023\/08\/Enfants-du-Monde_website_1920x1920_1432-150x150.png 150w, https:\/\/edm.ch\/wp-content\/uploads\/2023\/08\/Enfants-du-Monde_website_1920x1920_1432-768x768.png 768w, https:\/\/edm.ch\/wp-content\/uploads\/2023\/08\/Enfants-du-Monde_website_1920x1920_1432-1536x1536.png 1536w\" data-sizes=\"auto\" data-original-sizes=\"(max-width: 1920px) 100vw, 1920px\" \/>\n        <div class=\"subpageBannerWrap\">\n            <div class=\"container\">\n                <div class=\"content\">\n                    <div>\n                        <span class=\"bannerHead\"><\/span>\n                        <h1>Protecci\u00f3n de datos  <\/h1>\n                    <\/div>\n                                    <\/div>\n            <\/div>\n        <\/div>\n            <\/div>\n<\/section>\n<script type=\"text\/javascript\">\n    jQuery(document).ready(function ($) {\n        \/\/ Check if the block exists\n        var bannerSection = $('#subpage-banner-section');\n\n        if (bannerSection.length > 0) {\n            \/\/ Move the block to the end of <main> just before the footer\n            $('main').append(bannerSection); \/\/ This will append it inside the <main> tag\n        }\n\n        $('.documentAccordion').on('click', function (e) {\n            e.preventDefault();  \/\/ Prevent default link action\n\n            \/\/ Target the section with the given ID\n            $('html, body').animate({\n                scrollTop: $('#subpage-banner-section').offset().top - 200\n            }, 1000);\n        });\n    });\n<\/script>\n\n        <section class=\"contentSec\" style=\"display:\">\n        <div class=\"container\">\n            <div class=\"contentBlock\">\n                <h5><\/h5>\n                <p><em>Ante el desarrollo de las nuevas herramientas de comunicaci\u00f3n, es necesario prestar especial atenci\u00f3n a la protecci\u00f3n de la privacidad. Por ello, nos comprometemos a respetar la confidencialidad de los datos personales que recopilamos.<\/em><\/p>\n                            <\/div>\n        <\/div>\n    <\/section>\n\n        <section class=\"contentSec\" style=\"display:\">\n        <div class=\"container\">\n            <div class=\"contentBlock\">\n                <h5>Recopilaci\u00f3n de sus datos personales<\/h5>\n                <p>Al navegar por nuestro sitio web, suscribirse a nuestro bolet\u00edn informativo, rellenar solicitudes de documentaci\u00f3n, realizar una donaci\u00f3n puntual o peri\u00f3dica, o responder a un anuncio, usted nos facilita informaci\u00f3n personal.<\/p>\n<p>Los datos personales que recopilamos se obtienen a trav\u00e9s de formularios y gracias a la interactividad establecida entre usted y nuestro sitio web. Los datos personales no se comunicar\u00e1n en ning\u00fan caso a terceros. Tambi\u00e9n utilizamos, tal y como se indica en la siguiente secci\u00f3n, archivos de cookies para recopilar informaci\u00f3n sobre usted.<\/p>\n<p>Los enlaces y temas en los que se hace clic en el bolet\u00edn informativo, por ejemplo, se almacenan y se vinculan a sus datos personales.<\/p>\n<p>Si se suscribe a nuestro bolet\u00edn informativo electr\u00f3nico (enviado por correo electr\u00f3nico) o nos apoya financieramente, usted decide transmitirnos datos personales para este fin espec\u00edfico a trav\u00e9s de los formularios de direcci\u00f3n en l\u00ednea.<\/p>\n                            <\/div>\n        <\/div>\n    <\/section>\n\n        <section class=\"contentSec\" style=\"display:\">\n        <div class=\"container\">\n            <div class=\"contentBlock\">\n                <h5>Uso de cookies<\/h5>\n                <p>Las cookies son identificadores \u00fanicos que el servidor del sitio web almacena en su dispositivo para que nuestro sistema pueda reconocerlo, pero no permiten identificar a una persona f\u00edsica.<\/p>\n<p>Utilizamos cookies para facilitar su navegaci\u00f3n por el sitio web y ofrecerle contenidos adaptados a sus intereses. Por ejemplo, nos permiten conocer:<\/p>\n<ul>\n<li>el \u00faltimo t\u00e9rmino de b\u00fasqueda que ha utilizado en el sitio web<\/li>\n<li>sus preferencias en cuanto a las opciones de visualizaci\u00f3n<\/li>\n<li>su historial de navegaci\u00f3n en nuestro sitio web, para no ofrecerle una petici\u00f3n o un formulario que ya haya firmado.<\/li>\n<\/ul>\n<p>Puede rechazar una cookie en cualquier momento desactiv\u00e1ndola. Para ello, cambie la configuraci\u00f3n de su navegador.<\/p>\n<p>Nota: si desactiva completamente las cookies, es posible que el sitio web de Enfants du Monde Suisse no funcione correctamente.<\/p>\n                            <\/div>\n        <\/div>\n    <\/section>\n\n        <section class=\"contentSec\" style=\"display:\">\n        <div class=\"container\">\n            <div class=\"contentBlock\">\n                <h5>Finalidad de la recopilaci\u00f3n de sus datos<\/h5>\n                <p>Los datos recopilados se utilizan, en funci\u00f3n de su navegaci\u00f3n en nuestro sitio web, para llevar a cabo los siguientes tratamientos:<\/p>\n<ul>\n<li>Gesti\u00f3n de su donaci\u00f3n<\/li>\n<li>Emisi\u00f3n de su certificado de donaci\u00f3n<\/li>\n<li>Env\u00edo de informaci\u00f3n sobre nuestros programas y convocatorias de donaciones<\/li>\n<li>Recopilaci\u00f3n de su opini\u00f3n y realizaci\u00f3n de encuestas<\/li>\n<li>Estad\u00edsticas y medici\u00f3n de la frecuencia de visitas al sitio web<\/li>\n<\/ul>\n                            <\/div>\n        <\/div>\n    <\/section>\n\n        <section class=\"contentSec\" style=\"display:\">\n        <div class=\"container\">\n            <div class=\"contentBlock\">\n                <h5>Conservaci\u00f3n de sus datos<\/h5>\n                <p>Sus datos se conservar\u00e1n durante el tiempo estrictamente necesario para la consecuci\u00f3n de los fines anteriormente mencionados.<\/p>\n                            <\/div>\n        <\/div>\n    <\/section>\n\n        <section class=\"contentSec\" style=\"display:\">\n        <div class=\"container\">\n            <div class=\"contentBlock\">\n                <h5>Tratamiento de sus datos<\/h5>\n                <p>Enfants du Monde cumple con la legislaci\u00f3n suiza en materia de protecci\u00f3n de datos. Sus datos se tratan de forma confidencial y no se comunican a terceros. Nosotros mismos gestionamos sus datos de direcci\u00f3n y no alquilamos ni vendemos direcciones. En ning\u00fan caso se transmiten sus datos a personas u organizaciones terceras con fines comerciales. No obstante, Enfants du Monde se reserva el derecho a utilizar sus datos para solicitarle apoyo financiero.<\/p>\n<p>Sus datos son tratados internamente por nuestros departamentos competentes o transmitidos a los proveedores de confianza con los que trabajamos (por ejemplo, una imprenta). En este \u00faltimo caso, solo se transmite a nuestros proveedores la informaci\u00f3n necesaria para los fines anteriormente mencionados (por ejemplo, su nombre y direcci\u00f3n).<\/p>\n                            <\/div>\n        <\/div>\n    <\/section>\n\n        <section class=\"contentSec\" style=\"display:\">\n        <div class=\"container\">\n            <div class=\"contentBlock\">\n                <h5>Sus derechos<\/h5>\n                <p>Nos comprometemos a ofrecerle el derecho de oposici\u00f3n y retirada de sus datos personales.<\/p>\n<p>El derecho de oposici\u00f3n se entiende como la posibilidad ofrecida a los usuarios de Internet de rechazar que sus datos personales sean utilizados para determinados fines mencionados en el momento de su recogida.<\/p>\n<p>El derecho de retirada se entiende como la posibilidad que se ofrece a los usuarios de Internet de solicitar que sus datos personales dejen de figurar, por ejemplo, en una lista de distribuci\u00f3n.<\/p>\n<p>Tambi\u00e9n nos comprometemos a reconocer el derecho de acceso y rectificaci\u00f3n a las personas interesadas que deseen consultar, modificar o incluso suprimir la informaci\u00f3n que les concierne (incluida la rectificaci\u00f3n de la informaci\u00f3n relacionada con el env\u00edo de comunicaciones por correo postal).<\/p>\n<p>En cualquier momento, puede ejercer sus derechos poni\u00e9ndose en contacto con nosotros:<\/p>\n<p>Por correo postal: Rue de Varemb\u00e9 1, 1202 Ginebra<\/p>\n<p>Por correo electr\u00f3nico: <a href=\"mailto:info@edm.ch\"><b><u>info@edm.ch<\/u><\/b><\/a><\/p>\n<p>Por tel\u00e9fono: +41 (0) 22 798 88 81<\/p>\n<p>En el sitio web: <a href=\"https:\/\/www.edm.ch\/fr\/contact-fr\"><b><u>https:\/\/www.edm.ch\/fr\/contact-fr<\/u><\/b><\/a><\/p>\n                            <\/div>\n        <\/div>\n    <\/section>\n\n        <section class=\"contentSec\" style=\"display:\">\n        <div class=\"container\">\n            <div class=\"contentBlock\">\n                <h5>Medidas de seguridad<\/h5>\n                <p>Los datos personales que recopilamos se conservan en un entorno seguro. Las personas y los proveedores que trabajan para nosotros est\u00e1n obligados a respetar la confidencialidad de sus datos.<\/p>\n<p>Para garantizar la seguridad de su informaci\u00f3n personal, tomamos las siguientes medidas:<\/p>\n<ul>\n<li>Protocolo SSL (Secure Sockets Layer)<\/li>\n<li>Gesti\u00f3n de accesos: personas autorizadas<\/li>\n<li>Gesti\u00f3n de accesos: personas interesadas<\/li>\n<li>Copia de seguridad inform\u00e1tica<\/li>\n<li>Identificador\/contrase\u00f1a<\/li>\n<li>Firewalls<\/li>\n<\/ul>\n<p>Como responsable del tratamiento de sus datos, Enfants du Monde toma todas las precauciones necesarias para preservar la seguridad y la confidencialidad de los datos y, en particular, para evitar que sean alterados, da\u00f1ados o que terceros no autorizados tengan acceso a ellos. Sin embargo, dado que ning\u00fan mecanismo ofrece una seguridad m\u00e1xima, siempre existe un riesgo cuando se utiliza Internet para transmitir informaci\u00f3n personal.<\/p>\n                            <\/div>\n        <\/div>\n    <\/section>\n\n        <section class=\"contentSec\" style=\"display:\">\n        <div class=\"container\">\n            <div class=\"contentBlock\">\n                <h5>Legislaci\u00f3n<\/h5>\n                <p>Nos comprometemos a respetar las disposiciones legislativas establecidas en la Ley de Protecci\u00f3n de Datos de Suiza.<\/p>\n<p>&nbsp;<\/p>\n<p>&nbsp;<\/p>\n<p>&nbsp;<\/p>\n<p><em>Esta pol\u00edtica de protecci\u00f3n de datos se actualiz\u00f3 el: 04.07.2025.<\/em><\/p>\n                            <\/div>\n        <\/div>\n    <\/section>","protected":false},"excerpt":{"rendered":"","protected":false},"author":3,"featured_media":0,"parent":0,"menu_order":0,"comment_status":"closed","ping_status":"closed","template":"templates\/yellow-line-1.php","meta":{"_acf_changed":false,"inline_featured_image":false,"footnotes":""},"class_list":["post-7556","page","type-page","status-publish","hentry"],"acf":[],"yoast_head":"<!-- This site is optimized with the Yoast SEO plugin v26.9 - https:\/\/yoast.com\/product\/yoast-seo-wordpress\/ -->\n<title>PROTECCI\u00d3N DE DATOS - Enfants du monde<\/title>\n<meta name=\"robots\" content=\"index, follow, max-snippet:-1, max-image-preview:large, max-video-preview:-1\" \/>\n<link rel=\"canonical\" href=\"https:\/\/edm.ch\/es\/proteccion-de-datos\/\" \/>\n<meta property=\"og:locale\" content=\"es_ES\" \/>\n<meta property=\"og:type\" content=\"article\" \/>\n<meta property=\"og:title\" content=\"PROTECCI\u00d3N DE DATOS - Enfants du monde\" \/>\n<meta property=\"og:url\" content=\"https:\/\/edm.ch\/es\/proteccion-de-datos\/\" \/>\n<meta property=\"og:site_name\" content=\"Enfants du monde\" \/>\n<meta property=\"article:modified_time\" content=\"2025-07-04T09:03:35+00:00\" \/>\n<meta name=\"twitter:card\" content=\"summary_large_image\" \/>\n<script type=\"application\/ld+json\" class=\"yoast-schema-graph\">{\"@context\":\"https:\/\/schema.org\",\"@graph\":[{\"@type\":\"WebPage\",\"@id\":\"https:\/\/edm.ch\/es\/proteccion-de-datos\/\",\"url\":\"https:\/\/edm.ch\/es\/proteccion-de-datos\/\",\"name\":\"PROTECCI\u00d3N DE DATOS - Enfants du monde\",\"isPartOf\":{\"@id\":\"https:\/\/edm.ch\/en\/#website\"},\"datePublished\":\"2023-08-17T16:19:22+00:00\",\"dateModified\":\"2025-07-04T09:03:35+00:00\",\"inLanguage\":\"es\",\"potentialAction\":[{\"@type\":\"ReadAction\",\"target\":[\"https:\/\/edm.ch\/es\/proteccion-de-datos\/\"]}]},{\"@type\":\"WebSite\",\"@id\":\"https:\/\/edm.ch\/en\/#website\",\"url\":\"https:\/\/edm.ch\/en\/\",\"name\":\"Enfants du monde\",\"description\":\"Association suisse\",\"potentialAction\":[{\"@type\":\"SearchAction\",\"target\":{\"@type\":\"EntryPoint\",\"urlTemplate\":\"https:\/\/edm.ch\/en\/?s={search_term_string}\"},\"query-input\":{\"@type\":\"PropertyValueSpecification\",\"valueRequired\":true,\"valueName\":\"search_term_string\"}}],\"inLanguage\":\"es\"}]}<\/script>\n<!-- \/ Yoast SEO plugin. -->","yoast_head_json":{"title":"PROTECCI\u00d3N DE DATOS - Enfants du monde","robots":{"index":"index","follow":"follow","max-snippet":"max-snippet:-1","max-image-preview":"max-image-preview:large","max-video-preview":"max-video-preview:-1"},"canonical":"https:\/\/edm.ch\/es\/proteccion-de-datos\/","og_locale":"es_ES","og_type":"article","og_title":"PROTECCI\u00d3N DE DATOS - Enfants du monde","og_url":"https:\/\/edm.ch\/es\/proteccion-de-datos\/","og_site_name":"Enfants du monde","article_modified_time":"2025-07-04T09:03:35+00:00","twitter_card":"summary_large_image","schema":{"@context":"https:\/\/schema.org","@graph":[{"@type":"WebPage","@id":"https:\/\/edm.ch\/es\/proteccion-de-datos\/","url":"https:\/\/edm.ch\/es\/proteccion-de-datos\/","name":"PROTECCI\u00d3N DE DATOS - Enfants du monde","isPartOf":{"@id":"https:\/\/edm.ch\/en\/#website"},"datePublished":"2023-08-17T16:19:22+00:00","dateModified":"2025-07-04T09:03:35+00:00","inLanguage":"es","potentialAction":[{"@type":"ReadAction","target":["https:\/\/edm.ch\/es\/proteccion-de-datos\/"]}]},{"@type":"WebSite","@id":"https:\/\/edm.ch\/en\/#website","url":"https:\/\/edm.ch\/en\/","name":"Enfants du monde","description":"Association suisse","potentialAction":[{"@type":"SearchAction","target":{"@type":"EntryPoint","urlTemplate":"https:\/\/edm.ch\/en\/?s={search_term_string}"},"query-input":{"@type":"PropertyValueSpecification","valueRequired":true,"valueName":"search_term_string"}}],"inLanguage":"es"}]}},"_links":{"self":[{"href":"https:\/\/edm.ch\/es\/wp-json\/wp\/v2\/pages\/7556","targetHints":{"allow":["GET"]}}],"collection":[{"href":"https:\/\/edm.ch\/es\/wp-json\/wp\/v2\/pages"}],"about":[{"href":"https:\/\/edm.ch\/es\/wp-json\/wp\/v2\/types\/page"}],"author":[{"embeddable":true,"href":"https:\/\/edm.ch\/es\/wp-json\/wp\/v2\/users\/3"}],"replies":[{"embeddable":true,"href":"https:\/\/edm.ch\/es\/wp-json\/wp\/v2\/comments?post=7556"}],"version-history":[{"count":9,"href":"https:\/\/edm.ch\/es\/wp-json\/wp\/v2\/pages\/7556\/revisions"}],"predecessor-version":[{"id":36323,"href":"https:\/\/edm.ch\/es\/wp-json\/wp\/v2\/pages\/7556\/revisions\/36323"}],"wp:attachment":[{"href":"https:\/\/edm.ch\/es\/wp-json\/wp\/v2\/media?parent=7556"}],"curies":[{"name":"wp","href":"https:\/\/api.w.org\/{rel}","templated":true}]}}