{"id":7475,"date":"2023-08-10T08:49:24","date_gmt":"2023-08-10T08:49:24","guid":{"rendered":"https:\/\/edm.ch\/?page_id=7475"},"modified":"2025-01-14T10:51:39","modified_gmt":"2025-01-14T10:51:39","slug":"equipos-en-el-mundo","status":"publish","type":"page","link":"https:\/\/edm.ch\/es\/equipos-en-el-mundo\/","title":{"rendered":"\u00c9quipes dans le monde"},"content":{"rendered":"<section class=\"subpageBanner\" style=\"display:\">\n    <div class=\"subpageBannerBlock figure_block\">\n        <img decoding=\"async\" data-src=\"https:\/\/edm.ch\/wp-content\/uploads\/2023\/08\/enfants_du_monde_website_image_-photo_de_groupe.png\" src=\"data:image\/svg+xml;base64,PHN2ZyB3aWR0aD0iMSIgaGVpZ2h0PSIxIiB4bWxucz0iaHR0cDovL3d3dy53My5vcmcvMjAwMC9zdmciPjwvc3ZnPg==\" class=\"lazyload\" style=\"--smush-placeholder-width: 2500px; --smush-placeholder-aspect-ratio: 2500\/800;\" data-srcset=\"https:\/\/edm.ch\/wp-content\/uploads\/2023\/08\/enfants_du_monde_website_image_-photo_de_groupe.png 2500w, https:\/\/edm.ch\/wp-content\/uploads\/2023\/08\/enfants_du_monde_website_image_-photo_de_groupe-300x96.png 300w, https:\/\/edm.ch\/wp-content\/uploads\/2023\/08\/enfants_du_monde_website_image_-photo_de_groupe-1024x328.png 1024w, https:\/\/edm.ch\/wp-content\/uploads\/2023\/08\/enfants_du_monde_website_image_-photo_de_groupe-768x246.png 768w, https:\/\/edm.ch\/wp-content\/uploads\/2023\/08\/enfants_du_monde_website_image_-photo_de_groupe-1536x492.png 1536w, https:\/\/edm.ch\/wp-content\/uploads\/2023\/08\/enfants_du_monde_website_image_-photo_de_groupe-2048x655.png 2048w\" data-sizes=\"auto\" data-original-sizes=\"(max-width: 2500px) 100vw, 2500px\" \/>\n        <div class=\"subpageBannerWrap\">\n            <div class=\"container\">\n                <div class=\"content\">\n                    <div>\n                        <span class=\"bannerHead\"><\/span>\n                        <h1>Equipos en el mundo<\/h1>\n                    <\/div>\n                                    <\/div>\n            <\/div>\n        <\/div>\n            <\/div>\n<\/section>\n<script type=\"text\/javascript\">\n    jQuery(document).ready(function ($) {\n        \/\/ Check if the block exists\n        var bannerSection = $('#subpage-banner-section');\n\n        if (bannerSection.length > 0) {\n            \/\/ Move the block to the end of <main> just before the footer\n            $('main').append(bannerSection); \/\/ This will append it inside the <main> tag\n        }\n\n        $('.documentAccordion').on('click', function (e) {\n            e.preventDefault();  \/\/ Prevent default link action\n\n            \/\/ Target the section with the given ID\n            $('html, body').animate({\n                scrollTop: $('#subpage-banner-section').offset().top - 200\n            }, 1000);\n        });\n    });\n<\/script>\n\n        <section class=\"contentSec\" style=\"display:\">\n        <div class=\"container\">\n            <div class=\"contentBlock\">\n                <h5><\/h5>\n                <h2><span lang=\"es-ES\">Una gesti\u00f3n eficaz de los proyectos sobre el terreno<\/span><\/h2>\n<p><span lang=\"es-ES\">Zara llevar a cabo sus proyectos en los diferentes pa\u00edses de actuaci\u00f3n, <\/span><span lang=\"es-ES\">nuestra ONG suiza Enfants du Monde<\/span><span lang=\"es-ES\"> cuenta con el trabajo y la participaci\u00f3n de <\/span><strong><span lang=\"es-ES\">4 oficinas regionales de coordinaci\u00f3n<\/span><\/strong><span lang=\"es-ES\"> en Burkina Faso, Guatemala, Bangladesh y <\/span><span lang=\"es-ES\">Chad<\/span><span lang=\"es-ES\">, con un total de casi 50 empleados.<\/span><\/p>\n<p><span lang=\"es-ES\">Los coordinadores regionales y los directores de programas, as\u00ed como sus respectivos equipos de colaboradores, especializados en la gesti\u00f3n de programas de educaci\u00f3n y salud, aseguran la comunicaci\u00f3n entre nuestros socios locales y la Secretar\u00eda en Ginebra y supervisan y apoyan los proyectos de salud, educaci\u00f3n y formaci\u00f3n sobre el terreno.<\/span><\/p>\n                            <\/div>\n        <\/div>\n    <\/section>\n\n\n\n<section class=\"team-listing-block\">\n      <div class=\"team-filter-sec\" style=\"display: none;\">\n      <div class=\"container\">\n        <ul class=\"filter-list-teams\">\n                        <li class=\"active\"                data-attr=\"equipe-dans-le-monde\">\u00c9quipes dans le monde<\/li>\n                      <\/ul>\n      <\/div>\n    <\/div>\n    <!-- team filter sec end -->\n\n    <input type=\"hidden\" class=\"orderType\" value=\"\">\n  <input type=\"hidden\" class=\"showcatName\" value=\"\">\n  <div class=\"teamSec\">\n\n    <div class=\"container teamBlockResult\">\n\n    <\/div>\n\n  <\/div>\n<\/section>","protected":false},"excerpt":{"rendered":"","protected":false},"author":3,"featured_media":3700,"parent":0,"menu_order":0,"comment_status":"closed","ping_status":"closed","template":"templates\/yellow-line-2.php","meta":{"_acf_changed":false,"inline_featured_image":false,"footnotes":""},"class_list":["post-7475","page","type-page","status-publish","has-post-thumbnail","hentry"],"acf":[],"yoast_head":"<!-- This site is optimized with the Yoast SEO plugin v26.9 - https:\/\/yoast.com\/product\/yoast-seo-wordpress\/ -->\n<title>Equipo Enfants du Monde - Oficinas locales - Enfants du Monde<\/title>\n<meta name=\"description\" content=\"Conozca al equipo de Ni\u00f1os del Mundo que coordina las oficinas regionales de Burkina Faso, Guatemala, Bangladesh y Chad.\" \/>\n<meta name=\"robots\" content=\"index, follow, max-snippet:-1, max-image-preview:large, max-video-preview:-1\" \/>\n<link rel=\"canonical\" href=\"https:\/\/edm.ch\/es\/equipos-en-el-mundo\/\" \/>\n<meta property=\"og:locale\" content=\"es_ES\" \/>\n<meta property=\"og:type\" content=\"article\" \/>\n<meta property=\"og:title\" content=\"Equipo Enfants du Monde - Oficinas locales - Enfants du Monde\" \/>\n<meta property=\"og:description\" content=\"Conozca al equipo de Ni\u00f1os del Mundo que coordina las oficinas regionales de Burkina Faso, Guatemala, Bangladesh y Chad.\" \/>\n<meta property=\"og:url\" content=\"https:\/\/edm.ch\/es\/equipos-en-el-mundo\/\" \/>\n<meta property=\"og:site_name\" content=\"Enfants du monde\" \/>\n<meta property=\"article:modified_time\" content=\"2025-01-14T10:51:39+00:00\" \/>\n<meta property=\"og:image\" content=\"https:\/\/edm.ch\/wp-content\/uploads\/2023\/08\/Equipe_1920_RS6943-1024x1024.png\" \/>\n\t<meta property=\"og:image:width\" content=\"1024\" \/>\n\t<meta property=\"og:image:height\" content=\"1024\" \/>\n\t<meta property=\"og:image:type\" content=\"image\/png\" \/>\n<meta name=\"twitter:card\" content=\"summary_large_image\" \/>\n<meta name=\"twitter:label1\" content=\"Est. reading time\" \/>\n\t<meta name=\"twitter:data1\" content=\"1 minuto\" \/>\n<script type=\"application\/ld+json\" class=\"yoast-schema-graph\">{\"@context\":\"https:\/\/schema.org\",\"@graph\":[{\"@type\":\"WebPage\",\"@id\":\"https:\/\/edm.ch\/es\/equipos-en-el-mundo\/\",\"url\":\"https:\/\/edm.ch\/es\/equipos-en-el-mundo\/\",\"name\":\"Equipo Enfants du Monde - Oficinas locales - Enfants du Monde\",\"isPartOf\":{\"@id\":\"https:\/\/edm.ch\/en\/#website\"},\"primaryImageOfPage\":{\"@id\":\"https:\/\/edm.ch\/es\/equipos-en-el-mundo\/#primaryimage\"},\"image\":{\"@id\":\"https:\/\/edm.ch\/es\/equipos-en-el-mundo\/#primaryimage\"},\"thumbnailUrl\":\"https:\/\/edm.ch\/wp-content\/uploads\/2023\/08\/Equipe_1920_RS6943.png\",\"datePublished\":\"2023-08-10T08:49:24+00:00\",\"dateModified\":\"2025-01-14T10:51:39+00:00\",\"description\":\"Conozca al equipo de Ni\u00f1os del Mundo que coordina las oficinas regionales de Burkina Faso, Guatemala, Bangladesh y Chad.\",\"inLanguage\":\"es\",\"potentialAction\":[{\"@type\":\"ReadAction\",\"target\":[\"https:\/\/edm.ch\/es\/equipos-en-el-mundo\/\"]}]},{\"@type\":\"ImageObject\",\"inLanguage\":\"es\",\"@id\":\"https:\/\/edm.ch\/es\/equipos-en-el-mundo\/#primaryimage\",\"url\":\"https:\/\/edm.ch\/wp-content\/uploads\/2023\/08\/Equipe_1920_RS6943.png\",\"contentUrl\":\"https:\/\/edm.ch\/wp-content\/uploads\/2023\/08\/Equipe_1920_RS6943.png\",\"width\":1920,\"height\":1920,\"caption\":\"\u00a9 Enfants du Monde\"},{\"@type\":\"WebSite\",\"@id\":\"https:\/\/edm.ch\/en\/#website\",\"url\":\"https:\/\/edm.ch\/en\/\",\"name\":\"Enfants du monde\",\"description\":\"Association suisse\",\"potentialAction\":[{\"@type\":\"SearchAction\",\"target\":{\"@type\":\"EntryPoint\",\"urlTemplate\":\"https:\/\/edm.ch\/en\/?s={search_term_string}\"},\"query-input\":{\"@type\":\"PropertyValueSpecification\",\"valueRequired\":true,\"valueName\":\"search_term_string\"}}],\"inLanguage\":\"es\"}]}<\/script>\n<!-- \/ Yoast SEO plugin. -->","yoast_head_json":{"title":"Equipo Enfants du Monde - Oficinas locales - Enfants du Monde","description":"Conozca al equipo de Ni\u00f1os del Mundo que coordina las oficinas regionales de Burkina Faso, Guatemala, Bangladesh y Chad.","robots":{"index":"index","follow":"follow","max-snippet":"max-snippet:-1","max-image-preview":"max-image-preview:large","max-video-preview":"max-video-preview:-1"},"canonical":"https:\/\/edm.ch\/es\/equipos-en-el-mundo\/","og_locale":"es_ES","og_type":"article","og_title":"Equipo Enfants du Monde - Oficinas locales - Enfants du Monde","og_description":"Conozca al equipo de Ni\u00f1os del Mundo que coordina las oficinas regionales de Burkina Faso, Guatemala, Bangladesh y Chad.","og_url":"https:\/\/edm.ch\/es\/equipos-en-el-mundo\/","og_site_name":"Enfants du monde","article_modified_time":"2025-01-14T10:51:39+00:00","og_image":[{"width":1024,"height":1024,"url":"https:\/\/edm.ch\/wp-content\/uploads\/2023\/08\/Equipe_1920_RS6943-1024x1024.png","type":"image\/png"}],"twitter_card":"summary_large_image","twitter_misc":{"Est. reading time":"1 minuto"},"schema":{"@context":"https:\/\/schema.org","@graph":[{"@type":"WebPage","@id":"https:\/\/edm.ch\/es\/equipos-en-el-mundo\/","url":"https:\/\/edm.ch\/es\/equipos-en-el-mundo\/","name":"Equipo Enfants du Monde - Oficinas locales - Enfants du Monde","isPartOf":{"@id":"https:\/\/edm.ch\/en\/#website"},"primaryImageOfPage":{"@id":"https:\/\/edm.ch\/es\/equipos-en-el-mundo\/#primaryimage"},"image":{"@id":"https:\/\/edm.ch\/es\/equipos-en-el-mundo\/#primaryimage"},"thumbnailUrl":"https:\/\/edm.ch\/wp-content\/uploads\/2023\/08\/Equipe_1920_RS6943.png","datePublished":"2023-08-10T08:49:24+00:00","dateModified":"2025-01-14T10:51:39+00:00","description":"Conozca al equipo de Ni\u00f1os del Mundo que coordina las oficinas regionales de Burkina Faso, Guatemala, Bangladesh y Chad.","inLanguage":"es","potentialAction":[{"@type":"ReadAction","target":["https:\/\/edm.ch\/es\/equipos-en-el-mundo\/"]}]},{"@type":"ImageObject","inLanguage":"es","@id":"https:\/\/edm.ch\/es\/equipos-en-el-mundo\/#primaryimage","url":"https:\/\/edm.ch\/wp-content\/uploads\/2023\/08\/Equipe_1920_RS6943.png","contentUrl":"https:\/\/edm.ch\/wp-content\/uploads\/2023\/08\/Equipe_1920_RS6943.png","width":1920,"height":1920,"caption":"\u00a9 Enfants du Monde"},{"@type":"WebSite","@id":"https:\/\/edm.ch\/en\/#website","url":"https:\/\/edm.ch\/en\/","name":"Enfants du monde","description":"Association suisse","potentialAction":[{"@type":"SearchAction","target":{"@type":"EntryPoint","urlTemplate":"https:\/\/edm.ch\/en\/?s={search_term_string}"},"query-input":{"@type":"PropertyValueSpecification","valueRequired":true,"valueName":"search_term_string"}}],"inLanguage":"es"}]}},"_links":{"self":[{"href":"https:\/\/edm.ch\/es\/wp-json\/wp\/v2\/pages\/7475","targetHints":{"allow":["GET"]}}],"collection":[{"href":"https:\/\/edm.ch\/es\/wp-json\/wp\/v2\/pages"}],"about":[{"href":"https:\/\/edm.ch\/es\/wp-json\/wp\/v2\/types\/page"}],"author":[{"embeddable":true,"href":"https:\/\/edm.ch\/es\/wp-json\/wp\/v2\/users\/3"}],"replies":[{"embeddable":true,"href":"https:\/\/edm.ch\/es\/wp-json\/wp\/v2\/comments?post=7475"}],"version-history":[{"count":16,"href":"https:\/\/edm.ch\/es\/wp-json\/wp\/v2\/pages\/7475\/revisions"}],"predecessor-version":[{"id":33293,"href":"https:\/\/edm.ch\/es\/wp-json\/wp\/v2\/pages\/7475\/revisions\/33293"}],"wp:featuredmedia":[{"embeddable":true,"href":"https:\/\/edm.ch\/es\/wp-json\/wp\/v2\/media\/3700"}],"wp:attachment":[{"href":"https:\/\/edm.ch\/es\/wp-json\/wp\/v2\/media?parent=7475"}],"curies":[{"name":"wp","href":"https:\/\/api.w.org\/{rel}","templated":true}]}}