{"id":7341,"date":"2023-08-16T07:53:56","date_gmt":"2023-08-16T07:53:56","guid":{"rendered":"https:\/\/edm.ch\/?page_id=7341"},"modified":"2025-11-07T16:10:41","modified_gmt":"2025-11-07T16:10:41","slug":"equipo","status":"publish","type":"page","link":"https:\/\/edm.ch\/es\/equipo\/","title":{"rendered":"Equipo"},"content":{"rendered":"<section class=\"subpageBanner\" style=\"display:\">\n    <div class=\"subpageBannerBlock figure_block\">\n        <img decoding=\"async\" data-src=\"https:\/\/edm.ch\/wp-content\/uploads\/2023\/08\/enfants_du_monde_website_image_-photo_de_groupe.png\" src=\"data:image\/svg+xml;base64,PHN2ZyB3aWR0aD0iMSIgaGVpZ2h0PSIxIiB4bWxucz0iaHR0cDovL3d3dy53My5vcmcvMjAwMC9zdmciPjwvc3ZnPg==\" class=\"lazyload\" style=\"--smush-placeholder-width: 2500px; --smush-placeholder-aspect-ratio: 2500\/800;\" data-srcset=\"https:\/\/edm.ch\/wp-content\/uploads\/2023\/08\/enfants_du_monde_website_image_-photo_de_groupe.png 2500w, https:\/\/edm.ch\/wp-content\/uploads\/2023\/08\/enfants_du_monde_website_image_-photo_de_groupe-300x96.png 300w, https:\/\/edm.ch\/wp-content\/uploads\/2023\/08\/enfants_du_monde_website_image_-photo_de_groupe-1024x328.png 1024w, https:\/\/edm.ch\/wp-content\/uploads\/2023\/08\/enfants_du_monde_website_image_-photo_de_groupe-768x246.png 768w, https:\/\/edm.ch\/wp-content\/uploads\/2023\/08\/enfants_du_monde_website_image_-photo_de_groupe-1536x492.png 1536w, https:\/\/edm.ch\/wp-content\/uploads\/2023\/08\/enfants_du_monde_website_image_-photo_de_groupe-2048x655.png 2048w\" data-sizes=\"auto\" data-original-sizes=\"(max-width: 2500px) 100vw, 2500px\" \/>\n        <div class=\"subpageBannerWrap\">\n            <div class=\"container\">\n                <div class=\"content\">\n                    <div>\n                        <span class=\"bannerHead\"><\/span>\n                        <h1>Equipo de la sede en Suiza<\/h1>\n                    <\/div>\n                                    <\/div>\n            <\/div>\n        <\/div>\n            <\/div>\n<\/section>\n<script type=\"text\/javascript\">\n    jQuery(document).ready(function ($) {\n        \/\/ Check if the block exists\n        var bannerSection = $('#subpage-banner-section');\n\n        if (bannerSection.length > 0) {\n            \/\/ Move the block to the end of <main> just before the footer\n            $('main').append(bannerSection); \/\/ This will append it inside the <main> tag\n        }\n\n        $('.documentAccordion').on('click', function (e) {\n            e.preventDefault();  \/\/ Prevent default link action\n\n            \/\/ Target the section with the given ID\n            $('html, body').animate({\n                scrollTop: $('#subpage-banner-section').offset().top - 200\n            }, 1000);\n        });\n    });\n<\/script>\n\n        <section class=\"contentSec\" style=\"display:\">\n        <div class=\"container\">\n            <div class=\"contentBlock\">\n                <h5><\/h5>\n                <h2><span lang=\"es-ES\">Especialistas con competencias y conocimientos variados<\/span><\/h2>\n<p><span lang=\"es-ES\">Ubicada en Ginebra, la sede de nuestra ONG Enfants du Monde est\u00e1 <\/span><strong><span lang=\"es-ES\">compuesta por un equipo de veinte personas<\/span><\/strong><span lang=\"es-ES\">. La Secretar\u00eda, supervisada por el <\/span><a href=\"https:\/\/www.edm.ch\/es\/asociacion\/organizacion\/comite\"><span lang=\"es-ES\">Comit\u00e9<\/span><\/a><span lang=\"es-ES\">, colabora estrechamente con las <\/span><a href=\"https:\/\/www.edm.ch\/es\/asociacion\/organizacion\/mundo\"><span lang=\"es-ES\">oficinas regionales<\/span><\/a> <span lang=\"es-ES\">y los <\/span><a href=\"https:\/\/www.edm.ch\/es\/asociacion\/socios\"><span lang=\"es-ES\">socios locales<\/span><\/a><span lang=\"es-ES\">.<\/span><\/p>\n<p><span lang=\"es-ES\">Para que sus proyectos lleguen a buen puerto, nuestra ONG suiza cuenta con la <\/span><span lang=\"es-ES\"><strong>ayuda de sus colaboradores\/as<\/strong>,<\/span><span lang=\"es-ES\"> que cuentan con una dilatada experiencia en los \u00e1mbitos de la educaci\u00f3n y la salud, as\u00ed como en la gesti\u00f3n de programas. Nuestros colaboradores\/as ponen sus experiencias y sus conocimientos t\u00e9cnicos a disposici\u00f3n de los gobiernos y los socios locales,<strong> para <\/strong><\/span><span lang=\"es-ES\"><strong>contribuir al desarrollo sostenible de los pa\u00edses en los que actuamos<\/strong>.<\/span><\/p>\n<p><span lang=\"es-ES\">Las competencias en gesti\u00f3n, recaudaci\u00f3n de fondos, comunicaci\u00f3n e inform\u00e1tica de otros colegas de nuestro equipo tambi\u00e9n son sumamente valiosas. Todo ello es indispensable para el correcto funcionamiento y la promoci\u00f3n de nuestra ONG, su <\/span><a href=\"https:\/\/www.edm.ch\/es\/asociacion\/socios\"><span lang=\"es-ES\">misi\u00f3n humanitaria<\/span><\/a><span lang=\"es-ES\"> y sus valores.<\/span><\/p>\n<p>&nbsp;<\/p>\n<p class=\"western\"><span lang=\"es-ES\"><i>Consulte <a href=\"https:\/\/edm.ch\/fr\/emploi\/\">nuestras ofertas de empleo<\/a><\/i><\/span><\/p>\n                            <\/div>\n        <\/div>\n    <\/section>\n\n\n\n<section class=\"team-listing-block\">\n      <div class=\"team-filter-sec\">\n      <div class=\"container\">\n        <ul class=\"filter-list-teams\">\n          <input type=\"hidden\" class=\"allCatName\" value='[&quot;secretaria&quot;,&quot;comite-es&quot;,&quot;direction-es&quot;,&quot;sante-et-education-es&quot;,&quot;sante-es&quot;,&quot;bangladesh-es&quot;,&quot;burkina-faso-es&quot;,&quot;tchad-es&quot;,&quot;guatemala-es&quot;,&quot;suisse-es&quot;]'>              <li class=\"active\"                data-attr=\"secretaria\">Secretar\u00eda<\/li>\n                            <li                 data-attr=\"comite-es\">Comit\u00e9<\/li>\n                            <li                 data-attr=\"direction-es\">Direcci\u00f3n<\/li>\n                            <li                 data-attr=\"sante-et-education-es\">Educaci\u00f3n<\/li>\n                            <li                 data-attr=\"sante-es\">Salud<\/li>\n                            <li                 data-attr=\"bangladesh-es\">Bangladesh<\/li>\n                            <li                 data-attr=\"burkina-faso-es\">Burkina Faso<\/li>\n                            <li                 data-attr=\"tchad-es\">Chad<\/li>\n                            <li                 data-attr=\"guatemala-es\">Guatemala<\/li>\n                            <li                 data-attr=\"suisse-es\">Suiza<\/li>\n                      <\/ul>\n      <\/div>\n    <\/div>\n    <!-- team filter sec end -->\n\n    <input type=\"hidden\" class=\"orderType\" value=\"\">\n  <input type=\"hidden\" class=\"showcatName\" value=\"\">\n  <div class=\"teamSec\">\n\n    <div class=\"container teamBlockResult\">\n\n    <\/div>\n\n  <\/div>\n<\/section>\n\n        <section class=\"contentSec\" style=\"display:\">\n        <div class=\"container\">\n            <div class=\"contentBlock\">\n                <h5><\/h5>\n                <h2><a name=\"voluntarios\"><\/a>Voluntarios\/as<\/h2>\n<p>Enfants du Monde tiene la suerte de contar con el <strong><span lang=\"es-ES\">compromiso de personas generosas como voluntarios de nuestra asociaci\u00f3n<\/span><\/strong><span lang=\"es-ES\">. Gracias a su inestimable apoyo, podemos llevar a cabo <\/span><strong><a href=\"https:\/\/www.edm.ch\/es\/ayudar\/voluntariado\"><span lang=\"es-ES\">muchas actividades<\/span><\/a><span lang=\"es-ES\"> esenciales para el buen funcionamiento<\/span><\/strong><span lang=\"es-ES\"> de nuestra asociaci\u00f3n, al tiempo que mantenemos bajos nuestros costes administrativos.<\/span><\/p>\n<p><span lang=\"es-ES\">Contacte con nosotros para hacerse <a href=\"https:\/\/www.edm.ch\/es\/contacto\">voluntario<\/a><\/span><\/p>\n                            <\/div>\n        <\/div>\n    <\/section>\n\n\n    \n    <section class=\"rightTextLeftImg \" style=\"display:\">\n        <div class=\"container\">\n            <div class=\"rightTextLeftImgRow\">\n                                    <div class=\"left\">\n                                            <\/div>\n                                                    <div class=\"right\">\n                        <div class=\"content\">\n                            <h2>                                Helene Kubasky, <small>voluntaria, Suiza<\/small>\n                            <\/h2>                                                            <p align=\"left\">Realizo traducciones en alem\u00e1n seg\u00fan las necesidades de la oficina en Ginebra. Ejerzo como voluntaria porque pienso que los proyectos de Enfants du Monde est\u00e1n bien concebidos.<\/p>\n                                                                                                            <\/div>\n                    <\/div>\n                            <\/div>\n        <\/div>\n    <\/section>\n\n        <section class=\"contentSec\" style=\"display:\">\n        <div class=\"container\">\n            <div class=\"contentBlock\">\n                <h5><\/h5>\n                <p><em>Tambi\u00e9n queremos dar las gracias a los dem\u00e1s voluntarios que no han querido aparecer en esta p\u00e1gina.<\/em><\/p>\n                            <\/div>\n        <\/div>\n    <\/section>","protected":false},"excerpt":{"rendered":"","protected":false},"author":3,"featured_media":3700,"parent":0,"menu_order":0,"comment_status":"closed","ping_status":"closed","template":"templates\/yellow-line-1.php","meta":{"_acf_changed":false,"inline_featured_image":false,"footnotes":""},"class_list":["post-7341","page","type-page","status-publish","has-post-thumbnail","hentry"],"acf":[],"yoast_head":"<!-- This site is optimized with the Yoast SEO plugin v26.9 - https:\/\/yoast.com\/product\/yoast-seo-wordpress\/ -->\n<title>Equipo en Suiza - Enfants du Monde<\/title>\n<meta name=\"description\" content=\"Conoce al equipo de nuestra ONG Enfants du Monde Suisse. Con sede en Ginebra, colabora con oficinas regionales y socios locales.\" \/>\n<meta name=\"robots\" content=\"index, follow, max-snippet:-1, max-image-preview:large, max-video-preview:-1\" \/>\n<link rel=\"canonical\" href=\"https:\/\/edm.ch\/es\/equipo\/\" \/>\n<meta property=\"og:locale\" content=\"es_ES\" \/>\n<meta property=\"og:type\" content=\"article\" \/>\n<meta property=\"og:title\" content=\"Equipo en Suiza - Enfants du Monde\" \/>\n<meta property=\"og:description\" content=\"Conoce al equipo de nuestra ONG Enfants du Monde Suisse. Con sede en Ginebra, colabora con oficinas regionales y socios locales.\" \/>\n<meta property=\"og:url\" content=\"https:\/\/edm.ch\/es\/equipo\/\" \/>\n<meta property=\"og:site_name\" content=\"Enfants du monde\" \/>\n<meta property=\"article:modified_time\" content=\"2025-11-07T16:10:41+00:00\" \/>\n<meta property=\"og:image\" content=\"https:\/\/edm.ch\/wp-content\/uploads\/2023\/08\/Equipe_1920_RS6943-1024x1024.png\" \/>\n\t<meta property=\"og:image:width\" content=\"1024\" \/>\n\t<meta property=\"og:image:height\" content=\"1024\" \/>\n\t<meta property=\"og:image:type\" content=\"image\/png\" \/>\n<meta name=\"twitter:card\" content=\"summary_large_image\" \/>\n<meta name=\"twitter:label1\" content=\"Est. reading time\" \/>\n\t<meta name=\"twitter:data1\" content=\"1 minuto\" \/>\n<script type=\"application\/ld+json\" class=\"yoast-schema-graph\">{\"@context\":\"https:\/\/schema.org\",\"@graph\":[{\"@type\":\"WebPage\",\"@id\":\"https:\/\/edm.ch\/es\/equipo\/\",\"url\":\"https:\/\/edm.ch\/es\/equipo\/\",\"name\":\"Equipo en Suiza - Enfants du Monde\",\"isPartOf\":{\"@id\":\"https:\/\/edm.ch\/en\/#website\"},\"primaryImageOfPage\":{\"@id\":\"https:\/\/edm.ch\/es\/equipo\/#primaryimage\"},\"image\":{\"@id\":\"https:\/\/edm.ch\/es\/equipo\/#primaryimage\"},\"thumbnailUrl\":\"https:\/\/edm.ch\/wp-content\/uploads\/2023\/08\/Equipe_1920_RS6943.png\",\"datePublished\":\"2023-08-16T07:53:56+00:00\",\"dateModified\":\"2025-11-07T16:10:41+00:00\",\"description\":\"Conoce al equipo de nuestra ONG Enfants du Monde Suisse. Con sede en Ginebra, colabora con oficinas regionales y socios locales.\",\"inLanguage\":\"es\",\"potentialAction\":[{\"@type\":\"ReadAction\",\"target\":[\"https:\/\/edm.ch\/es\/equipo\/\"]}]},{\"@type\":\"ImageObject\",\"inLanguage\":\"es\",\"@id\":\"https:\/\/edm.ch\/es\/equipo\/#primaryimage\",\"url\":\"https:\/\/edm.ch\/wp-content\/uploads\/2023\/08\/Equipe_1920_RS6943.png\",\"contentUrl\":\"https:\/\/edm.ch\/wp-content\/uploads\/2023\/08\/Equipe_1920_RS6943.png\",\"width\":1920,\"height\":1920,\"caption\":\"\u00a9 Enfants du Monde\"},{\"@type\":\"WebSite\",\"@id\":\"https:\/\/edm.ch\/en\/#website\",\"url\":\"https:\/\/edm.ch\/en\/\",\"name\":\"Enfants du monde\",\"description\":\"Association suisse\",\"potentialAction\":[{\"@type\":\"SearchAction\",\"target\":{\"@type\":\"EntryPoint\",\"urlTemplate\":\"https:\/\/edm.ch\/en\/?s={search_term_string}\"},\"query-input\":{\"@type\":\"PropertyValueSpecification\",\"valueRequired\":true,\"valueName\":\"search_term_string\"}}],\"inLanguage\":\"es\"}]}<\/script>\n<!-- \/ Yoast SEO plugin. -->","yoast_head_json":{"title":"Equipo en Suiza - Enfants du Monde","description":"Conoce al equipo de nuestra ONG Enfants du Monde Suisse. Con sede en Ginebra, colabora con oficinas regionales y socios locales.","robots":{"index":"index","follow":"follow","max-snippet":"max-snippet:-1","max-image-preview":"max-image-preview:large","max-video-preview":"max-video-preview:-1"},"canonical":"https:\/\/edm.ch\/es\/equipo\/","og_locale":"es_ES","og_type":"article","og_title":"Equipo en Suiza - Enfants du Monde","og_description":"Conoce al equipo de nuestra ONG Enfants du Monde Suisse. Con sede en Ginebra, colabora con oficinas regionales y socios locales.","og_url":"https:\/\/edm.ch\/es\/equipo\/","og_site_name":"Enfants du monde","article_modified_time":"2025-11-07T16:10:41+00:00","og_image":[{"width":1024,"height":1024,"url":"https:\/\/edm.ch\/wp-content\/uploads\/2023\/08\/Equipe_1920_RS6943-1024x1024.png","type":"image\/png"}],"twitter_card":"summary_large_image","twitter_misc":{"Est. reading time":"1 minuto"},"schema":{"@context":"https:\/\/schema.org","@graph":[{"@type":"WebPage","@id":"https:\/\/edm.ch\/es\/equipo\/","url":"https:\/\/edm.ch\/es\/equipo\/","name":"Equipo en Suiza - Enfants du Monde","isPartOf":{"@id":"https:\/\/edm.ch\/en\/#website"},"primaryImageOfPage":{"@id":"https:\/\/edm.ch\/es\/equipo\/#primaryimage"},"image":{"@id":"https:\/\/edm.ch\/es\/equipo\/#primaryimage"},"thumbnailUrl":"https:\/\/edm.ch\/wp-content\/uploads\/2023\/08\/Equipe_1920_RS6943.png","datePublished":"2023-08-16T07:53:56+00:00","dateModified":"2025-11-07T16:10:41+00:00","description":"Conoce al equipo de nuestra ONG Enfants du Monde Suisse. Con sede en Ginebra, colabora con oficinas regionales y socios locales.","inLanguage":"es","potentialAction":[{"@type":"ReadAction","target":["https:\/\/edm.ch\/es\/equipo\/"]}]},{"@type":"ImageObject","inLanguage":"es","@id":"https:\/\/edm.ch\/es\/equipo\/#primaryimage","url":"https:\/\/edm.ch\/wp-content\/uploads\/2023\/08\/Equipe_1920_RS6943.png","contentUrl":"https:\/\/edm.ch\/wp-content\/uploads\/2023\/08\/Equipe_1920_RS6943.png","width":1920,"height":1920,"caption":"\u00a9 Enfants du Monde"},{"@type":"WebSite","@id":"https:\/\/edm.ch\/en\/#website","url":"https:\/\/edm.ch\/en\/","name":"Enfants du monde","description":"Association suisse","potentialAction":[{"@type":"SearchAction","target":{"@type":"EntryPoint","urlTemplate":"https:\/\/edm.ch\/en\/?s={search_term_string}"},"query-input":{"@type":"PropertyValueSpecification","valueRequired":true,"valueName":"search_term_string"}}],"inLanguage":"es"}]}},"_links":{"self":[{"href":"https:\/\/edm.ch\/es\/wp-json\/wp\/v2\/pages\/7341","targetHints":{"allow":["GET"]}}],"collection":[{"href":"https:\/\/edm.ch\/es\/wp-json\/wp\/v2\/pages"}],"about":[{"href":"https:\/\/edm.ch\/es\/wp-json\/wp\/v2\/types\/page"}],"author":[{"embeddable":true,"href":"https:\/\/edm.ch\/es\/wp-json\/wp\/v2\/users\/3"}],"replies":[{"embeddable":true,"href":"https:\/\/edm.ch\/es\/wp-json\/wp\/v2\/comments?post=7341"}],"version-history":[{"count":40,"href":"https:\/\/edm.ch\/es\/wp-json\/wp\/v2\/pages\/7341\/revisions"}],"predecessor-version":[{"id":37913,"href":"https:\/\/edm.ch\/es\/wp-json\/wp\/v2\/pages\/7341\/revisions\/37913"}],"wp:featuredmedia":[{"embeddable":true,"href":"https:\/\/edm.ch\/es\/wp-json\/wp\/v2\/media\/3700"}],"wp:attachment":[{"href":"https:\/\/edm.ch\/es\/wp-json\/wp\/v2\/media?parent=7341"}],"curies":[{"name":"wp","href":"https:\/\/api.w.org\/{rel}","templated":true}]}}