{"id":7320,"date":"2023-08-07T09:32:12","date_gmt":"2023-08-07T09:32:12","guid":{"rendered":"https:\/\/edm.ch\/?page_id=7320"},"modified":"2024-01-03T11:45:46","modified_gmt":"2024-01-03T11:45:46","slug":"empleo","status":"publish","type":"page","link":"https:\/\/edm.ch\/es\/empleo\/","title":{"rendered":"Emploi"},"content":{"rendered":"<section class=\"subpageBanner\" style=\"display:\">\n    <div class=\"subpageBannerBlock figure_block\">\n        <img decoding=\"async\" data-src=\"https:\/\/edm.ch\/wp-content\/uploads\/2023\/08\/enfants_du_monde_website_.png\" src=\"data:image\/svg+xml;base64,PHN2ZyB3aWR0aD0iMSIgaGVpZ2h0PSIxIiB4bWxucz0iaHR0cDovL3d3dy53My5vcmcvMjAwMC9zdmciPjwvc3ZnPg==\" class=\"lazyload\" style=\"--smush-placeholder-width: 2500px; --smush-placeholder-aspect-ratio: 2500\/800;\" data-srcset=\"https:\/\/edm.ch\/wp-content\/uploads\/2023\/08\/enfants_du_monde_website_.png 2500w, https:\/\/edm.ch\/wp-content\/uploads\/2023\/08\/enfants_du_monde_website_-300x96.png 300w, https:\/\/edm.ch\/wp-content\/uploads\/2023\/08\/enfants_du_monde_website_-1024x328.png 1024w, https:\/\/edm.ch\/wp-content\/uploads\/2023\/08\/enfants_du_monde_website_-768x246.png 768w, https:\/\/edm.ch\/wp-content\/uploads\/2023\/08\/enfants_du_monde_website_-1536x492.png 1536w, https:\/\/edm.ch\/wp-content\/uploads\/2023\/08\/enfants_du_monde_website_-2048x655.png 2048w\" data-sizes=\"auto\" data-original-sizes=\"(max-width: 2500px) 100vw, 2500px\" \/>\n        <div class=\"subpageBannerWrap\">\n            <div class=\"container\">\n                <div class=\"content\">\n                    <div>\n                        <span class=\"bannerHead\"><\/span>\n                        <h1>Ofertas de empleo, pr\u00e1cticas y trabajo voluntario<\/h1>\n                    <\/div>\n                                    <\/div>\n            <\/div>\n        <\/div>\n            <\/div>\n<\/section>\n<script type=\"text\/javascript\">\n    jQuery(document).ready(function ($) {\n        \/\/ Check if the block exists\n        var bannerSection = $('#subpage-banner-section');\n\n        if (bannerSection.length > 0) {\n            \/\/ Move the block to the end of <main> just before the footer\n            $('main').append(bannerSection); \/\/ This will append it inside the <main> tag\n        }\n\n        $('.documentAccordion').on('click', function (e) {\n            e.preventDefault();  \/\/ Prevent default link action\n\n            \/\/ Target the section with the given ID\n            $('html, body').animate({\n                scrollTop: $('#subpage-banner-section').offset().top - 200\n            }, 1000);\n        });\n    });\n<\/script>\n\n        <section class=\"contentSec\" style=\"display:\">\n        <div class=\"container\">\n            <div class=\"contentBlock\">\n                <h5>\u00bfTrabajar para Enfants du Monde?<\/h5>\n                <p>\u00bfTe apetece unirte a nuestro equipo y contribuir a mejorar la salud y la educaci\u00f3n de las poblaciones m\u00e1s desfavorecidas?<\/p>\n<p>Visite la <a href=\"https:\/\/edm.ch\/fr\/emploi\/\">p\u00e1gina de empleos en Francia<\/a> para conocer las vacantes actuales.<\/p>\n<h2><\/h2>\n<h2>Informaci\u00f3n importante<\/h2>\n<p><span lang=\"es-ES\">Enfants du Monde nunca utiliza agencias externas para la contrataci\u00f3n y siempre publica sus ofertas de trabajo en esta p\u00e1gina.<\/span><\/p>\n<p><span lang=\"es-ES\">Enfants du Monde no emplea personal de campo, excepto en el marco de sus Oficinas de Coordinaci\u00f3n. Estos puestos tambi\u00e9n se publican en nuestro sitio web.<\/span><\/p>\n<p><span lang=\"es-ES\">Enfants du Monde nunca pedir\u00e1 impuestos, tasas o emolumentos en el marco de sus contrataciones. Adem\u00e1s, no se solicitar\u00e1 ninguna informaci\u00f3n bancaria o financiera a los candidatos.<\/span><\/p>\n<p><span lang=\"es-ES\">Estas normas son estrictas y corresponden a una \u00e9tica de la que la organizaci\u00f3n no se desviar\u00e1.<\/span><\/p>\n                            <\/div>\n        <\/div>\n    <\/section>\n\n        <section class=\" tableContentSec\" style=\"display:\">\n      <div class=\"container\">\n        <div class=\"sectionTable\">\n          <table>\n            <tbody>\n                                          <\/tbody>\n          <\/table>\n        <\/div>\n      <\/div>\n    <\/section>","protected":false},"excerpt":{"rendered":"","protected":false},"author":3,"featured_media":0,"parent":0,"menu_order":0,"comment_status":"closed","ping_status":"closed","template":"templates\/yellow-line-6.php","meta":{"_acf_changed":false,"inline_featured_image":false,"footnotes":""},"class_list":["post-7320","page","type-page","status-publish","hentry"],"acf":[],"yoast_head":"<!-- This site is optimized with the Yoast SEO plugin v26.9 - https:\/\/yoast.com\/product\/yoast-seo-wordpress\/ -->\n<title>Ofertas de empleo de Enfants du Monde - Enfants du Monde<\/title>\n<meta name=\"description\" content=\"Explore las oportunidades de empleo, pr\u00e1cticas y voluntariado en Enfants du Monde. Consulte nuestros puestos vacantes y presente su solicitud hoy mismo.\" \/>\n<meta name=\"robots\" content=\"index, follow, max-snippet:-1, max-image-preview:large, max-video-preview:-1\" \/>\n<link rel=\"canonical\" href=\"https:\/\/edm.ch\/es\/empleo\/\" \/>\n<meta property=\"og:locale\" content=\"es_ES\" \/>\n<meta property=\"og:type\" content=\"article\" \/>\n<meta property=\"og:title\" content=\"Ofertas de empleo de Enfants du Monde - Enfants du Monde\" \/>\n<meta property=\"og:description\" content=\"Explore las oportunidades de empleo, pr\u00e1cticas y voluntariado en Enfants du Monde. Consulte nuestros puestos vacantes y presente su solicitud hoy mismo.\" \/>\n<meta property=\"og:url\" content=\"https:\/\/edm.ch\/es\/empleo\/\" \/>\n<meta property=\"og:site_name\" content=\"Enfants du monde\" \/>\n<meta property=\"article:modified_time\" content=\"2024-01-03T11:45:46+00:00\" \/>\n<meta name=\"twitter:card\" content=\"summary_large_image\" \/>\n<script type=\"application\/ld+json\" class=\"yoast-schema-graph\">{\"@context\":\"https:\/\/schema.org\",\"@graph\":[{\"@type\":\"WebPage\",\"@id\":\"https:\/\/edm.ch\/es\/empleo\/\",\"url\":\"https:\/\/edm.ch\/es\/empleo\/\",\"name\":\"Ofertas de empleo de Enfants du Monde - Enfants du Monde\",\"isPartOf\":{\"@id\":\"https:\/\/edm.ch\/en\/#website\"},\"datePublished\":\"2023-08-07T09:32:12+00:00\",\"dateModified\":\"2024-01-03T11:45:46+00:00\",\"description\":\"Explore las oportunidades de empleo, pr\u00e1cticas y voluntariado en Enfants du Monde. Consulte nuestros puestos vacantes y presente su solicitud hoy mismo.\",\"inLanguage\":\"es\",\"potentialAction\":[{\"@type\":\"ReadAction\",\"target\":[\"https:\/\/edm.ch\/es\/empleo\/\"]}]},{\"@type\":\"WebSite\",\"@id\":\"https:\/\/edm.ch\/en\/#website\",\"url\":\"https:\/\/edm.ch\/en\/\",\"name\":\"Enfants du monde\",\"description\":\"Association suisse\",\"potentialAction\":[{\"@type\":\"SearchAction\",\"target\":{\"@type\":\"EntryPoint\",\"urlTemplate\":\"https:\/\/edm.ch\/en\/?s={search_term_string}\"},\"query-input\":{\"@type\":\"PropertyValueSpecification\",\"valueRequired\":true,\"valueName\":\"search_term_string\"}}],\"inLanguage\":\"es\"}]}<\/script>\n<!-- \/ Yoast SEO plugin. -->","yoast_head_json":{"title":"Ofertas de empleo de Enfants du Monde - Enfants du Monde","description":"Explore las oportunidades de empleo, pr\u00e1cticas y voluntariado en Enfants du Monde. Consulte nuestros puestos vacantes y presente su solicitud hoy mismo.","robots":{"index":"index","follow":"follow","max-snippet":"max-snippet:-1","max-image-preview":"max-image-preview:large","max-video-preview":"max-video-preview:-1"},"canonical":"https:\/\/edm.ch\/es\/empleo\/","og_locale":"es_ES","og_type":"article","og_title":"Ofertas de empleo de Enfants du Monde - Enfants du Monde","og_description":"Explore las oportunidades de empleo, pr\u00e1cticas y voluntariado en Enfants du Monde. Consulte nuestros puestos vacantes y presente su solicitud hoy mismo.","og_url":"https:\/\/edm.ch\/es\/empleo\/","og_site_name":"Enfants du monde","article_modified_time":"2024-01-03T11:45:46+00:00","twitter_card":"summary_large_image","schema":{"@context":"https:\/\/schema.org","@graph":[{"@type":"WebPage","@id":"https:\/\/edm.ch\/es\/empleo\/","url":"https:\/\/edm.ch\/es\/empleo\/","name":"Ofertas de empleo de Enfants du Monde - Enfants du Monde","isPartOf":{"@id":"https:\/\/edm.ch\/en\/#website"},"datePublished":"2023-08-07T09:32:12+00:00","dateModified":"2024-01-03T11:45:46+00:00","description":"Explore las oportunidades de empleo, pr\u00e1cticas y voluntariado en Enfants du Monde. Consulte nuestros puestos vacantes y presente su solicitud hoy mismo.","inLanguage":"es","potentialAction":[{"@type":"ReadAction","target":["https:\/\/edm.ch\/es\/empleo\/"]}]},{"@type":"WebSite","@id":"https:\/\/edm.ch\/en\/#website","url":"https:\/\/edm.ch\/en\/","name":"Enfants du monde","description":"Association suisse","potentialAction":[{"@type":"SearchAction","target":{"@type":"EntryPoint","urlTemplate":"https:\/\/edm.ch\/en\/?s={search_term_string}"},"query-input":{"@type":"PropertyValueSpecification","valueRequired":true,"valueName":"search_term_string"}}],"inLanguage":"es"}]}},"_links":{"self":[{"href":"https:\/\/edm.ch\/es\/wp-json\/wp\/v2\/pages\/7320","targetHints":{"allow":["GET"]}}],"collection":[{"href":"https:\/\/edm.ch\/es\/wp-json\/wp\/v2\/pages"}],"about":[{"href":"https:\/\/edm.ch\/es\/wp-json\/wp\/v2\/types\/page"}],"author":[{"embeddable":true,"href":"https:\/\/edm.ch\/es\/wp-json\/wp\/v2\/users\/3"}],"replies":[{"embeddable":true,"href":"https:\/\/edm.ch\/es\/wp-json\/wp\/v2\/comments?post=7320"}],"version-history":[{"count":19,"href":"https:\/\/edm.ch\/es\/wp-json\/wp\/v2\/pages\/7320\/revisions"}],"predecessor-version":[{"id":29369,"href":"https:\/\/edm.ch\/es\/wp-json\/wp\/v2\/pages\/7320\/revisions\/29369"}],"wp:attachment":[{"href":"https:\/\/edm.ch\/es\/wp-json\/wp\/v2\/media?parent=7320"}],"curies":[{"name":"wp","href":"https:\/\/api.w.org\/{rel}","templated":true}]}}