{"id":7312,"date":"2023-07-20T13:27:42","date_gmt":"2023-07-20T13:27:42","guid":{"rendered":"https:\/\/edm.ch\/?page_id=7312"},"modified":"2023-08-30T13:07:08","modified_gmt":"2023-08-30T13:07:08","slug":"embajador-y-embajadoras-de-buena-voluntad","status":"publish","type":"page","link":"https:\/\/edm.ch\/es\/embajador-y-embajadoras-de-buena-voluntad\/","title":{"rendered":"Embajador y embajadoras de buena voluntad"},"content":{"rendered":"<section class=\"subpageBanner\" style=\"display:\">\n    <div class=\"subpageBannerBlock figure_block\">\n        <img decoding=\"async\" data-src=\"https:\/\/edm.ch\/wp-content\/uploads\/2023\/08\/enfants_du_monde_website_image_madagascar_motherhood_healthcare-1.png\" src=\"data:image\/svg+xml;base64,PHN2ZyB3aWR0aD0iMSIgaGVpZ2h0PSIxIiB4bWxucz0iaHR0cDovL3d3dy53My5vcmcvMjAwMC9zdmciPjwvc3ZnPg==\" class=\"lazyload\" style=\"--smush-placeholder-width: 2500px; --smush-placeholder-aspect-ratio: 2500\/800;\" data-srcset=\"https:\/\/edm.ch\/wp-content\/uploads\/2023\/08\/enfants_du_monde_website_image_madagascar_motherhood_healthcare-1.png 2500w, https:\/\/edm.ch\/wp-content\/uploads\/2023\/08\/enfants_du_monde_website_image_madagascar_motherhood_healthcare-1-300x96.png 300w, https:\/\/edm.ch\/wp-content\/uploads\/2023\/08\/enfants_du_monde_website_image_madagascar_motherhood_healthcare-1-1024x328.png 1024w, https:\/\/edm.ch\/wp-content\/uploads\/2023\/08\/enfants_du_monde_website_image_madagascar_motherhood_healthcare-1-768x246.png 768w, https:\/\/edm.ch\/wp-content\/uploads\/2023\/08\/enfants_du_monde_website_image_madagascar_motherhood_healthcare-1-1536x492.png 1536w, https:\/\/edm.ch\/wp-content\/uploads\/2023\/08\/enfants_du_monde_website_image_madagascar_motherhood_healthcare-1-2048x655.png 2048w\" data-sizes=\"auto\" data-original-sizes=\"(max-width: 2500px) 100vw, 2500px\" \/>\n        <div class=\"subpageBannerWrap\">\n            <div class=\"container\">\n                <div class=\"content\">\n                    <div>\n                        <span class=\"bannerHead\"><\/span>\n                        <h1>Embajador y embajadoras de buena voluntad<\/h1>\n                    <\/div>\n                                    <\/div>\n            <\/div>\n        <\/div>\n            <\/div>\n<\/section>\n<script type=\"text\/javascript\">\n    jQuery(document).ready(function ($) {\n        \/\/ Check if the block exists\n        var bannerSection = $('#subpage-banner-section');\n\n        if (bannerSection.length > 0) {\n            \/\/ Move the block to the end of <main> just before the footer\n            $('main').append(bannerSection); \/\/ This will append it inside the <main> tag\n        }\n\n        $('.documentAccordion').on('click', function (e) {\n            e.preventDefault();  \/\/ Prevent default link action\n\n            \/\/ Target the section with the given ID\n            $('html, body').animate({\n                scrollTop: $('#subpage-banner-section').offset().top - 200\n            }, 1000);\n        });\n    });\n<\/script>\n\n        <section class=\"contentSec\" style=\"display:\">\n        <div class=\"container\">\n            <div class=\"contentBlock\">\n                <h5>Personalidades comprometidas con los\/las m\u00e1s desfavorecidos\/as<\/h5>\n                <p><span lang=\"es-ES\">Aparte de la ayuda financiera de nuestros asociados, Enfants du Monde est\u00e1 rodeado de personas convencidas de la utilidad de su misi\u00f3n de ayudar a los ni\u00f1os y las mujeres desfavorecida. Estos son los embajadores de buena voluntad de Enfants du Monde. Estos generosos asociados, entre los que se encuentran personalidades p\u00fablicas, participan de forma voluntaria y contribuyen, a trav\u00e9s su exposici\u00f3n medi\u00e1tica o las funciones importantes que ocupan o han ocupado, para dar a conocer los proyectos de nuestra ONG.<\/span><\/p>\n                            <\/div>\n        <\/div>\n    <\/section>\n\n\n    \n    <section class=\"quoteImage rightTextLeftImg \" style=\"display:\">\n        <div class=\"container\">\n            <div class=\"rightTextLeftImgRow\">\n                                    <div class=\"left\">\n                                                    <div class=\"imgBlock\">\n                                <a class=\"figure_block\" href=\"https:\/\/edm.ch\/wp-content\/uploads\/2023\/08\/Julia_Bauer.jpg\" data-fancybox data-caption=\"\">\n                                    <img decoding=\"async\" data-src=\"https:\/\/edm.ch\/wp-content\/uploads\/2023\/08\/Julia_Bauer.jpg\" src=\"data:image\/svg+xml;base64,PHN2ZyB3aWR0aD0iMSIgaGVpZ2h0PSIxIiB4bWxucz0iaHR0cDovL3d3dy53My5vcmcvMjAwMC9zdmciPjwvc3ZnPg==\" class=\"lazyload\" style=\"--smush-placeholder-width: 1200px; --smush-placeholder-aspect-ratio: 1200\/1589;\" data-srcset=\"https:\/\/edm.ch\/wp-content\/uploads\/2023\/08\/Julia_Bauer.jpg 1200w, https:\/\/edm.ch\/wp-content\/uploads\/2023\/08\/Julia_Bauer-227x300.jpg 227w, https:\/\/edm.ch\/wp-content\/uploads\/2023\/08\/Julia_Bauer-773x1024.jpg 773w, https:\/\/edm.ch\/wp-content\/uploads\/2023\/08\/Julia_Bauer-768x1017.jpg 768w, https:\/\/edm.ch\/wp-content\/uploads\/2023\/08\/Julia_Bauer-1160x1536.jpg 1160w\" data-sizes=\"auto\" data-original-sizes=\"(max-width: 1200px) 100vw, 1200px\" \/>\n                                                                    <\/a>\n                                <figcaption><\/figcaption>\n                            <\/div>\n                                            <\/div>\n                                                    <div class=\"right\">\n                        <div class=\"content\">\n                            <h2>                                Julia Bauer, <small>Periodista de televisi\u00f3n y coach de Comunicaci\u00f3n<\/small>\n                            <\/h2>                            <div class=\"quote\">                                <p align=\"left\"><span lang=\"es-ES\">Una de las razones de mi \u00e9xito profesional es que tuve una infancia en la que se apoy\u00f3 la educaci\u00f3n de todas las maneras posibles. Permitir que los ni\u00f1os de todo el mundo vivan una experiencia similar es una misi\u00f3n muy cercana a mi coraz\u00f3n y estoy m\u00e1s que feliz y agradecida de estar asociada con Enfants du Monde en este sentido.<\/span><\/p>\n                            <\/div>                                                            <a href=\"http:\/\/www.juliabauer.eu\" class=\"btnBlue\">M\u00e1s informaci\u00f3n<\/a>\n                                                                                <\/div>\n                    <\/div>\n                            <\/div>\n        <\/div>\n    <\/section>\n\n\n    \n    <section class=\"quoteImage leftTextRightImg \" style=\"display:\">\n        <div class=\"container\">\n            <div class=\"leftTextRightImgRow\">\n                                    <div class=\"right\">\n                                                    <div class=\"imgBlock\">\n                                <a class=\"figure_block\" href=\"https:\/\/edm.ch\/wp-content\/uploads\/2023\/08\/Patrick_Chappatte.jpg\" data-fancybox data-caption=\"\">\n                                    <img decoding=\"async\" data-src=\"https:\/\/edm.ch\/wp-content\/uploads\/2023\/08\/Patrick_Chappatte.jpg\" src=\"data:image\/svg+xml;base64,PHN2ZyB3aWR0aD0iMSIgaGVpZ2h0PSIxIiB4bWxucz0iaHR0cDovL3d3dy53My5vcmcvMjAwMC9zdmciPjwvc3ZnPg==\" class=\"lazyload\" style=\"--smush-placeholder-width: 2000px; --smush-placeholder-aspect-ratio: 2000\/1500;\" data-srcset=\"https:\/\/edm.ch\/wp-content\/uploads\/2023\/08\/Patrick_Chappatte.jpg 2000w, https:\/\/edm.ch\/wp-content\/uploads\/2023\/08\/Patrick_Chappatte-300x225.jpg 300w, https:\/\/edm.ch\/wp-content\/uploads\/2023\/08\/Patrick_Chappatte-1024x768.jpg 1024w, https:\/\/edm.ch\/wp-content\/uploads\/2023\/08\/Patrick_Chappatte-768x576.jpg 768w, https:\/\/edm.ch\/wp-content\/uploads\/2023\/08\/Patrick_Chappatte-1536x1152.jpg 1536w\" data-sizes=\"auto\" data-original-sizes=\"(max-width: 2000px) 100vw, 2000px\" \/>\n                                                                    <\/a>\n                                <figcaption><\/figcaption>\n                            <\/div>\n                                            <\/div>\n                                                    <div class=\"left\">\n                        <div class=\"content\">\n                            <h2>                                Patrick Chappatte, <small>Caricaturista de prensa<\/small>\n                            <\/h2>                            <div class=\"quote\">                                <p align=\"left\"><span lang=\"es-ES\">El trabajo de Enfants du Monde es digno de elogio. As\u00ed que si pueden usar mi nombre para hacer algo bueno, tanto mejor. Adem\u00e1s, sus proyectos mueven algo en m\u00ed, porque tengo tres hijos.<\/span><\/p>\n                            <\/div>                                                            <a href=\"http:\/\/www.chappatte.com\/.\" class=\"btnBlue\">M\u00e1s informaci\u00f3n<\/a>\n                                                                                <\/div>\n                    <\/div>\n                            <\/div>\n        <\/div>\n    <\/section>\n\n\n    \n    <section class=\"quoteImage rightTextLeftImg \" style=\"display:\">\n        <div class=\"container\">\n            <div class=\"rightTextLeftImgRow\">\n                                    <div class=\"left\">\n                                                    <div class=\"imgBlock\">\n                                <a class=\"figure_block\" href=\"https:\/\/edm.ch\/wp-content\/uploads\/2023\/08\/Licia_Chery.jpg\" data-fancybox data-caption=\"\">\n                                    <img decoding=\"async\" data-src=\"https:\/\/edm.ch\/wp-content\/uploads\/2023\/08\/Licia_Chery.jpg\" src=\"data:image\/svg+xml;base64,PHN2ZyB3aWR0aD0iMSIgaGVpZ2h0PSIxIiB4bWxucz0iaHR0cDovL3d3dy53My5vcmcvMjAwMC9zdmciPjwvc3ZnPg==\" class=\"lazyload\" style=\"--smush-placeholder-width: 800px; --smush-placeholder-aspect-ratio: 800\/704;\" data-srcset=\"https:\/\/edm.ch\/wp-content\/uploads\/2023\/08\/Licia_Chery.jpg 800w, https:\/\/edm.ch\/wp-content\/uploads\/2023\/08\/Licia_Chery-300x264.jpg 300w, https:\/\/edm.ch\/wp-content\/uploads\/2023\/08\/Licia_Chery-768x676.jpg 768w\" data-sizes=\"auto\" data-original-sizes=\"(max-width: 800px) 100vw, 800px\" \/>\n                                                                    <\/a>\n                                <figcaption><\/figcaption>\n                            <\/div>\n                                            <\/div>\n                                                    <div class=\"right\">\n                        <div class=\"content\">\n                            <h2>                                Licia Chery, <small>Artista y presentadora de televisi\u00f3n<\/small>\n                            <\/h2>                            <div class=\"quote\">                                <p align=\"left\"><span lang=\"es-ES\">Porque no puedo prometerle a mi hijo un mundo m\u00e1s justo, porque no puedo prometerle un mundo donde el color de su piel no sea un problema, quiero al menos prometerle un mundo donde sus derechos sean respetados. Entonces tal vez \u00e9l pueda prometer a sus hijos un mundo m\u00e1s justo.<\/span><\/p>\n                            <\/div>                                                            <a href=\"https:\/\/www.liciachery.com\/.\" class=\"btnBlue\">M\u00e1s informaci\u00f3n<\/a>\n                                                                                <\/div>\n                    <\/div>\n                            <\/div>\n        <\/div>\n    <\/section>","protected":false},"excerpt":{"rendered":"","protected":false},"author":3,"featured_media":0,"parent":0,"menu_order":0,"comment_status":"closed","ping_status":"closed","template":"templates\/yellow-line-5.php","meta":{"_acf_changed":false,"inline_featured_image":false,"footnotes":""},"class_list":["post-7312","page","type-page","status-publish","hentry"],"acf":[],"yoast_head":"<!-- This site is optimized with the Yoast SEO plugin v26.9 - https:\/\/yoast.com\/product\/yoast-seo-wordpress\/ -->\n<title>Embajadores de Enfants du Monde - Enfants du Monde<\/title>\n<meta name=\"description\" content=\"Conozca a los embajadores de Enfants du Monde, personalidades p\u00fablicas que trabajan voluntariamente con nosotros.\" \/>\n<meta name=\"robots\" content=\"index, follow, max-snippet:-1, max-image-preview:large, max-video-preview:-1\" \/>\n<link rel=\"canonical\" href=\"https:\/\/edm.ch\/es\/embajador-y-embajadoras-de-buena-voluntad\/\" \/>\n<meta property=\"og:locale\" content=\"es_ES\" \/>\n<meta property=\"og:type\" content=\"article\" \/>\n<meta property=\"og:title\" content=\"Embajadores de Enfants du Monde - Enfants du Monde\" \/>\n<meta property=\"og:description\" content=\"Conozca a los embajadores de Enfants du Monde, personalidades p\u00fablicas que trabajan voluntariamente con nosotros.\" \/>\n<meta property=\"og:url\" content=\"https:\/\/edm.ch\/es\/embajador-y-embajadoras-de-buena-voluntad\/\" \/>\n<meta property=\"og:site_name\" content=\"Enfants du monde\" \/>\n<meta property=\"article:modified_time\" content=\"2023-08-30T13:07:08+00:00\" \/>\n<meta name=\"twitter:card\" content=\"summary_large_image\" \/>\n<script type=\"application\/ld+json\" class=\"yoast-schema-graph\">{\"@context\":\"https:\/\/schema.org\",\"@graph\":[{\"@type\":\"WebPage\",\"@id\":\"https:\/\/edm.ch\/es\/embajador-y-embajadoras-de-buena-voluntad\/\",\"url\":\"https:\/\/edm.ch\/es\/embajador-y-embajadoras-de-buena-voluntad\/\",\"name\":\"Embajadores de Enfants du Monde - Enfants du Monde\",\"isPartOf\":{\"@id\":\"https:\/\/edm.ch\/en\/#website\"},\"datePublished\":\"2023-07-20T13:27:42+00:00\",\"dateModified\":\"2023-08-30T13:07:08+00:00\",\"description\":\"Conozca a los embajadores de Enfants du Monde, personalidades p\u00fablicas que trabajan voluntariamente con nosotros.\",\"inLanguage\":\"es\",\"potentialAction\":[{\"@type\":\"ReadAction\",\"target\":[\"https:\/\/edm.ch\/es\/embajador-y-embajadoras-de-buena-voluntad\/\"]}]},{\"@type\":\"WebSite\",\"@id\":\"https:\/\/edm.ch\/en\/#website\",\"url\":\"https:\/\/edm.ch\/en\/\",\"name\":\"Enfants du monde\",\"description\":\"Association suisse\",\"potentialAction\":[{\"@type\":\"SearchAction\",\"target\":{\"@type\":\"EntryPoint\",\"urlTemplate\":\"https:\/\/edm.ch\/en\/?s={search_term_string}\"},\"query-input\":{\"@type\":\"PropertyValueSpecification\",\"valueRequired\":true,\"valueName\":\"search_term_string\"}}],\"inLanguage\":\"es\"}]}<\/script>\n<!-- \/ Yoast SEO plugin. -->","yoast_head_json":{"title":"Embajadores de Enfants du Monde - Enfants du Monde","description":"Conozca a los embajadores de Enfants du Monde, personalidades p\u00fablicas que trabajan voluntariamente con nosotros.","robots":{"index":"index","follow":"follow","max-snippet":"max-snippet:-1","max-image-preview":"max-image-preview:large","max-video-preview":"max-video-preview:-1"},"canonical":"https:\/\/edm.ch\/es\/embajador-y-embajadoras-de-buena-voluntad\/","og_locale":"es_ES","og_type":"article","og_title":"Embajadores de Enfants du Monde - Enfants du Monde","og_description":"Conozca a los embajadores de Enfants du Monde, personalidades p\u00fablicas que trabajan voluntariamente con nosotros.","og_url":"https:\/\/edm.ch\/es\/embajador-y-embajadoras-de-buena-voluntad\/","og_site_name":"Enfants du monde","article_modified_time":"2023-08-30T13:07:08+00:00","twitter_card":"summary_large_image","schema":{"@context":"https:\/\/schema.org","@graph":[{"@type":"WebPage","@id":"https:\/\/edm.ch\/es\/embajador-y-embajadoras-de-buena-voluntad\/","url":"https:\/\/edm.ch\/es\/embajador-y-embajadoras-de-buena-voluntad\/","name":"Embajadores de Enfants du Monde - Enfants du Monde","isPartOf":{"@id":"https:\/\/edm.ch\/en\/#website"},"datePublished":"2023-07-20T13:27:42+00:00","dateModified":"2023-08-30T13:07:08+00:00","description":"Conozca a los embajadores de Enfants du Monde, personalidades p\u00fablicas que trabajan voluntariamente con nosotros.","inLanguage":"es","potentialAction":[{"@type":"ReadAction","target":["https:\/\/edm.ch\/es\/embajador-y-embajadoras-de-buena-voluntad\/"]}]},{"@type":"WebSite","@id":"https:\/\/edm.ch\/en\/#website","url":"https:\/\/edm.ch\/en\/","name":"Enfants du monde","description":"Association suisse","potentialAction":[{"@type":"SearchAction","target":{"@type":"EntryPoint","urlTemplate":"https:\/\/edm.ch\/en\/?s={search_term_string}"},"query-input":{"@type":"PropertyValueSpecification","valueRequired":true,"valueName":"search_term_string"}}],"inLanguage":"es"}]}},"_links":{"self":[{"href":"https:\/\/edm.ch\/es\/wp-json\/wp\/v2\/pages\/7312","targetHints":{"allow":["GET"]}}],"collection":[{"href":"https:\/\/edm.ch\/es\/wp-json\/wp\/v2\/pages"}],"about":[{"href":"https:\/\/edm.ch\/es\/wp-json\/wp\/v2\/types\/page"}],"author":[{"embeddable":true,"href":"https:\/\/edm.ch\/es\/wp-json\/wp\/v2\/users\/3"}],"replies":[{"embeddable":true,"href":"https:\/\/edm.ch\/es\/wp-json\/wp\/v2\/comments?post=7312"}],"version-history":[{"count":13,"href":"https:\/\/edm.ch\/es\/wp-json\/wp\/v2\/pages\/7312\/revisions"}],"predecessor-version":[{"id":12945,"href":"https:\/\/edm.ch\/es\/wp-json\/wp\/v2\/pages\/7312\/revisions\/12945"}],"wp:attachment":[{"href":"https:\/\/edm.ch\/es\/wp-json\/wp\/v2\/media?parent=7312"}],"curies":[{"name":"wp","href":"https:\/\/api.w.org\/{rel}","templated":true}]}}