{"id":6258,"date":"2023-08-11T14:02:34","date_gmt":"2023-08-11T13:02:34","guid":{"rendered":"https:\/\/edm.ch\/?page_id=6258"},"modified":"2025-10-21T09:59:41","modified_gmt":"2025-10-21T09:59:41","slug":"hagase-socio","status":"publish","type":"page","link":"https:\/\/edm.ch\/es\/hagase-socio\/","title":{"rendered":"Devenir membre"},"content":{"rendered":"<section class=\"subpageBanner\" style=\"display:\">\n    <div class=\"subpageBannerBlock figure_block\">\n        <img decoding=\"async\" data-src=\"https:\/\/edm.ch\/wp-content\/uploads\/2023\/08\/Enfants_du_monde_website_image_banner_membre_3.png\" src=\"data:image\/svg+xml;base64,PHN2ZyB3aWR0aD0iMSIgaGVpZ2h0PSIxIiB4bWxucz0iaHR0cDovL3d3dy53My5vcmcvMjAwMC9zdmciPjwvc3ZnPg==\" class=\"lazyload\" style=\"--smush-placeholder-width: 2500px; --smush-placeholder-aspect-ratio: 2500\/1080;\" data-srcset=\"https:\/\/edm.ch\/wp-content\/uploads\/2023\/08\/Enfants_du_monde_website_image_banner_membre_3.png 2500w, https:\/\/edm.ch\/wp-content\/uploads\/2023\/08\/Enfants_du_monde_website_image_banner_membre_3-300x130.png 300w, https:\/\/edm.ch\/wp-content\/uploads\/2023\/08\/Enfants_du_monde_website_image_banner_membre_3-1024x442.png 1024w, https:\/\/edm.ch\/wp-content\/uploads\/2023\/08\/Enfants_du_monde_website_image_banner_membre_3-768x332.png 768w, https:\/\/edm.ch\/wp-content\/uploads\/2023\/08\/Enfants_du_monde_website_image_banner_membre_3-1536x664.png 1536w, https:\/\/edm.ch\/wp-content\/uploads\/2023\/08\/Enfants_du_monde_website_image_banner_membre_3-2048x885.png 2048w\" data-sizes=\"auto\" data-original-sizes=\"(max-width: 2500px) 100vw, 2500px\" \/>\n        <div class=\"subpageBannerWrap\">\n            <div class=\"container\">\n                <div class=\"content\">\n                    <div>\n                        <span class=\"bannerHead\"><\/span>\n                        <h1>Ser miembro de Enfants du Monde<\/h1>\n                    <\/div>\n                                    <\/div>\n            <\/div>\n        <\/div>\n            <\/div>\n<\/section>\n<script type=\"text\/javascript\">\n    jQuery(document).ready(function ($) {\n        \/\/ Check if the block exists\n        var bannerSection = $('#subpage-banner-section');\n\n        if (bannerSection.length > 0) {\n            \/\/ Move the block to the end of <main> just before the footer\n            $('main').append(bannerSection); \/\/ This will append it inside the <main> tag\n        }\n\n        $('.documentAccordion').on('click', function (e) {\n            e.preventDefault();  \/\/ Prevent default link action\n\n            \/\/ Target the section with the given ID\n            $('html, body').animate({\n                scrollTop: $('#subpage-banner-section').offset().top - 200\n            }, 1000);\n        });\n    });\n<\/script>\n\n\n    \n    <section class=\"leftTextRightImg \" style=\"display:\">\n        <div class=\"container\">\n            <div class=\"leftTextRightImgRow\">\n                                    <div class=\"right\">\n                                                    <div class=\"imgBlock\">\n                                <a class=\"figure_block\" href=\"https:\/\/edm.ch\/wp-content\/uploads\/2023\/08\/Enfants_du_monde_website_image_apercu_membre.png\" data-fancybox data-caption=\"\">\n                                    <img decoding=\"async\" data-src=\"https:\/\/edm.ch\/wp-content\/uploads\/2023\/08\/Enfants_du_monde_website_image_apercu_membre.png\" src=\"data:image\/svg+xml;base64,PHN2ZyB3aWR0aD0iMSIgaGVpZ2h0PSIxIiB4bWxucz0iaHR0cDovL3d3dy53My5vcmcvMjAwMC9zdmciPjwvc3ZnPg==\" class=\"lazyload\" style=\"--smush-placeholder-width: 1920px; --smush-placeholder-aspect-ratio: 1920\/1920;\" data-srcset=\"https:\/\/edm.ch\/wp-content\/uploads\/2023\/08\/Enfants_du_monde_website_image_apercu_membre.png 1920w, https:\/\/edm.ch\/wp-content\/uploads\/2023\/08\/Enfants_du_monde_website_image_apercu_membre-300x300.png 300w, https:\/\/edm.ch\/wp-content\/uploads\/2023\/08\/Enfants_du_monde_website_image_apercu_membre-1024x1024.png 1024w, https:\/\/edm.ch\/wp-content\/uploads\/2023\/08\/Enfants_du_monde_website_image_apercu_membre-150x150.png 150w, https:\/\/edm.ch\/wp-content\/uploads\/2023\/08\/Enfants_du_monde_website_image_apercu_membre-768x768.png 768w, https:\/\/edm.ch\/wp-content\/uploads\/2023\/08\/Enfants_du_monde_website_image_apercu_membre-1536x1536.png 1536w\" data-sizes=\"auto\" data-original-sizes=\"(max-width: 1920px) 100vw, 1920px\" \/>\n                                                                    <\/a>\n                                <figcaption><\/figcaption>\n                            <\/div>\n                                            <\/div>\n                                                    <div class=\"left\">\n                        <div class=\"content\">\n                            <h2>                                Juntos por un mismo ideal <small><\/small>\n                            <\/h2>                                                            <p align=\"left\"><span lang=\"es-ES\">Desde hace m\u00e1s de 50 a\u00f1os, nuestra ONG suiza Enfants du Monde se ha comprometido con la educaci\u00f3n y la salud de miles de ni\u00f1o\/as, mujeres embarazadas, madres y beb\u00e9s en algunos de los pa\u00edses m\u00e1s pobres del mundo.<\/span><\/p>\n<p align=\"left\"><span lang=\"es-ES\">Nuestra misi\u00f3n humanitaria y de desarrollo es proporcionar acceso a educaci\u00f3n de calidad y atenci\u00f3n de salud materno e infantil a poblaciones vulnerables en pa\u00edses desfavorecidos de \u00c1frica, Asia y Am\u00e9rica Latina, en estrecha colaboraci\u00f3n con los gobiernos y los actores locales para contribuir al impacto a largo plazo.<\/span><\/p>\n                                                                                                            <\/div>\n                    <\/div>\n                            <\/div>\n        <\/div>\n    <\/section>\n\n        <section class=\"contentSec\" style=\"display:\">\n        <div class=\"container\">\n            <div class=\"contentBlock\">\n                <h5>Consideramos que<\/h5>\n                <ul>\n<li><span lang=\"es-ES\">Todos lo\/as ni\u00f1o\/as tienen derecho a una educaci\u00f3n de calidad, dondequiera que vivan y vengan de donde vengan;<\/span><\/li>\n<li><span lang=\"es-ES\">La salud materna e infantil es la responsabilidad de todos.<\/span><\/li>\n<\/ul>\n<p>&nbsp;<\/p>\n<p><span lang=\"es-ES\">\u00bfComparte esta visi\u00f3n? \u00a1Demuestre su compromiso y apoye nuestro trabajo humanitario haci\u00e9ndose miembro de nuestra asociaci\u00f3n!<\/span><\/p>\n                            <\/div>\n        <\/div>\n    <\/section>\n\n\n    \n    <section class=\"quoteImage rightTextLeftImg \" style=\"display:\">\n        <div class=\"container\">\n            <div class=\"rightTextLeftImgRow\">\n                                    <div class=\"left\">\n                                                    <div class=\"imgBlock\">\n                                <a class=\"figure_block\" href=\"https:\/\/edm.ch\/wp-content\/uploads\/2023\/08\/Enfants_du_monde_website_image_temoignage_membre.jpg\" data-fancybox data-caption=\"\">\n                                    <img decoding=\"async\" data-src=\"https:\/\/edm.ch\/wp-content\/uploads\/2023\/08\/Enfants_du_monde_website_image_temoignage_membre.jpg\" src=\"data:image\/svg+xml;base64,PHN2ZyB3aWR0aD0iMSIgaGVpZ2h0PSIxIiB4bWxucz0iaHR0cDovL3d3dy53My5vcmcvMjAwMC9zdmciPjwvc3ZnPg==\" class=\"lazyload\" style=\"--smush-placeholder-width: 499px; --smush-placeholder-aspect-ratio: 499\/326;\" data-srcset=\"https:\/\/edm.ch\/wp-content\/uploads\/2023\/08\/Enfants_du_monde_website_image_temoignage_membre.jpg 499w, https:\/\/edm.ch\/wp-content\/uploads\/2023\/08\/Enfants_du_monde_website_image_temoignage_membre-300x196.jpg 300w\" data-sizes=\"auto\" data-original-sizes=\"(max-width: 499px) 100vw, 499px\" \/>\n                                                                    <\/a>\n                                <figcaption><\/figcaption>\n                            <\/div>\n                                            <\/div>\n                                                    <div class=\"right\">\n                        <div class=\"content\">\n                            <h2>                                Daniel Benz, <small>miembro, Suiza<\/small>\n                            <\/h2>                            <div class=\"quote\">                                <p align=\"left\"><span lang=\"es-ES\">Si fu\u00e9ramos magos, ayudar\u00edamos a todas las personas desfavorecidas con un golpe de varita m\u00e1gica. Es una buena idea, pero a fin de cuentas una ilusi\u00f3n. Lo que m\u00e1s valoro de Enfants du Monde es que no tenga la intenci\u00f3n de querer hacer todo, sino que se concentra en ciertas actividades, en un \u00e1rea precisa, y vela al buen funcionamiento de sus proyectos. Como miembro, siento que mi contribuci\u00f3n, as\u00ed sea peque\u00f1a, produce un impacto real y no tiene nada de m\u00e1gico.<\/span><\/p>\n                            <\/div>                                                                                <\/div>\n                    <\/div>\n                            <\/div>\n        <\/div>\n    <\/section>\n\n        <section class=\"contentSec\" style=\"display:\">\n        <div class=\"container\">\n            <div class=\"contentBlock\">\n                <h5>\u00bfPor qu\u00e9 hacerse miembro de Enfants du Monde?<\/h5>\n                <ul>\n<li><span lang=\"es-ES\">Otorga importancia y legitimidad a nuestras acciones.<\/span><\/li>\n<li><span lang=\"es-ES\">Tiene derecho a votar en la Asamblea General.<\/span><\/li>\n<li><span lang=\"es-ES\">Recibe\u00a0<\/span><span lang=\"es-ES\">nuestros informes anuales.<\/span><\/li>\n<\/ul>\n<p><strong>\u00a1Gracias por su apoyo!<\/strong><\/p>\n                            <\/div>\n        <\/div>\n    <\/section>\n\n\n    <section class=\"donation_count\" style=\"display:\">\n        <div class=\"inner_row\">\n            <div class=\"right_img_block\">\n                <div class=\"img_block figure_block\">\n                    <img decoding=\"async\" data-src=\"https:\/\/edm.ch\/wp-content\/uploads\/2023\/08\/Enfants_du_monde_website_image_don_membre.png\" alt=\"\" src=\"data:image\/svg+xml;base64,PHN2ZyB3aWR0aD0iMSIgaGVpZ2h0PSIxIiB4bWxucz0iaHR0cDovL3d3dy53My5vcmcvMjAwMC9zdmciPjwvc3ZnPg==\" class=\"lazyload\" style=\"--smush-placeholder-width: 1920px; --smush-placeholder-aspect-ratio: 1920\/1920;\" data-srcset=\"https:\/\/edm.ch\/wp-content\/uploads\/2023\/08\/Enfants_du_monde_website_image_don_membre.png 1920w, https:\/\/edm.ch\/wp-content\/uploads\/2023\/08\/Enfants_du_monde_website_image_don_membre-300x300.png 300w, https:\/\/edm.ch\/wp-content\/uploads\/2023\/08\/Enfants_du_monde_website_image_don_membre-1024x1024.png 1024w, https:\/\/edm.ch\/wp-content\/uploads\/2023\/08\/Enfants_du_monde_website_image_don_membre-150x150.png 150w, https:\/\/edm.ch\/wp-content\/uploads\/2023\/08\/Enfants_du_monde_website_image_don_membre-768x768.png 768w, https:\/\/edm.ch\/wp-content\/uploads\/2023\/08\/Enfants_du_monde_website_image_don_membre-1536x1536.png 1536w\" data-sizes=\"auto\" data-original-sizes=\"(max-width: 1920px) 100vw, 1920px\">\n                                    <\/div>\n            <\/div>\n            <div class=\"left_txt_block\">\n                <div class=\"txt_contents\">\n                    <h3>Afiliarse<\/h3>\n                    <div class=\"block_txts\">\n                                                    <div class=\"item\">\n                                <span class=\"title\">Por a\u00f1o,<\/span>\n                                <p><\/p>\n                            <\/div>\n                                                    <div class=\"item\">\n                                <span class=\"title\">50 francos <\/span>\n                                <p>para los adultos<\/p>\n                            <\/div>\n                                                    <div class=\"item\">\n                                <span class=\"title\">20 francos <\/span>\n                                <p>para los menores de 25 a\u00f1os <\/p>\n                            <\/div>\n                                                    <div class=\"item\">\n                                <span class=\"title\">200 francos <\/span>\n                                <p>para las empresas<\/p>\n                            <\/div>\n                                                                            <a href=\"https:\/\/don.edm.ch\/ser-miembro\" class=\"btnWhite buttonDonation\">\n                                H\u00e1gase miembro                            <\/a>\n                                            <\/div>\n                <\/div>\n            <\/div>\n        <\/div>\n    <\/section>","protected":false},"excerpt":{"rendered":"","protected":false},"author":3,"featured_media":0,"parent":0,"menu_order":0,"comment_status":"closed","ping_status":"closed","template":"templates\/yellow-line-4.php","meta":{"_acf_changed":false,"inline_featured_image":false,"footnotes":""},"class_list":["post-6258","page","type-page","status-publish","hentry"],"acf":[],"yoast_head":"<!-- This site is optimized with the Yoast SEO plugin v26.9 - https:\/\/yoast.com\/product\/yoast-seo-wordpress\/ -->\n<title>Ayudar a una asociaci\u00f3n - H\u00e1gase socio- Enfants du Monde<\/title>\n<meta name=\"description\" content=\"\u00bfLe gustar\u00eda ayudar a una asociaci\u00f3n y a ni\u00f1o\/as de todo el mundo? Al hacerse socio, apoya su derecho a la educaci\u00f3n y la salud.\" \/>\n<meta name=\"robots\" content=\"index, follow, max-snippet:-1, max-image-preview:large, max-video-preview:-1\" \/>\n<link rel=\"canonical\" href=\"https:\/\/edm.ch\/es\/hagase-socio\/\" \/>\n<meta property=\"og:locale\" content=\"es_ES\" \/>\n<meta property=\"og:type\" content=\"article\" \/>\n<meta property=\"og:title\" content=\"Ayudar a una asociaci\u00f3n - H\u00e1gase socio- Enfants du Monde\" \/>\n<meta property=\"og:description\" content=\"\u00bfLe gustar\u00eda ayudar a una asociaci\u00f3n y a ni\u00f1o\/as de todo el mundo? Al hacerse socio, apoya su derecho a la educaci\u00f3n y la salud.\" \/>\n<meta property=\"og:url\" content=\"https:\/\/edm.ch\/es\/hagase-socio\/\" \/>\n<meta property=\"og:site_name\" content=\"Enfants du monde\" \/>\n<meta property=\"article:modified_time\" content=\"2025-10-21T09:59:41+00:00\" \/>\n<meta name=\"twitter:card\" content=\"summary_large_image\" \/>\n<script type=\"application\/ld+json\" class=\"yoast-schema-graph\">{\"@context\":\"https:\/\/schema.org\",\"@graph\":[{\"@type\":\"WebPage\",\"@id\":\"https:\/\/edm.ch\/es\/hagase-socio\/\",\"url\":\"https:\/\/edm.ch\/es\/hagase-socio\/\",\"name\":\"Ayudar a una asociaci\u00f3n - H\u00e1gase socio- Enfants du Monde\",\"isPartOf\":{\"@id\":\"https:\/\/edm.ch\/en\/#website\"},\"datePublished\":\"2023-08-11T13:02:34+00:00\",\"dateModified\":\"2025-10-21T09:59:41+00:00\",\"description\":\"\u00bfLe gustar\u00eda ayudar a una asociaci\u00f3n y a ni\u00f1o\/as de todo el mundo? Al hacerse socio, apoya su derecho a la educaci\u00f3n y la salud.\",\"inLanguage\":\"es\",\"potentialAction\":[{\"@type\":\"ReadAction\",\"target\":[\"https:\/\/edm.ch\/es\/hagase-socio\/\"]}]},{\"@type\":\"WebSite\",\"@id\":\"https:\/\/edm.ch\/en\/#website\",\"url\":\"https:\/\/edm.ch\/en\/\",\"name\":\"Enfants du monde\",\"description\":\"Association suisse\",\"potentialAction\":[{\"@type\":\"SearchAction\",\"target\":{\"@type\":\"EntryPoint\",\"urlTemplate\":\"https:\/\/edm.ch\/en\/?s={search_term_string}\"},\"query-input\":{\"@type\":\"PropertyValueSpecification\",\"valueRequired\":true,\"valueName\":\"search_term_string\"}}],\"inLanguage\":\"es\"}]}<\/script>\n<!-- \/ Yoast SEO plugin. -->","yoast_head_json":{"title":"Ayudar a una asociaci\u00f3n - H\u00e1gase socio- Enfants du Monde","description":"\u00bfLe gustar\u00eda ayudar a una asociaci\u00f3n y a ni\u00f1o\/as de todo el mundo? Al hacerse socio, apoya su derecho a la educaci\u00f3n y la salud.","robots":{"index":"index","follow":"follow","max-snippet":"max-snippet:-1","max-image-preview":"max-image-preview:large","max-video-preview":"max-video-preview:-1"},"canonical":"https:\/\/edm.ch\/es\/hagase-socio\/","og_locale":"es_ES","og_type":"article","og_title":"Ayudar a una asociaci\u00f3n - H\u00e1gase socio- Enfants du Monde","og_description":"\u00bfLe gustar\u00eda ayudar a una asociaci\u00f3n y a ni\u00f1o\/as de todo el mundo? Al hacerse socio, apoya su derecho a la educaci\u00f3n y la salud.","og_url":"https:\/\/edm.ch\/es\/hagase-socio\/","og_site_name":"Enfants du monde","article_modified_time":"2025-10-21T09:59:41+00:00","twitter_card":"summary_large_image","schema":{"@context":"https:\/\/schema.org","@graph":[{"@type":"WebPage","@id":"https:\/\/edm.ch\/es\/hagase-socio\/","url":"https:\/\/edm.ch\/es\/hagase-socio\/","name":"Ayudar a una asociaci\u00f3n - H\u00e1gase socio- Enfants du Monde","isPartOf":{"@id":"https:\/\/edm.ch\/en\/#website"},"datePublished":"2023-08-11T13:02:34+00:00","dateModified":"2025-10-21T09:59:41+00:00","description":"\u00bfLe gustar\u00eda ayudar a una asociaci\u00f3n y a ni\u00f1o\/as de todo el mundo? Al hacerse socio, apoya su derecho a la educaci\u00f3n y la salud.","inLanguage":"es","potentialAction":[{"@type":"ReadAction","target":["https:\/\/edm.ch\/es\/hagase-socio\/"]}]},{"@type":"WebSite","@id":"https:\/\/edm.ch\/en\/#website","url":"https:\/\/edm.ch\/en\/","name":"Enfants du monde","description":"Association suisse","potentialAction":[{"@type":"SearchAction","target":{"@type":"EntryPoint","urlTemplate":"https:\/\/edm.ch\/en\/?s={search_term_string}"},"query-input":{"@type":"PropertyValueSpecification","valueRequired":true,"valueName":"search_term_string"}}],"inLanguage":"es"}]}},"_links":{"self":[{"href":"https:\/\/edm.ch\/es\/wp-json\/wp\/v2\/pages\/6258","targetHints":{"allow":["GET"]}}],"collection":[{"href":"https:\/\/edm.ch\/es\/wp-json\/wp\/v2\/pages"}],"about":[{"href":"https:\/\/edm.ch\/es\/wp-json\/wp\/v2\/types\/page"}],"author":[{"embeddable":true,"href":"https:\/\/edm.ch\/es\/wp-json\/wp\/v2\/users\/3"}],"replies":[{"embeddable":true,"href":"https:\/\/edm.ch\/es\/wp-json\/wp\/v2\/comments?post=6258"}],"version-history":[{"count":37,"href":"https:\/\/edm.ch\/es\/wp-json\/wp\/v2\/pages\/6258\/revisions"}],"predecessor-version":[{"id":37801,"href":"https:\/\/edm.ch\/es\/wp-json\/wp\/v2\/pages\/6258\/revisions\/37801"}],"wp:attachment":[{"href":"https:\/\/edm.ch\/es\/wp-json\/wp\/v2\/media?parent=6258"}],"curies":[{"name":"wp","href":"https:\/\/api.w.org\/{rel}","templated":true}]}}