{"id":5833,"date":"2023-08-11T07:36:43","date_gmt":"2023-08-11T07:36:43","guid":{"rendered":"https:\/\/edm.ch\/?page_id=5833"},"modified":"2025-11-28T11:19:15","modified_gmt":"2025-11-28T11:19:15","slug":"escolarizacion-en-situaciones-de-emergencia","status":"publish","type":"page","link":"https:\/\/edm.ch\/es\/escolarizacion-en-situaciones-de-emergencia\/","title":{"rendered":"Escolarizaci\u00f3n en situaciones de emergencia"},"content":{"rendered":"<section class=\"subpageBanner\" style=\"display:\">\n    <div class=\"subpageBannerBlock figure_block\">\n        <img decoding=\"async\" data-src=\"https:\/\/edm.ch\/wp-content\/uploads\/2023\/08\/Enfants_du_monde_website_image_banner_urgence_burkina.png\" src=\"data:image\/svg+xml;base64,PHN2ZyB3aWR0aD0iMSIgaGVpZ2h0PSIxIiB4bWxucz0iaHR0cDovL3d3dy53My5vcmcvMjAwMC9zdmciPjwvc3ZnPg==\" class=\"lazyload\" style=\"--smush-placeholder-width: 2500px; --smush-placeholder-aspect-ratio: 2500\/800;\" data-srcset=\"https:\/\/edm.ch\/wp-content\/uploads\/2023\/08\/Enfants_du_monde_website_image_banner_urgence_burkina.png 2500w, https:\/\/edm.ch\/wp-content\/uploads\/2023\/08\/Enfants_du_monde_website_image_banner_urgence_burkina-300x96.png 300w, https:\/\/edm.ch\/wp-content\/uploads\/2023\/08\/Enfants_du_monde_website_image_banner_urgence_burkina-1024x328.png 1024w, https:\/\/edm.ch\/wp-content\/uploads\/2023\/08\/Enfants_du_monde_website_image_banner_urgence_burkina-768x246.png 768w, https:\/\/edm.ch\/wp-content\/uploads\/2023\/08\/Enfants_du_monde_website_image_banner_urgence_burkina-1536x492.png 1536w, https:\/\/edm.ch\/wp-content\/uploads\/2023\/08\/Enfants_du_monde_website_image_banner_urgence_burkina-2048x655.png 2048w\" data-sizes=\"auto\" data-original-sizes=\"(max-width: 2500px) 100vw, 2500px\" \/>\n        <div class=\"subpageBannerWrap\">\n            <div class=\"container\">\n                <div class=\"content\">\n                    <div>\n                        <span class=\"bannerHead\"><\/span>\n                        <h1>Escolarizaci\u00f3n en situaciones de emergencia<\/h1>\n                    <\/div>\n                                    <\/div>\n            <\/div>\n        <\/div>\n            <\/div>\n<\/section>\n<script type=\"text\/javascript\">\n    jQuery(document).ready(function ($) {\n        \/\/ Check if the block exists\n        var bannerSection = $('#subpage-banner-section');\n\n        if (bannerSection.length > 0) {\n            \/\/ Move the block to the end of <main> just before the footer\n            $('main').append(bannerSection); \/\/ This will append it inside the <main> tag\n        }\n\n        $('.documentAccordion').on('click', function (e) {\n            e.preventDefault();  \/\/ Prevent default link action\n\n            \/\/ Target the section with the given ID\n            $('html, body').animate({\n                scrollTop: $('#subpage-banner-section').offset().top - 200\n            }, 1000);\n        });\n    });\n<\/script>\n\n\n    \n    <section class=\"leftTextRightImg \" style=\"display:\">\n        <div class=\"container\">\n            <div class=\"leftTextRightImgRow\">\n                                    <div class=\"right\">\n                                                    <div class=\"imgBlock\">\n                                <a class=\"figure_block\" href=\"https:\/\/edm.ch\/wp-content\/uploads\/2023\/08\/Enfants_du_monde_website_image_enfants_burkina_faso.png\" data-fancybox data-caption=\"\">\n                                    <img decoding=\"async\" data-src=\"https:\/\/edm.ch\/wp-content\/uploads\/2023\/08\/Enfants_du_monde_website_image_enfants_burkina_faso.png\" src=\"data:image\/svg+xml;base64,PHN2ZyB3aWR0aD0iMSIgaGVpZ2h0PSIxIiB4bWxucz0iaHR0cDovL3d3dy53My5vcmcvMjAwMC9zdmciPjwvc3ZnPg==\" class=\"lazyload\" style=\"--smush-placeholder-width: 1920px; --smush-placeholder-aspect-ratio: 1920\/1920;\" data-srcset=\"https:\/\/edm.ch\/wp-content\/uploads\/2023\/08\/Enfants_du_monde_website_image_enfants_burkina_faso.png 1920w, https:\/\/edm.ch\/wp-content\/uploads\/2023\/08\/Enfants_du_monde_website_image_enfants_burkina_faso-300x300.png 300w, https:\/\/edm.ch\/wp-content\/uploads\/2023\/08\/Enfants_du_monde_website_image_enfants_burkina_faso-1024x1024.png 1024w, https:\/\/edm.ch\/wp-content\/uploads\/2023\/08\/Enfants_du_monde_website_image_enfants_burkina_faso-150x150.png 150w, https:\/\/edm.ch\/wp-content\/uploads\/2023\/08\/Enfants_du_monde_website_image_enfants_burkina_faso-768x768.png 768w, https:\/\/edm.ch\/wp-content\/uploads\/2023\/08\/Enfants_du_monde_website_image_enfants_burkina_faso-1536x1536.png 1536w\" data-sizes=\"auto\" data-original-sizes=\"(max-width: 1920px) 100vw, 1920px\" \/>\n                                                                    <\/a>\n                                <figcaption><\/figcaption>\n                            <\/div>\n                                            <\/div>\n                                                    <div class=\"left\">\n                        <div class=\"content\">\n                            <h2>                                Garantizar el derecho a la educaci\u00f3n a pesar de los conflictos armados <small><\/small>\n                            <\/h2>                                                            <p align=\"left\"><span lang=\"es-419\">En Burkina Faso, millones de ni\u00f1o\/as se ven privados de educaci\u00f3n como consecuencia de los ataques de grupos armados, que han provocado desplazamientos masivos de poblaci\u00f3n y el cierre de miles de escuelas. Sin embargo, para muchos ni\u00f1o\/as, la escuela no es s\u00f3lo un lugar de aprendizaje, sino tambi\u00e9n un lugar seguro. En situaciones de crisis, el riesgo de violencia contra lo\/as ni\u00f1o\/as es a\u00fan mayor. <\/span><\/p>\n<p align=\"left\"><span lang=\"es-ES\">Desde 2020, hemos estado ejecutando proyectos educativos <\/span><span lang=\"es-ES\">en situaciones de emergencia<\/span><span lang=\"es-ES\"> para educar y proteger a los ni\u00f1os desplazados afectados por la crisis de seguridad en Burkina Faso. <\/span><\/p>\n                                                                                                            <\/div>\n                    <\/div>\n                            <\/div>\n        <\/div>\n    <\/section>\n\n        <section class=\"contentSec\" style=\"display:\">\n        <div class=\"container\">\n            <div class=\"contentBlock\">\n                <h5>Lo que nos diferencia<\/h5>\n                <ul>\n<li><span lang=\"es-ES\">Para adaptarse a los movimientos de poblaci\u00f3n, trabajamos con la poblaci\u00f3n local para construir aulas provisionales (por ejemplo, rehabilitando locales en desuso) o incluso aulas port\u00e1tiles (estructuras ligeras) con los materiales disponibles;<\/span><\/li>\n<li><span lang=\"es-ES\">Ayudamos a los alumnos a obtener documentos administrativos como certificados de nacimiento o documentos nacionales de identidad para que puedan matricularse en la escuela;<\/span><\/li>\n<li><span lang=\"es-ES\">Ofrecemos cursos de recuperaci\u00f3n y formaci\u00f3n acelerada para estudiantes que llegan con un retraso de aprendizaje;<\/span><\/li>\n<li><span lang=\"es-419\">Distribuimos equipamiento a los alumnos m\u00e1s vulnerables (material escolar, kits de higiene para las ni\u00f1as, bicicletas para ir a la escuela, l\u00e1mparas solares para que puedan estudiar por la noche, etc.).<\/span><\/li>\n<\/ul>\n                            <\/div>\n        <\/div>\n    <\/section>\n\n\n    \n    <section class=\"quoteImage rightTextLeftImg \" style=\"display:\">\n        <div class=\"container\">\n            <div class=\"rightTextLeftImgRow\">\n                                    <div class=\"left\">\n                                                    <div class=\"imgBlock\">\n                                <a class=\"figure_block\" href=\"https:\/\/edm.ch\/wp-content\/uploads\/2023\/08\/Enfants_du_monde_website_image_salfo_burkina_faso.png\" data-fancybox data-caption=\"\">\n                                    <img decoding=\"async\" data-src=\"https:\/\/edm.ch\/wp-content\/uploads\/2023\/08\/Enfants_du_monde_website_image_salfo_burkina_faso.png\" src=\"data:image\/svg+xml;base64,PHN2ZyB3aWR0aD0iMSIgaGVpZ2h0PSIxIiB4bWxucz0iaHR0cDovL3d3dy53My5vcmcvMjAwMC9zdmciPjwvc3ZnPg==\" class=\"lazyload\" style=\"--smush-placeholder-width: 1920px; --smush-placeholder-aspect-ratio: 1920\/1920;\" data-srcset=\"https:\/\/edm.ch\/wp-content\/uploads\/2023\/08\/Enfants_du_monde_website_image_salfo_burkina_faso.png 1920w, https:\/\/edm.ch\/wp-content\/uploads\/2023\/08\/Enfants_du_monde_website_image_salfo_burkina_faso-300x300.png 300w, https:\/\/edm.ch\/wp-content\/uploads\/2023\/08\/Enfants_du_monde_website_image_salfo_burkina_faso-1024x1024.png 1024w, https:\/\/edm.ch\/wp-content\/uploads\/2023\/08\/Enfants_du_monde_website_image_salfo_burkina_faso-150x150.png 150w, https:\/\/edm.ch\/wp-content\/uploads\/2023\/08\/Enfants_du_monde_website_image_salfo_burkina_faso-768x768.png 768w, https:\/\/edm.ch\/wp-content\/uploads\/2023\/08\/Enfants_du_monde_website_image_salfo_burkina_faso-1536x1536.png 1536w\" data-sizes=\"auto\" data-original-sizes=\"(max-width: 1920px) 100vw, 1920px\" \/>\n                                                                    <\/a>\n                                <figcaption><\/figcaption>\n                            <\/div>\n                                            <\/div>\n                                                    <div class=\"right\">\n                        <div class=\"content\">\n                            <h2>                                Salfo, <small>10 a\u00f1os, desplazado con su familia, Burkina Faso<\/small>\n                            <\/h2>                            <div class=\"quote\">                                <p align=\"left\"><span lang=\"es-419\">La escuela cerr\u00f3 en mi pueblo debido a los ataques. En esta <\/span><span lang=\"es-419\">escuela de aqu\u00ed estoy feliz de estar en clase <\/span><span lang=\"es-419\">y ya no tengo miedo.<\/span><\/p>\n<p align=\"left\">\n                            <\/div>                                                                                <\/div>\n                    <\/div>\n                            <\/div>\n        <\/div>\n    <\/section>\n\n\n    <section class=\"activitySec\" style=\"display:\">\n      <div class=\"container\">\n        <div class=\"secTitle\">\n            <h2>En los pa\u00edses en la pr\u00e1ctica<\/h2>\n        <\/div>\n        <div class=\"activityRow\">\n\n            \n                <div class=\"activityCol\">\n                    <div class=\"activityColInner\">\n                        <div class=\"imgBlock\">\n                            <a href=\"https:\/\/edm.ch\/es\/burkina-faso-escolaridad-en-situacion-de-urgencia\/\">                                <img decoding=\"async\" data-src=\"https:\/\/edm.ch\/wp-content\/uploads\/2023\/08\/6437.png\" alt=\"EMD-img\" src=\"data:image\/svg+xml;base64,PHN2ZyB3aWR0aD0iMSIgaGVpZ2h0PSIxIiB4bWxucz0iaHR0cDovL3d3dy53My5vcmcvMjAwMC9zdmciPjwvc3ZnPg==\" class=\"lazyload\" style=\"--smush-placeholder-width: 1920px; --smush-placeholder-aspect-ratio: 1920\/1920;\" data-srcset=\"https:\/\/edm.ch\/wp-content\/uploads\/2023\/08\/6437.png 1920w, https:\/\/edm.ch\/wp-content\/uploads\/2023\/08\/6437-300x300.png 300w, https:\/\/edm.ch\/wp-content\/uploads\/2023\/08\/6437-1024x1024.png 1024w, https:\/\/edm.ch\/wp-content\/uploads\/2023\/08\/6437-150x150.png 150w, https:\/\/edm.ch\/wp-content\/uploads\/2023\/08\/6437-768x768.png 768w, https:\/\/edm.ch\/wp-content\/uploads\/2023\/08\/6437-1536x1536.png 1536w\" data-sizes=\"auto\" data-original-sizes=\"(max-width: 1920px) 100vw, 1920px\" \/>\n                            <\/a>                        <\/div>\n                        <div class=\"contentBlock\">\n                            <h3>Burkina Faso<\/h3>\n                            <p align=\"left\"><span lang=\"es-ES\">Nuestros equipos trabajan para <\/span><strong><span lang=\"es-ES\">mejorar el acceso, la permanencia y la continuidad de la educaci\u00f3n, en un espacio seguro y protector<\/span><\/strong><span lang=\"es-ES\">, para los ni\u00f1os y ni\u00f1as desplazados, los refugiados y los ni\u00f1os de familias de acogida vulnerables.<\/span><\/p>\n                                                            <a href=\"https:\/\/edm.ch\/es\/burkina-faso-escolaridad-en-situacion-de-urgencia\/\" class=\"btnWhite\">M\u00e1s informaci\u00f3n<\/a>\n                                                    <\/div>\n                    <\/div>\n                <\/div>\n\n            \n                <div class=\"activityCol\">\n                    <div class=\"activityColInner\">\n                        <div class=\"imgBlock\">\n                            <a href=\"https:\/\/edm.ch\/es\/chad-educacion-ninos-refugiados-sudan\/\">                                <img decoding=\"async\" data-src=\"https:\/\/edm.ch\/wp-content\/uploads\/2025\/03\/IMG_0219-1.jpg\" alt=\"EMD-img\" src=\"data:image\/svg+xml;base64,PHN2ZyB3aWR0aD0iMSIgaGVpZ2h0PSIxIiB4bWxucz0iaHR0cDovL3d3dy53My5vcmcvMjAwMC9zdmciPjwvc3ZnPg==\" class=\"lazyload\" style=\"--smush-placeholder-width: 3984px; --smush-placeholder-aspect-ratio: 3984\/2656;\" data-srcset=\"https:\/\/edm.ch\/wp-content\/uploads\/2025\/03\/IMG_0219-1.jpg 3984w, https:\/\/edm.ch\/wp-content\/uploads\/2025\/03\/IMG_0219-1-300x200.jpg 300w, https:\/\/edm.ch\/wp-content\/uploads\/2025\/03\/IMG_0219-1-1024x683.jpg 1024w, https:\/\/edm.ch\/wp-content\/uploads\/2025\/03\/IMG_0219-1-768x512.jpg 768w, https:\/\/edm.ch\/wp-content\/uploads\/2025\/03\/IMG_0219-1-1536x1024.jpg 1536w, https:\/\/edm.ch\/wp-content\/uploads\/2025\/03\/IMG_0219-1-2048x1365.jpg 2048w\" data-sizes=\"auto\" data-original-sizes=\"(max-width: 3984px) 100vw, 3984px\" \/>\n                            <\/a>                        <\/div>\n                        <div class=\"contentBlock\">\n                            <h3>Chad<\/h3>\n                            <p>Proporcionar a los j\u00f3venes sudaneses de entre 12 y 17 a\u00f1os del campo de Aboutengu\u00e9 <strong>un entorno de aprendizaje seguro y adecuado<\/strong> que les permita reanudar o continuar su educaci\u00f3n.<\/p>\n                                                            <a href=\"https:\/\/edm.ch\/es\/chad-educacion-ninos-refugiados-sudan\/\" class=\"btnWhite\">M\u00e1s informaci\u00f3n<\/a>\n                                                    <\/div>\n                    <\/div>\n                <\/div>\n\n                        \n        <\/div>\n      <\/div>\n    <\/section>\n\n\n    <section class=\"donation_count\" style=\"display:\">\n        <div class=\"inner_row\">\n            <div class=\"right_img_block\">\n                <div class=\"img_block figure_block\">\n                    <img decoding=\"async\" data-src=\"https:\/\/edm.ch\/wp-content\/uploads\/2023\/08\/Enfants_du_monde_website_image_don_burkina_faso.png\" alt=\"\" src=\"data:image\/svg+xml;base64,PHN2ZyB3aWR0aD0iMSIgaGVpZ2h0PSIxIiB4bWxucz0iaHR0cDovL3d3dy53My5vcmcvMjAwMC9zdmciPjwvc3ZnPg==\" class=\"lazyload\" style=\"--smush-placeholder-width: 1920px; --smush-placeholder-aspect-ratio: 1920\/1920;\" data-srcset=\"https:\/\/edm.ch\/wp-content\/uploads\/2023\/08\/Enfants_du_monde_website_image_don_burkina_faso.png 1920w, https:\/\/edm.ch\/wp-content\/uploads\/2023\/08\/Enfants_du_monde_website_image_don_burkina_faso-300x300.png 300w, https:\/\/edm.ch\/wp-content\/uploads\/2023\/08\/Enfants_du_monde_website_image_don_burkina_faso-1024x1024.png 1024w, https:\/\/edm.ch\/wp-content\/uploads\/2023\/08\/Enfants_du_monde_website_image_don_burkina_faso-150x150.png 150w, https:\/\/edm.ch\/wp-content\/uploads\/2023\/08\/Enfants_du_monde_website_image_don_burkina_faso-768x768.png 768w, https:\/\/edm.ch\/wp-content\/uploads\/2023\/08\/Enfants_du_monde_website_image_don_burkina_faso-1536x1536.png 1536w\" data-sizes=\"auto\" data-original-sizes=\"(max-width: 1920px) 100vw, 1920px\">\n                                    <\/div>\n            <\/div>\n            <div class=\"left_txt_block\">\n                <div class=\"txt_contents\">\n                    <h3>Mi donaci\u00f3n marca la diferencia<\/h3>\n                    <div class=\"block_txts\">\n                                                    <div class=\"item\">\n                                <span class=\"title\">Por ejemplo:<\/span>\n                                <p><\/p>\n                            <\/div>\n                                                    <div class=\"item\">\n                                <span class=\"title\">Con 60 francos:<\/span>\n                                <p>Impartir\u00e9 una jornada de formaci\u00f3n continua en educaci\u00f3n biling\u00fce a 2 profesores de Burkina Faso para mejorar la calidad de sus clases.<\/p>\n                            <\/div>\n                                                    <div class=\"item\">\n                                <span class=\"title\">Con 100 francos:<\/span>\n                                <p>Donar\u00e9 un libro de texto biling\u00fce a 14 ni\u00f1o\/as de Burkina Faso para ayudarles a progresar.<\/p>\n                            <\/div>\n                                                                            <a href=\"https:\/\/don.edm.ch\/es\" class=\"btnWhite buttonDonation\">\n                                HAGO UNA DONACI\u00d3N                            <\/a>\n                                            <\/div>\n                <\/div>\n            <\/div>\n        <\/div>\n    <\/section>","protected":false},"excerpt":{"rendered":"","protected":false},"author":3,"featured_media":0,"parent":0,"menu_order":0,"comment_status":"closed","ping_status":"closed","template":"templates\/yellow-line-5.php","meta":{"_acf_changed":false,"inline_featured_image":false,"footnotes":""},"class_list":["post-5833","page","type-page","status-publish","hentry"],"acf":[],"yoast_head":"<!-- This site is optimized with the Yoast SEO plugin v26.9 - https:\/\/yoast.com\/product\/yoast-seo-wordpress\/ -->\n<title>Educaci\u00f3n en situaciones de emergencia - Enfants du Monde<\/title>\n<meta name=\"description\" content=\"Desde 2020, Enfants du Monde lleva a cabo proyectos educativos en situaciones de emergencia para educar y proteger a d\u00e9plac\u00e9.es ni\u00f1os.\" \/>\n<meta name=\"robots\" content=\"index, follow, max-snippet:-1, max-image-preview:large, max-video-preview:-1\" \/>\n<link rel=\"canonical\" href=\"https:\/\/edm.ch\/es\/escolarizacion-en-situaciones-de-emergencia\/\" \/>\n<meta property=\"og:locale\" content=\"es_ES\" \/>\n<meta property=\"og:type\" content=\"article\" \/>\n<meta property=\"og:title\" content=\"Educaci\u00f3n en situaciones de emergencia - Enfants du Monde\" \/>\n<meta property=\"og:description\" content=\"Desde 2020, Enfants du Monde lleva a cabo proyectos educativos en situaciones de emergencia para educar y proteger a d\u00e9plac\u00e9.es ni\u00f1os.\" \/>\n<meta property=\"og:url\" content=\"https:\/\/edm.ch\/es\/escolarizacion-en-situaciones-de-emergencia\/\" \/>\n<meta property=\"og:site_name\" content=\"Enfants du monde\" \/>\n<meta property=\"article:modified_time\" content=\"2025-11-28T11:19:15+00:00\" \/>\n<meta name=\"twitter:card\" content=\"summary_large_image\" \/>\n<script type=\"application\/ld+json\" class=\"yoast-schema-graph\">{\"@context\":\"https:\/\/schema.org\",\"@graph\":[{\"@type\":\"WebPage\",\"@id\":\"https:\/\/edm.ch\/es\/escolarizacion-en-situaciones-de-emergencia\/\",\"url\":\"https:\/\/edm.ch\/es\/escolarizacion-en-situaciones-de-emergencia\/\",\"name\":\"Educaci\u00f3n en situaciones de emergencia - Enfants du Monde\",\"isPartOf\":{\"@id\":\"https:\/\/edm.ch\/en\/#website\"},\"datePublished\":\"2023-08-11T07:36:43+00:00\",\"dateModified\":\"2025-11-28T11:19:15+00:00\",\"description\":\"Desde 2020, Enfants du Monde lleva a cabo proyectos educativos en situaciones de emergencia para educar y proteger a d\u00e9plac\u00e9.es ni\u00f1os.\",\"inLanguage\":\"es\",\"potentialAction\":[{\"@type\":\"ReadAction\",\"target\":[\"https:\/\/edm.ch\/es\/escolarizacion-en-situaciones-de-emergencia\/\"]}]},{\"@type\":\"WebSite\",\"@id\":\"https:\/\/edm.ch\/en\/#website\",\"url\":\"https:\/\/edm.ch\/en\/\",\"name\":\"Enfants du monde\",\"description\":\"Association suisse\",\"potentialAction\":[{\"@type\":\"SearchAction\",\"target\":{\"@type\":\"EntryPoint\",\"urlTemplate\":\"https:\/\/edm.ch\/en\/?s={search_term_string}\"},\"query-input\":{\"@type\":\"PropertyValueSpecification\",\"valueRequired\":true,\"valueName\":\"search_term_string\"}}],\"inLanguage\":\"es\"}]}<\/script>\n<!-- \/ Yoast SEO plugin. -->","yoast_head_json":{"title":"Educaci\u00f3n en situaciones de emergencia - Enfants du Monde","description":"Desde 2020, Enfants du Monde lleva a cabo proyectos educativos en situaciones de emergencia para educar y proteger a d\u00e9plac\u00e9.es ni\u00f1os.","robots":{"index":"index","follow":"follow","max-snippet":"max-snippet:-1","max-image-preview":"max-image-preview:large","max-video-preview":"max-video-preview:-1"},"canonical":"https:\/\/edm.ch\/es\/escolarizacion-en-situaciones-de-emergencia\/","og_locale":"es_ES","og_type":"article","og_title":"Educaci\u00f3n en situaciones de emergencia - Enfants du Monde","og_description":"Desde 2020, Enfants du Monde lleva a cabo proyectos educativos en situaciones de emergencia para educar y proteger a d\u00e9plac\u00e9.es ni\u00f1os.","og_url":"https:\/\/edm.ch\/es\/escolarizacion-en-situaciones-de-emergencia\/","og_site_name":"Enfants du monde","article_modified_time":"2025-11-28T11:19:15+00:00","twitter_card":"summary_large_image","schema":{"@context":"https:\/\/schema.org","@graph":[{"@type":"WebPage","@id":"https:\/\/edm.ch\/es\/escolarizacion-en-situaciones-de-emergencia\/","url":"https:\/\/edm.ch\/es\/escolarizacion-en-situaciones-de-emergencia\/","name":"Educaci\u00f3n en situaciones de emergencia - Enfants du Monde","isPartOf":{"@id":"https:\/\/edm.ch\/en\/#website"},"datePublished":"2023-08-11T07:36:43+00:00","dateModified":"2025-11-28T11:19:15+00:00","description":"Desde 2020, Enfants du Monde lleva a cabo proyectos educativos en situaciones de emergencia para educar y proteger a d\u00e9plac\u00e9.es ni\u00f1os.","inLanguage":"es","potentialAction":[{"@type":"ReadAction","target":["https:\/\/edm.ch\/es\/escolarizacion-en-situaciones-de-emergencia\/"]}]},{"@type":"WebSite","@id":"https:\/\/edm.ch\/en\/#website","url":"https:\/\/edm.ch\/en\/","name":"Enfants du monde","description":"Association suisse","potentialAction":[{"@type":"SearchAction","target":{"@type":"EntryPoint","urlTemplate":"https:\/\/edm.ch\/en\/?s={search_term_string}"},"query-input":{"@type":"PropertyValueSpecification","valueRequired":true,"valueName":"search_term_string"}}],"inLanguage":"es"}]}},"_links":{"self":[{"href":"https:\/\/edm.ch\/es\/wp-json\/wp\/v2\/pages\/5833","targetHints":{"allow":["GET"]}}],"collection":[{"href":"https:\/\/edm.ch\/es\/wp-json\/wp\/v2\/pages"}],"about":[{"href":"https:\/\/edm.ch\/es\/wp-json\/wp\/v2\/types\/page"}],"author":[{"embeddable":true,"href":"https:\/\/edm.ch\/es\/wp-json\/wp\/v2\/users\/3"}],"replies":[{"embeddable":true,"href":"https:\/\/edm.ch\/es\/wp-json\/wp\/v2\/comments?post=5833"}],"version-history":[{"count":23,"href":"https:\/\/edm.ch\/es\/wp-json\/wp\/v2\/pages\/5833\/revisions"}],"predecessor-version":[{"id":38033,"href":"https:\/\/edm.ch\/es\/wp-json\/wp\/v2\/pages\/5833\/revisions\/38033"}],"wp:attachment":[{"href":"https:\/\/edm.ch\/es\/wp-json\/wp\/v2\/media?parent=5833"}],"curies":[{"name":"wp","href":"https:\/\/api.w.org\/{rel}","templated":true}]}}