{"id":5217,"date":"2023-08-08T10:15:35","date_gmt":"2023-08-08T10:15:35","guid":{"rendered":"https:\/\/edm.ch\/?page_id=5217"},"modified":"2025-10-07T07:54:59","modified_gmt":"2025-10-07T07:54:59","slug":"creacion-de-material-didactico","status":"publish","type":"page","link":"https:\/\/edm.ch\/es\/creacion-de-material-didactico\/","title":{"rendered":"Creaci\u00f3n de material did\u00e1ctico"},"content":{"rendered":"<section class=\"subpageBanner\" style=\"display:\">\n    <div class=\"subpageBannerBlock figure_block\">\n        <img decoding=\"async\" data-src=\"https:\/\/edm.ch\/wp-content\/uploads\/2023\/08\/RS7091_IMG_5559.jpg\" src=\"data:image\/svg+xml;base64,PHN2ZyB3aWR0aD0iMSIgaGVpZ2h0PSIxIiB4bWxucz0iaHR0cDovL3d3dy53My5vcmcvMjAwMC9zdmciPjwvc3ZnPg==\" class=\"lazyload\" style=\"--smush-placeholder-width: 2500px; --smush-placeholder-aspect-ratio: 2500\/1147;\" data-srcset=\"https:\/\/edm.ch\/wp-content\/uploads\/2023\/08\/RS7091_IMG_5559.jpg 2500w, https:\/\/edm.ch\/wp-content\/uploads\/2023\/08\/RS7091_IMG_5559-300x138.jpg 300w, https:\/\/edm.ch\/wp-content\/uploads\/2023\/08\/RS7091_IMG_5559-1024x470.jpg 1024w, https:\/\/edm.ch\/wp-content\/uploads\/2023\/08\/RS7091_IMG_5559-768x352.jpg 768w, https:\/\/edm.ch\/wp-content\/uploads\/2023\/08\/RS7091_IMG_5559-1536x705.jpg 1536w, https:\/\/edm.ch\/wp-content\/uploads\/2023\/08\/RS7091_IMG_5559-2048x940.jpg 2048w\" data-sizes=\"auto\" data-original-sizes=\"(max-width: 2500px) 100vw, 2500px\" \/>\n        <div class=\"subpageBannerWrap\">\n            <div class=\"container\">\n                <div class=\"content\">\n                    <div>\n                        <span class=\"bannerHead\"><\/span>\n                        <h1>Creaci\u00f3n de material did\u00e1ctico<\/h1>\n                    <\/div>\n                                            <div class=\"subpageBannerDocumentBtn\" style=\"display:none;\">\n                            <a href=\"javascript:void(0);\"\n                                class=\"documentAccordion documentListNew\">Documentos relacionados<\/a>\n                        <\/div>\n                                    <\/div>\n            <\/div>\n        <\/div>\n            <\/div>\n<\/section>\n    <section class=\"documentAccordionList\" id=\"subpage-banner-section\">\n        <div class=\"container\">\n            <h2>\n                Documentos relacionados            <\/h2>\n            <ul>\n                                    <li>\n                                                    <a href=\"https:\/\/edm.ch\/wp-content\/uploads\/2023\/08\/UMJ_materiel_pedagogique_Guide_enseignant_Vaud-Jura-Fribourg-Neuchatel.pdf\" class=\"pdf-link\"><span><img decoding=\"async\" class=\"icon-before-hover lazyload\"\n                                        data-src=\"https:\/\/edm.ch\/wp-content\/themes\/edm\/assets\/images\/pdf-icon.svg\" src=\"data:image\/svg+xml;base64,PHN2ZyB3aWR0aD0iMSIgaGVpZ2h0PSIxIiB4bWxucz0iaHR0cDovL3d3dy53My5vcmcvMjAwMC9zdmciPjwvc3ZnPg==\"><img decoding=\"async\"\n                                        class=\"icon-after-hover lazyload\"\n                                        data-src=\"https:\/\/edm.ch\/wp-content\/themes\/edm\/assets\/images\/pdf-icon-white.svg\" src=\"data:image\/svg+xml;base64,PHN2ZyB3aWR0aD0iMSIgaGVpZ2h0PSIxIiB4bWxucz0iaHR0cDovL3d3dy53My5vcmcvMjAwMC9zdmciPjwvc3ZnPg==\"><\/span><i>Un monde plus juste_Guide enseignant Fribourg<\/i><\/a>\n                                            <\/li>\n                                <\/ul>\n        <\/div>\n    <\/section>\n<script type=\"text\/javascript\">\n    jQuery(document).ready(function ($) {\n        \/\/ Check if the block exists\n        var bannerSection = $('#subpage-banner-section');\n\n        if (bannerSection.length > 0) {\n            \/\/ Move the block to the end of <main> just before the footer\n            $('main').append(bannerSection); \/\/ This will append it inside the <main> tag\n        }\n\n        $('.documentAccordion').on('click', function (e) {\n            e.preventDefault();  \/\/ Prevent default link action\n\n            \/\/ Target the section with the given ID\n            $('html, body').animate({\n                scrollTop: $('#subpage-banner-section').offset().top - 200\n            }, 1000);\n        });\n    });\n<\/script>\n\n<div class=\"different-dwn-btn-sec btn-dir-right\">\n    <div class=\"container\">\n        <a href=\"javascript:void(0);\" class=\"yellow_btn-rgt documentAccordionTarget\">Documentos relacionados<\/a>\n    <\/div>\n<\/div>\n\n    <script type=\"text\/javascript\">\n    jQuery(document).ready(function($) {\n\n          $('.documentAccordionTarget').on('click', function(e) {\n            e.preventDefault();  \n\n            \/\/ Target the section with the given ID\n            $('html, body').animate({\n                scrollTop: $('#subpage-banner-section').offset().top - 200\n            }, 1000); \n        });\n    });\n<\/script>\n\n\n    \n    <section class=\"leftTextRightImg \" style=\"display:\">\n        <div class=\"container\">\n            <div class=\"leftTextRightImgRow\">\n                                    <div class=\"right\">\n                                            <\/div>\n                                                    <div class=\"left\">\n                        <div class=\"content\">\n                            <h2>                                Aprenda m\u00e1s f\u00e1cilmente gracias al material adaptado a las culturas y lenguas locales <small><\/small>\n                            <\/h2>                                                            <p align=\"left\"><span lang=\"es-ES\">Enfants du Monde <\/span><strong><span lang=\"es-ES\">apoya a los equipos nacionales de formaci\u00f3n<\/span><\/strong><span lang=\"es-ES\"> en el dise\u00f1o de materiales did\u00e1cticos adaptados a las necesidades y realidades de las poblaciones locales, en l\u00ednea con el curr\u00edculo escolar y como complemento a los materiales existentes:<\/span><\/p>\n<ul>\n<li>\n<p align=\"left\"><strong><span lang=\"es-ES\">M\u00f3dulos de formaci\u00f3n<\/span><\/strong><span lang=\"es-ES\"> para formadores y profesores;<\/span><\/p>\n<\/li>\n<li>\n<p align=\"left\"><strong><span lang=\"es-ES\">Secuencias did\u00e1cticas<\/span><\/strong><span lang=\"es-ES\"> multiling\u00fces y gu\u00edas del profesor;<\/span><\/p>\n<\/li>\n<li>\n<p align=\"left\"><strong><span lang=\"es-419\">Libros de texto<\/span><\/strong><span lang=\"es-419\"> multiling\u00fces y <\/span><strong><span lang=\"es-419\">libros de cuentos<\/span><\/strong><span lang=\"es-419\"> para alumnos\/as.<\/span><\/p>\n<\/li>\n<\/ul>\n                                                                                                            <\/div>\n                    <\/div>\n                            <\/div>\n        <\/div>\n    <\/section>\n\n        <section class=\"contentSec\" style=\"display:\">\n        <div class=\"container\">\n            <div class=\"contentBlock\">\n                <h5>Lo que nos diferencia<\/h5>\n                <ul>\n<li><span lang=\"es-419\">La <\/span><strong><span lang=\"es-419\">profunda experiencia<\/span><\/strong><span lang=\"es-419\"> de nuestros especialistas;<\/span><\/li>\n<li><span lang=\"es-ES\">Material did\u00e1ctico multiling\u00fce <\/span><strong><span lang=\"es-ES\">desarrollado conjuntamente por Enfants du Monde y nuestros socios locales<\/span><\/strong><span lang=\"es-ES\">;<\/span><\/li>\n<li><span lang=\"es-ES\">Contenidos educativos <\/span><strong><span lang=\"es-ES\">arraigados en la cultura y las realidades locales<\/span><\/strong><span lang=\"es-ES\"> para fomentar la participaci\u00f3n de los\/as alumnos\/as, por ejemplo con lecciones de ciencias naturales sobre el paludismo;<\/span><\/li>\n<li><strong><span lang=\"es-ES\">Valorizaci\u00f3n de las lenguas maternas<\/span><\/strong><span lang=\"es-ES\"> habladas por lo\/as ni\u00f1o\/as para facilitar su aprendizaje, por ejemplo recopilando cuentos locales para crear libros de lectura multiling\u00fces mor\u00e9-franc\u00e9s o q&#8217;eqchi&#8217;-espa\u00f1ol-ingl\u00e9s.<\/span><\/li>\n<\/ul>\n                            <\/div>\n        <\/div>\n    <\/section>\n\n\n    \n    <section class=\"quoteImage rightTextLeftImg \" style=\"display:\">\n        <div class=\"container\">\n            <div class=\"rightTextLeftImgRow\">\n                                    <div class=\"left\">\n                                            <\/div>\n                                                    <div class=\"right\">\n                        <div class=\"content\">\n                            <h2>                                Lucie Belengar <small>Departamento de Alfabetizaci\u00f3n y Promoci\u00f3n de las Lenguas Nacionales, Ministerio de Educaci\u00f3n Nacional y de la Promoci\u00f3n C\u00edvica, Chad<\/small>\n                            <\/h2>                            <div class=\"quote\">                                <p align=\"left\"><span lang=\"es-ES\">Con el enfoque de calidad de Enfants du Monde, los\/as alumnos\/as se sienten familiarizados con su libro de texto, porque los objetos y las im\u00e1genes que aparecen en \u00e9l est\u00e1n tomados de su entorno y de su pa\u00eds.<\/span><\/p>\n                            <\/div>                                                                                <\/div>\n                    <\/div>\n                            <\/div>\n        <\/div>\n    <\/section>\n\n\n    <section class=\"activitySec\" style=\"display:\">\n      <div class=\"container\">\n        <div class=\"secTitle\">\n            <h2>En los pa\u00edses en la pr\u00e1ctica<\/h2>\n        <\/div>\n        <div class=\"activityRow\">\n\n            \n                <div class=\"activityCol\">\n                    <div class=\"activityColInner\">\n                        <div class=\"imgBlock\">\n                            <a href=\"https:\/\/edm.ch\/es\/burkina-faso\/\">                                <img decoding=\"async\" data-src=\"https:\/\/edm.ch\/wp-content\/uploads\/2023\/08\/RS4118_148A0368.jpg\" alt=\"EMD-img\" src=\"data:image\/svg+xml;base64,PHN2ZyB3aWR0aD0iMSIgaGVpZ2h0PSIxIiB4bWxucz0iaHR0cDovL3d3dy53My5vcmcvMjAwMC9zdmciPjwvc3ZnPg==\" class=\"lazyload\" style=\"--smush-placeholder-width: 2500px; --smush-placeholder-aspect-ratio: 2500\/1667;\" data-srcset=\"https:\/\/edm.ch\/wp-content\/uploads\/2023\/08\/RS4118_148A0368.jpg 2500w, https:\/\/edm.ch\/wp-content\/uploads\/2023\/08\/RS4118_148A0368-300x200.jpg 300w, https:\/\/edm.ch\/wp-content\/uploads\/2023\/08\/RS4118_148A0368-1024x683.jpg 1024w, https:\/\/edm.ch\/wp-content\/uploads\/2023\/08\/RS4118_148A0368-768x512.jpg 768w, https:\/\/edm.ch\/wp-content\/uploads\/2023\/08\/RS4118_148A0368-1536x1024.jpg 1536w, https:\/\/edm.ch\/wp-content\/uploads\/2023\/08\/RS4118_148A0368-2048x1366.jpg 2048w\" data-sizes=\"auto\" data-original-sizes=\"(max-width: 2500px) 100vw, 2500px\" \/>\n                            <\/a>                        <\/div>\n                        <div class=\"contentBlock\">\n                            <h3>Burkina Faso<\/h3>\n                            <p align=\"left\"><span lang=\"es-419\">Nuestra ONG dise\u00f1a y pone a disposici\u00f3n libros de texto para alumnos\/as y gu\u00edas para profesores, integrando aspectos de promoci\u00f3n del desarrollo sostenible y de los derechos del ni\u00f1o, de una cultura de paz y de igualdad de g\u00e9nero.<\/span><\/p>\n                                                            <a href=\"https:\/\/edm.ch\/es\/burkina-faso\/\" class=\"btnWhite\">M\u00e1s informaci\u00f3n<\/a>\n                                                    <\/div>\n                    <\/div>\n                <\/div>\n\n            \n                <div class=\"activityCol\">\n                    <div class=\"activityColInner\">\n                        <div class=\"imgBlock\">\n                            <a href=\"https:\/\/edm.ch\/es\/country\/guatemala\/\">                                <img decoding=\"async\" data-src=\"https:\/\/edm.ch\/wp-content\/uploads\/2023\/08\/RS5139_389_Guatemala_Fairpicture_148.jpg\" alt=\"EMD-img\" src=\"data:image\/svg+xml;base64,PHN2ZyB3aWR0aD0iMSIgaGVpZ2h0PSIxIiB4bWxucz0iaHR0cDovL3d3dy53My5vcmcvMjAwMC9zdmciPjwvc3ZnPg==\" class=\"lazyload\" style=\"--smush-placeholder-width: 2500px; --smush-placeholder-aspect-ratio: 2500\/1667;\" data-srcset=\"https:\/\/edm.ch\/wp-content\/uploads\/2023\/08\/RS5139_389_Guatemala_Fairpicture_148.jpg 2500w, https:\/\/edm.ch\/wp-content\/uploads\/2023\/08\/RS5139_389_Guatemala_Fairpicture_148-300x200.jpg 300w, https:\/\/edm.ch\/wp-content\/uploads\/2023\/08\/RS5139_389_Guatemala_Fairpicture_148-1024x683.jpg 1024w, https:\/\/edm.ch\/wp-content\/uploads\/2023\/08\/RS5139_389_Guatemala_Fairpicture_148-768x512.jpg 768w, https:\/\/edm.ch\/wp-content\/uploads\/2023\/08\/RS5139_389_Guatemala_Fairpicture_148-1536x1024.jpg 1536w, https:\/\/edm.ch\/wp-content\/uploads\/2023\/08\/RS5139_389_Guatemala_Fairpicture_148-2048x1366.jpg 2048w\" data-sizes=\"auto\" data-original-sizes=\"(max-width: 2500px) 100vw, 2500px\" \/>\n                            <\/a>                        <\/div>\n                        <div class=\"contentBlock\">\n                            <h3>Guatemala<\/h3>\n                            <p align=\"left\"><span lang=\"es-ES\">Elaboramos libros de texto para estudiantes, libros de cuentos, gu\u00edas para profesores con nuestro socio local Ciprevica y el Ministerio de Educaci\u00f3n de Guatemala<\/span><\/p>\n                                                            <a href=\"https:\/\/edm.ch\/es\/country\/guatemala\/\" class=\"btnWhite\">M\u00e1s informaci\u00f3n<\/a>\n                                                    <\/div>\n                    <\/div>\n                <\/div>\n\n            \n                <div class=\"activityCol\">\n                    <div class=\"activityColInner\">\n                        <div class=\"imgBlock\">\n                            <a href=\"https:\/\/edm.ch\/es\/country\/chad\/\">                                <img decoding=\"async\" data-src=\"https:\/\/edm.ch\/wp-content\/uploads\/2023\/08\/RS4057_DSC_0883.jpg\" alt=\"EMD-img\" src=\"data:image\/svg+xml;base64,PHN2ZyB3aWR0aD0iMSIgaGVpZ2h0PSIxIiB4bWxucz0iaHR0cDovL3d3dy53My5vcmcvMjAwMC9zdmciPjwvc3ZnPg==\" class=\"lazyload\" style=\"--smush-placeholder-width: 2500px; --smush-placeholder-aspect-ratio: 2500\/1667;\" data-srcset=\"https:\/\/edm.ch\/wp-content\/uploads\/2023\/08\/RS4057_DSC_0883.jpg 2500w, https:\/\/edm.ch\/wp-content\/uploads\/2023\/08\/RS4057_DSC_0883-300x200.jpg 300w, https:\/\/edm.ch\/wp-content\/uploads\/2023\/08\/RS4057_DSC_0883-1024x683.jpg 1024w, https:\/\/edm.ch\/wp-content\/uploads\/2023\/08\/RS4057_DSC_0883-768x512.jpg 768w, https:\/\/edm.ch\/wp-content\/uploads\/2023\/08\/RS4057_DSC_0883-1536x1024.jpg 1536w, https:\/\/edm.ch\/wp-content\/uploads\/2023\/08\/RS4057_DSC_0883-2048x1366.jpg 2048w\" data-sizes=\"auto\" data-original-sizes=\"(max-width: 2500px) 100vw, 2500px\" \/>\n                            <\/a>                        <\/div>\n                        <div class=\"contentBlock\">\n                            <h3>Chad<\/h3>\n                            <p align=\"left\"><span lang=\"es-419\">Uno de los principales aportes de Enfants du Monde es acompa\u00f1ar a los equipos de formaci\u00f3n nacionales en la concepci\u00f3n de materiales pedag\u00f3gicos adaptados a las necesidades y realidades de las poblaciones, utilizando tem\u00e1ticas de la vida cotidiana: paludismo, excisi\u00f3n, acceso al agua potable, producci\u00f3n agr\u00edcola, ganader\u00eda, etc&#8230;.<\/span><\/p>\n                                                            <a href=\"https:\/\/edm.ch\/es\/country\/chad\/\" class=\"btnWhite\">M\u00e1s informaci\u00f3n<\/a>\n                                                    <\/div>\n                    <\/div>\n                <\/div>\n\n            \n                <div class=\"activityCol\">\n                    <div class=\"activityColInner\">\n                        <div class=\"imgBlock\">\n                            <a href=\"https:\/\/edm.ch\/es\/material-didactico\/\">                                <img decoding=\"async\" data-src=\"https:\/\/edm.ch\/wp-content\/uploads\/2023\/08\/RS5772_Droits_enfants.png\" alt=\"EMD-img\" src=\"data:image\/svg+xml;base64,PHN2ZyB3aWR0aD0iMSIgaGVpZ2h0PSIxIiB4bWxucz0iaHR0cDovL3d3dy53My5vcmcvMjAwMC9zdmciPjwvc3ZnPg==\" class=\"lazyload\" style=\"--smush-placeholder-width: 1920px; --smush-placeholder-aspect-ratio: 1920\/1920;\" data-srcset=\"https:\/\/edm.ch\/wp-content\/uploads\/2023\/08\/RS5772_Droits_enfants.png 1920w, https:\/\/edm.ch\/wp-content\/uploads\/2023\/08\/RS5772_Droits_enfants-300x300.png 300w, https:\/\/edm.ch\/wp-content\/uploads\/2023\/08\/RS5772_Droits_enfants-1024x1024.png 1024w, https:\/\/edm.ch\/wp-content\/uploads\/2023\/08\/RS5772_Droits_enfants-150x150.png 150w, https:\/\/edm.ch\/wp-content\/uploads\/2023\/08\/RS5772_Droits_enfants-768x768.png 768w, https:\/\/edm.ch\/wp-content\/uploads\/2023\/08\/RS5772_Droits_enfants-1536x1536.png 1536w\" data-sizes=\"auto\" data-original-sizes=\"(max-width: 1920px) 100vw, 1920px\" \/>\n                            <\/a>                        <\/div>\n                        <div class=\"contentBlock\">\n                            <h3>Suiza<\/h3>\n                            <p>En Suiza, estamos elaborando gu\u00edas para profesores sobre los derechos del ni\u00f1o.<\/p>\n                                                            <a href=\"https:\/\/edm.ch\/es\/material-didactico\/\" class=\"btnWhite\">M\u00e1s informaci\u00f3n<\/a>\n                                                    <\/div>\n                    <\/div>\n                <\/div>\n\n                        \n        <\/div>\n      <\/div>\n    <\/section>\n\n\n    <section class=\"donation_count\" style=\"display:\">\n        <div class=\"inner_row\">\n            <div class=\"right_img_block\">\n                <div class=\"img_block figure_block\">\n                    <img decoding=\"async\" data-src=\"https:\/\/edm.ch\/wp-content\/uploads\/2023\/08\/RS1460_IMG_7005.jpg\" alt=\"\" src=\"data:image\/svg+xml;base64,PHN2ZyB3aWR0aD0iMSIgaGVpZ2h0PSIxIiB4bWxucz0iaHR0cDovL3d3dy53My5vcmcvMjAwMC9zdmciPjwvc3ZnPg==\" class=\"lazyload\" style=\"--smush-placeholder-width: 2500px; --smush-placeholder-aspect-ratio: 2500\/1667;\" data-srcset=\"https:\/\/edm.ch\/wp-content\/uploads\/2023\/08\/RS1460_IMG_7005.jpg 2500w, https:\/\/edm.ch\/wp-content\/uploads\/2023\/08\/RS1460_IMG_7005-300x200.jpg 300w, https:\/\/edm.ch\/wp-content\/uploads\/2023\/08\/RS1460_IMG_7005-1024x683.jpg 1024w, https:\/\/edm.ch\/wp-content\/uploads\/2023\/08\/RS1460_IMG_7005-768x512.jpg 768w, https:\/\/edm.ch\/wp-content\/uploads\/2023\/08\/RS1460_IMG_7005-1536x1024.jpg 1536w, https:\/\/edm.ch\/wp-content\/uploads\/2023\/08\/RS1460_IMG_7005-2048x1366.jpg 2048w\" data-sizes=\"auto\" data-original-sizes=\"(max-width: 2500px) 100vw, 2500px\">\n                                    <\/div>\n            <\/div>\n            <div class=\"left_txt_block\">\n                <div class=\"txt_contents\">\n                    <h3>Mi donaci\u00f3n marca la diferencia <\/h3>\n                    <div class=\"block_txts\">\n                                                    <div class=\"item\">\n                                <span class=\"title\">Por ejemplo:<\/span>\n                                <p><\/p>\n                            <\/div>\n                                                    <div class=\"item\">\n                                <span class=\"title\">Con 100 francos:<\/span>\n                                <p>Ofrezco un manual escolar biling\u00fce en franc\u00e9s y moor\u00e9 a 11 ni\u00f1o\/as de Burkina Faso para permitirles progresar.<\/p>\n                            <\/div>\n                                                    <div class=\"item\">\n                                <span class=\"title\">Con 130 francos:<\/span>\n                                <p>Estoy financiando un libro de texto biling\u00fce en espa\u00f1ol y maya para 100 estudiantes en Guatemala.<\/p>\n                            <\/div>\n                                                                            <a href=\"https:\/\/don.edm.ch\/es\" class=\"btnWhite buttonDonation\">\n                                HAGO UNA DONACI\u00d3N                            <\/a>\n                                            <\/div>\n                <\/div>\n            <\/div>\n        <\/div>\n    <\/section>","protected":false},"excerpt":{"rendered":"","protected":false},"author":3,"featured_media":0,"parent":0,"menu_order":0,"comment_status":"closed","ping_status":"closed","template":"templates\/yellow-line-1.php","meta":{"_acf_changed":false,"inline_featured_image":false,"footnotes":""},"class_list":["post-5217","page","type-page","status-publish","hentry"],"acf":[],"yoast_head":"<!-- This site is optimized with the Yoast SEO plugin v26.9 - https:\/\/yoast.com\/product\/yoast-seo-wordpress\/ -->\n<title>Creaci\u00f3n de material did\u00e1ctico - Enfants du monde<\/title>\n<meta name=\"description\" content=\"Creamos material did\u00e1ctico para una educaci\u00f3n de calidad, en Suiza y en todo el mundo. M\u00e1s informaci\u00f3n sobre nuestro trabajo.\" \/>\n<meta name=\"robots\" content=\"index, follow, max-snippet:-1, max-image-preview:large, max-video-preview:-1\" \/>\n<link rel=\"canonical\" href=\"https:\/\/edm.ch\/es\/creacion-de-material-didactico\/\" \/>\n<meta property=\"og:locale\" content=\"es_ES\" \/>\n<meta property=\"og:type\" content=\"article\" \/>\n<meta property=\"og:title\" content=\"Creaci\u00f3n de material did\u00e1ctico - Enfants du monde\" \/>\n<meta property=\"og:description\" content=\"Creamos material did\u00e1ctico para una educaci\u00f3n de calidad, en Suiza y en todo el mundo. M\u00e1s informaci\u00f3n sobre nuestro trabajo.\" \/>\n<meta property=\"og:url\" content=\"https:\/\/edm.ch\/es\/creacion-de-material-didactico\/\" \/>\n<meta property=\"og:site_name\" content=\"Enfants du monde\" \/>\n<meta property=\"article:modified_time\" content=\"2025-10-07T07:54:59+00:00\" \/>\n<meta name=\"twitter:card\" content=\"summary_large_image\" \/>\n<script type=\"application\/ld+json\" class=\"yoast-schema-graph\">{\"@context\":\"https:\/\/schema.org\",\"@graph\":[{\"@type\":\"WebPage\",\"@id\":\"https:\/\/edm.ch\/es\/creacion-de-material-didactico\/\",\"url\":\"https:\/\/edm.ch\/es\/creacion-de-material-didactico\/\",\"name\":\"Creaci\u00f3n de material did\u00e1ctico - Enfants du monde\",\"isPartOf\":{\"@id\":\"https:\/\/edm.ch\/en\/#website\"},\"datePublished\":\"2023-08-08T10:15:35+00:00\",\"dateModified\":\"2025-10-07T07:54:59+00:00\",\"description\":\"Creamos material did\u00e1ctico para una educaci\u00f3n de calidad, en Suiza y en todo el mundo. M\u00e1s informaci\u00f3n sobre nuestro trabajo.\",\"inLanguage\":\"es\",\"potentialAction\":[{\"@type\":\"ReadAction\",\"target\":[\"https:\/\/edm.ch\/es\/creacion-de-material-didactico\/\"]}]},{\"@type\":\"WebSite\",\"@id\":\"https:\/\/edm.ch\/en\/#website\",\"url\":\"https:\/\/edm.ch\/en\/\",\"name\":\"Enfants du monde\",\"description\":\"Association suisse\",\"potentialAction\":[{\"@type\":\"SearchAction\",\"target\":{\"@type\":\"EntryPoint\",\"urlTemplate\":\"https:\/\/edm.ch\/en\/?s={search_term_string}\"},\"query-input\":{\"@type\":\"PropertyValueSpecification\",\"valueRequired\":true,\"valueName\":\"search_term_string\"}}],\"inLanguage\":\"es\"}]}<\/script>\n<!-- \/ Yoast SEO plugin. -->","yoast_head_json":{"title":"Creaci\u00f3n de material did\u00e1ctico - Enfants du monde","description":"Creamos material did\u00e1ctico para una educaci\u00f3n de calidad, en Suiza y en todo el mundo. M\u00e1s informaci\u00f3n sobre nuestro trabajo.","robots":{"index":"index","follow":"follow","max-snippet":"max-snippet:-1","max-image-preview":"max-image-preview:large","max-video-preview":"max-video-preview:-1"},"canonical":"https:\/\/edm.ch\/es\/creacion-de-material-didactico\/","og_locale":"es_ES","og_type":"article","og_title":"Creaci\u00f3n de material did\u00e1ctico - Enfants du monde","og_description":"Creamos material did\u00e1ctico para una educaci\u00f3n de calidad, en Suiza y en todo el mundo. M\u00e1s informaci\u00f3n sobre nuestro trabajo.","og_url":"https:\/\/edm.ch\/es\/creacion-de-material-didactico\/","og_site_name":"Enfants du monde","article_modified_time":"2025-10-07T07:54:59+00:00","twitter_card":"summary_large_image","schema":{"@context":"https:\/\/schema.org","@graph":[{"@type":"WebPage","@id":"https:\/\/edm.ch\/es\/creacion-de-material-didactico\/","url":"https:\/\/edm.ch\/es\/creacion-de-material-didactico\/","name":"Creaci\u00f3n de material did\u00e1ctico - Enfants du monde","isPartOf":{"@id":"https:\/\/edm.ch\/en\/#website"},"datePublished":"2023-08-08T10:15:35+00:00","dateModified":"2025-10-07T07:54:59+00:00","description":"Creamos material did\u00e1ctico para una educaci\u00f3n de calidad, en Suiza y en todo el mundo. M\u00e1s informaci\u00f3n sobre nuestro trabajo.","inLanguage":"es","potentialAction":[{"@type":"ReadAction","target":["https:\/\/edm.ch\/es\/creacion-de-material-didactico\/"]}]},{"@type":"WebSite","@id":"https:\/\/edm.ch\/en\/#website","url":"https:\/\/edm.ch\/en\/","name":"Enfants du monde","description":"Association suisse","potentialAction":[{"@type":"SearchAction","target":{"@type":"EntryPoint","urlTemplate":"https:\/\/edm.ch\/en\/?s={search_term_string}"},"query-input":{"@type":"PropertyValueSpecification","valueRequired":true,"valueName":"search_term_string"}}],"inLanguage":"es"}]}},"_links":{"self":[{"href":"https:\/\/edm.ch\/es\/wp-json\/wp\/v2\/pages\/5217","targetHints":{"allow":["GET"]}}],"collection":[{"href":"https:\/\/edm.ch\/es\/wp-json\/wp\/v2\/pages"}],"about":[{"href":"https:\/\/edm.ch\/es\/wp-json\/wp\/v2\/types\/page"}],"author":[{"embeddable":true,"href":"https:\/\/edm.ch\/es\/wp-json\/wp\/v2\/users\/3"}],"replies":[{"embeddable":true,"href":"https:\/\/edm.ch\/es\/wp-json\/wp\/v2\/comments?post=5217"}],"version-history":[{"count":30,"href":"https:\/\/edm.ch\/es\/wp-json\/wp\/v2\/pages\/5217\/revisions"}],"predecessor-version":[{"id":37789,"href":"https:\/\/edm.ch\/es\/wp-json\/wp\/v2\/pages\/5217\/revisions\/37789"}],"wp:attachment":[{"href":"https:\/\/edm.ch\/es\/wp-json\/wp\/v2\/media?parent=5217"}],"curies":[{"name":"wp","href":"https:\/\/api.w.org\/{rel}","templated":true}]}}