{"id":10988,"date":"2023-08-14T15:13:18","date_gmt":"2023-08-14T15:13:18","guid":{"rendered":"https:\/\/edm.ch\/?page_id=10988"},"modified":"2024-10-16T13:21:05","modified_gmt":"2024-10-16T13:21:05","slug":"contribucion-a-las-politicas-nacionales","status":"publish","type":"page","link":"https:\/\/edm.ch\/es\/contribucion-a-las-politicas-nacionales\/","title":{"rendered":"Contribuci\u00f3n a las pol\u00edticas nacionales"},"content":{"rendered":"<section class=\"subpageBanner\" style=\"display:\">\n    <div class=\"subpageBannerBlock figure_block\">\n        <img decoding=\"async\" data-src=\"https:\/\/edm.ch\/wp-content\/uploads\/2023\/08\/Enfants_du_monde_website_image_banner_sante_mat_inf.png\" src=\"data:image\/svg+xml;base64,PHN2ZyB3aWR0aD0iMSIgaGVpZ2h0PSIxIiB4bWxucz0iaHR0cDovL3d3dy53My5vcmcvMjAwMC9zdmciPjwvc3ZnPg==\" class=\"lazyload\" style=\"--smush-placeholder-width: 2500px; --smush-placeholder-aspect-ratio: 2500\/800;\" data-srcset=\"https:\/\/edm.ch\/wp-content\/uploads\/2023\/08\/Enfants_du_monde_website_image_banner_sante_mat_inf.png 2500w, https:\/\/edm.ch\/wp-content\/uploads\/2023\/08\/Enfants_du_monde_website_image_banner_sante_mat_inf-300x96.png 300w, https:\/\/edm.ch\/wp-content\/uploads\/2023\/08\/Enfants_du_monde_website_image_banner_sante_mat_inf-1024x328.png 1024w, https:\/\/edm.ch\/wp-content\/uploads\/2023\/08\/Enfants_du_monde_website_image_banner_sante_mat_inf-768x246.png 768w, https:\/\/edm.ch\/wp-content\/uploads\/2023\/08\/Enfants_du_monde_website_image_banner_sante_mat_inf-1536x492.png 1536w, https:\/\/edm.ch\/wp-content\/uploads\/2023\/08\/Enfants_du_monde_website_image_banner_sante_mat_inf-2048x655.png 2048w\" data-sizes=\"auto\" data-original-sizes=\"(max-width: 2500px) 100vw, 2500px\" \/>\n        <div class=\"subpageBannerWrap\">\n            <div class=\"container\">\n                <div class=\"content\">\n                    <div>\n                        <span class=\"bannerHead\"><\/span>\n                        <h1>Contribuci\u00f3n a las pol\u00edticas nacionales<\/h1>\n                    <\/div>\n                                    <\/div>\n            <\/div>\n        <\/div>\n                    <div class=\"picture-caption\">\n                <div class=\"caption-content\"><span>Slawomir Plata<\/span><\/div>\n            <\/div>\n            <\/div>\n<\/section>\n<script type=\"text\/javascript\">\n    jQuery(document).ready(function ($) {\n        \/\/ Check if the block exists\n        var bannerSection = $('#subpage-banner-section');\n\n        if (bannerSection.length > 0) {\n            \/\/ Move the block to the end of <main> just before the footer\n            $('main').append(bannerSection); \/\/ This will append it inside the <main> tag\n        }\n\n        $('.documentAccordion').on('click', function (e) {\n            e.preventDefault();  \/\/ Prevent default link action\n\n            \/\/ Target the section with the given ID\n            $('html, body').animate({\n                scrollTop: $('#subpage-banner-section').offset().top - 200\n            }, 1000);\n        });\n    });\n<\/script>\n\n\n    \n    <section class=\"rightTextLeftImg \" style=\"display:\">\n        <div class=\"container\">\n            <div class=\"rightTextLeftImgRow\">\n                                    <div class=\"left\">\n                                                    <div class=\"imgBlock\">\n                                <a class=\"figure_block\" href=\"https:\/\/edm.ch\/wp-content\/uploads\/2023\/08\/sante-formateur-femmes-scaled.jpg\" data-fancybox data-caption=\"\">\n                                    <img decoding=\"async\" data-src=\"https:\/\/edm.ch\/wp-content\/uploads\/2023\/08\/sante-formateur-femmes-scaled.jpg\" src=\"data:image\/svg+xml;base64,PHN2ZyB3aWR0aD0iMSIgaGVpZ2h0PSIxIiB4bWxucz0iaHR0cDovL3d3dy53My5vcmcvMjAwMC9zdmciPjwvc3ZnPg==\" class=\"lazyload\" style=\"--smush-placeholder-width: 2560px; --smush-placeholder-aspect-ratio: 2560\/1704;\" data-srcset=\"https:\/\/edm.ch\/wp-content\/uploads\/2023\/08\/sante-formateur-femmes-scaled.jpg 2560w, https:\/\/edm.ch\/wp-content\/uploads\/2023\/08\/sante-formateur-femmes-300x200.jpg 300w, https:\/\/edm.ch\/wp-content\/uploads\/2023\/08\/sante-formateur-femmes-1024x682.jpg 1024w, https:\/\/edm.ch\/wp-content\/uploads\/2023\/08\/sante-formateur-femmes-768x511.jpg 768w, https:\/\/edm.ch\/wp-content\/uploads\/2023\/08\/sante-formateur-femmes-1536x1022.jpg 1536w, https:\/\/edm.ch\/wp-content\/uploads\/2023\/08\/sante-formateur-femmes-2048x1363.jpg 2048w\" data-sizes=\"auto\" data-original-sizes=\"(max-width: 2560px) 100vw, 2560px\" \/>\n                                                                    <\/a>\n                                <figcaption><\/figcaption>\n                            <\/div>\n                                            <\/div>\n                                                    <div class=\"right\">\n                        <div class=\"content\">\n                            <h2>                                Influir en los sistemas sanitarios para mejorar la asistencia <small><\/small>\n                            <\/h2>                                                            <p>Para lograr mejoras sostenibles en la asistencia sanitaria y ayudar a reducir la mortalidad materna y neonatal en nuestros pa\u00edses de acci\u00f3n, sensibilizamos a los responsables pol\u00edticos sobre la importancia de la promoci\u00f3n de la salud. A trav\u00e9s del di\u00e1logo y de una confianza duradera, <strong>apoyamos a los ministerios de sanidad locales<\/strong> en la implantaci\u00f3n de pr\u00e1cticas sanitarias que promuevan un estilo de vida saludable.<\/p>\n                                                                                                            <\/div>\n                    <\/div>\n                            <\/div>\n        <\/div>\n    <\/section>\n\n        <section class=\"contentSec\" style=\"display:\">\n        <div class=\"container\">\n            <div class=\"contentBlock\">\n                <h5>Lo que nos diferencia<\/h5>\n                <ul>\n<li>Reforzamos los sistemas sanitarios de los pa\u00edses en los que operamos trabajando a trav\u00e9s del personal de los Ministerios de Sanidad y las ONG locales;<\/li>\n<li>Trabajamos directamente con los Ministerios, sin expatriados;<\/li>\n<li>Nuestros proyectos <strong>respetan las culturas y sensibilidades locales y son sostenibles<\/strong>: esto significa que contin\u00faan incluso cuando nos retiramos del pa\u00eds porque el proyecto est\u00e1 llegando a su fin.<\/li>\n<\/ul>\n                            <\/div>\n        <\/div>\n    <\/section>\n\n\n    \n    <section class=\"quoteImage rightTextLeftImg \" style=\"display:\">\n        <div class=\"container\">\n            <div class=\"rightTextLeftImgRow\">\n                                    <div class=\"left\">\n                                                    <div class=\"imgBlock\">\n                                <a class=\"figure_block\" href=\"https:\/\/edm.ch\/wp-content\/uploads\/2023\/08\/Enfants_du_monde_image_website_mother_with_child-1.png\" data-fancybox data-caption=\"\">\n                                    <img decoding=\"async\" data-src=\"https:\/\/edm.ch\/wp-content\/uploads\/2023\/08\/Enfants_du_monde_image_website_mother_with_child-1.png\" src=\"data:image\/svg+xml;base64,PHN2ZyB3aWR0aD0iMSIgaGVpZ2h0PSIxIiB4bWxucz0iaHR0cDovL3d3dy53My5vcmcvMjAwMC9zdmciPjwvc3ZnPg==\" class=\"lazyload\" style=\"--smush-placeholder-width: 1920px; --smush-placeholder-aspect-ratio: 1920\/1920;\" data-srcset=\"https:\/\/edm.ch\/wp-content\/uploads\/2023\/08\/Enfants_du_monde_image_website_mother_with_child-1.png 1920w, https:\/\/edm.ch\/wp-content\/uploads\/2023\/08\/Enfants_du_monde_image_website_mother_with_child-1-300x300.png 300w, https:\/\/edm.ch\/wp-content\/uploads\/2023\/08\/Enfants_du_monde_image_website_mother_with_child-1-1024x1024.png 1024w, https:\/\/edm.ch\/wp-content\/uploads\/2023\/08\/Enfants_du_monde_image_website_mother_with_child-1-150x150.png 150w, https:\/\/edm.ch\/wp-content\/uploads\/2023\/08\/Enfants_du_monde_image_website_mother_with_child-1-768x768.png 768w, https:\/\/edm.ch\/wp-content\/uploads\/2023\/08\/Enfants_du_monde_image_website_mother_with_child-1-1536x1536.png 1536w\" data-sizes=\"auto\" data-original-sizes=\"(max-width: 1920px) 100vw, 1920px\" \/>\n                                                                            <div class=\"picture-caption\">\n                                            <div class=\"caption-content\"><span>Tougma T\u00e9n\u00e9 SANKARA, coordinateur r\u00e9gional<\/span><\/div>\n                                        <\/div>\n                                                                    <\/a>\n                                <figcaption><\/figcaption>\n                            <\/div>\n                                            <\/div>\n                                                    <div class=\"right\">\n                        <div class=\"content\">\n                            <h2>                                Tougma T\u00e9n\u00e9 Sankara, <small>coordinador regional para \u00c1frica Saheliana<\/small>\n                            <\/h2>                            <div class=\"quote\">                                <p>En Burkina Faso, el Ministerio de Sanidad ha decidido utilizar nuestro folleto de preparaci\u00f3n al parto en todos los centros p\u00fablicos del pa\u00eds.\u201d<\/p>\n                            <\/div>                                                                                <\/div>\n                    <\/div>\n                            <\/div>\n        <\/div>\n    <\/section>\n\n        <section class=\"contentSec\" style=\"display:\">\n        <div class=\"container\">\n            <div class=\"contentBlock\">\n                <h5>Acci\u00f3n a gran escala<\/h5>\n                <p>Uno de nuestros objetivos en el \u00e1mbito de la asistencia sanitaria es apoyar las pol\u00edticas sanitarias de los pa\u00edses en los que operamos, para orientarlas hacia pr\u00e1cticas y comportamientos respetuosos con las mujeres, los reci\u00e9n nacidos y lo\/as ni\u00f1o\/as durante los cuidados. Todav\u00eda queda mucho por hacer en muchos pa\u00edses: trabajamos con los Ministerios de Sanidad para <strong>capacitar al personal sanitario<\/strong> respetando las necesidades culturales y personales de las mujeres y lo\/as ni\u00f1o\/as que necesitan cuidados.<\/p>\n<p>En la pr\u00e1ctica, apoyamos a los ministerios y a las organizaciones locales para que integren la promoci\u00f3n de la salud en su trabajo, reforzando as\u00ed el sistema nacional de salud. Se organizan talleres, reuniones y debates con las autoridades competentes y, en algunos pa\u00edses, la participaci\u00f3n de la sociedad civil en las decisiones sanitarias, promovida por Enfants du Monde, se aplica ya a escala nacional.<\/p>\n                            <\/div>\n        <\/div>\n    <\/section>\n\n\n    <section class=\"donation_count\" style=\"display:\">\n        <div class=\"inner_row\">\n            <div class=\"right_img_block\">\n                <div class=\"img_block figure_block\">\n                    <img decoding=\"async\" data-src=\"https:\/\/edm.ch\/wp-content\/uploads\/2023\/08\/Enfants_du_monde_website_image_RS6526_Bangladesh_femme_1920.png\" alt=\"\" src=\"data:image\/svg+xml;base64,PHN2ZyB3aWR0aD0iMSIgaGVpZ2h0PSIxIiB4bWxucz0iaHR0cDovL3d3dy53My5vcmcvMjAwMC9zdmciPjwvc3ZnPg==\" class=\"lazyload\" style=\"--smush-placeholder-width: 1920px; --smush-placeholder-aspect-ratio: 1920\/1920;\" data-srcset=\"https:\/\/edm.ch\/wp-content\/uploads\/2023\/08\/Enfants_du_monde_website_image_RS6526_Bangladesh_femme_1920.png 1920w, https:\/\/edm.ch\/wp-content\/uploads\/2023\/08\/Enfants_du_monde_website_image_RS6526_Bangladesh_femme_1920-300x300.png 300w, https:\/\/edm.ch\/wp-content\/uploads\/2023\/08\/Enfants_du_monde_website_image_RS6526_Bangladesh_femme_1920-1024x1024.png 1024w, https:\/\/edm.ch\/wp-content\/uploads\/2023\/08\/Enfants_du_monde_website_image_RS6526_Bangladesh_femme_1920-150x150.png 150w, https:\/\/edm.ch\/wp-content\/uploads\/2023\/08\/Enfants_du_monde_website_image_RS6526_Bangladesh_femme_1920-768x768.png 768w, https:\/\/edm.ch\/wp-content\/uploads\/2023\/08\/Enfants_du_monde_website_image_RS6526_Bangladesh_femme_1920-1536x1536.png 1536w\" data-sizes=\"auto\" data-original-sizes=\"(max-width: 1920px) 100vw, 1920px\">\n                                            <div class=\"picture-caption\">\n                            <div class=\"caption-content\"><span>Enfants du Monde<\/span><\/div>\n                        <\/div>\n                                    <\/div>\n            <\/div>\n            <div class=\"left_txt_block\">\n                <div class=\"txt_contents\">\n                    <h3>Mi donaci\u00f3n marca la diferencia<\/h3>\n                    <div class=\"block_txts\">\n                                                    <div class=\"item\">\n                                <span class=\"title\">Por ejemplo: <\/span>\n                                <p><\/p>\n                            <\/div>\n                                                    <div class=\"item\">\n                                <span class=\"title\">Con 60 francos:<\/span>\n                                <p>Ofrezco formaci\u00f3n sobre la preparaci\u00f3n para el parto a 11 mujeres embarazadas en Madagascar.<\/p>\n                            <\/div>\n                                                    <div class=\"item\">\n                                <span class=\"title\">Con 100 francos: <\/span>\n                                <p>Informo a 500 mujeres embarazadas y a sus maridos en Bangladesh sobre los peligros para los reci\u00e9n nacidos.<\/p>\n                            <\/div>\n                                                    <div class=\"item\">\n                                <span class=\"title\">Con 150 francos:<\/span>\n                                <p>Estoy impartiendo formaci\u00f3n continua a 2 enfermeras de Nepal para que puedan atender de forma respetuosa a las mujeres embarazadas y a sus reci\u00e9n nacidos.<\/p>\n                            <\/div>\n                                                                            <a href=\"https:\/\/don.edm.ch\/es\" class=\"btnWhite buttonDonation\">\n                                HAGO UNA DONACI\u00d3N                            <\/a>\n                                            <\/div>\n                <\/div>\n            <\/div>\n        <\/div>\n    <\/section>","protected":false},"excerpt":{"rendered":"","protected":false},"author":3,"featured_media":0,"parent":0,"menu_order":0,"comment_status":"closed","ping_status":"closed","template":"templates\/yellow-line-1.php","meta":{"_acf_changed":false,"inline_featured_image":false,"footnotes":""},"class_list":["post-10988","page","type-page","status-publish","hentry"],"acf":[],"yoast_head":"<!-- This site is optimized with the Yoast SEO plugin v26.9 - https:\/\/yoast.com\/product\/yoast-seo-wordpress\/ -->\n<title>Influencia en las pol\u00edticas nacionales - Enfants du Monde<\/title>\n<meta name=\"description\" content=\"Mediante el di\u00e1logo y la confianza de muchos a\u00f1os, apoyamos a los ministerios de sanidad locales en la promoci\u00f3n de la salud.\" \/>\n<meta name=\"robots\" content=\"index, follow, max-snippet:-1, max-image-preview:large, max-video-preview:-1\" \/>\n<link rel=\"canonical\" href=\"https:\/\/edm.ch\/es\/contribucion-a-las-politicas-nacionales\/\" \/>\n<meta property=\"og:locale\" content=\"es_ES\" \/>\n<meta property=\"og:type\" content=\"article\" \/>\n<meta property=\"og:title\" content=\"Influencia en las pol\u00edticas nacionales - Enfants du Monde\" \/>\n<meta property=\"og:description\" content=\"Mediante el di\u00e1logo y la confianza de muchos a\u00f1os, apoyamos a los ministerios de sanidad locales en la promoci\u00f3n de la salud.\" \/>\n<meta property=\"og:url\" content=\"https:\/\/edm.ch\/es\/contribucion-a-las-politicas-nacionales\/\" \/>\n<meta property=\"og:site_name\" content=\"Enfants du monde\" \/>\n<meta property=\"article:modified_time\" content=\"2024-10-16T13:21:05+00:00\" \/>\n<meta name=\"twitter:card\" content=\"summary_large_image\" \/>\n<script type=\"application\/ld+json\" class=\"yoast-schema-graph\">{\"@context\":\"https:\/\/schema.org\",\"@graph\":[{\"@type\":\"WebPage\",\"@id\":\"https:\/\/edm.ch\/es\/contribucion-a-las-politicas-nacionales\/\",\"url\":\"https:\/\/edm.ch\/es\/contribucion-a-las-politicas-nacionales\/\",\"name\":\"Influencia en las pol\u00edticas nacionales - Enfants du Monde\",\"isPartOf\":{\"@id\":\"https:\/\/edm.ch\/en\/#website\"},\"datePublished\":\"2023-08-14T15:13:18+00:00\",\"dateModified\":\"2024-10-16T13:21:05+00:00\",\"description\":\"Mediante el di\u00e1logo y la confianza de muchos a\u00f1os, apoyamos a los ministerios de sanidad locales en la promoci\u00f3n de la salud.\",\"inLanguage\":\"es\",\"potentialAction\":[{\"@type\":\"ReadAction\",\"target\":[\"https:\/\/edm.ch\/es\/contribucion-a-las-politicas-nacionales\/\"]}]},{\"@type\":\"WebSite\",\"@id\":\"https:\/\/edm.ch\/en\/#website\",\"url\":\"https:\/\/edm.ch\/en\/\",\"name\":\"Enfants du monde\",\"description\":\"Association suisse\",\"potentialAction\":[{\"@type\":\"SearchAction\",\"target\":{\"@type\":\"EntryPoint\",\"urlTemplate\":\"https:\/\/edm.ch\/en\/?s={search_term_string}\"},\"query-input\":{\"@type\":\"PropertyValueSpecification\",\"valueRequired\":true,\"valueName\":\"search_term_string\"}}],\"inLanguage\":\"es\"}]}<\/script>\n<!-- \/ Yoast SEO plugin. -->","yoast_head_json":{"title":"Influencia en las pol\u00edticas nacionales - Enfants du Monde","description":"Mediante el di\u00e1logo y la confianza de muchos a\u00f1os, apoyamos a los ministerios de sanidad locales en la promoci\u00f3n de la salud.","robots":{"index":"index","follow":"follow","max-snippet":"max-snippet:-1","max-image-preview":"max-image-preview:large","max-video-preview":"max-video-preview:-1"},"canonical":"https:\/\/edm.ch\/es\/contribucion-a-las-politicas-nacionales\/","og_locale":"es_ES","og_type":"article","og_title":"Influencia en las pol\u00edticas nacionales - Enfants du Monde","og_description":"Mediante el di\u00e1logo y la confianza de muchos a\u00f1os, apoyamos a los ministerios de sanidad locales en la promoci\u00f3n de la salud.","og_url":"https:\/\/edm.ch\/es\/contribucion-a-las-politicas-nacionales\/","og_site_name":"Enfants du monde","article_modified_time":"2024-10-16T13:21:05+00:00","twitter_card":"summary_large_image","schema":{"@context":"https:\/\/schema.org","@graph":[{"@type":"WebPage","@id":"https:\/\/edm.ch\/es\/contribucion-a-las-politicas-nacionales\/","url":"https:\/\/edm.ch\/es\/contribucion-a-las-politicas-nacionales\/","name":"Influencia en las pol\u00edticas nacionales - Enfants du Monde","isPartOf":{"@id":"https:\/\/edm.ch\/en\/#website"},"datePublished":"2023-08-14T15:13:18+00:00","dateModified":"2024-10-16T13:21:05+00:00","description":"Mediante el di\u00e1logo y la confianza de muchos a\u00f1os, apoyamos a los ministerios de sanidad locales en la promoci\u00f3n de la salud.","inLanguage":"es","potentialAction":[{"@type":"ReadAction","target":["https:\/\/edm.ch\/es\/contribucion-a-las-politicas-nacionales\/"]}]},{"@type":"WebSite","@id":"https:\/\/edm.ch\/en\/#website","url":"https:\/\/edm.ch\/en\/","name":"Enfants du monde","description":"Association suisse","potentialAction":[{"@type":"SearchAction","target":{"@type":"EntryPoint","urlTemplate":"https:\/\/edm.ch\/en\/?s={search_term_string}"},"query-input":{"@type":"PropertyValueSpecification","valueRequired":true,"valueName":"search_term_string"}}],"inLanguage":"es"}]}},"_links":{"self":[{"href":"https:\/\/edm.ch\/es\/wp-json\/wp\/v2\/pages\/10988","targetHints":{"allow":["GET"]}}],"collection":[{"href":"https:\/\/edm.ch\/es\/wp-json\/wp\/v2\/pages"}],"about":[{"href":"https:\/\/edm.ch\/es\/wp-json\/wp\/v2\/types\/page"}],"author":[{"embeddable":true,"href":"https:\/\/edm.ch\/es\/wp-json\/wp\/v2\/users\/3"}],"replies":[{"embeddable":true,"href":"https:\/\/edm.ch\/es\/wp-json\/wp\/v2\/comments?post=10988"}],"version-history":[{"count":16,"href":"https:\/\/edm.ch\/es\/wp-json\/wp\/v2\/pages\/10988\/revisions"}],"predecessor-version":[{"id":32718,"href":"https:\/\/edm.ch\/es\/wp-json\/wp\/v2\/pages\/10988\/revisions\/32718"}],"wp:attachment":[{"href":"https:\/\/edm.ch\/es\/wp-json\/wp\/v2\/media?parent=10988"}],"curies":[{"name":"wp","href":"https:\/\/api.w.org\/{rel}","templated":true}]}}