{"id":10862,"date":"2023-08-14T12:18:52","date_gmt":"2023-08-14T12:18:52","guid":{"rendered":"https:\/\/edm.ch\/?page_id=10862"},"modified":"2025-10-07T08:05:17","modified_gmt":"2025-10-07T08:05:17","slug":"promover-la-salud","status":"publish","type":"page","link":"https:\/\/edm.ch\/es\/promover-la-salud\/","title":{"rendered":"Promover la salud"},"content":{"rendered":"<section class=\"subpageBanner\" style=\"display:\">\n    <div class=\"subpageBannerBlock figure_block\">\n        <img decoding=\"async\" data-src=\"https:\/\/edm.ch\/wp-content\/uploads\/2023\/08\/Enfants_du_monde_website_image_banner_promotion_sante.png\" src=\"data:image\/svg+xml;base64,PHN2ZyB3aWR0aD0iMSIgaGVpZ2h0PSIxIiB4bWxucz0iaHR0cDovL3d3dy53My5vcmcvMjAwMC9zdmciPjwvc3ZnPg==\" class=\"lazyload\" style=\"--smush-placeholder-width: 2500px; --smush-placeholder-aspect-ratio: 2500\/800;\" data-srcset=\"https:\/\/edm.ch\/wp-content\/uploads\/2023\/08\/Enfants_du_monde_website_image_banner_promotion_sante.png 2500w, https:\/\/edm.ch\/wp-content\/uploads\/2023\/08\/Enfants_du_monde_website_image_banner_promotion_sante-300x96.png 300w, https:\/\/edm.ch\/wp-content\/uploads\/2023\/08\/Enfants_du_monde_website_image_banner_promotion_sante-1024x328.png 1024w, https:\/\/edm.ch\/wp-content\/uploads\/2023\/08\/Enfants_du_monde_website_image_banner_promotion_sante-768x246.png 768w, https:\/\/edm.ch\/wp-content\/uploads\/2023\/08\/Enfants_du_monde_website_image_banner_promotion_sante-1536x492.png 1536w, https:\/\/edm.ch\/wp-content\/uploads\/2023\/08\/Enfants_du_monde_website_image_banner_promotion_sante-2048x655.png 2048w\" data-sizes=\"auto\" data-original-sizes=\"(max-width: 2500px) 100vw, 2500px\" \/>\n        <div class=\"subpageBannerWrap\">\n            <div class=\"container\">\n                <div class=\"content\">\n                    <div>\n                        <span class=\"bannerHead\">Colombia<\/span>\n                        <h1>Promover la salud<\/h1>\n                    <\/div>\n                                            <div class=\"subpageBannerDocumentBtn\" style=\"display:none;\">\n                            <a href=\"javascript:void(0);\"\n                                class=\"documentAccordion documentListNew\">Documentos relacionados<\/a>\n                        <\/div>\n                                    <\/div>\n            <\/div>\n        <\/div>\n            <\/div>\n<\/section>\n    <section class=\"documentAccordionList\" id=\"subpage-banner-section\">\n        <div class=\"container\">\n            <h2>\n                Documentos relacionados            <\/h2>\n            <ul>\n                                    <li>\n                                                    <a href=\"https:\/\/edm.ch\/wp-content\/uploads\/2023\/08\/El-enfoque-de-salud-IFC.pdf\" class=\"pdf-link\"><span><img decoding=\"async\" class=\"icon-before-hover lazyload\"\n                                        data-src=\"https:\/\/edm.ch\/wp-content\/themes\/edm\/assets\/images\/pdf-icon.svg\" src=\"data:image\/svg+xml;base64,PHN2ZyB3aWR0aD0iMSIgaGVpZ2h0PSIxIiB4bWxucz0iaHR0cDovL3d3dy53My5vcmcvMjAwMC9zdmciPjwvc3ZnPg==\"><img decoding=\"async\"\n                                        class=\"icon-after-hover lazyload\"\n                                        data-src=\"https:\/\/edm.ch\/wp-content\/themes\/edm\/assets\/images\/pdf-icon-white.svg\" src=\"data:image\/svg+xml;base64,PHN2ZyB3aWR0aD0iMSIgaGVpZ2h0PSIxIiB4bWxucz0iaHR0cDovL3d3dy53My5vcmcvMjAwMC9zdmciPjwvc3ZnPg==\"><\/span><i>Herramientas MIFC<\/i><\/a>\n                                            <\/li>\n                                <\/ul>\n        <\/div>\n    <\/section>\n<script type=\"text\/javascript\">\n    jQuery(document).ready(function ($) {\n        \/\/ Check if the block exists\n        var bannerSection = $('#subpage-banner-section');\n\n        if (bannerSection.length > 0) {\n            \/\/ Move the block to the end of <main> just before the footer\n            $('main').append(bannerSection); \/\/ This will append it inside the <main> tag\n        }\n\n        $('.documentAccordion').on('click', function (e) {\n            e.preventDefault();  \/\/ Prevent default link action\n\n            \/\/ Target the section with the given ID\n            $('html, body').animate({\n                scrollTop: $('#subpage-banner-section').offset().top - 200\n            }, 1000);\n        });\n    });\n<\/script>\n\n<div class=\"different-dwn-btn-sec btn-dir-right\">\n    <div class=\"container\">\n        <a href=\"javascript:void(0);\" class=\"yellow_btn-rgt documentAccordionTarget\">Documentos relacionados<\/a>\n    <\/div>\n<\/div>\n\n    <script type=\"text\/javascript\">\n    jQuery(document).ready(function($) {\n\n          $('.documentAccordionTarget').on('click', function(e) {\n            e.preventDefault();  \n\n            \/\/ Target the section with the given ID\n            $('html, body').animate({\n                scrollTop: $('#subpage-banner-section').offset().top - 200\n            }, 1000); \n        });\n    });\n<\/script>\n\n        <section class=\"contentSec\" style=\"display:\">\n        <div class=\"container\">\n            <div class=\"contentBlock\">\n                <h5><\/h5>\n                <p>La promoci\u00f3n de la salud es un \u00e1rea de gran inter\u00e9s para muchos pa\u00edses de Am\u00e9rica Latina. El objetivo principal es mejorar la salud y el bienestar de las personas actuando sobre los factores y condiciones que influyen en la salud y fomentando estilos de vida saludables.<\/p>\n                            <\/div>\n        <\/div>\n    <\/section>\n\n\n    \n    <section class=\"rightTextLeftImg \" style=\"display:\">\n        <div class=\"container\">\n            <div class=\"rightTextLeftImgRow\">\n                                    <div class=\"left\">\n                                            <\/div>\n                                                    <div class=\"right\">\n                        <div class=\"content\">\n                            <h3>                                Reducir la mortalidad materna y neonatal <small><\/small>\n                            <\/h3>                                                            <p>En los pa\u00edses en los que intervenimos, los gobiernos suelen restar importancia al papel del individuo, pese a que cada uno\/a podr\u00eda cuidar de su propia salud si recibe una formaci\u00f3n adecuada, y si cuenta con los medios para hacerlo.<br \/>\nPor este motivo impartimos la formaci\u00f3n en materia de fomento de la salud, a los\/as funcionario\/as ejecutivo\/as de los ministerios de salud.<\/p>\n<p>Seg\u00fan la Organizaci\u00f3n Mundial de la Salud (OMS), el fomento de la salud consiste en acciones encaminadas a mejorar la salud en general de los individuos y sus comunidades, que favorecen los comportamientos sanos, previenen las enfermedades y crean un entorno favorable para una buena salud.<\/p>\n                                                                                                            <\/div>\n                    <\/div>\n                            <\/div>\n        <\/div>\n    <\/section>\n\n        <section class=\"contentSec\" style=\"display:\">\n        <div class=\"container\">\n            <div class=\"contentBlock\">\n                <h5>Lo que nos diferencia<\/h5>\n                <p>La formaci\u00f3n gira en torno a las pol\u00edticas nacionales y regionales de salud materna y neonatal, as\u00ed como de ejes como la participaci\u00f3n comunitaria, la recaudaci\u00f3n de fondos, la reflexi\u00f3n en materia de operaciones, el apoyo necesario de experto\/as, la calidad mejorada, la asistencia para el seguimiento.<\/p>\n<ul>\n<li>Lo\/as participantes son ejecutivos de los ministerios de salud, lo que permite reforzar las capacidades a nivel local.<\/li>\n<li>41 personas participaron en esta formaci\u00f3n en 2022: 10 ejecutivos de Per\u00fa, 9 de Guatemala y 22 de Colombia.<\/li>\n<\/ul>\n                            <\/div>\n        <\/div>\n    <\/section>\n\n\n    <section class=\" imageSec\" style=\"display:\">\n      <div class=\"container\">\n        <figure>\n          <img decoding=\"async\" data-src=\"https:\/\/edm.ch\/wp-content\/uploads\/2023\/08\/Enfants_du_monde_website_image_participants_diplomado.jpg\" src=\"data:image\/svg+xml;base64,PHN2ZyB3aWR0aD0iMSIgaGVpZ2h0PSIxIiB4bWxucz0iaHR0cDovL3d3dy53My5vcmcvMjAwMC9zdmciPjwvc3ZnPg==\" class=\"lazyload\" style=\"--smush-placeholder-width: 1600px; --smush-placeholder-aspect-ratio: 1600\/698;\" data-srcset=\"https:\/\/edm.ch\/wp-content\/uploads\/2023\/08\/Enfants_du_monde_website_image_participants_diplomado.jpg 1600w, https:\/\/edm.ch\/wp-content\/uploads\/2023\/08\/Enfants_du_monde_website_image_participants_diplomado-300x131.jpg 300w, https:\/\/edm.ch\/wp-content\/uploads\/2023\/08\/Enfants_du_monde_website_image_participants_diplomado-1024x447.jpg 1024w, https:\/\/edm.ch\/wp-content\/uploads\/2023\/08\/Enfants_du_monde_website_image_participants_diplomado-768x335.jpg 768w, https:\/\/edm.ch\/wp-content\/uploads\/2023\/08\/Enfants_du_monde_website_image_participants_diplomado-1536x670.jpg 1536w\" data-sizes=\"auto\" data-original-sizes=\"(max-width: 1600px) 100vw, 1600px\">\n        <\/figure>\n      <\/div>\n    <\/section>\n\n        <section class=\"contentSec\" style=\"display:\">\n        <div class=\"container\">\n            <div class=\"contentBlock\">\n                <h5>Une \u00e9quipe Un equipo listo a intervenir \u00e0 agir<\/h5>\n                <p>Al final de este curso, los participantes ser\u00e1n capaces de definir las medidas que deben tomarse en su pa\u00eds para garantizar la puesta en marcha de proyectos de promoci\u00f3n de la salud e identificar la asistencia t\u00e9cnica necesaria. Habr\u00e1n identificado estrategias para institucionalizar estos proyectos en su sistema sanitario, garantizar parte de la financiaci\u00f3n e integrarlos en las pol\u00edticas y planes de salud p\u00fablica.<\/p>\n<p>Tambi\u00e9n se fomenta una din\u00e1mica de alumni para que las sinergias persistan entre ellos m\u00e1s all\u00e1 de la finalizaci\u00f3n del programa. El objetivo es crear un equipo de personas de recursos en la regi\u00f3n que puedan apoyar las iniciativas de promoci\u00f3n de la salud.<\/p>\n<p>Durante esta formaci\u00f3n, los responsables de programas sanitarios aprenden a :<\/p>\n<ul>\n<li>Mejorar el acceso y la calidad de la atenci\u00f3n sanitaria maternoinfantil en su pa\u00eds.<\/li>\n<li>Tener m\u00e1s en cuenta las opiniones de la poblaci\u00f3n local, ayudarla a evaluar los problemas de salud e implicarla en la b\u00fasqueda de soluciones.<\/li>\n<li>Elaborar un programa sanitario adaptado a las necesidades de la poblaci\u00f3n local, implic\u00e1ndola en el proceso.<\/li>\n<li>Analizar el programa de su pa\u00eds para reducir la mortalidad materna e infantil, relacion\u00e1ndolo con los programas internacionales y las estrategias regionales en este \u00e1mbito.<\/li>\n<\/ul>\n                            <\/div>\n        <\/div>\n    <\/section>\n\n        <section class=\"contentSec\" style=\"display:\">\n        <div class=\"container\">\n            <div class=\"contentBlock\">\n                <h5>En colaboraci\u00f3n con :<\/h5>\n                <ul>\n<li><a href=\"https:\/\/www.paho.org\/es\" target=\"_blank\" rel=\"noopener\">Centro Latinoamericano de Perinatolog\u00eda de la Organizaci\u00f3n Panamericana de la Saluda <\/a><\/li>\n<li><a href=\"https:\/\/www.who.int\/es\/home\">OMS<\/a><\/li>\n<li><a href=\"https:\/\/www.udea.edu.co\/wps\/portal\/udea\/web\/inicio\/!ut\/p\/z1\/hY7LDoIwEEW_xQVbOrSg4K5BYkDCIzERuzFgasEAJYDw-zbqxsTH7O7ccyaDGMoQa_OpEvlYyTavVT6y5SlKLc_ALoSxTzxInchKyNbH5oqgwz-AqRq-DAXlswdiOy42qAkh7AwLaOol0T52k02AX8CPGwFiopbF813aFsQWiPX8wnve67derctx7Ia1BhrM86wLKUXN9bNsNPiklHIYUfZOoq7J4GrVU0gXizthmbDl\/dz\/d5\/L2dBISEvZ0FBIS9nQSEh\/\">Universidad de Antioquia en Colombia<\/a><\/li>\n<\/ul>\n                            <\/div>\n        <\/div>\n    <\/section>\n\n\n    <section class=\"donation_count\" style=\"display:\">\n        <div class=\"inner_row\">\n            <div class=\"right_img_block\">\n                <div class=\"img_block figure_block\">\n                    <img decoding=\"async\" data-src=\"https:\/\/edm.ch\/wp-content\/uploads\/2023\/08\/Guatemala_Education_6357_1920_1920.png\" alt=\"\" src=\"data:image\/svg+xml;base64,PHN2ZyB3aWR0aD0iMSIgaGVpZ2h0PSIxIiB4bWxucz0iaHR0cDovL3d3dy53My5vcmcvMjAwMC9zdmciPjwvc3ZnPg==\" class=\"lazyload\" style=\"--smush-placeholder-width: 1920px; --smush-placeholder-aspect-ratio: 1920\/1920;\" data-srcset=\"https:\/\/edm.ch\/wp-content\/uploads\/2023\/08\/Guatemala_Education_6357_1920_1920.png 1920w, https:\/\/edm.ch\/wp-content\/uploads\/2023\/08\/Guatemala_Education_6357_1920_1920-300x300.png 300w, https:\/\/edm.ch\/wp-content\/uploads\/2023\/08\/Guatemala_Education_6357_1920_1920-1024x1024.png 1024w, https:\/\/edm.ch\/wp-content\/uploads\/2023\/08\/Guatemala_Education_6357_1920_1920-150x150.png 150w, https:\/\/edm.ch\/wp-content\/uploads\/2023\/08\/Guatemala_Education_6357_1920_1920-768x768.png 768w, https:\/\/edm.ch\/wp-content\/uploads\/2023\/08\/Guatemala_Education_6357_1920_1920-1536x1536.png 1536w\" data-sizes=\"auto\" data-original-sizes=\"(max-width: 1920px) 100vw, 1920px\">\n                                            <div class=\"picture-caption\">\n                            <div class=\"caption-content\"><span>Enfants \u00e0 l&#8217;\u00e9cole au Guatemala<\/span><\/div>\n                        <\/div>\n                                    <\/div>\n            <\/div>\n            <div class=\"left_txt_block\">\n                <div class=\"txt_contents\">\n                    <h3>Mi donaci\u00f3n marca la diferencia<\/h3>\n                    <div class=\"block_txts\">\n                                                    <div class=\"item\">\n                                <span class=\"title\">Por ejemplo:<\/span>\n                                <p><\/p>\n                            <\/div>\n                                                    <div class=\"item\">\n                                <span class=\"title\">Con una donaci\u00f3n de 74 francos:<\/span>\n                                <p>Financio una formaci\u00f3n sobre la preparaci\u00f3n al parto, para el personal de salud en Burkina Faso.<\/p>\n                            <\/div>\n                                                    <div class=\"item\">\n                                <span class=\"title\">Con una donaci\u00f3n de 100 francos: <\/span>\n                                <p>Hago posible en Bangladesh la concienciaci\u00f3n de 500 mujeres embarazadas, sobre su embarazo y los riesgos para los reci\u00e9n nacidos.<\/p>\n                            <\/div>\n                                                    <div class=\"item\">\n                                <span class=\"title\">Con una donaci\u00f3n de 150 francos: <\/span>\n                                <p>Estoy impartiendo formaci\u00f3n continua a 2 enfermeras de Nepal para que puedan atender de forma respetuosa a las mujeres embarazadas y a sus reci\u00e9n nacidos.<\/p>\n                            <\/div>\n                                                                            <a href=\"https:\/\/don.edm.ch\/es\" class=\"btnWhite buttonDonation\">\n                                HAGO UNA DONACI\u00d3N                            <\/a>\n                                            <\/div>\n                <\/div>\n            <\/div>\n        <\/div>\n    <\/section>","protected":false},"excerpt":{"rendered":"","protected":false},"author":3,"featured_media":0,"parent":0,"menu_order":0,"comment_status":"closed","ping_status":"closed","template":"templates\/yellow-line-1.php","meta":{"_acf_changed":false,"inline_featured_image":false,"footnotes":""},"class_list":["post-10862","page","type-page","status-publish","hentry"],"acf":[],"yoast_head":"<!-- This site is optimized with the Yoast SEO plugin v26.9 - https:\/\/yoast.com\/product\/yoast-seo-wordpress\/ -->\n<title>Promover la salud - Enfants du monde<\/title>\n<meta name=\"robots\" content=\"index, follow, max-snippet:-1, max-image-preview:large, max-video-preview:-1\" \/>\n<link rel=\"canonical\" href=\"https:\/\/edm.ch\/es\/promover-la-salud\/\" \/>\n<meta property=\"og:locale\" content=\"es_ES\" \/>\n<meta property=\"og:type\" content=\"article\" \/>\n<meta property=\"og:title\" content=\"Promover la salud - Enfants du monde\" \/>\n<meta property=\"og:url\" content=\"https:\/\/edm.ch\/es\/promover-la-salud\/\" \/>\n<meta property=\"og:site_name\" content=\"Enfants du monde\" \/>\n<meta property=\"article:modified_time\" content=\"2025-10-07T08:05:17+00:00\" \/>\n<meta name=\"twitter:card\" content=\"summary_large_image\" \/>\n<script type=\"application\/ld+json\" class=\"yoast-schema-graph\">{\"@context\":\"https:\/\/schema.org\",\"@graph\":[{\"@type\":\"WebPage\",\"@id\":\"https:\/\/edm.ch\/es\/promover-la-salud\/\",\"url\":\"https:\/\/edm.ch\/es\/promover-la-salud\/\",\"name\":\"Promover la salud - Enfants du monde\",\"isPartOf\":{\"@id\":\"https:\/\/edm.ch\/en\/#website\"},\"datePublished\":\"2023-08-14T12:18:52+00:00\",\"dateModified\":\"2025-10-07T08:05:17+00:00\",\"inLanguage\":\"es\",\"potentialAction\":[{\"@type\":\"ReadAction\",\"target\":[\"https:\/\/edm.ch\/es\/promover-la-salud\/\"]}]},{\"@type\":\"WebSite\",\"@id\":\"https:\/\/edm.ch\/en\/#website\",\"url\":\"https:\/\/edm.ch\/en\/\",\"name\":\"Enfants du monde\",\"description\":\"Association suisse\",\"potentialAction\":[{\"@type\":\"SearchAction\",\"target\":{\"@type\":\"EntryPoint\",\"urlTemplate\":\"https:\/\/edm.ch\/en\/?s={search_term_string}\"},\"query-input\":{\"@type\":\"PropertyValueSpecification\",\"valueRequired\":true,\"valueName\":\"search_term_string\"}}],\"inLanguage\":\"es\"}]}<\/script>\n<!-- \/ Yoast SEO plugin. -->","yoast_head_json":{"title":"Promover la salud - Enfants du monde","robots":{"index":"index","follow":"follow","max-snippet":"max-snippet:-1","max-image-preview":"max-image-preview:large","max-video-preview":"max-video-preview:-1"},"canonical":"https:\/\/edm.ch\/es\/promover-la-salud\/","og_locale":"es_ES","og_type":"article","og_title":"Promover la salud - Enfants du monde","og_url":"https:\/\/edm.ch\/es\/promover-la-salud\/","og_site_name":"Enfants du monde","article_modified_time":"2025-10-07T08:05:17+00:00","twitter_card":"summary_large_image","schema":{"@context":"https:\/\/schema.org","@graph":[{"@type":"WebPage","@id":"https:\/\/edm.ch\/es\/promover-la-salud\/","url":"https:\/\/edm.ch\/es\/promover-la-salud\/","name":"Promover la salud - Enfants du monde","isPartOf":{"@id":"https:\/\/edm.ch\/en\/#website"},"datePublished":"2023-08-14T12:18:52+00:00","dateModified":"2025-10-07T08:05:17+00:00","inLanguage":"es","potentialAction":[{"@type":"ReadAction","target":["https:\/\/edm.ch\/es\/promover-la-salud\/"]}]},{"@type":"WebSite","@id":"https:\/\/edm.ch\/en\/#website","url":"https:\/\/edm.ch\/en\/","name":"Enfants du monde","description":"Association suisse","potentialAction":[{"@type":"SearchAction","target":{"@type":"EntryPoint","urlTemplate":"https:\/\/edm.ch\/en\/?s={search_term_string}"},"query-input":{"@type":"PropertyValueSpecification","valueRequired":true,"valueName":"search_term_string"}}],"inLanguage":"es"}]}},"_links":{"self":[{"href":"https:\/\/edm.ch\/es\/wp-json\/wp\/v2\/pages\/10862","targetHints":{"allow":["GET"]}}],"collection":[{"href":"https:\/\/edm.ch\/es\/wp-json\/wp\/v2\/pages"}],"about":[{"href":"https:\/\/edm.ch\/es\/wp-json\/wp\/v2\/types\/page"}],"author":[{"embeddable":true,"href":"https:\/\/edm.ch\/es\/wp-json\/wp\/v2\/users\/3"}],"replies":[{"embeddable":true,"href":"https:\/\/edm.ch\/es\/wp-json\/wp\/v2\/comments?post=10862"}],"version-history":[{"count":19,"href":"https:\/\/edm.ch\/es\/wp-json\/wp\/v2\/pages\/10862\/revisions"}],"predecessor-version":[{"id":37793,"href":"https:\/\/edm.ch\/es\/wp-json\/wp\/v2\/pages\/10862\/revisions\/37793"}],"wp:attachment":[{"href":"https:\/\/edm.ch\/es\/wp-json\/wp\/v2\/media?parent=10862"}],"curies":[{"name":"wp","href":"https:\/\/api.w.org\/{rel}","templated":true}]}}