{"id":10858,"date":"2023-08-24T13:02:34","date_gmt":"2023-08-24T13:02:34","guid":{"rendered":"https:\/\/edm.ch\/?page_id=10858"},"modified":"2023-09-28T11:46:53","modified_gmt":"2023-09-28T11:46:53","slug":"condiciones-generales-de-uso","status":"publish","type":"page","link":"https:\/\/edm.ch\/es\/condiciones-generales-de-uso\/","title":{"rendered":"Condiciones generales de uso"},"content":{"rendered":"<section class=\"subpageBanner\" style=\"display:\">\n    <div class=\"subpageBannerBlock figure_block\">\n        <img decoding=\"async\" data-src=\"https:\/\/edm.ch\/wp-content\/uploads\/2023\/08\/Enfants-du-Monde_website_1920x1920_1432.png\" src=\"data:image\/svg+xml;base64,PHN2ZyB3aWR0aD0iMSIgaGVpZ2h0PSIxIiB4bWxucz0iaHR0cDovL3d3dy53My5vcmcvMjAwMC9zdmciPjwvc3ZnPg==\" class=\"lazyload\" style=\"--smush-placeholder-width: 1920px; --smush-placeholder-aspect-ratio: 1920\/1920;\" data-srcset=\"https:\/\/edm.ch\/wp-content\/uploads\/2023\/08\/Enfants-du-Monde_website_1920x1920_1432.png 1920w, https:\/\/edm.ch\/wp-content\/uploads\/2023\/08\/Enfants-du-Monde_website_1920x1920_1432-300x300.png 300w, https:\/\/edm.ch\/wp-content\/uploads\/2023\/08\/Enfants-du-Monde_website_1920x1920_1432-1024x1024.png 1024w, https:\/\/edm.ch\/wp-content\/uploads\/2023\/08\/Enfants-du-Monde_website_1920x1920_1432-150x150.png 150w, https:\/\/edm.ch\/wp-content\/uploads\/2023\/08\/Enfants-du-Monde_website_1920x1920_1432-768x768.png 768w, https:\/\/edm.ch\/wp-content\/uploads\/2023\/08\/Enfants-du-Monde_website_1920x1920_1432-1536x1536.png 1536w\" data-sizes=\"auto\" data-original-sizes=\"(max-width: 1920px) 100vw, 1920px\" \/>\n        <div class=\"subpageBannerWrap\">\n            <div class=\"container\">\n                <div class=\"content\">\n                    <div>\n                        <span class=\"bannerHead\"><\/span>\n                        <h1>Condiciones generales de uso<\/h1>\n                    <\/div>\n                                    <\/div>\n            <\/div>\n        <\/div>\n            <\/div>\n<\/section>\n<script type=\"text\/javascript\">\n    jQuery(document).ready(function ($) {\n        \/\/ Check if the block exists\n        var bannerSection = $('#subpage-banner-section');\n\n        if (bannerSection.length > 0) {\n            \/\/ Move the block to the end of <main> just before the footer\n            $('main').append(bannerSection); \/\/ This will append it inside the <main> tag\n        }\n\n        $('.documentAccordion').on('click', function (e) {\n            e.preventDefault();  \/\/ Prevent default link action\n\n            \/\/ Target the section with the given ID\n            $('html, body').animate({\n                scrollTop: $('#subpage-banner-section').offset().top - 200\n            }, 1000);\n        });\n    });\n<\/script>\n\n        <section class=\"contentSec\" style=\"display:\">\n        <div class=\"container\">\n            <div class=\"contentBlock\">\n                <h5>ART\u00cdCULO 1: OBJETO<\/h5>\n                <p>Las presentes Condiciones generales de uso (en adelante, \u00ab<strong>CGU<\/strong>\u00ab) proporcionan el marco jur\u00eddico para el uso de los servicios que ofrece el sitio web www.edm.ch (en adelante, \u00abel<strong>\u00a0sitio<\/strong>\u00ab). Las partes del presente contrato son, por una parte, la asociaci\u00f3n Enfants du monde que gestiona el sitio web (en adelante, \u201cel\u00a0<strong>editor<\/strong>\u201d), y por otra, toda persona f\u00edsica o jur\u00eddica (en adelante, \u201cel\u00a0<strong>usuario<\/strong>\u201d) que desee tener acceso al sitio web y a los servicios que \u00e9ste ofrece. Todo usuario debe aceptar las CGU y por el hecho de acceder al sitio web, el usuario pone de manifiesto su aceptaci\u00f3n de las presentes CGU.<\/p>\n                            <\/div>\n        <\/div>\n    <\/section>\n\n        <section class=\"contentSec\" style=\"display:\">\n        <div class=\"container\">\n            <div class=\"contentBlock\">\n                <h5>ART\u00cdCULO 2: AVISO LEGAL<\/h5>\n                <h5>Edici\u00f3n y redacci\u00f3n de contenidos<\/h5>\n<p><strong>Enfants du Monde<\/strong><br \/>\nEquipo de comunicaci\u00f3n y recaudaci\u00f3n de fondos<br \/>\nRoute de Ferney 150 &#8211; 1218 Le Grand-Saconnex, Suiza<br \/>\nTel\u00e9fono:\u00a0<a href=\"tel:+41227988881\">+41 22 798 88 81<\/a><br \/>\nEmail:\u00a0<a href=\"mailto:info@edm.ch\" target=\"_blank\" rel=\"noopener\">info@edm.ch<\/a><br \/>\nN\u00b0 del Registro de comercio suizo: 107.976.084<\/p>\n<h5>Alojamiento del sitio<\/h5>\n<p><strong>Infomaniak Network SA<\/strong><br \/>\nRue Eug\u00e8ne-Marziano 25 &#8211; 1227 Ginebra, Suiza<br \/>\n<a href=\"https:\/\/www.infomaniak.com\/\" target=\"_blank\" rel=\"noopener\">https:\/\/www.infomaniak.com<\/a><\/p>\n<h5>Creaci\u00f3n y desarrollo<\/h5>\n<p><strong>App\u2019n Web S\u00e0rl<\/strong><br \/>\n14, av. du Vieux-Bourg &#8211; 1225 Ch\u00eane-Bourg, Suiza<br \/>\n<a href=\"https:\/\/app-n-web.ch\/\" target=\"_blank\" rel=\"noopener\">https:\/\/app-n-web.ch<\/a><\/p>\n<h5>Concepci\u00f3n y dise\u00f1o gr\u00e1fico<\/h5>\n<p><strong>8bitstudio S\u00e0rl<\/strong><br \/>\nAvenue de Beaulieu 3 &#8211; Case postale 274 &#8211; 1000 Lausana 22, Suiza<br \/>\n<a href=\"https:\/\/www.8bitstudio.ch\/\" target=\"_blank\" rel=\"noopener\">https:\/\/www.8bitstudio.ch<\/a><\/p>\n                            <\/div>\n        <\/div>\n    <\/section>\n\n        <section class=\"contentSec\" style=\"display:\">\n        <div class=\"container\">\n            <div class=\"contentBlock\">\n                <h5>ART\u00cdCULO 3: ACCESO AL SITIO WEB<\/h5>\n                <p>El sitio permite acceder gratuitamente a los siguientes servicios:<\/p>\n<ul>\n<li>informaci\u00f3n sobre la asociaci\u00f3n y sus programas;<\/li>\n<li>informaci\u00f3n sobre las diferentes modalidades de apoyo a la asociaci\u00f3n;<\/li>\n<li>material did\u00e1ctico para profesores;<\/li>\n<li>publicaciones de la asociaci\u00f3n (por ejemplo: noticias, informes anuales, revistas trimestrales);<\/li>\n<li>banco de im\u00e1genes y v\u00eddeos;<\/li>\n<li>ofertas de empleo;<\/li>\n<li>inscripci\u00f3n al bolet\u00edn de la asociaci\u00f3n;<\/li>\n<li>formulario de donaci\u00f3n de fondos en l\u00ednea;<\/li>\n<li>formulario para solicitar documentaci\u00f3n.<\/li>\n<\/ul>\n<p>Todo usuario que disponga de una conexi\u00f3n a internet tendr\u00e1 acceso al sitio gratuitamente y desde cualquier lugar. La totalidad de los costes para acceder a los servicios (material inform\u00e1tico, conexi\u00f3n a internet, etc. corren a cargo del usuario. El editor puede interrumpir o suspender tanto el sitio como los diferentes servicios, particularmente a efectos de mantenimiento, sin aviso previo ni justificaci\u00f3n algunos.<\/p>\n                            <\/div>\n        <\/div>\n    <\/section>\n\n        <section class=\"contentSec\" style=\"display:\">\n        <div class=\"container\">\n            <div class=\"contentBlock\">\n                <h5>ART\u00cdCULO 4: VERIFICACI\u00d3N DE LA INFORMACI\u00d3N<\/h5>\n                <p>La calidad del contenido que se publica en el sitio web reviste gran importancia para el editor, quien se esfuerza por verificar que la informaci\u00f3n accesible en su sitio sea correcta en el momento en que se publica.<br \/>\nSiempre que le resulta posible, el editor proporciona las fuentes de informaci\u00f3n externas. Aunque el editor considera que la informaci\u00f3n que se publica en el sitio web es fiable, no asegura ni garantiza que \u00e9sta sea precisa y exhaustiva, y declina toda responsabilidad al respecto.<br \/>\nEs posible que el contenido del sitio web conduzca a sitios web de terceros mediante hipertexto. Al hacer clic en hiperv\u00ednculos, el usuario saldr\u00e1 de la plataforma. El editor no se encarga de examinar ninguno de los sitios web de terceros cuyos enlaces figuran en su propio sitio web. Por consiguiente, el editor no garantiza en ning\u00fan caso, ni expresa- ni impl\u00edcitamente, que el contenido de dichos sitios web sea de calidad, adecuado, preciso, \u00edntegro, o que est\u00e9 actualizado, disponible o sea legal. El editor no responder\u00e1 bajo ninguna circunstancia de la informaci\u00f3n, los productos, servicios, y dem\u00e1s contenido que ofrezcan los sitios web de terceros, cuyos enlaces figuren en su propio sitio. Tambi\u00e9n declina toda responsabilidad por los sitios web que propongan enlaces hacia su sitio web.<\/p>\n                            <\/div>\n        <\/div>\n    <\/section>\n\n        <section class=\"contentSec\" style=\"display:\">\n        <div class=\"container\">\n            <div class=\"contentBlock\">\n                <h5>ART\u00cdCULO 5: MODIFICACI\u00d3N DEL SITIO<\/h5>\n                <p>El editor se reserva el derecho de modificar su sitio web, en cualquier momento y sin previo aviso, incluyendo las presentes CDU, la\u00a0<a href=\"https:\/\/www.edm.ch\/es\/proteccion-datos\/\" target=\"_blank\" rel=\"noopener\">Pol\u00edtica de protecci\u00f3n de datos<\/a>, la informaci\u00f3n y los servicios que se publican en el mismo.<\/p>\n                            <\/div>\n        <\/div>\n    <\/section>\n\n        <section class=\"contentSec\" style=\"display:\">\n        <div class=\"container\">\n            <div class=\"contentBlock\">\n                <h5>ART\u00cdCULO 6: PROPRIEDAD INTELECTUAL<\/h5>\n                <p>Todo el contenido del sitio web, incluyendo, pero sin limitarse a los textos, las marcas, los logotipos, los diagramas, las fotograf\u00edas, los v\u00eddeos, los archivos de audio, la m\u00fasica, la maquetaci\u00f3n, los dise\u00f1os les motivos, los conocimientos t\u00e9cnicos, las tecnolog\u00edas, los productos y los procesos, es propiedad del editor o se utiliza con la autorizaci\u00f3n de sus respectivos propietarios. Por lo tanto, est\u00e1 protegido por derechos de autor, marcas registradas, patentes y todos los dem\u00e1s derechos de propiedad intelectual o industrial que existen en virtud de la legislaci\u00f3n aplicable (todos los derechos reservados).<br \/>\nQueda as\u00ed terminantemente prohibido cualquier otro uso, parcial o total y por cualquier medio, incluyendo la reproducci\u00f3n, la modificaci\u00f3n, distribuci\u00f3n, transmisi\u00f3n o difusi\u00f3n del contenido del sitio, salvo que se haya obtenido el consentimiento previo del editor por escrito. Quedan reservadas las excepciones previstas en la Ley Federal de Derechos de Autor y Derechos Conexos de Suiza, dentro de los l\u00edmites de lo dispuesto por la legislaci\u00f3n suiza aplicable.<br \/>\nEl editor no garantiza bajo ninguna circunstancia ni declara que el uso por parte de los usuarios del contenido que figura en su sitio no vulnerar\u00e1 los derechos de terceros.<\/p>\n                            <\/div>\n        <\/div>\n    <\/section>\n\n        <section class=\"contentSec\" style=\"display:\">\n        <div class=\"container\">\n            <div class=\"contentBlock\">\n                <h5>ART\u00cdCULO 7: RESPONSABILIDAD<\/h5>\n                <p>Los usuarios reconocen y aceptan que, en la medida en que lo permita la legislaci\u00f3n aplicable, ni el editor, ni los directivos de Enfants du monde, ni sus empleados o agentes, ni otras partes que participen en la creaci\u00f3n, producci\u00f3n o entrega del sitio ser\u00e1n responsables de posibles da\u00f1os directos o indirectos (aun cuando el editor haya sabido o pueda haber sabido que pod\u00edan producirse da\u00f1os semejantes) derivados del acceso al sitio web o de su uso.<br \/>\nLos usuarios ser\u00e1n \u00fanicos responsables por todo documento que descarguen u obtengan por cualquier medio durante el uso del sitio web. El editor no asume responsabilidad alguna por da\u00f1os o virus que puedan afectar al equipo inform\u00e1tico u otras pertenencias de los usuarios, causados por el acceso de los mismos al sitio web, del uso o la descarga de material procedente del sitio web, o causados por cualquier acceso no autorizado o injerencia ilegal en los sistemas inform\u00e1ticos.<br \/>\nEl editor se compromete a hacer todo lo posible para garantizar la seguridad y confidencialidad de los datos. Sin embargo, no garantiza la total seguridad de los mismos.<\/p>\n                            <\/div>\n        <\/div>\n    <\/section>\n\n        <section class=\"contentSec\" style=\"display:\">\n        <div class=\"container\">\n            <div class=\"contentBlock\">\n                <h5>ART\u00cdCULO 8: RECOPILACI\u00d3N DE DATOS PERSONALES<\/h5>\n                <p>El acceso de los usuarios al sitio web requiere la transmisi\u00f3n de datos de car\u00e1cter personal al Editor. La navegaci\u00f3n de los usuarios por el sitio permite recoger autom\u00e1ticamente ciertos datos (v\u00e9ase: uso de las cookies, abajo). Los usuarios proporcionan otros datos manualmente al realizar las siguientes acciones:<\/p>\n<ul>\n<li>suscripci\u00f3n al bolet\u00edn informativo;<\/li>\n<li>utilizaci\u00f3n de los formularios que figuran en el sitio;<\/li>\n<li>solicitud de documentaci\u00f3n;<\/li>\n<li>inscripci\u00f3n como miembro;<\/li>\n<li>realizaci\u00f3n de una donaci\u00f3n.<\/li>\n<\/ul>\n<p>Para mayores detalles sobre el tratamiento de los datos de car\u00e1cter personal de los usuarios, s\u00edrvanse consultar la\u00a0<a href=\"https:\/\/www.edm.ch\/es\/proteccion-datos\/\" target=\"_blank\" rel=\"noopener\">Pol\u00edtica de protecci\u00f3n de datos<\/a>.<\/p>\n                            <\/div>\n        <\/div>\n    <\/section>\n\n        <section class=\"contentSec\" style=\"display:\">\n        <div class=\"container\">\n            <div class=\"contentBlock\">\n                <h5>ART\u00cdCULO 9: UTILIZACI\u00d3N DE COOKIES<\/h5>\n                <p>Con objeto de mejorar la experiencia del usuario, es posible que se instalen autom\u00e1ticamente cookies en su software de navegaci\u00f3n.<br \/>\nLas cookies son peque\u00f1os archivos que se almacenan temporalmente en el disco duro del ordenador de los usuarios. Dichas cookies son necesarias para garantizar el acceso al sitio web y la navegaci\u00f3n por el mismo. Estos archivos no incluyen datos de car\u00e1cter personal ni pueden utilizarse para identificar a una persona.<\/p>\n                            <\/div>\n        <\/div>\n    <\/section>\n\n        <section class=\"contentSec\" style=\"display:\">\n        <div class=\"container\">\n            <div class=\"contentBlock\">\n                <h5>ART\u00cdCULO 10: PAGOS EN L\u00cdNEA<\/h5>\n                <p>Los usuarios pueden hacer una donaci\u00f3n a la asociaci\u00f3n Enfants du Monde mediante el formulario de donaci\u00f3n disponible en el sitio web:\u00a0<a href=\"https:\/\/don.edm.ch\/es\" target=\"_blank\" rel=\"noopener\">https:\/\/don.edm.ch\/es<\/a>.<br \/>\nEl pago electr\u00f3nico de donaciones se procesa utilizando el m\u00f3dulo de pagos electr\u00f3nicos E-Payment de Postfinance. Dicho sistema cuenta con varias barreras de seguridad y con procesos de cifrado complejos, que garantizan la seguridad de los datos.<br \/>\nEl editor no conserva datos de pago algunos (por ejemplo: n\u00fameros de tarjetas de cr\u00e9dito). El editor procesa cuidadosamente los datos referentes a los pagos, los transmite cifrados y no los conserva.<br \/>\nLes rogamos que se familiaricen asimismo con la\u00a0<a href=\"https:\/\/www.edm.ch\/es\/proteccion-datos\/\" target=\"_blank\" rel=\"noopener\">Pol\u00edtica de protecci\u00f3n de datos<\/a>\u00a0del proveedor de servicios Postfinance.<br \/>\nEnfants du Monde acepta pagos con tarjeta de cr\u00e9dito MasterCard o Visa, as\u00ed como con la tarjeta PostFinance. Las condiciones del proveedor de las tarjetas de cr\u00e9dito regir\u00e1n el desistimiento. Adem\u00e1s, las instituciones bancarias deducir\u00e1n por concepto de gastos de tramitaci\u00f3n una comisi\u00f3n que var\u00eda entre el entre 2.3% et 3% del importe de la donaci\u00f3n, para aquellas realizadas con Visa o MasterCard, siendo el m\u00ednimo de CHF 0.22.<br \/>\nEn caso de cometerse un error al seleccionar el monto de la donaci\u00f3n, los usuarios podr\u00e1n ponerse en contacto con el editor por correo electr\u00f3nico utilizando la direcci\u00f3n\u00a0<a href=\"mailto:info@edm.ch\" target=\"_blank\" rel=\"noopener\">info@edm.ch<\/a>\u00a0o por tel\u00e9fono en el n\u00famero\u00a0<a href=\"tel:+41227988881\">+41 22 798 88 81<\/a>\u00a0para solicitar un reembolso total o parcial de su donaci\u00f3n, en un plazo de 7 d\u00edas a partir de la fecha del pago.<\/p>\n<h5>A qu\u00e9 se destinan las donaciones?<\/h5>\n<p>Por cada 100 CHF donados, as\u00ed se utiliza su donaci\u00f3n:<\/p>\n                            <\/div>\n        <\/div>\n    <\/section>\n\n\n    <section class=\" imageSec\" style=\"display:\">\n      <div class=\"container\">\n        <figure>\n          <img decoding=\"async\" data-src=\"https:\/\/edm.ch\/wp-content\/uploads\/2023\/08\/2022_UtilisationDons_ES.png\" src=\"data:image\/svg+xml;base64,PHN2ZyB3aWR0aD0iMSIgaGVpZ2h0PSIxIiB4bWxucz0iaHR0cDovL3d3dy53My5vcmcvMjAwMC9zdmciPjwvc3ZnPg==\" class=\"lazyload\" style=\"--smush-placeholder-width: 700px; --smush-placeholder-aspect-ratio: 700\/300;\" data-srcset=\"https:\/\/edm.ch\/wp-content\/uploads\/2023\/08\/2022_UtilisationDons_ES.png 700w, https:\/\/edm.ch\/wp-content\/uploads\/2023\/08\/2022_UtilisationDons_ES-300x129.png 300w\" data-sizes=\"auto\" data-original-sizes=\"(max-width: 700px) 100vw, 700px\">\n        <\/figure>\n      <\/div>\n    <\/section>\n\n        <section class=\"contentSec\" style=\"display:\">\n        <div class=\"container\">\n            <div class=\"contentBlock\">\n                <h5>ART\u00cdCULO 11: DURACI\u00d3N Y FUERO APLICABLE<\/h5>\n                <p>El presente contrato ser\u00e1 por tiempo indefinido y entrar\u00e1 en vigor con todos sus efectos respecto al usuario a partir del momento en que \u00e9ste empiece a utilizar el servicio.<br \/>\nLas presentes CGU, el acceso al Sitio web y su utilizaci\u00f3n est\u00e1n regidos exclusivamente por la legislaci\u00f3n suiza.<br \/>\nLos tribunales de la Rep\u00fablica y el Cant\u00f3n de Ginebra tendr\u00e1n jurisdicci\u00f3n exclusiva para resolver cualquier disputa que pueda surgir, si prejuicio de un posible recurso ante el Tribunal federal.<\/p>\n                            <\/div>\n        <\/div>\n    <\/section>\n\n        <section class=\"contentSec\" style=\"display:\">\n        <div class=\"container\">\n            <div class=\"contentBlock\">\n                <h5>ART\u00cdCULO 12: CONTACTO<\/h5>\n                <p>Si tiene alguna pregunta sobre estas condiciones, p\u00f3ngase en contacto con nosotros:<\/p>\n<p><strong>Enfants du Monde<\/strong><br \/>\nRoute de Ferney 150 &#8211; 1218 Le Grand-Saconnex, Suiza<br \/>\nTel\u00e9fono:\u00a0<a href=\"tel:+41227988881\">+41 22 798 88 81<\/a><br \/>\nEmail:\u00a0<a href=\"mailto:info@edm.ch\" target=\"_blank\" rel=\"noopener\">info@edm.ch<\/a><\/p>\n                            <\/div>\n        <\/div>\n    <\/section>","protected":false},"excerpt":{"rendered":"","protected":false},"author":3,"featured_media":0,"parent":0,"menu_order":0,"comment_status":"closed","ping_status":"closed","template":"templates\/yellow-line-1.php","meta":{"_acf_changed":false,"inline_featured_image":false,"footnotes":""},"class_list":["post-10858","page","type-page","status-publish","hentry"],"acf":[],"yoast_head":"<!-- This site is optimized with the Yoast SEO plugin v26.9 - https:\/\/yoast.com\/product\/yoast-seo-wordpress\/ -->\n<title>Condiciones generales de uso - Enfants du monde<\/title>\n<meta name=\"robots\" content=\"index, follow, max-snippet:-1, max-image-preview:large, max-video-preview:-1\" \/>\n<link rel=\"canonical\" href=\"https:\/\/edm.ch\/es\/condiciones-generales-de-uso\/\" \/>\n<meta property=\"og:locale\" content=\"es_ES\" \/>\n<meta property=\"og:type\" content=\"article\" \/>\n<meta property=\"og:title\" content=\"Condiciones generales de uso - Enfants du monde\" \/>\n<meta property=\"og:url\" content=\"https:\/\/edm.ch\/es\/condiciones-generales-de-uso\/\" \/>\n<meta property=\"og:site_name\" content=\"Enfants du monde\" \/>\n<meta property=\"article:modified_time\" content=\"2023-09-28T11:46:53+00:00\" \/>\n<meta name=\"twitter:card\" content=\"summary_large_image\" \/>\n<script type=\"application\/ld+json\" class=\"yoast-schema-graph\">{\"@context\":\"https:\/\/schema.org\",\"@graph\":[{\"@type\":\"WebPage\",\"@id\":\"https:\/\/edm.ch\/es\/condiciones-generales-de-uso\/\",\"url\":\"https:\/\/edm.ch\/es\/condiciones-generales-de-uso\/\",\"name\":\"Condiciones generales de uso - Enfants du monde\",\"isPartOf\":{\"@id\":\"https:\/\/edm.ch\/en\/#website\"},\"datePublished\":\"2023-08-24T13:02:34+00:00\",\"dateModified\":\"2023-09-28T11:46:53+00:00\",\"inLanguage\":\"es\",\"potentialAction\":[{\"@type\":\"ReadAction\",\"target\":[\"https:\/\/edm.ch\/es\/condiciones-generales-de-uso\/\"]}]},{\"@type\":\"WebSite\",\"@id\":\"https:\/\/edm.ch\/en\/#website\",\"url\":\"https:\/\/edm.ch\/en\/\",\"name\":\"Enfants du monde\",\"description\":\"Association suisse\",\"potentialAction\":[{\"@type\":\"SearchAction\",\"target\":{\"@type\":\"EntryPoint\",\"urlTemplate\":\"https:\/\/edm.ch\/en\/?s={search_term_string}\"},\"query-input\":{\"@type\":\"PropertyValueSpecification\",\"valueRequired\":true,\"valueName\":\"search_term_string\"}}],\"inLanguage\":\"es\"}]}<\/script>\n<!-- \/ Yoast SEO plugin. -->","yoast_head_json":{"title":"Condiciones generales de uso - Enfants du monde","robots":{"index":"index","follow":"follow","max-snippet":"max-snippet:-1","max-image-preview":"max-image-preview:large","max-video-preview":"max-video-preview:-1"},"canonical":"https:\/\/edm.ch\/es\/condiciones-generales-de-uso\/","og_locale":"es_ES","og_type":"article","og_title":"Condiciones generales de uso - Enfants du monde","og_url":"https:\/\/edm.ch\/es\/condiciones-generales-de-uso\/","og_site_name":"Enfants du monde","article_modified_time":"2023-09-28T11:46:53+00:00","twitter_card":"summary_large_image","schema":{"@context":"https:\/\/schema.org","@graph":[{"@type":"WebPage","@id":"https:\/\/edm.ch\/es\/condiciones-generales-de-uso\/","url":"https:\/\/edm.ch\/es\/condiciones-generales-de-uso\/","name":"Condiciones generales de uso - Enfants du monde","isPartOf":{"@id":"https:\/\/edm.ch\/en\/#website"},"datePublished":"2023-08-24T13:02:34+00:00","dateModified":"2023-09-28T11:46:53+00:00","inLanguage":"es","potentialAction":[{"@type":"ReadAction","target":["https:\/\/edm.ch\/es\/condiciones-generales-de-uso\/"]}]},{"@type":"WebSite","@id":"https:\/\/edm.ch\/en\/#website","url":"https:\/\/edm.ch\/en\/","name":"Enfants du monde","description":"Association suisse","potentialAction":[{"@type":"SearchAction","target":{"@type":"EntryPoint","urlTemplate":"https:\/\/edm.ch\/en\/?s={search_term_string}"},"query-input":{"@type":"PropertyValueSpecification","valueRequired":true,"valueName":"search_term_string"}}],"inLanguage":"es"}]}},"_links":{"self":[{"href":"https:\/\/edm.ch\/es\/wp-json\/wp\/v2\/pages\/10858","targetHints":{"allow":["GET"]}}],"collection":[{"href":"https:\/\/edm.ch\/es\/wp-json\/wp\/v2\/pages"}],"about":[{"href":"https:\/\/edm.ch\/es\/wp-json\/wp\/v2\/types\/page"}],"author":[{"embeddable":true,"href":"https:\/\/edm.ch\/es\/wp-json\/wp\/v2\/users\/3"}],"replies":[{"embeddable":true,"href":"https:\/\/edm.ch\/es\/wp-json\/wp\/v2\/comments?post=10858"}],"version-history":[{"count":10,"href":"https:\/\/edm.ch\/es\/wp-json\/wp\/v2\/pages\/10858\/revisions"}],"predecessor-version":[{"id":14401,"href":"https:\/\/edm.ch\/es\/wp-json\/wp\/v2\/pages\/10858\/revisions\/14401"}],"wp:attachment":[{"href":"https:\/\/edm.ch\/es\/wp-json\/wp\/v2\/media?parent=10858"}],"curies":[{"name":"wp","href":"https:\/\/api.w.org\/{rel}","templated":true}]}}