{"id":10852,"date":"2023-08-17T12:36:35","date_gmt":"2023-08-17T12:36:35","guid":{"rendered":"https:\/\/edm.ch\/?page_id=10852"},"modified":"2024-10-16T13:17:05","modified_gmt":"2024-10-16T13:17:05","slug":"participacion-de-las-poblaciones-locales","status":"publish","type":"page","link":"https:\/\/edm.ch\/es\/participacion-de-las-poblaciones-locales\/","title":{"rendered":"Participaci\u00f3n de las poblaciones locales"},"content":{"rendered":"<section class=\"subpageBanner\" style=\"display:\">\n    <div class=\"subpageBannerBlock figure_block\">\n        <img decoding=\"async\" data-src=\"https:\/\/edm.ch\/wp-content\/uploads\/2023\/08\/banners_WP_2500_800-1.png\" src=\"data:image\/svg+xml;base64,PHN2ZyB3aWR0aD0iMSIgaGVpZ2h0PSIxIiB4bWxucz0iaHR0cDovL3d3dy53My5vcmcvMjAwMC9zdmciPjwvc3ZnPg==\" class=\"lazyload\" style=\"--smush-placeholder-width: 2500px; --smush-placeholder-aspect-ratio: 2500\/800;\" data-srcset=\"https:\/\/edm.ch\/wp-content\/uploads\/2023\/08\/banners_WP_2500_800-1.png 2500w, https:\/\/edm.ch\/wp-content\/uploads\/2023\/08\/banners_WP_2500_800-1-300x96.png 300w, https:\/\/edm.ch\/wp-content\/uploads\/2023\/08\/banners_WP_2500_800-1-1024x328.png 1024w, https:\/\/edm.ch\/wp-content\/uploads\/2023\/08\/banners_WP_2500_800-1-768x246.png 768w, https:\/\/edm.ch\/wp-content\/uploads\/2023\/08\/banners_WP_2500_800-1-1536x492.png 1536w, https:\/\/edm.ch\/wp-content\/uploads\/2023\/08\/banners_WP_2500_800-1-2048x655.png 2048w\" data-sizes=\"auto\" data-original-sizes=\"(max-width: 2500px) 100vw, 2500px\" \/>\n        <div class=\"subpageBannerWrap\">\n            <div class=\"container\">\n                <div class=\"content\">\n                    <div>\n                        <span class=\"bannerHead\"><\/span>\n                        <h1>Participaci\u00f3n de las poblaciones locales<\/h1>\n                    <\/div>\n                                    <\/div>\n            <\/div>\n        <\/div>\n                    <div class=\"picture-caption\">\n                <div class=\"caption-content\"><span>Enfants du Monde<\/span><\/div>\n            <\/div>\n            <\/div>\n<\/section>\n<script type=\"text\/javascript\">\n    jQuery(document).ready(function ($) {\n        \/\/ Check if the block exists\n        var bannerSection = $('#subpage-banner-section');\n\n        if (bannerSection.length > 0) {\n            \/\/ Move the block to the end of <main> just before the footer\n            $('main').append(bannerSection); \/\/ This will append it inside the <main> tag\n        }\n\n        $('.documentAccordion').on('click', function (e) {\n            e.preventDefault();  \/\/ Prevent default link action\n\n            \/\/ Target the section with the given ID\n            $('html, body').animate({\n                scrollTop: $('#subpage-banner-section').offset().top - 200\n            }, 1000);\n        });\n    });\n<\/script>\n\n\n    \n    <section class=\"leftTextRightImg \" style=\"display:\">\n        <div class=\"container\">\n            <div class=\"leftTextRightImgRow\">\n                                    <div class=\"right\">\n                                                    <div class=\"imgBlock\">\n                                <a class=\"figure_block\" href=\"https:\/\/edm.ch\/wp-content\/uploads\/2023\/08\/131.png\" data-fancybox data-caption=\"\">\n                                    <img decoding=\"async\" data-src=\"https:\/\/edm.ch\/wp-content\/uploads\/2023\/08\/131.png\" src=\"data:image\/svg+xml;base64,PHN2ZyB3aWR0aD0iMSIgaGVpZ2h0PSIxIiB4bWxucz0iaHR0cDovL3d3dy53My5vcmcvMjAwMC9zdmciPjwvc3ZnPg==\" class=\"lazyload\" style=\"--smush-placeholder-width: 1920px; --smush-placeholder-aspect-ratio: 1920\/1920;\" data-srcset=\"https:\/\/edm.ch\/wp-content\/uploads\/2023\/08\/131.png 1920w, https:\/\/edm.ch\/wp-content\/uploads\/2023\/08\/131-300x300.png 300w, https:\/\/edm.ch\/wp-content\/uploads\/2023\/08\/131-1024x1024.png 1024w, https:\/\/edm.ch\/wp-content\/uploads\/2023\/08\/131-150x150.png 150w, https:\/\/edm.ch\/wp-content\/uploads\/2023\/08\/131-768x768.png 768w, https:\/\/edm.ch\/wp-content\/uploads\/2023\/08\/131-1536x1536.png 1536w\" data-sizes=\"auto\" data-original-sizes=\"(max-width: 1920px) 100vw, 1920px\" \/>\n                                                                    <\/a>\n                                <figcaption><\/figcaption>\n                            <\/div>\n                                            <\/div>\n                                                    <div class=\"left\">\n                        <div class=\"content\">\n                            <h3>                                Conocer las necesidades sanitarias locales  <small><\/small>\n                            <\/h3>                                                            <p>Para identificar las necesidades en materia de salud en los pa\u00edses en los que intervenimos, consultamos con las poblaciones locales as\u00ed como con los profesionales de la salud. Este enfoque permite poner en pr\u00e1ctica soluciones m\u00e1s pertinentes para la poblaci\u00f3n, que puede implicarse en el proceso y dar su opini\u00f3n.<\/p>\n                                                                                                            <\/div>\n                    <\/div>\n                            <\/div>\n        <\/div>\n    <\/section>\n\n        <section class=\"contentSec\" style=\"display:\">\n        <div class=\"container\">\n            <div class=\"contentBlock\">\n                <h5>Lo que nos diferencia<\/h5>\n                <ul>\n<li>Las comunidades locales participan en las <strong>asambleas generales de los establecimientos sanitarios<\/strong> para seguir la evoluci\u00f3n de la situaci\u00f3n y mejorar as\u00ed la calidad de la asistencia;<\/li>\n<\/ul>\n<ul>\n<li>Animamos la <strong>participaci\u00f3n de las comunidades locales:<\/strong> mesas redondas que permiten identificar los obst\u00e1culos a la salud y encontrar soluciones integradas en los planes de acci\u00f3n de los centros de salud; participaci\u00f3n en las asambleas generales de los establecimientos de salud para mejorar la calidad de los cuidados;<\/li>\n<li>Las mujeres, esposos, actores\/trices de la medicina tradicional y l\u00edderes de comunidades <strong>se comprometen ellos mismos a llevar a cabo ciertas acciones para mejorar el acceso a los cuidados<\/strong>: por ejemplo, la construcci\u00f3n de alojamientos de emergencia cerca de los centros de salud para permitir que las mujeres embarazadas que vivan lejos se queden all\u00ed antes de dar a luz.<\/li>\n<\/ul>\n                            <\/div>\n        <\/div>\n    <\/section>\n\n\n    <section class=\"donation_count\" style=\"display:\">\n        <div class=\"inner_row\">\n            <div class=\"right_img_block\">\n                <div class=\"img_block figure_block\">\n                    <img decoding=\"async\" data-src=\"https:\/\/edm.ch\/wp-content\/uploads\/2023\/08\/121-1.png\" alt=\"\" src=\"data:image\/svg+xml;base64,PHN2ZyB3aWR0aD0iMSIgaGVpZ2h0PSIxIiB4bWxucz0iaHR0cDovL3d3dy53My5vcmcvMjAwMC9zdmciPjwvc3ZnPg==\" class=\"lazyload\" style=\"--smush-placeholder-width: 1920px; --smush-placeholder-aspect-ratio: 1920\/1920;\" data-srcset=\"https:\/\/edm.ch\/wp-content\/uploads\/2023\/08\/121-1.png 1920w, https:\/\/edm.ch\/wp-content\/uploads\/2023\/08\/121-1-300x300.png 300w, https:\/\/edm.ch\/wp-content\/uploads\/2023\/08\/121-1-1024x1024.png 1024w, https:\/\/edm.ch\/wp-content\/uploads\/2023\/08\/121-1-150x150.png 150w, https:\/\/edm.ch\/wp-content\/uploads\/2023\/08\/121-1-768x768.png 768w, https:\/\/edm.ch\/wp-content\/uploads\/2023\/08\/121-1-1536x1536.png 1536w\" data-sizes=\"auto\" data-original-sizes=\"(max-width: 1920px) 100vw, 1920px\">\n                                            <div class=\"picture-caption\">\n                            <div class=\"caption-content\"><span>Rakib Ahsan\/Enfants du Monde<\/span><\/div>\n                        <\/div>\n                                    <\/div>\n            <\/div>\n            <div class=\"left_txt_block\">\n                <div class=\"txt_contents\">\n                    <h3>Mi donaci\u00f3n marca la diferencia<\/h3>\n                    <div class=\"block_txts\">\n                                                    <div class=\"item\">\n                                <span class=\"title\">Por ejemplo:<\/span>\n                                <p><\/p>\n                            <\/div>\n                                                    <div class=\"item\">\n                                <span class=\"title\">Con 60 francos:<\/span>\n                                <p>Ofrezco formaci\u00f3n sobre la preparaci\u00f3n para el parto a 11 mujeres embarazadas en Madagascar.<\/p>\n                            <\/div>\n                                                    <div class=\"item\">\n                                <span class=\"title\">Con 100 francos:<\/span>\n                                <p>Informo a 500 mujeres embarazadas y a sus maridos en Bangladesh sobre los peligros para los reci\u00e9n nacidos.<\/p>\n                            <\/div>\n                                                    <div class=\"item\">\n                                <span class=\"title\">Con 150 francos:<\/span>\n                                <p>Estoy impartiendo formaci\u00f3n continua a 2 enfermeras de Nepal para que puedan atender de forma respetuosa a las mujeres embarazadas y a sus reci\u00e9n nacidos.<\/p>\n                            <\/div>\n                                                                            <a href=\"https:\/\/don.edm.ch\/es\" class=\"btnWhite buttonDonation\">\n                                HAGO UNA DONACI\u00d3N                            <\/a>\n                                            <\/div>\n                <\/div>\n            <\/div>\n        <\/div>\n    <\/section>","protected":false},"excerpt":{"rendered":"","protected":false},"author":3,"featured_media":0,"parent":0,"menu_order":0,"comment_status":"closed","ping_status":"closed","template":"templates\/yellow-line-1.php","meta":{"_acf_changed":false,"inline_featured_image":false,"footnotes":""},"class_list":["post-10852","page","type-page","status-publish","hentry"],"acf":[],"yoast_head":"<!-- This site is optimized with the Yoast SEO plugin v26.9 - https:\/\/yoast.com\/product\/yoast-seo-wordpress\/ -->\n<title>Participaci\u00f3n de las poblaciones locales ONG - Enfants du Monde<\/title>\n<meta name=\"description\" content=\"Para determinar las necesidades sanitarias de los pa\u00edses en los que operamos, consultamos a la poblaci\u00f3n local en nuestros proyectos.\" \/>\n<meta name=\"robots\" content=\"index, follow, max-snippet:-1, max-image-preview:large, max-video-preview:-1\" \/>\n<link rel=\"canonical\" href=\"https:\/\/edm.ch\/es\/participacion-de-las-poblaciones-locales\/\" \/>\n<meta property=\"og:locale\" content=\"es_ES\" \/>\n<meta property=\"og:type\" content=\"article\" \/>\n<meta property=\"og:title\" content=\"Participaci\u00f3n de las poblaciones locales ONG - Enfants du Monde\" \/>\n<meta property=\"og:description\" content=\"Para determinar las necesidades sanitarias de los pa\u00edses en los que operamos, consultamos a la poblaci\u00f3n local en nuestros proyectos.\" \/>\n<meta property=\"og:url\" content=\"https:\/\/edm.ch\/es\/participacion-de-las-poblaciones-locales\/\" \/>\n<meta property=\"og:site_name\" content=\"Enfants du monde\" \/>\n<meta property=\"article:modified_time\" content=\"2024-10-16T13:17:05+00:00\" \/>\n<meta name=\"twitter:card\" content=\"summary_large_image\" \/>\n<script type=\"application\/ld+json\" class=\"yoast-schema-graph\">{\"@context\":\"https:\/\/schema.org\",\"@graph\":[{\"@type\":\"WebPage\",\"@id\":\"https:\/\/edm.ch\/es\/participacion-de-las-poblaciones-locales\/\",\"url\":\"https:\/\/edm.ch\/es\/participacion-de-las-poblaciones-locales\/\",\"name\":\"Participaci\u00f3n de las poblaciones locales ONG - Enfants du Monde\",\"isPartOf\":{\"@id\":\"https:\/\/edm.ch\/en\/#website\"},\"datePublished\":\"2023-08-17T12:36:35+00:00\",\"dateModified\":\"2024-10-16T13:17:05+00:00\",\"description\":\"Para determinar las necesidades sanitarias de los pa\u00edses en los que operamos, consultamos a la poblaci\u00f3n local en nuestros proyectos.\",\"inLanguage\":\"es\",\"potentialAction\":[{\"@type\":\"ReadAction\",\"target\":[\"https:\/\/edm.ch\/es\/participacion-de-las-poblaciones-locales\/\"]}]},{\"@type\":\"WebSite\",\"@id\":\"https:\/\/edm.ch\/en\/#website\",\"url\":\"https:\/\/edm.ch\/en\/\",\"name\":\"Enfants du monde\",\"description\":\"Association suisse\",\"potentialAction\":[{\"@type\":\"SearchAction\",\"target\":{\"@type\":\"EntryPoint\",\"urlTemplate\":\"https:\/\/edm.ch\/en\/?s={search_term_string}\"},\"query-input\":{\"@type\":\"PropertyValueSpecification\",\"valueRequired\":true,\"valueName\":\"search_term_string\"}}],\"inLanguage\":\"es\"}]}<\/script>\n<!-- \/ Yoast SEO plugin. -->","yoast_head_json":{"title":"Participaci\u00f3n de las poblaciones locales ONG - Enfants du Monde","description":"Para determinar las necesidades sanitarias de los pa\u00edses en los que operamos, consultamos a la poblaci\u00f3n local en nuestros proyectos.","robots":{"index":"index","follow":"follow","max-snippet":"max-snippet:-1","max-image-preview":"max-image-preview:large","max-video-preview":"max-video-preview:-1"},"canonical":"https:\/\/edm.ch\/es\/participacion-de-las-poblaciones-locales\/","og_locale":"es_ES","og_type":"article","og_title":"Participaci\u00f3n de las poblaciones locales ONG - Enfants du Monde","og_description":"Para determinar las necesidades sanitarias de los pa\u00edses en los que operamos, consultamos a la poblaci\u00f3n local en nuestros proyectos.","og_url":"https:\/\/edm.ch\/es\/participacion-de-las-poblaciones-locales\/","og_site_name":"Enfants du monde","article_modified_time":"2024-10-16T13:17:05+00:00","twitter_card":"summary_large_image","schema":{"@context":"https:\/\/schema.org","@graph":[{"@type":"WebPage","@id":"https:\/\/edm.ch\/es\/participacion-de-las-poblaciones-locales\/","url":"https:\/\/edm.ch\/es\/participacion-de-las-poblaciones-locales\/","name":"Participaci\u00f3n de las poblaciones locales ONG - Enfants du Monde","isPartOf":{"@id":"https:\/\/edm.ch\/en\/#website"},"datePublished":"2023-08-17T12:36:35+00:00","dateModified":"2024-10-16T13:17:05+00:00","description":"Para determinar las necesidades sanitarias de los pa\u00edses en los que operamos, consultamos a la poblaci\u00f3n local en nuestros proyectos.","inLanguage":"es","potentialAction":[{"@type":"ReadAction","target":["https:\/\/edm.ch\/es\/participacion-de-las-poblaciones-locales\/"]}]},{"@type":"WebSite","@id":"https:\/\/edm.ch\/en\/#website","url":"https:\/\/edm.ch\/en\/","name":"Enfants du monde","description":"Association suisse","potentialAction":[{"@type":"SearchAction","target":{"@type":"EntryPoint","urlTemplate":"https:\/\/edm.ch\/en\/?s={search_term_string}"},"query-input":{"@type":"PropertyValueSpecification","valueRequired":true,"valueName":"search_term_string"}}],"inLanguage":"es"}]}},"_links":{"self":[{"href":"https:\/\/edm.ch\/es\/wp-json\/wp\/v2\/pages\/10852","targetHints":{"allow":["GET"]}}],"collection":[{"href":"https:\/\/edm.ch\/es\/wp-json\/wp\/v2\/pages"}],"about":[{"href":"https:\/\/edm.ch\/es\/wp-json\/wp\/v2\/types\/page"}],"author":[{"embeddable":true,"href":"https:\/\/edm.ch\/es\/wp-json\/wp\/v2\/users\/3"}],"replies":[{"embeddable":true,"href":"https:\/\/edm.ch\/es\/wp-json\/wp\/v2\/comments?post=10852"}],"version-history":[{"count":12,"href":"https:\/\/edm.ch\/es\/wp-json\/wp\/v2\/pages\/10852\/revisions"}],"predecessor-version":[{"id":32714,"href":"https:\/\/edm.ch\/es\/wp-json\/wp\/v2\/pages\/10852\/revisions\/32714"}],"wp:attachment":[{"href":"https:\/\/edm.ch\/es\/wp-json\/wp\/v2\/media?parent=10852"}],"curies":[{"name":"wp","href":"https:\/\/api.w.org\/{rel}","templated":true}]}}