{"id":10747,"date":"2023-08-14T14:44:40","date_gmt":"2023-08-14T14:44:40","guid":{"rendered":"https:\/\/edm.ch\/?page_id=10747"},"modified":"2024-11-19T12:20:21","modified_gmt":"2024-11-19T12:20:21","slug":"educacion-en-salud-materna-y-neonatal","status":"publish","type":"page","link":"https:\/\/edm.ch\/es\/educacion-en-salud-materna-y-neonatal\/","title":{"rendered":"Educaci\u00f3n en salud materna y neonatal"},"content":{"rendered":"<section class=\"subpageBanner\" style=\"display:\">\n    <div class=\"subpageBannerBlock figure_block\">\n        <img decoding=\"async\" data-src=\"https:\/\/edm.ch\/wp-content\/uploads\/2023\/08\/Enfants_du_monde_website_image_banner_sante_mat_inf.png\" src=\"data:image\/svg+xml;base64,PHN2ZyB3aWR0aD0iMSIgaGVpZ2h0PSIxIiB4bWxucz0iaHR0cDovL3d3dy53My5vcmcvMjAwMC9zdmciPjwvc3ZnPg==\" class=\"lazyload\" style=\"--smush-placeholder-width: 2500px; --smush-placeholder-aspect-ratio: 2500\/800;\" data-srcset=\"https:\/\/edm.ch\/wp-content\/uploads\/2023\/08\/Enfants_du_monde_website_image_banner_sante_mat_inf.png 2500w, https:\/\/edm.ch\/wp-content\/uploads\/2023\/08\/Enfants_du_monde_website_image_banner_sante_mat_inf-300x96.png 300w, https:\/\/edm.ch\/wp-content\/uploads\/2023\/08\/Enfants_du_monde_website_image_banner_sante_mat_inf-1024x328.png 1024w, https:\/\/edm.ch\/wp-content\/uploads\/2023\/08\/Enfants_du_monde_website_image_banner_sante_mat_inf-768x246.png 768w, https:\/\/edm.ch\/wp-content\/uploads\/2023\/08\/Enfants_du_monde_website_image_banner_sante_mat_inf-1536x492.png 1536w, https:\/\/edm.ch\/wp-content\/uploads\/2023\/08\/Enfants_du_monde_website_image_banner_sante_mat_inf-2048x655.png 2048w\" data-sizes=\"auto\" data-original-sizes=\"(max-width: 2500px) 100vw, 2500px\" \/>\n        <div class=\"subpageBannerWrap\">\n            <div class=\"container\">\n                <div class=\"content\">\n                    <div>\n                        <span class=\"bannerHead\"><\/span>\n                        <h1>Educaci\u00f3n en salud materna y neonatal<\/h1>\n                    <\/div>\n                                    <\/div>\n            <\/div>\n        <\/div>\n                    <div class=\"picture-caption\">\n                <div class=\"caption-content\"><span>Slawomir Plata<\/span><\/div>\n            <\/div>\n            <\/div>\n<\/section>\n<script type=\"text\/javascript\">\n    jQuery(document).ready(function ($) {\n        \/\/ Check if the block exists\n        var bannerSection = $('#subpage-banner-section');\n\n        if (bannerSection.length > 0) {\n            \/\/ Move the block to the end of <main> just before the footer\n            $('main').append(bannerSection); \/\/ This will append it inside the <main> tag\n        }\n\n        $('.documentAccordion').on('click', function (e) {\n            e.preventDefault();  \/\/ Prevent default link action\n\n            \/\/ Target the section with the given ID\n            $('html, body').animate({\n                scrollTop: $('#subpage-banner-section').offset().top - 200\n            }, 1000);\n        });\n    });\n<\/script>\n\n\n        <section class=\" countSec\" style=\"display:\">\n        <div class=\"container\">\n            <div class=\"countHolder\">\n                <h2>En 2022<\/h2>\n                <div class=\"countBlock\">\n                    <div class=\"countRow\">\n\n                        \n                            <div class=\"countCol\">\n                                <div class=\"countColInner\">\n                                    <div class=\"imgBlock\">\n                                    <img decoding=\"async\" data-src=\"https:\/\/edm.ch\/wp-content\/uploads\/2023\/08\/Picto-sante-4.png\" src=\"data:image\/svg+xml;base64,PHN2ZyB3aWR0aD0iMSIgaGVpZ2h0PSIxIiB4bWxucz0iaHR0cDovL3d3dy53My5vcmcvMjAwMC9zdmciPjwvc3ZnPg==\" class=\"lazyload\" style=\"--smush-placeholder-width: 160px; --smush-placeholder-aspect-ratio: 160\/160;\" data-srcset=\"https:\/\/edm.ch\/wp-content\/uploads\/2023\/08\/Picto-sante-4.png 160w, https:\/\/edm.ch\/wp-content\/uploads\/2023\/08\/Picto-sante-4-150x150.png 150w\" data-sizes=\"auto\" data-original-sizes=\"(max-width: 160px) 100vw, 160px\" \/>\n                                    <\/div>\n                                    <div class=\"content\">\n                                    <h2>98.903 <\/h2>\n                                    <p>mujeres han recibido la ficha de preparaci\u00f3n al parto y a posibles urgencias en Burkina Faso<\/p>\n                                    <\/div>\n                                <\/div>\n                            <\/div>\n\n                        \n                            <div class=\"countCol\">\n                                <div class=\"countColInner\">\n                                    <div class=\"imgBlock\">\n                                    <img decoding=\"async\" data-src=\"https:\/\/edm.ch\/wp-content\/uploads\/2023\/08\/Picto-femme-enceinte.png\" src=\"data:image\/svg+xml;base64,PHN2ZyB3aWR0aD0iMSIgaGVpZ2h0PSIxIiB4bWxucz0iaHR0cDovL3d3dy53My5vcmcvMjAwMC9zdmciPjwvc3ZnPg==\" class=\"lazyload\" style=\"--smush-placeholder-width: 160px; --smush-placeholder-aspect-ratio: 160\/160;\" data-srcset=\"https:\/\/edm.ch\/wp-content\/uploads\/2023\/08\/Picto-femme-enceinte.png 160w, https:\/\/edm.ch\/wp-content\/uploads\/2023\/08\/Picto-femme-enceinte-150x150.png 150w\" data-sizes=\"auto\" data-original-sizes=\"(max-width: 160px) 100vw, 160px\" \/>\n                                    <\/div>\n                                    <div class=\"content\">\n                                    <h2>28.727 <\/h2>\n                                    <p>mujeres embarazadas han participado a sesiones de educaci\u00f3n en salud en Bangladesh<\/p>\n                                    <\/div>\n                                <\/div>\n                            <\/div>\n\n                        \n                            <div class=\"countCol\">\n                                <div class=\"countColInner\">\n                                    <div class=\"imgBlock\">\n                                    <img decoding=\"async\" data-src=\"https:\/\/edm.ch\/wp-content\/uploads\/2023\/08\/Picto-medecin.png\" src=\"data:image\/svg+xml;base64,PHN2ZyB3aWR0aD0iMSIgaGVpZ2h0PSIxIiB4bWxucz0iaHR0cDovL3d3dy53My5vcmcvMjAwMC9zdmciPjwvc3ZnPg==\" class=\"lazyload\" style=\"--smush-placeholder-width: 160px; --smush-placeholder-aspect-ratio: 160\/160;\" data-srcset=\"https:\/\/edm.ch\/wp-content\/uploads\/2023\/08\/Picto-medecin.png 160w, https:\/\/edm.ch\/wp-content\/uploads\/2023\/08\/Picto-medecin-150x150.png 150w\" data-sizes=\"auto\" data-original-sizes=\"(max-width: 160px) 100vw, 160px\" \/>\n                                    <\/div>\n                                    <div class=\"content\">\n                                    <h2>4.000 <\/h2>\n                                    <p>empleados\/as sanitarios\/as han recibido formaci\u00f3n en Burkina Faso<\/p>\n                                    <\/div>\n                                <\/div>\n                            <\/div>\n\n                        \n                    <\/div>\n                <\/div>\n                <div class=\"countBlockText\"><p><\/p><\/div>\n            <\/div>\n        <\/div>\n    <\/section>\n\n\n    \n    <section class=\"rightTextLeftImg \" style=\"display:\">\n        <div class=\"container\">\n            <div class=\"rightTextLeftImgRow\">\n                                    <div class=\"left\">\n                                            <\/div>\n                                                    <div class=\"right\">\n                        <div class=\"content\">\n                            <h2>                                Educar en salud para reducir los riesgos de mortalidad <small><\/small>\n                            <\/h2>                                                            <p>Formamos empleados\/as sanitarios\/as para que impartan <strong>sesiones de educaci\u00f3n en salud<\/strong> a las mujeres, a su familia y a su entorno en los pueblos. Por ejemplo, distribuyen a las futuras madres un folleto de preparaci\u00f3n al parto y a las urgencias obst\u00e9tricas y neonatales y ponen a su disposici\u00f3n la aplicaci\u00f3n m\u00f3vil <a href=\"https:\/\/edm.ch\/es\/applicaciones-para-movil\/\" target=\"_blank\" rel=\"noopener\">Mi Beb\u00e9 y yo<\/a>.<\/p>\n<p>De este modo, las mujeres, sus familiares y las comunidades pueden tomar decisiones informadas y mantenerse en buena salud.<\/p>\n                                                                                                            <\/div>\n                    <\/div>\n                            <\/div>\n        <\/div>\n    <\/section>\n\n        <section class=\"contentSec\" style=\"display:\">\n        <div class=\"container\">\n            <div class=\"contentBlock\">\n                <h5>Lo que nos diferencia <\/h5>\n                <ul>\n<li>Las matronas y el personal sanitario reciben cursos de formaci\u00f3n en consejer\u00eda y comunicaci\u00f3n;<\/li>\n<li>Durante las reuniones informativas, las mujeres embarazadas y sus familiares aprenden a prepararse para el parto y a prevenir mejor las posibles complicaciones;<\/li>\n<li>Desarrollamos herramientas innovadoras para educar en salud, como las aplicaciones m\u00f3viles gratuitas \u201cMi beb\u00e9 y yo\u201d y \u201cMi hijo\/a crece\u201d;<\/li>\n<li>Nuestros documentos informativos incluyen numerosas ilustraciones para ser accesibles a todas las personas, incluso analfabetas, y se redactan en las lenguas locales, como nuestro folleto de preparaci\u00f3n al parto y a las urgencias;<\/li>\n<li>Las poblaciones se implican para identificar sus propias necesidades en salud y proponen soluciones, a trav\u00e9s de m\u00e9todos de participaci\u00f3n ciudadana.<\/li>\n<\/ul>\n                            <\/div>\n        <\/div>\n    <\/section>\n\n\n    \n    <section class=\"quoteImage rightTextLeftImg \" style=\"display:\">\n        <div class=\"container\">\n            <div class=\"rightTextLeftImgRow\">\n                                    <div class=\"left\">\n                                                    <div class=\"imgBlock\">\n                                <a class=\"figure_block\" href=\"https:\/\/edm.ch\/wp-content\/uploads\/2023\/08\/Temoignage-Sheik-Akhtaruzzaman-Rajib.png\" data-fancybox data-caption=\"\">\n                                    <img decoding=\"async\" data-src=\"https:\/\/edm.ch\/wp-content\/uploads\/2023\/08\/Temoignage-Sheik-Akhtaruzzaman-Rajib.png\" src=\"data:image\/svg+xml;base64,PHN2ZyB3aWR0aD0iMSIgaGVpZ2h0PSIxIiB4bWxucz0iaHR0cDovL3d3dy53My5vcmcvMjAwMC9zdmciPjwvc3ZnPg==\" class=\"lazyload\" style=\"--smush-placeholder-width: 1920px; --smush-placeholder-aspect-ratio: 1920\/1920;\" data-srcset=\"https:\/\/edm.ch\/wp-content\/uploads\/2023\/08\/Temoignage-Sheik-Akhtaruzzaman-Rajib.png 1920w, https:\/\/edm.ch\/wp-content\/uploads\/2023\/08\/Temoignage-Sheik-Akhtaruzzaman-Rajib-300x300.png 300w, https:\/\/edm.ch\/wp-content\/uploads\/2023\/08\/Temoignage-Sheik-Akhtaruzzaman-Rajib-1024x1024.png 1024w, https:\/\/edm.ch\/wp-content\/uploads\/2023\/08\/Temoignage-Sheik-Akhtaruzzaman-Rajib-150x150.png 150w, https:\/\/edm.ch\/wp-content\/uploads\/2023\/08\/Temoignage-Sheik-Akhtaruzzaman-Rajib-768x768.png 768w, https:\/\/edm.ch\/wp-content\/uploads\/2023\/08\/Temoignage-Sheik-Akhtaruzzaman-Rajib-1536x1536.png 1536w\" data-sizes=\"auto\" data-original-sizes=\"(max-width: 1920px) 100vw, 1920px\" \/>\n                                                                            <div class=\"picture-caption\">\n                                            <div class=\"caption-content\"><span>Sheik-Akhtaruzzaman-Rajib<\/span><\/div>\n                                        <\/div>\n                                                                    <\/a>\n                                <figcaption><\/figcaption>\n                            <\/div>\n                                            <\/div>\n                                                    <div class=\"right\">\n                        <div class=\"content\">\n                            <h2>                                Sheik Akhtaruzzaman Rajib, <small>agente de salud, Bangladesh<\/small>\n                            <\/h2>                            <div class=\"quote\">                                <p>Desde que hize esta formaci\u00f3n en consejo, mis consultas con las mujeres embarazadas se llevan a cabo de manera diferente. Ahora, escucho la historia de su embarazo con mucha atenci\u00f3n y tomo en consideraci\u00f3n los problemas familiares que pueden impedir que reciban un buen tratamiento.<\/p>\n                            <\/div>                                                                                <\/div>\n                    <\/div>\n                            <\/div>\n        <\/div>\n    <\/section>\n\n\n    <section class=\"activitySec\" style=\"display:\">\n      <div class=\"container\">\n        <div class=\"secTitle\">\n            <h2><\/h2>\n        <\/div>\n        <div class=\"activityRow\">\n\n            \n                <div class=\"activityCol\">\n                    <div class=\"activityColInner\">\n                        <div class=\"imgBlock\">\n                            <a href=\"http:\/\/edm.ch\/es\/bangladesh-sante\/\">                                <img decoding=\"async\" data-src=\"https:\/\/edm.ch\/wp-content\/uploads\/2023\/08\/Bangladesh_education-a-la-sante-scaled.jpg\" alt=\"EMD-img\" src=\"data:image\/svg+xml;base64,PHN2ZyB3aWR0aD0iMSIgaGVpZ2h0PSIxIiB4bWxucz0iaHR0cDovL3d3dy53My5vcmcvMjAwMC9zdmciPjwvc3ZnPg==\" class=\"lazyload\" style=\"--smush-placeholder-width: 2560px; --smush-placeholder-aspect-ratio: 2560\/1706;\" data-srcset=\"https:\/\/edm.ch\/wp-content\/uploads\/2023\/08\/Bangladesh_education-a-la-sante-scaled.jpg 2560w, https:\/\/edm.ch\/wp-content\/uploads\/2023\/08\/Bangladesh_education-a-la-sante-300x200.jpg 300w, https:\/\/edm.ch\/wp-content\/uploads\/2023\/08\/Bangladesh_education-a-la-sante-1024x683.jpg 1024w, https:\/\/edm.ch\/wp-content\/uploads\/2023\/08\/Bangladesh_education-a-la-sante-768x512.jpg 768w, https:\/\/edm.ch\/wp-content\/uploads\/2023\/08\/Bangladesh_education-a-la-sante-1536x1024.jpg 1536w, https:\/\/edm.ch\/wp-content\/uploads\/2023\/08\/Bangladesh_education-a-la-sante-2048x1365.jpg 2048w\" data-sizes=\"auto\" data-original-sizes=\"(max-width: 2560px) 100vw, 2560px\" \/>\n                            <\/a>                        <\/div>\n                        <div class=\"contentBlock\">\n                            <h3>Bangladesh<\/h3>\n                            <p>Organizamos sesiones de educaci\u00f3n en salud materna y neonatal en los pueblos y a domicilio, y proponemos formaciones en consejer\u00eda al personal sanitario.<\/p>\n                                                            <a href=\"http:\/\/edm.ch\/es\/bangladesh-sante\/\" class=\"btnWhite\">M\u00e1s informaci\u00f3n<\/a>\n                                                    <\/div>\n                    <\/div>\n                <\/div>\n\n            \n                <div class=\"activityCol\">\n                    <div class=\"activityColInner\">\n                        <div class=\"imgBlock\">\n                            <a href=\"http:\/\/edm.ch\/es\/burkina-faso-salud\/\">                                <img decoding=\"async\" data-src=\"https:\/\/edm.ch\/wp-content\/uploads\/2023\/08\/Burkina-Faso_education-a-la-sante-scaled.jpg\" alt=\"EMD-img\" src=\"data:image\/svg+xml;base64,PHN2ZyB3aWR0aD0iMSIgaGVpZ2h0PSIxIiB4bWxucz0iaHR0cDovL3d3dy53My5vcmcvMjAwMC9zdmciPjwvc3ZnPg==\" class=\"lazyload\" style=\"--smush-placeholder-width: 2560px; --smush-placeholder-aspect-ratio: 2560\/1700;\" data-srcset=\"https:\/\/edm.ch\/wp-content\/uploads\/2023\/08\/Burkina-Faso_education-a-la-sante-scaled.jpg 2560w, https:\/\/edm.ch\/wp-content\/uploads\/2023\/08\/Burkina-Faso_education-a-la-sante-300x199.jpg 300w, https:\/\/edm.ch\/wp-content\/uploads\/2023\/08\/Burkina-Faso_education-a-la-sante-1024x680.jpg 1024w, https:\/\/edm.ch\/wp-content\/uploads\/2023\/08\/Burkina-Faso_education-a-la-sante-768x510.jpg 768w, https:\/\/edm.ch\/wp-content\/uploads\/2023\/08\/Burkina-Faso_education-a-la-sante-1536x1020.jpg 1536w, https:\/\/edm.ch\/wp-content\/uploads\/2023\/08\/Burkina-Faso_education-a-la-sante-2048x1360.jpg 2048w\" data-sizes=\"auto\" data-original-sizes=\"(max-width: 2560px) 100vw, 2560px\" \/>\n                            <\/a>                        <\/div>\n                        <div class=\"contentBlock\">\n                            <h3>Burkina Faso<\/h3>\n                            <p>Junto con nuestro socio local IPC, llevamos a cabo acciones de educaci\u00f3n en salud para la poblaci\u00f3n local, y proponemos formaciones para el personal sanitario.<\/p>\n                                                            <a href=\"http:\/\/edm.ch\/es\/burkina-faso-salud\/\" class=\"btnWhite\">M\u00e1s informaci\u00f3n <\/a>\n                                                    <\/div>\n                    <\/div>\n                <\/div>\n\n                        \n        <\/div>\n      <\/div>\n    <\/section>\n\n\n    <section class=\"donation_count\" style=\"display:\">\n        <div class=\"inner_row\">\n            <div class=\"right_img_block\">\n                <div class=\"img_block figure_block\">\n                    <img decoding=\"async\" data-src=\"https:\/\/edm.ch\/wp-content\/uploads\/2023\/08\/Enfants_du_monde_website_image_don_sante_mat_inf.png\" alt=\"\" src=\"data:image\/svg+xml;base64,PHN2ZyB3aWR0aD0iMSIgaGVpZ2h0PSIxIiB4bWxucz0iaHR0cDovL3d3dy53My5vcmcvMjAwMC9zdmciPjwvc3ZnPg==\" class=\"lazyload\" style=\"--smush-placeholder-width: 1920px; --smush-placeholder-aspect-ratio: 1920\/1920;\" data-srcset=\"https:\/\/edm.ch\/wp-content\/uploads\/2023\/08\/Enfants_du_monde_website_image_don_sante_mat_inf.png 1920w, https:\/\/edm.ch\/wp-content\/uploads\/2023\/08\/Enfants_du_monde_website_image_don_sante_mat_inf-300x300.png 300w, https:\/\/edm.ch\/wp-content\/uploads\/2023\/08\/Enfants_du_monde_website_image_don_sante_mat_inf-1024x1024.png 1024w, https:\/\/edm.ch\/wp-content\/uploads\/2023\/08\/Enfants_du_monde_website_image_don_sante_mat_inf-150x150.png 150w, https:\/\/edm.ch\/wp-content\/uploads\/2023\/08\/Enfants_du_monde_website_image_don_sante_mat_inf-768x768.png 768w, https:\/\/edm.ch\/wp-content\/uploads\/2023\/08\/Enfants_du_monde_website_image_don_sante_mat_inf-1536x1536.png 1536w\" data-sizes=\"auto\" data-original-sizes=\"(max-width: 1920px) 100vw, 1920px\">\n                                    <\/div>\n            <\/div>\n            <div class=\"left_txt_block\">\n                <div class=\"txt_contents\">\n                    <h3>Mi donaci\u00f3n marca la diferencia<\/h3>\n                    <div class=\"block_txts\">\n                                                    <div class=\"item\">\n                                <span class=\"title\">Por ejemplo :<\/span>\n                                <p><\/p>\n                            <\/div>\n                                                    <div class=\"item\">\n                                <span class=\"title\">Con 60 francos :<\/span>\n                                <p>Ofrezco formaci\u00f3n sobre la preparaci\u00f3n para el parto a 11 mujeres embarazadas en Madagascar.<\/p>\n                            <\/div>\n                                                    <div class=\"item\">\n                                <span class=\"title\">Con 100 francos :<\/span>\n                                <p>Informo a 500 mujeres embarazadas y a sus maridos en Bangladesh sobre los peligros para los reci\u00e9n nacidos.<\/p>\n                            <\/div>\n                                                    <div class=\"item\">\n                                <span class=\"title\">Con 150 francos :<\/span>\n                                <p>Estoy impartiendo formaci\u00f3n continua a 2 enfermeras de Nepal para que puedan atender de forma respetuosa a las mujeres embarazadas y a sus reci\u00e9n nacidos.<\/p>\n                            <\/div>\n                                                                            <a href=\"https:\/\/don.edm.ch\/es\" class=\"btnWhite buttonDonation\">\n                                Dona                            <\/a>\n                                            <\/div>\n                <\/div>\n            <\/div>\n        <\/div>\n    <\/section>","protected":false},"excerpt":{"rendered":"","protected":false},"author":3,"featured_media":0,"parent":0,"menu_order":0,"comment_status":"closed","ping_status":"closed","template":"","meta":{"_acf_changed":false,"inline_featured_image":false,"footnotes":""},"class_list":["post-10747","page","type-page","status-publish","hentry"],"acf":[],"yoast_head":"<!-- This site is optimized with the Yoast SEO plugin v26.9 - https:\/\/yoast.com\/product\/yoast-seo-wordpress\/ -->\n<title>Salud maternoinfantil - Enfants du Monde<\/title>\n<meta name=\"description\" content=\"Salud maternoinfantil - Enfants du Monde\" \/>\n<meta name=\"robots\" content=\"index, follow, max-snippet:-1, max-image-preview:large, max-video-preview:-1\" \/>\n<link rel=\"canonical\" href=\"https:\/\/edm.ch\/es\/educacion-en-salud-materna-y-neonatal\/\" \/>\n<meta property=\"og:locale\" content=\"es_ES\" \/>\n<meta property=\"og:type\" content=\"article\" \/>\n<meta property=\"og:title\" content=\"Salud maternoinfantil - Enfants du Monde\" \/>\n<meta property=\"og:description\" content=\"Salud maternoinfantil - Enfants du Monde\" \/>\n<meta property=\"og:url\" content=\"https:\/\/edm.ch\/es\/educacion-en-salud-materna-y-neonatal\/\" \/>\n<meta property=\"og:site_name\" content=\"Enfants du monde\" \/>\n<meta property=\"article:modified_time\" content=\"2024-11-19T12:20:21+00:00\" \/>\n<meta name=\"twitter:card\" content=\"summary_large_image\" \/>\n<script type=\"application\/ld+json\" class=\"yoast-schema-graph\">{\"@context\":\"https:\/\/schema.org\",\"@graph\":[{\"@type\":\"WebPage\",\"@id\":\"https:\/\/edm.ch\/es\/educacion-en-salud-materna-y-neonatal\/\",\"url\":\"https:\/\/edm.ch\/es\/educacion-en-salud-materna-y-neonatal\/\",\"name\":\"Salud maternoinfantil - Enfants du Monde\",\"isPartOf\":{\"@id\":\"https:\/\/edm.ch\/en\/#website\"},\"datePublished\":\"2023-08-14T14:44:40+00:00\",\"dateModified\":\"2024-11-19T12:20:21+00:00\",\"description\":\"Salud maternoinfantil - Enfants du Monde\",\"inLanguage\":\"es\",\"potentialAction\":[{\"@type\":\"ReadAction\",\"target\":[\"https:\/\/edm.ch\/es\/educacion-en-salud-materna-y-neonatal\/\"]}]},{\"@type\":\"WebSite\",\"@id\":\"https:\/\/edm.ch\/en\/#website\",\"url\":\"https:\/\/edm.ch\/en\/\",\"name\":\"Enfants du monde\",\"description\":\"Association suisse\",\"potentialAction\":[{\"@type\":\"SearchAction\",\"target\":{\"@type\":\"EntryPoint\",\"urlTemplate\":\"https:\/\/edm.ch\/en\/?s={search_term_string}\"},\"query-input\":{\"@type\":\"PropertyValueSpecification\",\"valueRequired\":true,\"valueName\":\"search_term_string\"}}],\"inLanguage\":\"es\"}]}<\/script>\n<!-- \/ Yoast SEO plugin. -->","yoast_head_json":{"title":"Salud maternoinfantil - Enfants du Monde","description":"Salud maternoinfantil - Enfants du Monde","robots":{"index":"index","follow":"follow","max-snippet":"max-snippet:-1","max-image-preview":"max-image-preview:large","max-video-preview":"max-video-preview:-1"},"canonical":"https:\/\/edm.ch\/es\/educacion-en-salud-materna-y-neonatal\/","og_locale":"es_ES","og_type":"article","og_title":"Salud maternoinfantil - Enfants du Monde","og_description":"Salud maternoinfantil - Enfants du Monde","og_url":"https:\/\/edm.ch\/es\/educacion-en-salud-materna-y-neonatal\/","og_site_name":"Enfants du monde","article_modified_time":"2024-11-19T12:20:21+00:00","twitter_card":"summary_large_image","schema":{"@context":"https:\/\/schema.org","@graph":[{"@type":"WebPage","@id":"https:\/\/edm.ch\/es\/educacion-en-salud-materna-y-neonatal\/","url":"https:\/\/edm.ch\/es\/educacion-en-salud-materna-y-neonatal\/","name":"Salud maternoinfantil - Enfants du Monde","isPartOf":{"@id":"https:\/\/edm.ch\/en\/#website"},"datePublished":"2023-08-14T14:44:40+00:00","dateModified":"2024-11-19T12:20:21+00:00","description":"Salud maternoinfantil - Enfants du Monde","inLanguage":"es","potentialAction":[{"@type":"ReadAction","target":["https:\/\/edm.ch\/es\/educacion-en-salud-materna-y-neonatal\/"]}]},{"@type":"WebSite","@id":"https:\/\/edm.ch\/en\/#website","url":"https:\/\/edm.ch\/en\/","name":"Enfants du monde","description":"Association suisse","potentialAction":[{"@type":"SearchAction","target":{"@type":"EntryPoint","urlTemplate":"https:\/\/edm.ch\/en\/?s={search_term_string}"},"query-input":{"@type":"PropertyValueSpecification","valueRequired":true,"valueName":"search_term_string"}}],"inLanguage":"es"}]}},"_links":{"self":[{"href":"https:\/\/edm.ch\/es\/wp-json\/wp\/v2\/pages\/10747","targetHints":{"allow":["GET"]}}],"collection":[{"href":"https:\/\/edm.ch\/es\/wp-json\/wp\/v2\/pages"}],"about":[{"href":"https:\/\/edm.ch\/es\/wp-json\/wp\/v2\/types\/page"}],"author":[{"embeddable":true,"href":"https:\/\/edm.ch\/es\/wp-json\/wp\/v2\/users\/3"}],"replies":[{"embeddable":true,"href":"https:\/\/edm.ch\/es\/wp-json\/wp\/v2\/comments?post=10747"}],"version-history":[{"count":16,"href":"https:\/\/edm.ch\/es\/wp-json\/wp\/v2\/pages\/10747\/revisions"}],"predecessor-version":[{"id":33001,"href":"https:\/\/edm.ch\/es\/wp-json\/wp\/v2\/pages\/10747\/revisions\/33001"}],"wp:attachment":[{"href":"https:\/\/edm.ch\/es\/wp-json\/wp\/v2\/media?parent=10747"}],"curies":[{"name":"wp","href":"https:\/\/api.w.org\/{rel}","templated":true}]}}