{"id":9172,"date":"2023-08-24T13:54:58","date_gmt":"2023-08-24T13:54:58","guid":{"rendered":"https:\/\/edm.ch\/?page_id=9172"},"modified":"2023-08-29T08:01:37","modified_gmt":"2023-08-29T08:01:37","slug":"benevolat","status":"publish","type":"page","link":"https:\/\/edm.ch\/en\/benevolat\/","title":{"rendered":"B\u00e9n\u00e9volat"},"content":{"rendered":"<section class=\"subpageBanner\" style=\"display:\">\n    <div class=\"subpageBannerBlock figure_block\">\n        <img decoding=\"async\" data-src=\"https:\/\/edm.ch\/wp-content\/uploads\/2023\/08\/Enfants_du_monde_website_image_banner_benevolat.png\" src=\"data:image\/svg+xml;base64,PHN2ZyB3aWR0aD0iMSIgaGVpZ2h0PSIxIiB4bWxucz0iaHR0cDovL3d3dy53My5vcmcvMjAwMC9zdmciPjwvc3ZnPg==\" class=\"lazyload\" style=\"--smush-placeholder-width: 2500px; --smush-placeholder-aspect-ratio: 2500\/800;\" data-srcset=\"https:\/\/edm.ch\/wp-content\/uploads\/2023\/08\/Enfants_du_monde_website_image_banner_benevolat.png 2500w, https:\/\/edm.ch\/wp-content\/uploads\/2023\/08\/Enfants_du_monde_website_image_banner_benevolat-300x96.png 300w, https:\/\/edm.ch\/wp-content\/uploads\/2023\/08\/Enfants_du_monde_website_image_banner_benevolat-1024x328.png 1024w, https:\/\/edm.ch\/wp-content\/uploads\/2023\/08\/Enfants_du_monde_website_image_banner_benevolat-768x246.png 768w, https:\/\/edm.ch\/wp-content\/uploads\/2023\/08\/Enfants_du_monde_website_image_banner_benevolat-1536x492.png 1536w, https:\/\/edm.ch\/wp-content\/uploads\/2023\/08\/Enfants_du_monde_website_image_banner_benevolat-2048x655.png 2048w\" data-sizes=\"auto\" data-original-sizes=\"(max-width: 2500px) 100vw, 2500px\" \/>\n        <div class=\"subpageBannerWrap\">\n            <div class=\"container\">\n                <div class=\"content\">\n                    <div>\n                        <span class=\"bannerHead\"><\/span>\n                        <h1>Devenez b\u00e9n\u00e9vole<\/h1>\n                    <\/div>\n                                    <\/div>\n            <\/div>\n        <\/div>\n            <\/div>\n<\/section>\n<script type=\"text\/javascript\">\n    jQuery(document).ready(function ($) {\n        \/\/ Check if the block exists\n        var bannerSection = $('#subpage-banner-section');\n\n        if (bannerSection.length > 0) {\n            \/\/ Move the block to the end of <main> just before the footer\n            $('main').append(bannerSection); \/\/ This will append it inside the <main> tag\n        }\n\n        $('.documentAccordion').on('click', function (e) {\n            e.preventDefault();  \/\/ Prevent default link action\n\n            \/\/ Target the section with the given ID\n            $('html, body').animate({\n                scrollTop: $('#subpage-banner-section').offset().top - 200\n            }, 1000);\n        });\n    });\n<\/script>\n\n\n    \n    <section class=\"rightTextLeftImg \" style=\"display:\">\n        <div class=\"container\">\n            <div class=\"rightTextLeftImgRow\">\n                                    <div class=\"left\">\n                                                    <div class=\"imgBlock\">\n                                <a class=\"figure_block\" href=\"https:\/\/edm.ch\/wp-content\/uploads\/2023\/08\/Enfants_du_monde_website_image_apercu_benevolat.png\" data-fancybox data-caption=\"\">\n                                    <img decoding=\"async\" data-src=\"https:\/\/edm.ch\/wp-content\/uploads\/2023\/08\/Enfants_du_monde_website_image_apercu_benevolat.png\" src=\"data:image\/svg+xml;base64,PHN2ZyB3aWR0aD0iMSIgaGVpZ2h0PSIxIiB4bWxucz0iaHR0cDovL3d3dy53My5vcmcvMjAwMC9zdmciPjwvc3ZnPg==\" class=\"lazyload\" style=\"--smush-placeholder-width: 1920px; --smush-placeholder-aspect-ratio: 1920\/1920;\" data-srcset=\"https:\/\/edm.ch\/wp-content\/uploads\/2023\/08\/Enfants_du_monde_website_image_apercu_benevolat.png 1920w, https:\/\/edm.ch\/wp-content\/uploads\/2023\/08\/Enfants_du_monde_website_image_apercu_benevolat-300x300.png 300w, https:\/\/edm.ch\/wp-content\/uploads\/2023\/08\/Enfants_du_monde_website_image_apercu_benevolat-1024x1024.png 1024w, https:\/\/edm.ch\/wp-content\/uploads\/2023\/08\/Enfants_du_monde_website_image_apercu_benevolat-150x150.png 150w, https:\/\/edm.ch\/wp-content\/uploads\/2023\/08\/Enfants_du_monde_website_image_apercu_benevolat-768x768.png 768w, https:\/\/edm.ch\/wp-content\/uploads\/2023\/08\/Enfants_du_monde_website_image_apercu_benevolat-1536x1536.png 1536w\" data-sizes=\"auto\" data-original-sizes=\"(max-width: 1920px) 100vw, 1920px\" \/>\n                                                                    <\/a>\n                                <figcaption><\/figcaption>\n                            <\/div>\n                                            <\/div>\n                                                    <div class=\"right\">\n                        <div class=\"content\">\n                            <h2>                                Offrez votre temps et vos comp\u00e9tences pour soutenir notre mission <small><\/small>\n                            <\/h2>                                                            <p>Enfants du Monde a la chance de pouvoir compter sur l&#8217;engagement de g\u00e9n\u00e9reuses personnes en tant que b\u00e9n\u00e9voles de notre association. Gr\u00e2ce \u00e0 leur pr\u00e9cieux soutien, nous menons \u00e0 bien de nombreuses activit\u00e9s essentielles au bon fonctionnement de notre association, tout en maintenant nos frais administratifs bas.<\/p>\n                                                                                                            <\/div>\n                    <\/div>\n                            <\/div>\n        <\/div>\n    <\/section>\n\n        <section class=\"contentSec\" style=\"display:\">\n        <div class=\"container\">\n            <div class=\"contentBlock\">\n                <h5><\/h5>\n                <p style=\"text-align: left;\">Vous partagez les valeurs de notre ONG et souhaitez-vous investir pour les m\u00e8res et les enfants d\u00e9favoris\u00e9s autrement que financi\u00e8rement ? Optez pour le b\u00e9n\u00e9volat au sein du bureau d&#8217;Enfants du Monde \u00e0 Gen\u00e8ve.<\/p>\n<h2>Les missions que nous proposons<\/h2>\n<p>Selon votre parcours, vos int\u00e9r\u00eats et votre disponibilit\u00e9, vous pouvez vous engager pour une activit\u00e9 ponctuelle ou r\u00e9guli\u00e8re.<\/p>\n<p>&nbsp;<\/p>\n<h3>Actuellement, nous recherchons pour un engagement r\u00e9gulier :<\/h3>\n<ul>\n<li>un\u00b7e Vid\u00e9aste pour nous aider ponctuellement avec l&#8217;\u00e9dition et\/ou le montage basique de vid\u00e9os<\/li>\n<li>un\u00b7e Photographe pour couvrir nos \u00e9v\u00e9nements \u00e0 Gen\u00e8ve (ex: Journ\u00e9e internationale des droits de l&#8217;enfant)<\/li>\n<\/ul>\n<p>&nbsp;<\/p>\n<h3>Pour un engagement ponctuel :<\/h3>\n<ul>\n<li>des Fundraisers pour organiser des collectes de fonds en faveur de notre association<\/li>\n<\/ul>\n<p>&nbsp;<\/p>\n<h3>Ce qui vous attend<\/h3>\n<ul>\n<li>Une \u00e9quipe bienveillante et reconnaissante de votre pr\u00e9cieuse contribution<\/li>\n<li>Une occasion unique de d\u00e9couvrir le fonctionnement d\u2019une ONG internationale avec une concentration sur la th\u00e9matique de la sant\u00e9 maternelle et n\u00e9onatale, de l\u2019\u00e9ducation et des droits de l&#8217;enfant<\/li>\n<li>Une exp\u00e9rience riche \u2013 que vous soyez en cours d\u2019\u00e9tudes, fraichement dipl\u00f4m\u00e9\u00b7e ou souhaitez simplement apporter une aide, \u00eatre b\u00e9n\u00e9vole permet de valoriser vos comp\u00e9tences et vos qualit\u00e9s humaines, tout en vous offrant de nouveaux horizons<\/li>\n<li>De la flexibilit\u00e9 \u2013 nous vous proposons des t\u00e2ches en fonction et en respect de vos disponibilit\u00e9s<\/li>\n<\/ul>\n                            <\/div>\n        <\/div>\n    <\/section>\n\n\n    \n    <section class=\"rightTextLeftImg \" style=\"display:\">\n        <div class=\"container\">\n            <div class=\"rightTextLeftImgRow\">\n                                    <div class=\"left\">\n                                                    <div class=\"imgBlock\">\n                                <a class=\"figure_block\" href=\"https:\/\/edm.ch\/wp-content\/uploads\/2023\/08\/Enfants_du_monde_website_image_apercu_benevolat_2.png\" data-fancybox data-caption=\"\">\n                                    <img decoding=\"async\" data-src=\"https:\/\/edm.ch\/wp-content\/uploads\/2023\/08\/Enfants_du_monde_website_image_apercu_benevolat_2.png\" src=\"data:image\/svg+xml;base64,PHN2ZyB3aWR0aD0iMSIgaGVpZ2h0PSIxIiB4bWxucz0iaHR0cDovL3d3dy53My5vcmcvMjAwMC9zdmciPjwvc3ZnPg==\" class=\"lazyload\" style=\"--smush-placeholder-width: 1920px; --smush-placeholder-aspect-ratio: 1920\/1920;\" data-srcset=\"https:\/\/edm.ch\/wp-content\/uploads\/2023\/08\/Enfants_du_monde_website_image_apercu_benevolat_2.png 1920w, https:\/\/edm.ch\/wp-content\/uploads\/2023\/08\/Enfants_du_monde_website_image_apercu_benevolat_2-300x300.png 300w, https:\/\/edm.ch\/wp-content\/uploads\/2023\/08\/Enfants_du_monde_website_image_apercu_benevolat_2-1024x1024.png 1024w, https:\/\/edm.ch\/wp-content\/uploads\/2023\/08\/Enfants_du_monde_website_image_apercu_benevolat_2-150x150.png 150w, https:\/\/edm.ch\/wp-content\/uploads\/2023\/08\/Enfants_du_monde_website_image_apercu_benevolat_2-768x768.png 768w, https:\/\/edm.ch\/wp-content\/uploads\/2023\/08\/Enfants_du_monde_website_image_apercu_benevolat_2-1536x1536.png 1536w\" data-sizes=\"auto\" data-original-sizes=\"(max-width: 1920px) 100vw, 1920px\" \/>\n                                                                    <\/a>\n                                <figcaption><\/figcaption>\n                            <\/div>\n                                            <\/div>\n                                                    <div class=\"right\">\n                        <div class=\"content\">\n                            <h2>                                Rejoignez notre \u00e9quipe de b\u00e9n\u00e9voles <small><\/small>\n                            <\/h2>                                                            <p>Vous \u00eates int\u00e9ress\u00e9\u00b7e par l&#8217;une des activit\u00e9s propos\u00e9es ci-dessus ? Dans ce cas, contactez-nous ici en pr\u00e9cisant &#8220;B\u00e9n\u00e9volat&#8221; dans le champ Sujet de votre demande et en n&#8217;oubliant pas de joindre votre CV afin que nous ayons un aper\u00e7u de vos comp\u00e9tences.<\/p>\n<p>&nbsp;<\/p>\n<p><strong>\/Bouton \u00ab\u202fContactez-nous\u202f\u00bb\/<\/strong><\/p>\n                                                                                                            <\/div>\n                    <\/div>\n                            <\/div>\n        <\/div>\n    <\/section>\n\n        <section class=\"contentSec\" style=\"display:\">\n        <div class=\"container\">\n            <div class=\"contentBlock\">\n                <h5>Informations importantes<\/h5>\n                <p>Enfants du Monde n\u2019envoie pas de b\u00e9n\u00e9voles sur le terrain. Nous travaillons exclusivement avec du personnel et des partenaires locaux. Les missions de b\u00e9n\u00e9volat sont propos\u00e9es uniquement au sein du bureau d&#8217;Enfants du Monde \u00e0 Gen\u00e8ve. Selon leur nature, elles peuvent \u00eatre r\u00e9alis\u00e9es en pr\u00e9sentiel ou \u00e0 distance par voie \u00e9lectronique (ex: traduction).<\/p>\n<p>En raison de nos ressources en personnel administratif limit\u00e9es, nous ne r\u00e9pondons pas aux offres de b\u00e9n\u00e9volat soumises par d&#8217;autres canaux que celui d\u00e9crit ci-dessus (via notre formulaire de contact en pr\u00e9cisant &#8220;B\u00e9n\u00e9volat&#8221; dans le champ Sujet de votre demande) ou pr\u00e9cis\u00e9 dans la description d\u00e9taill\u00e9e des activit\u00e9s r\u00e9guli\u00e8res.<\/p>\n                            <\/div>\n        <\/div>\n    <\/section>","protected":false},"excerpt":{"rendered":"","protected":false},"author":1,"featured_media":0,"parent":0,"menu_order":0,"comment_status":"closed","ping_status":"closed","template":"","meta":{"_acf_changed":false,"inline_featured_image":false,"footnotes":""},"class_list":["post-9172","page","type-page","status-publish","hentry"],"acf":[],"yoast_head":"<!-- This site is optimized with the Yoast SEO plugin v26.9 - https:\/\/yoast.com\/product\/yoast-seo-wordpress\/ -->\n<title>B\u00e9n\u00e9volat - Enfants du monde<\/title>\n<meta name=\"robots\" content=\"index, follow, max-snippet:-1, max-image-preview:large, max-video-preview:-1\" \/>\n<link rel=\"canonical\" href=\"https:\/\/edm.ch\/en\/benevolat\/\" \/>\n<meta property=\"og:locale\" content=\"en_US\" \/>\n<meta property=\"og:type\" content=\"article\" \/>\n<meta property=\"og:title\" content=\"B\u00e9n\u00e9volat - Enfants du monde\" \/>\n<meta property=\"og:url\" content=\"https:\/\/edm.ch\/en\/benevolat\/\" \/>\n<meta property=\"og:site_name\" content=\"Enfants du monde\" \/>\n<meta property=\"article:modified_time\" content=\"2023-08-29T08:01:37+00:00\" \/>\n<meta name=\"twitter:card\" content=\"summary_large_image\" \/>\n<script type=\"application\/ld+json\" class=\"yoast-schema-graph\">{\"@context\":\"https:\/\/schema.org\",\"@graph\":[{\"@type\":\"WebPage\",\"@id\":\"https:\/\/edm.ch\/en\/benevolat\/\",\"url\":\"https:\/\/edm.ch\/en\/benevolat\/\",\"name\":\"B\u00e9n\u00e9volat - Enfants du monde\",\"isPartOf\":{\"@id\":\"https:\/\/edm.ch\/en\/#website\"},\"datePublished\":\"2023-08-24T13:54:58+00:00\",\"dateModified\":\"2023-08-29T08:01:37+00:00\",\"inLanguage\":\"en-US\",\"potentialAction\":[{\"@type\":\"ReadAction\",\"target\":[\"https:\/\/edm.ch\/en\/benevolat\/\"]}]},{\"@type\":\"WebSite\",\"@id\":\"https:\/\/edm.ch\/en\/#website\",\"url\":\"https:\/\/edm.ch\/en\/\",\"name\":\"Enfants du monde\",\"description\":\"Association suisse\",\"potentialAction\":[{\"@type\":\"SearchAction\",\"target\":{\"@type\":\"EntryPoint\",\"urlTemplate\":\"https:\/\/edm.ch\/en\/?s={search_term_string}\"},\"query-input\":{\"@type\":\"PropertyValueSpecification\",\"valueRequired\":true,\"valueName\":\"search_term_string\"}}],\"inLanguage\":\"en-US\"}]}<\/script>\n<!-- \/ Yoast SEO plugin. -->","yoast_head_json":{"title":"B\u00e9n\u00e9volat - Enfants du monde","robots":{"index":"index","follow":"follow","max-snippet":"max-snippet:-1","max-image-preview":"max-image-preview:large","max-video-preview":"max-video-preview:-1"},"canonical":"https:\/\/edm.ch\/en\/benevolat\/","og_locale":"en_US","og_type":"article","og_title":"B\u00e9n\u00e9volat - Enfants du monde","og_url":"https:\/\/edm.ch\/en\/benevolat\/","og_site_name":"Enfants du monde","article_modified_time":"2023-08-29T08:01:37+00:00","twitter_card":"summary_large_image","schema":{"@context":"https:\/\/schema.org","@graph":[{"@type":"WebPage","@id":"https:\/\/edm.ch\/en\/benevolat\/","url":"https:\/\/edm.ch\/en\/benevolat\/","name":"B\u00e9n\u00e9volat - Enfants du monde","isPartOf":{"@id":"https:\/\/edm.ch\/en\/#website"},"datePublished":"2023-08-24T13:54:58+00:00","dateModified":"2023-08-29T08:01:37+00:00","inLanguage":"en-US","potentialAction":[{"@type":"ReadAction","target":["https:\/\/edm.ch\/en\/benevolat\/"]}]},{"@type":"WebSite","@id":"https:\/\/edm.ch\/en\/#website","url":"https:\/\/edm.ch\/en\/","name":"Enfants du monde","description":"Association suisse","potentialAction":[{"@type":"SearchAction","target":{"@type":"EntryPoint","urlTemplate":"https:\/\/edm.ch\/en\/?s={search_term_string}"},"query-input":{"@type":"PropertyValueSpecification","valueRequired":true,"valueName":"search_term_string"}}],"inLanguage":"en-US"}]}},"_links":{"self":[{"href":"https:\/\/edm.ch\/en\/wp-json\/wp\/v2\/pages\/9172","targetHints":{"allow":["GET"]}}],"collection":[{"href":"https:\/\/edm.ch\/en\/wp-json\/wp\/v2\/pages"}],"about":[{"href":"https:\/\/edm.ch\/en\/wp-json\/wp\/v2\/types\/page"}],"author":[{"embeddable":true,"href":"https:\/\/edm.ch\/en\/wp-json\/wp\/v2\/users\/1"}],"replies":[{"embeddable":true,"href":"https:\/\/edm.ch\/en\/wp-json\/wp\/v2\/comments?post=9172"}],"version-history":[{"count":10,"href":"https:\/\/edm.ch\/en\/wp-json\/wp\/v2\/pages\/9172\/revisions"}],"predecessor-version":[{"id":12590,"href":"https:\/\/edm.ch\/en\/wp-json\/wp\/v2\/pages\/9172\/revisions\/12590"}],"wp:attachment":[{"href":"https:\/\/edm.ch\/en\/wp-json\/wp\/v2\/media?parent=9172"}],"curies":[{"name":"wp","href":"https:\/\/api.w.org\/{rel}","templated":true}]}}