{"id":5388,"date":"2023-08-14T15:53:44","date_gmt":"2023-08-14T15:53:44","guid":{"rendered":"https:\/\/edm.ch\/?page_id=5388"},"modified":"2024-08-15T11:52:17","modified_gmt":"2024-08-15T11:52:17","slug":"health-mobile-app-panda","status":"publish","type":"page","link":"https:\/\/edm.ch\/en\/health-mobile-app-panda\/","title":{"rendered":"PANDA"},"content":{"rendered":"<section class=\"subpageBanner\" style=\"display:\">\n    <div class=\"subpageBannerBlock figure_block\">\n        <img decoding=\"async\" data-src=\"https:\/\/edm.ch\/wp-content\/uploads\/2023\/08\/Enfants_du_monde_website_image_banner_panda.png\" src=\"data:image\/svg+xml;base64,PHN2ZyB3aWR0aD0iMSIgaGVpZ2h0PSIxIiB4bWxucz0iaHR0cDovL3d3dy53My5vcmcvMjAwMC9zdmciPjwvc3ZnPg==\" class=\"lazyload\" style=\"--smush-placeholder-width: 2500px; --smush-placeholder-aspect-ratio: 2500\/800;\" data-srcset=\"https:\/\/edm.ch\/wp-content\/uploads\/2023\/08\/Enfants_du_monde_website_image_banner_panda.png 2500w, https:\/\/edm.ch\/wp-content\/uploads\/2023\/08\/Enfants_du_monde_website_image_banner_panda-300x96.png 300w, https:\/\/edm.ch\/wp-content\/uploads\/2023\/08\/Enfants_du_monde_website_image_banner_panda-1024x328.png 1024w, https:\/\/edm.ch\/wp-content\/uploads\/2023\/08\/Enfants_du_monde_website_image_banner_panda-768x246.png 768w, https:\/\/edm.ch\/wp-content\/uploads\/2023\/08\/Enfants_du_monde_website_image_banner_panda-1536x492.png 1536w, https:\/\/edm.ch\/wp-content\/uploads\/2023\/08\/Enfants_du_monde_website_image_banner_panda-2048x655.png 2048w\" data-sizes=\"auto\" data-original-sizes=\"(max-width: 2500px) 100vw, 2500px\" \/>\n        <div class=\"subpageBannerWrap\">\n            <div class=\"container\">\n                <div class=\"content\">\n                    <div>\n                        <span class=\"bannerHead\"><\/span>\n                        <h1>PANDA<\/h1>\n                    <\/div>\n                                            <div class=\"subpageBannerDocumentBtn\" style=\"display:none;\">\n                            <a href=\"javascript:void(0);\"\n                                class=\"documentAccordion documentListNew\">Related documents<\/a>\n                        <\/div>\n                                    <\/div>\n            <\/div>\n        <\/div>\n            <\/div>\n<\/section>\n    <section class=\"documentAccordionList\" id=\"subpage-banner-section\">\n        <div class=\"container\">\n            <h2>\n                Related documents            <\/h2>\n            <ul>\n                                    <li>\n                                                    <a href=\"https:\/\/edm.ch\/wp-content\/uploads\/2023\/08\/Apercu-du-projet-PANDA.pdf\" class=\"pdf-link\"><span><img decoding=\"async\" class=\"icon-before-hover lazyload\"\n                                        data-src=\"https:\/\/edm.ch\/wp-content\/themes\/edm\/assets\/images\/pdf-icon.svg\" src=\"data:image\/svg+xml;base64,PHN2ZyB3aWR0aD0iMSIgaGVpZ2h0PSIxIiB4bWxucz0iaHR0cDovL3d3dy53My5vcmcvMjAwMC9zdmciPjwvc3ZnPg==\"><img decoding=\"async\"\n                                        class=\"icon-after-hover lazyload\"\n                                        data-src=\"https:\/\/edm.ch\/wp-content\/themes\/edm\/assets\/images\/pdf-icon-white.svg\" src=\"data:image\/svg+xml;base64,PHN2ZyB3aWR0aD0iMSIgaGVpZ2h0PSIxIiB4bWxucz0iaHR0cDovL3d3dy53My5vcmcvMjAwMC9zdmciPjwvc3ZnPg==\"><\/span><i>PANDA product sheet<\/i><\/a>\n                                            <\/li>\n                                <\/ul>\n        <\/div>\n    <\/section>\n<script type=\"text\/javascript\">\n    jQuery(document).ready(function ($) {\n        \/\/ Check if the block exists\n        var bannerSection = $('#subpage-banner-section');\n\n        if (bannerSection.length > 0) {\n            \/\/ Move the block to the end of <main> just before the footer\n            $('main').append(bannerSection); \/\/ This will append it inside the <main> tag\n        }\n\n        $('.documentAccordion').on('click', function (e) {\n            e.preventDefault();  \/\/ Prevent default link action\n\n            \/\/ Target the section with the given ID\n            $('html, body').animate({\n                scrollTop: $('#subpage-banner-section').offset().top - 200\n            }, 1000);\n        });\n    });\n<\/script>\n\n        <section class=\"contentSec\" style=\"display:\">\n        <div class=\"container\">\n            <div class=\"contentBlock\">\n                <h5><\/h5>\n                <p>In the countries where we work, it is often difficult to access quality healthcare, and pregnant women still do not benefit from adequate monitoring of their pregnancies. One of the reasons for this is a <strong>lack of training and support for midwives, nurses, and auxiliary midwives<\/strong> working in rural areas. If complications are not detected in time, the lives of mothers and their babies can be put at risk.<\/p>\n<p>To try and remedy this problem, we have set up a telemedicine system with our partners.<\/p>\n                            <\/div>\n        <\/div>\n    <\/section>\n\n        <section class=\"contentSec\" style=\"display:\">\n        <div class=\"container\">\n            <div class=\"contentBlock\">\n                <h5><\/h5>\n                <h2>New technologies for expectant mothers<\/h2>\n<p>The PANDA (Pregnancy and Newborn Diagnostic Assessment) system consists of an application for tablets and smartphones and a database.<\/p>\n<p>Used by healthcare staff during consultations with pregnant women, it records all the stages of a prenatal visit and enables medical information to be gathered, screening tests to be conducted and awareness to be raised among expectant mothers. Visits are standardized, improving the quality of care.<\/p>\n<p><iframe title=\"Enfants du Monde - Sant\u00e9 maternelle et n\u00e9onatale - Syst\u00e8me de t\u00e9l\u00e9m\u00e9decine P.A.N.D.A.\" width=\"500\" height=\"281\" data-src=\"https:\/\/www.youtube.com\/embed\/34YZGsSql_o?feature=oembed\" frameborder=\"0\" allow=\"accelerometer; autoplay; clipboard-write; encrypted-media; gyroscope; picture-in-picture; web-share\" referrerpolicy=\"strict-origin-when-cross-origin\" allowfullscreen src=\"data:image\/svg+xml;base64,PHN2ZyB3aWR0aD0iMSIgaGVpZ2h0PSIxIiB4bWxucz0iaHR0cDovL3d3dy53My5vcmcvMjAwMC9zdmciPjwvc3ZnPg==\" class=\"lazyload\" data-load-mode=\"1\"><\/iframe><\/p>\n                            <\/div>\n        <\/div>\n    <\/section>\n\n\n    \n    <section class=\"rightTextLeftImg \" style=\"display:\">\n        <div class=\"container\">\n            <div class=\"rightTextLeftImgRow\">\n                                    <div class=\"left\">\n                                                    <div class=\"imgBlock\">\n                                <a class=\"figure_block\" href=\"https:\/\/edm.ch\/wp-content\/uploads\/2023\/08\/Enfants_du_monde_website_image_apercu_panda.png\" data-fancybox data-caption=\"\">\n                                    <img decoding=\"async\" data-src=\"https:\/\/edm.ch\/wp-content\/uploads\/2023\/08\/Enfants_du_monde_website_image_apercu_panda.png\" src=\"data:image\/svg+xml;base64,PHN2ZyB3aWR0aD0iMSIgaGVpZ2h0PSIxIiB4bWxucz0iaHR0cDovL3d3dy53My5vcmcvMjAwMC9zdmciPjwvc3ZnPg==\" class=\"lazyload\" style=\"--smush-placeholder-width: 1920px; --smush-placeholder-aspect-ratio: 1920\/1920;\" data-srcset=\"https:\/\/edm.ch\/wp-content\/uploads\/2023\/08\/Enfants_du_monde_website_image_apercu_panda.png 1920w, https:\/\/edm.ch\/wp-content\/uploads\/2023\/08\/Enfants_du_monde_website_image_apercu_panda-300x300.png 300w, https:\/\/edm.ch\/wp-content\/uploads\/2023\/08\/Enfants_du_monde_website_image_apercu_panda-1024x1024.png 1024w, https:\/\/edm.ch\/wp-content\/uploads\/2023\/08\/Enfants_du_monde_website_image_apercu_panda-150x150.png 150w, https:\/\/edm.ch\/wp-content\/uploads\/2023\/08\/Enfants_du_monde_website_image_apercu_panda-768x768.png 768w, https:\/\/edm.ch\/wp-content\/uploads\/2023\/08\/Enfants_du_monde_website_image_apercu_panda-1536x1536.png 1536w\" data-sizes=\"auto\" data-original-sizes=\"(max-width: 1920px) 100vw, 1920px\" \/>\n                                                                    <\/a>\n                                <figcaption><\/figcaption>\n                            <\/div>\n                                            <\/div>\n                                                    <div class=\"right\">\n                        <div class=\"content\">\n                            <h2>                                Identifying women at risk of complications <small><\/small>\n                            <\/h2>                                                            <p>During the antenatal visit to the health center, health staff enters data on the tablet relating to:<\/p>\n<ul>\n<li>Medical, surgical, and obstetric history<\/li>\n<li>Height, weight, temperature<\/li>\n<li>Blood pressure, Uterine height<\/li>\n<li>Syphilis, Malaria, HIV, Hb, Glucose<\/li>\n<\/ul>\n<p>It also uses the tablet to educate pregnant women about important health behaviors during pregnancy.<\/p>\n<p>The data is then transmitted to the medical unit at the district hospital, enabling all pregnant women to be monitored particularly those at risk of complications.<\/p>\n                                                                                                            <\/div>\n                    <\/div>\n                            <\/div>\n        <\/div>\n    <\/section>\n\n\n<div class=\"container text-center loadMoreSection\">\n    <button onclick=\"loadMoreSection()\" class=\"btnBlue open_button loadmorebtn\">Read more<\/button>\n    <button onclick=\"loadMoreSection()\" class=\"btnBlue close_button loadmorebtn\">Close<\/button>\n<\/div>\n\n\n        <section class=\"show_on_loadmore contentSec\" style=\"display:none \">\n        <div class=\"container\">\n            <div class=\"contentBlock\">\n                <h5>Technical information and prerequisites for using PANDA<\/h5>\n                <p>The PANDA system is based on an Android application and a remote information storage system.<\/p>\n<ul>\n<li>appPANDA application: can be downloaded to a smartphone or tablet from Play Store &#8211; minimum Android 4.0 version required<\/li>\n<li>Medical Unit database: Java language &#8211; data encrypted and accessible only with secure access (password and username); various levels of secure access<\/li>\n<li>Server: Microsoft Azure hosted in Europe<\/li>\n<\/ul>\n<p>&nbsp;<\/p>\n<p><strong>Publications<\/strong><\/p>\n<ul>\n<li><a href=\"https:\/\/journals.sagepub.com\/doi\/10.1177\/1357633X16653540\">Pilot study in Madagascar\u00a0<\/a><\/li>\n<li><a href=\"https:\/\/link.springer.com\/article\/10.1007\/s10903-017-0669-2\">A Feasibility Study in an Italian Hosting Center for Asylum Seekers<\/a><\/li>\n<li><a href=\"https:\/\/bmcpregnancychildbirth.biomedcentral.com\/articles\/10.1186\/s12884-018-1664-x\">Cross-sectional survey of knowledge of obstetric danger signs among women in rural Madagascar<\/a><\/li>\n<\/ul>\n                            <\/div>\n        <\/div>\n    <\/section>\n\n        <section class=\"contentSec\" style=\"display:\">\n        <div class=\"container\">\n            <div class=\"contentBlock\">\n                <h5> What makes us different<\/h5>\n                <ul>\n<li>The risk of errors by healthcare staff is reduced by <strong>standardizing the stages of antenatal care.<\/strong><\/li>\n<li>Pregnancy-related complications and emergencies are<strong> identified in good time.<\/strong><\/li>\n<li><strong>Better communication<\/strong> between the health worker, the pregnant woman, and those accompanying her.<\/li>\n<li>Healthcare providers are <strong>supervised and coached remotely<\/strong><\/li>\n<li><strong>A computerized patient<\/strong> file is automatically created for each pregnant woman.<\/li>\n<li>The management of equipment and inputs for antenatal care is ensured.<\/li>\n<li>Mapping of pregnant women according to their geographical location, stage of pregnancy, and risks<\/li>\n<li>Epidemiological analyses<\/li>\n<\/ul>\n                            <\/div>\n        <\/div>\n    <\/section>\n\n\n    <section class=\" imageSec\" style=\"display:\">\n      <div class=\"container\">\n        <figure>\n          <img decoding=\"async\" data-src=\"https:\/\/edm.ch\/wp-content\/uploads\/2023\/08\/PANDA-scaled.jpg\" src=\"data:image\/svg+xml;base64,PHN2ZyB3aWR0aD0iMSIgaGVpZ2h0PSIxIiB4bWxucz0iaHR0cDovL3d3dy53My5vcmcvMjAwMC9zdmciPjwvc3ZnPg==\" class=\"lazyload\" style=\"--smush-placeholder-width: 2560px; --smush-placeholder-aspect-ratio: 2560\/1703;\" data-srcset=\"https:\/\/edm.ch\/wp-content\/uploads\/2023\/08\/PANDA-scaled.jpg 2560w, https:\/\/edm.ch\/wp-content\/uploads\/2023\/08\/PANDA-300x200.jpg 300w, https:\/\/edm.ch\/wp-content\/uploads\/2023\/08\/PANDA-1024x681.jpg 1024w, https:\/\/edm.ch\/wp-content\/uploads\/2023\/08\/PANDA-768x511.jpg 768w, https:\/\/edm.ch\/wp-content\/uploads\/2023\/08\/PANDA-1536x1022.jpg 1536w, https:\/\/edm.ch\/wp-content\/uploads\/2023\/08\/PANDA-2048x1362.jpg 2048w\" data-sizes=\"auto\" data-original-sizes=\"(max-width: 2560px) 100vw, 2560px\">\n        <\/figure>\n      <\/div>\n    <\/section>\n\n\n    \n    <section class=\"quoteImage rightTextLeftImg \" style=\"display:\">\n        <div class=\"container\">\n            <div class=\"rightTextLeftImgRow\">\n                                    <div class=\"left\">\n                                                    <div class=\"imgBlock\">\n                                <a class=\"figure_block\" href=\"https:\/\/edm.ch\/wp-content\/uploads\/2023\/08\/Enfants_du_monde_website_image_apercu_panda_Giovanna-Stancanelli.jpg\" data-fancybox data-caption=\"\">\n                                    <img decoding=\"async\" data-src=\"https:\/\/edm.ch\/wp-content\/uploads\/2023\/08\/Enfants_du_monde_website_image_apercu_panda_Giovanna-Stancanelli.jpg\" src=\"data:image\/svg+xml;base64,PHN2ZyB3aWR0aD0iMSIgaGVpZ2h0PSIxIiB4bWxucz0iaHR0cDovL3d3dy53My5vcmcvMjAwMC9zdmciPjwvc3ZnPg==\" class=\"lazyload\" style=\"--smush-placeholder-width: 500px; --smush-placeholder-aspect-ratio: 500\/281;\" data-srcset=\"https:\/\/edm.ch\/wp-content\/uploads\/2023\/08\/Enfants_du_monde_website_image_apercu_panda_Giovanna-Stancanelli.jpg 500w, https:\/\/edm.ch\/wp-content\/uploads\/2023\/08\/Enfants_du_monde_website_image_apercu_panda_Giovanna-Stancanelli-300x169.jpg 300w\" data-sizes=\"auto\" data-original-sizes=\"(max-width: 500px) 100vw, 500px\" \/>\n                                                                    <\/a>\n                                <figcaption><\/figcaption>\n                            <\/div>\n                                            <\/div>\n                                                    <div class=\"right\">\n                        <div class=\"content\">\n                            <h2>                                Giovanna Stancanelli, <small>designer of PANDA : <\/small>\n                            <\/h2>                            <div class=\"quote\">                                <p>PANDA contributes to the standardization of antenatal care by WHO guidelines. This is the sine qua non for ensuring high-quality visits.<\/p>\n                            <\/div>                                                                                <\/div>\n                    <\/div>\n                            <\/div>\n        <\/div>\n    <\/section>\n\n\n    <section class=\"donation_count\" style=\"display:\">\n        <div class=\"inner_row\">\n            <div class=\"right_img_block\">\n                <div class=\"img_block figure_block\">\n                    <img decoding=\"async\" data-src=\"https:\/\/edm.ch\/wp-content\/uploads\/2023\/08\/Enfants_du_monde_website_image_RS6526_Bangladesh_femme_1920.png\" alt=\"\" src=\"data:image\/svg+xml;base64,PHN2ZyB3aWR0aD0iMSIgaGVpZ2h0PSIxIiB4bWxucz0iaHR0cDovL3d3dy53My5vcmcvMjAwMC9zdmciPjwvc3ZnPg==\" class=\"lazyload\" style=\"--smush-placeholder-width: 1920px; --smush-placeholder-aspect-ratio: 1920\/1920;\" data-srcset=\"https:\/\/edm.ch\/wp-content\/uploads\/2023\/08\/Enfants_du_monde_website_image_RS6526_Bangladesh_femme_1920.png 1920w, https:\/\/edm.ch\/wp-content\/uploads\/2023\/08\/Enfants_du_monde_website_image_RS6526_Bangladesh_femme_1920-300x300.png 300w, https:\/\/edm.ch\/wp-content\/uploads\/2023\/08\/Enfants_du_monde_website_image_RS6526_Bangladesh_femme_1920-1024x1024.png 1024w, https:\/\/edm.ch\/wp-content\/uploads\/2023\/08\/Enfants_du_monde_website_image_RS6526_Bangladesh_femme_1920-150x150.png 150w, https:\/\/edm.ch\/wp-content\/uploads\/2023\/08\/Enfants_du_monde_website_image_RS6526_Bangladesh_femme_1920-768x768.png 768w, https:\/\/edm.ch\/wp-content\/uploads\/2023\/08\/Enfants_du_monde_website_image_RS6526_Bangladesh_femme_1920-1536x1536.png 1536w\" data-sizes=\"auto\" data-original-sizes=\"(max-width: 1920px) 100vw, 1920px\">\n                                            <div class=\"picture-caption\">\n                            <div class=\"caption-content\"><span>Enfants du Monde<\/span><\/div>\n                        <\/div>\n                                    <\/div>\n            <\/div>\n            <div class=\"left_txt_block\">\n                <div class=\"txt_contents\">\n                    <h3>My donation makes a difference<\/h3>\n                    <div class=\"block_txts\">\n                                                    <div class=\"item\">\n                                <span class=\"title\">For example : <\/span>\n                                <p><\/p>\n                            <\/div>\n                                                    <div class=\"item\">\n                                <span class=\"title\">With 60 francs : <\/span>\n                                <p>I offer birth preparation training to 11 pregnant women in Madagasacar.<\/p>\n                            <\/div>\n                                                    <div class=\"item\">\n                                <span class=\"title\">With 100 francs : <\/span>\n                                <p>I inform 500 pregnant women and their husbands in Bangladesh about the dangers to newborn babies.<\/p>\n                            <\/div>\n                                                    <div class=\"item\">\n                                <span class=\"title\">With 150 francs :  <\/span>\n                                <p>I enable two nurses in Nepal to receive ongoing professional training, so they can provide respectful care to pregnant women and their babies.<\/p>\n                            <\/div>\n                                                                            <a href=\"https:\/\/don.edm.ch\/en\" class=\"btnWhite buttonDonation\">\n                                DONATE                            <\/a>\n                                            <\/div>\n                <\/div>\n            <\/div>\n        <\/div>\n    <\/section>","protected":false},"excerpt":{"rendered":"","protected":false},"author":3,"featured_media":0,"parent":0,"menu_order":0,"comment_status":"closed","ping_status":"closed","template":"templates\/yellow-line-1.php","meta":{"_acf_changed":false,"inline_featured_image":false,"footnotes":""},"class_list":["post-5388","page","type-page","status-publish","hentry"],"acf":[],"yoast_head":"<!-- This site is optimized with the Yoast SEO plugin v26.9 - https:\/\/yoast.com\/product\/yoast-seo-wordpress\/ -->\n<title>Health mobile - PANDA - Enfants du Monde<\/title>\n<meta name=\"description\" content=\"The PANDA is a system used by healthcare staff during consultations with pregnant women, it records all the stages of a prenatal visit.The PANDA is a system used by healthcare staff during consultations with pregnant women, it records all the stages of a prenatal visit.\" \/>\n<meta name=\"robots\" content=\"index, follow, max-snippet:-1, max-image-preview:large, max-video-preview:-1\" \/>\n<link rel=\"canonical\" href=\"https:\/\/edm.ch\/en\/health-mobile-app-panda\/\" \/>\n<meta property=\"og:locale\" content=\"en_US\" \/>\n<meta property=\"og:type\" content=\"article\" \/>\n<meta property=\"og:title\" content=\"Health mobile - PANDA - Enfants du Monde\" \/>\n<meta property=\"og:description\" content=\"The PANDA is a system used by healthcare staff during consultations with pregnant women, it records all the stages of a prenatal visit.The PANDA is a system used by healthcare staff during consultations with pregnant women, it records all the stages of a prenatal visit.\" \/>\n<meta property=\"og:url\" content=\"https:\/\/edm.ch\/en\/health-mobile-app-panda\/\" \/>\n<meta property=\"og:site_name\" content=\"Enfants du monde\" \/>\n<meta property=\"article:modified_time\" content=\"2024-08-15T11:52:17+00:00\" \/>\n<meta name=\"twitter:card\" content=\"summary_large_image\" \/>\n<script type=\"application\/ld+json\" class=\"yoast-schema-graph\">{\"@context\":\"https:\/\/schema.org\",\"@graph\":[{\"@type\":\"WebPage\",\"@id\":\"https:\/\/edm.ch\/en\/health-mobile-app-panda\/\",\"url\":\"https:\/\/edm.ch\/en\/health-mobile-app-panda\/\",\"name\":\"Health mobile - PANDA - Enfants du Monde\",\"isPartOf\":{\"@id\":\"https:\/\/edm.ch\/en\/#website\"},\"datePublished\":\"2023-08-14T15:53:44+00:00\",\"dateModified\":\"2024-08-15T11:52:17+00:00\",\"description\":\"The PANDA is a system used by healthcare staff during consultations with pregnant women, it records all the stages of a prenatal visit.The PANDA is a system used by healthcare staff during consultations with pregnant women, it records all the stages of a prenatal visit.\",\"inLanguage\":\"en-US\",\"potentialAction\":[{\"@type\":\"ReadAction\",\"target\":[\"https:\/\/edm.ch\/en\/health-mobile-app-panda\/\"]}]},{\"@type\":\"WebSite\",\"@id\":\"https:\/\/edm.ch\/en\/#website\",\"url\":\"https:\/\/edm.ch\/en\/\",\"name\":\"Enfants du monde\",\"description\":\"Association suisse\",\"potentialAction\":[{\"@type\":\"SearchAction\",\"target\":{\"@type\":\"EntryPoint\",\"urlTemplate\":\"https:\/\/edm.ch\/en\/?s={search_term_string}\"},\"query-input\":{\"@type\":\"PropertyValueSpecification\",\"valueRequired\":true,\"valueName\":\"search_term_string\"}}],\"inLanguage\":\"en-US\"}]}<\/script>\n<!-- \/ Yoast SEO plugin. -->","yoast_head_json":{"title":"Health mobile - PANDA - Enfants du Monde","description":"The PANDA is a system used by healthcare staff during consultations with pregnant women, it records all the stages of a prenatal visit.The PANDA is a system used by healthcare staff during consultations with pregnant women, it records all the stages of a prenatal visit.","robots":{"index":"index","follow":"follow","max-snippet":"max-snippet:-1","max-image-preview":"max-image-preview:large","max-video-preview":"max-video-preview:-1"},"canonical":"https:\/\/edm.ch\/en\/health-mobile-app-panda\/","og_locale":"en_US","og_type":"article","og_title":"Health mobile - PANDA - Enfants du Monde","og_description":"The PANDA is a system used by healthcare staff during consultations with pregnant women, it records all the stages of a prenatal visit.The PANDA is a system used by healthcare staff during consultations with pregnant women, it records all the stages of a prenatal visit.","og_url":"https:\/\/edm.ch\/en\/health-mobile-app-panda\/","og_site_name":"Enfants du monde","article_modified_time":"2024-08-15T11:52:17+00:00","twitter_card":"summary_large_image","schema":{"@context":"https:\/\/schema.org","@graph":[{"@type":"WebPage","@id":"https:\/\/edm.ch\/en\/health-mobile-app-panda\/","url":"https:\/\/edm.ch\/en\/health-mobile-app-panda\/","name":"Health mobile - PANDA - Enfants du Monde","isPartOf":{"@id":"https:\/\/edm.ch\/en\/#website"},"datePublished":"2023-08-14T15:53:44+00:00","dateModified":"2024-08-15T11:52:17+00:00","description":"The PANDA is a system used by healthcare staff during consultations with pregnant women, it records all the stages of a prenatal visit.The PANDA is a system used by healthcare staff during consultations with pregnant women, it records all the stages of a prenatal visit.","inLanguage":"en-US","potentialAction":[{"@type":"ReadAction","target":["https:\/\/edm.ch\/en\/health-mobile-app-panda\/"]}]},{"@type":"WebSite","@id":"https:\/\/edm.ch\/en\/#website","url":"https:\/\/edm.ch\/en\/","name":"Enfants du monde","description":"Association suisse","potentialAction":[{"@type":"SearchAction","target":{"@type":"EntryPoint","urlTemplate":"https:\/\/edm.ch\/en\/?s={search_term_string}"},"query-input":{"@type":"PropertyValueSpecification","valueRequired":true,"valueName":"search_term_string"}}],"inLanguage":"en-US"}]}},"_links":{"self":[{"href":"https:\/\/edm.ch\/en\/wp-json\/wp\/v2\/pages\/5388","targetHints":{"allow":["GET"]}}],"collection":[{"href":"https:\/\/edm.ch\/en\/wp-json\/wp\/v2\/pages"}],"about":[{"href":"https:\/\/edm.ch\/en\/wp-json\/wp\/v2\/types\/page"}],"author":[{"embeddable":true,"href":"https:\/\/edm.ch\/en\/wp-json\/wp\/v2\/users\/3"}],"replies":[{"embeddable":true,"href":"https:\/\/edm.ch\/en\/wp-json\/wp\/v2\/comments?post=5388"}],"version-history":[{"count":18,"href":"https:\/\/edm.ch\/en\/wp-json\/wp\/v2\/pages\/5388\/revisions"}],"predecessor-version":[{"id":32070,"href":"https:\/\/edm.ch\/en\/wp-json\/wp\/v2\/pages\/5388\/revisions\/32070"}],"wp:attachment":[{"href":"https:\/\/edm.ch\/en\/wp-json\/wp\/v2\/media?parent=5388"}],"curies":[{"name":"wp","href":"https:\/\/api.w.org\/{rel}","templated":true}]}}