{"id":9095,"date":"2023-08-20T09:32:55","date_gmt":"2023-08-20T09:32:55","guid":{"rendered":"https:\/\/edm.ch\/?page_id=9095"},"modified":"2025-07-10T08:23:37","modified_gmt":"2025-07-10T08:23:37","slug":"vorstand-enfants-du-monde","status":"publish","type":"page","link":"https:\/\/edm.ch\/de\/vorstand-enfants-du-monde\/","title":{"rendered":"Vorstand"},"content":{"rendered":"<section class=\"subpageBanner\" style=\"display:\">\n    <div class=\"subpageBannerBlock figure_block\">\n        <img decoding=\"async\" data-src=\"https:\/\/edm.ch\/wp-content\/uploads\/2023\/12\/Enfants_du_Monde_comite_banner_2.png\" src=\"data:image\/svg+xml;base64,PHN2ZyB3aWR0aD0iMSIgaGVpZ2h0PSIxIiB4bWxucz0iaHR0cDovL3d3dy53My5vcmcvMjAwMC9zdmciPjwvc3ZnPg==\" class=\"lazyload\" style=\"--smush-placeholder-width: 2500px; --smush-placeholder-aspect-ratio: 2500\/1080;\" data-srcset=\"https:\/\/edm.ch\/wp-content\/uploads\/2023\/12\/Enfants_du_Monde_comite_banner_2.png 2500w, https:\/\/edm.ch\/wp-content\/uploads\/2023\/12\/Enfants_du_Monde_comite_banner_2-300x130.png 300w, https:\/\/edm.ch\/wp-content\/uploads\/2023\/12\/Enfants_du_Monde_comite_banner_2-1024x442.png 1024w, https:\/\/edm.ch\/wp-content\/uploads\/2023\/12\/Enfants_du_Monde_comite_banner_2-768x332.png 768w, https:\/\/edm.ch\/wp-content\/uploads\/2023\/12\/Enfants_du_Monde_comite_banner_2-1536x664.png 1536w, https:\/\/edm.ch\/wp-content\/uploads\/2023\/12\/Enfants_du_Monde_comite_banner_2-2048x885.png 2048w\" data-sizes=\"auto\" data-original-sizes=\"(max-width: 2500px) 100vw, 2500px\" \/>\n        <div class=\"subpageBannerWrap\">\n            <div class=\"container\">\n                <div class=\"content\">\n                    <div>\n                        <span class=\"bannerHead\"><\/span>\n                        <h1>Vorstand<\/h1>\n                    <\/div>\n                                            <div class=\"subpageBannerDocumentBtn\" style=\"display:none;\">\n                            <a href=\"javascript:void(0);\"\n                                class=\"documentAccordion documentListNew\">Verwandte Dokumente<\/a>\n                        <\/div>\n                                    <\/div>\n            <\/div>\n        <\/div>\n            <\/div>\n<\/section>\n    <section class=\"documentAccordionList\" id=\"subpage-banner-section\">\n        <div class=\"container\">\n            <h2>\n                Verwandte Dokumente            <\/h2>\n            <ul>\n                                    <li>\n                                            <\/li>\n                                <\/ul>\n        <\/div>\n    <\/section>\n<script type=\"text\/javascript\">\n    jQuery(document).ready(function ($) {\n        \/\/ Check if the block exists\n        var bannerSection = $('#subpage-banner-section');\n\n        if (bannerSection.length > 0) {\n            \/\/ Move the block to the end of <main> just before the footer\n            $('main').append(bannerSection); \/\/ This will append it inside the <main> tag\n        }\n\n        $('.documentAccordion').on('click', function (e) {\n            e.preventDefault();  \/\/ Prevent default link action\n\n            \/\/ Target the section with the given ID\n            $('html, body').animate({\n                scrollTop: $('#subpage-banner-section').offset().top - 200\n            }, 1000);\n        });\n    });\n<\/script>\n\n        <section class=\"contentSec\" style=\"display:\">\n        <div class=\"container\">\n            <div class=\"contentBlock\">\n                <h5><\/h5>\n                <p>Der von der Generalversammlung gew\u00e4hlte Vorstand ist das F\u00fchrungsorgan der Organisation und setzt sich aus Pers\u00f6nlichkeiten zusammen, welche die politische, kulturelle und sprachliche Vielfalt der Schweiz repr\u00e4sentieren. Der Vorstand leitet die Organisation im Einklang mit ihrer Mission. Die Mitglieder engagieren sich ehrenamtlich.<\/p>\n                            <\/div>\n        <\/div>\n    <\/section>\n\n  <section class=\"teamSec \" style=\"display:\">\n  \n\n        <div class=\"container\">\n          <h2><\/h2>\n          <div class=\"teamWrap\">\n                                        <div class=\"teamBlock\">\n            <div class=\"teamBox\">\n              <figure>\n                <img decoding=\"async\" data-src=\"https:\/\/edm.ch\/wp-content\/uploads\/2024\/07\/Nouveau-site_Carre7.png\" src=\"data:image\/svg+xml;base64,PHN2ZyB3aWR0aD0iMSIgaGVpZ2h0PSIxIiB4bWxucz0iaHR0cDovL3d3dy53My5vcmcvMjAwMC9zdmciPjwvc3ZnPg==\" class=\"lazyload\" style=\"--smush-placeholder-width: 1920px; --smush-placeholder-aspect-ratio: 1920\/1920;\" data-srcset=\"https:\/\/edm.ch\/wp-content\/uploads\/2024\/07\/Nouveau-site_Carre7.png 1920w, https:\/\/edm.ch\/wp-content\/uploads\/2024\/07\/Nouveau-site_Carre7-300x300.png 300w, https:\/\/edm.ch\/wp-content\/uploads\/2024\/07\/Nouveau-site_Carre7-1024x1024.png 1024w, https:\/\/edm.ch\/wp-content\/uploads\/2024\/07\/Nouveau-site_Carre7-150x150.png 150w, https:\/\/edm.ch\/wp-content\/uploads\/2024\/07\/Nouveau-site_Carre7-768x768.png 768w, https:\/\/edm.ch\/wp-content\/uploads\/2024\/07\/Nouveau-site_Carre7-1536x1536.png 1536w\" data-sizes=\"auto\" data-original-sizes=\"(max-width: 1920px) 100vw, 1920px\">\n              <\/figure>\n              <div class=\"content\">\n                <h3>Robert Thomson, Pr\u00e4sident<\/h3>\n                <p><p>Wissenschaftlicher Spezialist, ehemaliger Gesundheitsberater von Institutionen wie der Weltgesundheitsorganisation (WHO) und der Schweizer Direktion f\u00fcr Entwicklung und Zusammenarbeit (DEZA).<\/p>\n <\/p>\n                <h3><\/h3>\n                <p> <\/p>\n                              <\/div>\n\n            <\/div>\n          <\/div>\n                    <div class=\"teamBlock\">\n            <div class=\"teamBox\">\n              <figure>\n                <img decoding=\"async\" data-src=\"https:\/\/edm.ch\/wp-content\/uploads\/2024\/10\/Nouveau-site_Carre9.png\" src=\"data:image\/svg+xml;base64,PHN2ZyB3aWR0aD0iMSIgaGVpZ2h0PSIxIiB4bWxucz0iaHR0cDovL3d3dy53My5vcmcvMjAwMC9zdmciPjwvc3ZnPg==\" class=\"lazyload\" style=\"--smush-placeholder-width: 1920px; --smush-placeholder-aspect-ratio: 1920\/1920;\" data-srcset=\"https:\/\/edm.ch\/wp-content\/uploads\/2024\/10\/Nouveau-site_Carre9.png 1920w, https:\/\/edm.ch\/wp-content\/uploads\/2024\/10\/Nouveau-site_Carre9-300x300.png 300w, https:\/\/edm.ch\/wp-content\/uploads\/2024\/10\/Nouveau-site_Carre9-1024x1024.png 1024w, https:\/\/edm.ch\/wp-content\/uploads\/2024\/10\/Nouveau-site_Carre9-150x150.png 150w, https:\/\/edm.ch\/wp-content\/uploads\/2024\/10\/Nouveau-site_Carre9-768x768.png 768w, https:\/\/edm.ch\/wp-content\/uploads\/2024\/10\/Nouveau-site_Carre9-1536x1536.png 1536w\" data-sizes=\"auto\" data-original-sizes=\"(max-width: 1920px) 100vw, 1920px\">\n              <\/figure>\n              <div class=\"content\">\n                <h3>Jean-Fran\u00e7ois Cu\u00e9nod, Vizepr\u00e4sident<\/h3>\n                <p><p>Ehemaliger Angestellter der der Schweizer Direktion f\u00fcr Entwicklung und Zusammenarbeit (DEZA).<\/p>\n <\/p>\n                <h3><\/h3>\n                <p> <\/p>\n                              <\/div>\n\n            <\/div>\n          <\/div>\n                    <div class=\"teamBlock\">\n            <div class=\"teamBox\">\n              <figure>\n                <img decoding=\"async\" data-src=\"https:\/\/edm.ch\/wp-content\/uploads\/2023\/08\/51.png\" src=\"data:image\/svg+xml;base64,PHN2ZyB3aWR0aD0iMSIgaGVpZ2h0PSIxIiB4bWxucz0iaHR0cDovL3d3dy53My5vcmcvMjAwMC9zdmciPjwvc3ZnPg==\" class=\"lazyload\" style=\"--smush-placeholder-width: 560px; --smush-placeholder-aspect-ratio: 560\/560;\" data-srcset=\"https:\/\/edm.ch\/wp-content\/uploads\/2023\/08\/51.png 560w, https:\/\/edm.ch\/wp-content\/uploads\/2023\/08\/51-300x300.png 300w, https:\/\/edm.ch\/wp-content\/uploads\/2023\/08\/51-150x150.png 150w\" data-sizes=\"auto\" data-original-sizes=\"(max-width: 560px) 100vw, 560px\">\n              <\/figure>\n              <div class=\"content\">\n                <h3>Rosemarie Lausselet, Vizepr\u00e4sidentin<\/h3>\n                <p><p>Ausbilderin; ehemalige Beraterin f\u00fcr Bildung und Management von Entwicklungsprojekten f\u00fcr die Schweizer Entwicklungszusammenarbeit<\/p>\n <\/p>\n                <h3><\/h3>\n                <p> <\/p>\n                              <\/div>\n\n            <\/div>\n          <\/div>\n                    <div class=\"teamBlock\">\n            <div class=\"teamBox\">\n              <figure>\n                <img decoding=\"async\" data-src=\"https:\/\/edm.ch\/wp-content\/uploads\/2023\/08\/47.png\" src=\"data:image\/svg+xml;base64,PHN2ZyB3aWR0aD0iMSIgaGVpZ2h0PSIxIiB4bWxucz0iaHR0cDovL3d3dy53My5vcmcvMjAwMC9zdmciPjwvc3ZnPg==\" class=\"lazyload\" style=\"--smush-placeholder-width: 560px; --smush-placeholder-aspect-ratio: 560\/560;\" data-srcset=\"https:\/\/edm.ch\/wp-content\/uploads\/2023\/08\/47.png 560w, https:\/\/edm.ch\/wp-content\/uploads\/2023\/08\/47-300x300.png 300w, https:\/\/edm.ch\/wp-content\/uploads\/2023\/08\/47-150x150.png 150w\" data-sizes=\"auto\" data-original-sizes=\"(max-width: 560px) 100vw, 560px\">\n              <\/figure>\n              <div class=\"content\">\n                <h3>Jean-Paul Nussbaumer, Schatzmeister<\/h3>\n                <p><p>Doktor der technischen Wissenschaften, EPFL-Ingenieur f\u00fcr Informatik, derzeit kaufm\u00e4nnischer Leiter eines multinationalen Technologieunternehmens.<\/p>\n<p>Vizepr\u00e4sident und General Manager, Dell Technologies.<\/p>\n <\/p>\n                <h3><\/h3>\n                <p> <\/p>\n                              <\/div>\n\n            <\/div>\n          <\/div>\n                    <div class=\"teamBlock\">\n            <div class=\"teamBox\">\n              <figure>\n                <img decoding=\"async\" data-src=\"https:\/\/edm.ch\/wp-content\/uploads\/2023\/08\/49.png\" src=\"data:image\/svg+xml;base64,PHN2ZyB3aWR0aD0iMSIgaGVpZ2h0PSIxIiB4bWxucz0iaHR0cDovL3d3dy53My5vcmcvMjAwMC9zdmciPjwvc3ZnPg==\" class=\"lazyload\" style=\"--smush-placeholder-width: 560px; --smush-placeholder-aspect-ratio: 560\/560;\" data-srcset=\"https:\/\/edm.ch\/wp-content\/uploads\/2023\/08\/49.png 560w, https:\/\/edm.ch\/wp-content\/uploads\/2023\/08\/49-300x300.png 300w, https:\/\/edm.ch\/wp-content\/uploads\/2023\/08\/49-150x150.png 150w\" data-sizes=\"auto\" data-original-sizes=\"(max-width: 560px) 100vw, 560px\">\n              <\/figure>\n              <div class=\"content\">\n                <h3>Laurent Guye<\/h3>\n                <p><p>Ehemaliger Schweizer Botschafter in Kirgisistan<\/p>\n <\/p>\n                <h3><\/h3>\n                <p> <\/p>\n                              <\/div>\n\n            <\/div>\n          <\/div>\n                    <div class=\"teamBlock\">\n            <div class=\"teamBox\">\n              <figure>\n                <img decoding=\"async\" data-src=\"https:\/\/edm.ch\/wp-content\/uploads\/2023\/08\/46.png\" src=\"data:image\/svg+xml;base64,PHN2ZyB3aWR0aD0iMSIgaGVpZ2h0PSIxIiB4bWxucz0iaHR0cDovL3d3dy53My5vcmcvMjAwMC9zdmciPjwvc3ZnPg==\" class=\"lazyload\" style=\"--smush-placeholder-width: 560px; --smush-placeholder-aspect-ratio: 560\/560;\" data-srcset=\"https:\/\/edm.ch\/wp-content\/uploads\/2023\/08\/46.png 560w, https:\/\/edm.ch\/wp-content\/uploads\/2023\/08\/46-300x300.png 300w, https:\/\/edm.ch\/wp-content\/uploads\/2023\/08\/46-150x150.png 150w\" data-sizes=\"auto\" data-original-sizes=\"(max-width: 560px) 100vw, 560px\">\n              <\/figure>\n              <div class=\"content\">\n                <h3>Louis Loutan<\/h3>\n                <p><p>Facharzt f\u00fcr Innere Medizin, Tropenmedizin und \u00f6ffentliche Gesundheit; Gr\u00fcnder der Abteilung f\u00fcr Tropen- und humanit\u00e4re Medizin am Universit\u00e4tsspital Genf<\/p>\n <\/p>\n                <h3><\/h3>\n                <p> <\/p>\n                              <\/div>\n\n            <\/div>\n          <\/div>\n                    <div class=\"teamBlock\">\n            <div class=\"teamBox\">\n              <figure>\n                <img decoding=\"async\" data-src=\"https:\/\/edm.ch\/wp-content\/uploads\/2023\/08\/52.png\" src=\"data:image\/svg+xml;base64,PHN2ZyB3aWR0aD0iMSIgaGVpZ2h0PSIxIiB4bWxucz0iaHR0cDovL3d3dy53My5vcmcvMjAwMC9zdmciPjwvc3ZnPg==\" class=\"lazyload\" style=\"--smush-placeholder-width: 560px; --smush-placeholder-aspect-ratio: 560\/560;\" data-srcset=\"https:\/\/edm.ch\/wp-content\/uploads\/2023\/08\/52.png 560w, https:\/\/edm.ch\/wp-content\/uploads\/2023\/08\/52-300x300.png 300w, https:\/\/edm.ch\/wp-content\/uploads\/2023\/08\/52-150x150.png 150w\" data-sizes=\"auto\" data-original-sizes=\"(max-width: 560px) 100vw, 560px\">\n              <\/figure>\n              <div class=\"content\">\n                <h3>Jacques Mader<\/h3>\n                <p><p>Gesundheitsfachmann, der zahlreiche Funktionen in der Schweiz und auf internationaler Ebene ausge\u00fcbt hat. Ehemaliger Co-Direktor des globalen Gesundheitsprogramms der Schweizer Direktion f\u00fcr Entwicklung und Zusammenarbeit.<\/p>\n <\/p>\n                <h3><\/h3>\n                <p> <\/p>\n                              <\/div>\n\n            <\/div>\n          <\/div>\n                    <div class=\"teamBlock\">\n            <div class=\"teamBox\">\n              <figure>\n                <img decoding=\"async\" data-src=\"https:\/\/edm.ch\/wp-content\/uploads\/2023\/08\/50.png\" src=\"data:image\/svg+xml;base64,PHN2ZyB3aWR0aD0iMSIgaGVpZ2h0PSIxIiB4bWxucz0iaHR0cDovL3d3dy53My5vcmcvMjAwMC9zdmciPjwvc3ZnPg==\" class=\"lazyload\" style=\"--smush-placeholder-width: 560px; --smush-placeholder-aspect-ratio: 560\/560;\" data-srcset=\"https:\/\/edm.ch\/wp-content\/uploads\/2023\/08\/50.png 560w, https:\/\/edm.ch\/wp-content\/uploads\/2023\/08\/50-300x300.png 300w, https:\/\/edm.ch\/wp-content\/uploads\/2023\/08\/50-150x150.png 150w\" data-sizes=\"auto\" data-original-sizes=\"(max-width: 560px) 100vw, 560px\">\n              <\/figure>\n              <div class=\"content\">\n                <h3>Verena Szabo<\/h3>\n                <p><p>Journalistin und Produzentin beim Schweizer Radio und Fernsehen<\/p>\n <\/p>\n                <h3><\/h3>\n                <p> <\/p>\n                              <\/div>\n\n            <\/div>\n          <\/div>\n                    <div class=\"teamBlock\">\n            <div class=\"teamBox\">\n              <figure>\n                <img decoding=\"async\" data-src=\"https:\/\/edm.ch\/wp-content\/uploads\/2023\/08\/48.png\" src=\"data:image\/svg+xml;base64,PHN2ZyB3aWR0aD0iMSIgaGVpZ2h0PSIxIiB4bWxucz0iaHR0cDovL3d3dy53My5vcmcvMjAwMC9zdmciPjwvc3ZnPg==\" class=\"lazyload\" style=\"--smush-placeholder-width: 560px; --smush-placeholder-aspect-ratio: 560\/560;\" data-srcset=\"https:\/\/edm.ch\/wp-content\/uploads\/2023\/08\/48.png 560w, https:\/\/edm.ch\/wp-content\/uploads\/2023\/08\/48-300x300.png 300w, https:\/\/edm.ch\/wp-content\/uploads\/2023\/08\/48-150x150.png 150w\" data-sizes=\"auto\" data-original-sizes=\"(max-width: 560px) 100vw, 560px\">\n              <\/figure>\n              <div class=\"content\">\n                <h3>Anne Zwahlen-Jomini<\/h3>\n                <p><p>Ehemalige stellvertretende Abteilungsleiterin f\u00fcr Westafrika in der Direktion f\u00fcr Entwicklung und Zusammenarbeit, insbesondere zust\u00e4ndig f\u00fcr Bildung und Ausbildung und ehemalige Programmbeauftragte f\u00fcr Gender . Sie war auch in den Bereichen Evaluierung und strategische Steuerung t\u00e4tig.<\/p>\n <\/p>\n                <h3><\/h3>\n                <p> <\/p>\n                              <\/div>\n\n            <\/div>\n          <\/div>\n                    <div class=\"teamBlock\">\n            <div class=\"teamBox\">\n              <figure>\n                <img decoding=\"async\" data-src=\"https:\/\/edm.ch\/wp-content\/uploads\/2025\/07\/Enfants_du_Monde_Clemence-1.png\" src=\"data:image\/svg+xml;base64,PHN2ZyB3aWR0aD0iMSIgaGVpZ2h0PSIxIiB4bWxucz0iaHR0cDovL3d3dy53My5vcmcvMjAwMC9zdmciPjwvc3ZnPg==\" class=\"lazyload\" style=\"--smush-placeholder-width: 1920px; --smush-placeholder-aspect-ratio: 1920\/1920;\" data-srcset=\"https:\/\/edm.ch\/wp-content\/uploads\/2025\/07\/Enfants_du_Monde_Clemence-1.png 1920w, https:\/\/edm.ch\/wp-content\/uploads\/2025\/07\/Enfants_du_Monde_Clemence-1-300x300.png 300w, https:\/\/edm.ch\/wp-content\/uploads\/2025\/07\/Enfants_du_Monde_Clemence-1-1024x1024.png 1024w, https:\/\/edm.ch\/wp-content\/uploads\/2025\/07\/Enfants_du_Monde_Clemence-1-150x150.png 150w, https:\/\/edm.ch\/wp-content\/uploads\/2025\/07\/Enfants_du_Monde_Clemence-1-768x768.png 768w, https:\/\/edm.ch\/wp-content\/uploads\/2025\/07\/Enfants_du_Monde_Clemence-1-1536x1536.png 1536w\" data-sizes=\"auto\" data-original-sizes=\"(max-width: 1920px) 100vw, 1920px\">\n              <\/figure>\n              <div class=\"content\">\n                <h3>Micka\u00eblle Haution-Pra<\/h3>\n                <p><p>Spezialist f\u00fcr Governance und Fundraising mit fundierter Erfahrung im Vereins- und humanit\u00e4ren Bereich<\/p>\n<p>&nbsp;<\/p>\n<p>&nbsp;<\/p>\n <\/p>\n                <h3><\/h3>\n                <p> <\/p>\n                              <\/div>\n\n            <\/div>\n          <\/div>\n                                        <\/div>\n         <\/div>\n    \n      <\/section>","protected":false},"excerpt":{"rendered":"","protected":false},"author":1,"featured_media":3287,"parent":0,"menu_order":0,"comment_status":"closed","ping_status":"closed","template":"templates\/yellow-line-1.php","meta":{"_acf_changed":false,"inline_featured_image":false,"footnotes":""},"class_list":["post-9095","page","type-page","status-publish","has-post-thumbnail","hentry"],"acf":[],"yoast_head":"<!-- This site is optimized with the Yoast SEO plugin v26.9 - https:\/\/yoast.com\/product\/yoast-seo-wordpress\/ -->\n<title>Vorstand - Enfants du monde<\/title>\n<meta name=\"description\" content=\"Der Vorstand, der von der Generalversammlung gew\u00e4hlt wird, ist das F\u00fchrungsorgan der Organisation Enfants du Monde.\" \/>\n<meta name=\"robots\" content=\"index, follow, max-snippet:-1, max-image-preview:large, max-video-preview:-1\" \/>\n<link rel=\"canonical\" href=\"https:\/\/edm.ch\/de\/vorstand-enfants-du-monde\/\" \/>\n<meta property=\"og:locale\" content=\"de_DE\" \/>\n<meta property=\"og:type\" content=\"article\" \/>\n<meta property=\"og:title\" content=\"Vorstand - Enfants du monde\" \/>\n<meta property=\"og:description\" content=\"Der Vorstand, der von der Generalversammlung gew\u00e4hlt wird, ist das F\u00fchrungsorgan der Organisation Enfants du Monde.\" \/>\n<meta property=\"og:url\" content=\"https:\/\/edm.ch\/de\/vorstand-enfants-du-monde\/\" \/>\n<meta property=\"og:site_name\" content=\"Enfants du monde\" \/>\n<meta property=\"article:modified_time\" content=\"2025-07-10T08:23:37+00:00\" \/>\n<meta property=\"og:image\" content=\"https:\/\/edm.ch\/wp-content\/uploads\/2023\/08\/Enfants_du_monde_website_image_banner_membre_3-1024x442.png\" \/>\n\t<meta property=\"og:image:width\" content=\"1024\" \/>\n\t<meta property=\"og:image:height\" content=\"442\" \/>\n\t<meta property=\"og:image:type\" content=\"image\/png\" \/>\n<meta name=\"twitter:card\" content=\"summary_large_image\" \/>\n<meta name=\"twitter:label1\" content=\"Est. reading time\" \/>\n\t<meta name=\"twitter:data1\" content=\"1 Minute\" \/>\n<script type=\"application\/ld+json\" class=\"yoast-schema-graph\">{\"@context\":\"https:\/\/schema.org\",\"@graph\":[{\"@type\":\"WebPage\",\"@id\":\"https:\/\/edm.ch\/de\/vorstand-enfants-du-monde\/\",\"url\":\"https:\/\/edm.ch\/de\/vorstand-enfants-du-monde\/\",\"name\":\"Vorstand - Enfants du monde\",\"isPartOf\":{\"@id\":\"https:\/\/edm.ch\/en\/#website\"},\"primaryImageOfPage\":{\"@id\":\"https:\/\/edm.ch\/de\/vorstand-enfants-du-monde\/#primaryimage\"},\"image\":{\"@id\":\"https:\/\/edm.ch\/de\/vorstand-enfants-du-monde\/#primaryimage\"},\"thumbnailUrl\":\"https:\/\/edm.ch\/wp-content\/uploads\/2023\/08\/Enfants_du_monde_website_image_banner_membre_3.png\",\"datePublished\":\"2023-08-20T09:32:55+00:00\",\"dateModified\":\"2025-07-10T08:23:37+00:00\",\"description\":\"Der Vorstand, der von der Generalversammlung gew\u00e4hlt wird, ist das F\u00fchrungsorgan der Organisation Enfants du Monde.\",\"inLanguage\":\"de-DE\",\"potentialAction\":[{\"@type\":\"ReadAction\",\"target\":[\"https:\/\/edm.ch\/de\/vorstand-enfants-du-monde\/\"]}]},{\"@type\":\"ImageObject\",\"inLanguage\":\"de-DE\",\"@id\":\"https:\/\/edm.ch\/de\/vorstand-enfants-du-monde\/#primaryimage\",\"url\":\"https:\/\/edm.ch\/wp-content\/uploads\/2023\/08\/Enfants_du_monde_website_image_banner_membre_3.png\",\"contentUrl\":\"https:\/\/edm.ch\/wp-content\/uploads\/2023\/08\/Enfants_du_monde_website_image_banner_membre_3.png\",\"width\":2500,\"height\":1080},{\"@type\":\"WebSite\",\"@id\":\"https:\/\/edm.ch\/en\/#website\",\"url\":\"https:\/\/edm.ch\/en\/\",\"name\":\"Enfants du monde\",\"description\":\"Association suisse\",\"potentialAction\":[{\"@type\":\"SearchAction\",\"target\":{\"@type\":\"EntryPoint\",\"urlTemplate\":\"https:\/\/edm.ch\/en\/?s={search_term_string}\"},\"query-input\":{\"@type\":\"PropertyValueSpecification\",\"valueRequired\":true,\"valueName\":\"search_term_string\"}}],\"inLanguage\":\"de-DE\"}]}<\/script>\n<!-- \/ Yoast SEO plugin. -->","yoast_head_json":{"title":"Vorstand - Enfants du monde","description":"Der Vorstand, der von der Generalversammlung gew\u00e4hlt wird, ist das F\u00fchrungsorgan der Organisation Enfants du Monde.","robots":{"index":"index","follow":"follow","max-snippet":"max-snippet:-1","max-image-preview":"max-image-preview:large","max-video-preview":"max-video-preview:-1"},"canonical":"https:\/\/edm.ch\/de\/vorstand-enfants-du-monde\/","og_locale":"de_DE","og_type":"article","og_title":"Vorstand - Enfants du monde","og_description":"Der Vorstand, der von der Generalversammlung gew\u00e4hlt wird, ist das F\u00fchrungsorgan der Organisation Enfants du Monde.","og_url":"https:\/\/edm.ch\/de\/vorstand-enfants-du-monde\/","og_site_name":"Enfants du monde","article_modified_time":"2025-07-10T08:23:37+00:00","og_image":[{"width":1024,"height":442,"url":"https:\/\/edm.ch\/wp-content\/uploads\/2023\/08\/Enfants_du_monde_website_image_banner_membre_3-1024x442.png","type":"image\/png"}],"twitter_card":"summary_large_image","twitter_misc":{"Est. reading time":"1 Minute"},"schema":{"@context":"https:\/\/schema.org","@graph":[{"@type":"WebPage","@id":"https:\/\/edm.ch\/de\/vorstand-enfants-du-monde\/","url":"https:\/\/edm.ch\/de\/vorstand-enfants-du-monde\/","name":"Vorstand - Enfants du monde","isPartOf":{"@id":"https:\/\/edm.ch\/en\/#website"},"primaryImageOfPage":{"@id":"https:\/\/edm.ch\/de\/vorstand-enfants-du-monde\/#primaryimage"},"image":{"@id":"https:\/\/edm.ch\/de\/vorstand-enfants-du-monde\/#primaryimage"},"thumbnailUrl":"https:\/\/edm.ch\/wp-content\/uploads\/2023\/08\/Enfants_du_monde_website_image_banner_membre_3.png","datePublished":"2023-08-20T09:32:55+00:00","dateModified":"2025-07-10T08:23:37+00:00","description":"Der Vorstand, der von der Generalversammlung gew\u00e4hlt wird, ist das F\u00fchrungsorgan der Organisation Enfants du Monde.","inLanguage":"de-DE","potentialAction":[{"@type":"ReadAction","target":["https:\/\/edm.ch\/de\/vorstand-enfants-du-monde\/"]}]},{"@type":"ImageObject","inLanguage":"de-DE","@id":"https:\/\/edm.ch\/de\/vorstand-enfants-du-monde\/#primaryimage","url":"https:\/\/edm.ch\/wp-content\/uploads\/2023\/08\/Enfants_du_monde_website_image_banner_membre_3.png","contentUrl":"https:\/\/edm.ch\/wp-content\/uploads\/2023\/08\/Enfants_du_monde_website_image_banner_membre_3.png","width":2500,"height":1080},{"@type":"WebSite","@id":"https:\/\/edm.ch\/en\/#website","url":"https:\/\/edm.ch\/en\/","name":"Enfants du monde","description":"Association suisse","potentialAction":[{"@type":"SearchAction","target":{"@type":"EntryPoint","urlTemplate":"https:\/\/edm.ch\/en\/?s={search_term_string}"},"query-input":{"@type":"PropertyValueSpecification","valueRequired":true,"valueName":"search_term_string"}}],"inLanguage":"de-DE"}]}},"_links":{"self":[{"href":"https:\/\/edm.ch\/de\/wp-json\/wp\/v2\/pages\/9095","targetHints":{"allow":["GET"]}}],"collection":[{"href":"https:\/\/edm.ch\/de\/wp-json\/wp\/v2\/pages"}],"about":[{"href":"https:\/\/edm.ch\/de\/wp-json\/wp\/v2\/types\/page"}],"author":[{"embeddable":true,"href":"https:\/\/edm.ch\/de\/wp-json\/wp\/v2\/users\/1"}],"replies":[{"embeddable":true,"href":"https:\/\/edm.ch\/de\/wp-json\/wp\/v2\/comments?post=9095"}],"version-history":[{"count":14,"href":"https:\/\/edm.ch\/de\/wp-json\/wp\/v2\/pages\/9095\/revisions"}],"predecessor-version":[{"id":36334,"href":"https:\/\/edm.ch\/de\/wp-json\/wp\/v2\/pages\/9095\/revisions\/36334"}],"wp:featuredmedia":[{"embeddable":true,"href":"https:\/\/edm.ch\/de\/wp-json\/wp\/v2\/media\/3287"}],"wp:attachment":[{"href":"https:\/\/edm.ch\/de\/wp-json\/wp\/v2\/media?parent=9095"}],"curies":[{"name":"wp","href":"https:\/\/api.w.org\/{rel}","templated":true}]}}