{"id":8208,"date":"2023-08-14T14:44:40","date_gmt":"2023-08-14T14:44:40","guid":{"rendered":"https:\/\/edm.ch\/?page_id=8208"},"modified":"2024-11-19T12:20:32","modified_gmt":"2024-11-19T12:20:32","slug":"gesundheit-von-mutter-und-kind","status":"publish","type":"page","link":"https:\/\/edm.ch\/de\/gesundheit-von-mutter-und-kind\/","title":{"rendered":"Gesundheitserziehung f\u00fcr Mutter und Kind"},"content":{"rendered":"<section class=\"subpageBanner\" style=\"display:\">\n    <div class=\"subpageBannerBlock figure_block\">\n        <img decoding=\"async\" data-src=\"https:\/\/edm.ch\/wp-content\/uploads\/2023\/08\/Enfants_du_monde_website_image_banner_sante_mat_inf.png\" src=\"data:image\/svg+xml;base64,PHN2ZyB3aWR0aD0iMSIgaGVpZ2h0PSIxIiB4bWxucz0iaHR0cDovL3d3dy53My5vcmcvMjAwMC9zdmciPjwvc3ZnPg==\" class=\"lazyload\" style=\"--smush-placeholder-width: 2500px; --smush-placeholder-aspect-ratio: 2500\/800;\" data-srcset=\"https:\/\/edm.ch\/wp-content\/uploads\/2023\/08\/Enfants_du_monde_website_image_banner_sante_mat_inf.png 2500w, https:\/\/edm.ch\/wp-content\/uploads\/2023\/08\/Enfants_du_monde_website_image_banner_sante_mat_inf-300x96.png 300w, https:\/\/edm.ch\/wp-content\/uploads\/2023\/08\/Enfants_du_monde_website_image_banner_sante_mat_inf-1024x328.png 1024w, https:\/\/edm.ch\/wp-content\/uploads\/2023\/08\/Enfants_du_monde_website_image_banner_sante_mat_inf-768x246.png 768w, https:\/\/edm.ch\/wp-content\/uploads\/2023\/08\/Enfants_du_monde_website_image_banner_sante_mat_inf-1536x492.png 1536w, https:\/\/edm.ch\/wp-content\/uploads\/2023\/08\/Enfants_du_monde_website_image_banner_sante_mat_inf-2048x655.png 2048w\" data-sizes=\"auto\" data-original-sizes=\"(max-width: 2500px) 100vw, 2500px\" \/>\n        <div class=\"subpageBannerWrap\">\n            <div class=\"container\">\n                <div class=\"content\">\n                    <div>\n                        <span class=\"bannerHead\"><\/span>\n                        <h1>Gesundheitserziehung f\u00fcr Mutter und Kind<\/h1>\n                    <\/div>\n                                    <\/div>\n            <\/div>\n        <\/div>\n                    <div class=\"picture-caption\">\n                <div class=\"caption-content\"><span>Slawomir Plata<\/span><\/div>\n            <\/div>\n            <\/div>\n<\/section>\n<script type=\"text\/javascript\">\n    jQuery(document).ready(function ($) {\n        \/\/ Check if the block exists\n        var bannerSection = $('#subpage-banner-section');\n\n        if (bannerSection.length > 0) {\n            \/\/ Move the block to the end of <main> just before the footer\n            $('main').append(bannerSection); \/\/ This will append it inside the <main> tag\n        }\n\n        $('.documentAccordion').on('click', function (e) {\n            e.preventDefault();  \/\/ Prevent default link action\n\n            \/\/ Target the section with the given ID\n            $('html, body').animate({\n                scrollTop: $('#subpage-banner-section').offset().top - 200\n            }, 1000);\n        });\n    });\n<\/script>\n\n\n        <section class=\" countSec\" style=\"display:\">\n        <div class=\"container\">\n            <div class=\"countHolder\">\n                <h2>Im Jahr 2022 <\/h2>\n                <div class=\"countBlock\">\n                    <div class=\"countRow\">\n\n                        \n                            <div class=\"countCol\">\n                                <div class=\"countColInner\">\n                                    <div class=\"imgBlock\">\n                                    <img decoding=\"async\" data-src=\"https:\/\/edm.ch\/wp-content\/uploads\/2023\/08\/Picto-sante-4.png\" src=\"data:image\/svg+xml;base64,PHN2ZyB3aWR0aD0iMSIgaGVpZ2h0PSIxIiB4bWxucz0iaHR0cDovL3d3dy53My5vcmcvMjAwMC9zdmciPjwvc3ZnPg==\" class=\"lazyload\" style=\"--smush-placeholder-width: 160px; --smush-placeholder-aspect-ratio: 160\/160;\" data-srcset=\"https:\/\/edm.ch\/wp-content\/uploads\/2023\/08\/Picto-sante-4.png 160w, https:\/\/edm.ch\/wp-content\/uploads\/2023\/08\/Picto-sante-4-150x150.png 150w\" data-sizes=\"auto\" data-original-sizes=\"(max-width: 160px) 100vw, 160px\" \/>\n                                    <\/div>\n                                    <div class=\"content\">\n                                    <h2>98 903<\/h2>\n                                    <p>Frauen haben in Burkina Faso die Karte zur Geburtsvorbereitung und f\u00fcr Notf\u00e4lle erhalten.<\/p>\n                                    <\/div>\n                                <\/div>\n                            <\/div>\n\n                        \n                            <div class=\"countCol\">\n                                <div class=\"countColInner\">\n                                    <div class=\"imgBlock\">\n                                    <img decoding=\"async\" data-src=\"https:\/\/edm.ch\/wp-content\/uploads\/2023\/08\/Picto-femme-enceinte.png\" src=\"data:image\/svg+xml;base64,PHN2ZyB3aWR0aD0iMSIgaGVpZ2h0PSIxIiB4bWxucz0iaHR0cDovL3d3dy53My5vcmcvMjAwMC9zdmciPjwvc3ZnPg==\" class=\"lazyload\" style=\"--smush-placeholder-width: 160px; --smush-placeholder-aspect-ratio: 160\/160;\" data-srcset=\"https:\/\/edm.ch\/wp-content\/uploads\/2023\/08\/Picto-femme-enceinte.png 160w, https:\/\/edm.ch\/wp-content\/uploads\/2023\/08\/Picto-femme-enceinte-150x150.png 150w\" data-sizes=\"auto\" data-original-sizes=\"(max-width: 160px) 100vw, 160px\" \/>\n                                    <\/div>\n                                    <div class=\"content\">\n                                    <h2>28 727<\/h2>\n                                    <p>schwangere Frauen nahmen an Gesundheitserziehungsveranstaltungen in Bangladesch teil.<\/p>\n                                    <\/div>\n                                <\/div>\n                            <\/div>\n\n                        \n                            <div class=\"countCol\">\n                                <div class=\"countColInner\">\n                                    <div class=\"imgBlock\">\n                                    <img decoding=\"async\" data-src=\"https:\/\/edm.ch\/wp-content\/uploads\/2023\/08\/Picto-medecin.png\" src=\"data:image\/svg+xml;base64,PHN2ZyB3aWR0aD0iMSIgaGVpZ2h0PSIxIiB4bWxucz0iaHR0cDovL3d3dy53My5vcmcvMjAwMC9zdmciPjwvc3ZnPg==\" class=\"lazyload\" style=\"--smush-placeholder-width: 160px; --smush-placeholder-aspect-ratio: 160\/160;\" data-srcset=\"https:\/\/edm.ch\/wp-content\/uploads\/2023\/08\/Picto-medecin.png 160w, https:\/\/edm.ch\/wp-content\/uploads\/2023\/08\/Picto-medecin-150x150.png 150w\" data-sizes=\"auto\" data-original-sizes=\"(max-width: 160px) 100vw, 160px\" \/>\n                                    <\/div>\n                                    <div class=\"content\">\n                                    <h2>4 000<\/h2>\n                                    <p>Gesundheitshelfer*innen wurden in Burkina Faso geschult.<\/p>\n                                    <\/div>\n                                <\/div>\n                            <\/div>\n\n                        \n                    <\/div>\n                <\/div>\n                <div class=\"countBlockText\"><p><\/p><\/div>\n            <\/div>\n        <\/div>\n    <\/section>\n\n\n    \n    <section class=\"rightTextLeftImg \" style=\"display:\">\n        <div class=\"container\">\n            <div class=\"rightTextLeftImgRow\">\n                                    <div class=\"left\">\n                                            <\/div>\n                                                    <div class=\"right\">\n                        <div class=\"content\">\n                            <h2>                                Gesundheitserziehung zur Senkung der Sterblichkeitsrisiken <small><\/small>\n                            <\/h2>                                                            <p align=\"left\"><span lang=\"fr-CH\">Wir schulen Gesundheitshelfer*innen darin, <strong>Gesundheitserziehung f\u00fcr Frauen<\/strong>, ihre Familien und ihr Umfeld in den D\u00f6rfern anzubieten. Sie verteilen beispielsweise an werdende M\u00fctter eine Brosch\u00fcre zur Geburtsvorbereitung und zu geburtshilflichen und Neugeborene-Notf\u00e4llen und stellen ihnen die mobile App <a href=\"https:\/\/edm.ch\/de\/mobile-anwendungen\/\" target=\"_blank\" rel=\"noopener\">Mon B\u00e9b\u00e9 et moi<\/a> zur Verf\u00fcgung.<\/span><\/p>\n<p align=\"left\">Auf diese Weise k\u00f6nnen Frauen, ihre Angeh\u00f6rigen und die Gemeinschaften fundierte Entscheidungen treffen und gesund bleiben.<\/p>\n                                                                                                            <\/div>\n                    <\/div>\n                            <\/div>\n        <\/div>\n    <\/section>\n\n        <section class=\"contentSec\" style=\"display:\">\n        <div class=\"container\">\n            <div class=\"contentBlock\">\n                <h5>Was uns unterscheidet<\/h5>\n                <ul>\n<li>Hebammen und Gesundheitspersonal <strong>erhalten Trainingskurse in Beratung und Kommunikation<\/strong>;<\/li>\n<li>In Informationsveranstaltungen lernen schwangere Frauen und ihre Familien, wie sie sich auf die Geburt vorbereiten und <strong>m\u00f6glichen Komplikationen besser vorbeugen k\u00f6nnen<\/strong>;<\/li>\n<li>Wir entwickeln<strong> innovative Instrumente zur Gesundheitserziehung<\/strong>, wie die kostenlosen mobilen Apps \u00abMon b\u00e9b\u00e9 et moi\u00bb und \u00abMon enfant grandit\u00bb;<\/li>\n<li>Unsere Informationsmaterialien enthalten zahlreiche Illustrationen, damit sie f\u00fcr alle Menschen, auch f\u00fcr Analphabeten, zug\u00e4nglich sind, und werden<strong> in lokalen Sprachen erstellt<\/strong>, wie unsere Brosch\u00fcre zur Geburtsvorbereitung und f\u00fcr Notf\u00e4lle;<\/li>\n<li>Die <strong>Bev\u00f6lkerung wird einbezogen<\/strong>, um ihre eigenen Gesundheitsbed\u00fcrfnisse zu ermitteln, und schl\u00e4gt mithilfe von Methoden der B\u00fcrgerbeteiligung L\u00f6sungen vor.<\/li>\n<\/ul>\n                            <\/div>\n        <\/div>\n    <\/section>\n\n\n    \n    <section class=\"quoteImage rightTextLeftImg \" style=\"display:\">\n        <div class=\"container\">\n            <div class=\"rightTextLeftImgRow\">\n                                    <div class=\"left\">\n                                                    <div class=\"imgBlock\">\n                                <a class=\"figure_block\" href=\"https:\/\/edm.ch\/wp-content\/uploads\/2023\/08\/Temoignage-Sheik-Akhtaruzzaman-Rajib.png\" data-fancybox data-caption=\"\">\n                                    <img decoding=\"async\" data-src=\"https:\/\/edm.ch\/wp-content\/uploads\/2023\/08\/Temoignage-Sheik-Akhtaruzzaman-Rajib.png\" src=\"data:image\/svg+xml;base64,PHN2ZyB3aWR0aD0iMSIgaGVpZ2h0PSIxIiB4bWxucz0iaHR0cDovL3d3dy53My5vcmcvMjAwMC9zdmciPjwvc3ZnPg==\" class=\"lazyload\" style=\"--smush-placeholder-width: 1920px; --smush-placeholder-aspect-ratio: 1920\/1920;\" data-srcset=\"https:\/\/edm.ch\/wp-content\/uploads\/2023\/08\/Temoignage-Sheik-Akhtaruzzaman-Rajib.png 1920w, https:\/\/edm.ch\/wp-content\/uploads\/2023\/08\/Temoignage-Sheik-Akhtaruzzaman-Rajib-300x300.png 300w, https:\/\/edm.ch\/wp-content\/uploads\/2023\/08\/Temoignage-Sheik-Akhtaruzzaman-Rajib-1024x1024.png 1024w, https:\/\/edm.ch\/wp-content\/uploads\/2023\/08\/Temoignage-Sheik-Akhtaruzzaman-Rajib-150x150.png 150w, https:\/\/edm.ch\/wp-content\/uploads\/2023\/08\/Temoignage-Sheik-Akhtaruzzaman-Rajib-768x768.png 768w, https:\/\/edm.ch\/wp-content\/uploads\/2023\/08\/Temoignage-Sheik-Akhtaruzzaman-Rajib-1536x1536.png 1536w\" data-sizes=\"auto\" data-original-sizes=\"(max-width: 1920px) 100vw, 1920px\" \/>\n                                                                            <div class=\"picture-caption\">\n                                            <div class=\"caption-content\"><span>Sheik-Akhtaruzzaman-Rajib<\/span><\/div>\n                                        <\/div>\n                                                                    <\/a>\n                                <figcaption><\/figcaption>\n                            <\/div>\n                                            <\/div>\n                                                    <div class=\"right\">\n                        <div class=\"content\">\n                            <h2>                                Sheik Akhtaruzzaman Rajib, <small>Gesundheitspfleger, Bangladesch <\/small>\n                            <\/h2>                            <div class=\"quote\">                                <p align=\"left\"><span lang=\"fr-CH\">Seitdem ich diese Weiterbildung in Beratung gemacht habe, verlaufen meine Untersuchungen mit schwangeren Frauen anders. Ich h\u00f6re der Patientin aufmerksam zu und beachte auch Familienprobleme, die eine gute Gesundheitsversorgung erschweren k\u00f6nnten.<\/span><\/p>\n                            <\/div>                                                                                <\/div>\n                    <\/div>\n                            <\/div>\n        <\/div>\n    <\/section>\n\n\n    <section class=\"activitySec\" style=\"display:\">\n      <div class=\"container\">\n        <div class=\"secTitle\">\n            <h2><\/h2>\n        <\/div>\n        <div class=\"activityRow\">\n\n            \n                <div class=\"activityCol\">\n                    <div class=\"activityColInner\">\n                        <div class=\"imgBlock\">\n                            <a href=\"http:\/\/edm.ch\/de\/bangladesh-sante\/\">                                <img decoding=\"async\" data-src=\"https:\/\/edm.ch\/wp-content\/uploads\/2023\/08\/Bangladesh_education-a-la-sante-scaled.jpg\" alt=\"EMD-img\" src=\"data:image\/svg+xml;base64,PHN2ZyB3aWR0aD0iMSIgaGVpZ2h0PSIxIiB4bWxucz0iaHR0cDovL3d3dy53My5vcmcvMjAwMC9zdmciPjwvc3ZnPg==\" class=\"lazyload\" style=\"--smush-placeholder-width: 2560px; --smush-placeholder-aspect-ratio: 2560\/1706;\" data-srcset=\"https:\/\/edm.ch\/wp-content\/uploads\/2023\/08\/Bangladesh_education-a-la-sante-scaled.jpg 2560w, https:\/\/edm.ch\/wp-content\/uploads\/2023\/08\/Bangladesh_education-a-la-sante-300x200.jpg 300w, https:\/\/edm.ch\/wp-content\/uploads\/2023\/08\/Bangladesh_education-a-la-sante-1024x683.jpg 1024w, https:\/\/edm.ch\/wp-content\/uploads\/2023\/08\/Bangladesh_education-a-la-sante-768x512.jpg 768w, https:\/\/edm.ch\/wp-content\/uploads\/2023\/08\/Bangladesh_education-a-la-sante-1536x1024.jpg 1536w, https:\/\/edm.ch\/wp-content\/uploads\/2023\/08\/Bangladesh_education-a-la-sante-2048x1365.jpg 2048w\" data-sizes=\"auto\" data-original-sizes=\"(max-width: 2560px) 100vw, 2560px\" \/>\n                            <\/a>                        <\/div>\n                        <div class=\"contentBlock\">\n                            <h3>Bangladesch<\/h3>\n                            <p align=\"left\"><span lang=\"fr-CH\">Wir f\u00fchren in D\u00f6rfern und zu Hause Aufkl\u00e4rungsveranstaltungen \u00fcber die Gesundheit von M\u00fcttern und Neugeborenen durch und bieten Beratungstrainings f\u00fcr Gesundheitspersonal an.<\/span><\/p>\n                                                            <a href=\"http:\/\/edm.ch\/de\/bangladesh-sante\/\" class=\"btnWhite\">Mehr erfahren<\/a>\n                                                    <\/div>\n                    <\/div>\n                <\/div>\n\n            \n                <div class=\"activityCol\">\n                    <div class=\"activityColInner\">\n                        <div class=\"imgBlock\">\n                            <a href=\"http:\/\/edm.ch\/de\/burkina-faso-gesundheit-von-mutter-und-kind\/\">                                <img decoding=\"async\" data-src=\"https:\/\/edm.ch\/wp-content\/uploads\/2023\/08\/Burkina-Faso_education-a-la-sante-scaled.jpg\" alt=\"EMD-img\" src=\"data:image\/svg+xml;base64,PHN2ZyB3aWR0aD0iMSIgaGVpZ2h0PSIxIiB4bWxucz0iaHR0cDovL3d3dy53My5vcmcvMjAwMC9zdmciPjwvc3ZnPg==\" class=\"lazyload\" style=\"--smush-placeholder-width: 2560px; --smush-placeholder-aspect-ratio: 2560\/1700;\" data-srcset=\"https:\/\/edm.ch\/wp-content\/uploads\/2023\/08\/Burkina-Faso_education-a-la-sante-scaled.jpg 2560w, https:\/\/edm.ch\/wp-content\/uploads\/2023\/08\/Burkina-Faso_education-a-la-sante-300x199.jpg 300w, https:\/\/edm.ch\/wp-content\/uploads\/2023\/08\/Burkina-Faso_education-a-la-sante-1024x680.jpg 1024w, https:\/\/edm.ch\/wp-content\/uploads\/2023\/08\/Burkina-Faso_education-a-la-sante-768x510.jpg 768w, https:\/\/edm.ch\/wp-content\/uploads\/2023\/08\/Burkina-Faso_education-a-la-sante-1536x1020.jpg 1536w, https:\/\/edm.ch\/wp-content\/uploads\/2023\/08\/Burkina-Faso_education-a-la-sante-2048x1360.jpg 2048w\" data-sizes=\"auto\" data-original-sizes=\"(max-width: 2560px) 100vw, 2560px\" \/>\n                            <\/a>                        <\/div>\n                        <div class=\"contentBlock\">\n                            <h3>Burkina Faso<\/h3>\n                            <p align=\"left\"><span lang=\"fr-CH\">Wir f\u00fchren mit unserem lokalen Partner IPC Gesundheitserziehungsma\u00dfnahmen f\u00fcr die lokale Bev\u00f6lkerung durch und bieten Schulungen f\u00fcr das Gesundheitspersonal an.<\/span><\/p>\n                                                            <a href=\"http:\/\/edm.ch\/de\/burkina-faso-gesundheit-von-mutter-und-kind\/\" class=\"btnWhite\">Mehr erfahren<\/a>\n                                                    <\/div>\n                    <\/div>\n                <\/div>\n\n                        \n        <\/div>\n      <\/div>\n    <\/section>\n\n\n    <section class=\"donation_count\" style=\"display:\">\n        <div class=\"inner_row\">\n            <div class=\"right_img_block\">\n                <div class=\"img_block figure_block\">\n                    <img decoding=\"async\" data-src=\"https:\/\/edm.ch\/wp-content\/uploads\/2023\/08\/Enfants_du_monde_website_image_don_sante_mat_inf.png\" alt=\"\" src=\"data:image\/svg+xml;base64,PHN2ZyB3aWR0aD0iMSIgaGVpZ2h0PSIxIiB4bWxucz0iaHR0cDovL3d3dy53My5vcmcvMjAwMC9zdmciPjwvc3ZnPg==\" class=\"lazyload\" style=\"--smush-placeholder-width: 1920px; --smush-placeholder-aspect-ratio: 1920\/1920;\" data-srcset=\"https:\/\/edm.ch\/wp-content\/uploads\/2023\/08\/Enfants_du_monde_website_image_don_sante_mat_inf.png 1920w, https:\/\/edm.ch\/wp-content\/uploads\/2023\/08\/Enfants_du_monde_website_image_don_sante_mat_inf-300x300.png 300w, https:\/\/edm.ch\/wp-content\/uploads\/2023\/08\/Enfants_du_monde_website_image_don_sante_mat_inf-1024x1024.png 1024w, https:\/\/edm.ch\/wp-content\/uploads\/2023\/08\/Enfants_du_monde_website_image_don_sante_mat_inf-150x150.png 150w, https:\/\/edm.ch\/wp-content\/uploads\/2023\/08\/Enfants_du_monde_website_image_don_sante_mat_inf-768x768.png 768w, https:\/\/edm.ch\/wp-content\/uploads\/2023\/08\/Enfants_du_monde_website_image_don_sante_mat_inf-1536x1536.png 1536w\" data-sizes=\"auto\" data-original-sizes=\"(max-width: 1920px) 100vw, 1920px\">\n                                    <\/div>\n            <\/div>\n            <div class=\"left_txt_block\">\n                <div class=\"txt_contents\">\n                    <h3>Meine Spende macht einen Unterschied<\/h3>\n                    <div class=\"block_txts\">\n                                                    <div class=\"item\">\n                                <span class=\"title\">Zum Beispiel:<\/span>\n                                <p><\/p>\n                            <\/div>\n                                                    <div class=\"item\">\n                                <span class=\"title\">Mit 60 Franken:<\/span>\n                                <p>Ich finanziere 139 schwangeren Frauen die App Mon b\u00e9b\u00e9 et moi, damit sie ihre Schwangerschaft verfolgen und die Anzeichen von Gefahren f\u00fcr sich und ihre Babys kennen lernen k\u00f6nnen. <\/p>\n                            <\/div>\n                                                    <div class=\"item\">\n                                <span class=\"title\">Mit 100 Franken: <\/span>\n                                <p>Informiere ich 500 schwangere Frauen und ihre Ehem\u00e4nner in Bangladesch \u00fcber die Gefahren f\u00fcr das Neugeborene.<\/p>\n                            <\/div>\n                                                    <div class=\"item\">\n                                <span class=\"title\">Mit 150 Franken: <\/span>\n                                <p>Spende ich eine Weiterbildung f\u00fcr 2 Krankenschwestern in Nepal, damit sie respektvolle Pflege f\u00fcr schwangeren Frauen und ihren Neugeborenen leisten k\u00f6nnen.<\/p>\n                            <\/div>\n                                                                            <a href=\"https:\/\/don.edm.ch\/de\" class=\"btnWhite buttonDonation\">\n                                ICH SPENDE                            <\/a>\n                                            <\/div>\n                <\/div>\n            <\/div>\n        <\/div>\n    <\/section>","protected":false},"excerpt":{"rendered":"","protected":false},"author":3,"featured_media":0,"parent":0,"menu_order":0,"comment_status":"closed","ping_status":"closed","template":"","meta":{"_acf_changed":false,"inline_featured_image":false,"footnotes":""},"class_list":["post-8208","page","type-page","status-publish","hentry"],"acf":[],"yoast_head":"<!-- This site is optimized with the Yoast SEO plugin v26.9 - https:\/\/yoast.com\/product\/yoast-seo-wordpress\/ -->\n<title>Gesundheit von Mutter und Kind - Enfants du Monde<\/title>\n<meta name=\"description\" content=\"Enfants du Monde bietet Aufkl\u00e4rungssitzungen \u00fcber die Gesundheit von Mutter und Kind an, um das Sterberisiko zu senken.\" \/>\n<meta name=\"robots\" content=\"index, follow, max-snippet:-1, max-image-preview:large, max-video-preview:-1\" \/>\n<link rel=\"canonical\" href=\"https:\/\/edm.ch\/de\/gesundheit-von-mutter-und-kind\/\" \/>\n<meta property=\"og:locale\" content=\"de_DE\" \/>\n<meta property=\"og:type\" content=\"article\" \/>\n<meta property=\"og:title\" content=\"Gesundheit von Mutter und Kind - Enfants du Monde\" \/>\n<meta property=\"og:description\" content=\"Enfants du Monde bietet Aufkl\u00e4rungssitzungen \u00fcber die Gesundheit von Mutter und Kind an, um das Sterberisiko zu senken.\" \/>\n<meta property=\"og:url\" content=\"https:\/\/edm.ch\/de\/gesundheit-von-mutter-und-kind\/\" \/>\n<meta property=\"og:site_name\" content=\"Enfants du monde\" \/>\n<meta property=\"article:modified_time\" content=\"2024-11-19T12:20:32+00:00\" \/>\n<meta name=\"twitter:card\" content=\"summary_large_image\" \/>\n<script type=\"application\/ld+json\" class=\"yoast-schema-graph\">{\"@context\":\"https:\/\/schema.org\",\"@graph\":[{\"@type\":\"WebPage\",\"@id\":\"https:\/\/edm.ch\/de\/gesundheit-von-mutter-und-kind\/\",\"url\":\"https:\/\/edm.ch\/de\/gesundheit-von-mutter-und-kind\/\",\"name\":\"Gesundheit von Mutter und Kind - Enfants du Monde\",\"isPartOf\":{\"@id\":\"https:\/\/edm.ch\/en\/#website\"},\"datePublished\":\"2023-08-14T14:44:40+00:00\",\"dateModified\":\"2024-11-19T12:20:32+00:00\",\"description\":\"Enfants du Monde bietet Aufkl\u00e4rungssitzungen \u00fcber die Gesundheit von Mutter und Kind an, um das Sterberisiko zu senken.\",\"inLanguage\":\"de-DE\",\"potentialAction\":[{\"@type\":\"ReadAction\",\"target\":[\"https:\/\/edm.ch\/de\/gesundheit-von-mutter-und-kind\/\"]}]},{\"@type\":\"WebSite\",\"@id\":\"https:\/\/edm.ch\/en\/#website\",\"url\":\"https:\/\/edm.ch\/en\/\",\"name\":\"Enfants du monde\",\"description\":\"Association suisse\",\"potentialAction\":[{\"@type\":\"SearchAction\",\"target\":{\"@type\":\"EntryPoint\",\"urlTemplate\":\"https:\/\/edm.ch\/en\/?s={search_term_string}\"},\"query-input\":{\"@type\":\"PropertyValueSpecification\",\"valueRequired\":true,\"valueName\":\"search_term_string\"}}],\"inLanguage\":\"de-DE\"}]}<\/script>\n<!-- \/ Yoast SEO plugin. -->","yoast_head_json":{"title":"Gesundheit von Mutter und Kind - Enfants du Monde","description":"Enfants du Monde bietet Aufkl\u00e4rungssitzungen \u00fcber die Gesundheit von Mutter und Kind an, um das Sterberisiko zu senken.","robots":{"index":"index","follow":"follow","max-snippet":"max-snippet:-1","max-image-preview":"max-image-preview:large","max-video-preview":"max-video-preview:-1"},"canonical":"https:\/\/edm.ch\/de\/gesundheit-von-mutter-und-kind\/","og_locale":"de_DE","og_type":"article","og_title":"Gesundheit von Mutter und Kind - Enfants du Monde","og_description":"Enfants du Monde bietet Aufkl\u00e4rungssitzungen \u00fcber die Gesundheit von Mutter und Kind an, um das Sterberisiko zu senken.","og_url":"https:\/\/edm.ch\/de\/gesundheit-von-mutter-und-kind\/","og_site_name":"Enfants du monde","article_modified_time":"2024-11-19T12:20:32+00:00","twitter_card":"summary_large_image","schema":{"@context":"https:\/\/schema.org","@graph":[{"@type":"WebPage","@id":"https:\/\/edm.ch\/de\/gesundheit-von-mutter-und-kind\/","url":"https:\/\/edm.ch\/de\/gesundheit-von-mutter-und-kind\/","name":"Gesundheit von Mutter und Kind - Enfants du Monde","isPartOf":{"@id":"https:\/\/edm.ch\/en\/#website"},"datePublished":"2023-08-14T14:44:40+00:00","dateModified":"2024-11-19T12:20:32+00:00","description":"Enfants du Monde bietet Aufkl\u00e4rungssitzungen \u00fcber die Gesundheit von Mutter und Kind an, um das Sterberisiko zu senken.","inLanguage":"de-DE","potentialAction":[{"@type":"ReadAction","target":["https:\/\/edm.ch\/de\/gesundheit-von-mutter-und-kind\/"]}]},{"@type":"WebSite","@id":"https:\/\/edm.ch\/en\/#website","url":"https:\/\/edm.ch\/en\/","name":"Enfants du monde","description":"Association suisse","potentialAction":[{"@type":"SearchAction","target":{"@type":"EntryPoint","urlTemplate":"https:\/\/edm.ch\/en\/?s={search_term_string}"},"query-input":{"@type":"PropertyValueSpecification","valueRequired":true,"valueName":"search_term_string"}}],"inLanguage":"de-DE"}]}},"_links":{"self":[{"href":"https:\/\/edm.ch\/de\/wp-json\/wp\/v2\/pages\/8208","targetHints":{"allow":["GET"]}}],"collection":[{"href":"https:\/\/edm.ch\/de\/wp-json\/wp\/v2\/pages"}],"about":[{"href":"https:\/\/edm.ch\/de\/wp-json\/wp\/v2\/types\/page"}],"author":[{"embeddable":true,"href":"https:\/\/edm.ch\/de\/wp-json\/wp\/v2\/users\/3"}],"replies":[{"embeddable":true,"href":"https:\/\/edm.ch\/de\/wp-json\/wp\/v2\/comments?post=8208"}],"version-history":[{"count":14,"href":"https:\/\/edm.ch\/de\/wp-json\/wp\/v2\/pages\/8208\/revisions"}],"predecessor-version":[{"id":32999,"href":"https:\/\/edm.ch\/de\/wp-json\/wp\/v2\/pages\/8208\/revisions\/32999"}],"wp:attachment":[{"href":"https:\/\/edm.ch\/de\/wp-json\/wp\/v2\/media?parent=8208"}],"curies":[{"name":"wp","href":"https:\/\/api.w.org\/{rel}","templated":true}]}}