{"id":8112,"date":"2023-08-17T12:36:35","date_gmt":"2023-08-17T12:36:35","guid":{"rendered":"https:\/\/edm.ch\/?page_id=8112"},"modified":"2024-09-24T13:29:07","modified_gmt":"2024-09-24T13:29:07","slug":"einbeziehung-der-lokalen-bevoelkerung","status":"publish","type":"page","link":"https:\/\/edm.ch\/de\/einbeziehung-der-lokalen-bevoelkerung\/","title":{"rendered":"Einbeziehung der Bev\u00f6lkerung"},"content":{"rendered":"<section class=\"subpageBanner\" style=\"display:\">\n    <div class=\"subpageBannerBlock figure_block\">\n        <img decoding=\"async\" data-src=\"https:\/\/edm.ch\/wp-content\/uploads\/2023\/08\/banners_WP_2500_800-1.png\" src=\"data:image\/svg+xml;base64,PHN2ZyB3aWR0aD0iMSIgaGVpZ2h0PSIxIiB4bWxucz0iaHR0cDovL3d3dy53My5vcmcvMjAwMC9zdmciPjwvc3ZnPg==\" class=\"lazyload\" style=\"--smush-placeholder-width: 2500px; --smush-placeholder-aspect-ratio: 2500\/800;\" data-srcset=\"https:\/\/edm.ch\/wp-content\/uploads\/2023\/08\/banners_WP_2500_800-1.png 2500w, https:\/\/edm.ch\/wp-content\/uploads\/2023\/08\/banners_WP_2500_800-1-300x96.png 300w, https:\/\/edm.ch\/wp-content\/uploads\/2023\/08\/banners_WP_2500_800-1-1024x328.png 1024w, https:\/\/edm.ch\/wp-content\/uploads\/2023\/08\/banners_WP_2500_800-1-768x246.png 768w, https:\/\/edm.ch\/wp-content\/uploads\/2023\/08\/banners_WP_2500_800-1-1536x492.png 1536w, https:\/\/edm.ch\/wp-content\/uploads\/2023\/08\/banners_WP_2500_800-1-2048x655.png 2048w\" data-sizes=\"auto\" data-original-sizes=\"(max-width: 2500px) 100vw, 2500px\" \/>\n        <div class=\"subpageBannerWrap\">\n            <div class=\"container\">\n                <div class=\"content\">\n                    <div>\n                        <span class=\"bannerHead\"><\/span>\n                        <h1>Einbeziehung der Bev\u00f6lkerung<\/h1>\n                    <\/div>\n                                    <\/div>\n            <\/div>\n        <\/div>\n                    <div class=\"picture-caption\">\n                <div class=\"caption-content\"><span>Enfants du Monde<\/span><\/div>\n            <\/div>\n            <\/div>\n<\/section>\n<script type=\"text\/javascript\">\n    jQuery(document).ready(function ($) {\n        \/\/ Check if the block exists\n        var bannerSection = $('#subpage-banner-section');\n\n        if (bannerSection.length > 0) {\n            \/\/ Move the block to the end of <main> just before the footer\n            $('main').append(bannerSection); \/\/ This will append it inside the <main> tag\n        }\n\n        $('.documentAccordion').on('click', function (e) {\n            e.preventDefault();  \/\/ Prevent default link action\n\n            \/\/ Target the section with the given ID\n            $('html, body').animate({\n                scrollTop: $('#subpage-banner-section').offset().top - 200\n            }, 1000);\n        });\n    });\n<\/script>\n\n\n    \n    <section class=\"leftTextRightImg \" style=\"display:\">\n        <div class=\"container\">\n            <div class=\"leftTextRightImgRow\">\n                                    <div class=\"right\">\n                                                    <div class=\"imgBlock\">\n                                <a class=\"figure_block\" href=\"https:\/\/edm.ch\/wp-content\/uploads\/2023\/08\/131.png\" data-fancybox data-caption=\"\">\n                                    <img decoding=\"async\" data-src=\"https:\/\/edm.ch\/wp-content\/uploads\/2023\/08\/131.png\" src=\"data:image\/svg+xml;base64,PHN2ZyB3aWR0aD0iMSIgaGVpZ2h0PSIxIiB4bWxucz0iaHR0cDovL3d3dy53My5vcmcvMjAwMC9zdmciPjwvc3ZnPg==\" class=\"lazyload\" style=\"--smush-placeholder-width: 1920px; --smush-placeholder-aspect-ratio: 1920\/1920;\" data-srcset=\"https:\/\/edm.ch\/wp-content\/uploads\/2023\/08\/131.png 1920w, https:\/\/edm.ch\/wp-content\/uploads\/2023\/08\/131-300x300.png 300w, https:\/\/edm.ch\/wp-content\/uploads\/2023\/08\/131-1024x1024.png 1024w, https:\/\/edm.ch\/wp-content\/uploads\/2023\/08\/131-150x150.png 150w, https:\/\/edm.ch\/wp-content\/uploads\/2023\/08\/131-768x768.png 768w, https:\/\/edm.ch\/wp-content\/uploads\/2023\/08\/131-1536x1536.png 1536w\" data-sizes=\"auto\" data-original-sizes=\"(max-width: 1920px) 100vw, 1920px\" \/>\n                                                                    <\/a>\n                                <figcaption><\/figcaption>\n                            <\/div>\n                                            <\/div>\n                                                    <div class=\"left\">\n                        <div class=\"content\">\n                            <h3>                                Die Bed\u00fcrfnisse von Menschen in Bezug auf ihre eigene Gesundheit verstehen <small><\/small>\n                            <\/h3>                                                            <p align=\"justify\"><span lang=\"de-DE\">Um den Gesundheitsbedarf in unseren Einsatzl\u00e4ndern zu ermitteln, konsultieren wir die lokale Bev\u00f6lkerung sowie Fachkr\u00e4fte aus dem Gesundheitsbereich. Dieser Ansatz erm\u00f6glicht es, L\u00f6sungen zu entwickeln, die f\u00fcr die Bev\u00f6lkerung relevanter sind, da diese selbst in den Prozess einbezogen wird und ihre Meinung \u00e4u\u00dfern kann.<\/span><\/p>\n                                                                                                            <\/div>\n                    <\/div>\n                            <\/div>\n        <\/div>\n    <\/section>\n\n        <section class=\"contentSec\" style=\"display:\">\n        <div class=\"container\">\n            <div class=\"contentBlock\">\n                <h5>Was uns unterscheidet<\/h5>\n                <ul>\n<li><span lang=\"fr-CH\">Wir f\u00f6rdern die Beteiligung der lokalen Gemeinschaften: <strong>Runde Tische zur Ermittlung von Gesundheitsbarrieren und zur Erarbeitung von L\u00f6sungen<\/strong>, die in die Aktionspl\u00e4ne der Gesundheitszentren integriert werden; Teilnahme an Generalversammlungen von Gesundheitseinrichtungen, um die Qualit\u00e4t der Versorgung zu verbessern. <\/span><\/li>\n<li><span lang=\"fr-CH\">Frauen, Ehem\u00e4nner, Akteure der traditionellen Medizin und Gemeindef\u00fchrer <strong>verpflichten sich selbst zu bestimmten Ma\u00dfnahmen<\/strong>, um den Zugang zu medizinischer Versorgung zu verbessern: z. B. Bau eines Wartehauses in der N\u00e4he von Gesundheitszentren, damit weit entfernt wohnende Schwangere vor der Geburt dort unterkommen k\u00f6nnen. <\/span><\/li>\n<\/ul>\n                            <\/div>\n        <\/div>\n    <\/section>\n\n\n    <section class=\"donation_count\" style=\"display:\">\n        <div class=\"inner_row\">\n            <div class=\"right_img_block\">\n                <div class=\"img_block figure_block\">\n                    <img decoding=\"async\" data-src=\"https:\/\/edm.ch\/wp-content\/uploads\/2023\/08\/121-1.png\" alt=\"\" src=\"data:image\/svg+xml;base64,PHN2ZyB3aWR0aD0iMSIgaGVpZ2h0PSIxIiB4bWxucz0iaHR0cDovL3d3dy53My5vcmcvMjAwMC9zdmciPjwvc3ZnPg==\" class=\"lazyload\" style=\"--smush-placeholder-width: 1920px; --smush-placeholder-aspect-ratio: 1920\/1920;\" data-srcset=\"https:\/\/edm.ch\/wp-content\/uploads\/2023\/08\/121-1.png 1920w, https:\/\/edm.ch\/wp-content\/uploads\/2023\/08\/121-1-300x300.png 300w, https:\/\/edm.ch\/wp-content\/uploads\/2023\/08\/121-1-1024x1024.png 1024w, https:\/\/edm.ch\/wp-content\/uploads\/2023\/08\/121-1-150x150.png 150w, https:\/\/edm.ch\/wp-content\/uploads\/2023\/08\/121-1-768x768.png 768w, https:\/\/edm.ch\/wp-content\/uploads\/2023\/08\/121-1-1536x1536.png 1536w\" data-sizes=\"auto\" data-original-sizes=\"(max-width: 1920px) 100vw, 1920px\">\n                                            <div class=\"picture-caption\">\n                            <div class=\"caption-content\"><span>Rakib Ahsan\/Enfants du Monde<\/span><\/div>\n                        <\/div>\n                                    <\/div>\n            <\/div>\n            <div class=\"left_txt_block\">\n                <div class=\"txt_contents\">\n                    <h3>Meine Spende wirkt<\/h3>\n                    <div class=\"block_txts\">\n                                                    <div class=\"item\">\n                                <span class=\"title\">Zum Beispiel:<\/span>\n                                <p><\/p>\n                            <\/div>\n                                                    <div class=\"item\">\n                                <span class=\"title\">Mit 60 Franken:<\/span>\n                                <p>Schenke ich 11 schwangeren Frauen in Madagaskar eine Schulung zur Geburtsvorbereitung.<\/p>\n                            <\/div>\n                                                    <div class=\"item\">\n                                <span class=\"title\">Mit 100 Franken: <\/span>\n                                <p>Informiere ich 500 schwangere Frauen und ihre Ehem\u00e4nner in Bangladesch \u00fcber die Gefahren f\u00fcr das Neugeborene.<\/p>\n                            <\/div>\n                                                    <div class=\"item\">\n                                <span class=\"title\">Mit 150 Franken: <\/span>\n                                <p>Spende ich eine Weiterbildung f\u00fcr 2 Krankenschwestern in Nepal, damit sie respektvolle Pflege f\u00fcr schwangeren Frauen und ihren Neugeborenen leisten k\u00f6nnen.<\/p>\n                            <\/div>\n                                                                            <a href=\"https:\/\/don.edm.ch\/de\" class=\"btnWhite buttonDonation\">\n                                ICH SPENDE                            <\/a>\n                                            <\/div>\n                <\/div>\n            <\/div>\n        <\/div>\n    <\/section>","protected":false},"excerpt":{"rendered":"","protected":false},"author":3,"featured_media":0,"parent":0,"menu_order":0,"comment_status":"closed","ping_status":"closed","template":"templates\/yellow-line-1.php","meta":{"_acf_changed":false,"inline_featured_image":false,"footnotes":""},"class_list":["post-8112","page","type-page","status-publish","hentry"],"acf":[],"yoast_head":"<!-- This site is optimized with the Yoast SEO plugin v26.9 - https:\/\/yoast.com\/product\/yoast-seo-wordpress\/ -->\n<title>Einbeziehungder lokalen Bev\u00f6lkerung - Enfants du Monde<\/title>\n<meta name=\"description\" content=\"Um den Gesundheitsbedarf in unseren Einsatzl\u00e4ndern zu ermitteln, konsultieren wir in unseren Projekten die lokale Bev\u00f6lkerung.\" \/>\n<meta name=\"robots\" content=\"index, follow, max-snippet:-1, max-image-preview:large, max-video-preview:-1\" \/>\n<link rel=\"canonical\" href=\"https:\/\/edm.ch\/de\/einbeziehung-der-lokalen-bevoelkerung\/\" \/>\n<meta property=\"og:locale\" content=\"de_DE\" \/>\n<meta property=\"og:type\" content=\"article\" \/>\n<meta property=\"og:title\" content=\"Einbeziehungder lokalen Bev\u00f6lkerung - Enfants du Monde\" \/>\n<meta property=\"og:description\" content=\"Um den Gesundheitsbedarf in unseren Einsatzl\u00e4ndern zu ermitteln, konsultieren wir in unseren Projekten die lokale Bev\u00f6lkerung.\" \/>\n<meta property=\"og:url\" content=\"https:\/\/edm.ch\/de\/einbeziehung-der-lokalen-bevoelkerung\/\" \/>\n<meta property=\"og:site_name\" content=\"Enfants du monde\" \/>\n<meta property=\"article:modified_time\" content=\"2024-09-24T13:29:07+00:00\" \/>\n<meta name=\"twitter:card\" content=\"summary_large_image\" \/>\n<script type=\"application\/ld+json\" class=\"yoast-schema-graph\">{\"@context\":\"https:\/\/schema.org\",\"@graph\":[{\"@type\":\"WebPage\",\"@id\":\"https:\/\/edm.ch\/de\/einbeziehung-der-lokalen-bevoelkerung\/\",\"url\":\"https:\/\/edm.ch\/de\/einbeziehung-der-lokalen-bevoelkerung\/\",\"name\":\"Einbeziehungder lokalen Bev\u00f6lkerung - Enfants du Monde\",\"isPartOf\":{\"@id\":\"https:\/\/edm.ch\/en\/#website\"},\"datePublished\":\"2023-08-17T12:36:35+00:00\",\"dateModified\":\"2024-09-24T13:29:07+00:00\",\"description\":\"Um den Gesundheitsbedarf in unseren Einsatzl\u00e4ndern zu ermitteln, konsultieren wir in unseren Projekten die lokale Bev\u00f6lkerung.\",\"inLanguage\":\"de-DE\",\"potentialAction\":[{\"@type\":\"ReadAction\",\"target\":[\"https:\/\/edm.ch\/de\/einbeziehung-der-lokalen-bevoelkerung\/\"]}]},{\"@type\":\"WebSite\",\"@id\":\"https:\/\/edm.ch\/en\/#website\",\"url\":\"https:\/\/edm.ch\/en\/\",\"name\":\"Enfants du monde\",\"description\":\"Association suisse\",\"potentialAction\":[{\"@type\":\"SearchAction\",\"target\":{\"@type\":\"EntryPoint\",\"urlTemplate\":\"https:\/\/edm.ch\/en\/?s={search_term_string}\"},\"query-input\":{\"@type\":\"PropertyValueSpecification\",\"valueRequired\":true,\"valueName\":\"search_term_string\"}}],\"inLanguage\":\"de-DE\"}]}<\/script>\n<!-- \/ Yoast SEO plugin. -->","yoast_head_json":{"title":"Einbeziehungder lokalen Bev\u00f6lkerung - Enfants du Monde","description":"Um den Gesundheitsbedarf in unseren Einsatzl\u00e4ndern zu ermitteln, konsultieren wir in unseren Projekten die lokale Bev\u00f6lkerung.","robots":{"index":"index","follow":"follow","max-snippet":"max-snippet:-1","max-image-preview":"max-image-preview:large","max-video-preview":"max-video-preview:-1"},"canonical":"https:\/\/edm.ch\/de\/einbeziehung-der-lokalen-bevoelkerung\/","og_locale":"de_DE","og_type":"article","og_title":"Einbeziehungder lokalen Bev\u00f6lkerung - Enfants du Monde","og_description":"Um den Gesundheitsbedarf in unseren Einsatzl\u00e4ndern zu ermitteln, konsultieren wir in unseren Projekten die lokale Bev\u00f6lkerung.","og_url":"https:\/\/edm.ch\/de\/einbeziehung-der-lokalen-bevoelkerung\/","og_site_name":"Enfants du monde","article_modified_time":"2024-09-24T13:29:07+00:00","twitter_card":"summary_large_image","schema":{"@context":"https:\/\/schema.org","@graph":[{"@type":"WebPage","@id":"https:\/\/edm.ch\/de\/einbeziehung-der-lokalen-bevoelkerung\/","url":"https:\/\/edm.ch\/de\/einbeziehung-der-lokalen-bevoelkerung\/","name":"Einbeziehungder lokalen Bev\u00f6lkerung - Enfants du Monde","isPartOf":{"@id":"https:\/\/edm.ch\/en\/#website"},"datePublished":"2023-08-17T12:36:35+00:00","dateModified":"2024-09-24T13:29:07+00:00","description":"Um den Gesundheitsbedarf in unseren Einsatzl\u00e4ndern zu ermitteln, konsultieren wir in unseren Projekten die lokale Bev\u00f6lkerung.","inLanguage":"de-DE","potentialAction":[{"@type":"ReadAction","target":["https:\/\/edm.ch\/de\/einbeziehung-der-lokalen-bevoelkerung\/"]}]},{"@type":"WebSite","@id":"https:\/\/edm.ch\/en\/#website","url":"https:\/\/edm.ch\/en\/","name":"Enfants du monde","description":"Association suisse","potentialAction":[{"@type":"SearchAction","target":{"@type":"EntryPoint","urlTemplate":"https:\/\/edm.ch\/en\/?s={search_term_string}"},"query-input":{"@type":"PropertyValueSpecification","valueRequired":true,"valueName":"search_term_string"}}],"inLanguage":"de-DE"}]}},"_links":{"self":[{"href":"https:\/\/edm.ch\/de\/wp-json\/wp\/v2\/pages\/8112","targetHints":{"allow":["GET"]}}],"collection":[{"href":"https:\/\/edm.ch\/de\/wp-json\/wp\/v2\/pages"}],"about":[{"href":"https:\/\/edm.ch\/de\/wp-json\/wp\/v2\/types\/page"}],"author":[{"embeddable":true,"href":"https:\/\/edm.ch\/de\/wp-json\/wp\/v2\/users\/3"}],"replies":[{"embeddable":true,"href":"https:\/\/edm.ch\/de\/wp-json\/wp\/v2\/comments?post=8112"}],"version-history":[{"count":10,"href":"https:\/\/edm.ch\/de\/wp-json\/wp\/v2\/pages\/8112\/revisions"}],"predecessor-version":[{"id":32561,"href":"https:\/\/edm.ch\/de\/wp-json\/wp\/v2\/pages\/8112\/revisions\/32561"}],"wp:attachment":[{"href":"https:\/\/edm.ch\/de\/wp-json\/wp\/v2\/media?parent=8112"}],"curies":[{"name":"wp","href":"https:\/\/api.w.org\/{rel}","templated":true}]}}