{"id":8107,"date":"2023-08-17T11:40:26","date_gmt":"2023-08-17T11:40:26","guid":{"rendered":"https:\/\/edm.ch\/?page_id=8107"},"modified":"2024-09-24T13:23:02","modified_gmt":"2024-09-24T13:23:02","slug":"kognitive-entwicklung-des-kindes","status":"publish","type":"page","link":"https:\/\/edm.ch\/de\/kognitive-entwicklung-des-kindes\/","title":{"rendered":"Kognitive Entwicklung des Kindes"},"content":{"rendered":"<section class=\"subpageBanner\" style=\"display:\">\n    <div class=\"subpageBannerBlock figure_block\">\n        <img decoding=\"async\" data-src=\"https:\/\/edm.ch\/wp-content\/uploads\/2023\/08\/Dev-cognitif-banner.png\" src=\"data:image\/svg+xml;base64,PHN2ZyB3aWR0aD0iMSIgaGVpZ2h0PSIxIiB4bWxucz0iaHR0cDovL3d3dy53My5vcmcvMjAwMC9zdmciPjwvc3ZnPg==\" class=\"lazyload\" style=\"--smush-placeholder-width: 2500px; --smush-placeholder-aspect-ratio: 2500\/800;\" data-srcset=\"https:\/\/edm.ch\/wp-content\/uploads\/2023\/08\/Dev-cognitif-banner.png 2500w, https:\/\/edm.ch\/wp-content\/uploads\/2023\/08\/Dev-cognitif-banner-300x96.png 300w, https:\/\/edm.ch\/wp-content\/uploads\/2023\/08\/Dev-cognitif-banner-1024x328.png 1024w, https:\/\/edm.ch\/wp-content\/uploads\/2023\/08\/Dev-cognitif-banner-768x246.png 768w, https:\/\/edm.ch\/wp-content\/uploads\/2023\/08\/Dev-cognitif-banner-1536x492.png 1536w, https:\/\/edm.ch\/wp-content\/uploads\/2023\/08\/Dev-cognitif-banner-2048x655.png 2048w\" data-sizes=\"auto\" data-original-sizes=\"(max-width: 2500px) 100vw, 2500px\" \/>\n        <div class=\"subpageBannerWrap\">\n            <div class=\"container\">\n                <div class=\"content\">\n                    <div>\n                        <span class=\"bannerHead\"><\/span>\n                        <h1>Kognitive Entwicklung des Kindes<\/h1>\n                    <\/div>\n                                    <\/div>\n            <\/div>\n        <\/div>\n            <\/div>\n<\/section>\n<script type=\"text\/javascript\">\n    jQuery(document).ready(function ($) {\n        \/\/ Check if the block exists\n        var bannerSection = $('#subpage-banner-section');\n\n        if (bannerSection.length > 0) {\n            \/\/ Move the block to the end of <main> just before the footer\n            $('main').append(bannerSection); \/\/ This will append it inside the <main> tag\n        }\n\n        $('.documentAccordion').on('click', function (e) {\n            e.preventDefault();  \/\/ Prevent default link action\n\n            \/\/ Target the section with the given ID\n            $('html, body').animate({\n                scrollTop: $('#subpage-banner-section').offset().top - 200\n            }, 1000);\n        });\n    });\n<\/script>\n\n\n    \n    <section class=\"leftTextRightImg \" style=\"display:\">\n        <div class=\"container\">\n            <div class=\"leftTextRightImgRow\">\n                                    <div class=\"right\">\n                                                    <div class=\"imgBlock\">\n                                <a class=\"figure_block\" href=\"https:\/\/edm.ch\/wp-content\/uploads\/2023\/08\/RS4585_IMG_2947-scaled.jpg\" data-fancybox data-caption=\"\">\n                                    <img decoding=\"async\" data-src=\"https:\/\/edm.ch\/wp-content\/uploads\/2023\/08\/RS4585_IMG_2947-scaled.jpg\" src=\"data:image\/svg+xml;base64,PHN2ZyB3aWR0aD0iMSIgaGVpZ2h0PSIxIiB4bWxucz0iaHR0cDovL3d3dy53My5vcmcvMjAwMC9zdmciPjwvc3ZnPg==\" class=\"lazyload\" style=\"--smush-placeholder-width: 2560px; --smush-placeholder-aspect-ratio: 2560\/1707;\" data-srcset=\"https:\/\/edm.ch\/wp-content\/uploads\/2023\/08\/RS4585_IMG_2947-scaled.jpg 2560w, https:\/\/edm.ch\/wp-content\/uploads\/2023\/08\/RS4585_IMG_2947-300x200.jpg 300w, https:\/\/edm.ch\/wp-content\/uploads\/2023\/08\/RS4585_IMG_2947-1024x683.jpg 1024w, https:\/\/edm.ch\/wp-content\/uploads\/2023\/08\/RS4585_IMG_2947-768x512.jpg 768w, https:\/\/edm.ch\/wp-content\/uploads\/2023\/08\/RS4585_IMG_2947-1536x1024.jpg 1536w, https:\/\/edm.ch\/wp-content\/uploads\/2023\/08\/RS4585_IMG_2947-2048x1365.jpg 2048w\" data-sizes=\"auto\" data-original-sizes=\"(max-width: 2560px) 100vw, 2560px\" \/>\n                                                                    <\/a>\n                                <figcaption><\/figcaption>\n                            <\/div>\n                                            <\/div>\n                                                    <div class=\"left\">\n                        <div class=\"content\">\n                            <h2>                                Eine gesunde Entwicklung des Kindes f\u00f6rdern <small><\/small>\n                            <\/h2>                                                            <p align=\"justify\"><span lang=\"fr-CH\">Es ist nicht immer einfach zu wissen, wie man sich um ein Kleinkind k\u00fcmmert. Um zur Verbesserung des Wohlergehens von Kindern zwischen 0 und 5 Jahren in unseren Einsatzl\u00e4ndern beizutragen, sensibilisieren wir Eltern und Familien f\u00fcr die Entwicklung von Kindern, damit sie ihr Verhalten an deren Bed\u00fcrfnisse anpassen k\u00f6nnen. <\/span><\/p>\n                                                                                                            <\/div>\n                    <\/div>\n                            <\/div>\n        <\/div>\n    <\/section>\n\n        <section class=\"contentSec\" style=\"display:\">\n        <div class=\"container\">\n            <div class=\"contentBlock\">\n                <h5>\u00catre bien inform\u00e9\u00b7e&#8230;<\/h5>\n                <p><span lang=\"fr-CH\">Gut informiert zu sein \u00fcber die Pflege eines Kindes, seine Lernmechanismen, Sicherheitsma\u00dfnahmen, Ern\u00e4hrung, notwendige Gesundheitsf\u00fcrsorge und die Bedeutung des Spielens sind wesentliche Aspekte f\u00fcr sein Wohlbefinden. Wir bilden Gemeinschaftsgesundheitshelfer*innen aus, die dann junge Eltern \u00fcber die Bedeutung von <strong>Kommunikation und Spiel<\/strong> f\u00fcr die kognitive Entwicklung ihres Kindes aufkl\u00e4ren.<\/span><\/p>\n<p><span lang=\"fr-CH\">Wir entwickeln auch Werkzeuge, damit Eltern und Erwachsene in unseren Aktionsl\u00e4ndern Ressourcen zur Verf\u00fcgung haben, um sich \u00fcber die Bed\u00fcrfnisse von Kleinkindern zu informieren und ihre bestm\u00f6gliche Entwicklung zu f\u00f6rdern.<strong> Die Handy-App \u00abMon enfant grandit\u00bb<\/strong> ist in dieser Hinsicht innovativ: Erwachsene k\u00f6nnen die Entwicklung des Kindes verfolgen und erfahren, welche Pflege in welchem Alter erforderlich ist. Die App ist in lokalen Sprachen und mit l\u00e4nderspezifischen Bildern verf\u00fcgbar und ist f\u00fcr die Nutzer immer relevant, auch in Kontexten, in denen Einzelpersonen nicht immer Zugang zu den wichtigsten Informationen haben, die sie f\u00fcr die richtige Pflege eines Kindes ben\u00f6tigen.<\/span><\/p>\n                            <\/div>\n        <\/div>\n    <\/section>\n\n\n    <section class=\"donation_count\" style=\"display:\">\n        <div class=\"inner_row\">\n            <div class=\"right_img_block\">\n                <div class=\"img_block figure_block\">\n                    <img decoding=\"async\" data-src=\"https:\/\/edm.ch\/wp-content\/uploads\/2023\/08\/Enfants_du_monde_website_image_RS6526_Bangladesh_femme.png\" alt=\"\" src=\"data:image\/svg+xml;base64,PHN2ZyB3aWR0aD0iMSIgaGVpZ2h0PSIxIiB4bWxucz0iaHR0cDovL3d3dy53My5vcmcvMjAwMC9zdmciPjwvc3ZnPg==\" class=\"lazyload\" style=\"--smush-placeholder-width: 560px; --smush-placeholder-aspect-ratio: 560\/553;\" data-srcset=\"https:\/\/edm.ch\/wp-content\/uploads\/2023\/08\/Enfants_du_monde_website_image_RS6526_Bangladesh_femme.png 560w, https:\/\/edm.ch\/wp-content\/uploads\/2023\/08\/Enfants_du_monde_website_image_RS6526_Bangladesh_femme-300x296.png 300w\" data-sizes=\"auto\" data-original-sizes=\"(max-width: 560px) 100vw, 560px\">\n                                            <div class=\"picture-caption\">\n                            <div class=\"caption-content\"><span>Maman du Bangladesh et son b\u00e9b\u00e9<\/span><\/div>\n                        <\/div>\n                                    <\/div>\n            <\/div>\n            <div class=\"left_txt_block\">\n                <div class=\"txt_contents\">\n                    <h3>Meine Spende wirkt<\/h3>\n                    <div class=\"block_txts\">\n                                                    <div class=\"item\">\n                                <span class=\"title\">Mit 60 Franken:<\/span>\n                                <p>Ich finanziere 6 Lehrer*innen in Madagaskar ein Set zum Thema Ern\u00e4hrung, damit sie mit ihren Sch\u00fcler*innen Aktivit\u00e4ten im Unterricht durchf\u00fchren k\u00f6nnen.   <\/p>\n                            <\/div>\n                                                    <div class=\"item\">\n                                <span class=\"title\">Mit 100 Franken: <\/span>\n                                <p>Informiere ich 500 schwangere Frauen und ihre Ehem\u00e4nner in Bangladesch \u00fcber die Gefahren f\u00fcr das Neugeborene.<\/p>\n                            <\/div>\n                                                    <div class=\"item\">\n                                <span class=\"title\">Mit 150 Franken: <\/span>\n                                <p>Spende ich eine Weiterbildung f\u00fcr 2 Krankenschwestern in Nepal, damit sie respektvolle Pflege f\u00fcr schwangeren Frauen und ihren Neugeborenen leisten k\u00f6nnen.<\/p>\n                            <\/div>\n                                                                            <a href=\"https:\/\/don.edm.ch\/de\" class=\"btnWhite buttonDonation\">\n                                Jetzt spenden                            <\/a>\n                                            <\/div>\n                <\/div>\n            <\/div>\n        <\/div>\n    <\/section>","protected":false},"excerpt":{"rendered":"","protected":false},"author":3,"featured_media":0,"parent":0,"menu_order":0,"comment_status":"closed","ping_status":"closed","template":"templates\/yellow-line-5.php","meta":{"_acf_changed":false,"inline_featured_image":false,"footnotes":""},"class_list":["post-8107","page","type-page","status-publish","hentry"],"acf":[],"yoast_head":"<!-- This site is optimized with the Yoast SEO plugin v26.9 - https:\/\/yoast.com\/product\/yoast-seo-wordpress\/ -->\n<title>Kognitive Entwicklung des Kindes - Enfants du Monde<\/title>\n<meta name=\"description\" content=\"Wir sensibilisieren Eltern f\u00fcr Verhaltensweisen, die die Lernf\u00e4higkeit, die Entwicklung der intellektuellen Funktionen von 0 bis 5 Jahren f\u00f6rdern.\" \/>\n<meta name=\"robots\" content=\"index, follow, max-snippet:-1, max-image-preview:large, max-video-preview:-1\" \/>\n<link rel=\"canonical\" href=\"https:\/\/edm.ch\/de\/kognitive-entwicklung-des-kindes\/\" \/>\n<meta property=\"og:locale\" content=\"de_DE\" \/>\n<meta property=\"og:type\" content=\"article\" \/>\n<meta property=\"og:title\" content=\"Kognitive Entwicklung des Kindes - Enfants du Monde\" \/>\n<meta property=\"og:description\" content=\"Wir sensibilisieren Eltern f\u00fcr Verhaltensweisen, die die Lernf\u00e4higkeit, die Entwicklung der intellektuellen Funktionen von 0 bis 5 Jahren f\u00f6rdern.\" \/>\n<meta property=\"og:url\" content=\"https:\/\/edm.ch\/de\/kognitive-entwicklung-des-kindes\/\" \/>\n<meta property=\"og:site_name\" content=\"Enfants du monde\" \/>\n<meta property=\"article:modified_time\" content=\"2024-09-24T13:23:02+00:00\" \/>\n<meta name=\"twitter:card\" content=\"summary_large_image\" \/>\n<script type=\"application\/ld+json\" class=\"yoast-schema-graph\">{\"@context\":\"https:\/\/schema.org\",\"@graph\":[{\"@type\":\"WebPage\",\"@id\":\"https:\/\/edm.ch\/de\/kognitive-entwicklung-des-kindes\/\",\"url\":\"https:\/\/edm.ch\/de\/kognitive-entwicklung-des-kindes\/\",\"name\":\"Kognitive Entwicklung des Kindes - Enfants du Monde\",\"isPartOf\":{\"@id\":\"https:\/\/edm.ch\/en\/#website\"},\"datePublished\":\"2023-08-17T11:40:26+00:00\",\"dateModified\":\"2024-09-24T13:23:02+00:00\",\"description\":\"Wir sensibilisieren Eltern f\u00fcr Verhaltensweisen, die die Lernf\u00e4higkeit, die Entwicklung der intellektuellen Funktionen von 0 bis 5 Jahren f\u00f6rdern.\",\"inLanguage\":\"de-DE\",\"potentialAction\":[{\"@type\":\"ReadAction\",\"target\":[\"https:\/\/edm.ch\/de\/kognitive-entwicklung-des-kindes\/\"]}]},{\"@type\":\"WebSite\",\"@id\":\"https:\/\/edm.ch\/en\/#website\",\"url\":\"https:\/\/edm.ch\/en\/\",\"name\":\"Enfants du monde\",\"description\":\"Association suisse\",\"potentialAction\":[{\"@type\":\"SearchAction\",\"target\":{\"@type\":\"EntryPoint\",\"urlTemplate\":\"https:\/\/edm.ch\/en\/?s={search_term_string}\"},\"query-input\":{\"@type\":\"PropertyValueSpecification\",\"valueRequired\":true,\"valueName\":\"search_term_string\"}}],\"inLanguage\":\"de-DE\"}]}<\/script>\n<!-- \/ Yoast SEO plugin. -->","yoast_head_json":{"title":"Kognitive Entwicklung des Kindes - Enfants du Monde","description":"Wir sensibilisieren Eltern f\u00fcr Verhaltensweisen, die die Lernf\u00e4higkeit, die Entwicklung der intellektuellen Funktionen von 0 bis 5 Jahren f\u00f6rdern.","robots":{"index":"index","follow":"follow","max-snippet":"max-snippet:-1","max-image-preview":"max-image-preview:large","max-video-preview":"max-video-preview:-1"},"canonical":"https:\/\/edm.ch\/de\/kognitive-entwicklung-des-kindes\/","og_locale":"de_DE","og_type":"article","og_title":"Kognitive Entwicklung des Kindes - Enfants du Monde","og_description":"Wir sensibilisieren Eltern f\u00fcr Verhaltensweisen, die die Lernf\u00e4higkeit, die Entwicklung der intellektuellen Funktionen von 0 bis 5 Jahren f\u00f6rdern.","og_url":"https:\/\/edm.ch\/de\/kognitive-entwicklung-des-kindes\/","og_site_name":"Enfants du monde","article_modified_time":"2024-09-24T13:23:02+00:00","twitter_card":"summary_large_image","schema":{"@context":"https:\/\/schema.org","@graph":[{"@type":"WebPage","@id":"https:\/\/edm.ch\/de\/kognitive-entwicklung-des-kindes\/","url":"https:\/\/edm.ch\/de\/kognitive-entwicklung-des-kindes\/","name":"Kognitive Entwicklung des Kindes - Enfants du Monde","isPartOf":{"@id":"https:\/\/edm.ch\/en\/#website"},"datePublished":"2023-08-17T11:40:26+00:00","dateModified":"2024-09-24T13:23:02+00:00","description":"Wir sensibilisieren Eltern f\u00fcr Verhaltensweisen, die die Lernf\u00e4higkeit, die Entwicklung der intellektuellen Funktionen von 0 bis 5 Jahren f\u00f6rdern.","inLanguage":"de-DE","potentialAction":[{"@type":"ReadAction","target":["https:\/\/edm.ch\/de\/kognitive-entwicklung-des-kindes\/"]}]},{"@type":"WebSite","@id":"https:\/\/edm.ch\/en\/#website","url":"https:\/\/edm.ch\/en\/","name":"Enfants du monde","description":"Association suisse","potentialAction":[{"@type":"SearchAction","target":{"@type":"EntryPoint","urlTemplate":"https:\/\/edm.ch\/en\/?s={search_term_string}"},"query-input":{"@type":"PropertyValueSpecification","valueRequired":true,"valueName":"search_term_string"}}],"inLanguage":"de-DE"}]}},"_links":{"self":[{"href":"https:\/\/edm.ch\/de\/wp-json\/wp\/v2\/pages\/8107","targetHints":{"allow":["GET"]}}],"collection":[{"href":"https:\/\/edm.ch\/de\/wp-json\/wp\/v2\/pages"}],"about":[{"href":"https:\/\/edm.ch\/de\/wp-json\/wp\/v2\/types\/page"}],"author":[{"embeddable":true,"href":"https:\/\/edm.ch\/de\/wp-json\/wp\/v2\/users\/3"}],"replies":[{"embeddable":true,"href":"https:\/\/edm.ch\/de\/wp-json\/wp\/v2\/comments?post=8107"}],"version-history":[{"count":8,"href":"https:\/\/edm.ch\/de\/wp-json\/wp\/v2\/pages\/8107\/revisions"}],"predecessor-version":[{"id":32557,"href":"https:\/\/edm.ch\/de\/wp-json\/wp\/v2\/pages\/8107\/revisions\/32557"}],"wp:attachment":[{"href":"https:\/\/edm.ch\/de\/wp-json\/wp\/v2\/media?parent=8107"}],"curies":[{"name":"wp","href":"https:\/\/api.w.org\/{rel}","templated":true}]}}