{"id":7625,"date":"2023-08-11T15:38:58","date_gmt":"2023-08-11T15:38:58","guid":{"rendered":"https:\/\/edm.ch\/?page_id=7625"},"modified":"2024-09-24T13:21:03","modified_gmt":"2024-09-24T13:21:03","slug":"sexuelle-und-reproduktive-gesundheit","status":"publish","type":"page","link":"https:\/\/edm.ch\/de\/sexuelle-und-reproduktive-gesundheit\/","title":{"rendered":"Aufkl\u00e4rung \u00fcber sexuelle und reproduktive Gesundheit"},"content":{"rendered":"<section class=\"subpageBanner\" style=\"display:\">\n    <div class=\"subpageBannerBlock figure_block\">\n        <img decoding=\"async\" data-src=\"https:\/\/edm.ch\/wp-content\/uploads\/2023\/08\/Enfants_du_monde_website_image_banner_tanzanie_2.png\" src=\"data:image\/svg+xml;base64,PHN2ZyB3aWR0aD0iMSIgaGVpZ2h0PSIxIiB4bWxucz0iaHR0cDovL3d3dy53My5vcmcvMjAwMC9zdmciPjwvc3ZnPg==\" class=\"lazyload\" style=\"--smush-placeholder-width: 2500px; --smush-placeholder-aspect-ratio: 2500\/800;\" data-srcset=\"https:\/\/edm.ch\/wp-content\/uploads\/2023\/08\/Enfants_du_monde_website_image_banner_tanzanie_2.png 2500w, https:\/\/edm.ch\/wp-content\/uploads\/2023\/08\/Enfants_du_monde_website_image_banner_tanzanie_2-300x96.png 300w, https:\/\/edm.ch\/wp-content\/uploads\/2023\/08\/Enfants_du_monde_website_image_banner_tanzanie_2-1024x328.png 1024w, https:\/\/edm.ch\/wp-content\/uploads\/2023\/08\/Enfants_du_monde_website_image_banner_tanzanie_2-768x246.png 768w, https:\/\/edm.ch\/wp-content\/uploads\/2023\/08\/Enfants_du_monde_website_image_banner_tanzanie_2-1536x492.png 1536w, https:\/\/edm.ch\/wp-content\/uploads\/2023\/08\/Enfants_du_monde_website_image_banner_tanzanie_2-2048x655.png 2048w\" data-sizes=\"auto\" data-original-sizes=\"(max-width: 2500px) 100vw, 2500px\" \/>\n        <div class=\"subpageBannerWrap\">\n            <div class=\"container\">\n                <div class=\"content\">\n                    <div>\n                        <span class=\"bannerHead\"><\/span>\n                        <h1>Aufkl\u00e4rung \u00fcber sexuelle und reproduktive Gesundheit<\/h1>\n                    <\/div>\n                                    <\/div>\n            <\/div>\n        <\/div>\n            <\/div>\n<\/section>\n<script type=\"text\/javascript\">\n    jQuery(document).ready(function ($) {\n        \/\/ Check if the block exists\n        var bannerSection = $('#subpage-banner-section');\n\n        if (bannerSection.length > 0) {\n            \/\/ Move the block to the end of <main> just before the footer\n            $('main').append(bannerSection); \/\/ This will append it inside the <main> tag\n        }\n\n        $('.documentAccordion').on('click', function (e) {\n            e.preventDefault();  \/\/ Prevent default link action\n\n            \/\/ Target the section with the given ID\n            $('html, body').animate({\n                scrollTop: $('#subpage-banner-section').offset().top - 200\n            }, 1000);\n        });\n    });\n<\/script>\n\n\n        <section class=\" countSec\" style=\"display:\">\n        <div class=\"container\">\n            <div class=\"countHolder\">\n                <h2><\/h2>\n                <div class=\"countBlock\">\n                    <div class=\"countRow\">\n\n                        \n                            <div class=\"countCol\">\n                                <div class=\"countColInner\">\n                                    <div class=\"imgBlock\">\n                                    <img decoding=\"async\" data-src=\"https:\/\/edm.ch\/wp-content\/uploads\/2023\/08\/Picto-femme-enceinte.png\" src=\"data:image\/svg+xml;base64,PHN2ZyB3aWR0aD0iMSIgaGVpZ2h0PSIxIiB4bWxucz0iaHR0cDovL3d3dy53My5vcmcvMjAwMC9zdmciPjwvc3ZnPg==\" class=\"lazyload\" style=\"--smush-placeholder-width: 160px; --smush-placeholder-aspect-ratio: 160\/160;\" data-srcset=\"https:\/\/edm.ch\/wp-content\/uploads\/2023\/08\/Picto-femme-enceinte.png 160w, https:\/\/edm.ch\/wp-content\/uploads\/2023\/08\/Picto-femme-enceinte-150x150.png 150w\" data-sizes=\"auto\" data-original-sizes=\"(max-width: 160px) 100vw, 160px\" \/>\n                                    <\/div>\n                                    <div class=\"content\">\n                                    <h2>39%<\/h2>\n                                    <p>der weiblichen Teenager in Tansania haben bereits ein Kind oder sind schwanger.<\/p>\n                                    <\/div>\n                                <\/div>\n                            <\/div>\n\n                        \n                            <div class=\"countCol\">\n                                <div class=\"countColInner\">\n                                    <div class=\"imgBlock\">\n                                    <img decoding=\"async\" data-src=\"https:\/\/edm.ch\/wp-content\/uploads\/2023\/08\/Picto-sante-3.png\" src=\"data:image\/svg+xml;base64,PHN2ZyB3aWR0aD0iMSIgaGVpZ2h0PSIxIiB4bWxucz0iaHR0cDovL3d3dy53My5vcmcvMjAwMC9zdmciPjwvc3ZnPg==\" class=\"lazyload\" style=\"--smush-placeholder-width: 160px; --smush-placeholder-aspect-ratio: 160\/160;\" data-srcset=\"https:\/\/edm.ch\/wp-content\/uploads\/2023\/08\/Picto-sante-3.png 160w, https:\/\/edm.ch\/wp-content\/uploads\/2023\/08\/Picto-sante-3-150x150.png 150w\" data-sizes=\"auto\" data-original-sizes=\"(max-width: 160px) 100vw, 160px\" \/>\n                                    <\/div>\n                                    <div class=\"content\">\n                                    <h2>44&#8217;000 <\/h2>\n                                    <p>Teenager*innen werden von unserem Projekt profitieren.<\/p>\n                                    <\/div>\n                                <\/div>\n                            <\/div>\n\n                        \n                    <\/div>\n                <\/div>\n                <div class=\"countBlockText\"><p><\/p><\/div>\n            <\/div>\n        <\/div>\n    <\/section>\n\n        <section class=\"contentSec\" style=\"display:\">\n        <div class=\"container\">\n            <div class=\"contentBlock\">\n                <h5>Jugendliche bef\u00e4higen, ihr Wissen zu verbessern<\/h5>\n                <p><span style=\"color: #000000;\">In unseren Einsatzl\u00e4ndern verf\u00fcgen Jugendliche oft \u00fcber verwirrende und widerspr\u00fcchliche Informationen \u00fcber Liebesbeziehungen und Sexualit\u00e4t. Wir bef\u00e4higen sie dazu, ihr Wissen zu verbessern, damit sie ihre Entscheidungen fundiert treffen k\u00f6nnen. Innerhalb und ausserhalb der Schule werden in Aufkl\u00e4rungssitzungen, die von Lehrern, Gesundheitsdienstleistern, Peer-Educators und Gemeindegesundheitshelfer*innen geleitet werden, zuverl\u00e4ssige Informationen an schulpflichtige und nicht schulpflichtige Teenager weitergegeben.<\/span><\/p>\n<p><span style=\"color: #000000;\">Diese Sitzungen sind altersgerecht und behandeln Themen wie: Liebesbeziehungen; Kultur und Tabus; Gewalt und Sicherheit; Einwilligung; der menschliche K\u00f6rper und die Entwicklung; Sexualit\u00e4t.<\/span><\/p>\n                            <\/div>\n        <\/div>\n    <\/section>\n\n\n    \n    <section class=\"rightTextLeftImg \" style=\"display:\">\n        <div class=\"container\">\n            <div class=\"rightTextLeftImgRow\">\n                                    <div class=\"left\">\n                                                    <div class=\"imgBlock\">\n                                <a class=\"figure_block\" href=\"https:\/\/edm.ch\/wp-content\/uploads\/2023\/08\/Enfants-du-Monde_website_1920x1920_6935.png\" data-fancybox data-caption=\"\">\n                                    <img decoding=\"async\" data-src=\"https:\/\/edm.ch\/wp-content\/uploads\/2023\/08\/Enfants-du-Monde_website_1920x1920_6935.png\" src=\"data:image\/svg+xml;base64,PHN2ZyB3aWR0aD0iMSIgaGVpZ2h0PSIxIiB4bWxucz0iaHR0cDovL3d3dy53My5vcmcvMjAwMC9zdmciPjwvc3ZnPg==\" class=\"lazyload\" style=\"--smush-placeholder-width: 1920px; --smush-placeholder-aspect-ratio: 1920\/1920;\" data-srcset=\"https:\/\/edm.ch\/wp-content\/uploads\/2023\/08\/Enfants-du-Monde_website_1920x1920_6935.png 1920w, https:\/\/edm.ch\/wp-content\/uploads\/2023\/08\/Enfants-du-Monde_website_1920x1920_6935-300x300.png 300w, https:\/\/edm.ch\/wp-content\/uploads\/2023\/08\/Enfants-du-Monde_website_1920x1920_6935-1024x1024.png 1024w, https:\/\/edm.ch\/wp-content\/uploads\/2023\/08\/Enfants-du-Monde_website_1920x1920_6935-150x150.png 150w, https:\/\/edm.ch\/wp-content\/uploads\/2023\/08\/Enfants-du-Monde_website_1920x1920_6935-768x768.png 768w, https:\/\/edm.ch\/wp-content\/uploads\/2023\/08\/Enfants-du-Monde_website_1920x1920_6935-1536x1536.png 1536w\" data-sizes=\"auto\" data-original-sizes=\"(max-width: 1920px) 100vw, 1920px\" \/>\n                                                                    <\/a>\n                                <figcaption><\/figcaption>\n                            <\/div>\n                                            <\/div>\n                                                    <div class=\"right\">\n                        <div class=\"content\">\n                            <h5>                                Verhinderung von Teenagerschwangerschaften und der \u00dcbertragung von Krankheiten. <small><\/small>\n                            <\/h5>                                                            <p align=\"left\">Wir erstellen jugendgerechte Unterrichtsmaterialien und bilden Jugendbetreuer*innen und Lehrer*innen aus, damit sie partizipative Aktivit\u00e4ten mit Jugendlichen durchf\u00fchren k\u00f6nnen, um Teenagerschwangerschaften zu verhindern.<\/p>\n                                                                                                            <\/div>\n                    <\/div>\n                            <\/div>\n        <\/div>\n    <\/section>\n\n\n    <section class=\"activitySec\" style=\"display:\">\n      <div class=\"container\">\n        <div class=\"secTitle\">\n            <h2>In der Praxis in den Einsatzl\u00e4ndern<\/h2>\n        <\/div>\n        <div class=\"activityRow\">\n\n            \n                <div class=\"activityCol\">\n                    <div class=\"activityColInner\">\n                        <div class=\"imgBlock\">\n                            <a href=\"https:\/\/edm.ch\/de\/tansania\/\">                                <img decoding=\"async\" data-src=\"https:\/\/edm.ch\/wp-content\/uploads\/2023\/08\/Enfants-du-Monde_website_1920x1920_6941.png\" alt=\"EMD-img\" src=\"data:image\/svg+xml;base64,PHN2ZyB3aWR0aD0iMSIgaGVpZ2h0PSIxIiB4bWxucz0iaHR0cDovL3d3dy53My5vcmcvMjAwMC9zdmciPjwvc3ZnPg==\" class=\"lazyload\" style=\"--smush-placeholder-width: 1920px; --smush-placeholder-aspect-ratio: 1920\/1920;\" data-srcset=\"https:\/\/edm.ch\/wp-content\/uploads\/2023\/08\/Enfants-du-Monde_website_1920x1920_6941.png 1920w, https:\/\/edm.ch\/wp-content\/uploads\/2023\/08\/Enfants-du-Monde_website_1920x1920_6941-300x300.png 300w, https:\/\/edm.ch\/wp-content\/uploads\/2023\/08\/Enfants-du-Monde_website_1920x1920_6941-1024x1024.png 1024w, https:\/\/edm.ch\/wp-content\/uploads\/2023\/08\/Enfants-du-Monde_website_1920x1920_6941-150x150.png 150w, https:\/\/edm.ch\/wp-content\/uploads\/2023\/08\/Enfants-du-Monde_website_1920x1920_6941-768x768.png 768w, https:\/\/edm.ch\/wp-content\/uploads\/2023\/08\/Enfants-du-Monde_website_1920x1920_6941-1536x1536.png 1536w\" data-sizes=\"auto\" data-original-sizes=\"(max-width: 1920px) 100vw, 1920px\" \/>\n                            <\/a>                        <\/div>\n                        <div class=\"contentBlock\">\n                            <h3>Tansania<\/h3>\n                            <p align=\"left\"><span lang=\"de-CH\">Projekt zur <\/span><strong><span lang=\"de-CH\">Verbesserung der sexuellen Gesundheit von Teenagern im Alter von 10 bis 19 Jahren im Bezirk Ulanga im S\u00fcden des Landes<\/span><\/strong><span lang=\"de-CH\"> durch Ver\u00e4nderung der Einstellungen und Anpassung der Gesundheitsdienste an ihre Bed\u00fcrfnisse.<\/span><\/p>\n                                                            <a href=\"https:\/\/edm.ch\/de\/tansania\/\" class=\"btnWhite\">Mehr erfahren<\/a>\n                                                    <\/div>\n                    <\/div>\n                <\/div>\n\n                        \n        <\/div>\n      <\/div>\n    <\/section>\n\n\n    \n    <section class=\"quoteImage rightTextLeftImg \" style=\"display:\">\n        <div class=\"container\">\n            <div class=\"rightTextLeftImgRow\">\n                                    <div class=\"left\">\n                                                    <div class=\"imgBlock\">\n                                <a class=\"figure_block\" href=\"https:\/\/edm.ch\/wp-content\/uploads\/2023\/08\/Enfants_du_monde_website_image_tanzanie_4.png\" data-fancybox data-caption=\"\">\n                                    <img decoding=\"async\" data-src=\"https:\/\/edm.ch\/wp-content\/uploads\/2023\/08\/Enfants_du_monde_website_image_tanzanie_4.png\" src=\"data:image\/svg+xml;base64,PHN2ZyB3aWR0aD0iMSIgaGVpZ2h0PSIxIiB4bWxucz0iaHR0cDovL3d3dy53My5vcmcvMjAwMC9zdmciPjwvc3ZnPg==\" class=\"lazyload\" style=\"--smush-placeholder-width: 1920px; --smush-placeholder-aspect-ratio: 1920\/1920;\" data-srcset=\"https:\/\/edm.ch\/wp-content\/uploads\/2023\/08\/Enfants_du_monde_website_image_tanzanie_4.png 1920w, https:\/\/edm.ch\/wp-content\/uploads\/2023\/08\/Enfants_du_monde_website_image_tanzanie_4-300x300.png 300w, https:\/\/edm.ch\/wp-content\/uploads\/2023\/08\/Enfants_du_monde_website_image_tanzanie_4-1024x1024.png 1024w, https:\/\/edm.ch\/wp-content\/uploads\/2023\/08\/Enfants_du_monde_website_image_tanzanie_4-150x150.png 150w, https:\/\/edm.ch\/wp-content\/uploads\/2023\/08\/Enfants_du_monde_website_image_tanzanie_4-768x768.png 768w, https:\/\/edm.ch\/wp-content\/uploads\/2023\/08\/Enfants_du_monde_website_image_tanzanie_4-1536x1536.png 1536w\" data-sizes=\"auto\" data-original-sizes=\"(max-width: 1920px) 100vw, 1920px\" \/>\n                                                                    <\/a>\n                                <figcaption><\/figcaption>\n                            <\/div>\n                                            <\/div>\n                                                    <div class=\"right\">\n                        <div class=\"content\">\n                            <h2>                                Julius und Neema,  <small>Sch\u00fcler*innen, Tansania<\/small>\n                            <\/h2>                            <div class=\"quote\">                                <p>Wir sind 17 Jahre alt und unser Lehrer hat uns ausgew\u00e4hlt, um Sexualkundeunterricht f\u00fcr Jugendliche zu leiten. Wir wurden daf\u00fcr ausgebildet und nun organisieren wir Unterrichtsstunden, um unser Wissen mit anderen Sch\u00fcler*innen zu teilen.<\/p>\n                            <\/div>                                                                                <\/div>\n                    <\/div>\n                            <\/div>\n        <\/div>\n    <\/section>\n\n\n    <section class=\"donation_count\" style=\"display:\">\n        <div class=\"inner_row\">\n            <div class=\"right_img_block\">\n                <div class=\"img_block figure_block\">\n                    <img decoding=\"async\" data-src=\"https:\/\/edm.ch\/wp-content\/uploads\/2023\/08\/6588.png\" alt=\"\" src=\"data:image\/svg+xml;base64,PHN2ZyB3aWR0aD0iMSIgaGVpZ2h0PSIxIiB4bWxucz0iaHR0cDovL3d3dy53My5vcmcvMjAwMC9zdmciPjwvc3ZnPg==\" class=\"lazyload\" style=\"--smush-placeholder-width: 1920px; --smush-placeholder-aspect-ratio: 1920\/1920;\" data-srcset=\"https:\/\/edm.ch\/wp-content\/uploads\/2023\/08\/6588.png 1920w, https:\/\/edm.ch\/wp-content\/uploads\/2023\/08\/6588-300x300.png 300w, https:\/\/edm.ch\/wp-content\/uploads\/2023\/08\/6588-1024x1024.png 1024w, https:\/\/edm.ch\/wp-content\/uploads\/2023\/08\/6588-150x150.png 150w, https:\/\/edm.ch\/wp-content\/uploads\/2023\/08\/6588-768x768.png 768w, https:\/\/edm.ch\/wp-content\/uploads\/2023\/08\/6588-1536x1536.png 1536w\" data-sizes=\"auto\" data-original-sizes=\"(max-width: 1920px) 100vw, 1920px\">\n                                    <\/div>\n            <\/div>\n            <div class=\"left_txt_block\">\n                <div class=\"txt_contents\">\n                    <h3>Meine Spende macht einen Unterschied<\/h3>\n                    <div class=\"block_txts\">\n                                                    <div class=\"item\">\n                                <span class=\"title\">Zum Beispiel:<\/span>\n                                <p><\/p>\n                            <\/div>\n                                                    <div class=\"item\">\n                                <span class=\"title\">Mit 60 Franken:<\/span>\n                                <p>Ich finanziere 6 Lehrer*innen in Madagaskar ein Set zum Thema Ern\u00e4hrung, damit sie mit ihren Sch\u00fcler*innen Aktivit\u00e4ten im Unterricht durchf\u00fchren k\u00f6nnen. <\/p>\n                            <\/div>\n                                                    <div class=\"item\">\n                                <span class=\"title\">Mit 100 Franken: <\/span>\n                                <p>Informiere ich 500 schwangere Frauen und ihre Ehem\u00e4nner in Bangladesch \u00fcber die Gefahren f\u00fcr das Neugeborene.<\/p>\n                            <\/div>\n                                                    <div class=\"item\">\n                                <span class=\"title\">Mit 150 Franken: <\/span>\n                                <p>Spende ich eine Weiterbildung f\u00fcr 2 Krankenschwestern in Nepal, damit sie respektvolle Pflege f\u00fcr schwangeren Frauen und ihren Neugeborenen leisten k\u00f6nnen.<\/p>\n                            <\/div>\n                                                                            <a href=\"https:\/\/don.edm.ch\/de\" class=\"btnWhite buttonDonation\">\n                                Jetzt spenden                            <\/a>\n                                            <\/div>\n                <\/div>\n            <\/div>\n        <\/div>\n    <\/section>","protected":false},"excerpt":{"rendered":"","protected":false},"author":3,"featured_media":0,"parent":0,"menu_order":0,"comment_status":"closed","ping_status":"closed","template":"templates\/yellow-line-1.php","meta":{"_acf_changed":false,"inline_featured_image":false,"footnotes":""},"class_list":["post-7625","page","type-page","status-publish","hentry"],"acf":[],"yoast_head":"<!-- This site is optimized with the Yoast SEO plugin v26.9 - https:\/\/yoast.com\/product\/yoast-seo-wordpress\/ -->\n<title>Sexuelle und reproduktive Gesundheit - Enfants du Monde<\/title>\n<meta name=\"description\" content=\"Enfants du Monde erm\u00f6glicht es den Jugendlichen, ihre Kenntnisse \u00fcber die Sexualit\u00e4t zu verbessern, damit sie ihre Entscheidungen in Kenntnis der Sachlage treffen k\u00f6nnen.\" \/>\n<meta name=\"robots\" content=\"index, follow, max-snippet:-1, max-image-preview:large, max-video-preview:-1\" \/>\n<link rel=\"canonical\" href=\"https:\/\/edm.ch\/de\/sexuelle-und-reproduktive-gesundheit\/\" \/>\n<meta property=\"og:locale\" content=\"de_DE\" \/>\n<meta property=\"og:type\" content=\"article\" \/>\n<meta property=\"og:title\" content=\"Sexuelle und reproduktive Gesundheit - Enfants du Monde\" \/>\n<meta property=\"og:description\" content=\"Enfants du Monde erm\u00f6glicht es den Jugendlichen, ihre Kenntnisse \u00fcber die Sexualit\u00e4t zu verbessern, damit sie ihre Entscheidungen in Kenntnis der Sachlage treffen k\u00f6nnen.\" \/>\n<meta property=\"og:url\" content=\"https:\/\/edm.ch\/de\/sexuelle-und-reproduktive-gesundheit\/\" \/>\n<meta property=\"og:site_name\" content=\"Enfants du monde\" \/>\n<meta property=\"article:modified_time\" content=\"2024-09-24T13:21:03+00:00\" \/>\n<meta name=\"twitter:card\" content=\"summary_large_image\" \/>\n<script type=\"application\/ld+json\" class=\"yoast-schema-graph\">{\"@context\":\"https:\/\/schema.org\",\"@graph\":[{\"@type\":\"WebPage\",\"@id\":\"https:\/\/edm.ch\/de\/sexuelle-und-reproduktive-gesundheit\/\",\"url\":\"https:\/\/edm.ch\/de\/sexuelle-und-reproduktive-gesundheit\/\",\"name\":\"Sexuelle und reproduktive Gesundheit - Enfants du Monde\",\"isPartOf\":{\"@id\":\"https:\/\/edm.ch\/en\/#website\"},\"datePublished\":\"2023-08-11T15:38:58+00:00\",\"dateModified\":\"2024-09-24T13:21:03+00:00\",\"description\":\"Enfants du Monde erm\u00f6glicht es den Jugendlichen, ihre Kenntnisse \u00fcber die Sexualit\u00e4t zu verbessern, damit sie ihre Entscheidungen in Kenntnis der Sachlage treffen k\u00f6nnen.\",\"inLanguage\":\"de-DE\",\"potentialAction\":[{\"@type\":\"ReadAction\",\"target\":[\"https:\/\/edm.ch\/de\/sexuelle-und-reproduktive-gesundheit\/\"]}]},{\"@type\":\"WebSite\",\"@id\":\"https:\/\/edm.ch\/en\/#website\",\"url\":\"https:\/\/edm.ch\/en\/\",\"name\":\"Enfants du monde\",\"description\":\"Association suisse\",\"potentialAction\":[{\"@type\":\"SearchAction\",\"target\":{\"@type\":\"EntryPoint\",\"urlTemplate\":\"https:\/\/edm.ch\/en\/?s={search_term_string}\"},\"query-input\":{\"@type\":\"PropertyValueSpecification\",\"valueRequired\":true,\"valueName\":\"search_term_string\"}}],\"inLanguage\":\"de-DE\"}]}<\/script>\n<!-- \/ Yoast SEO plugin. -->","yoast_head_json":{"title":"Sexuelle und reproduktive Gesundheit - Enfants du Monde","description":"Enfants du Monde erm\u00f6glicht es den Jugendlichen, ihre Kenntnisse \u00fcber die Sexualit\u00e4t zu verbessern, damit sie ihre Entscheidungen in Kenntnis der Sachlage treffen k\u00f6nnen.","robots":{"index":"index","follow":"follow","max-snippet":"max-snippet:-1","max-image-preview":"max-image-preview:large","max-video-preview":"max-video-preview:-1"},"canonical":"https:\/\/edm.ch\/de\/sexuelle-und-reproduktive-gesundheit\/","og_locale":"de_DE","og_type":"article","og_title":"Sexuelle und reproduktive Gesundheit - Enfants du Monde","og_description":"Enfants du Monde erm\u00f6glicht es den Jugendlichen, ihre Kenntnisse \u00fcber die Sexualit\u00e4t zu verbessern, damit sie ihre Entscheidungen in Kenntnis der Sachlage treffen k\u00f6nnen.","og_url":"https:\/\/edm.ch\/de\/sexuelle-und-reproduktive-gesundheit\/","og_site_name":"Enfants du monde","article_modified_time":"2024-09-24T13:21:03+00:00","twitter_card":"summary_large_image","schema":{"@context":"https:\/\/schema.org","@graph":[{"@type":"WebPage","@id":"https:\/\/edm.ch\/de\/sexuelle-und-reproduktive-gesundheit\/","url":"https:\/\/edm.ch\/de\/sexuelle-und-reproduktive-gesundheit\/","name":"Sexuelle und reproduktive Gesundheit - Enfants du Monde","isPartOf":{"@id":"https:\/\/edm.ch\/en\/#website"},"datePublished":"2023-08-11T15:38:58+00:00","dateModified":"2024-09-24T13:21:03+00:00","description":"Enfants du Monde erm\u00f6glicht es den Jugendlichen, ihre Kenntnisse \u00fcber die Sexualit\u00e4t zu verbessern, damit sie ihre Entscheidungen in Kenntnis der Sachlage treffen k\u00f6nnen.","inLanguage":"de-DE","potentialAction":[{"@type":"ReadAction","target":["https:\/\/edm.ch\/de\/sexuelle-und-reproduktive-gesundheit\/"]}]},{"@type":"WebSite","@id":"https:\/\/edm.ch\/en\/#website","url":"https:\/\/edm.ch\/en\/","name":"Enfants du monde","description":"Association suisse","potentialAction":[{"@type":"SearchAction","target":{"@type":"EntryPoint","urlTemplate":"https:\/\/edm.ch\/en\/?s={search_term_string}"},"query-input":{"@type":"PropertyValueSpecification","valueRequired":true,"valueName":"search_term_string"}}],"inLanguage":"de-DE"}]}},"_links":{"self":[{"href":"https:\/\/edm.ch\/de\/wp-json\/wp\/v2\/pages\/7625","targetHints":{"allow":["GET"]}}],"collection":[{"href":"https:\/\/edm.ch\/de\/wp-json\/wp\/v2\/pages"}],"about":[{"href":"https:\/\/edm.ch\/de\/wp-json\/wp\/v2\/types\/page"}],"author":[{"embeddable":true,"href":"https:\/\/edm.ch\/de\/wp-json\/wp\/v2\/users\/3"}],"replies":[{"embeddable":true,"href":"https:\/\/edm.ch\/de\/wp-json\/wp\/v2\/comments?post=7625"}],"version-history":[{"count":19,"href":"https:\/\/edm.ch\/de\/wp-json\/wp\/v2\/pages\/7625\/revisions"}],"predecessor-version":[{"id":32556,"href":"https:\/\/edm.ch\/de\/wp-json\/wp\/v2\/pages\/7625\/revisions\/32556"}],"wp:attachment":[{"href":"https:\/\/edm.ch\/de\/wp-json\/wp\/v2\/media?parent=7625"}],"curies":[{"name":"wp","href":"https:\/\/api.w.org\/{rel}","templated":true}]}}