{"id":7598,"date":"2023-08-16T13:51:51","date_gmt":"2023-08-16T13:51:51","guid":{"rendered":"https:\/\/edm.ch\/?page_id=7598"},"modified":"2023-08-28T17:13:20","modified_gmt":"2023-08-28T17:13:20","slug":"praevention-unterernaehrung","status":"publish","type":"page","link":"https:\/\/edm.ch\/de\/praevention-unterernaehrung\/","title":{"rendered":"Vermeidung von Unterern\u00e4hrung"},"content":{"rendered":"<section class=\"subpageBanner\" style=\"display:\">\n    <div class=\"subpageBannerBlock figure_block\">\n        <img decoding=\"async\" data-src=\"https:\/\/edm.ch\/wp-content\/uploads\/2023\/08\/Enfants-du-monde_website_image-1430_banner-2500x800_.png\" src=\"data:image\/svg+xml;base64,PHN2ZyB3aWR0aD0iMSIgaGVpZ2h0PSIxIiB4bWxucz0iaHR0cDovL3d3dy53My5vcmcvMjAwMC9zdmciPjwvc3ZnPg==\" class=\"lazyload\" style=\"--smush-placeholder-width: 2500px; --smush-placeholder-aspect-ratio: 2500\/800;\" data-srcset=\"https:\/\/edm.ch\/wp-content\/uploads\/2023\/08\/Enfants-du-monde_website_image-1430_banner-2500x800_.png 2500w, https:\/\/edm.ch\/wp-content\/uploads\/2023\/08\/Enfants-du-monde_website_image-1430_banner-2500x800_-300x96.png 300w, https:\/\/edm.ch\/wp-content\/uploads\/2023\/08\/Enfants-du-monde_website_image-1430_banner-2500x800_-1024x328.png 1024w, https:\/\/edm.ch\/wp-content\/uploads\/2023\/08\/Enfants-du-monde_website_image-1430_banner-2500x800_-768x246.png 768w, https:\/\/edm.ch\/wp-content\/uploads\/2023\/08\/Enfants-du-monde_website_image-1430_banner-2500x800_-1536x492.png 1536w, https:\/\/edm.ch\/wp-content\/uploads\/2023\/08\/Enfants-du-monde_website_image-1430_banner-2500x800_-2048x655.png 2048w\" data-sizes=\"auto\" data-original-sizes=\"(max-width: 2500px) 100vw, 2500px\" \/>\n        <div class=\"subpageBannerWrap\">\n            <div class=\"container\">\n                <div class=\"content\">\n                    <div>\n                        <span class=\"bannerHead\"><\/span>\n                        <h1>Vermeidung von Unterern\u00e4hrung<\/h1>\n                    <\/div>\n                                    <\/div>\n            <\/div>\n        <\/div>\n            <\/div>\n<\/section>\n<script type=\"text\/javascript\">\n    jQuery(document).ready(function ($) {\n        \/\/ Check if the block exists\n        var bannerSection = $('#subpage-banner-section');\n\n        if (bannerSection.length > 0) {\n            \/\/ Move the block to the end of <main> just before the footer\n            $('main').append(bannerSection); \/\/ This will append it inside the <main> tag\n        }\n\n        $('.documentAccordion').on('click', function (e) {\n            e.preventDefault();  \/\/ Prevent default link action\n\n            \/\/ Target the section with the given ID\n            $('html, body').animate({\n                scrollTop: $('#subpage-banner-section').offset().top - 200\n            }, 1000);\n        });\n    });\n<\/script>\n\n\n        <section class=\" countSec\" style=\"display:\">\n        <div class=\"container\">\n            <div class=\"countHolder\">\n                <h2>Im Jahr 2022<\/h2>\n                <div class=\"countBlock\">\n                    <div class=\"countRow\">\n\n                        \n                            <div class=\"countCol\">\n                                <div class=\"countColInner\">\n                                    <div class=\"imgBlock\">\n                                    <img decoding=\"async\" data-src=\"https:\/\/edm.ch\/wp-content\/uploads\/2023\/08\/Picto-enfant.png\" src=\"data:image\/svg+xml;base64,PHN2ZyB3aWR0aD0iMSIgaGVpZ2h0PSIxIiB4bWxucz0iaHR0cDovL3d3dy53My5vcmcvMjAwMC9zdmciPjwvc3ZnPg==\" class=\"lazyload\" style=\"--smush-placeholder-width: 160px; --smush-placeholder-aspect-ratio: 160\/160;\" data-srcset=\"https:\/\/edm.ch\/wp-content\/uploads\/2023\/08\/Picto-enfant.png 160w, https:\/\/edm.ch\/wp-content\/uploads\/2023\/08\/Picto-enfant-150x150.png 150w\" data-sizes=\"auto\" data-original-sizes=\"(max-width: 160px) 100vw, 160px\" \/>\n                                    <\/div>\n                                    <div class=\"content\">\n                                    <h2>810<\/h2>\n                                    <p>Sch\u00fcler*innen haben an der Ern\u00e4hrungserziehung teilgenommen<\/p>\n                                    <\/div>\n                                <\/div>\n                            <\/div>\n\n                        \n                            <div class=\"countCol\">\n                                <div class=\"countColInner\">\n                                    <div class=\"imgBlock\">\n                                    <img decoding=\"async\" data-src=\"https:\/\/edm.ch\/wp-content\/uploads\/2023\/08\/Picto-medecin.png\" src=\"data:image\/svg+xml;base64,PHN2ZyB3aWR0aD0iMSIgaGVpZ2h0PSIxIiB4bWxucz0iaHR0cDovL3d3dy53My5vcmcvMjAwMC9zdmciPjwvc3ZnPg==\" class=\"lazyload\" style=\"--smush-placeholder-width: 160px; --smush-placeholder-aspect-ratio: 160\/160;\" data-srcset=\"https:\/\/edm.ch\/wp-content\/uploads\/2023\/08\/Picto-medecin.png 160w, https:\/\/edm.ch\/wp-content\/uploads\/2023\/08\/Picto-medecin-150x150.png 150w\" data-sizes=\"auto\" data-original-sizes=\"(max-width: 160px) 100vw, 160px\" \/>\n                                    <\/div>\n                                    <div class=\"content\">\n                                    <h2>37<\/h2>\n                                    <p>Eltern von Sch\u00fcler*innen wurden sensibilisiert<\/p>\n                                    <\/div>\n                                <\/div>\n                            <\/div>\n\n                        \n                            <div class=\"countCol\">\n                                <div class=\"countColInner\">\n                                    <div class=\"imgBlock\">\n                                    <img decoding=\"async\" data-src=\"https:\/\/edm.ch\/wp-content\/uploads\/2023\/08\/Picto-enseignant-2.png\" src=\"data:image\/svg+xml;base64,PHN2ZyB3aWR0aD0iMSIgaGVpZ2h0PSIxIiB4bWxucz0iaHR0cDovL3d3dy53My5vcmcvMjAwMC9zdmciPjwvc3ZnPg==\" class=\"lazyload\" style=\"--smush-placeholder-width: 160px; --smush-placeholder-aspect-ratio: 160\/160;\" data-srcset=\"https:\/\/edm.ch\/wp-content\/uploads\/2023\/08\/Picto-enseignant-2.png 160w, https:\/\/edm.ch\/wp-content\/uploads\/2023\/08\/Picto-enseignant-2-150x150.png 150w\" data-sizes=\"auto\" data-original-sizes=\"(max-width: 160px) 100vw, 160px\" \/>\n                                    <\/div>\n                                    <div class=\"content\">\n                                    <h2>19<\/h2>\n                                    <p>Mitglieder des Lehrk\u00f6rpers wurden ausgebildet<\/p>\n                                    <\/div>\n                                <\/div>\n                            <\/div>\n\n                        \n                    <\/div>\n                <\/div>\n                <div class=\"countBlockText\"><p><\/p><\/div>\n            <\/div>\n        <\/div>\n    <\/section>\n\n        <section class=\"contentSec\" style=\"display:\">\n        <div class=\"container\">\n            <div class=\"contentBlock\">\n                <h5>Enfants du Monde beugt Untern\u00e4herung in den Schulen vor<\/h5>\n                <p><span lang=\"de-CH\">In den Schulen bilden wir Lehrkr\u00e4fte aus und entwickeln spielerische und lehrreiche Aktivit\u00e4ten, um den Kindern und ihren Eltern die Prinzipien einer gesunden und nahrhaften Ern\u00e4hrung basierend auf lokalen Produkten zu vermitteln, um Unterern\u00e4hrung vorzubeugen und die Resilienz zu f\u00f6rdern.<\/span><\/p>\n                            <\/div>\n        <\/div>\n    <\/section>\n\n\n    \n    <section class=\"leftTextRightImg \" style=\"display:\">\n        <div class=\"container\">\n            <div class=\"leftTextRightImgRow\">\n                                    <div class=\"right\">\n                                                    <div class=\"imgBlock\">\n                                <a class=\"figure_block\" href=\"https:\/\/edm.ch\/wp-content\/uploads\/2023\/08\/6598.png\" data-fancybox data-caption=\"\">\n                                    <img decoding=\"async\" data-src=\"https:\/\/edm.ch\/wp-content\/uploads\/2023\/08\/6598.png\" src=\"data:image\/svg+xml;base64,PHN2ZyB3aWR0aD0iMSIgaGVpZ2h0PSIxIiB4bWxucz0iaHR0cDovL3d3dy53My5vcmcvMjAwMC9zdmciPjwvc3ZnPg==\" class=\"lazyload\" style=\"--smush-placeholder-width: 1920px; --smush-placeholder-aspect-ratio: 1920\/1920;\" data-srcset=\"https:\/\/edm.ch\/wp-content\/uploads\/2023\/08\/6598.png 1920w, https:\/\/edm.ch\/wp-content\/uploads\/2023\/08\/6598-300x300.png 300w, https:\/\/edm.ch\/wp-content\/uploads\/2023\/08\/6598-1024x1024.png 1024w, https:\/\/edm.ch\/wp-content\/uploads\/2023\/08\/6598-150x150.png 150w, https:\/\/edm.ch\/wp-content\/uploads\/2023\/08\/6598-768x768.png 768w, https:\/\/edm.ch\/wp-content\/uploads\/2023\/08\/6598-1536x1536.png 1536w\" data-sizes=\"auto\" data-original-sizes=\"(max-width: 1920px) 100vw, 1920px\" \/>\n                                                                    <\/a>\n                                <figcaption><\/figcaption>\n                            <\/div>\n                                            <\/div>\n                                                    <div class=\"left\">\n                        <div class=\"content\">\n                            <h3>                                Weitergabe der Grunds\u00e4tze einer nahrhaften und gesunden Ern\u00e4hrung an die Kinder in Ambanja <small><\/small>\n                            <\/h3>                                                            <p align=\"left\">Um Mangelern\u00e4hrung zu bek\u00e4mpfen, hat unser Team verschiedene Handb\u00fccher und Spiele entwickelt, mit denen Lehrer\/innen den Sch\u00fcler\/innen die Grunds\u00e4tze einer nahrhaften und gesunden Ern\u00e4hrung vermitteln k\u00f6nnen.<\/p>\n<ul>\n<li>\n<p align=\"left\"><strong>Ein Leitfaden f\u00fcr Lehrer\/innen<\/strong>, der Theorie und Praxis miteinander verbindet. Der Leitfaden enth\u00e4lt grundlegende Informationen \u00fcber Ern\u00e4hrungsprinzipien, Hygiene und Mangelern\u00e4hrung sowie spielerische Aktivit\u00e4ten, die im Unterricht durchgef\u00fchrt werden k\u00f6nnen. Ziel ist es, die Ern\u00e4hrungsgewohnheiten der Sch\u00fcler\/innen und ihrer Familien zu \u00e4ndern.<\/p>\n<\/li>\n<li>\n<p align=\"left\"><strong>Ein B\u00fcchlein in Form eines Comics f\u00fcr Kinder<\/strong>, dessen Geschichte auf drei madagassischen Figuren beruht, mit denen sich die Sch\u00fcler\/innen leicht identifizieren k\u00f6nnen. Sie entdecken die Grunds\u00e4tze einer nahrhaften, gesunden und abwechslungsreichen Ern\u00e4hrung, die an die lokalen Essgewohnheiten angepasst sind.<\/p>\n<\/li>\n<\/ul>\n                                                                                                            <\/div>\n                    <\/div>\n                            <\/div>\n        <\/div>\n    <\/section>\n\n\n    <section class=\"activitySec\" style=\"display:\">\n      <div class=\"container\">\n        <div class=\"secTitle\">\n            <h2>In der Praxis in den Einsatzl\u00e4ndern<\/h2>\n        <\/div>\n        <div class=\"activityRow\">\n\n            \n                <div class=\"activityCol\">\n                    <div class=\"activityColInner\">\n                        <div class=\"imgBlock\">\n                            <a href=\"http:\/\/edm.ch\/de\/madagaskar-unterricht-zur-ernaehrung\/\">                                <img decoding=\"async\" data-src=\"https:\/\/edm.ch\/wp-content\/uploads\/2023\/08\/RS1429_Madagascar.png\" alt=\"EMD-img\" src=\"data:image\/svg+xml;base64,PHN2ZyB3aWR0aD0iMSIgaGVpZ2h0PSIxIiB4bWxucz0iaHR0cDovL3d3dy53My5vcmcvMjAwMC9zdmciPjwvc3ZnPg==\" class=\"lazyload\" style=\"--smush-placeholder-width: 1920px; --smush-placeholder-aspect-ratio: 1920\/1920;\" data-srcset=\"https:\/\/edm.ch\/wp-content\/uploads\/2023\/08\/RS1429_Madagascar.png 1920w, https:\/\/edm.ch\/wp-content\/uploads\/2023\/08\/RS1429_Madagascar-300x300.png 300w, https:\/\/edm.ch\/wp-content\/uploads\/2023\/08\/RS1429_Madagascar-1024x1024.png 1024w, https:\/\/edm.ch\/wp-content\/uploads\/2023\/08\/RS1429_Madagascar-150x150.png 150w, https:\/\/edm.ch\/wp-content\/uploads\/2023\/08\/RS1429_Madagascar-768x768.png 768w, https:\/\/edm.ch\/wp-content\/uploads\/2023\/08\/RS1429_Madagascar-1536x1536.png 1536w\" data-sizes=\"auto\" data-original-sizes=\"(max-width: 1920px) 100vw, 1920px\" \/>\n                            <\/a>                        <\/div>\n                        <div class=\"contentBlock\">\n                            <h3>Madagaskar<\/h3>\n                            <p align=\"left\">Seit Januar 2021, unerst\u00fctzt Enfants du Monde, in Zusammenarbeit mit der NGO CO.P.E., ein Pilotprojekt zur Ern\u00e4hrungsaufkl\u00e4rung in drei Primarschulen in Ambanja, im Norden des Landes.<\/p>\n                                                            <a href=\"http:\/\/edm.ch\/de\/madagaskar-unterricht-zur-ernaehrung\/\" class=\"btnWhite\">Mehr erfahren<\/a>\n                                                    <\/div>\n                    <\/div>\n                <\/div>\n\n                        \n        <\/div>\n      <\/div>\n    <\/section>\n\n\n    \n    <section class=\"quoteImage rightTextLeftImg \" style=\"display:\">\n        <div class=\"container\">\n            <div class=\"rightTextLeftImgRow\">\n                                    <div class=\"left\">\n                                                    <div class=\"imgBlock\">\n                                <a class=\"figure_block\" href=\"https:\/\/edm.ch\/wp-content\/uploads\/2023\/08\/7045.png\" data-fancybox data-caption=\"\">\n                                    <img decoding=\"async\" data-src=\"https:\/\/edm.ch\/wp-content\/uploads\/2023\/08\/7045.png\" src=\"data:image\/svg+xml;base64,PHN2ZyB3aWR0aD0iMSIgaGVpZ2h0PSIxIiB4bWxucz0iaHR0cDovL3d3dy53My5vcmcvMjAwMC9zdmciPjwvc3ZnPg==\" class=\"lazyload\" style=\"--smush-placeholder-width: 1920px; --smush-placeholder-aspect-ratio: 1920\/1920;\" data-srcset=\"https:\/\/edm.ch\/wp-content\/uploads\/2023\/08\/7045.png 1920w, https:\/\/edm.ch\/wp-content\/uploads\/2023\/08\/7045-300x300.png 300w, https:\/\/edm.ch\/wp-content\/uploads\/2023\/08\/7045-1024x1024.png 1024w, https:\/\/edm.ch\/wp-content\/uploads\/2023\/08\/7045-150x150.png 150w, https:\/\/edm.ch\/wp-content\/uploads\/2023\/08\/7045-768x768.png 768w, https:\/\/edm.ch\/wp-content\/uploads\/2023\/08\/7045-1536x1536.png 1536w\" data-sizes=\"auto\" data-original-sizes=\"(max-width: 1920px) 100vw, 1920px\" \/>\n                                                                    <\/a>\n                                <figcaption><\/figcaption>\n                            <\/div>\n                                            <\/div>\n                                                    <div class=\"right\">\n                        <div class=\"content\">\n                            <h4>                                Sylvia Newkeze <small>Direktorin des privaten Kindergartens Mangafally<\/small>\n                            <\/h4>                            <div class=\"quote\">                                <p align=\"left\">Dieses Projekt ist wichtig f\u00fcr uns und die Kinder, da wir lernen, lokale Lebensmittel besser zu kochen. Die Lehrb\u00fccher erm\u00f6glichen es uns, unser Wissen \u00fcber gute Ern\u00e4hrung zu vertiefen und machen uns unabh\u00e4ngig bei der Vermittlung dieses Wissens an unsere Sch\u00fcler\/innen.<\/p>\n                            <\/div>                                                                                <\/div>\n                    <\/div>\n                            <\/div>\n        <\/div>\n    <\/section>\n\n\n    <section class=\"donation_count\" style=\"display:\">\n        <div class=\"inner_row\">\n            <div class=\"right_img_block\">\n                <div class=\"img_block figure_block\">\n                    <img decoding=\"async\" data-src=\"https:\/\/edm.ch\/wp-content\/uploads\/2023\/08\/6586.png\" alt=\"\" src=\"data:image\/svg+xml;base64,PHN2ZyB3aWR0aD0iMSIgaGVpZ2h0PSIxIiB4bWxucz0iaHR0cDovL3d3dy53My5vcmcvMjAwMC9zdmciPjwvc3ZnPg==\" class=\"lazyload\" style=\"--smush-placeholder-width: 1920px; --smush-placeholder-aspect-ratio: 1920\/1920;\" data-srcset=\"https:\/\/edm.ch\/wp-content\/uploads\/2023\/08\/6586.png 1920w, https:\/\/edm.ch\/wp-content\/uploads\/2023\/08\/6586-300x300.png 300w, https:\/\/edm.ch\/wp-content\/uploads\/2023\/08\/6586-1024x1024.png 1024w, https:\/\/edm.ch\/wp-content\/uploads\/2023\/08\/6586-150x150.png 150w, https:\/\/edm.ch\/wp-content\/uploads\/2023\/08\/6586-768x768.png 768w, https:\/\/edm.ch\/wp-content\/uploads\/2023\/08\/6586-1536x1536.png 1536w\" data-sizes=\"auto\" data-original-sizes=\"(max-width: 1920px) 100vw, 1920px\">\n                                    <\/div>\n            <\/div>\n            <div class=\"left_txt_block\">\n                <div class=\"txt_contents\">\n                    <h3>Meine Spende wirkt<\/h3>\n                    <div class=\"block_txts\">\n                                                    <div class=\"item\">\n                                <span class=\"title\">Zum Beispiel:<\/span>\n                                <p><\/p>\n                            <\/div>\n                                                    <div class=\"item\">\n                                <span class=\"title\">Mit 75 Franken<\/span>\n                                <p>Ich schenke 30 Sch\u00fcler*innen in Madagaskar ein Heft \u00fcber Ern\u00e4hrungsgrunds\u00e4tze.    <\/p>\n                            <\/div>\n                                                    <div class=\"item\">\n                                <span class=\"title\">Mit 100 Franken<\/span>\n                                <p>Ich schenke 11 Lehrer*innen in Madagaskar ein Materialpaket, mit dem sie mit ihren Sch\u00fcler*innen  spielerische Aktivit\u00e4ten rund um das Thema Ern\u00e4hrung durchf\u00fchren k\u00f6nnen. <\/p>\n                            <\/div>\n                                                    <div class=\"item\">\n                                <span class=\"title\">Mit 150 Franken<\/span>\n                                <p>Ich biete 6 Lehrer*innen eine Schulung zur Pr\u00e4vention von Unterern\u00e4hrung in ihrer Schule an.<\/p>\n                            <\/div>\n                                                                            <a href=\"https:\/\/don.edm.ch\/de\" class=\"btnWhite buttonDonation\">\n                                Jetzt spenden                            <\/a>\n                                            <\/div>\n                <\/div>\n            <\/div>\n        <\/div>\n    <\/section>","protected":false},"excerpt":{"rendered":"","protected":false},"author":3,"featured_media":0,"parent":0,"menu_order":0,"comment_status":"closed","ping_status":"closed","template":"templates\/yellow-line-1.php","meta":{"_acf_changed":false,"inline_featured_image":false,"footnotes":""},"class_list":["post-7598","page","type-page","status-publish","hentry"],"acf":[],"yoast_head":"<!-- This site is optimized with the Yoast SEO plugin v26.9 - https:\/\/yoast.com\/product\/yoast-seo-wordpress\/ -->\n<title>Vorbeugung von Unterern\u00e4hrung - Madagaskar - Enfants du Monde<\/title>\n<meta name=\"description\" content=\"Enfants du Monde bildet Lehrerinnen und Lehrer aus und entwickelt Bildungsaktivit\u00e4ten, um Mangelern\u00e4hrung vorzubeugen und die Widerstandsf\u00e4higkeit zu f\u00f6rdern.\" \/>\n<meta name=\"robots\" content=\"index, follow, max-snippet:-1, max-image-preview:large, max-video-preview:-1\" \/>\n<link rel=\"canonical\" href=\"https:\/\/edm.ch\/de\/praevention-unterernaehrung\/\" \/>\n<meta property=\"og:locale\" content=\"de_DE\" \/>\n<meta property=\"og:type\" content=\"article\" \/>\n<meta property=\"og:title\" content=\"Vorbeugung von Unterern\u00e4hrung - Madagaskar - Enfants du Monde\" \/>\n<meta property=\"og:description\" content=\"Enfants du Monde bildet Lehrerinnen und Lehrer aus und entwickelt Bildungsaktivit\u00e4ten, um Mangelern\u00e4hrung vorzubeugen und die Widerstandsf\u00e4higkeit zu f\u00f6rdern.\" \/>\n<meta property=\"og:url\" content=\"https:\/\/edm.ch\/de\/praevention-unterernaehrung\/\" \/>\n<meta property=\"og:site_name\" content=\"Enfants du monde\" \/>\n<meta property=\"article:modified_time\" content=\"2023-08-28T17:13:20+00:00\" \/>\n<meta name=\"twitter:card\" content=\"summary_large_image\" \/>\n<script type=\"application\/ld+json\" class=\"yoast-schema-graph\">{\"@context\":\"https:\/\/schema.org\",\"@graph\":[{\"@type\":\"WebPage\",\"@id\":\"https:\/\/edm.ch\/de\/praevention-unterernaehrung\/\",\"url\":\"https:\/\/edm.ch\/de\/praevention-unterernaehrung\/\",\"name\":\"Vorbeugung von Unterern\u00e4hrung - Madagaskar - Enfants du Monde\",\"isPartOf\":{\"@id\":\"https:\/\/edm.ch\/en\/#website\"},\"datePublished\":\"2023-08-16T13:51:51+00:00\",\"dateModified\":\"2023-08-28T17:13:20+00:00\",\"description\":\"Enfants du Monde bildet Lehrerinnen und Lehrer aus und entwickelt Bildungsaktivit\u00e4ten, um Mangelern\u00e4hrung vorzubeugen und die Widerstandsf\u00e4higkeit zu f\u00f6rdern.\",\"inLanguage\":\"de-DE\",\"potentialAction\":[{\"@type\":\"ReadAction\",\"target\":[\"https:\/\/edm.ch\/de\/praevention-unterernaehrung\/\"]}]},{\"@type\":\"WebSite\",\"@id\":\"https:\/\/edm.ch\/en\/#website\",\"url\":\"https:\/\/edm.ch\/en\/\",\"name\":\"Enfants du monde\",\"description\":\"Association suisse\",\"potentialAction\":[{\"@type\":\"SearchAction\",\"target\":{\"@type\":\"EntryPoint\",\"urlTemplate\":\"https:\/\/edm.ch\/en\/?s={search_term_string}\"},\"query-input\":{\"@type\":\"PropertyValueSpecification\",\"valueRequired\":true,\"valueName\":\"search_term_string\"}}],\"inLanguage\":\"de-DE\"}]}<\/script>\n<!-- \/ Yoast SEO plugin. -->","yoast_head_json":{"title":"Vorbeugung von Unterern\u00e4hrung - Madagaskar - Enfants du Monde","description":"Enfants du Monde bildet Lehrerinnen und Lehrer aus und entwickelt Bildungsaktivit\u00e4ten, um Mangelern\u00e4hrung vorzubeugen und die Widerstandsf\u00e4higkeit zu f\u00f6rdern.","robots":{"index":"index","follow":"follow","max-snippet":"max-snippet:-1","max-image-preview":"max-image-preview:large","max-video-preview":"max-video-preview:-1"},"canonical":"https:\/\/edm.ch\/de\/praevention-unterernaehrung\/","og_locale":"de_DE","og_type":"article","og_title":"Vorbeugung von Unterern\u00e4hrung - Madagaskar - Enfants du Monde","og_description":"Enfants du Monde bildet Lehrerinnen und Lehrer aus und entwickelt Bildungsaktivit\u00e4ten, um Mangelern\u00e4hrung vorzubeugen und die Widerstandsf\u00e4higkeit zu f\u00f6rdern.","og_url":"https:\/\/edm.ch\/de\/praevention-unterernaehrung\/","og_site_name":"Enfants du monde","article_modified_time":"2023-08-28T17:13:20+00:00","twitter_card":"summary_large_image","schema":{"@context":"https:\/\/schema.org","@graph":[{"@type":"WebPage","@id":"https:\/\/edm.ch\/de\/praevention-unterernaehrung\/","url":"https:\/\/edm.ch\/de\/praevention-unterernaehrung\/","name":"Vorbeugung von Unterern\u00e4hrung - Madagaskar - Enfants du Monde","isPartOf":{"@id":"https:\/\/edm.ch\/en\/#website"},"datePublished":"2023-08-16T13:51:51+00:00","dateModified":"2023-08-28T17:13:20+00:00","description":"Enfants du Monde bildet Lehrerinnen und Lehrer aus und entwickelt Bildungsaktivit\u00e4ten, um Mangelern\u00e4hrung vorzubeugen und die Widerstandsf\u00e4higkeit zu f\u00f6rdern.","inLanguage":"de-DE","potentialAction":[{"@type":"ReadAction","target":["https:\/\/edm.ch\/de\/praevention-unterernaehrung\/"]}]},{"@type":"WebSite","@id":"https:\/\/edm.ch\/en\/#website","url":"https:\/\/edm.ch\/en\/","name":"Enfants du monde","description":"Association suisse","potentialAction":[{"@type":"SearchAction","target":{"@type":"EntryPoint","urlTemplate":"https:\/\/edm.ch\/en\/?s={search_term_string}"},"query-input":{"@type":"PropertyValueSpecification","valueRequired":true,"valueName":"search_term_string"}}],"inLanguage":"de-DE"}]}},"_links":{"self":[{"href":"https:\/\/edm.ch\/de\/wp-json\/wp\/v2\/pages\/7598","targetHints":{"allow":["GET"]}}],"collection":[{"href":"https:\/\/edm.ch\/de\/wp-json\/wp\/v2\/pages"}],"about":[{"href":"https:\/\/edm.ch\/de\/wp-json\/wp\/v2\/types\/page"}],"author":[{"embeddable":true,"href":"https:\/\/edm.ch\/de\/wp-json\/wp\/v2\/users\/3"}],"replies":[{"embeddable":true,"href":"https:\/\/edm.ch\/de\/wp-json\/wp\/v2\/comments?post=7598"}],"version-history":[{"count":15,"href":"https:\/\/edm.ch\/de\/wp-json\/wp\/v2\/pages\/7598\/revisions"}],"predecessor-version":[{"id":12517,"href":"https:\/\/edm.ch\/de\/wp-json\/wp\/v2\/pages\/7598\/revisions\/12517"}],"wp:attachment":[{"href":"https:\/\/edm.ch\/de\/wp-json\/wp\/v2\/media?parent=7598"}],"curies":[{"name":"wp","href":"https:\/\/api.w.org\/{rel}","templated":true}]}}