{"id":7051,"date":"2023-08-17T16:19:22","date_gmt":"2023-08-17T16:19:22","guid":{"rendered":"https:\/\/edm.ch\/?page_id=7051"},"modified":"2025-07-04T08:58:11","modified_gmt":"2025-07-04T08:58:11","slug":"datenschutzrichtlinie","status":"publish","type":"page","link":"https:\/\/edm.ch\/de\/datenschutzrichtlinie\/","title":{"rendered":"Datenschutzrichtlinie"},"content":{"rendered":"<section class=\"subpageBanner\" style=\"display:\">\n    <div class=\"subpageBannerBlock figure_block\">\n        <img decoding=\"async\" data-src=\"https:\/\/edm.ch\/wp-content\/uploads\/2023\/08\/Enfants-du-Monde_website_1920x1920_1432.png\" src=\"data:image\/svg+xml;base64,PHN2ZyB3aWR0aD0iMSIgaGVpZ2h0PSIxIiB4bWxucz0iaHR0cDovL3d3dy53My5vcmcvMjAwMC9zdmciPjwvc3ZnPg==\" class=\"lazyload\" style=\"--smush-placeholder-width: 1920px; --smush-placeholder-aspect-ratio: 1920\/1920;\" data-srcset=\"https:\/\/edm.ch\/wp-content\/uploads\/2023\/08\/Enfants-du-Monde_website_1920x1920_1432.png 1920w, https:\/\/edm.ch\/wp-content\/uploads\/2023\/08\/Enfants-du-Monde_website_1920x1920_1432-300x300.png 300w, https:\/\/edm.ch\/wp-content\/uploads\/2023\/08\/Enfants-du-Monde_website_1920x1920_1432-1024x1024.png 1024w, https:\/\/edm.ch\/wp-content\/uploads\/2023\/08\/Enfants-du-Monde_website_1920x1920_1432-150x150.png 150w, https:\/\/edm.ch\/wp-content\/uploads\/2023\/08\/Enfants-du-Monde_website_1920x1920_1432-768x768.png 768w, https:\/\/edm.ch\/wp-content\/uploads\/2023\/08\/Enfants-du-Monde_website_1920x1920_1432-1536x1536.png 1536w\" data-sizes=\"auto\" data-original-sizes=\"(max-width: 1920px) 100vw, 1920px\" \/>\n        <div class=\"subpageBannerWrap\">\n            <div class=\"container\">\n                <div class=\"content\">\n                    <div>\n                        <span class=\"bannerHead\"><\/span>\n                        <h1>Datenschutzrichtlinie<\/h1>\n                    <\/div>\n                                    <\/div>\n            <\/div>\n        <\/div>\n            <\/div>\n<\/section>\n<script type=\"text\/javascript\">\n    jQuery(document).ready(function ($) {\n        \/\/ Check if the block exists\n        var bannerSection = $('#subpage-banner-section');\n\n        if (bannerSection.length > 0) {\n            \/\/ Move the block to the end of <main> just before the footer\n            $('main').append(bannerSection); \/\/ This will append it inside the <main> tag\n        }\n\n        $('.documentAccordion').on('click', function (e) {\n            e.preventDefault();  \/\/ Prevent default link action\n\n            \/\/ Target the section with the given ID\n            $('html, body').animate({\n                scrollTop: $('#subpage-banner-section').offset().top - 200\n            }, 1000);\n        });\n    });\n<\/script>\n\n        <section class=\"contentSec\" style=\"display:\">\n        <div class=\"container\">\n            <div class=\"contentBlock\">\n                <h5><\/h5>\n                <p><em>Angesichts der Entwicklung neuer Kommunikationsmittel ist es notwendig, dem Schutz der Privatsph\u00e4re besondere Aufmerksamkeit zu widmen. Aus diesem Grund verpflichten wir uns, die Vertraulichkeit der von uns erhobenen personenbezogenen Daten zu wahren.<\/em><\/p>\n                            <\/div>\n        <\/div>\n    <\/section>\n\n        <section class=\"contentSec\" style=\"display:\">\n        <div class=\"container\">\n            <div class=\"contentBlock\">\n                <h5>Erhebung Ihrer personenbezogenen Daten<\/h5>\n                <p>Wenn Sie unsere Website besuchen, unseren Newsletter abonnieren, Informationsmaterial anfordern, eine einmalige oder regelm\u00e4\u00dfige Spende t\u00e4tigen oder auf eine Anzeige reagieren, \u00fcbermitteln Sie uns personenbezogene Daten.<\/p>\n<p>Die von uns erhobenen personenbezogenen Daten werden \u00fcber Formulare und durch die Interaktion zwischen Ihnen und unserer Website erfasst. Personenbezogene Daten werden unter keinen Umst\u00e4nden an Dritte weitergegeben. Wie im folgenden Abschnitt beschrieben, verwenden wir auch Cookies, um Informationen \u00fcber Sie zu sammeln.<\/p>\n<p>Die im Newsletter angeklickten Links und Themen werden beispielsweise gespeichert und mit Ihren personenbezogenen Daten verkn\u00fcpft.<\/p>\n<p>Wenn Sie unseren E-Newsletter (per E-Mail versandter Newsletter) abonnieren oder uns finanziell unterst\u00fctzen, entscheiden Sie sich, uns zu diesem bestimmten Zweck personenbezogene Daten \u00fcber die Online-Adressformulare zu \u00fcbermitteln.<\/p>\n                            <\/div>\n        <\/div>\n    <\/section>\n\n        <section class=\"contentSec\" style=\"display:\">\n        <div class=\"container\">\n            <div class=\"contentBlock\">\n                <h5>Verwendung von Cookies<\/h5>\n                <p>Cookies sind eindeutige Identifikatoren, die vom Server der Website auf Ihrem Ger\u00e4t gespeichert werden, damit unser System es wiedererkennen kann. Sie erm\u00f6glichen jedoch keine Identifizierung einer nat\u00fcrlichen Person.<\/p>\n<p>Wir verwenden Cookies, um Ihnen die Navigation auf der Website zu erleichtern und Ihnen Inhalte anzubieten, die Ihren Interessen entsprechen. Sie erm\u00f6glichen uns beispielsweise Folgendes:<\/p>\n<ul>\n<li>die letzte Suchanfrage, die Sie auf der Website eingegeben haben<\/li>\n<li>Ihre Pr\u00e4ferenzen hinsichtlich der Anzeigeoptionen<\/li>\n<li>Ihr Surfverhalten auf unserer Website, damit wir Ihnen keine Petition oder kein Formular anbieten, das Sie bereits unterschrieben haben.<\/li>\n<\/ul>\n<p>Sie k\u00f6nnen Cookies jederzeit ablehnen, indem Sie sie deaktivieren. \u00c4ndern Sie dazu die Einstellungen Ihres Browsers.<\/p>\n<p>Hinweis: Wenn Sie Cookies vollst\u00e4ndig deaktivieren, funktioniert die Website von Enfants du Monde Suisse m\u00f6glicherweise nicht mehr ordnungsgem\u00e4\u00df.<\/p>\n                            <\/div>\n        <\/div>\n    <\/section>\n\n        <section class=\"contentSec\" style=\"display:\">\n        <div class=\"container\">\n            <div class=\"contentBlock\">\n                <h5>Zweck der Erhebung Ihrer Daten<\/h5>\n                <p>Die erhobenen Daten werden entsprechend Ihrem Surfverhalten auf unserer Website f\u00fcr folgende Verarbeitungszwecke verwendet:<\/p>\n<ul>\n<li>Verwaltung Ihrer Spende<\/li>\n<li>Ausstellung Ihrer Spendenbescheinigung<\/li>\n<li>Versand von Informationen zu unseren Programmen und Spendenaufrufen<\/li>\n<li>Erfassung Ihrer Meinung und Durchf\u00fchrung von Umfragen<\/li>\n<li>Statistiken und Messung der Website-Nutzung<\/li>\n<\/ul>\n                            <\/div>\n        <\/div>\n    <\/section>\n\n        <section class=\"contentSec\" style=\"display:\">\n        <div class=\"container\">\n            <div class=\"contentBlock\">\n                <h5>Aufbewahrung Ihrer Daten<\/h5>\n                <p>Ihre Daten werden nur so lange aufbewahrt, wie es f\u00fcr die Erf\u00fcllung der oben genannten Zwecke unbedingt erforderlich ist.<\/p>\n                            <\/div>\n        <\/div>\n    <\/section>\n\n        <section class=\"contentSec\" style=\"display:\">\n        <div class=\"container\">\n            <div class=\"contentBlock\">\n                <h5>Verarbeitung Ihrer Daten<\/h5>\n                <p>Enfants du Monde h\u00e4lt sich an die schweizerischen Datenschutzbestimmungen. Ihre Daten werden vertraulich behandelt und nicht an Dritte weitergegeben. Wir verwalten Ihre Adressdaten selbst und vermieten oder verkaufen keine Adressen. Ihre Daten werden unter keinen Umst\u00e4nden zu kommerziellen Zwecken an Dritte weitergegeben. Enfants du Monde beh\u00e4lt sich jedoch vor, Ihre Daten zu verwenden, um Sie um finanzielle Unterst\u00fctzung zu bitten.<\/p>\n<p>Ihre Daten werden intern von unseren zust\u00e4ndigen Abteilungen verarbeitet oder an vertrauensw\u00fcrdige Dienstleister weitergegeben, mit denen wir zusammenarbeiten (z. B. eine Druckerei). In diesem Fall werden unseren Dienstleistern nur die Informationen \u00fcbermittelt, die f\u00fcr die oben genannten Zwecke erforderlich sind (z. B. Ihr Name und Ihre Adresse).<\/p>\n                            <\/div>\n        <\/div>\n    <\/section>\n\n        <section class=\"contentSec\" style=\"display:\">\n        <div class=\"container\">\n            <div class=\"contentBlock\">\n                <h5>Ihre Rechte<\/h5>\n                <p>Wir verpflichten uns, Ihnen ein Widerspruchs- und Widerrufsrecht hinsichtlich Ihrer personenbezogenen Daten zu gew\u00e4hren.<\/p>\n<p>Das Widerspruchsrecht versteht sich als die M\u00f6glichkeit f\u00fcr Internetnutzer, der Verwendung ihrer personenbezogenen Daten f\u00fcr bestimmte, bei der Erhebung genannte Zwecke zu widersprechen.<\/p>\n<p>Das Recht auf Widerruf ist die M\u00f6glichkeit f\u00fcr Internetnutzer, zu verlangen, dass ihre personenbezogenen Daten beispielsweise aus einer Mailingliste gel\u00f6scht werden.<\/p>\n<p>Wir verpflichten uns au\u00dferdem, den betroffenen Personen ein Recht auf Zugang und Berichtigung zu gew\u00e4hren, wenn sie die sie betreffenden Daten einsehen, \u00e4ndern oder l\u00f6schen m\u00f6chten (einschlie\u00dflich der Berichtigung von Daten im Zusammenhang mit der Zusendung von Mitteilungen per Post).<\/p>\n<p>Sie k\u00f6nnen Ihre Rechte jederzeit geltend machen, indem Sie sich an uns wenden:<\/p>\n<p>Per Post: Rue de Varemb\u00e9 1, 1202 Genf<\/p>\n<p>Per E-Mail: <a href=\"mailto:info@edm.ch\"><b><u>info@edm.ch<\/u><\/b><\/a><\/p>\n<p>Per Telefon: +41 (0) 22 798 88 81<\/p>\n<p>Auf der Website: <a href=\"https:\/\/www.edm.ch\/fr\/contact-fr\"><b><u>https:\/\/www.edm.ch\/fr\/contact-fr<\/u><\/b><\/a><\/p>\n                            <\/div>\n        <\/div>\n    <\/section>\n\n        <section class=\"contentSec\" style=\"display:\">\n        <div class=\"container\">\n            <div class=\"contentBlock\">\n                <h5>Sicherheitsma\u00dfnahmen<\/h5>\n                <p>Die von uns erfassten personenbezogenen Daten werden in einer sicheren Umgebung gespeichert. Die f\u00fcr uns t\u00e4tigen Personen und Dienstleister sind zur Vertraulichkeit Ihrer Daten verpflichtet.<\/p>\n<p>Um die Sicherheit Ihrer personenbezogenen Daten zu gew\u00e4hrleisten, ergreifen wir folgende Ma\u00dfnahmen:<\/p>\n<ul>\n<li>SSL-Protokoll (Secure Sockets Layer)<\/li>\n<li>Zugriffsverwaltung \u2013 befugte Personen<\/li>\n<li>Zugriffsverwaltung \u2013 betroffene Personen<\/li>\n<li>Datensicherung<\/li>\n<li>Benutzername\/Passwort<\/li>\n<li>Firewalls<\/li>\n<\/ul>\n<p>Als Verantwortlicher f\u00fcr die Verarbeitung Ihrer Daten trifft Enfants du Monde alle erforderlichen Vorkehrungen, um die Sicherheit und Vertraulichkeit der Daten zu gew\u00e4hrleisten und insbesondere zu verhindern, dass sie verf\u00e4lscht oder besch\u00e4digt werden oder dass unbefugte Dritte Zugriff darauf erhalten. Da jedoch kein Mechanismus maximale Sicherheit bieten kann, besteht bei der \u00dcbertragung personenbezogener Daten \u00fcber das Internet immer ein gewisses Risiko.<\/p>\n                            <\/div>\n        <\/div>\n    <\/section>\n\n        <section class=\"contentSec\" style=\"display:\">\n        <div class=\"container\">\n            <div class=\"contentBlock\">\n                <h5>Gesetzgebung<\/h5>\n                <p>Wir verpflichten uns zur Einhaltung der gesetzlichen Bestimmungen des Schweizer Datenschutzgesetzes.<\/p>\n<p>&nbsp;<\/p>\n<p>&nbsp;<\/p>\n<p>&nbsp;<\/p>\n<p><em>Diese Datenschutzerkl\u00e4rung wurde zuletzt aktualisiert am: 04.07.2025<\/em><\/p>\n                            <\/div>\n        <\/div>\n    <\/section>","protected":false},"excerpt":{"rendered":"","protected":false},"author":3,"featured_media":0,"parent":0,"menu_order":0,"comment_status":"closed","ping_status":"closed","template":"templates\/yellow-line-1.php","meta":{"_acf_changed":false,"inline_featured_image":false,"footnotes":""},"class_list":["post-7051","page","type-page","status-publish","hentry"],"acf":[],"yoast_head":"<!-- This site is optimized with the Yoast SEO plugin v26.9 - https:\/\/yoast.com\/product\/yoast-seo-wordpress\/ -->\n<title>Datenschutzrichtlinie - Enfants du monde<\/title>\n<meta name=\"robots\" content=\"index, follow, max-snippet:-1, max-image-preview:large, max-video-preview:-1\" \/>\n<link rel=\"canonical\" href=\"https:\/\/edm.ch\/de\/datenschutzrichtlinie\/\" \/>\n<meta property=\"og:locale\" content=\"de_DE\" \/>\n<meta property=\"og:type\" content=\"article\" \/>\n<meta property=\"og:title\" content=\"Datenschutzrichtlinie - Enfants du monde\" \/>\n<meta property=\"og:url\" content=\"https:\/\/edm.ch\/de\/datenschutzrichtlinie\/\" \/>\n<meta property=\"og:site_name\" content=\"Enfants du monde\" \/>\n<meta property=\"article:modified_time\" content=\"2025-07-04T08:58:11+00:00\" \/>\n<meta name=\"twitter:card\" content=\"summary_large_image\" \/>\n<script type=\"application\/ld+json\" class=\"yoast-schema-graph\">{\"@context\":\"https:\/\/schema.org\",\"@graph\":[{\"@type\":\"WebPage\",\"@id\":\"https:\/\/edm.ch\/de\/datenschutzrichtlinie\/\",\"url\":\"https:\/\/edm.ch\/de\/datenschutzrichtlinie\/\",\"name\":\"Datenschutzrichtlinie - Enfants du monde\",\"isPartOf\":{\"@id\":\"https:\/\/edm.ch\/en\/#website\"},\"datePublished\":\"2023-08-17T16:19:22+00:00\",\"dateModified\":\"2025-07-04T08:58:11+00:00\",\"inLanguage\":\"de-DE\",\"potentialAction\":[{\"@type\":\"ReadAction\",\"target\":[\"https:\/\/edm.ch\/de\/datenschutzrichtlinie\/\"]}]},{\"@type\":\"WebSite\",\"@id\":\"https:\/\/edm.ch\/en\/#website\",\"url\":\"https:\/\/edm.ch\/en\/\",\"name\":\"Enfants du monde\",\"description\":\"Association suisse\",\"potentialAction\":[{\"@type\":\"SearchAction\",\"target\":{\"@type\":\"EntryPoint\",\"urlTemplate\":\"https:\/\/edm.ch\/en\/?s={search_term_string}\"},\"query-input\":{\"@type\":\"PropertyValueSpecification\",\"valueRequired\":true,\"valueName\":\"search_term_string\"}}],\"inLanguage\":\"de-DE\"}]}<\/script>\n<!-- \/ Yoast SEO plugin. -->","yoast_head_json":{"title":"Datenschutzrichtlinie - Enfants du monde","robots":{"index":"index","follow":"follow","max-snippet":"max-snippet:-1","max-image-preview":"max-image-preview:large","max-video-preview":"max-video-preview:-1"},"canonical":"https:\/\/edm.ch\/de\/datenschutzrichtlinie\/","og_locale":"de_DE","og_type":"article","og_title":"Datenschutzrichtlinie - Enfants du monde","og_url":"https:\/\/edm.ch\/de\/datenschutzrichtlinie\/","og_site_name":"Enfants du monde","article_modified_time":"2025-07-04T08:58:11+00:00","twitter_card":"summary_large_image","schema":{"@context":"https:\/\/schema.org","@graph":[{"@type":"WebPage","@id":"https:\/\/edm.ch\/de\/datenschutzrichtlinie\/","url":"https:\/\/edm.ch\/de\/datenschutzrichtlinie\/","name":"Datenschutzrichtlinie - Enfants du monde","isPartOf":{"@id":"https:\/\/edm.ch\/en\/#website"},"datePublished":"2023-08-17T16:19:22+00:00","dateModified":"2025-07-04T08:58:11+00:00","inLanguage":"de-DE","potentialAction":[{"@type":"ReadAction","target":["https:\/\/edm.ch\/de\/datenschutzrichtlinie\/"]}]},{"@type":"WebSite","@id":"https:\/\/edm.ch\/en\/#website","url":"https:\/\/edm.ch\/en\/","name":"Enfants du monde","description":"Association suisse","potentialAction":[{"@type":"SearchAction","target":{"@type":"EntryPoint","urlTemplate":"https:\/\/edm.ch\/en\/?s={search_term_string}"},"query-input":{"@type":"PropertyValueSpecification","valueRequired":true,"valueName":"search_term_string"}}],"inLanguage":"de-DE"}]}},"_links":{"self":[{"href":"https:\/\/edm.ch\/de\/wp-json\/wp\/v2\/pages\/7051","targetHints":{"allow":["GET"]}}],"collection":[{"href":"https:\/\/edm.ch\/de\/wp-json\/wp\/v2\/pages"}],"about":[{"href":"https:\/\/edm.ch\/de\/wp-json\/wp\/v2\/types\/page"}],"author":[{"embeddable":true,"href":"https:\/\/edm.ch\/de\/wp-json\/wp\/v2\/users\/3"}],"replies":[{"embeddable":true,"href":"https:\/\/edm.ch\/de\/wp-json\/wp\/v2\/comments?post=7051"}],"version-history":[{"count":7,"href":"https:\/\/edm.ch\/de\/wp-json\/wp\/v2\/pages\/7051\/revisions"}],"predecessor-version":[{"id":36321,"href":"https:\/\/edm.ch\/de\/wp-json\/wp\/v2\/pages\/7051\/revisions\/36321"}],"wp:attachment":[{"href":"https:\/\/edm.ch\/de\/wp-json\/wp\/v2\/media?parent=7051"}],"curies":[{"name":"wp","href":"https:\/\/api.w.org\/{rel}","templated":true}]}}