{"id":5194,"date":"2023-08-11T14:02:34","date_gmt":"2023-08-11T13:02:34","guid":{"rendered":"https:\/\/edm.ch\/?page_id=5194"},"modified":"2025-11-18T15:17:29","modified_gmt":"2025-11-18T15:17:29","slug":"mitglied-werden","status":"publish","type":"page","link":"https:\/\/edm.ch\/de\/mitglied-werden\/","title":{"rendered":"Mitglied werden"},"content":{"rendered":"<section class=\"subpageBanner\" style=\"display:\">\n    <div class=\"subpageBannerBlock figure_block\">\n        <img decoding=\"async\" data-src=\"https:\/\/edm.ch\/wp-content\/uploads\/2023\/08\/Enfants_du_monde_website_image_banner_membre_3.png\" src=\"data:image\/svg+xml;base64,PHN2ZyB3aWR0aD0iMSIgaGVpZ2h0PSIxIiB4bWxucz0iaHR0cDovL3d3dy53My5vcmcvMjAwMC9zdmciPjwvc3ZnPg==\" class=\"lazyload\" style=\"--smush-placeholder-width: 2500px; --smush-placeholder-aspect-ratio: 2500\/1080;\" data-srcset=\"https:\/\/edm.ch\/wp-content\/uploads\/2023\/08\/Enfants_du_monde_website_image_banner_membre_3.png 2500w, https:\/\/edm.ch\/wp-content\/uploads\/2023\/08\/Enfants_du_monde_website_image_banner_membre_3-300x130.png 300w, https:\/\/edm.ch\/wp-content\/uploads\/2023\/08\/Enfants_du_monde_website_image_banner_membre_3-1024x442.png 1024w, https:\/\/edm.ch\/wp-content\/uploads\/2023\/08\/Enfants_du_monde_website_image_banner_membre_3-768x332.png 768w, https:\/\/edm.ch\/wp-content\/uploads\/2023\/08\/Enfants_du_monde_website_image_banner_membre_3-1536x664.png 1536w, https:\/\/edm.ch\/wp-content\/uploads\/2023\/08\/Enfants_du_monde_website_image_banner_membre_3-2048x885.png 2048w\" data-sizes=\"auto\" data-original-sizes=\"(max-width: 2500px) 100vw, 2500px\" \/>\n        <div class=\"subpageBannerWrap\">\n            <div class=\"container\">\n                <div class=\"content\">\n                    <div>\n                        <span class=\"bannerHead\"><\/span>\n                        <h1>Mitglied von Enfants du Monde werden<\/h1>\n                    <\/div>\n                                    <\/div>\n            <\/div>\n        <\/div>\n            <\/div>\n<\/section>\n<script type=\"text\/javascript\">\n    jQuery(document).ready(function ($) {\n        \/\/ Check if the block exists\n        var bannerSection = $('#subpage-banner-section');\n\n        if (bannerSection.length > 0) {\n            \/\/ Move the block to the end of <main> just before the footer\n            $('main').append(bannerSection); \/\/ This will append it inside the <main> tag\n        }\n\n        $('.documentAccordion').on('click', function (e) {\n            e.preventDefault();  \/\/ Prevent default link action\n\n            \/\/ Target the section with the given ID\n            $('html, body').animate({\n                scrollTop: $('#subpage-banner-section').offset().top - 200\n            }, 1000);\n        });\n    });\n<\/script>\n\n\n    \n    <section class=\"rightTextLeftImg \" style=\"display:\">\n        <div class=\"container\">\n            <div class=\"rightTextLeftImgRow\">\n                                    <div class=\"left\">\n                                                    <div class=\"imgBlock\">\n                                <a class=\"figure_block\" href=\"https:\/\/edm.ch\/wp-content\/uploads\/2023\/08\/Enfants_du_monde_website_image_apercu_membre.png\" data-fancybox data-caption=\"\">\n                                    <img decoding=\"async\" data-src=\"https:\/\/edm.ch\/wp-content\/uploads\/2023\/08\/Enfants_du_monde_website_image_apercu_membre.png\" src=\"data:image\/svg+xml;base64,PHN2ZyB3aWR0aD0iMSIgaGVpZ2h0PSIxIiB4bWxucz0iaHR0cDovL3d3dy53My5vcmcvMjAwMC9zdmciPjwvc3ZnPg==\" class=\"lazyload\" style=\"--smush-placeholder-width: 1920px; --smush-placeholder-aspect-ratio: 1920\/1920;\" data-srcset=\"https:\/\/edm.ch\/wp-content\/uploads\/2023\/08\/Enfants_du_monde_website_image_apercu_membre.png 1920w, https:\/\/edm.ch\/wp-content\/uploads\/2023\/08\/Enfants_du_monde_website_image_apercu_membre-300x300.png 300w, https:\/\/edm.ch\/wp-content\/uploads\/2023\/08\/Enfants_du_monde_website_image_apercu_membre-1024x1024.png 1024w, https:\/\/edm.ch\/wp-content\/uploads\/2023\/08\/Enfants_du_monde_website_image_apercu_membre-150x150.png 150w, https:\/\/edm.ch\/wp-content\/uploads\/2023\/08\/Enfants_du_monde_website_image_apercu_membre-768x768.png 768w, https:\/\/edm.ch\/wp-content\/uploads\/2023\/08\/Enfants_du_monde_website_image_apercu_membre-1536x1536.png 1536w\" data-sizes=\"auto\" data-original-sizes=\"(max-width: 1920px) 100vw, 1920px\" \/>\n                                                                    <\/a>\n                                <figcaption><\/figcaption>\n                            <\/div>\n                                            <\/div>\n                                                    <div class=\"right\">\n                        <div class=\"content\">\n                            <h2>                                Sich f\u00fcr die humanit\u00e4re Arbeit einsetzen <small><\/small>\n                            <\/h2>                                                            <p align=\"left\"><span lang=\"fr-CH\">Enfants du Monde ist eine Schweizer Hilfsorganisation mit Sitz in Genf, die 1968 gegr\u00fcndet wurde und sich seit \u00fcber 50 Jahren f\u00fcr die Bildung und die Gesundheit von benachteiligten Kindern, M\u00fcttern und schwangeren Frauen einsetzt.<\/span><\/p>\n<p align=\"left\">\n<p align=\"left\"><span lang=\"fr-CH\">Die Hilfsorganisation unterst\u00fctzt einige der \u00e4rmsten L\u00e4nder in Afrika, Asien und Lateinamerika und bietet ihnen Zugang zu einer Bildung von Qualit\u00e4t sowie eine Gesundheitsversorgung f\u00fcr die \u00e4rmsten M\u00fctter und Kinder. Unsere Schweizer NGO setzt sich ebenfalls auf eine nachhaltige Art und Weise weltweit f\u00fcr die Ber\u00fccksichtigung und Umsetzung der Kinderrechte ein.<\/span><\/p>\n                                                                                                            <\/div>\n                    <\/div>\n                            <\/div>\n        <\/div>\n    <\/section>\n\n        <section class=\"contentSec\" style=\"display:\">\n        <div class=\"container\">\n            <div class=\"contentBlock\">\n                <h5>Enfants du Monde ist der Meinung, dass:<\/h5>\n                <ul>\n<li><span lang=\"fr-CH\">alle Kinder Recht auf eine hochwertige Schulbildung haben.<\/span><\/li>\n<li><span lang=\"fr-CH\">die Gesundheit von Mutter und Kind in der Verantwortung von uns allen liegt.<\/span><\/li>\n<\/ul>\n<p>&nbsp;<\/p>\n<p>Teilen Sie diese Ansicht? Sie k\u00f6nnen Ihr Engagement zeigen, indem Sie Mitglied werden und unserer Organisation<!-- https:\/\/www.edm.ch\/de\/hilfsorganisation --> beitreten!<\/p>\n                            <\/div>\n        <\/div>\n    <\/section>\n\n\n    \n    <section class=\"quoteImage rightTextLeftImg \" style=\"display:\">\n        <div class=\"container\">\n            <div class=\"rightTextLeftImgRow\">\n                                    <div class=\"left\">\n                                                    <div class=\"imgBlock\">\n                                <a class=\"figure_block\" href=\"https:\/\/edm.ch\/wp-content\/uploads\/2023\/08\/Enfants_du_monde_website_image_temoignage_membre.jpg\" data-fancybox data-caption=\"\">\n                                    <img decoding=\"async\" data-src=\"https:\/\/edm.ch\/wp-content\/uploads\/2023\/08\/Enfants_du_monde_website_image_temoignage_membre.jpg\" src=\"data:image\/svg+xml;base64,PHN2ZyB3aWR0aD0iMSIgaGVpZ2h0PSIxIiB4bWxucz0iaHR0cDovL3d3dy53My5vcmcvMjAwMC9zdmciPjwvc3ZnPg==\" class=\"lazyload\" style=\"--smush-placeholder-width: 499px; --smush-placeholder-aspect-ratio: 499\/326;\" data-srcset=\"https:\/\/edm.ch\/wp-content\/uploads\/2023\/08\/Enfants_du_monde_website_image_temoignage_membre.jpg 499w, https:\/\/edm.ch\/wp-content\/uploads\/2023\/08\/Enfants_du_monde_website_image_temoignage_membre-300x196.jpg 300w\" data-sizes=\"auto\" data-original-sizes=\"(max-width: 499px) 100vw, 499px\" \/>\n                                                                    <\/a>\n                                <figcaption><\/figcaption>\n                            <\/div>\n                                            <\/div>\n                                                    <div class=\"right\">\n                        <div class=\"content\">\n                            <h2>                                Daniel Benz, <small>Mitglied, Schweiz<\/small>\n                            <\/h2>                            <div class=\"quote\">                                <p align=\"left\">Wenn wir zaubern k\u00f6nnten, w\u00fcrden wir wohl auf einen Schlag allen benachteiligten Menschen helfen. Eine sch\u00f6ne Vorstellung \u2013 aber letztlich eine Illusion. Mit gef\u00e4llt deshalb, dass Enfants du Monde als Hilfswerk nicht der Versuchung erliegt, alles machen zu wollen, sondern ihre T\u00e4tigkeit auf einzelne Bereiche fokussiert und die Projekte entsprechend sorgf\u00e4ltig betreut. Das gibt mir als Mitglied das gute Gef\u00fchl, dass mein Beitrag im Kleinen viel bewirkt \u2013 real, nicht als Zauberei!<\/p>\n                            <\/div>                                                                                <\/div>\n                    <\/div>\n                            <\/div>\n        <\/div>\n    <\/section>\n\n        <section class=\"contentSec\" style=\"display:\">\n        <div class=\"container\">\n            <div class=\"contentBlock\">\n                <h5>Indem Sie Mitglied von Enfants du Monde werden: <\/h5>\n                <ul>\n<li><span lang=\"fr-CH\">geben Sie unserer Arbeit Gewicht und Legitimit\u00e4t.<\/span><\/li>\n<li><span lang=\"fr-CH\">haben Sie Stimmrecht an der Generalversammlung.<\/span><\/li>\n<li><span lang=\"fr-CH\">erhalten Sie unseren Jahresbericht.<\/span><\/li>\n<\/ul>\n<p><strong>Vielen Dank f\u00fcr Ihre Unterst\u00fctzung!<\/strong><\/p>\n                            <\/div>\n        <\/div>\n    <\/section>\n\n\n    <section class=\"donation_count\" style=\"display:\">\n        <div class=\"inner_row\">\n            <div class=\"right_img_block\">\n                <div class=\"img_block figure_block\">\n                    <img decoding=\"async\" data-src=\"https:\/\/edm.ch\/wp-content\/uploads\/2023\/08\/Enfants_du_monde_website_image_don_membre.png\" alt=\"\" src=\"data:image\/svg+xml;base64,PHN2ZyB3aWR0aD0iMSIgaGVpZ2h0PSIxIiB4bWxucz0iaHR0cDovL3d3dy53My5vcmcvMjAwMC9zdmciPjwvc3ZnPg==\" class=\"lazyload\" style=\"--smush-placeholder-width: 1920px; --smush-placeholder-aspect-ratio: 1920\/1920;\" data-srcset=\"https:\/\/edm.ch\/wp-content\/uploads\/2023\/08\/Enfants_du_monde_website_image_don_membre.png 1920w, https:\/\/edm.ch\/wp-content\/uploads\/2023\/08\/Enfants_du_monde_website_image_don_membre-300x300.png 300w, https:\/\/edm.ch\/wp-content\/uploads\/2023\/08\/Enfants_du_monde_website_image_don_membre-1024x1024.png 1024w, https:\/\/edm.ch\/wp-content\/uploads\/2023\/08\/Enfants_du_monde_website_image_don_membre-150x150.png 150w, https:\/\/edm.ch\/wp-content\/uploads\/2023\/08\/Enfants_du_monde_website_image_don_membre-768x768.png 768w, https:\/\/edm.ch\/wp-content\/uploads\/2023\/08\/Enfants_du_monde_website_image_don_membre-1536x1536.png 1536w\" data-sizes=\"auto\" data-original-sizes=\"(max-width: 1920px) 100vw, 1920px\">\n                                    <\/div>\n            <\/div>\n            <div class=\"left_txt_block\">\n                <div class=\"txt_contents\">\n                    <h3>Mitglied werden<\/h3>\n                    <div class=\"block_txts\">\n                                                    <div class=\"item\">\n                                <span class=\"title\">J\u00e4hrlich <\/span>\n                                <p><\/p>\n                            <\/div>\n                                                    <div class=\"item\">\n                                <span class=\"title\">50 Franken f\u00fcr Erwachsene<\/span>\n                                <p><\/p>\n                            <\/div>\n                                                    <div class=\"item\">\n                                <span class=\"title\">20 Franken bis unter 25 Jahre<\/span>\n                                <p><\/p>\n                            <\/div>\n                                                    <div class=\"item\">\n                                <span class=\"title\">200 Franken f\u00fcr Unternehmen<\/span>\n                                <p><\/p>\n                            <\/div>\n                                                                            <a href=\"https:\/\/don.edm.ch\/mitglied-werden\" class=\"btnWhite buttonDonation\">\n                                Mitglied werden                            <\/a>\n                                            <\/div>\n                <\/div>\n            <\/div>\n        <\/div>\n    <\/section>","protected":false},"excerpt":{"rendered":"","protected":false},"author":3,"featured_media":0,"parent":0,"menu_order":0,"comment_status":"closed","ping_status":"closed","template":"templates\/yellow-line-4.php","meta":{"_acf_changed":false,"inline_featured_image":false,"footnotes":""},"class_list":["post-5194","page","type-page","status-publish","hentry"],"acf":[],"yoast_head":"<!-- This site is optimized with the Yoast SEO plugin v26.9 - https:\/\/yoast.com\/product\/yoast-seo-wordpress\/ -->\n<title>Einem Verein helfen - Mitglied werden - Enfants du Monde<\/title>\n<meta name=\"description\" content=\"M\u00f6chten Sie einer Organisation und den Kindern in der Welt helfen? Mit einer Mitgliedschaft unterst\u00fctzen Sie ihr Recht auf Bildung und Gesundheit.\" \/>\n<meta name=\"robots\" content=\"index, follow, max-snippet:-1, max-image-preview:large, max-video-preview:-1\" \/>\n<link rel=\"canonical\" href=\"https:\/\/edm.ch\/de\/mitglied-werden\/\" \/>\n<meta property=\"og:locale\" content=\"de_DE\" \/>\n<meta property=\"og:type\" content=\"article\" \/>\n<meta property=\"og:title\" content=\"Einem Verein helfen - Mitglied werden - Enfants du Monde\" \/>\n<meta property=\"og:description\" content=\"M\u00f6chten Sie einer Organisation und den Kindern in der Welt helfen? Mit einer Mitgliedschaft unterst\u00fctzen Sie ihr Recht auf Bildung und Gesundheit.\" \/>\n<meta property=\"og:url\" content=\"https:\/\/edm.ch\/de\/mitglied-werden\/\" \/>\n<meta property=\"og:site_name\" content=\"Enfants du monde\" \/>\n<meta property=\"article:modified_time\" content=\"2025-11-18T15:17:29+00:00\" \/>\n<meta name=\"twitter:card\" content=\"summary_large_image\" \/>\n<script type=\"application\/ld+json\" class=\"yoast-schema-graph\">{\"@context\":\"https:\/\/schema.org\",\"@graph\":[{\"@type\":\"WebPage\",\"@id\":\"https:\/\/edm.ch\/de\/mitglied-werden\/\",\"url\":\"https:\/\/edm.ch\/de\/mitglied-werden\/\",\"name\":\"Einem Verein helfen - Mitglied werden - Enfants du Monde\",\"isPartOf\":{\"@id\":\"https:\/\/edm.ch\/en\/#website\"},\"datePublished\":\"2023-08-11T13:02:34+00:00\",\"dateModified\":\"2025-11-18T15:17:29+00:00\",\"description\":\"M\u00f6chten Sie einer Organisation und den Kindern in der Welt helfen? Mit einer Mitgliedschaft unterst\u00fctzen Sie ihr Recht auf Bildung und Gesundheit.\",\"inLanguage\":\"de-DE\",\"potentialAction\":[{\"@type\":\"ReadAction\",\"target\":[\"https:\/\/edm.ch\/de\/mitglied-werden\/\"]}]},{\"@type\":\"WebSite\",\"@id\":\"https:\/\/edm.ch\/en\/#website\",\"url\":\"https:\/\/edm.ch\/en\/\",\"name\":\"Enfants du monde\",\"description\":\"Association suisse\",\"potentialAction\":[{\"@type\":\"SearchAction\",\"target\":{\"@type\":\"EntryPoint\",\"urlTemplate\":\"https:\/\/edm.ch\/en\/?s={search_term_string}\"},\"query-input\":{\"@type\":\"PropertyValueSpecification\",\"valueRequired\":true,\"valueName\":\"search_term_string\"}}],\"inLanguage\":\"de-DE\"}]}<\/script>\n<!-- \/ Yoast SEO plugin. -->","yoast_head_json":{"title":"Einem Verein helfen - Mitglied werden - Enfants du Monde","description":"M\u00f6chten Sie einer Organisation und den Kindern in der Welt helfen? Mit einer Mitgliedschaft unterst\u00fctzen Sie ihr Recht auf Bildung und Gesundheit.","robots":{"index":"index","follow":"follow","max-snippet":"max-snippet:-1","max-image-preview":"max-image-preview:large","max-video-preview":"max-video-preview:-1"},"canonical":"https:\/\/edm.ch\/de\/mitglied-werden\/","og_locale":"de_DE","og_type":"article","og_title":"Einem Verein helfen - Mitglied werden - Enfants du Monde","og_description":"M\u00f6chten Sie einer Organisation und den Kindern in der Welt helfen? Mit einer Mitgliedschaft unterst\u00fctzen Sie ihr Recht auf Bildung und Gesundheit.","og_url":"https:\/\/edm.ch\/de\/mitglied-werden\/","og_site_name":"Enfants du monde","article_modified_time":"2025-11-18T15:17:29+00:00","twitter_card":"summary_large_image","schema":{"@context":"https:\/\/schema.org","@graph":[{"@type":"WebPage","@id":"https:\/\/edm.ch\/de\/mitglied-werden\/","url":"https:\/\/edm.ch\/de\/mitglied-werden\/","name":"Einem Verein helfen - Mitglied werden - Enfants du Monde","isPartOf":{"@id":"https:\/\/edm.ch\/en\/#website"},"datePublished":"2023-08-11T13:02:34+00:00","dateModified":"2025-11-18T15:17:29+00:00","description":"M\u00f6chten Sie einer Organisation und den Kindern in der Welt helfen? Mit einer Mitgliedschaft unterst\u00fctzen Sie ihr Recht auf Bildung und Gesundheit.","inLanguage":"de-DE","potentialAction":[{"@type":"ReadAction","target":["https:\/\/edm.ch\/de\/mitglied-werden\/"]}]},{"@type":"WebSite","@id":"https:\/\/edm.ch\/en\/#website","url":"https:\/\/edm.ch\/en\/","name":"Enfants du monde","description":"Association suisse","potentialAction":[{"@type":"SearchAction","target":{"@type":"EntryPoint","urlTemplate":"https:\/\/edm.ch\/en\/?s={search_term_string}"},"query-input":{"@type":"PropertyValueSpecification","valueRequired":true,"valueName":"search_term_string"}}],"inLanguage":"de-DE"}]}},"_links":{"self":[{"href":"https:\/\/edm.ch\/de\/wp-json\/wp\/v2\/pages\/5194","targetHints":{"allow":["GET"]}}],"collection":[{"href":"https:\/\/edm.ch\/de\/wp-json\/wp\/v2\/pages"}],"about":[{"href":"https:\/\/edm.ch\/de\/wp-json\/wp\/v2\/types\/page"}],"author":[{"embeddable":true,"href":"https:\/\/edm.ch\/de\/wp-json\/wp\/v2\/users\/3"}],"replies":[{"embeddable":true,"href":"https:\/\/edm.ch\/de\/wp-json\/wp\/v2\/comments?post=5194"}],"version-history":[{"count":18,"href":"https:\/\/edm.ch\/de\/wp-json\/wp\/v2\/pages\/5194\/revisions"}],"predecessor-version":[{"id":37975,"href":"https:\/\/edm.ch\/de\/wp-json\/wp\/v2\/pages\/5194\/revisions\/37975"}],"wp:attachment":[{"href":"https:\/\/edm.ch\/de\/wp-json\/wp\/v2\/media?parent=5194"}],"curies":[{"name":"wp","href":"https:\/\/api.w.org\/{rel}","templated":true}]}}