{"id":5123,"date":"2023-08-11T07:36:43","date_gmt":"2023-08-11T07:36:43","guid":{"rendered":"https:\/\/edm.ch\/?page_id=5123"},"modified":"2025-11-28T11:17:11","modified_gmt":"2025-11-28T11:17:11","slug":"unterricht-in-notsituationen","status":"publish","type":"page","link":"https:\/\/edm.ch\/de\/unterricht-in-notsituationen\/","title":{"rendered":"Unterricht in Notsituationen"},"content":{"rendered":"<section class=\"subpageBanner\" style=\"display:\">\n    <div class=\"subpageBannerBlock figure_block\">\n        <img decoding=\"async\" data-src=\"https:\/\/edm.ch\/wp-content\/uploads\/2023\/08\/Enfants_du_monde_website_image_banner_urgence_burkina.png\" src=\"data:image\/svg+xml;base64,PHN2ZyB3aWR0aD0iMSIgaGVpZ2h0PSIxIiB4bWxucz0iaHR0cDovL3d3dy53My5vcmcvMjAwMC9zdmciPjwvc3ZnPg==\" class=\"lazyload\" style=\"--smush-placeholder-width: 2500px; --smush-placeholder-aspect-ratio: 2500\/800;\" data-srcset=\"https:\/\/edm.ch\/wp-content\/uploads\/2023\/08\/Enfants_du_monde_website_image_banner_urgence_burkina.png 2500w, https:\/\/edm.ch\/wp-content\/uploads\/2023\/08\/Enfants_du_monde_website_image_banner_urgence_burkina-300x96.png 300w, https:\/\/edm.ch\/wp-content\/uploads\/2023\/08\/Enfants_du_monde_website_image_banner_urgence_burkina-1024x328.png 1024w, https:\/\/edm.ch\/wp-content\/uploads\/2023\/08\/Enfants_du_monde_website_image_banner_urgence_burkina-768x246.png 768w, https:\/\/edm.ch\/wp-content\/uploads\/2023\/08\/Enfants_du_monde_website_image_banner_urgence_burkina-1536x492.png 1536w, https:\/\/edm.ch\/wp-content\/uploads\/2023\/08\/Enfants_du_monde_website_image_banner_urgence_burkina-2048x655.png 2048w\" data-sizes=\"auto\" data-original-sizes=\"(max-width: 2500px) 100vw, 2500px\" \/>\n        <div class=\"subpageBannerWrap\">\n            <div class=\"container\">\n                <div class=\"content\">\n                    <div>\n                        <span class=\"bannerHead\"><\/span>\n                        <h1>Unterricht in Notsituationen<\/h1>\n                    <\/div>\n                                    <\/div>\n            <\/div>\n        <\/div>\n            <\/div>\n<\/section>\n<script type=\"text\/javascript\">\n    jQuery(document).ready(function ($) {\n        \/\/ Check if the block exists\n        var bannerSection = $('#subpage-banner-section');\n\n        if (bannerSection.length > 0) {\n            \/\/ Move the block to the end of <main> just before the footer\n            $('main').append(bannerSection); \/\/ This will append it inside the <main> tag\n        }\n\n        $('.documentAccordion').on('click', function (e) {\n            e.preventDefault();  \/\/ Prevent default link action\n\n            \/\/ Target the section with the given ID\n            $('html, body').animate({\n                scrollTop: $('#subpage-banner-section').offset().top - 200\n            }, 1000);\n        });\n    });\n<\/script>\n\n\n    \n    <section class=\"rightTextLeftImg \" style=\"display:\">\n        <div class=\"container\">\n            <div class=\"rightTextLeftImgRow\">\n                                    <div class=\"left\">\n                                                    <div class=\"imgBlock\">\n                                <a class=\"figure_block\" href=\"https:\/\/edm.ch\/wp-content\/uploads\/2023\/08\/Enfants_du_monde_website_image_enfants_burkina_faso.png\" data-fancybox data-caption=\"\">\n                                    <img decoding=\"async\" data-src=\"https:\/\/edm.ch\/wp-content\/uploads\/2023\/08\/Enfants_du_monde_website_image_enfants_burkina_faso.png\" src=\"data:image\/svg+xml;base64,PHN2ZyB3aWR0aD0iMSIgaGVpZ2h0PSIxIiB4bWxucz0iaHR0cDovL3d3dy53My5vcmcvMjAwMC9zdmciPjwvc3ZnPg==\" class=\"lazyload\" style=\"--smush-placeholder-width: 1920px; --smush-placeholder-aspect-ratio: 1920\/1920;\" data-srcset=\"https:\/\/edm.ch\/wp-content\/uploads\/2023\/08\/Enfants_du_monde_website_image_enfants_burkina_faso.png 1920w, https:\/\/edm.ch\/wp-content\/uploads\/2023\/08\/Enfants_du_monde_website_image_enfants_burkina_faso-300x300.png 300w, https:\/\/edm.ch\/wp-content\/uploads\/2023\/08\/Enfants_du_monde_website_image_enfants_burkina_faso-1024x1024.png 1024w, https:\/\/edm.ch\/wp-content\/uploads\/2023\/08\/Enfants_du_monde_website_image_enfants_burkina_faso-150x150.png 150w, https:\/\/edm.ch\/wp-content\/uploads\/2023\/08\/Enfants_du_monde_website_image_enfants_burkina_faso-768x768.png 768w, https:\/\/edm.ch\/wp-content\/uploads\/2023\/08\/Enfants_du_monde_website_image_enfants_burkina_faso-1536x1536.png 1536w\" data-sizes=\"auto\" data-original-sizes=\"(max-width: 1920px) 100vw, 1920px\" \/>\n                                                                    <\/a>\n                                <figcaption><\/figcaption>\n                            <\/div>\n                                            <\/div>\n                                                    <div class=\"right\">\n                        <div class=\"content\">\n                            <h3>                                Das Recht auf Bildung \u2013 auch in Zeiten bewaffneter Konflik <small><\/small>\n                            <\/h3>                                                            <p align=\"left\">In Burkina Faso haben Angriffe bewaffneter Gruppen eine Massenvertreibung ausgel\u00f6st. Tausende Schulen wurden geschlossen. Millionen von Kindern wird der Schulbesuch verwehrt. Dabei ist die Schule f\u00fcr viele nicht nur ein Ort des Lernens, sondern auch ein Platz, an dem sie sich sicher f\u00fchlen. Denn in Krisenzeiten ist die Gefahr von Gewalt gegen Kinder noch gr\u00f6sser.<\/p>\n<p align=\"left\">Seit 2020 l\u00e4uft in Burkina Faso ausserdem ein Notfallbildungsrojekt, das Kindern, die aufgrund der prek\u00e4ren Sicherheitslage fl\u00fcchten mussten, den Schulbesuch erm\u00f6glicht.<\/p>\n                                                                                                            <\/div>\n                    <\/div>\n                            <\/div>\n        <\/div>\n    <\/section>\n\n        <section class=\"contentSec\" style=\"display:\">\n        <div class=\"container\">\n            <div class=\"contentBlock\">\n                <h5>So heben wir uns von anderen ab<\/h5>\n                <ul>\n<li>Um den Bev\u00f6lkerungsbewegungen gerecht zu werden, bauen wir zusammen mit der lokalen Bev\u00f6lkerung tempor\u00e4re (z. B. indem wir ungenutzte R\u00e4ume umnutzen) oder auch verschiebbare Klassenzimmer (leichte Konstruktionen) mit dem vor Ort zur Verf\u00fcgung stehenden Material.<\/li>\n<li><span lang=\"fr-CH\">Wir helfen den Sch\u00fcler*innen dabei, administrative Dokumente wie Geburtsurkunden oder Identit\u00e4tsausweise zu erhalten, damit sie sich an der Schule anmelden k\u00f6nnen.<\/span><\/li>\n<li><span lang=\"fr-CH\">Wir bieten Nachhilfekurse und beschleunigte Ausbildungen f\u00fcr jene Kinder, die mit einem Wissensr\u00fcckstand starten. <\/span><\/li>\n<li><span lang=\"fr-CH\">Ausserdem verteilen wir Material (Schulbedarf, Hygienekits f\u00fcr die M\u00e4dchen, Velos f\u00fcr Kinder mit weiten Schulwegen, Solarlampen, um auch am Abend noch lernen zu k\u00f6nnen) an diejenigen, die diese Unterst\u00fctzung besonders ben\u00f6tigen.<\/span><\/li>\n<\/ul>\n                            <\/div>\n        <\/div>\n    <\/section>\n\n\n    \n    <section class=\"quoteImage rightTextLeftImg \" style=\"display:\">\n        <div class=\"container\">\n            <div class=\"rightTextLeftImgRow\">\n                                    <div class=\"left\">\n                                                    <div class=\"imgBlock\">\n                                <a class=\"figure_block\" href=\"https:\/\/edm.ch\/wp-content\/uploads\/2023\/08\/Enfants_du_monde_website_image_salfo_burkina_faso.png\" data-fancybox data-caption=\"\">\n                                    <img decoding=\"async\" data-src=\"https:\/\/edm.ch\/wp-content\/uploads\/2023\/08\/Enfants_du_monde_website_image_salfo_burkina_faso.png\" src=\"data:image\/svg+xml;base64,PHN2ZyB3aWR0aD0iMSIgaGVpZ2h0PSIxIiB4bWxucz0iaHR0cDovL3d3dy53My5vcmcvMjAwMC9zdmciPjwvc3ZnPg==\" class=\"lazyload\" style=\"--smush-placeholder-width: 1920px; --smush-placeholder-aspect-ratio: 1920\/1920;\" data-srcset=\"https:\/\/edm.ch\/wp-content\/uploads\/2023\/08\/Enfants_du_monde_website_image_salfo_burkina_faso.png 1920w, https:\/\/edm.ch\/wp-content\/uploads\/2023\/08\/Enfants_du_monde_website_image_salfo_burkina_faso-300x300.png 300w, https:\/\/edm.ch\/wp-content\/uploads\/2023\/08\/Enfants_du_monde_website_image_salfo_burkina_faso-1024x1024.png 1024w, https:\/\/edm.ch\/wp-content\/uploads\/2023\/08\/Enfants_du_monde_website_image_salfo_burkina_faso-150x150.png 150w, https:\/\/edm.ch\/wp-content\/uploads\/2023\/08\/Enfants_du_monde_website_image_salfo_burkina_faso-768x768.png 768w, https:\/\/edm.ch\/wp-content\/uploads\/2023\/08\/Enfants_du_monde_website_image_salfo_burkina_faso-1536x1536.png 1536w\" data-sizes=\"auto\" data-original-sizes=\"(max-width: 1920px) 100vw, 1920px\" \/>\n                                                                    <\/a>\n                                <figcaption><\/figcaption>\n                            <\/div>\n                                            <\/div>\n                                                    <div class=\"right\">\n                        <div class=\"content\">\n                            <h2>                                Salfo, <small>10 Jahre, mit seiner Familie vertrieben, Burkina Faso<\/small>\n                            <\/h2>                            <div class=\"quote\">                                <p align=\"left\">Die Schule in meinem Dorf wurde aufgrund der Angriffe geschlossen. In dieser Schule hier bin ich gl\u00fccklich und habe keine Angst mehr.<\/p>\n                            <\/div>                                                                                <\/div>\n                    <\/div>\n                            <\/div>\n        <\/div>\n    <\/section>\n\n\n    <section class=\"activitySec\" style=\"display:\">\n      <div class=\"container\">\n        <div class=\"secTitle\">\n            <h2>In der Praxis in den Einsatzl\u00e4ndern <\/h2>\n        <\/div>\n        <div class=\"activityRow\">\n\n            \n                <div class=\"activityCol\">\n                    <div class=\"activityColInner\">\n                        <div class=\"imgBlock\">\n                            <a href=\"https:\/\/edm.ch\/de\/schulunterricht-in-notsituationen\/\">                                <img decoding=\"async\" data-src=\"https:\/\/edm.ch\/wp-content\/uploads\/2023\/08\/6437.png\" alt=\"EMD-img\" src=\"data:image\/svg+xml;base64,PHN2ZyB3aWR0aD0iMSIgaGVpZ2h0PSIxIiB4bWxucz0iaHR0cDovL3d3dy53My5vcmcvMjAwMC9zdmciPjwvc3ZnPg==\" class=\"lazyload\" style=\"--smush-placeholder-width: 1920px; --smush-placeholder-aspect-ratio: 1920\/1920;\" data-srcset=\"https:\/\/edm.ch\/wp-content\/uploads\/2023\/08\/6437.png 1920w, https:\/\/edm.ch\/wp-content\/uploads\/2023\/08\/6437-300x300.png 300w, https:\/\/edm.ch\/wp-content\/uploads\/2023\/08\/6437-1024x1024.png 1024w, https:\/\/edm.ch\/wp-content\/uploads\/2023\/08\/6437-150x150.png 150w, https:\/\/edm.ch\/wp-content\/uploads\/2023\/08\/6437-768x768.png 768w, https:\/\/edm.ch\/wp-content\/uploads\/2023\/08\/6437-1536x1536.png 1536w\" data-sizes=\"auto\" data-original-sizes=\"(max-width: 1920px) 100vw, 1920px\" \/>\n                            <\/a>                        <\/div>\n                        <div class=\"contentBlock\">\n                            <h3>Burkina Faso<\/h3>\n                            <p>In den Regionen Sahel, Centre-Nord, Centre-Est, Boucle du Mouhoun und Est verbessern unsere Teams in der Schweiz und vor Ort den Zugang, zu Bildung f\u00fcr Kinder im schulpflichtigen Alter (3-17 Jahre), die vertrieben wurden, gefl\u00fcchtet sind oder aus gef\u00e4hrdeten Gastfamilien kommen.<\/p>\n                                                            <a href=\"https:\/\/edm.ch\/de\/schulunterricht-in-notsituationen\/\" class=\"btnWhite\">Mehr erfahren<\/a>\n                                                    <\/div>\n                    <\/div>\n                <\/div>\n\n            \n                <div class=\"activityCol\">\n                    <div class=\"activityColInner\">\n                        <div class=\"imgBlock\">\n                            <a href=\"https:\/\/edm.ch\/de\/tschad-bildung-gefluchtete-kinder-sudan\/\">                                <img decoding=\"async\" data-src=\"https:\/\/edm.ch\/wp-content\/uploads\/2025\/03\/IMG_0219-1.jpg\" alt=\"EMD-img\" src=\"data:image\/svg+xml;base64,PHN2ZyB3aWR0aD0iMSIgaGVpZ2h0PSIxIiB4bWxucz0iaHR0cDovL3d3dy53My5vcmcvMjAwMC9zdmciPjwvc3ZnPg==\" class=\"lazyload\" style=\"--smush-placeholder-width: 3984px; --smush-placeholder-aspect-ratio: 3984\/2656;\" data-srcset=\"https:\/\/edm.ch\/wp-content\/uploads\/2025\/03\/IMG_0219-1.jpg 3984w, https:\/\/edm.ch\/wp-content\/uploads\/2025\/03\/IMG_0219-1-300x200.jpg 300w, https:\/\/edm.ch\/wp-content\/uploads\/2025\/03\/IMG_0219-1-1024x683.jpg 1024w, https:\/\/edm.ch\/wp-content\/uploads\/2025\/03\/IMG_0219-1-768x512.jpg 768w, https:\/\/edm.ch\/wp-content\/uploads\/2025\/03\/IMG_0219-1-1536x1024.jpg 1536w, https:\/\/edm.ch\/wp-content\/uploads\/2025\/03\/IMG_0219-1-2048x1365.jpg 2048w\" data-sizes=\"auto\" data-original-sizes=\"(max-width: 3984px) 100vw, 3984px\" \/>\n                            <\/a>                        <\/div>\n                        <div class=\"contentBlock\">\n                            <h3>Tschad<\/h3>\n                            <p>Bereitstellung <strong>einer sicheren und angemessenen Lernumgebung<\/strong> f\u00fcr sudanesische Jugendliche im Alter von 12 bis 17 Jahren im Lager Aboutengu\u00e9, die es ihnen erm\u00f6glicht, ihre Ausbildung wieder aufzunehmen oder fortzusetzen.<\/p>\n                                                            <a href=\"https:\/\/edm.ch\/de\/tschad-bildung-gefluchtete-kinder-sudan\/\" class=\"btnWhite\">Mehr erfahren<\/a>\n                                                    <\/div>\n                    <\/div>\n                <\/div>\n\n                        \n        <\/div>\n      <\/div>\n    <\/section>\n\n\n    <section class=\"donation_count\" style=\"display:\">\n        <div class=\"inner_row\">\n            <div class=\"right_img_block\">\n                <div class=\"img_block figure_block\">\n                    <img decoding=\"async\" data-src=\"https:\/\/edm.ch\/wp-content\/uploads\/2023\/08\/Enfants_du_monde_website_image_don_burkina_faso.png\" alt=\"\" src=\"data:image\/svg+xml;base64,PHN2ZyB3aWR0aD0iMSIgaGVpZ2h0PSIxIiB4bWxucz0iaHR0cDovL3d3dy53My5vcmcvMjAwMC9zdmciPjwvc3ZnPg==\" class=\"lazyload\" style=\"--smush-placeholder-width: 1920px; --smush-placeholder-aspect-ratio: 1920\/1920;\" data-srcset=\"https:\/\/edm.ch\/wp-content\/uploads\/2023\/08\/Enfants_du_monde_website_image_don_burkina_faso.png 1920w, https:\/\/edm.ch\/wp-content\/uploads\/2023\/08\/Enfants_du_monde_website_image_don_burkina_faso-300x300.png 300w, https:\/\/edm.ch\/wp-content\/uploads\/2023\/08\/Enfants_du_monde_website_image_don_burkina_faso-1024x1024.png 1024w, https:\/\/edm.ch\/wp-content\/uploads\/2023\/08\/Enfants_du_monde_website_image_don_burkina_faso-150x150.png 150w, https:\/\/edm.ch\/wp-content\/uploads\/2023\/08\/Enfants_du_monde_website_image_don_burkina_faso-768x768.png 768w, https:\/\/edm.ch\/wp-content\/uploads\/2023\/08\/Enfants_du_monde_website_image_don_burkina_faso-1536x1536.png 1536w\" data-sizes=\"auto\" data-original-sizes=\"(max-width: 1920px) 100vw, 1920px\">\n                                    <\/div>\n            <\/div>\n            <div class=\"left_txt_block\">\n                <div class=\"txt_contents\">\n                    <h3>Meine Spende macht einen Unterschied<\/h3>\n                    <div class=\"block_txts\">\n                                                    <div class=\"item\">\n                                <span class=\"title\">Zum Beispiel:<\/span>\n                                <p><\/p>\n                            <\/div>\n                                                    <div class=\"item\">\n                                <span class=\"title\">Mit 100 Franken<\/span>\n                                <p>Finanziere ich 14 Kindern in Burkina Faso ein zweisprachiges Schulbuch in Franz\u00f6sisch und Moor\u00e9.<\/p>\n                            <\/div>\n                                                    <div class=\"item\">\n                                <span class=\"title\">Mit 130 Franken<\/span>\n                                <p>Finanziere ich 433 Sch\u00fcler*innen in Guatemala ein zweisprachiges Schulbuch in Spanisch und einer Maya-Sprache.<\/p>\n                            <\/div>\n                                                                            <a href=\"https:\/\/don.edm.ch\/de\" class=\"btnWhite buttonDonation\">\n                                ICH SPENDE                            <\/a>\n                                            <\/div>\n                <\/div>\n            <\/div>\n        <\/div>\n    <\/section>","protected":false},"excerpt":{"rendered":"","protected":false},"author":3,"featured_media":0,"parent":0,"menu_order":0,"comment_status":"closed","ping_status":"closed","template":"templates\/yellow-line-5.php","meta":{"_acf_changed":false,"inline_featured_image":false,"footnotes":""},"class_list":["post-5123","page","type-page","status-publish","hentry"],"acf":[],"yoast_head":"<!-- This site is optimized with the Yoast SEO plugin v26.9 - https:\/\/yoast.com\/product\/yoast-seo-wordpress\/ -->\n<title>Unterricht in Notsituationen - Enfants du Monde<\/title>\n<meta name=\"description\" content=\"Seit 2020 f\u00fchrt Enfants du Monde Bildungsprojekte in Notsituationen durch, um vertriebene Kinder zur Schule zu schicken und zu sch\u00fctzen.\" \/>\n<meta name=\"robots\" content=\"index, follow, max-snippet:-1, max-image-preview:large, max-video-preview:-1\" \/>\n<link rel=\"canonical\" href=\"https:\/\/edm.ch\/de\/unterricht-in-notsituationen\/\" \/>\n<meta property=\"og:locale\" content=\"de_DE\" \/>\n<meta property=\"og:type\" content=\"article\" \/>\n<meta property=\"og:title\" content=\"Unterricht in Notsituationen - Enfants du Monde\" \/>\n<meta property=\"og:description\" content=\"Seit 2020 f\u00fchrt Enfants du Monde Bildungsprojekte in Notsituationen durch, um vertriebene Kinder zur Schule zu schicken und zu sch\u00fctzen.\" \/>\n<meta property=\"og:url\" content=\"https:\/\/edm.ch\/de\/unterricht-in-notsituationen\/\" \/>\n<meta property=\"og:site_name\" content=\"Enfants du monde\" \/>\n<meta property=\"article:modified_time\" content=\"2025-11-28T11:17:11+00:00\" \/>\n<meta name=\"twitter:card\" content=\"summary_large_image\" \/>\n<script type=\"application\/ld+json\" class=\"yoast-schema-graph\">{\"@context\":\"https:\/\/schema.org\",\"@graph\":[{\"@type\":\"WebPage\",\"@id\":\"https:\/\/edm.ch\/de\/unterricht-in-notsituationen\/\",\"url\":\"https:\/\/edm.ch\/de\/unterricht-in-notsituationen\/\",\"name\":\"Unterricht in Notsituationen - Enfants du Monde\",\"isPartOf\":{\"@id\":\"https:\/\/edm.ch\/en\/#website\"},\"datePublished\":\"2023-08-11T07:36:43+00:00\",\"dateModified\":\"2025-11-28T11:17:11+00:00\",\"description\":\"Seit 2020 f\u00fchrt Enfants du Monde Bildungsprojekte in Notsituationen durch, um vertriebene Kinder zur Schule zu schicken und zu sch\u00fctzen.\",\"inLanguage\":\"de-DE\",\"potentialAction\":[{\"@type\":\"ReadAction\",\"target\":[\"https:\/\/edm.ch\/de\/unterricht-in-notsituationen\/\"]}]},{\"@type\":\"WebSite\",\"@id\":\"https:\/\/edm.ch\/en\/#website\",\"url\":\"https:\/\/edm.ch\/en\/\",\"name\":\"Enfants du monde\",\"description\":\"Association suisse\",\"potentialAction\":[{\"@type\":\"SearchAction\",\"target\":{\"@type\":\"EntryPoint\",\"urlTemplate\":\"https:\/\/edm.ch\/en\/?s={search_term_string}\"},\"query-input\":{\"@type\":\"PropertyValueSpecification\",\"valueRequired\":true,\"valueName\":\"search_term_string\"}}],\"inLanguage\":\"de-DE\"}]}<\/script>\n<!-- \/ Yoast SEO plugin. -->","yoast_head_json":{"title":"Unterricht in Notsituationen - Enfants du Monde","description":"Seit 2020 f\u00fchrt Enfants du Monde Bildungsprojekte in Notsituationen durch, um vertriebene Kinder zur Schule zu schicken und zu sch\u00fctzen.","robots":{"index":"index","follow":"follow","max-snippet":"max-snippet:-1","max-image-preview":"max-image-preview:large","max-video-preview":"max-video-preview:-1"},"canonical":"https:\/\/edm.ch\/de\/unterricht-in-notsituationen\/","og_locale":"de_DE","og_type":"article","og_title":"Unterricht in Notsituationen - Enfants du Monde","og_description":"Seit 2020 f\u00fchrt Enfants du Monde Bildungsprojekte in Notsituationen durch, um vertriebene Kinder zur Schule zu schicken und zu sch\u00fctzen.","og_url":"https:\/\/edm.ch\/de\/unterricht-in-notsituationen\/","og_site_name":"Enfants du monde","article_modified_time":"2025-11-28T11:17:11+00:00","twitter_card":"summary_large_image","schema":{"@context":"https:\/\/schema.org","@graph":[{"@type":"WebPage","@id":"https:\/\/edm.ch\/de\/unterricht-in-notsituationen\/","url":"https:\/\/edm.ch\/de\/unterricht-in-notsituationen\/","name":"Unterricht in Notsituationen - Enfants du Monde","isPartOf":{"@id":"https:\/\/edm.ch\/en\/#website"},"datePublished":"2023-08-11T07:36:43+00:00","dateModified":"2025-11-28T11:17:11+00:00","description":"Seit 2020 f\u00fchrt Enfants du Monde Bildungsprojekte in Notsituationen durch, um vertriebene Kinder zur Schule zu schicken und zu sch\u00fctzen.","inLanguage":"de-DE","potentialAction":[{"@type":"ReadAction","target":["https:\/\/edm.ch\/de\/unterricht-in-notsituationen\/"]}]},{"@type":"WebSite","@id":"https:\/\/edm.ch\/en\/#website","url":"https:\/\/edm.ch\/en\/","name":"Enfants du monde","description":"Association suisse","potentialAction":[{"@type":"SearchAction","target":{"@type":"EntryPoint","urlTemplate":"https:\/\/edm.ch\/en\/?s={search_term_string}"},"query-input":{"@type":"PropertyValueSpecification","valueRequired":true,"valueName":"search_term_string"}}],"inLanguage":"de-DE"}]}},"_links":{"self":[{"href":"https:\/\/edm.ch\/de\/wp-json\/wp\/v2\/pages\/5123","targetHints":{"allow":["GET"]}}],"collection":[{"href":"https:\/\/edm.ch\/de\/wp-json\/wp\/v2\/pages"}],"about":[{"href":"https:\/\/edm.ch\/de\/wp-json\/wp\/v2\/types\/page"}],"author":[{"embeddable":true,"href":"https:\/\/edm.ch\/de\/wp-json\/wp\/v2\/users\/3"}],"replies":[{"embeddable":true,"href":"https:\/\/edm.ch\/de\/wp-json\/wp\/v2\/comments?post=5123"}],"version-history":[{"count":17,"href":"https:\/\/edm.ch\/de\/wp-json\/wp\/v2\/pages\/5123\/revisions"}],"predecessor-version":[{"id":38032,"href":"https:\/\/edm.ch\/de\/wp-json\/wp\/v2\/pages\/5123\/revisions\/38032"}],"wp:attachment":[{"href":"https:\/\/edm.ch\/de\/wp-json\/wp\/v2\/media?parent=5123"}],"curies":[{"name":"wp","href":"https:\/\/api.w.org\/{rel}","templated":true}]}}